{"id":4067,"date":"2018-06-02T11:09:57","date_gmt":"2018-06-02T10:09:57","guid":{"rendered":"https:\/\/tnd.ontesting.co.uk\/3d-photoner-ultragarsinio-ir-fotochrominio-poveikio-prietaisas\/"},"modified":"2021-06-26T03:26:54","modified_gmt":"2021-06-26T02:26:54","slug":"3d-photoner-ultragarsinio-ir-fotochrominio-poveikio-prietaisas","status":"publish","type":"product","link":"https:\/\/tiandeproducts.co.uk\/lt\/3d-photoner-ultragarsinio-ir-fotochrominio-poveikio-prietaisas\/","title":{"rendered":"&#8222;3D Photoner&#8221; ultragarsinio ir fotochrominio poveikio prietaisas"},"content":{"rendered":"<p><img decoding=\"async\" style=\"max-width: 16px; margin-right: 5px;\" src=\"https:\/\/tiandeproducts.co.uk\/wp-content\/uploads\/points-green.svg\" \/>\u00a0Earn 131 points worth \u00a36.55 when buying this product<\/p>\n<p>Aparatas pasi\u017eymi kompleksiniu fotochromo, ultragarso veikimu ir skirtas naudoti nam\u0173 s\u0105lygomis: ne\u0161iojamasis modelis numatytas kasdien\u0117ms individualioms chromoterapijos ir fonoforez\u0117s proced\u016broms. Chromoterapija arba spalv\u0173 terapija priskiriama alternatyviosios medicinos metodams. Spalvos ir \u0161viesa naudojama mentalin\u0117s, emocin\u0117s, dvasin\u0117s ir protin\u0117s k\u016bno energijos balansavimui. Kosmetinis prietaisas derina originali\u0105, efektyvaus ultragarsinio 3 MHz mikromas<span class=\"text_exposed_show\">a\u017eo ir lengvo fotochrominio spinduliavimo su pla\u010diu bangos ilgio spektru, metodik\u0105. \u0160\u012f prietais\u0105 saugu naudoti, jis neskausmingas ir nesukelia jokio diskomforto. Prietaisas rekomenduojamas am\u017eiaus sukelt\u0173 odos pakitim\u0173 korekcijai.<\/span><\/p>\n<p>Efektyvus fonoforezos ir chromoterapijos derinys geriausiam odos prie\u017ei\u016bros rezultatui!<\/p>\n<p>3 MHz da\u017enio ultragarso bang\u0173 generavimas &#8211; tai naujausias kosmetikos metodas, leid\u017eiantis itin tiksliai paveikti dermos (tikrosios odos) sluoksn\u012f ir sulaukti odos stangrinimo bei bendrojo atnaujinimo efekto.<br \/>\nM\u0117lynasis spektras idealiai tinka riebiai, probleminei ir por\u0117tai odai, pa\u017eeistai u\u017edegimo proces\u0173, komedon\u0173 ir spuog\u0173.<br \/>\nRaudonasis spektras tinka visiems odos tipams ir puikiai dera su bet kuriomis jauninan\u010diomis proced\u016bromis.<br \/>\n\u017daliasis spektras efektyviai ramina od\u0105, \u0161alina sudirginim\u0105 ir paraudim\u0105.<\/p>\n<p><strong>FOTOCHROMINIS SPINDULIAVIMAS U\u017dTIKRINA \u0160IUOS EFEKTUS:<\/strong><\/p>\n<p><strong>RAUDONA \u0160VIESA<\/strong><br \/>\n\u012esiskverbia \u012f od\u0105 8-10 mm gilumu, aktyvina fibrolast\u0173 veikl\u0105. Raudonojo spektro \u0161viesos spinduliavimas \u0161ildo, o tai gerina odos mikrocirkuliacij\u0105, aktyvina metabolizm\u0105, ma\u017eina rauk\u0161li\u0173 gyl\u012f, suteikia odai elastingumo ir lygumo.<\/p>\n<p><strong>M\u0116LYNA SPALVA<\/strong><br \/>\n\u012esiskverbia \u012f od\u0105 0,5 mm gilumu, tinka pri\u017ei\u016brint jautri\u0105, riebi\u0105 bei \u012f sudirgimus linkusi\u0105 od\u0105. M\u0117lynojo spektro \u0161viesos spinduliavimas skatina sebumo (riebal\u0173) i\u0161skyrimo reguliavim\u0105, padeda esant aknei, suteikia odai gaivios ir sveikos odos jausm\u0105. Veikimas m\u0117lynuoju spektru taip pat skatina por\u0173 atsiv\u0117rim\u0105, ramina sudirgim\u0105, mal\u0161ina spazmus, ma\u017eina odos paraudim\u0105.<\/p>\n<p><strong>\u017dALIA \u0160VIESA<\/strong><br \/>\nPasi\u017eymi raminan\u010diu poveikiu, sutraukia i\u0161sipl\u0117tusias kraujagysles, gerina audini\u0173 apr\u016bpinim\u0105 deguonimi, ramina sudirgusi\u0105 od\u0105, pa\u0161alina diskomfort\u0105. \u017daliojo spektro \u0161viesos spinduliavimas idealiai tinka mi\u0161rios odos tipui.<\/p>\n<p><strong>ULTRAGARSO POVEIKIS, FONOFOREZ\u0116<\/strong><br \/>\nPrietaisas skleid\u017eia 3 MHz da\u017enio ultragarso bangas, priver\u010dian\u010dias dermos (tikrosios odos) audinius keisti savo tank\u012f &#8211; susitraukti ir i\u0161sipl\u0117sti. \u0160velnus audini\u0173 masa\u017eas lygyje stipriai stimuliuoja od\u0105 netempiant ir nedeformuojant jos. Ultragarsu atliekamo masa\u017eo metu aktyvinama odos med\u017eiag\u0173 apykaita, didinamas kolageno ir elastino sintez\u0117s lygis. Mikromasa\u017eas teigiamai veikia riebal\u0173 liauk\u0173 darb\u0105, lygina odos pavir\u0161i\u0173, randus, likusius po akn\u0117s, sudirgimo sukeltus nelygumus.<\/p>\n","protected":false},"excerpt":{"rendered":"<p>\u00a0Earn 131 points worth \u00a36.55 when buying this product Aparatas pasi\u017eymi kompleksiniu fotochromo, ultragarso veikimu ir skirtas naudoti nam\u0173 s\u0105lygomis: ne\u0161iojamasis modelis numatytas kasdien\u0117ms individualioms chromoterapijos ir fonoforez\u0117s proced\u016broms. Chromoterapija arba spalv\u0173 terapija priskiriama alternatyviosios medicinos metodams. Spalvos ir \u0161viesa naudojama mentalin\u0117s, emocin\u0117s, dvasin\u0117s ir protin\u0117s k\u016bno energijos balansavimui. Kosmetinis prietaisas derina originali\u0105, efektyvaus ultragarsinio [&#8230;]\n","protected":false},"featured_media":1926,"comment_status":"closed","ping_status":"closed","template":"","meta":[],"product_cat":[461,613,467,482,606,506],"product_tag":[],"class_list":{"0":"post-4067","1":"product","2":"type-product","3":"status-publish","4":"has-post-thumbnail","6":"product_cat-aksesuarai","7":"product_cat-jaunai-odai","8":"product_cat-kosmetikos-reikmenys","9":"product_cat-masazas","10":"product_cat-papildoma-odos-prieziura","11":"product_cat-veidui","13":"first","14":"instock","15":"shipping-taxable","16":"purchasable","17":"product-type-simple"},"yoast_head":"<!-- This site is optimized with the Yoast SEO plugin v23.6 - https:\/\/yoast.com\/wordpress\/plugins\/seo\/ -->\n<title>&quot;3D Photoner&quot; ultragarsinio ir fotochrominio poveikio prietaisas - TianDe Online Shop - Beauty &amp; Health<\/title>\n<meta name=\"robots\" content=\"index, follow, max-snippet:-1, max-image-preview:large, max-video-preview:-1\" \/>\n<link rel=\"canonical\" href=\"https:\/\/tiandeproducts.co.uk\/lt\/3d-photoner-ultragarsinio-ir-fotochrominio-poveikio-prietaisas\/\" \/>\n<meta property=\"og:locale\" content=\"lt_LT\" \/>\n<meta property=\"og:type\" content=\"article\" \/>\n<meta property=\"og:title\" content=\"&quot;3D Photoner&quot; ultragarsinio ir fotochrominio poveikio prietaisas - TianDe Online Shop - Beauty &amp; Health\" \/>\n<meta property=\"og:description\" content=\"\u00a0Earn 131 points worth \u00a36.55 when buying this product Aparatas pasi\u017eymi kompleksiniu fotochromo, ultragarso veikimu ir skirtas naudoti nam\u0173 s\u0105lygomis: ne\u0161iojamasis modelis numatytas kasdien\u0117ms individualioms chromoterapijos ir fonoforez\u0117s proced\u016broms. Chromoterapija arba spalv\u0173 terapija priskiriama alternatyviosios medicinos metodams. Spalvos ir \u0161viesa naudojama mentalin\u0117s, emocin\u0117s, dvasin\u0117s ir protin\u0117s k\u016bno energijos balansavimui. Kosmetinis prietaisas derina originali\u0105, efektyvaus ultragarsinio [...]\" \/>\n<meta property=\"og:url\" content=\"https:\/\/tiandeproducts.co.uk\/lt\/3d-photoner-ultragarsinio-ir-fotochrominio-poveikio-prietaisas\/\" \/>\n<meta property=\"og:site_name\" content=\"TianDe Online Shop - Beauty &amp; Health\" \/>\n<meta property=\"article:publisher\" content=\"https:\/\/www.facebook.com\/tiande.products.england\/\" \/>\n<meta property=\"article:modified_time\" content=\"2021-06-26T02:26:54+00:00\" \/>\n<meta property=\"og:image\" content=\"https:\/\/tiandeproducts.co.uk\/wp-content\/uploads\/2018\/06\/90149.jpg\" \/>\n\t<meta property=\"og:image:width\" content=\"700\" \/>\n\t<meta property=\"og:image:height\" content=\"700\" \/>\n\t<meta property=\"og:image:type\" content=\"image\/jpeg\" \/>\n<meta name=\"twitter:card\" content=\"summary_large_image\" \/>\n<meta name=\"twitter:label1\" content=\"Est. reading time\" \/>\n\t<meta name=\"twitter:data1\" content=\"2 minut\u0117s\" \/>\n<script type=\"application\/ld+json\" class=\"yoast-schema-graph\">{\"@context\":\"https:\/\/schema.org\",\"@graph\":[{\"@type\":\"WebPage\",\"@id\":\"https:\/\/tiandeproducts.co.uk\/lt\/3d-photoner-ultragarsinio-ir-fotochrominio-poveikio-prietaisas\/\",\"url\":\"https:\/\/tiandeproducts.co.uk\/lt\/3d-photoner-ultragarsinio-ir-fotochrominio-poveikio-prietaisas\/\",\"name\":\"\\\"3D Photoner\\\" ultragarsinio ir fotochrominio poveikio prietaisas - TianDe Online Shop - Beauty &amp; Health\",\"isPartOf\":{\"@id\":\"https:\/\/tiandeproducts.co.uk\/#website\"},\"primaryImageOfPage\":{\"@id\":\"https:\/\/tiandeproducts.co.uk\/lt\/3d-photoner-ultragarsinio-ir-fotochrominio-poveikio-prietaisas\/#primaryimage\"},\"image\":{\"@id\":\"https:\/\/tiandeproducts.co.uk\/lt\/3d-photoner-ultragarsinio-ir-fotochrominio-poveikio-prietaisas\/#primaryimage\"},\"thumbnailUrl\":\"https:\/\/tiandeproducts.co.uk\/wp-content\/uploads\/2018\/06\/90149.jpg\",\"datePublished\":\"2018-06-02T10:09:57+00:00\",\"dateModified\":\"2021-06-26T02:26:54+00:00\",\"breadcrumb\":{\"@id\":\"https:\/\/tiandeproducts.co.uk\/lt\/3d-photoner-ultragarsinio-ir-fotochrominio-poveikio-prietaisas\/#breadcrumb\"},\"inLanguage\":\"lt-LT\",\"potentialAction\":[{\"@type\":\"ReadAction\",\"target\":[\"https:\/\/tiandeproducts.co.uk\/lt\/3d-photoner-ultragarsinio-ir-fotochrominio-poveikio-prietaisas\/\"]}]},{\"@type\":\"ImageObject\",\"inLanguage\":\"lt-LT\",\"@id\":\"https:\/\/tiandeproducts.co.uk\/lt\/3d-photoner-ultragarsinio-ir-fotochrominio-poveikio-prietaisas\/#primaryimage\",\"url\":\"https:\/\/tiandeproducts.co.uk\/wp-content\/uploads\/2018\/06\/90149.jpg\",\"contentUrl\":\"https:\/\/tiandeproducts.co.uk\/wp-content\/uploads\/2018\/06\/90149.jpg\",\"width\":700,\"height\":700,\"caption\":\"Device for complex exposure to photochromic and ultrasound energy,1pc-0\"},{\"@type\":\"BreadcrumbList\",\"@id\":\"https:\/\/tiandeproducts.co.uk\/lt\/3d-photoner-ultragarsinio-ir-fotochrominio-poveikio-prietaisas\/#breadcrumb\",\"itemListElement\":[{\"@type\":\"ListItem\",\"position\":1,\"name\":\"Home\",\"item\":\"https:\/\/tiandeproducts.co.uk\/lt\/\"},{\"@type\":\"ListItem\",\"position\":2,\"name\":\"Shop\",\"item\":\"https:\/\/tiandeproducts.co.uk\/lt\/shop-2\/\"},{\"@type\":\"ListItem\",\"position\":3,\"name\":\"&#8220;3D Photoner&#8221; ultragarsinio ir fotochrominio poveikio prietaisas\"}]},{\"@type\":\"WebSite\",\"@id\":\"https:\/\/tiandeproducts.co.uk\/#website\",\"url\":\"https:\/\/tiandeproducts.co.uk\/\",\"name\":\"TianDe Online Shop - Beauty & Health\",\"description\":\"Traditional Chinese Medicine\",\"potentialAction\":[{\"@type\":\"SearchAction\",\"target\":{\"@type\":\"EntryPoint\",\"urlTemplate\":\"https:\/\/tiandeproducts.co.uk\/?s={search_term_string}\"},\"query-input\":{\"@type\":\"PropertyValueSpecification\",\"valueRequired\":true,\"valueName\":\"search_term_string\"}}],\"inLanguage\":\"lt-LT\"}]}<\/script>\n<!-- \/ Yoast SEO plugin. -->","yoast_head_json":{"title":"\"3D Photoner\" ultragarsinio ir fotochrominio poveikio prietaisas - TianDe Online Shop - Beauty &amp; Health","robots":{"index":"index","follow":"follow","max-snippet":"max-snippet:-1","max-image-preview":"max-image-preview:large","max-video-preview":"max-video-preview:-1"},"canonical":"https:\/\/tiandeproducts.co.uk\/lt\/3d-photoner-ultragarsinio-ir-fotochrominio-poveikio-prietaisas\/","og_locale":"lt_LT","og_type":"article","og_title":"\"3D Photoner\" ultragarsinio ir fotochrominio poveikio prietaisas - TianDe Online Shop - Beauty &amp; Health","og_description":"\u00a0Earn 131 points worth \u00a36.55 when buying this product Aparatas pasi\u017eymi kompleksiniu fotochromo, ultragarso veikimu ir skirtas naudoti nam\u0173 s\u0105lygomis: ne\u0161iojamasis modelis numatytas kasdien\u0117ms individualioms chromoterapijos ir fonoforez\u0117s proced\u016broms. Chromoterapija arba spalv\u0173 terapija priskiriama alternatyviosios medicinos metodams. Spalvos ir \u0161viesa naudojama mentalin\u0117s, emocin\u0117s, dvasin\u0117s ir protin\u0117s k\u016bno energijos balansavimui. Kosmetinis prietaisas derina originali\u0105, efektyvaus ultragarsinio [...]","og_url":"https:\/\/tiandeproducts.co.uk\/lt\/3d-photoner-ultragarsinio-ir-fotochrominio-poveikio-prietaisas\/","og_site_name":"TianDe Online Shop - Beauty &amp; Health","article_publisher":"https:\/\/www.facebook.com\/tiande.products.england\/","article_modified_time":"2021-06-26T02:26:54+00:00","og_image":[{"width":700,"height":700,"url":"https:\/\/tiandeproducts.co.uk\/wp-content\/uploads\/2018\/06\/90149.jpg","type":"image\/jpeg"}],"twitter_card":"summary_large_image","twitter_misc":{"Est. reading time":"2 minut\u0117s"},"schema":{"@context":"https:\/\/schema.org","@graph":[{"@type":"WebPage","@id":"https:\/\/tiandeproducts.co.uk\/lt\/3d-photoner-ultragarsinio-ir-fotochrominio-poveikio-prietaisas\/","url":"https:\/\/tiandeproducts.co.uk\/lt\/3d-photoner-ultragarsinio-ir-fotochrominio-poveikio-prietaisas\/","name":"\"3D Photoner\" ultragarsinio ir fotochrominio poveikio prietaisas - TianDe Online Shop - Beauty &amp; Health","isPartOf":{"@id":"https:\/\/tiandeproducts.co.uk\/#website"},"primaryImageOfPage":{"@id":"https:\/\/tiandeproducts.co.uk\/lt\/3d-photoner-ultragarsinio-ir-fotochrominio-poveikio-prietaisas\/#primaryimage"},"image":{"@id":"https:\/\/tiandeproducts.co.uk\/lt\/3d-photoner-ultragarsinio-ir-fotochrominio-poveikio-prietaisas\/#primaryimage"},"thumbnailUrl":"https:\/\/tiandeproducts.co.uk\/wp-content\/uploads\/2018\/06\/90149.jpg","datePublished":"2018-06-02T10:09:57+00:00","dateModified":"2021-06-26T02:26:54+00:00","breadcrumb":{"@id":"https:\/\/tiandeproducts.co.uk\/lt\/3d-photoner-ultragarsinio-ir-fotochrominio-poveikio-prietaisas\/#breadcrumb"},"inLanguage":"lt-LT","potentialAction":[{"@type":"ReadAction","target":["https:\/\/tiandeproducts.co.uk\/lt\/3d-photoner-ultragarsinio-ir-fotochrominio-poveikio-prietaisas\/"]}]},{"@type":"ImageObject","inLanguage":"lt-LT","@id":"https:\/\/tiandeproducts.co.uk\/lt\/3d-photoner-ultragarsinio-ir-fotochrominio-poveikio-prietaisas\/#primaryimage","url":"https:\/\/tiandeproducts.co.uk\/wp-content\/uploads\/2018\/06\/90149.jpg","contentUrl":"https:\/\/tiandeproducts.co.uk\/wp-content\/uploads\/2018\/06\/90149.jpg","width":700,"height":700,"caption":"Device for complex exposure to photochromic and ultrasound energy,1pc-0"},{"@type":"BreadcrumbList","@id":"https:\/\/tiandeproducts.co.uk\/lt\/3d-photoner-ultragarsinio-ir-fotochrominio-poveikio-prietaisas\/#breadcrumb","itemListElement":[{"@type":"ListItem","position":1,"name":"Home","item":"https:\/\/tiandeproducts.co.uk\/lt\/"},{"@type":"ListItem","position":2,"name":"Shop","item":"https:\/\/tiandeproducts.co.uk\/lt\/shop-2\/"},{"@type":"ListItem","position":3,"name":"&#8220;3D Photoner&#8221; ultragarsinio ir fotochrominio poveikio prietaisas"}]},{"@type":"WebSite","@id":"https:\/\/tiandeproducts.co.uk\/#website","url":"https:\/\/tiandeproducts.co.uk\/","name":"TianDe Online Shop - Beauty & Health","description":"Traditional Chinese Medicine","potentialAction":[{"@type":"SearchAction","target":{"@type":"EntryPoint","urlTemplate":"https:\/\/tiandeproducts.co.uk\/?s={search_term_string}"},"query-input":{"@type":"PropertyValueSpecification","valueRequired":true,"valueName":"search_term_string"}}],"inLanguage":"lt-LT"}]}},"_links":{"self":[{"href":"https:\/\/tiandeproducts.co.uk\/lt\/wp-json\/wp\/v2\/product\/4067","targetHints":{"allow":["GET"]}}],"collection":[{"href":"https:\/\/tiandeproducts.co.uk\/lt\/wp-json\/wp\/v2\/product"}],"about":[{"href":"https:\/\/tiandeproducts.co.uk\/lt\/wp-json\/wp\/v2\/types\/product"}],"replies":[{"embeddable":true,"href":"https:\/\/tiandeproducts.co.uk\/lt\/wp-json\/wp\/v2\/comments?post=4067"}],"wp:featuredmedia":[{"embeddable":true,"href":"https:\/\/tiandeproducts.co.uk\/lt\/wp-json\/wp\/v2\/media\/1926"}],"wp:attachment":[{"href":"https:\/\/tiandeproducts.co.uk\/lt\/wp-json\/wp\/v2\/media?parent=4067"}],"wp:term":[{"taxonomy":"product_cat","embeddable":true,"href":"https:\/\/tiandeproducts.co.uk\/lt\/wp-json\/wp\/v2\/product_cat?post=4067"},{"taxonomy":"product_tag","embeddable":true,"href":"https:\/\/tiandeproducts.co.uk\/lt\/wp-json\/wp\/v2\/product_tag?post=4067"}],"curies":[{"name":"wp","href":"https:\/\/api.w.org\/{rel}","templated":true}]}}