{"id":4066,"date":"2018-07-17T17:24:59","date_gmt":"2018-07-17T16:24:59","guid":{"rendered":"https:\/\/tnd.ontesting.co.uk\/funkcionalus-kompleksas-piaolian-grozis-ir-jaunyste-30-kapsuliu\/"},"modified":"2021-02-12T12:01:48","modified_gmt":"2021-02-12T12:01:48","slug":"funkcionalus-kompleksas-piaolian-grozis-ir-jaunyste-30-kapsuliu","status":"publish","type":"product","link":"https:\/\/tiandeproducts.co.uk\/lt\/funkcionalus-kompleksas-piaolian-grozis-ir-jaunyste-30-kapsuliu\/","title":{"rendered":"Funkcionalus kompleksas &#8222;Piaolian&#8221; (gro\u017eis ir jaunyst\u0117) 30 kapsuli\u0173"},"content":{"rendered":"<p><img decoding=\"async\" style=\"max-width: 16px; margin-right: 5px;\" src=\"https:\/\/tiandeproducts.co.uk\/wp-content\/uploads\/points-green.svg\" \/>\u00a0Earn 21 points worth \u00a31.05 when buying this product<\/p>\n<p>Veiksmingos komplekso sudedamosios dalys, padeda pamir\u0161ti stres\u0105 ir nuovarg\u012f, veikia k\u016bn\u0105 atjauninan\u010diai, gerina odos b\u016bkl\u0119, stiprina plauk\u0173 ir nag\u0173 strukt\u016br\u0105.<\/p>\n<p>Sud\u0117tis: \u017ealios arbatos ekstraktas, taurinas, vitaminai \u0421, \u0420\u0420, \u0415, \u04125, \u041212, \u04126, \u04121, \u04122, \u0410, \u04129, \u041d, D3, kordicepsas, cinkas, selenas.<\/p>\n<p><strong>Vartojimas:<\/strong> 1 tablet\u0117 per dien\u0105 valgio metu. Kursas 3-4 savait\u0117s.<\/p>\n","protected":false},"excerpt":{"rendered":"<p>\u00a0Earn 21 points worth \u00a31.05 when buying this product Veiksmingos komplekso sudedamosios dalys, padeda pamir\u0161ti stres\u0105 ir nuovarg\u012f, veikia k\u016bn\u0105 atjauninan\u010diai, gerina odos b\u016bkl\u0119, stiprina plauk\u0173 ir nag\u0173 strukt\u016br\u0105. Sud\u0117tis: \u017ealios arbatos ekstraktas, taurinas, vitaminai \u0421, \u0420\u0420, \u0415, \u04125, \u041212, \u04126, \u04121, \u04122, \u0410, \u04129, \u041d, D3, kordicepsas, cinkas, selenas. Vartojimas: 1 tablet\u0117 per dien\u0105 [&#8230;]\n","protected":false},"featured_media":1931,"comment_status":"closed","ping_status":"closed","template":"","meta":[],"product_cat":[725,718],"product_tag":[],"class_list":{"0":"post-4066","1":"product","2":"type-product","3":"status-publish","4":"has-post-thumbnail","6":"product_cat-maisto-papildaivitaminai","7":"product_cat-sveikata-lt","9":"first","10":"outofstock","11":"shipping-taxable","12":"purchasable","13":"product-type-simple"},"yoast_head":"<!-- This site is optimized with the Yoast SEO plugin v23.6 - https:\/\/yoast.com\/wordpress\/plugins\/seo\/ -->\n<title>Funkcionalus kompleksas &quot;Piaolian&quot; (gro\u017eis ir jaunyst\u0117) 30 kapsuli\u0173 - TianDe Online Shop - Beauty &amp; Health<\/title>\n<meta name=\"robots\" content=\"index, follow, max-snippet:-1, max-image-preview:large, max-video-preview:-1\" \/>\n<link rel=\"canonical\" href=\"https:\/\/tiandeproducts.co.uk\/lt\/funkcionalus-kompleksas-piaolian-grozis-ir-jaunyste-30-kapsuliu\/\" \/>\n<meta property=\"og:locale\" content=\"lt_LT\" \/>\n<meta property=\"og:type\" content=\"article\" \/>\n<meta property=\"og:title\" content=\"Funkcionalus kompleksas &quot;Piaolian&quot; (gro\u017eis ir jaunyst\u0117) 30 kapsuli\u0173 - TianDe Online Shop - Beauty &amp; Health\" \/>\n<meta property=\"og:description\" content=\"\u00a0Earn 21 points worth \u00a31.05 when buying this product Veiksmingos komplekso sudedamosios dalys, padeda pamir\u0161ti stres\u0105 ir nuovarg\u012f, veikia k\u016bn\u0105 atjauninan\u010diai, gerina odos b\u016bkl\u0119, stiprina plauk\u0173 ir nag\u0173 strukt\u016br\u0105. Sud\u0117tis: \u017ealios arbatos ekstraktas, taurinas, vitaminai \u0421, \u0420\u0420, \u0415, \u04125, \u041212, \u04126, \u04121, \u04122, \u0410, \u04129, \u041d, D3, kordicepsas, cinkas, selenas. Vartojimas: 1 tablet\u0117 per dien\u0105 [...]\" \/>\n<meta property=\"og:url\" content=\"https:\/\/tiandeproducts.co.uk\/lt\/funkcionalus-kompleksas-piaolian-grozis-ir-jaunyste-30-kapsuliu\/\" \/>\n<meta property=\"og:site_name\" content=\"TianDe Online Shop - Beauty &amp; Health\" \/>\n<meta property=\"article:publisher\" content=\"https:\/\/www.facebook.com\/tiande.products.england\/\" \/>\n<meta property=\"article:modified_time\" content=\"2021-02-12T12:01:48+00:00\" \/>\n<meta property=\"og:image\" content=\"https:\/\/tiandeproducts.co.uk\/wp-content\/uploads\/2018\/07\/113007.jpg\" \/>\n\t<meta property=\"og:image:width\" content=\"700\" \/>\n\t<meta property=\"og:image:height\" content=\"700\" \/>\n\t<meta property=\"og:image:type\" content=\"image\/jpeg\" \/>\n<meta name=\"twitter:card\" content=\"summary_large_image\" \/>\n<script type=\"application\/ld+json\" class=\"yoast-schema-graph\">{\"@context\":\"https:\/\/schema.org\",\"@graph\":[{\"@type\":\"WebPage\",\"@id\":\"https:\/\/tiandeproducts.co.uk\/lt\/funkcionalus-kompleksas-piaolian-grozis-ir-jaunyste-30-kapsuliu\/\",\"url\":\"https:\/\/tiandeproducts.co.uk\/lt\/funkcionalus-kompleksas-piaolian-grozis-ir-jaunyste-30-kapsuliu\/\",\"name\":\"Funkcionalus kompleksas \\\"Piaolian\\\" (gro\u017eis ir jaunyst\u0117) 30 kapsuli\u0173 - TianDe Online Shop - Beauty &amp; Health\",\"isPartOf\":{\"@id\":\"https:\/\/tiandeproducts.co.uk\/#website\"},\"primaryImageOfPage\":{\"@id\":\"https:\/\/tiandeproducts.co.uk\/lt\/funkcionalus-kompleksas-piaolian-grozis-ir-jaunyste-30-kapsuliu\/#primaryimage\"},\"image\":{\"@id\":\"https:\/\/tiandeproducts.co.uk\/lt\/funkcionalus-kompleksas-piaolian-grozis-ir-jaunyste-30-kapsuliu\/#primaryimage\"},\"thumbnailUrl\":\"https:\/\/tiandeproducts.co.uk\/wp-content\/uploads\/2018\/07\/113007.jpg\",\"datePublished\":\"2018-07-17T16:24:59+00:00\",\"dateModified\":\"2021-02-12T12:01:48+00:00\",\"breadcrumb\":{\"@id\":\"https:\/\/tiandeproducts.co.uk\/lt\/funkcionalus-kompleksas-piaolian-grozis-ir-jaunyste-30-kapsuliu\/#breadcrumb\"},\"inLanguage\":\"lt-LT\",\"potentialAction\":[{\"@type\":\"ReadAction\",\"target\":[\"https:\/\/tiandeproducts.co.uk\/lt\/funkcionalus-kompleksas-piaolian-grozis-ir-jaunyste-30-kapsuliu\/\"]}]},{\"@type\":\"ImageObject\",\"inLanguage\":\"lt-LT\",\"@id\":\"https:\/\/tiandeproducts.co.uk\/lt\/funkcionalus-kompleksas-piaolian-grozis-ir-jaunyste-30-kapsuliu\/#primaryimage\",\"url\":\"https:\/\/tiandeproducts.co.uk\/wp-content\/uploads\/2018\/07\/113007.jpg\",\"contentUrl\":\"https:\/\/tiandeproducts.co.uk\/wp-content\/uploads\/2018\/07\/113007.jpg\",\"width\":700,\"height\":700,\"caption\":\"Biologically Active Additive \\\"PIAOLIANG\\\" 30 capsules-0\"},{\"@type\":\"BreadcrumbList\",\"@id\":\"https:\/\/tiandeproducts.co.uk\/lt\/funkcionalus-kompleksas-piaolian-grozis-ir-jaunyste-30-kapsuliu\/#breadcrumb\",\"itemListElement\":[{\"@type\":\"ListItem\",\"position\":1,\"name\":\"Home\",\"item\":\"https:\/\/tiandeproducts.co.uk\/lt\/\"},{\"@type\":\"ListItem\",\"position\":2,\"name\":\"Shop\",\"item\":\"https:\/\/tiandeproducts.co.uk\/lt\/shop-2\/\"},{\"@type\":\"ListItem\",\"position\":3,\"name\":\"Funkcionalus kompleksas &#8220;Piaolian&#8221; (gro\u017eis ir jaunyst\u0117) 30 kapsuli\u0173\"}]},{\"@type\":\"WebSite\",\"@id\":\"https:\/\/tiandeproducts.co.uk\/#website\",\"url\":\"https:\/\/tiandeproducts.co.uk\/\",\"name\":\"TianDe Online Shop - Beauty & Health\",\"description\":\"Traditional Chinese Medicine\",\"potentialAction\":[{\"@type\":\"SearchAction\",\"target\":{\"@type\":\"EntryPoint\",\"urlTemplate\":\"https:\/\/tiandeproducts.co.uk\/?s={search_term_string}\"},\"query-input\":{\"@type\":\"PropertyValueSpecification\",\"valueRequired\":true,\"valueName\":\"search_term_string\"}}],\"inLanguage\":\"lt-LT\"}]}<\/script>\n<!-- \/ Yoast SEO plugin. -->","yoast_head_json":{"title":"Funkcionalus kompleksas \"Piaolian\" (gro\u017eis ir jaunyst\u0117) 30 kapsuli\u0173 - TianDe Online Shop - Beauty &amp; Health","robots":{"index":"index","follow":"follow","max-snippet":"max-snippet:-1","max-image-preview":"max-image-preview:large","max-video-preview":"max-video-preview:-1"},"canonical":"https:\/\/tiandeproducts.co.uk\/lt\/funkcionalus-kompleksas-piaolian-grozis-ir-jaunyste-30-kapsuliu\/","og_locale":"lt_LT","og_type":"article","og_title":"Funkcionalus kompleksas \"Piaolian\" (gro\u017eis ir jaunyst\u0117) 30 kapsuli\u0173 - TianDe Online Shop - Beauty &amp; Health","og_description":"\u00a0Earn 21 points worth \u00a31.05 when buying this product Veiksmingos komplekso sudedamosios dalys, padeda pamir\u0161ti stres\u0105 ir nuovarg\u012f, veikia k\u016bn\u0105 atjauninan\u010diai, gerina odos b\u016bkl\u0119, stiprina plauk\u0173 ir nag\u0173 strukt\u016br\u0105. Sud\u0117tis: \u017ealios arbatos ekstraktas, taurinas, vitaminai \u0421, \u0420\u0420, \u0415, \u04125, \u041212, \u04126, \u04121, \u04122, \u0410, \u04129, \u041d, D3, kordicepsas, cinkas, selenas. Vartojimas: 1 tablet\u0117 per dien\u0105 [...]","og_url":"https:\/\/tiandeproducts.co.uk\/lt\/funkcionalus-kompleksas-piaolian-grozis-ir-jaunyste-30-kapsuliu\/","og_site_name":"TianDe Online Shop - Beauty &amp; Health","article_publisher":"https:\/\/www.facebook.com\/tiande.products.england\/","article_modified_time":"2021-02-12T12:01:48+00:00","og_image":[{"width":700,"height":700,"url":"https:\/\/tiandeproducts.co.uk\/wp-content\/uploads\/2018\/07\/113007.jpg","type":"image\/jpeg"}],"twitter_card":"summary_large_image","schema":{"@context":"https:\/\/schema.org","@graph":[{"@type":"WebPage","@id":"https:\/\/tiandeproducts.co.uk\/lt\/funkcionalus-kompleksas-piaolian-grozis-ir-jaunyste-30-kapsuliu\/","url":"https:\/\/tiandeproducts.co.uk\/lt\/funkcionalus-kompleksas-piaolian-grozis-ir-jaunyste-30-kapsuliu\/","name":"Funkcionalus kompleksas \"Piaolian\" (gro\u017eis ir jaunyst\u0117) 30 kapsuli\u0173 - TianDe Online Shop - Beauty &amp; Health","isPartOf":{"@id":"https:\/\/tiandeproducts.co.uk\/#website"},"primaryImageOfPage":{"@id":"https:\/\/tiandeproducts.co.uk\/lt\/funkcionalus-kompleksas-piaolian-grozis-ir-jaunyste-30-kapsuliu\/#primaryimage"},"image":{"@id":"https:\/\/tiandeproducts.co.uk\/lt\/funkcionalus-kompleksas-piaolian-grozis-ir-jaunyste-30-kapsuliu\/#primaryimage"},"thumbnailUrl":"https:\/\/tiandeproducts.co.uk\/wp-content\/uploads\/2018\/07\/113007.jpg","datePublished":"2018-07-17T16:24:59+00:00","dateModified":"2021-02-12T12:01:48+00:00","breadcrumb":{"@id":"https:\/\/tiandeproducts.co.uk\/lt\/funkcionalus-kompleksas-piaolian-grozis-ir-jaunyste-30-kapsuliu\/#breadcrumb"},"inLanguage":"lt-LT","potentialAction":[{"@type":"ReadAction","target":["https:\/\/tiandeproducts.co.uk\/lt\/funkcionalus-kompleksas-piaolian-grozis-ir-jaunyste-30-kapsuliu\/"]}]},{"@type":"ImageObject","inLanguage":"lt-LT","@id":"https:\/\/tiandeproducts.co.uk\/lt\/funkcionalus-kompleksas-piaolian-grozis-ir-jaunyste-30-kapsuliu\/#primaryimage","url":"https:\/\/tiandeproducts.co.uk\/wp-content\/uploads\/2018\/07\/113007.jpg","contentUrl":"https:\/\/tiandeproducts.co.uk\/wp-content\/uploads\/2018\/07\/113007.jpg","width":700,"height":700,"caption":"Biologically Active Additive \"PIAOLIANG\" 30 capsules-0"},{"@type":"BreadcrumbList","@id":"https:\/\/tiandeproducts.co.uk\/lt\/funkcionalus-kompleksas-piaolian-grozis-ir-jaunyste-30-kapsuliu\/#breadcrumb","itemListElement":[{"@type":"ListItem","position":1,"name":"Home","item":"https:\/\/tiandeproducts.co.uk\/lt\/"},{"@type":"ListItem","position":2,"name":"Shop","item":"https:\/\/tiandeproducts.co.uk\/lt\/shop-2\/"},{"@type":"ListItem","position":3,"name":"Funkcionalus kompleksas &#8220;Piaolian&#8221; (gro\u017eis ir jaunyst\u0117) 30 kapsuli\u0173"}]},{"@type":"WebSite","@id":"https:\/\/tiandeproducts.co.uk\/#website","url":"https:\/\/tiandeproducts.co.uk\/","name":"TianDe Online Shop - Beauty & Health","description":"Traditional Chinese Medicine","potentialAction":[{"@type":"SearchAction","target":{"@type":"EntryPoint","urlTemplate":"https:\/\/tiandeproducts.co.uk\/?s={search_term_string}"},"query-input":{"@type":"PropertyValueSpecification","valueRequired":true,"valueName":"search_term_string"}}],"inLanguage":"lt-LT"}]}},"_links":{"self":[{"href":"https:\/\/tiandeproducts.co.uk\/lt\/wp-json\/wp\/v2\/product\/4066","targetHints":{"allow":["GET"]}}],"collection":[{"href":"https:\/\/tiandeproducts.co.uk\/lt\/wp-json\/wp\/v2\/product"}],"about":[{"href":"https:\/\/tiandeproducts.co.uk\/lt\/wp-json\/wp\/v2\/types\/product"}],"replies":[{"embeddable":true,"href":"https:\/\/tiandeproducts.co.uk\/lt\/wp-json\/wp\/v2\/comments?post=4066"}],"wp:featuredmedia":[{"embeddable":true,"href":"https:\/\/tiandeproducts.co.uk\/lt\/wp-json\/wp\/v2\/media\/1931"}],"wp:attachment":[{"href":"https:\/\/tiandeproducts.co.uk\/lt\/wp-json\/wp\/v2\/media?parent=4066"}],"wp:term":[{"taxonomy":"product_cat","embeddable":true,"href":"https:\/\/tiandeproducts.co.uk\/lt\/wp-json\/wp\/v2\/product_cat?post=4066"},{"taxonomy":"product_tag","embeddable":true,"href":"https:\/\/tiandeproducts.co.uk\/lt\/wp-json\/wp\/v2\/product_tag?post=4066"}],"curies":[{"name":"wp","href":"https:\/\/api.w.org\/{rel}","templated":true}]}}