{"id":4065,"date":"2018-07-17T17:38:43","date_gmt":"2018-07-17T16:38:43","guid":{"rendered":"https:\/\/tnd.ontesting.co.uk\/biologiskai-aktyvus-maisto-papildas-aliejus-golden-amaranth-burnotis-50-kapsuliu-po-0-5-g\/"},"modified":"2021-02-12T12:00:58","modified_gmt":"2021-02-12T12:00:58","slug":"biologiskai-aktyvus-maisto-papildas-aliejus-golden-amaranth-burnotis-50-kapsuliu-po-0-5-g","status":"publish","type":"product","link":"https:\/\/tiandeproducts.co.uk\/lt\/biologiskai-aktyvus-maisto-papildas-aliejus-golden-amaranth-burnotis-50-kapsuliu-po-0-5-g\/","title":{"rendered":"Biologi\u0161kai aktyvus maisto papildas aliejus \u201eGolden Amaranth\u201c (burnotis) 50 kapsuli\u0173 po 0.5 g."},"content":{"rendered":"<p><img decoding=\"async\" style=\"max-width: 16px; margin-right: 5px;\" src=\"https:\/\/tiandeproducts.co.uk\/wp-content\/uploads\/points-green.svg\" \/>\u00a0Earn 38 points worth \u00a31.90 when buying this product<\/p>\n<p>Funkcinis kompleksas \u201cGolden Amaranth\u201d yra 100% nat\u016bralus amarant\u0173 aliejus. \u0160is augalas dovanojantis j\u0117gas ir ilgaam\u017ei\u0161kum\u0105. Kiekvienoje kapsul\u0117je yra 100% nat\u016bralios amaranto aliejaus, skaleno \u0161altinio.<\/p>\n<p><strong>\u0160is produktas:<\/strong><br \/>\n\u2013 suteikia odai tvirtum\u0105, mink\u0161tum\u0105 ir spindes\u012f;<br \/>\n\u2013 stiprina imunitet\u0105 ir suteikia energijos;<br \/>\n\u2013 polineso\u010diosios linolo riebal\u0173 r\u016bg\u0161tys padeda i\u0161valyti nuo toksin\u0173 k\u016bn\u0105;<br \/>\n\u2013 Vitaminas E padeda apsaugoti l\u0105steli\u0173 membranas nuo oksidacin\u0117s \u017ealos, palankiai veikia imunin\u0117s sistemos funkcionavim\u0105;<br \/>\n\u2013 karotinoidai yra vitamino A \u201cpirmtakai\u201d, kurie padeda skatinti audini\u0173 regeneracij\u0105, stimuliuoti imunin\u0119 sistem\u0105;<br \/>\n\u2013 fosfolipidai padeda gerinti metabolizm\u0105, ma\u017einti cholesterolio kiek\u012f kraujyje;<br \/>\n\u2013 fitosteroliai suteikia energijos, sustiprina k\u016bno apsaug\u0105.<\/p>\n<p>Amaranto aliejus funkciniam kompleksui \u201cGolden Amaranth\u201d i\u0161gaunamas specialiu b\u016bdu, kuris i\u0161saugo daugiausia nauding\u0173 med\u017eiag\u0173.<\/p>\n<p>Funkcinio komplekso \u201cGolden Amaranth\u201d kapsul\u0117se naudojamas tik \u0161alta presuota alyva i\u0161 amarant\u0173 kop\u016bst\u0173. Jame yra daugiausia nauding\u0173 med\u017eiag\u0173, ypa\u010d 6% skvaleno. D\u0117l riebal\u0173 sud\u0117ties ji priklauso linolo r\u016bg\u0161ties grupei. Linoleino ir linoleno r\u016bg\u0161tys taip pat vadinamos omega-3-r\u016bg\u0161timis, jos yra b\u016btinos, tai yra, k\u016bnas gali juos gauti tik su maistu ir papildais. Omega-3 r\u016bg\u0161\u010di\u0173 kiekis m\u016bs\u0173 amaranto aliejuje yra daugiau nei 1%.<\/p>\n<p>Funkcinis kompleksas \u201cGolden Amaranth\u201d suteiks Jums energij\u0105, eleganti\u0161k\u0105 od\u0105 ir nuostabi\u0105 nuotaik\u0105!<\/p>\n<p><strong>Naudojimas:<\/strong> vienos pakuot\u0117s pakanka visam vartojimo kursui: po 1 kapsul\u0119 3 kartus per dien\u0105.<\/p>\n","protected":false},"excerpt":{"rendered":"<p>\u00a0Earn 38 points worth \u00a31.90 when buying this product Funkcinis kompleksas \u201cGolden Amaranth\u201d yra 100% nat\u016bralus amarant\u0173 aliejus. \u0160is augalas dovanojantis j\u0117gas ir ilgaam\u017ei\u0161kum\u0105. Kiekvienoje kapsul\u0117je yra 100% nat\u016bralios amaranto aliejaus, skaleno \u0161altinio. \u0160is produktas: \u2013 suteikia odai tvirtum\u0105, mink\u0161tum\u0105 ir spindes\u012f; \u2013 stiprina imunitet\u0105 ir suteikia energijos; \u2013 polineso\u010diosios linolo riebal\u0173 r\u016bg\u0161tys padeda i\u0161valyti [&#8230;]\n","protected":false},"featured_media":1936,"comment_status":"closed","ping_status":"closed","template":"","meta":[],"product_cat":[725,718],"product_tag":[],"class_list":{"0":"post-4065","1":"product","2":"type-product","3":"status-publish","4":"has-post-thumbnail","6":"product_cat-maisto-papildaivitaminai","7":"product_cat-sveikata-lt","9":"first","10":"outofstock","11":"shipping-taxable","12":"purchasable","13":"product-type-simple"},"yoast_head":"<!-- This site is optimized with the Yoast SEO plugin v23.6 - https:\/\/yoast.com\/wordpress\/plugins\/seo\/ -->\n<title>Biologi\u0161kai aktyvus maisto papildas aliejus \u201eGolden Amaranth\u201c (burnotis) 50 kapsuli\u0173 po 0.5 g. - TianDe Online Shop - Beauty &amp; Health<\/title>\n<meta name=\"robots\" content=\"index, follow, max-snippet:-1, max-image-preview:large, max-video-preview:-1\" \/>\n<link rel=\"canonical\" href=\"https:\/\/tiandeproducts.co.uk\/lt\/biologiskai-aktyvus-maisto-papildas-aliejus-golden-amaranth-burnotis-50-kapsuliu-po-0-5-g\/\" \/>\n<meta property=\"og:locale\" content=\"lt_LT\" \/>\n<meta property=\"og:type\" content=\"article\" \/>\n<meta property=\"og:title\" content=\"Biologi\u0161kai aktyvus maisto papildas aliejus \u201eGolden Amaranth\u201c (burnotis) 50 kapsuli\u0173 po 0.5 g. - TianDe Online Shop - Beauty &amp; Health\" \/>\n<meta property=\"og:description\" content=\"\u00a0Earn 38 points worth \u00a31.90 when buying this product Funkcinis kompleksas \u201cGolden Amaranth\u201d yra 100% nat\u016bralus amarant\u0173 aliejus. \u0160is augalas dovanojantis j\u0117gas ir ilgaam\u017ei\u0161kum\u0105. Kiekvienoje kapsul\u0117je yra 100% nat\u016bralios amaranto aliejaus, skaleno \u0161altinio. \u0160is produktas: \u2013 suteikia odai tvirtum\u0105, mink\u0161tum\u0105 ir spindes\u012f; \u2013 stiprina imunitet\u0105 ir suteikia energijos; \u2013 polineso\u010diosios linolo riebal\u0173 r\u016bg\u0161tys padeda i\u0161valyti [...]\" \/>\n<meta property=\"og:url\" content=\"https:\/\/tiandeproducts.co.uk\/lt\/biologiskai-aktyvus-maisto-papildas-aliejus-golden-amaranth-burnotis-50-kapsuliu-po-0-5-g\/\" \/>\n<meta property=\"og:site_name\" content=\"TianDe Online Shop - Beauty &amp; Health\" \/>\n<meta property=\"article:publisher\" content=\"https:\/\/www.facebook.com\/tiande.products.england\/\" \/>\n<meta property=\"article:modified_time\" content=\"2021-02-12T12:00:58+00:00\" \/>\n<meta property=\"og:image\" content=\"https:\/\/tiandeproducts.co.uk\/wp-content\/uploads\/2018\/07\/135415.jpg\" \/>\n\t<meta property=\"og:image:width\" content=\"700\" \/>\n\t<meta property=\"og:image:height\" content=\"700\" \/>\n\t<meta property=\"og:image:type\" content=\"image\/jpeg\" \/>\n<meta name=\"twitter:card\" content=\"summary_large_image\" \/>\n<meta name=\"twitter:label1\" content=\"Est. reading time\" \/>\n\t<meta name=\"twitter:data1\" content=\"1 minut\u0117\" \/>\n<script type=\"application\/ld+json\" class=\"yoast-schema-graph\">{\"@context\":\"https:\/\/schema.org\",\"@graph\":[{\"@type\":\"WebPage\",\"@id\":\"https:\/\/tiandeproducts.co.uk\/lt\/biologiskai-aktyvus-maisto-papildas-aliejus-golden-amaranth-burnotis-50-kapsuliu-po-0-5-g\/\",\"url\":\"https:\/\/tiandeproducts.co.uk\/lt\/biologiskai-aktyvus-maisto-papildas-aliejus-golden-amaranth-burnotis-50-kapsuliu-po-0-5-g\/\",\"name\":\"Biologi\u0161kai aktyvus maisto papildas aliejus \u201eGolden Amaranth\u201c (burnotis) 50 kapsuli\u0173 po 0.5 g. - TianDe Online Shop - Beauty &amp; Health\",\"isPartOf\":{\"@id\":\"https:\/\/tiandeproducts.co.uk\/#website\"},\"primaryImageOfPage\":{\"@id\":\"https:\/\/tiandeproducts.co.uk\/lt\/biologiskai-aktyvus-maisto-papildas-aliejus-golden-amaranth-burnotis-50-kapsuliu-po-0-5-g\/#primaryimage\"},\"image\":{\"@id\":\"https:\/\/tiandeproducts.co.uk\/lt\/biologiskai-aktyvus-maisto-papildas-aliejus-golden-amaranth-burnotis-50-kapsuliu-po-0-5-g\/#primaryimage\"},\"thumbnailUrl\":\"https:\/\/tiandeproducts.co.uk\/wp-content\/uploads\/2018\/07\/135415.jpg\",\"datePublished\":\"2018-07-17T16:38:43+00:00\",\"dateModified\":\"2021-02-12T12:00:58+00:00\",\"breadcrumb\":{\"@id\":\"https:\/\/tiandeproducts.co.uk\/lt\/biologiskai-aktyvus-maisto-papildas-aliejus-golden-amaranth-burnotis-50-kapsuliu-po-0-5-g\/#breadcrumb\"},\"inLanguage\":\"lt-LT\",\"potentialAction\":[{\"@type\":\"ReadAction\",\"target\":[\"https:\/\/tiandeproducts.co.uk\/lt\/biologiskai-aktyvus-maisto-papildas-aliejus-golden-amaranth-burnotis-50-kapsuliu-po-0-5-g\/\"]}]},{\"@type\":\"ImageObject\",\"inLanguage\":\"lt-LT\",\"@id\":\"https:\/\/tiandeproducts.co.uk\/lt\/biologiskai-aktyvus-maisto-papildas-aliejus-golden-amaranth-burnotis-50-kapsuliu-po-0-5-g\/#primaryimage\",\"url\":\"https:\/\/tiandeproducts.co.uk\/wp-content\/uploads\/2018\/07\/135415.jpg\",\"contentUrl\":\"https:\/\/tiandeproducts.co.uk\/wp-content\/uploads\/2018\/07\/135415.jpg\",\"width\":700,\"height\":700,\"caption\":\"Golden Amaranth Oil Food Supplement, 50capsules-0\"},{\"@type\":\"BreadcrumbList\",\"@id\":\"https:\/\/tiandeproducts.co.uk\/lt\/biologiskai-aktyvus-maisto-papildas-aliejus-golden-amaranth-burnotis-50-kapsuliu-po-0-5-g\/#breadcrumb\",\"itemListElement\":[{\"@type\":\"ListItem\",\"position\":1,\"name\":\"Home\",\"item\":\"https:\/\/tiandeproducts.co.uk\/lt\/\"},{\"@type\":\"ListItem\",\"position\":2,\"name\":\"Shop\",\"item\":\"https:\/\/tiandeproducts.co.uk\/lt\/shop-2\/\"},{\"@type\":\"ListItem\",\"position\":3,\"name\":\"Biologi\u0161kai aktyvus maisto papildas aliejus \u201eGolden Amaranth\u201c (burnotis) 50 kapsuli\u0173 po 0.5 g.\"}]},{\"@type\":\"WebSite\",\"@id\":\"https:\/\/tiandeproducts.co.uk\/#website\",\"url\":\"https:\/\/tiandeproducts.co.uk\/\",\"name\":\"TianDe Online Shop - Beauty & Health\",\"description\":\"Traditional Chinese Medicine\",\"potentialAction\":[{\"@type\":\"SearchAction\",\"target\":{\"@type\":\"EntryPoint\",\"urlTemplate\":\"https:\/\/tiandeproducts.co.uk\/?s={search_term_string}\"},\"query-input\":{\"@type\":\"PropertyValueSpecification\",\"valueRequired\":true,\"valueName\":\"search_term_string\"}}],\"inLanguage\":\"lt-LT\"}]}<\/script>\n<!-- \/ Yoast SEO plugin. -->","yoast_head_json":{"title":"Biologi\u0161kai aktyvus maisto papildas aliejus \u201eGolden Amaranth\u201c (burnotis) 50 kapsuli\u0173 po 0.5 g. - TianDe Online Shop - Beauty &amp; Health","robots":{"index":"index","follow":"follow","max-snippet":"max-snippet:-1","max-image-preview":"max-image-preview:large","max-video-preview":"max-video-preview:-1"},"canonical":"https:\/\/tiandeproducts.co.uk\/lt\/biologiskai-aktyvus-maisto-papildas-aliejus-golden-amaranth-burnotis-50-kapsuliu-po-0-5-g\/","og_locale":"lt_LT","og_type":"article","og_title":"Biologi\u0161kai aktyvus maisto papildas aliejus \u201eGolden Amaranth\u201c (burnotis) 50 kapsuli\u0173 po 0.5 g. - TianDe Online Shop - Beauty &amp; Health","og_description":"\u00a0Earn 38 points worth \u00a31.90 when buying this product Funkcinis kompleksas \u201cGolden Amaranth\u201d yra 100% nat\u016bralus amarant\u0173 aliejus. \u0160is augalas dovanojantis j\u0117gas ir ilgaam\u017ei\u0161kum\u0105. Kiekvienoje kapsul\u0117je yra 100% nat\u016bralios amaranto aliejaus, skaleno \u0161altinio. \u0160is produktas: \u2013 suteikia odai tvirtum\u0105, mink\u0161tum\u0105 ir spindes\u012f; \u2013 stiprina imunitet\u0105 ir suteikia energijos; \u2013 polineso\u010diosios linolo riebal\u0173 r\u016bg\u0161tys padeda i\u0161valyti [...]","og_url":"https:\/\/tiandeproducts.co.uk\/lt\/biologiskai-aktyvus-maisto-papildas-aliejus-golden-amaranth-burnotis-50-kapsuliu-po-0-5-g\/","og_site_name":"TianDe Online Shop - Beauty &amp; Health","article_publisher":"https:\/\/www.facebook.com\/tiande.products.england\/","article_modified_time":"2021-02-12T12:00:58+00:00","og_image":[{"width":700,"height":700,"url":"https:\/\/tiandeproducts.co.uk\/wp-content\/uploads\/2018\/07\/135415.jpg","type":"image\/jpeg"}],"twitter_card":"summary_large_image","twitter_misc":{"Est. reading time":"1 minut\u0117"},"schema":{"@context":"https:\/\/schema.org","@graph":[{"@type":"WebPage","@id":"https:\/\/tiandeproducts.co.uk\/lt\/biologiskai-aktyvus-maisto-papildas-aliejus-golden-amaranth-burnotis-50-kapsuliu-po-0-5-g\/","url":"https:\/\/tiandeproducts.co.uk\/lt\/biologiskai-aktyvus-maisto-papildas-aliejus-golden-amaranth-burnotis-50-kapsuliu-po-0-5-g\/","name":"Biologi\u0161kai aktyvus maisto papildas aliejus \u201eGolden Amaranth\u201c (burnotis) 50 kapsuli\u0173 po 0.5 g. - TianDe Online Shop - Beauty &amp; Health","isPartOf":{"@id":"https:\/\/tiandeproducts.co.uk\/#website"},"primaryImageOfPage":{"@id":"https:\/\/tiandeproducts.co.uk\/lt\/biologiskai-aktyvus-maisto-papildas-aliejus-golden-amaranth-burnotis-50-kapsuliu-po-0-5-g\/#primaryimage"},"image":{"@id":"https:\/\/tiandeproducts.co.uk\/lt\/biologiskai-aktyvus-maisto-papildas-aliejus-golden-amaranth-burnotis-50-kapsuliu-po-0-5-g\/#primaryimage"},"thumbnailUrl":"https:\/\/tiandeproducts.co.uk\/wp-content\/uploads\/2018\/07\/135415.jpg","datePublished":"2018-07-17T16:38:43+00:00","dateModified":"2021-02-12T12:00:58+00:00","breadcrumb":{"@id":"https:\/\/tiandeproducts.co.uk\/lt\/biologiskai-aktyvus-maisto-papildas-aliejus-golden-amaranth-burnotis-50-kapsuliu-po-0-5-g\/#breadcrumb"},"inLanguage":"lt-LT","potentialAction":[{"@type":"ReadAction","target":["https:\/\/tiandeproducts.co.uk\/lt\/biologiskai-aktyvus-maisto-papildas-aliejus-golden-amaranth-burnotis-50-kapsuliu-po-0-5-g\/"]}]},{"@type":"ImageObject","inLanguage":"lt-LT","@id":"https:\/\/tiandeproducts.co.uk\/lt\/biologiskai-aktyvus-maisto-papildas-aliejus-golden-amaranth-burnotis-50-kapsuliu-po-0-5-g\/#primaryimage","url":"https:\/\/tiandeproducts.co.uk\/wp-content\/uploads\/2018\/07\/135415.jpg","contentUrl":"https:\/\/tiandeproducts.co.uk\/wp-content\/uploads\/2018\/07\/135415.jpg","width":700,"height":700,"caption":"Golden Amaranth Oil Food Supplement, 50capsules-0"},{"@type":"BreadcrumbList","@id":"https:\/\/tiandeproducts.co.uk\/lt\/biologiskai-aktyvus-maisto-papildas-aliejus-golden-amaranth-burnotis-50-kapsuliu-po-0-5-g\/#breadcrumb","itemListElement":[{"@type":"ListItem","position":1,"name":"Home","item":"https:\/\/tiandeproducts.co.uk\/lt\/"},{"@type":"ListItem","position":2,"name":"Shop","item":"https:\/\/tiandeproducts.co.uk\/lt\/shop-2\/"},{"@type":"ListItem","position":3,"name":"Biologi\u0161kai aktyvus maisto papildas aliejus \u201eGolden Amaranth\u201c (burnotis) 50 kapsuli\u0173 po 0.5 g."}]},{"@type":"WebSite","@id":"https:\/\/tiandeproducts.co.uk\/#website","url":"https:\/\/tiandeproducts.co.uk\/","name":"TianDe Online Shop - Beauty & Health","description":"Traditional Chinese Medicine","potentialAction":[{"@type":"SearchAction","target":{"@type":"EntryPoint","urlTemplate":"https:\/\/tiandeproducts.co.uk\/?s={search_term_string}"},"query-input":{"@type":"PropertyValueSpecification","valueRequired":true,"valueName":"search_term_string"}}],"inLanguage":"lt-LT"}]}},"_links":{"self":[{"href":"https:\/\/tiandeproducts.co.uk\/lt\/wp-json\/wp\/v2\/product\/4065","targetHints":{"allow":["GET"]}}],"collection":[{"href":"https:\/\/tiandeproducts.co.uk\/lt\/wp-json\/wp\/v2\/product"}],"about":[{"href":"https:\/\/tiandeproducts.co.uk\/lt\/wp-json\/wp\/v2\/types\/product"}],"replies":[{"embeddable":true,"href":"https:\/\/tiandeproducts.co.uk\/lt\/wp-json\/wp\/v2\/comments?post=4065"}],"wp:featuredmedia":[{"embeddable":true,"href":"https:\/\/tiandeproducts.co.uk\/lt\/wp-json\/wp\/v2\/media\/1936"}],"wp:attachment":[{"href":"https:\/\/tiandeproducts.co.uk\/lt\/wp-json\/wp\/v2\/media?parent=4065"}],"wp:term":[{"taxonomy":"product_cat","embeddable":true,"href":"https:\/\/tiandeproducts.co.uk\/lt\/wp-json\/wp\/v2\/product_cat?post=4065"},{"taxonomy":"product_tag","embeddable":true,"href":"https:\/\/tiandeproducts.co.uk\/lt\/wp-json\/wp\/v2\/product_tag?post=4065"}],"curies":[{"name":"wp","href":"https:\/\/api.w.org\/{rel}","templated":true}]}}