{"id":4064,"date":"2018-07-17T17:51:04","date_gmt":"2018-07-17T16:51:04","guid":{"rendered":"https:\/\/tnd.ontesting.co.uk\/tiande-dirzas-su-turmalinu1vnt\/"},"modified":"2021-02-12T12:00:07","modified_gmt":"2021-02-12T12:00:07","slug":"tiande-dirzas-su-turmalinu1vnt","status":"publish","type":"product","link":"https:\/\/tiandeproducts.co.uk\/lt\/tiande-dirzas-su-turmalinu1vnt\/","title":{"rendered":"Tiande dir\u017eas su turmalinu,1vnt."},"content":{"rendered":"<p><img decoding=\"async\" style=\"max-width: 16px; margin-right: 5px;\" src=\"https:\/\/tiandeproducts.co.uk\/wp-content\/uploads\/points-green.svg\" \/>\u00a0Earn 74 points worth \u00a33.70 when buying this product<\/p>\n<p>Laisv\u0117 ir komfortas kiekvienas \u017eingsnyje!<br \/>\nJuosmens dir\u017eas su turmalinu:<br \/>\n&#8211; paprasta ir lengva j\u012f naudoti;<br \/>\n&#8211; padeda greitai su\u0161ilti audiniams;<br \/>\n&#8211; suma\u017eina stres\u0105 po sporto ar kitos fizin\u0117s veiklos;<br \/>\n&#8211; padeda stiprinti imunitet\u0105;<br \/>\n&#8211; ma\u017eina stres\u0105 stuburo, dubens ir pilvo apa\u010dios srityse.<br \/>\nNaudinga po sporto ar kito ilgalaikio fizinio aktyvumo. Produktas bus naudingas visiems, kurie jau\u010dia nuovarg\u012f po ilgo s\u0117dimo ar stovimo darbo, veiklos. Puiki pagalba tiems, turi problem\u0173 su patempimais ar u\u017edegimais.<\/p>\n<p><strong>Naudojimas:<\/strong> u\u017esid\u0117jus dir\u017e\u0105 po 15-20 minu\u010di\u0173 pajusite \u0161ilum\u0105. D\u0117v\u0117ti individualiai pagal poreik\u012f, bet ne daugiau kaip 2 valandas per dien\u0105, kol skausmas i\u0161nyksta.<\/p>\n","protected":false},"excerpt":{"rendered":"<p>\u00a0Earn 74 points worth \u00a33.70 when buying this product Laisv\u0117 ir komfortas kiekvienas \u017eingsnyje! Juosmens dir\u017eas su turmalinu: &#8211; paprasta ir lengva j\u012f naudoti; &#8211; padeda greitai su\u0161ilti audiniams; &#8211; suma\u017eina stres\u0105 po sporto ar kitos fizin\u0117s veiklos; &#8211; padeda stiprinti imunitet\u0105; &#8211; ma\u017eina stres\u0105 stuburo, dubens ir pilvo apa\u010dios srityse. Naudinga po sporto ar [&#8230;]\n","protected":false},"featured_media":1941,"comment_status":"closed","ping_status":"closed","template":"","meta":[],"product_cat":[861,832],"product_tag":[],"class_list":{"0":"post-4064","1":"product","2":"type-product","3":"status-publish","4":"has-post-thumbnail","6":"product_cat-861","7":"product_cat-wellness-ru","9":"first","10":"outofstock","11":"shipping-taxable","12":"purchasable","13":"product-type-simple"},"yoast_head":"<!-- This site is optimized with the Yoast SEO plugin v23.6 - https:\/\/yoast.com\/wordpress\/plugins\/seo\/ -->\n<title>Tiande dir\u017eas su turmalinu,1vnt. - TianDe Online Shop - Beauty &amp; Health<\/title>\n<meta name=\"robots\" content=\"index, follow, max-snippet:-1, max-image-preview:large, max-video-preview:-1\" \/>\n<link rel=\"canonical\" href=\"https:\/\/tiandeproducts.co.uk\/lt\/tiande-dirzas-su-turmalinu1vnt\/\" \/>\n<meta property=\"og:locale\" content=\"lt_LT\" \/>\n<meta property=\"og:type\" content=\"article\" \/>\n<meta property=\"og:title\" content=\"Tiande dir\u017eas su turmalinu,1vnt. - TianDe Online Shop - Beauty &amp; Health\" \/>\n<meta property=\"og:description\" content=\"\u00a0Earn 74 points worth \u00a33.70 when buying this product Laisv\u0117 ir komfortas kiekvienas \u017eingsnyje! Juosmens dir\u017eas su turmalinu: &#8211; paprasta ir lengva j\u012f naudoti; &#8211; padeda greitai su\u0161ilti audiniams; &#8211; suma\u017eina stres\u0105 po sporto ar kitos fizin\u0117s veiklos; &#8211; padeda stiprinti imunitet\u0105; &#8211; ma\u017eina stres\u0105 stuburo, dubens ir pilvo apa\u010dios srityse. Naudinga po sporto ar [...]\" \/>\n<meta property=\"og:url\" content=\"https:\/\/tiandeproducts.co.uk\/lt\/tiande-dirzas-su-turmalinu1vnt\/\" \/>\n<meta property=\"og:site_name\" content=\"TianDe Online Shop - Beauty &amp; Health\" \/>\n<meta property=\"article:publisher\" content=\"https:\/\/www.facebook.com\/tiande.products.england\/\" \/>\n<meta property=\"article:modified_time\" content=\"2021-02-12T12:00:07+00:00\" \/>\n<meta property=\"og:image\" content=\"https:\/\/tiandeproducts.co.uk\/wp-content\/uploads\/2018\/07\/30126.jpg\" \/>\n\t<meta property=\"og:image:width\" content=\"700\" \/>\n\t<meta property=\"og:image:height\" content=\"700\" \/>\n\t<meta property=\"og:image:type\" content=\"image\/jpeg\" \/>\n<meta name=\"twitter:card\" content=\"summary_large_image\" \/>\n<meta name=\"twitter:label1\" content=\"Est. reading time\" \/>\n\t<meta name=\"twitter:data1\" content=\"1 minut\u0117\" \/>\n<script type=\"application\/ld+json\" class=\"yoast-schema-graph\">{\"@context\":\"https:\/\/schema.org\",\"@graph\":[{\"@type\":\"WebPage\",\"@id\":\"https:\/\/tiandeproducts.co.uk\/lt\/tiande-dirzas-su-turmalinu1vnt\/\",\"url\":\"https:\/\/tiandeproducts.co.uk\/lt\/tiande-dirzas-su-turmalinu1vnt\/\",\"name\":\"Tiande dir\u017eas su turmalinu,1vnt. - TianDe Online Shop - Beauty &amp; Health\",\"isPartOf\":{\"@id\":\"https:\/\/tiandeproducts.co.uk\/#website\"},\"primaryImageOfPage\":{\"@id\":\"https:\/\/tiandeproducts.co.uk\/lt\/tiande-dirzas-su-turmalinu1vnt\/#primaryimage\"},\"image\":{\"@id\":\"https:\/\/tiandeproducts.co.uk\/lt\/tiande-dirzas-su-turmalinu1vnt\/#primaryimage\"},\"thumbnailUrl\":\"https:\/\/tiandeproducts.co.uk\/wp-content\/uploads\/2018\/07\/30126.jpg\",\"datePublished\":\"2018-07-17T16:51:04+00:00\",\"dateModified\":\"2021-02-12T12:00:07+00:00\",\"breadcrumb\":{\"@id\":\"https:\/\/tiandeproducts.co.uk\/lt\/tiande-dirzas-su-turmalinu1vnt\/#breadcrumb\"},\"inLanguage\":\"lt-LT\",\"potentialAction\":[{\"@type\":\"ReadAction\",\"target\":[\"https:\/\/tiandeproducts.co.uk\/lt\/tiande-dirzas-su-turmalinu1vnt\/\"]}]},{\"@type\":\"ImageObject\",\"inLanguage\":\"lt-LT\",\"@id\":\"https:\/\/tiandeproducts.co.uk\/lt\/tiande-dirzas-su-turmalinu1vnt\/#primaryimage\",\"url\":\"https:\/\/tiandeproducts.co.uk\/wp-content\/uploads\/2018\/07\/30126.jpg\",\"contentUrl\":\"https:\/\/tiandeproducts.co.uk\/wp-content\/uploads\/2018\/07\/30126.jpg\",\"width\":700,\"height\":700,\"caption\":\"Tiande Tourmaline Spot Application Belt,1pc-0\"},{\"@type\":\"BreadcrumbList\",\"@id\":\"https:\/\/tiandeproducts.co.uk\/lt\/tiande-dirzas-su-turmalinu1vnt\/#breadcrumb\",\"itemListElement\":[{\"@type\":\"ListItem\",\"position\":1,\"name\":\"Home\",\"item\":\"https:\/\/tiandeproducts.co.uk\/lt\/\"},{\"@type\":\"ListItem\",\"position\":2,\"name\":\"Shop\",\"item\":\"https:\/\/tiandeproducts.co.uk\/lt\/shop-2\/\"},{\"@type\":\"ListItem\",\"position\":3,\"name\":\"Tiande dir\u017eas su turmalinu,1vnt.\"}]},{\"@type\":\"WebSite\",\"@id\":\"https:\/\/tiandeproducts.co.uk\/#website\",\"url\":\"https:\/\/tiandeproducts.co.uk\/\",\"name\":\"TianDe Online Shop - Beauty & Health\",\"description\":\"Traditional Chinese Medicine\",\"potentialAction\":[{\"@type\":\"SearchAction\",\"target\":{\"@type\":\"EntryPoint\",\"urlTemplate\":\"https:\/\/tiandeproducts.co.uk\/?s={search_term_string}\"},\"query-input\":{\"@type\":\"PropertyValueSpecification\",\"valueRequired\":true,\"valueName\":\"search_term_string\"}}],\"inLanguage\":\"lt-LT\"}]}<\/script>\n<!-- \/ Yoast SEO plugin. -->","yoast_head_json":{"title":"Tiande dir\u017eas su turmalinu,1vnt. - TianDe Online Shop - Beauty &amp; Health","robots":{"index":"index","follow":"follow","max-snippet":"max-snippet:-1","max-image-preview":"max-image-preview:large","max-video-preview":"max-video-preview:-1"},"canonical":"https:\/\/tiandeproducts.co.uk\/lt\/tiande-dirzas-su-turmalinu1vnt\/","og_locale":"lt_LT","og_type":"article","og_title":"Tiande dir\u017eas su turmalinu,1vnt. - TianDe Online Shop - Beauty &amp; Health","og_description":"\u00a0Earn 74 points worth \u00a33.70 when buying this product Laisv\u0117 ir komfortas kiekvienas \u017eingsnyje! Juosmens dir\u017eas su turmalinu: &#8211; paprasta ir lengva j\u012f naudoti; &#8211; padeda greitai su\u0161ilti audiniams; &#8211; suma\u017eina stres\u0105 po sporto ar kitos fizin\u0117s veiklos; &#8211; padeda stiprinti imunitet\u0105; &#8211; ma\u017eina stres\u0105 stuburo, dubens ir pilvo apa\u010dios srityse. Naudinga po sporto ar [...]","og_url":"https:\/\/tiandeproducts.co.uk\/lt\/tiande-dirzas-su-turmalinu1vnt\/","og_site_name":"TianDe Online Shop - Beauty &amp; Health","article_publisher":"https:\/\/www.facebook.com\/tiande.products.england\/","article_modified_time":"2021-02-12T12:00:07+00:00","og_image":[{"width":700,"height":700,"url":"https:\/\/tiandeproducts.co.uk\/wp-content\/uploads\/2018\/07\/30126.jpg","type":"image\/jpeg"}],"twitter_card":"summary_large_image","twitter_misc":{"Est. reading time":"1 minut\u0117"},"schema":{"@context":"https:\/\/schema.org","@graph":[{"@type":"WebPage","@id":"https:\/\/tiandeproducts.co.uk\/lt\/tiande-dirzas-su-turmalinu1vnt\/","url":"https:\/\/tiandeproducts.co.uk\/lt\/tiande-dirzas-su-turmalinu1vnt\/","name":"Tiande dir\u017eas su turmalinu,1vnt. - TianDe Online Shop - Beauty &amp; Health","isPartOf":{"@id":"https:\/\/tiandeproducts.co.uk\/#website"},"primaryImageOfPage":{"@id":"https:\/\/tiandeproducts.co.uk\/lt\/tiande-dirzas-su-turmalinu1vnt\/#primaryimage"},"image":{"@id":"https:\/\/tiandeproducts.co.uk\/lt\/tiande-dirzas-su-turmalinu1vnt\/#primaryimage"},"thumbnailUrl":"https:\/\/tiandeproducts.co.uk\/wp-content\/uploads\/2018\/07\/30126.jpg","datePublished":"2018-07-17T16:51:04+00:00","dateModified":"2021-02-12T12:00:07+00:00","breadcrumb":{"@id":"https:\/\/tiandeproducts.co.uk\/lt\/tiande-dirzas-su-turmalinu1vnt\/#breadcrumb"},"inLanguage":"lt-LT","potentialAction":[{"@type":"ReadAction","target":["https:\/\/tiandeproducts.co.uk\/lt\/tiande-dirzas-su-turmalinu1vnt\/"]}]},{"@type":"ImageObject","inLanguage":"lt-LT","@id":"https:\/\/tiandeproducts.co.uk\/lt\/tiande-dirzas-su-turmalinu1vnt\/#primaryimage","url":"https:\/\/tiandeproducts.co.uk\/wp-content\/uploads\/2018\/07\/30126.jpg","contentUrl":"https:\/\/tiandeproducts.co.uk\/wp-content\/uploads\/2018\/07\/30126.jpg","width":700,"height":700,"caption":"Tiande Tourmaline Spot Application Belt,1pc-0"},{"@type":"BreadcrumbList","@id":"https:\/\/tiandeproducts.co.uk\/lt\/tiande-dirzas-su-turmalinu1vnt\/#breadcrumb","itemListElement":[{"@type":"ListItem","position":1,"name":"Home","item":"https:\/\/tiandeproducts.co.uk\/lt\/"},{"@type":"ListItem","position":2,"name":"Shop","item":"https:\/\/tiandeproducts.co.uk\/lt\/shop-2\/"},{"@type":"ListItem","position":3,"name":"Tiande dir\u017eas su turmalinu,1vnt."}]},{"@type":"WebSite","@id":"https:\/\/tiandeproducts.co.uk\/#website","url":"https:\/\/tiandeproducts.co.uk\/","name":"TianDe Online Shop - Beauty & Health","description":"Traditional Chinese Medicine","potentialAction":[{"@type":"SearchAction","target":{"@type":"EntryPoint","urlTemplate":"https:\/\/tiandeproducts.co.uk\/?s={search_term_string}"},"query-input":{"@type":"PropertyValueSpecification","valueRequired":true,"valueName":"search_term_string"}}],"inLanguage":"lt-LT"}]}},"_links":{"self":[{"href":"https:\/\/tiandeproducts.co.uk\/lt\/wp-json\/wp\/v2\/product\/4064","targetHints":{"allow":["GET"]}}],"collection":[{"href":"https:\/\/tiandeproducts.co.uk\/lt\/wp-json\/wp\/v2\/product"}],"about":[{"href":"https:\/\/tiandeproducts.co.uk\/lt\/wp-json\/wp\/v2\/types\/product"}],"replies":[{"embeddable":true,"href":"https:\/\/tiandeproducts.co.uk\/lt\/wp-json\/wp\/v2\/comments?post=4064"}],"wp:featuredmedia":[{"embeddable":true,"href":"https:\/\/tiandeproducts.co.uk\/lt\/wp-json\/wp\/v2\/media\/1941"}],"wp:attachment":[{"href":"https:\/\/tiandeproducts.co.uk\/lt\/wp-json\/wp\/v2\/media?parent=4064"}],"wp:term":[{"taxonomy":"product_cat","embeddable":true,"href":"https:\/\/tiandeproducts.co.uk\/lt\/wp-json\/wp\/v2\/product_cat?post=4064"},{"taxonomy":"product_tag","embeddable":true,"href":"https:\/\/tiandeproducts.co.uk\/lt\/wp-json\/wp\/v2\/product_tag?post=4064"}],"curies":[{"name":"wp","href":"https:\/\/api.w.org\/{rel}","templated":true}]}}