{"id":4063,"date":"2018-07-19T17:41:28","date_gmt":"2018-07-19T16:41:28","guid":{"rendered":"https:\/\/tnd.ontesting.co.uk\/druska-kunui-karstas-imbieras-150-g\/"},"modified":"2021-02-12T11:56:28","modified_gmt":"2021-02-12T11:56:28","slug":"druska-kunui-karstas-imbieras-150-g","status":"publish","type":"product","link":"https:\/\/tiandeproducts.co.uk\/lt\/druska-kunui-karstas-imbieras-150-g\/","title":{"rendered":"Druska k\u016bnui &#8222;Kar\u0161tas imbieras&#8221; 150 g."},"content":{"rendered":"<p><img decoding=\"async\" style=\"max-width: 16px; margin-right: 5px;\" src=\"https:\/\/tiandeproducts.co.uk\/wp-content\/uploads\/points-green.svg\" \/>\u00a0Earn 8 points worth \u00a30.40 when buying this product<\/p>\n<p>&#8222;Sudegina&#8221; k\u016bno tr\u016bkumus, &#8222;\u0161ildo&#8221; meil\u0119 sau!<br \/>\nK\u016bno druska &#8222;Kar\u0161tas imbieras&#8221; pad\u0117s &#8222;sudeginti&#8221; k\u016bno netobulumus! Imbieras kartu su j\u016bros druska suteiks J\u016bs\u0173 odai lygum\u0105 ir \u0161ilkinio \u0161velnum\u0105, pad\u0117s suma\u017einti celiulit\u0105 ir sustangrinti od\u0105. Ji turi dvigub\u0105 poveik\u012f:<br \/>\n&#8211; imbieras taip \u0161ildo od\u0105, kad pagerina mikrocirkuliacij\u0105;<br \/>\n<span class=\"text_exposed_show\">&#8211; j\u016bros druska puikiai valo, nu\u0161vei\u010dia vir\u0161utin\u012f negyv\u0105 epidermio sluoksn\u012f.<br \/>\nRezultatas: padid\u0117ja odos elastingumas ir tonusas, oda prisisotina svarbi\u0173 ir nauding\u0173 element\u0173. Kristalin\u0117 druskos liesdama od\u0105 suteikia puik\u0173 masa\u017ein\u012f efekt\u0105. Reguliariai atlikite proced\u016bras ir su kiekviena proced\u016bra J\u016bs\u0173 oda atrodys geriau!<\/span><\/p>\n<p><span class=\"text_exposed_show\"><strong>Naudojimas:<\/strong> tepkite ant problemini\u0173 sri\u010di\u0173, \u012fmasa\u017euokite, tada nuplaukite tekan\u010diu vandeniu.<\/span><\/p>\n","protected":false},"excerpt":{"rendered":"<p>\u00a0Earn 8 points worth \u00a30.40 when buying this product &#8222;Sudegina&#8221; k\u016bno tr\u016bkumus, &#8222;\u0161ildo&#8221; meil\u0119 sau! K\u016bno druska &#8222;Kar\u0161tas imbieras&#8221; pad\u0117s &#8222;sudeginti&#8221; k\u016bno netobulumus! Imbieras kartu su j\u016bros druska suteiks J\u016bs\u0173 odai lygum\u0105 ir \u0161ilkinio \u0161velnum\u0105, pad\u0117s suma\u017einti celiulit\u0105 ir sustangrinti od\u0105. Ji turi dvigub\u0105 poveik\u012f: &#8211; imbieras taip \u0161ildo od\u0105, kad pagerina mikrocirkuliacij\u0105; &#8211; j\u016bros [&#8230;]\n","protected":false},"featured_media":1961,"comment_status":"closed","ping_status":"closed","template":"","meta":[],"product_cat":[507,497,517,519],"product_tag":[],"class_list":{"0":"post-4063","1":"product","2":"type-product","3":"status-publish","4":"has-post-thumbnail","6":"product_cat-anti-celiulitine-programa","7":"product_cat-kunui","8":"product_cat-pilingai-ir-druskos","9":"product_cat-spa-technology-lt","11":"first","12":"outofstock","13":"shipping-taxable","14":"purchasable","15":"product-type-simple"},"yoast_head":"<!-- This site is optimized with the Yoast SEO plugin v23.6 - https:\/\/yoast.com\/wordpress\/plugins\/seo\/ -->\n<title>Druska k\u016bnui &quot;Kar\u0161tas imbieras&quot; 150 g. - TianDe Online Shop - Beauty &amp; Health<\/title>\n<meta name=\"robots\" content=\"index, follow, max-snippet:-1, max-image-preview:large, max-video-preview:-1\" \/>\n<link rel=\"canonical\" href=\"https:\/\/tiandeproducts.co.uk\/lt\/druska-kunui-karstas-imbieras-150-g\/\" \/>\n<meta property=\"og:locale\" content=\"lt_LT\" \/>\n<meta property=\"og:type\" content=\"article\" \/>\n<meta property=\"og:title\" content=\"Druska k\u016bnui &quot;Kar\u0161tas imbieras&quot; 150 g. - TianDe Online Shop - Beauty &amp; Health\" \/>\n<meta property=\"og:description\" content=\"\u00a0Earn 8 points worth \u00a30.40 when buying this product &#8222;Sudegina&#8221; k\u016bno tr\u016bkumus, &#8222;\u0161ildo&#8221; meil\u0119 sau! K\u016bno druska &#8222;Kar\u0161tas imbieras&#8221; pad\u0117s &#8222;sudeginti&#8221; k\u016bno netobulumus! Imbieras kartu su j\u016bros druska suteiks J\u016bs\u0173 odai lygum\u0105 ir \u0161ilkinio \u0161velnum\u0105, pad\u0117s suma\u017einti celiulit\u0105 ir sustangrinti od\u0105. Ji turi dvigub\u0105 poveik\u012f: &#8211; imbieras taip \u0161ildo od\u0105, kad pagerina mikrocirkuliacij\u0105; &#8211; j\u016bros [...]\" \/>\n<meta property=\"og:url\" content=\"https:\/\/tiandeproducts.co.uk\/lt\/druska-kunui-karstas-imbieras-150-g\/\" \/>\n<meta property=\"og:site_name\" content=\"TianDe Online Shop - Beauty &amp; Health\" \/>\n<meta property=\"article:publisher\" content=\"https:\/\/www.facebook.com\/tiande.products.england\/\" \/>\n<meta property=\"article:modified_time\" content=\"2021-02-12T11:56:28+00:00\" \/>\n<meta property=\"og:image\" content=\"https:\/\/tiandeproducts.co.uk\/wp-content\/uploads\/2018\/07\/30258.jpg\" \/>\n\t<meta property=\"og:image:width\" content=\"700\" \/>\n\t<meta property=\"og:image:height\" content=\"700\" \/>\n\t<meta property=\"og:image:type\" content=\"image\/jpeg\" \/>\n<meta name=\"twitter:card\" content=\"summary_large_image\" \/>\n<meta name=\"twitter:label1\" content=\"Est. reading time\" \/>\n\t<meta name=\"twitter:data1\" content=\"1 minut\u0117\" \/>\n<script type=\"application\/ld+json\" class=\"yoast-schema-graph\">{\"@context\":\"https:\/\/schema.org\",\"@graph\":[{\"@type\":\"WebPage\",\"@id\":\"https:\/\/tiandeproducts.co.uk\/lt\/druska-kunui-karstas-imbieras-150-g\/\",\"url\":\"https:\/\/tiandeproducts.co.uk\/lt\/druska-kunui-karstas-imbieras-150-g\/\",\"name\":\"Druska k\u016bnui \\\"Kar\u0161tas imbieras\\\" 150 g. - TianDe Online Shop - Beauty &amp; Health\",\"isPartOf\":{\"@id\":\"https:\/\/tiandeproducts.co.uk\/#website\"},\"primaryImageOfPage\":{\"@id\":\"https:\/\/tiandeproducts.co.uk\/lt\/druska-kunui-karstas-imbieras-150-g\/#primaryimage\"},\"image\":{\"@id\":\"https:\/\/tiandeproducts.co.uk\/lt\/druska-kunui-karstas-imbieras-150-g\/#primaryimage\"},\"thumbnailUrl\":\"https:\/\/tiandeproducts.co.uk\/wp-content\/uploads\/2018\/07\/30258.jpg\",\"datePublished\":\"2018-07-19T16:41:28+00:00\",\"dateModified\":\"2021-02-12T11:56:28+00:00\",\"breadcrumb\":{\"@id\":\"https:\/\/tiandeproducts.co.uk\/lt\/druska-kunui-karstas-imbieras-150-g\/#breadcrumb\"},\"inLanguage\":\"lt-LT\",\"potentialAction\":[{\"@type\":\"ReadAction\",\"target\":[\"https:\/\/tiandeproducts.co.uk\/lt\/druska-kunui-karstas-imbieras-150-g\/\"]}]},{\"@type\":\"ImageObject\",\"inLanguage\":\"lt-LT\",\"@id\":\"https:\/\/tiandeproducts.co.uk\/lt\/druska-kunui-karstas-imbieras-150-g\/#primaryimage\",\"url\":\"https:\/\/tiandeproducts.co.uk\/wp-content\/uploads\/2018\/07\/30258.jpg\",\"contentUrl\":\"https:\/\/tiandeproducts.co.uk\/wp-content\/uploads\/2018\/07\/30258.jpg\",\"width\":700,\"height\":700,\"caption\":\"SPA Technology Hot Ginger Body Salt,150g-0\"},{\"@type\":\"BreadcrumbList\",\"@id\":\"https:\/\/tiandeproducts.co.uk\/lt\/druska-kunui-karstas-imbieras-150-g\/#breadcrumb\",\"itemListElement\":[{\"@type\":\"ListItem\",\"position\":1,\"name\":\"Home\",\"item\":\"https:\/\/tiandeproducts.co.uk\/lt\/\"},{\"@type\":\"ListItem\",\"position\":2,\"name\":\"Shop\",\"item\":\"https:\/\/tiandeproducts.co.uk\/lt\/shop-2\/\"},{\"@type\":\"ListItem\",\"position\":3,\"name\":\"Druska k\u016bnui &#8220;Kar\u0161tas imbieras&#8221; 150 g.\"}]},{\"@type\":\"WebSite\",\"@id\":\"https:\/\/tiandeproducts.co.uk\/#website\",\"url\":\"https:\/\/tiandeproducts.co.uk\/\",\"name\":\"TianDe Online Shop - Beauty & Health\",\"description\":\"Traditional Chinese Medicine\",\"potentialAction\":[{\"@type\":\"SearchAction\",\"target\":{\"@type\":\"EntryPoint\",\"urlTemplate\":\"https:\/\/tiandeproducts.co.uk\/?s={search_term_string}\"},\"query-input\":{\"@type\":\"PropertyValueSpecification\",\"valueRequired\":true,\"valueName\":\"search_term_string\"}}],\"inLanguage\":\"lt-LT\"}]}<\/script>\n<!-- \/ Yoast SEO plugin. -->","yoast_head_json":{"title":"Druska k\u016bnui \"Kar\u0161tas imbieras\" 150 g. - TianDe Online Shop - Beauty &amp; Health","robots":{"index":"index","follow":"follow","max-snippet":"max-snippet:-1","max-image-preview":"max-image-preview:large","max-video-preview":"max-video-preview:-1"},"canonical":"https:\/\/tiandeproducts.co.uk\/lt\/druska-kunui-karstas-imbieras-150-g\/","og_locale":"lt_LT","og_type":"article","og_title":"Druska k\u016bnui \"Kar\u0161tas imbieras\" 150 g. - TianDe Online Shop - Beauty &amp; Health","og_description":"\u00a0Earn 8 points worth \u00a30.40 when buying this product &#8222;Sudegina&#8221; k\u016bno tr\u016bkumus, &#8222;\u0161ildo&#8221; meil\u0119 sau! K\u016bno druska &#8222;Kar\u0161tas imbieras&#8221; pad\u0117s &#8222;sudeginti&#8221; k\u016bno netobulumus! Imbieras kartu su j\u016bros druska suteiks J\u016bs\u0173 odai lygum\u0105 ir \u0161ilkinio \u0161velnum\u0105, pad\u0117s suma\u017einti celiulit\u0105 ir sustangrinti od\u0105. Ji turi dvigub\u0105 poveik\u012f: &#8211; imbieras taip \u0161ildo od\u0105, kad pagerina mikrocirkuliacij\u0105; &#8211; j\u016bros [...]","og_url":"https:\/\/tiandeproducts.co.uk\/lt\/druska-kunui-karstas-imbieras-150-g\/","og_site_name":"TianDe Online Shop - Beauty &amp; Health","article_publisher":"https:\/\/www.facebook.com\/tiande.products.england\/","article_modified_time":"2021-02-12T11:56:28+00:00","og_image":[{"width":700,"height":700,"url":"https:\/\/tiandeproducts.co.uk\/wp-content\/uploads\/2018\/07\/30258.jpg","type":"image\/jpeg"}],"twitter_card":"summary_large_image","twitter_misc":{"Est. reading time":"1 minut\u0117"},"schema":{"@context":"https:\/\/schema.org","@graph":[{"@type":"WebPage","@id":"https:\/\/tiandeproducts.co.uk\/lt\/druska-kunui-karstas-imbieras-150-g\/","url":"https:\/\/tiandeproducts.co.uk\/lt\/druska-kunui-karstas-imbieras-150-g\/","name":"Druska k\u016bnui \"Kar\u0161tas imbieras\" 150 g. - TianDe Online Shop - Beauty &amp; Health","isPartOf":{"@id":"https:\/\/tiandeproducts.co.uk\/#website"},"primaryImageOfPage":{"@id":"https:\/\/tiandeproducts.co.uk\/lt\/druska-kunui-karstas-imbieras-150-g\/#primaryimage"},"image":{"@id":"https:\/\/tiandeproducts.co.uk\/lt\/druska-kunui-karstas-imbieras-150-g\/#primaryimage"},"thumbnailUrl":"https:\/\/tiandeproducts.co.uk\/wp-content\/uploads\/2018\/07\/30258.jpg","datePublished":"2018-07-19T16:41:28+00:00","dateModified":"2021-02-12T11:56:28+00:00","breadcrumb":{"@id":"https:\/\/tiandeproducts.co.uk\/lt\/druska-kunui-karstas-imbieras-150-g\/#breadcrumb"},"inLanguage":"lt-LT","potentialAction":[{"@type":"ReadAction","target":["https:\/\/tiandeproducts.co.uk\/lt\/druska-kunui-karstas-imbieras-150-g\/"]}]},{"@type":"ImageObject","inLanguage":"lt-LT","@id":"https:\/\/tiandeproducts.co.uk\/lt\/druska-kunui-karstas-imbieras-150-g\/#primaryimage","url":"https:\/\/tiandeproducts.co.uk\/wp-content\/uploads\/2018\/07\/30258.jpg","contentUrl":"https:\/\/tiandeproducts.co.uk\/wp-content\/uploads\/2018\/07\/30258.jpg","width":700,"height":700,"caption":"SPA Technology Hot Ginger Body Salt,150g-0"},{"@type":"BreadcrumbList","@id":"https:\/\/tiandeproducts.co.uk\/lt\/druska-kunui-karstas-imbieras-150-g\/#breadcrumb","itemListElement":[{"@type":"ListItem","position":1,"name":"Home","item":"https:\/\/tiandeproducts.co.uk\/lt\/"},{"@type":"ListItem","position":2,"name":"Shop","item":"https:\/\/tiandeproducts.co.uk\/lt\/shop-2\/"},{"@type":"ListItem","position":3,"name":"Druska k\u016bnui &#8220;Kar\u0161tas imbieras&#8221; 150 g."}]},{"@type":"WebSite","@id":"https:\/\/tiandeproducts.co.uk\/#website","url":"https:\/\/tiandeproducts.co.uk\/","name":"TianDe Online Shop - Beauty & Health","description":"Traditional Chinese Medicine","potentialAction":[{"@type":"SearchAction","target":{"@type":"EntryPoint","urlTemplate":"https:\/\/tiandeproducts.co.uk\/?s={search_term_string}"},"query-input":{"@type":"PropertyValueSpecification","valueRequired":true,"valueName":"search_term_string"}}],"inLanguage":"lt-LT"}]}},"_links":{"self":[{"href":"https:\/\/tiandeproducts.co.uk\/lt\/wp-json\/wp\/v2\/product\/4063","targetHints":{"allow":["GET"]}}],"collection":[{"href":"https:\/\/tiandeproducts.co.uk\/lt\/wp-json\/wp\/v2\/product"}],"about":[{"href":"https:\/\/tiandeproducts.co.uk\/lt\/wp-json\/wp\/v2\/types\/product"}],"replies":[{"embeddable":true,"href":"https:\/\/tiandeproducts.co.uk\/lt\/wp-json\/wp\/v2\/comments?post=4063"}],"wp:featuredmedia":[{"embeddable":true,"href":"https:\/\/tiandeproducts.co.uk\/lt\/wp-json\/wp\/v2\/media\/1961"}],"wp:attachment":[{"href":"https:\/\/tiandeproducts.co.uk\/lt\/wp-json\/wp\/v2\/media?parent=4063"}],"wp:term":[{"taxonomy":"product_cat","embeddable":true,"href":"https:\/\/tiandeproducts.co.uk\/lt\/wp-json\/wp\/v2\/product_cat?post=4063"},{"taxonomy":"product_tag","embeddable":true,"href":"https:\/\/tiandeproducts.co.uk\/lt\/wp-json\/wp\/v2\/product_tag?post=4063"}],"curies":[{"name":"wp","href":"https:\/\/api.w.org\/{rel}","templated":true}]}}