{"id":4060,"date":"2018-09-06T15:42:57","date_gmt":"2018-09-06T14:42:57","guid":{"rendered":"https:\/\/tnd.ontesting.co.uk\/argininu-ir-glicinu-praturtinta-zele-21-vnt-po-8-g\/"},"modified":"2019-09-17T13:28:24","modified_gmt":"2019-09-17T12:28:24","slug":"argininu-ir-glicinu-praturtinta-zele-21-vnt-po-8-g","status":"publish","type":"product","link":"https:\/\/tiandeproducts.co.uk\/lt\/argininu-ir-glicinu-praturtinta-zele-21-vnt-po-8-g\/","title":{"rendered":"Argininu ir glicinu praturtinta \u017eel\u0117 21 vnt. po 8 g."},"content":{"rendered":"<p>U\u017etikrink savo organizmui nuolatinio daugialypio u\u017eimtumo s\u0105lygas! Argininu ir glicinu praturtinta \u017eel\u0117 sukurta specialiai tiems, kurie nori daug susp\u0117ti ir \u012fgyvendinti visus planus. \u017del\u0117 turi organizmui svarbiausi\u0173 med\u017eiag\u0173 &#8211; aminor\u016bg\u0161ties L arginino ir glicino, kuri\u0173 poveik\u012f sustiprina vitaminas \u04125. D\u0117l savo aktyvi\u0173 komponent\u0173, jauniems \u017emon\u0117ms ji garantuos \u017evalumo ir gero nuotaikos u\u017etais\u0105: susitikim\u0105 su draugais, puikiais pa\u017eymiais, i\u0161laikyta sesija ir laisvalaikis sporto aik\u0161tel\u0117se &#8211; su \u017eel\u0117 viskas paprasta! Ji pasir\u016bpins aktyvia veikla ir puikia vidutinio am\u017eiaus ir pagyvenusi\u0173 \u017emoni\u0173 savijauta.<br \/>\nAktyv\u016bs komplekso komponentai padeda:<br \/>\n&#8211; palaikyti energijos potencial\u0105;<br \/>\n&#8211; teigiamai veikti imunitet\u0105;<br \/>\n&#8211; gerinti nuotaik\u0105, semtis pozityvi\u0173 min\u010di\u0173;<br \/>\n&#8211; lengviau susidoroti su stresu, kur\u012f sukelia kasdieninis pervargimas ir nuolatinis informacijos srautas.<\/p>\n<p><strong>Vartojimas:<\/strong> suaugusiesiems kiekvien\u0105 dien\u0105 1 paket\u0117lio pakuot\u0117 per dien\u0105 valgio metu. Pri\u0117mimo trukm\u0117 &#8211; 3 savait\u0117s. Siekiant didesnio efektyvumo, galite pakartoti kurs\u0105.<\/p>\n","protected":false},"excerpt":{"rendered":"<p>U\u017etikrink savo organizmui nuolatinio daugialypio u\u017eimtumo s\u0105lygas! Argininu ir glicinu praturtinta \u017eel\u0117 sukurta specialiai tiems, kurie nori daug susp\u0117ti ir \u012fgyvendinti visus planus. \u017del\u0117 turi organizmui svarbiausi\u0173 med\u017eiag\u0173 &#8211; aminor\u016bg\u0161ties L arginino ir glicino, kuri\u0173 poveik\u012f sustiprina vitaminas \u04125. D\u0117l savo aktyvi\u0173 komponent\u0173, jauniems \u017emon\u0117ms ji garantuos \u017evalumo ir gero nuotaikos u\u017etais\u0105: susitikim\u0105 su draugais, [&#8230;]\n","protected":false},"featured_media":3547,"comment_status":"closed","ping_status":"closed","template":"","meta":[],"product_cat":[719,725,718],"product_tag":[],"class_list":{"0":"post-4060","1":"product","2":"type-product","3":"status-publish","4":"has-post-thumbnail","6":"product_cat-active-life-lt","7":"product_cat-maisto-papildaivitaminai","8":"product_cat-sveikata-lt","10":"first","11":"outofstock","12":"shipping-taxable","13":"purchasable","14":"product-type-simple"},"yoast_head":"<!-- This site is optimized with the Yoast SEO plugin v23.6 - https:\/\/yoast.com\/wordpress\/plugins\/seo\/ -->\n<title>Argininu ir glicinu praturtinta \u017eel\u0117 21 vnt. po 8 g. - TianDe Online Shop - Beauty &amp; Health<\/title>\n<meta name=\"robots\" content=\"index, follow, max-snippet:-1, max-image-preview:large, max-video-preview:-1\" \/>\n<link rel=\"canonical\" href=\"https:\/\/tiandeproducts.co.uk\/lt\/argininu-ir-glicinu-praturtinta-zele-21-vnt-po-8-g\/\" \/>\n<meta property=\"og:locale\" content=\"lt_LT\" \/>\n<meta property=\"og:type\" content=\"article\" \/>\n<meta property=\"og:title\" content=\"Argininu ir glicinu praturtinta \u017eel\u0117 21 vnt. po 8 g. - TianDe Online Shop - Beauty &amp; Health\" \/>\n<meta property=\"og:description\" content=\"U\u017etikrink savo organizmui nuolatinio daugialypio u\u017eimtumo s\u0105lygas! Argininu ir glicinu praturtinta \u017eel\u0117 sukurta specialiai tiems, kurie nori daug susp\u0117ti ir \u012fgyvendinti visus planus. \u017del\u0117 turi organizmui svarbiausi\u0173 med\u017eiag\u0173 &#8211; aminor\u016bg\u0161ties L arginino ir glicino, kuri\u0173 poveik\u012f sustiprina vitaminas \u04125. D\u0117l savo aktyvi\u0173 komponent\u0173, jauniems \u017emon\u0117ms ji garantuos \u017evalumo ir gero nuotaikos u\u017etais\u0105: susitikim\u0105 su draugais, [...]\" \/>\n<meta property=\"og:url\" content=\"https:\/\/tiandeproducts.co.uk\/lt\/argininu-ir-glicinu-praturtinta-zele-21-vnt-po-8-g\/\" \/>\n<meta property=\"og:site_name\" content=\"TianDe Online Shop - Beauty &amp; Health\" \/>\n<meta property=\"article:publisher\" content=\"https:\/\/www.facebook.com\/tiande.products.england\/\" \/>\n<meta property=\"article:modified_time\" content=\"2019-09-17T12:28:24+00:00\" \/>\n<meta property=\"og:image\" content=\"https:\/\/tiandeproducts.co.uk\/wp-content\/uploads\/135413.png\" \/>\n\t<meta property=\"og:image:width\" content=\"700\" \/>\n\t<meta property=\"og:image:height\" content=\"700\" \/>\n\t<meta property=\"og:image:type\" content=\"image\/png\" \/>\n<meta name=\"twitter:card\" content=\"summary_large_image\" \/>\n<meta name=\"twitter:label1\" content=\"Est. reading time\" \/>\n\t<meta name=\"twitter:data1\" content=\"1 minut\u0117\" \/>\n<script type=\"application\/ld+json\" class=\"yoast-schema-graph\">{\"@context\":\"https:\/\/schema.org\",\"@graph\":[{\"@type\":\"WebPage\",\"@id\":\"https:\/\/tiandeproducts.co.uk\/lt\/argininu-ir-glicinu-praturtinta-zele-21-vnt-po-8-g\/\",\"url\":\"https:\/\/tiandeproducts.co.uk\/lt\/argininu-ir-glicinu-praturtinta-zele-21-vnt-po-8-g\/\",\"name\":\"Argininu ir glicinu praturtinta \u017eel\u0117 21 vnt. po 8 g. - TianDe Online Shop - Beauty &amp; Health\",\"isPartOf\":{\"@id\":\"https:\/\/tiandeproducts.co.uk\/#website\"},\"primaryImageOfPage\":{\"@id\":\"https:\/\/tiandeproducts.co.uk\/lt\/argininu-ir-glicinu-praturtinta-zele-21-vnt-po-8-g\/#primaryimage\"},\"image\":{\"@id\":\"https:\/\/tiandeproducts.co.uk\/lt\/argininu-ir-glicinu-praturtinta-zele-21-vnt-po-8-g\/#primaryimage\"},\"thumbnailUrl\":\"https:\/\/tiandeproducts.co.uk\/wp-content\/uploads\/135413.png\",\"datePublished\":\"2018-09-06T14:42:57+00:00\",\"dateModified\":\"2019-09-17T12:28:24+00:00\",\"breadcrumb\":{\"@id\":\"https:\/\/tiandeproducts.co.uk\/lt\/argininu-ir-glicinu-praturtinta-zele-21-vnt-po-8-g\/#breadcrumb\"},\"inLanguage\":\"lt-LT\",\"potentialAction\":[{\"@type\":\"ReadAction\",\"target\":[\"https:\/\/tiandeproducts.co.uk\/lt\/argininu-ir-glicinu-praturtinta-zele-21-vnt-po-8-g\/\"]}]},{\"@type\":\"ImageObject\",\"inLanguage\":\"lt-LT\",\"@id\":\"https:\/\/tiandeproducts.co.uk\/lt\/argininu-ir-glicinu-praturtinta-zele-21-vnt-po-8-g\/#primaryimage\",\"url\":\"https:\/\/tiandeproducts.co.uk\/wp-content\/uploads\/135413.png\",\"contentUrl\":\"https:\/\/tiandeproducts.co.uk\/wp-content\/uploads\/135413.png\",\"width\":700,\"height\":700},{\"@type\":\"BreadcrumbList\",\"@id\":\"https:\/\/tiandeproducts.co.uk\/lt\/argininu-ir-glicinu-praturtinta-zele-21-vnt-po-8-g\/#breadcrumb\",\"itemListElement\":[{\"@type\":\"ListItem\",\"position\":1,\"name\":\"Home\",\"item\":\"https:\/\/tiandeproducts.co.uk\/lt\/\"},{\"@type\":\"ListItem\",\"position\":2,\"name\":\"Shop\",\"item\":\"https:\/\/tiandeproducts.co.uk\/lt\/shop-2\/\"},{\"@type\":\"ListItem\",\"position\":3,\"name\":\"Argininu ir glicinu praturtinta \u017eel\u0117 21 vnt. po 8 g.\"}]},{\"@type\":\"WebSite\",\"@id\":\"https:\/\/tiandeproducts.co.uk\/#website\",\"url\":\"https:\/\/tiandeproducts.co.uk\/\",\"name\":\"TianDe Online Shop - Beauty & Health\",\"description\":\"Traditional Chinese Medicine\",\"potentialAction\":[{\"@type\":\"SearchAction\",\"target\":{\"@type\":\"EntryPoint\",\"urlTemplate\":\"https:\/\/tiandeproducts.co.uk\/?s={search_term_string}\"},\"query-input\":{\"@type\":\"PropertyValueSpecification\",\"valueRequired\":true,\"valueName\":\"search_term_string\"}}],\"inLanguage\":\"lt-LT\"}]}<\/script>\n<!-- \/ Yoast SEO plugin. -->","yoast_head_json":{"title":"Argininu ir glicinu praturtinta \u017eel\u0117 21 vnt. po 8 g. - TianDe Online Shop - Beauty &amp; Health","robots":{"index":"index","follow":"follow","max-snippet":"max-snippet:-1","max-image-preview":"max-image-preview:large","max-video-preview":"max-video-preview:-1"},"canonical":"https:\/\/tiandeproducts.co.uk\/lt\/argininu-ir-glicinu-praturtinta-zele-21-vnt-po-8-g\/","og_locale":"lt_LT","og_type":"article","og_title":"Argininu ir glicinu praturtinta \u017eel\u0117 21 vnt. po 8 g. - TianDe Online Shop - Beauty &amp; Health","og_description":"U\u017etikrink savo organizmui nuolatinio daugialypio u\u017eimtumo s\u0105lygas! Argininu ir glicinu praturtinta \u017eel\u0117 sukurta specialiai tiems, kurie nori daug susp\u0117ti ir \u012fgyvendinti visus planus. \u017del\u0117 turi organizmui svarbiausi\u0173 med\u017eiag\u0173 &#8211; aminor\u016bg\u0161ties L arginino ir glicino, kuri\u0173 poveik\u012f sustiprina vitaminas \u04125. D\u0117l savo aktyvi\u0173 komponent\u0173, jauniems \u017emon\u0117ms ji garantuos \u017evalumo ir gero nuotaikos u\u017etais\u0105: susitikim\u0105 su draugais, [...]","og_url":"https:\/\/tiandeproducts.co.uk\/lt\/argininu-ir-glicinu-praturtinta-zele-21-vnt-po-8-g\/","og_site_name":"TianDe Online Shop - Beauty &amp; Health","article_publisher":"https:\/\/www.facebook.com\/tiande.products.england\/","article_modified_time":"2019-09-17T12:28:24+00:00","og_image":[{"width":700,"height":700,"url":"https:\/\/tiandeproducts.co.uk\/wp-content\/uploads\/135413.png","type":"image\/png"}],"twitter_card":"summary_large_image","twitter_misc":{"Est. reading time":"1 minut\u0117"},"schema":{"@context":"https:\/\/schema.org","@graph":[{"@type":"WebPage","@id":"https:\/\/tiandeproducts.co.uk\/lt\/argininu-ir-glicinu-praturtinta-zele-21-vnt-po-8-g\/","url":"https:\/\/tiandeproducts.co.uk\/lt\/argininu-ir-glicinu-praturtinta-zele-21-vnt-po-8-g\/","name":"Argininu ir glicinu praturtinta \u017eel\u0117 21 vnt. po 8 g. - TianDe Online Shop - Beauty &amp; Health","isPartOf":{"@id":"https:\/\/tiandeproducts.co.uk\/#website"},"primaryImageOfPage":{"@id":"https:\/\/tiandeproducts.co.uk\/lt\/argininu-ir-glicinu-praturtinta-zele-21-vnt-po-8-g\/#primaryimage"},"image":{"@id":"https:\/\/tiandeproducts.co.uk\/lt\/argininu-ir-glicinu-praturtinta-zele-21-vnt-po-8-g\/#primaryimage"},"thumbnailUrl":"https:\/\/tiandeproducts.co.uk\/wp-content\/uploads\/135413.png","datePublished":"2018-09-06T14:42:57+00:00","dateModified":"2019-09-17T12:28:24+00:00","breadcrumb":{"@id":"https:\/\/tiandeproducts.co.uk\/lt\/argininu-ir-glicinu-praturtinta-zele-21-vnt-po-8-g\/#breadcrumb"},"inLanguage":"lt-LT","potentialAction":[{"@type":"ReadAction","target":["https:\/\/tiandeproducts.co.uk\/lt\/argininu-ir-glicinu-praturtinta-zele-21-vnt-po-8-g\/"]}]},{"@type":"ImageObject","inLanguage":"lt-LT","@id":"https:\/\/tiandeproducts.co.uk\/lt\/argininu-ir-glicinu-praturtinta-zele-21-vnt-po-8-g\/#primaryimage","url":"https:\/\/tiandeproducts.co.uk\/wp-content\/uploads\/135413.png","contentUrl":"https:\/\/tiandeproducts.co.uk\/wp-content\/uploads\/135413.png","width":700,"height":700},{"@type":"BreadcrumbList","@id":"https:\/\/tiandeproducts.co.uk\/lt\/argininu-ir-glicinu-praturtinta-zele-21-vnt-po-8-g\/#breadcrumb","itemListElement":[{"@type":"ListItem","position":1,"name":"Home","item":"https:\/\/tiandeproducts.co.uk\/lt\/"},{"@type":"ListItem","position":2,"name":"Shop","item":"https:\/\/tiandeproducts.co.uk\/lt\/shop-2\/"},{"@type":"ListItem","position":3,"name":"Argininu ir glicinu praturtinta \u017eel\u0117 21 vnt. po 8 g."}]},{"@type":"WebSite","@id":"https:\/\/tiandeproducts.co.uk\/#website","url":"https:\/\/tiandeproducts.co.uk\/","name":"TianDe Online Shop - Beauty & Health","description":"Traditional Chinese Medicine","potentialAction":[{"@type":"SearchAction","target":{"@type":"EntryPoint","urlTemplate":"https:\/\/tiandeproducts.co.uk\/?s={search_term_string}"},"query-input":{"@type":"PropertyValueSpecification","valueRequired":true,"valueName":"search_term_string"}}],"inLanguage":"lt-LT"}]}},"_links":{"self":[{"href":"https:\/\/tiandeproducts.co.uk\/lt\/wp-json\/wp\/v2\/product\/4060","targetHints":{"allow":["GET"]}}],"collection":[{"href":"https:\/\/tiandeproducts.co.uk\/lt\/wp-json\/wp\/v2\/product"}],"about":[{"href":"https:\/\/tiandeproducts.co.uk\/lt\/wp-json\/wp\/v2\/types\/product"}],"replies":[{"embeddable":true,"href":"https:\/\/tiandeproducts.co.uk\/lt\/wp-json\/wp\/v2\/comments?post=4060"}],"wp:featuredmedia":[{"embeddable":true,"href":"https:\/\/tiandeproducts.co.uk\/lt\/wp-json\/wp\/v2\/media\/3547"}],"wp:attachment":[{"href":"https:\/\/tiandeproducts.co.uk\/lt\/wp-json\/wp\/v2\/media?parent=4060"}],"wp:term":[{"taxonomy":"product_cat","embeddable":true,"href":"https:\/\/tiandeproducts.co.uk\/lt\/wp-json\/wp\/v2\/product_cat?post=4060"},{"taxonomy":"product_tag","embeddable":true,"href":"https:\/\/tiandeproducts.co.uk\/lt\/wp-json\/wp\/v2\/product_tag?post=4060"}],"curies":[{"name":"wp","href":"https:\/\/api.w.org\/{rel}","templated":true}]}}