{"id":4059,"date":"2018-09-06T16:00:44","date_gmt":"2018-09-06T15:00:44","guid":{"rendered":"https:\/\/tnd.ontesting.co.uk\/kremo-gelis-veidui-aquaterapija-50-g\/"},"modified":"2021-02-12T11:53:25","modified_gmt":"2021-02-12T11:53:25","slug":"kremo-gelis-veidui-aquaterapija-50-g","status":"publish","type":"product","link":"https:\/\/tiandeproducts.co.uk\/lt\/kremo-gelis-veidui-aquaterapija-50-g\/","title":{"rendered":"Kremo gelis veidui &#8222;Aquaterapija&#8221; 50 g."},"content":{"rendered":"<p><img decoding=\"async\" style=\"max-width: 16px; margin-right: 5px;\" src=\"https:\/\/tiandeproducts.co.uk\/wp-content\/uploads\/points-green.svg\" \/>\u00a0Earn 38 points worth \u00a31.90 when buying this product<\/p>\n<p>Kuo garsios Pranc\u016bzijos Alp\u0117s? Brang\u016bs slidin\u0117jimo kurortai, jauk\u016bs nameliai ir &#8230; am\u017eini ledynai, i\u0161 kuri\u0173 daugeliui t\u016bkstan\u010diai met\u0173! TianDe kremo pagrindas \u0161variausias Argentover ledyno vanduo ir veiksmingos veikliosios med\u017eiagos. Pasirodo jis es\u0105s ideali priemon\u0117 ekstremaliam dr\u0117kinimui! Kremas gelis veidui &#8222;Aquaterapija&#8221; tinka bet kokio am\u017eiaus moterims. Jei J\u016bs\u0173 oda atrodo negyva, sausa ir pilka &#8211; &#8222;pagirdykite&#8221; j\u0105 lediniu vandeniu! J\u016bs pamatysite pastebim\u0105 pokyt\u012f! Atsisveikinkite su tempimo ir sausumo jausmu &#8211; d\u0117ka ledyno vandens ir kit\u0173 aktyvi\u0173 kremo sudedam\u0173j\u0173 dali\u0173, oda gaus maksimali\u0105 dr\u0117gm\u0119.<\/p>\n<p>&#8222;Aquaterapija&#8221; pad\u0117s atkurti optimali\u0105 odos dr\u0117gm\u0117s pusiausvyr\u0105, su\u0161velninti rauk\u0161les, suteikti ideal\u0173 \u0161vie\u017eum\u0105 ir \u0161velnum\u0105.<\/p>\n<p><strong>Naudojimas:<\/strong> nuvalyt\u0105 veido ir kaklo od\u0105 tepti sukamaisiais judesiais, i\u0161skyrus plot\u0105 aplink akis.<\/p>\n","protected":false},"excerpt":{"rendered":"<p>\u00a0Earn 38 points worth \u00a31.90 when buying this product Kuo garsios Pranc\u016bzijos Alp\u0117s? Brang\u016bs slidin\u0117jimo kurortai, jauk\u016bs nameliai ir &#8230; am\u017eini ledynai, i\u0161 kuri\u0173 daugeliui t\u016bkstan\u010diai met\u0173! TianDe kremo pagrindas \u0161variausias Argentover ledyno vanduo ir veiksmingos veikliosios med\u017eiagos. Pasirodo jis es\u0105s ideali priemon\u0117 ekstremaliam dr\u0117kinimui! Kremas gelis veidui &#8222;Aquaterapija&#8221; tinka bet kokio am\u017eiaus moterims. Jei [&#8230;]\n","protected":false},"featured_media":1986,"comment_status":"closed","ping_status":"closed","template":"","meta":[],"product_cat":[524,533,576,567,558,506],"product_tag":[],"class_list":{"0":"post-4059","1":"product","2":"type-product","3":"status-publish","4":"has-post-thumbnail","6":"product_cat-brandziai-odai","7":"product_cat-charm-collection-lt","8":"product_cat-drekinimas","9":"product_cat-drekinimas-ir-maitinimas","10":"product_cat-sausaiserpetojanciai-odai","11":"product_cat-veidui","13":"first","14":"outofstock","15":"shipping-taxable","16":"purchasable","17":"product-type-simple"},"yoast_head":"<!-- This site is optimized with the Yoast SEO plugin v23.6 - https:\/\/yoast.com\/wordpress\/plugins\/seo\/ -->\n<title>Kremo gelis veidui &quot;Aquaterapija&quot; 50 g. - TianDe Online Shop - Beauty &amp; Health<\/title>\n<meta name=\"robots\" content=\"index, follow, max-snippet:-1, max-image-preview:large, max-video-preview:-1\" \/>\n<link rel=\"canonical\" href=\"https:\/\/tiandeproducts.co.uk\/lt\/kremo-gelis-veidui-aquaterapija-50-g\/\" \/>\n<meta property=\"og:locale\" content=\"lt_LT\" \/>\n<meta property=\"og:type\" content=\"article\" \/>\n<meta property=\"og:title\" content=\"Kremo gelis veidui &quot;Aquaterapija&quot; 50 g. - TianDe Online Shop - Beauty &amp; Health\" \/>\n<meta property=\"og:description\" content=\"\u00a0Earn 38 points worth \u00a31.90 when buying this product Kuo garsios Pranc\u016bzijos Alp\u0117s? Brang\u016bs slidin\u0117jimo kurortai, jauk\u016bs nameliai ir &#8230; am\u017eini ledynai, i\u0161 kuri\u0173 daugeliui t\u016bkstan\u010diai met\u0173! TianDe kremo pagrindas \u0161variausias Argentover ledyno vanduo ir veiksmingos veikliosios med\u017eiagos. Pasirodo jis es\u0105s ideali priemon\u0117 ekstremaliam dr\u0117kinimui! Kremas gelis veidui &#8222;Aquaterapija&#8221; tinka bet kokio am\u017eiaus moterims. Jei [...]\" \/>\n<meta property=\"og:url\" content=\"https:\/\/tiandeproducts.co.uk\/lt\/kremo-gelis-veidui-aquaterapija-50-g\/\" \/>\n<meta property=\"og:site_name\" content=\"TianDe Online Shop - Beauty &amp; Health\" \/>\n<meta property=\"article:publisher\" content=\"https:\/\/www.facebook.com\/tiande.products.england\/\" \/>\n<meta property=\"article:modified_time\" content=\"2021-02-12T11:53:25+00:00\" \/>\n<meta property=\"og:image\" content=\"https:\/\/tiandeproducts.co.uk\/wp-content\/uploads\/2018\/09\/15803.1.jpg\" \/>\n\t<meta property=\"og:image:width\" content=\"700\" \/>\n\t<meta property=\"og:image:height\" content=\"700\" \/>\n\t<meta property=\"og:image:type\" content=\"image\/jpeg\" \/>\n<meta name=\"twitter:card\" content=\"summary_large_image\" \/>\n<meta name=\"twitter:label1\" content=\"Est. reading time\" \/>\n\t<meta name=\"twitter:data1\" content=\"1 minut\u0117\" \/>\n<script type=\"application\/ld+json\" class=\"yoast-schema-graph\">{\"@context\":\"https:\/\/schema.org\",\"@graph\":[{\"@type\":\"WebPage\",\"@id\":\"https:\/\/tiandeproducts.co.uk\/lt\/kremo-gelis-veidui-aquaterapija-50-g\/\",\"url\":\"https:\/\/tiandeproducts.co.uk\/lt\/kremo-gelis-veidui-aquaterapija-50-g\/\",\"name\":\"Kremo gelis veidui \\\"Aquaterapija\\\" 50 g. - TianDe Online Shop - Beauty &amp; Health\",\"isPartOf\":{\"@id\":\"https:\/\/tiandeproducts.co.uk\/#website\"},\"primaryImageOfPage\":{\"@id\":\"https:\/\/tiandeproducts.co.uk\/lt\/kremo-gelis-veidui-aquaterapija-50-g\/#primaryimage\"},\"image\":{\"@id\":\"https:\/\/tiandeproducts.co.uk\/lt\/kremo-gelis-veidui-aquaterapija-50-g\/#primaryimage\"},\"thumbnailUrl\":\"https:\/\/tiandeproducts.co.uk\/wp-content\/uploads\/2018\/09\/15803.1.jpg\",\"datePublished\":\"2018-09-06T15:00:44+00:00\",\"dateModified\":\"2021-02-12T11:53:25+00:00\",\"breadcrumb\":{\"@id\":\"https:\/\/tiandeproducts.co.uk\/lt\/kremo-gelis-veidui-aquaterapija-50-g\/#breadcrumb\"},\"inLanguage\":\"lt-LT\",\"potentialAction\":[{\"@type\":\"ReadAction\",\"target\":[\"https:\/\/tiandeproducts.co.uk\/lt\/kremo-gelis-veidui-aquaterapija-50-g\/\"]}]},{\"@type\":\"ImageObject\",\"inLanguage\":\"lt-LT\",\"@id\":\"https:\/\/tiandeproducts.co.uk\/lt\/kremo-gelis-veidui-aquaterapija-50-g\/#primaryimage\",\"url\":\"https:\/\/tiandeproducts.co.uk\/wp-content\/uploads\/2018\/09\/15803.1.jpg\",\"contentUrl\":\"https:\/\/tiandeproducts.co.uk\/wp-content\/uploads\/2018\/09\/15803.1.jpg\",\"width\":700,\"height\":700,\"caption\":\"Aquatherapy Facial Cream-Gel, 50g-0\"},{\"@type\":\"BreadcrumbList\",\"@id\":\"https:\/\/tiandeproducts.co.uk\/lt\/kremo-gelis-veidui-aquaterapija-50-g\/#breadcrumb\",\"itemListElement\":[{\"@type\":\"ListItem\",\"position\":1,\"name\":\"Home\",\"item\":\"https:\/\/tiandeproducts.co.uk\/lt\/\"},{\"@type\":\"ListItem\",\"position\":2,\"name\":\"Shop\",\"item\":\"https:\/\/tiandeproducts.co.uk\/lt\/shop-2\/\"},{\"@type\":\"ListItem\",\"position\":3,\"name\":\"Kremo gelis veidui &#8220;Aquaterapija&#8221; 50 g.\"}]},{\"@type\":\"WebSite\",\"@id\":\"https:\/\/tiandeproducts.co.uk\/#website\",\"url\":\"https:\/\/tiandeproducts.co.uk\/\",\"name\":\"TianDe Online Shop - Beauty & Health\",\"description\":\"Traditional Chinese Medicine\",\"potentialAction\":[{\"@type\":\"SearchAction\",\"target\":{\"@type\":\"EntryPoint\",\"urlTemplate\":\"https:\/\/tiandeproducts.co.uk\/?s={search_term_string}\"},\"query-input\":{\"@type\":\"PropertyValueSpecification\",\"valueRequired\":true,\"valueName\":\"search_term_string\"}}],\"inLanguage\":\"lt-LT\"}]}<\/script>\n<!-- \/ Yoast SEO plugin. -->","yoast_head_json":{"title":"Kremo gelis veidui \"Aquaterapija\" 50 g. - TianDe Online Shop - Beauty &amp; Health","robots":{"index":"index","follow":"follow","max-snippet":"max-snippet:-1","max-image-preview":"max-image-preview:large","max-video-preview":"max-video-preview:-1"},"canonical":"https:\/\/tiandeproducts.co.uk\/lt\/kremo-gelis-veidui-aquaterapija-50-g\/","og_locale":"lt_LT","og_type":"article","og_title":"Kremo gelis veidui \"Aquaterapija\" 50 g. - TianDe Online Shop - Beauty &amp; Health","og_description":"\u00a0Earn 38 points worth \u00a31.90 when buying this product Kuo garsios Pranc\u016bzijos Alp\u0117s? Brang\u016bs slidin\u0117jimo kurortai, jauk\u016bs nameliai ir &#8230; am\u017eini ledynai, i\u0161 kuri\u0173 daugeliui t\u016bkstan\u010diai met\u0173! TianDe kremo pagrindas \u0161variausias Argentover ledyno vanduo ir veiksmingos veikliosios med\u017eiagos. Pasirodo jis es\u0105s ideali priemon\u0117 ekstremaliam dr\u0117kinimui! Kremas gelis veidui &#8222;Aquaterapija&#8221; tinka bet kokio am\u017eiaus moterims. Jei [...]","og_url":"https:\/\/tiandeproducts.co.uk\/lt\/kremo-gelis-veidui-aquaterapija-50-g\/","og_site_name":"TianDe Online Shop - Beauty &amp; Health","article_publisher":"https:\/\/www.facebook.com\/tiande.products.england\/","article_modified_time":"2021-02-12T11:53:25+00:00","og_image":[{"width":700,"height":700,"url":"https:\/\/tiandeproducts.co.uk\/wp-content\/uploads\/2018\/09\/15803.1.jpg","type":"image\/jpeg"}],"twitter_card":"summary_large_image","twitter_misc":{"Est. reading time":"1 minut\u0117"},"schema":{"@context":"https:\/\/schema.org","@graph":[{"@type":"WebPage","@id":"https:\/\/tiandeproducts.co.uk\/lt\/kremo-gelis-veidui-aquaterapija-50-g\/","url":"https:\/\/tiandeproducts.co.uk\/lt\/kremo-gelis-veidui-aquaterapija-50-g\/","name":"Kremo gelis veidui \"Aquaterapija\" 50 g. - TianDe Online Shop - Beauty &amp; Health","isPartOf":{"@id":"https:\/\/tiandeproducts.co.uk\/#website"},"primaryImageOfPage":{"@id":"https:\/\/tiandeproducts.co.uk\/lt\/kremo-gelis-veidui-aquaterapija-50-g\/#primaryimage"},"image":{"@id":"https:\/\/tiandeproducts.co.uk\/lt\/kremo-gelis-veidui-aquaterapija-50-g\/#primaryimage"},"thumbnailUrl":"https:\/\/tiandeproducts.co.uk\/wp-content\/uploads\/2018\/09\/15803.1.jpg","datePublished":"2018-09-06T15:00:44+00:00","dateModified":"2021-02-12T11:53:25+00:00","breadcrumb":{"@id":"https:\/\/tiandeproducts.co.uk\/lt\/kremo-gelis-veidui-aquaterapija-50-g\/#breadcrumb"},"inLanguage":"lt-LT","potentialAction":[{"@type":"ReadAction","target":["https:\/\/tiandeproducts.co.uk\/lt\/kremo-gelis-veidui-aquaterapija-50-g\/"]}]},{"@type":"ImageObject","inLanguage":"lt-LT","@id":"https:\/\/tiandeproducts.co.uk\/lt\/kremo-gelis-veidui-aquaterapija-50-g\/#primaryimage","url":"https:\/\/tiandeproducts.co.uk\/wp-content\/uploads\/2018\/09\/15803.1.jpg","contentUrl":"https:\/\/tiandeproducts.co.uk\/wp-content\/uploads\/2018\/09\/15803.1.jpg","width":700,"height":700,"caption":"Aquatherapy Facial Cream-Gel, 50g-0"},{"@type":"BreadcrumbList","@id":"https:\/\/tiandeproducts.co.uk\/lt\/kremo-gelis-veidui-aquaterapija-50-g\/#breadcrumb","itemListElement":[{"@type":"ListItem","position":1,"name":"Home","item":"https:\/\/tiandeproducts.co.uk\/lt\/"},{"@type":"ListItem","position":2,"name":"Shop","item":"https:\/\/tiandeproducts.co.uk\/lt\/shop-2\/"},{"@type":"ListItem","position":3,"name":"Kremo gelis veidui &#8220;Aquaterapija&#8221; 50 g."}]},{"@type":"WebSite","@id":"https:\/\/tiandeproducts.co.uk\/#website","url":"https:\/\/tiandeproducts.co.uk\/","name":"TianDe Online Shop - Beauty & Health","description":"Traditional Chinese Medicine","potentialAction":[{"@type":"SearchAction","target":{"@type":"EntryPoint","urlTemplate":"https:\/\/tiandeproducts.co.uk\/?s={search_term_string}"},"query-input":{"@type":"PropertyValueSpecification","valueRequired":true,"valueName":"search_term_string"}}],"inLanguage":"lt-LT"}]}},"_links":{"self":[{"href":"https:\/\/tiandeproducts.co.uk\/lt\/wp-json\/wp\/v2\/product\/4059","targetHints":{"allow":["GET"]}}],"collection":[{"href":"https:\/\/tiandeproducts.co.uk\/lt\/wp-json\/wp\/v2\/product"}],"about":[{"href":"https:\/\/tiandeproducts.co.uk\/lt\/wp-json\/wp\/v2\/types\/product"}],"replies":[{"embeddable":true,"href":"https:\/\/tiandeproducts.co.uk\/lt\/wp-json\/wp\/v2\/comments?post=4059"}],"wp:featuredmedia":[{"embeddable":true,"href":"https:\/\/tiandeproducts.co.uk\/lt\/wp-json\/wp\/v2\/media\/1986"}],"wp:attachment":[{"href":"https:\/\/tiandeproducts.co.uk\/lt\/wp-json\/wp\/v2\/media?parent=4059"}],"wp:term":[{"taxonomy":"product_cat","embeddable":true,"href":"https:\/\/tiandeproducts.co.uk\/lt\/wp-json\/wp\/v2\/product_cat?post=4059"},{"taxonomy":"product_tag","embeddable":true,"href":"https:\/\/tiandeproducts.co.uk\/lt\/wp-json\/wp\/v2\/product_tag?post=4059"}],"curies":[{"name":"wp","href":"https:\/\/api.w.org\/{rel}","templated":true}]}}