{"id":4058,"date":"2018-09-06T16:08:40","date_gmt":"2018-09-06T15:08:40","guid":{"rendered":"https:\/\/tnd.ontesting.co.uk\/kremas-veidui-grozio-koncentratas-50-g\/"},"modified":"2021-02-12T11:52:37","modified_gmt":"2021-02-12T11:52:37","slug":"kremas-veidui-grozio-koncentratas-50-g","status":"publish","type":"product","link":"https:\/\/tiandeproducts.co.uk\/lt\/kremas-veidui-grozio-koncentratas-50-g\/","title":{"rendered":"Kremas veidui \u201eGro\u017eio koncentratas\u201c 50 g."},"content":{"rendered":"<p><img decoding=\"async\" style=\"max-width: 16px; margin-right: 5px;\" src=\"https:\/\/tiandeproducts.co.uk\/wp-content\/uploads\/points-green.svg\" \/>\u00a0Earn 41 points worth \u00a32.05 when buying this product<\/p>\n<p>D\u0117l ko labiausiai nerimauja moterys po 45 met\u0173? \u017dinoma, d\u0117l rauk\u0161li\u0173. Paprastai am\u017eiaus rauk\u0161l\u0117s atsiranda po 40-45 met\u0173. Skirtingai nuo mimikos, jos atsiranda nepriklausomai nuo veido raumen\u0173 darbo. Kita problema, su kuria da\u017eniausiai susiduria 45 moterys: ovalus veidas praranda kont\u016brus, raumenys praranda tonus\u0105. Veido oda suglemba. \u201eGro\u017eio koncentratas\u201c kremas pad\u0117s suma\u017einti rauk\u0161li\u0173 gilum\u0105 ir kiek\u012f, atstatyti veido linijas ir odos elastingum\u0105.<br \/>\nReguliarus gaminio naudojimas duos puiki\u0173 rezultat\u0173: suma\u017einamos kaktos ir apie l\u016bpas esan\u010dios problemos, smakro kont\u016bras tampa labiau ry\u0161kus. Oda jau neatrodo suglebusi &#8211; jos tonusas \u017eenkliai padid\u0117ja. Veidas atrodo jaunesnis. J\u016bs spinduliuojate \u0161vie\u017eumu ir gro\u017eiu!<\/p>\n<p><strong>Naudojimas:<\/strong> nuvalyt\u0105 veido ir kaklo od\u0105 tepti sukamaisiais judesiais, i\u0161skyrus plot\u0105 aplink akis.<\/p>\n","protected":false},"excerpt":{"rendered":"<p>\u00a0Earn 41 points worth \u00a32.05 when buying this product D\u0117l ko labiausiai nerimauja moterys po 45 met\u0173? \u017dinoma, d\u0117l rauk\u0161li\u0173. Paprastai am\u017eiaus rauk\u0161l\u0117s atsiranda po 40-45 met\u0173. Skirtingai nuo mimikos, jos atsiranda nepriklausomai nuo veido raumen\u0173 darbo. Kita problema, su kuria da\u017eniausiai susiduria 45 moterys: ovalus veidas praranda kont\u016brus, raumenys praranda tonus\u0105. Veido oda suglemba. [&#8230;]\n","protected":false},"featured_media":1991,"comment_status":"closed","ping_status":"closed","template":"","meta":[],"product_cat":[524,533,612,506],"product_tag":[],"class_list":{"0":"post-4058","1":"product","2":"type-product","3":"status-publish","4":"has-post-thumbnail","6":"product_cat-brandziai-odai","7":"product_cat-charm-collection-lt","8":"product_cat-nuo-rauksliu","9":"product_cat-veidui","11":"first","12":"outofstock","13":"shipping-taxable","14":"purchasable","15":"product-type-simple"},"yoast_head":"<!-- This site is optimized with the Yoast SEO plugin v23.6 - https:\/\/yoast.com\/wordpress\/plugins\/seo\/ -->\n<title>Kremas veidui \u201eGro\u017eio koncentratas\u201c 50 g. - TianDe Online Shop - Beauty &amp; Health<\/title>\n<meta name=\"robots\" content=\"index, follow, max-snippet:-1, max-image-preview:large, max-video-preview:-1\" \/>\n<link rel=\"canonical\" href=\"https:\/\/tiandeproducts.co.uk\/lt\/kremas-veidui-grozio-koncentratas-50-g\/\" \/>\n<meta property=\"og:locale\" content=\"lt_LT\" \/>\n<meta property=\"og:type\" content=\"article\" \/>\n<meta property=\"og:title\" content=\"Kremas veidui \u201eGro\u017eio koncentratas\u201c 50 g. - TianDe Online Shop - Beauty &amp; Health\" \/>\n<meta property=\"og:description\" content=\"\u00a0Earn 41 points worth \u00a32.05 when buying this product D\u0117l ko labiausiai nerimauja moterys po 45 met\u0173? \u017dinoma, d\u0117l rauk\u0161li\u0173. Paprastai am\u017eiaus rauk\u0161l\u0117s atsiranda po 40-45 met\u0173. Skirtingai nuo mimikos, jos atsiranda nepriklausomai nuo veido raumen\u0173 darbo. Kita problema, su kuria da\u017eniausiai susiduria 45 moterys: ovalus veidas praranda kont\u016brus, raumenys praranda tonus\u0105. Veido oda suglemba. [...]\" \/>\n<meta property=\"og:url\" content=\"https:\/\/tiandeproducts.co.uk\/lt\/kremas-veidui-grozio-koncentratas-50-g\/\" \/>\n<meta property=\"og:site_name\" content=\"TianDe Online Shop - Beauty &amp; Health\" \/>\n<meta property=\"article:publisher\" content=\"https:\/\/www.facebook.com\/tiande.products.england\/\" \/>\n<meta property=\"article:modified_time\" content=\"2021-02-12T11:52:37+00:00\" \/>\n<meta property=\"og:image\" content=\"https:\/\/tiandeproducts.co.uk\/wp-content\/uploads\/2018\/09\/15802.jpg\" \/>\n\t<meta property=\"og:image:width\" content=\"700\" \/>\n\t<meta property=\"og:image:height\" content=\"700\" \/>\n\t<meta property=\"og:image:type\" content=\"image\/jpeg\" \/>\n<meta name=\"twitter:card\" content=\"summary_large_image\" \/>\n<meta name=\"twitter:label1\" content=\"Est. reading time\" \/>\n\t<meta name=\"twitter:data1\" content=\"1 minut\u0117\" \/>\n<script type=\"application\/ld+json\" class=\"yoast-schema-graph\">{\"@context\":\"https:\/\/schema.org\",\"@graph\":[{\"@type\":\"WebPage\",\"@id\":\"https:\/\/tiandeproducts.co.uk\/lt\/kremas-veidui-grozio-koncentratas-50-g\/\",\"url\":\"https:\/\/tiandeproducts.co.uk\/lt\/kremas-veidui-grozio-koncentratas-50-g\/\",\"name\":\"Kremas veidui \u201eGro\u017eio koncentratas\u201c 50 g. - TianDe Online Shop - Beauty &amp; Health\",\"isPartOf\":{\"@id\":\"https:\/\/tiandeproducts.co.uk\/#website\"},\"primaryImageOfPage\":{\"@id\":\"https:\/\/tiandeproducts.co.uk\/lt\/kremas-veidui-grozio-koncentratas-50-g\/#primaryimage\"},\"image\":{\"@id\":\"https:\/\/tiandeproducts.co.uk\/lt\/kremas-veidui-grozio-koncentratas-50-g\/#primaryimage\"},\"thumbnailUrl\":\"https:\/\/tiandeproducts.co.uk\/wp-content\/uploads\/2018\/09\/15802.jpg\",\"datePublished\":\"2018-09-06T15:08:40+00:00\",\"dateModified\":\"2021-02-12T11:52:37+00:00\",\"breadcrumb\":{\"@id\":\"https:\/\/tiandeproducts.co.uk\/lt\/kremas-veidui-grozio-koncentratas-50-g\/#breadcrumb\"},\"inLanguage\":\"lt-LT\",\"potentialAction\":[{\"@type\":\"ReadAction\",\"target\":[\"https:\/\/tiandeproducts.co.uk\/lt\/kremas-veidui-grozio-koncentratas-50-g\/\"]}]},{\"@type\":\"ImageObject\",\"inLanguage\":\"lt-LT\",\"@id\":\"https:\/\/tiandeproducts.co.uk\/lt\/kremas-veidui-grozio-koncentratas-50-g\/#primaryimage\",\"url\":\"https:\/\/tiandeproducts.co.uk\/wp-content\/uploads\/2018\/09\/15802.jpg\",\"contentUrl\":\"https:\/\/tiandeproducts.co.uk\/wp-content\/uploads\/2018\/09\/15802.jpg\",\"width\":700,\"height\":700,\"caption\":\"Beauty Concentrate Facial Cream 45+, 50g-0\"},{\"@type\":\"BreadcrumbList\",\"@id\":\"https:\/\/tiandeproducts.co.uk\/lt\/kremas-veidui-grozio-koncentratas-50-g\/#breadcrumb\",\"itemListElement\":[{\"@type\":\"ListItem\",\"position\":1,\"name\":\"Home\",\"item\":\"https:\/\/tiandeproducts.co.uk\/lt\/\"},{\"@type\":\"ListItem\",\"position\":2,\"name\":\"Shop\",\"item\":\"https:\/\/tiandeproducts.co.uk\/lt\/shop-2\/\"},{\"@type\":\"ListItem\",\"position\":3,\"name\":\"Kremas veidui \u201eGro\u017eio koncentratas\u201c 50 g.\"}]},{\"@type\":\"WebSite\",\"@id\":\"https:\/\/tiandeproducts.co.uk\/#website\",\"url\":\"https:\/\/tiandeproducts.co.uk\/\",\"name\":\"TianDe Online Shop - Beauty & Health\",\"description\":\"Traditional Chinese Medicine\",\"potentialAction\":[{\"@type\":\"SearchAction\",\"target\":{\"@type\":\"EntryPoint\",\"urlTemplate\":\"https:\/\/tiandeproducts.co.uk\/?s={search_term_string}\"},\"query-input\":{\"@type\":\"PropertyValueSpecification\",\"valueRequired\":true,\"valueName\":\"search_term_string\"}}],\"inLanguage\":\"lt-LT\"}]}<\/script>\n<!-- \/ Yoast SEO plugin. -->","yoast_head_json":{"title":"Kremas veidui \u201eGro\u017eio koncentratas\u201c 50 g. - TianDe Online Shop - Beauty &amp; Health","robots":{"index":"index","follow":"follow","max-snippet":"max-snippet:-1","max-image-preview":"max-image-preview:large","max-video-preview":"max-video-preview:-1"},"canonical":"https:\/\/tiandeproducts.co.uk\/lt\/kremas-veidui-grozio-koncentratas-50-g\/","og_locale":"lt_LT","og_type":"article","og_title":"Kremas veidui \u201eGro\u017eio koncentratas\u201c 50 g. - TianDe Online Shop - Beauty &amp; Health","og_description":"\u00a0Earn 41 points worth \u00a32.05 when buying this product D\u0117l ko labiausiai nerimauja moterys po 45 met\u0173? \u017dinoma, d\u0117l rauk\u0161li\u0173. Paprastai am\u017eiaus rauk\u0161l\u0117s atsiranda po 40-45 met\u0173. Skirtingai nuo mimikos, jos atsiranda nepriklausomai nuo veido raumen\u0173 darbo. Kita problema, su kuria da\u017eniausiai susiduria 45 moterys: ovalus veidas praranda kont\u016brus, raumenys praranda tonus\u0105. Veido oda suglemba. [...]","og_url":"https:\/\/tiandeproducts.co.uk\/lt\/kremas-veidui-grozio-koncentratas-50-g\/","og_site_name":"TianDe Online Shop - Beauty &amp; Health","article_publisher":"https:\/\/www.facebook.com\/tiande.products.england\/","article_modified_time":"2021-02-12T11:52:37+00:00","og_image":[{"width":700,"height":700,"url":"https:\/\/tiandeproducts.co.uk\/wp-content\/uploads\/2018\/09\/15802.jpg","type":"image\/jpeg"}],"twitter_card":"summary_large_image","twitter_misc":{"Est. reading time":"1 minut\u0117"},"schema":{"@context":"https:\/\/schema.org","@graph":[{"@type":"WebPage","@id":"https:\/\/tiandeproducts.co.uk\/lt\/kremas-veidui-grozio-koncentratas-50-g\/","url":"https:\/\/tiandeproducts.co.uk\/lt\/kremas-veidui-grozio-koncentratas-50-g\/","name":"Kremas veidui \u201eGro\u017eio koncentratas\u201c 50 g. - TianDe Online Shop - Beauty &amp; Health","isPartOf":{"@id":"https:\/\/tiandeproducts.co.uk\/#website"},"primaryImageOfPage":{"@id":"https:\/\/tiandeproducts.co.uk\/lt\/kremas-veidui-grozio-koncentratas-50-g\/#primaryimage"},"image":{"@id":"https:\/\/tiandeproducts.co.uk\/lt\/kremas-veidui-grozio-koncentratas-50-g\/#primaryimage"},"thumbnailUrl":"https:\/\/tiandeproducts.co.uk\/wp-content\/uploads\/2018\/09\/15802.jpg","datePublished":"2018-09-06T15:08:40+00:00","dateModified":"2021-02-12T11:52:37+00:00","breadcrumb":{"@id":"https:\/\/tiandeproducts.co.uk\/lt\/kremas-veidui-grozio-koncentratas-50-g\/#breadcrumb"},"inLanguage":"lt-LT","potentialAction":[{"@type":"ReadAction","target":["https:\/\/tiandeproducts.co.uk\/lt\/kremas-veidui-grozio-koncentratas-50-g\/"]}]},{"@type":"ImageObject","inLanguage":"lt-LT","@id":"https:\/\/tiandeproducts.co.uk\/lt\/kremas-veidui-grozio-koncentratas-50-g\/#primaryimage","url":"https:\/\/tiandeproducts.co.uk\/wp-content\/uploads\/2018\/09\/15802.jpg","contentUrl":"https:\/\/tiandeproducts.co.uk\/wp-content\/uploads\/2018\/09\/15802.jpg","width":700,"height":700,"caption":"Beauty Concentrate Facial Cream 45+, 50g-0"},{"@type":"BreadcrumbList","@id":"https:\/\/tiandeproducts.co.uk\/lt\/kremas-veidui-grozio-koncentratas-50-g\/#breadcrumb","itemListElement":[{"@type":"ListItem","position":1,"name":"Home","item":"https:\/\/tiandeproducts.co.uk\/lt\/"},{"@type":"ListItem","position":2,"name":"Shop","item":"https:\/\/tiandeproducts.co.uk\/lt\/shop-2\/"},{"@type":"ListItem","position":3,"name":"Kremas veidui \u201eGro\u017eio koncentratas\u201c 50 g."}]},{"@type":"WebSite","@id":"https:\/\/tiandeproducts.co.uk\/#website","url":"https:\/\/tiandeproducts.co.uk\/","name":"TianDe Online Shop - Beauty & Health","description":"Traditional Chinese Medicine","potentialAction":[{"@type":"SearchAction","target":{"@type":"EntryPoint","urlTemplate":"https:\/\/tiandeproducts.co.uk\/?s={search_term_string}"},"query-input":{"@type":"PropertyValueSpecification","valueRequired":true,"valueName":"search_term_string"}}],"inLanguage":"lt-LT"}]}},"_links":{"self":[{"href":"https:\/\/tiandeproducts.co.uk\/lt\/wp-json\/wp\/v2\/product\/4058","targetHints":{"allow":["GET"]}}],"collection":[{"href":"https:\/\/tiandeproducts.co.uk\/lt\/wp-json\/wp\/v2\/product"}],"about":[{"href":"https:\/\/tiandeproducts.co.uk\/lt\/wp-json\/wp\/v2\/types\/product"}],"replies":[{"embeddable":true,"href":"https:\/\/tiandeproducts.co.uk\/lt\/wp-json\/wp\/v2\/comments?post=4058"}],"wp:featuredmedia":[{"embeddable":true,"href":"https:\/\/tiandeproducts.co.uk\/lt\/wp-json\/wp\/v2\/media\/1991"}],"wp:attachment":[{"href":"https:\/\/tiandeproducts.co.uk\/lt\/wp-json\/wp\/v2\/media?parent=4058"}],"wp:term":[{"taxonomy":"product_cat","embeddable":true,"href":"https:\/\/tiandeproducts.co.uk\/lt\/wp-json\/wp\/v2\/product_cat?post=4058"},{"taxonomy":"product_tag","embeddable":true,"href":"https:\/\/tiandeproducts.co.uk\/lt\/wp-json\/wp\/v2\/product_tag?post=4058"}],"curies":[{"name":"wp","href":"https:\/\/api.w.org\/{rel}","templated":true}]}}