{"id":4055,"date":"2018-09-06T16:34:31","date_gmt":"2018-09-06T15:34:31","guid":{"rendered":"https:\/\/tnd.ontesting.co.uk\/balzamas-lupoms-pro-botanic-4-5-g\/"},"modified":"2021-02-12T11:49:43","modified_gmt":"2021-02-12T11:49:43","slug":"balzamas-lupoms-pro-botanic-4-5-g","status":"publish","type":"product","link":"https:\/\/tiandeproducts.co.uk\/lt\/balzamas-lupoms-pro-botanic-4-5-g\/","title":{"rendered":"Balzamas l\u016bpoms Pro Botanic 4.5 g."},"content":{"rendered":"<p><img decoding=\"async\" style=\"max-width: 16px; margin-right: 5px;\" src=\"https:\/\/tiandeproducts.co.uk\/wp-content\/uploads\/points-green.svg\" \/>\u00a0Earn 6 points worth \u00a30.30 when buying this product<\/p>\n<p>M\u016bs\u0173 l\u016bpos yra atviros \u017eiem\u0105 ir vasar\u0105 visiems v\u0117jams, saul\u0117s spinduliams, temperat\u016bros poky\u010diams&#8230; D\u0117l to jos saus\u0117ja ir \u0161erpetoja. J\u016bs galite apsaugoti svo l\u016bpas nuo blogo oro! L\u016bp\u0173 balzamas Pro Botanic apgaubs J\u016bs\u0173 l\u016bpas \u0161velniu vualiu. Praturtintas nat\u016braliais aliejais, jis puikiai dr\u0117kina ir mink\u0161tina jas, palengvindamas sausumo ir tempimo poj\u016bt\u012f.<\/p>\n<p>Tai yra greitoji pagalba sausoms ir v\u0117jo nugairintoms l\u016bpoms. Balzamas:<br \/>\n&#8211; apsaugo nuo nepalanki\u0173 aplinkos s\u0105lyg\u0173;<br \/>\n&#8211; skatina \u012ftr\u016bkim\u0173 ma\u017e\u0117jim\u0105.<\/p>\n<p><strong>Naudojimas:<\/strong> tolygiai u\u017etepkite ant l\u016bp\u0173.<\/p>\n","protected":false},"excerpt":{"rendered":"<p>\u00a0Earn 6 points worth \u00a30.30 when buying this product M\u016bs\u0173 l\u016bpos yra atviros \u017eiem\u0105 ir vasar\u0105 visiems v\u0117jams, saul\u0117s spinduliams, temperat\u016bros poky\u010diams&#8230; D\u0117l to jos saus\u0117ja ir \u0161erpetoja. J\u016bs galite apsaugoti svo l\u016bpas nuo blogo oro! L\u016bp\u0173 balzamas Pro Botanic apgaubs J\u016bs\u0173 l\u016bpas \u0161velniu vualiu. Praturtintas nat\u016braliais aliejais, jis puikiai dr\u0117kina ir mink\u0161tina jas, palengvindamas [&#8230;]\n","protected":false},"featured_media":2006,"comment_status":"closed","ping_status":"closed","template":"","meta":[],"product_cat":[687,703,704],"product_tag":[],"class_list":{"0":"post-4055","1":"product","2":"type-product","3":"status-publish","4":"has-post-thumbnail","6":"product_cat-makiazas-lt","7":"product_cat-lupoms","8":"product_cat-lupu-balzamai","10":"first","11":"outofstock","12":"shipping-taxable","13":"purchasable","14":"product-type-simple"},"yoast_head":"<!-- This site is optimized with the Yoast SEO plugin v23.6 - https:\/\/yoast.com\/wordpress\/plugins\/seo\/ -->\n<title>Balzamas l\u016bpoms Pro Botanic 4.5 g. - TianDe Online Shop - Beauty &amp; Health<\/title>\n<meta name=\"robots\" content=\"index, follow, max-snippet:-1, max-image-preview:large, max-video-preview:-1\" \/>\n<link rel=\"canonical\" href=\"https:\/\/tiandeproducts.co.uk\/lt\/balzamas-lupoms-pro-botanic-4-5-g\/\" \/>\n<meta property=\"og:locale\" content=\"lt_LT\" \/>\n<meta property=\"og:type\" content=\"article\" \/>\n<meta property=\"og:title\" content=\"Balzamas l\u016bpoms Pro Botanic 4.5 g. - TianDe Online Shop - Beauty &amp; Health\" \/>\n<meta property=\"og:description\" content=\"\u00a0Earn 6 points worth \u00a30.30 when buying this product M\u016bs\u0173 l\u016bpos yra atviros \u017eiem\u0105 ir vasar\u0105 visiems v\u0117jams, saul\u0117s spinduliams, temperat\u016bros poky\u010diams&#8230; D\u0117l to jos saus\u0117ja ir \u0161erpetoja. J\u016bs galite apsaugoti svo l\u016bpas nuo blogo oro! L\u016bp\u0173 balzamas Pro Botanic apgaubs J\u016bs\u0173 l\u016bpas \u0161velniu vualiu. Praturtintas nat\u016braliais aliejais, jis puikiai dr\u0117kina ir mink\u0161tina jas, palengvindamas [...]\" \/>\n<meta property=\"og:url\" content=\"https:\/\/tiandeproducts.co.uk\/lt\/balzamas-lupoms-pro-botanic-4-5-g\/\" \/>\n<meta property=\"og:site_name\" content=\"TianDe Online Shop - Beauty &amp; Health\" \/>\n<meta property=\"article:publisher\" content=\"https:\/\/www.facebook.com\/tiande.products.england\/\" \/>\n<meta property=\"article:modified_time\" content=\"2021-02-12T11:49:43+00:00\" \/>\n<meta property=\"og:image\" content=\"https:\/\/tiandeproducts.co.uk\/wp-content\/uploads\/2018\/09\/84713.jpg\" \/>\n\t<meta property=\"og:image:width\" content=\"700\" \/>\n\t<meta property=\"og:image:height\" content=\"700\" \/>\n\t<meta property=\"og:image:type\" content=\"image\/jpeg\" \/>\n<meta name=\"twitter:card\" content=\"summary_large_image\" \/>\n<meta name=\"twitter:label1\" content=\"Est. reading time\" \/>\n\t<meta name=\"twitter:data1\" content=\"1 minut\u0117\" \/>\n<script type=\"application\/ld+json\" class=\"yoast-schema-graph\">{\"@context\":\"https:\/\/schema.org\",\"@graph\":[{\"@type\":\"WebPage\",\"@id\":\"https:\/\/tiandeproducts.co.uk\/lt\/balzamas-lupoms-pro-botanic-4-5-g\/\",\"url\":\"https:\/\/tiandeproducts.co.uk\/lt\/balzamas-lupoms-pro-botanic-4-5-g\/\",\"name\":\"Balzamas l\u016bpoms Pro Botanic 4.5 g. - TianDe Online Shop - Beauty &amp; Health\",\"isPartOf\":{\"@id\":\"https:\/\/tiandeproducts.co.uk\/#website\"},\"primaryImageOfPage\":{\"@id\":\"https:\/\/tiandeproducts.co.uk\/lt\/balzamas-lupoms-pro-botanic-4-5-g\/#primaryimage\"},\"image\":{\"@id\":\"https:\/\/tiandeproducts.co.uk\/lt\/balzamas-lupoms-pro-botanic-4-5-g\/#primaryimage\"},\"thumbnailUrl\":\"https:\/\/tiandeproducts.co.uk\/wp-content\/uploads\/2018\/09\/84713.jpg\",\"datePublished\":\"2018-09-06T15:34:31+00:00\",\"dateModified\":\"2021-02-12T11:49:43+00:00\",\"breadcrumb\":{\"@id\":\"https:\/\/tiandeproducts.co.uk\/lt\/balzamas-lupoms-pro-botanic-4-5-g\/#breadcrumb\"},\"inLanguage\":\"lt-LT\",\"potentialAction\":[{\"@type\":\"ReadAction\",\"target\":[\"https:\/\/tiandeproducts.co.uk\/lt\/balzamas-lupoms-pro-botanic-4-5-g\/\"]}]},{\"@type\":\"ImageObject\",\"inLanguage\":\"lt-LT\",\"@id\":\"https:\/\/tiandeproducts.co.uk\/lt\/balzamas-lupoms-pro-botanic-4-5-g\/#primaryimage\",\"url\":\"https:\/\/tiandeproducts.co.uk\/wp-content\/uploads\/2018\/09\/84713.jpg\",\"contentUrl\":\"https:\/\/tiandeproducts.co.uk\/wp-content\/uploads\/2018\/09\/84713.jpg\",\"width\":700,\"height\":700,\"caption\":\"\\\"Pro Botanic\\\" Lip Balm, 4.5g-0\"},{\"@type\":\"BreadcrumbList\",\"@id\":\"https:\/\/tiandeproducts.co.uk\/lt\/balzamas-lupoms-pro-botanic-4-5-g\/#breadcrumb\",\"itemListElement\":[{\"@type\":\"ListItem\",\"position\":1,\"name\":\"Home\",\"item\":\"https:\/\/tiandeproducts.co.uk\/lt\/\"},{\"@type\":\"ListItem\",\"position\":2,\"name\":\"Shop\",\"item\":\"https:\/\/tiandeproducts.co.uk\/lt\/shop-2\/\"},{\"@type\":\"ListItem\",\"position\":3,\"name\":\"Balzamas l\u016bpoms Pro Botanic 4.5 g.\"}]},{\"@type\":\"WebSite\",\"@id\":\"https:\/\/tiandeproducts.co.uk\/#website\",\"url\":\"https:\/\/tiandeproducts.co.uk\/\",\"name\":\"TianDe Online Shop - Beauty & Health\",\"description\":\"Traditional Chinese Medicine\",\"potentialAction\":[{\"@type\":\"SearchAction\",\"target\":{\"@type\":\"EntryPoint\",\"urlTemplate\":\"https:\/\/tiandeproducts.co.uk\/?s={search_term_string}\"},\"query-input\":{\"@type\":\"PropertyValueSpecification\",\"valueRequired\":true,\"valueName\":\"search_term_string\"}}],\"inLanguage\":\"lt-LT\"}]}<\/script>\n<!-- \/ Yoast SEO plugin. -->","yoast_head_json":{"title":"Balzamas l\u016bpoms Pro Botanic 4.5 g. - TianDe Online Shop - Beauty &amp; Health","robots":{"index":"index","follow":"follow","max-snippet":"max-snippet:-1","max-image-preview":"max-image-preview:large","max-video-preview":"max-video-preview:-1"},"canonical":"https:\/\/tiandeproducts.co.uk\/lt\/balzamas-lupoms-pro-botanic-4-5-g\/","og_locale":"lt_LT","og_type":"article","og_title":"Balzamas l\u016bpoms Pro Botanic 4.5 g. - TianDe Online Shop - Beauty &amp; Health","og_description":"\u00a0Earn 6 points worth \u00a30.30 when buying this product M\u016bs\u0173 l\u016bpos yra atviros \u017eiem\u0105 ir vasar\u0105 visiems v\u0117jams, saul\u0117s spinduliams, temperat\u016bros poky\u010diams&#8230; D\u0117l to jos saus\u0117ja ir \u0161erpetoja. J\u016bs galite apsaugoti svo l\u016bpas nuo blogo oro! L\u016bp\u0173 balzamas Pro Botanic apgaubs J\u016bs\u0173 l\u016bpas \u0161velniu vualiu. Praturtintas nat\u016braliais aliejais, jis puikiai dr\u0117kina ir mink\u0161tina jas, palengvindamas [...]","og_url":"https:\/\/tiandeproducts.co.uk\/lt\/balzamas-lupoms-pro-botanic-4-5-g\/","og_site_name":"TianDe Online Shop - Beauty &amp; Health","article_publisher":"https:\/\/www.facebook.com\/tiande.products.england\/","article_modified_time":"2021-02-12T11:49:43+00:00","og_image":[{"width":700,"height":700,"url":"https:\/\/tiandeproducts.co.uk\/wp-content\/uploads\/2018\/09\/84713.jpg","type":"image\/jpeg"}],"twitter_card":"summary_large_image","twitter_misc":{"Est. reading time":"1 minut\u0117"},"schema":{"@context":"https:\/\/schema.org","@graph":[{"@type":"WebPage","@id":"https:\/\/tiandeproducts.co.uk\/lt\/balzamas-lupoms-pro-botanic-4-5-g\/","url":"https:\/\/tiandeproducts.co.uk\/lt\/balzamas-lupoms-pro-botanic-4-5-g\/","name":"Balzamas l\u016bpoms Pro Botanic 4.5 g. - TianDe Online Shop - Beauty &amp; Health","isPartOf":{"@id":"https:\/\/tiandeproducts.co.uk\/#website"},"primaryImageOfPage":{"@id":"https:\/\/tiandeproducts.co.uk\/lt\/balzamas-lupoms-pro-botanic-4-5-g\/#primaryimage"},"image":{"@id":"https:\/\/tiandeproducts.co.uk\/lt\/balzamas-lupoms-pro-botanic-4-5-g\/#primaryimage"},"thumbnailUrl":"https:\/\/tiandeproducts.co.uk\/wp-content\/uploads\/2018\/09\/84713.jpg","datePublished":"2018-09-06T15:34:31+00:00","dateModified":"2021-02-12T11:49:43+00:00","breadcrumb":{"@id":"https:\/\/tiandeproducts.co.uk\/lt\/balzamas-lupoms-pro-botanic-4-5-g\/#breadcrumb"},"inLanguage":"lt-LT","potentialAction":[{"@type":"ReadAction","target":["https:\/\/tiandeproducts.co.uk\/lt\/balzamas-lupoms-pro-botanic-4-5-g\/"]}]},{"@type":"ImageObject","inLanguage":"lt-LT","@id":"https:\/\/tiandeproducts.co.uk\/lt\/balzamas-lupoms-pro-botanic-4-5-g\/#primaryimage","url":"https:\/\/tiandeproducts.co.uk\/wp-content\/uploads\/2018\/09\/84713.jpg","contentUrl":"https:\/\/tiandeproducts.co.uk\/wp-content\/uploads\/2018\/09\/84713.jpg","width":700,"height":700,"caption":"\"Pro Botanic\" Lip Balm, 4.5g-0"},{"@type":"BreadcrumbList","@id":"https:\/\/tiandeproducts.co.uk\/lt\/balzamas-lupoms-pro-botanic-4-5-g\/#breadcrumb","itemListElement":[{"@type":"ListItem","position":1,"name":"Home","item":"https:\/\/tiandeproducts.co.uk\/lt\/"},{"@type":"ListItem","position":2,"name":"Shop","item":"https:\/\/tiandeproducts.co.uk\/lt\/shop-2\/"},{"@type":"ListItem","position":3,"name":"Balzamas l\u016bpoms Pro Botanic 4.5 g."}]},{"@type":"WebSite","@id":"https:\/\/tiandeproducts.co.uk\/#website","url":"https:\/\/tiandeproducts.co.uk\/","name":"TianDe Online Shop - Beauty & Health","description":"Traditional Chinese Medicine","potentialAction":[{"@type":"SearchAction","target":{"@type":"EntryPoint","urlTemplate":"https:\/\/tiandeproducts.co.uk\/?s={search_term_string}"},"query-input":{"@type":"PropertyValueSpecification","valueRequired":true,"valueName":"search_term_string"}}],"inLanguage":"lt-LT"}]}},"_links":{"self":[{"href":"https:\/\/tiandeproducts.co.uk\/lt\/wp-json\/wp\/v2\/product\/4055","targetHints":{"allow":["GET"]}}],"collection":[{"href":"https:\/\/tiandeproducts.co.uk\/lt\/wp-json\/wp\/v2\/product"}],"about":[{"href":"https:\/\/tiandeproducts.co.uk\/lt\/wp-json\/wp\/v2\/types\/product"}],"replies":[{"embeddable":true,"href":"https:\/\/tiandeproducts.co.uk\/lt\/wp-json\/wp\/v2\/comments?post=4055"}],"wp:featuredmedia":[{"embeddable":true,"href":"https:\/\/tiandeproducts.co.uk\/lt\/wp-json\/wp\/v2\/media\/2006"}],"wp:attachment":[{"href":"https:\/\/tiandeproducts.co.uk\/lt\/wp-json\/wp\/v2\/media?parent=4055"}],"wp:term":[{"taxonomy":"product_cat","embeddable":true,"href":"https:\/\/tiandeproducts.co.uk\/lt\/wp-json\/wp\/v2\/product_cat?post=4055"},{"taxonomy":"product_tag","embeddable":true,"href":"https:\/\/tiandeproducts.co.uk\/lt\/wp-json\/wp\/v2\/product_tag?post=4055"}],"curies":[{"name":"wp","href":"https:\/\/api.w.org\/{rel}","templated":true}]}}