{"id":4051,"date":"2018-10-02T11:58:32","date_gmt":"2018-10-02T10:58:32","guid":{"rendered":"https:\/\/tnd.ontesting.co.uk\/hidrogeliniai-diskeliai-paakiams-peptidu-miksas-2vnt\/"},"modified":"2021-02-12T11:44:56","modified_gmt":"2021-02-12T11:44:56","slug":"hidrogeliniai-diskeliai-paakiams-peptidu-miksas-2vnt","status":"publish","type":"product","link":"https:\/\/tiandeproducts.co.uk\/lt\/hidrogeliniai-diskeliai-paakiams-peptidu-miksas-2vnt\/","title":{"rendered":"Hidrogeliniai diskeliai paakiams \u201ePeptid\u0173 miksas\u201c, 2vnt."},"content":{"rendered":"<p><img decoding=\"async\" style=\"max-width: 16px; margin-right: 5px;\" src=\"https:\/\/tiandeproducts.co.uk\/wp-content\/uploads\/points-green.svg\" \/>\u00a0Earn 4 points worth \u00a30.20 when buying this product<\/p>\n<p>Tai\u00a0efektyvi skubios pagalbos priemon\u0117 paburkusiai paaki\u0173 odai, kurios veikliosios med\u017eiagos pranoksta visiems gerai \u017einom\u0105 kolagen\u0105, elastin\u0105 ir net keratin\u0105. Naujausios kartos kosmetiniai\u00a0komponentai\u00a0\u2013 peptidai \u2013 sprend\u017eia pa\u010di\u0105 svarbiausi\u0105 paaki\u0173 odos problem\u0105 \u2013 rauk\u0161li\u0173 atsiradim\u0105.\u00a0Peptidai\u00a0kovoja ne tik su jau atsiradusiomis pasekm\u0117mis (rauk\u0161l\u0117mis), bet ir su j\u0173 prie\u017eastimis. Hidrogelin\u0117 paaki\u0173 kauk\u0117 su peptidais mink\u0161tina paaki\u0173 od\u0105, \u0161velniai\u00a0veikia rauk\u0161les, akivaizd\u017eiai pagerina odos tankum\u0105 ir stangrum\u0105, skatina odos l\u0105steles\u00a0greitai regeneracijai, lygina ir suteikia jaunatvi\u0161kumo.<\/p>\n<p>Peptidai \u2013 trumpi aminor\u016bg\u0161\u010di\u0173 polimerai, kurie nuo baltym\u0173 skiriasi ma\u017eesniu molekul\u0117s dyd\u017eiu. Negaunant reikalingo kiekio peptid\u0173 l\u0105stel\u0117je l\u0117t\u0117ja baltym\u0173 sintez\u0117 ir prasideda odos sen\u0117jimo procesas. Nors \u0161ie procesai yra nei\u0161vengiami, juos galima pristabdyti ma\u017eos molekulin\u0117s mas\u0117s peptidais. Peptidai yra informacijos saugotojai ir jos ne\u0161\u0117jai, jie perduoda biologin\u0119 informacij\u0105 i\u0161 vienos l\u0105stel\u0117s \u012f kit\u0105 taip, kad organizme vykstantys procesai veikt\u0173 tinkamai. Tai ilg\u0105 poveik\u012f odai turintys komponentai, nukreipti \u012f kolageno gamybos skatinim\u0105 ir l\u0105stel\u0117s DNR atstatym\u0105.<\/p>\n<p><strong>Naudojimas:<\/strong><br \/>\nkauk\u0119 d\u0117kite ant \u0161varios paaki\u0173 odos,\u00a0palaikykite 15 &#8211; 20 min., po to nuimkite. Ypa\u010d rekomenduojama naudoti ryte. Atidarius pakuot\u0119 sunaudoti i\u0161 karto.<\/p>\n<p><strong>Veikliosios med\u017eiagos:<\/strong><\/p>\n<p><strong>Peptid\u0173 kompleksas MATRIXYL\u00ae 3000<\/strong>\u00a0susideda i\u0161 dviej\u0173 peptid\u0173 Palmitoyl oligopeptide ir Palmitoyl tetrapeptide-7. Naujos kartos peptidai dar vadinami matrikinais, turi ai\u0161kiai apibr\u0117\u017et\u0105 speciali\u0173 aminor\u016bg\u0161\u010di\u0173 sek\u0105, pana\u0161i\u0105 \u012f nat\u016braliai susidaran\u010di\u0105 odoje. J\u0173 u\u017eduotis yra paskatinti ir stimuliuoti odos audinio l\u0105steles, kad sustor\u0117jusi audinio strukt\u016bra rauk\u0161les \u201eu\u017epildyt\u0173 i\u0161 vidaus\u201c, taip suma\u017eindama j\u0173 gyl\u012f. Akivaizd\u017eiai pager\u0117ja odos b\u016bkl\u0117 per trump\u0105 laik\u0105.<\/p>\n<p><strong>Hidrolizuot\u0105 kolagen\u0105<\/strong>\u00a0sudaro keletas aminor\u016bg\u0161\u010di\u0173: gliutaminin\u0117 r\u016bg\u0161tis, glicinas, licinas, metioninas ir kt. Hidroliz\u0117s b\u016bdu pagamintas kolagenas maitina ir jaunina od\u0105, padeda gydyti odos \u017eaizdeles ir defektus. Patek\u0119s ant odos, jos pavir\u0161iuje sukuria plon\u0105, orui pralaid\u017ei\u0105 pl\u0117vel\u0119, kuri kaupia dr\u0117gm\u0119. \u0160i audiniuose u\u017esilaikiusi dr\u0117gm\u0117, ardo baltymines odos strukt\u016bras ir skatina naujo kolageno sintez\u0119.<\/p>\n<p><strong>Ksantano derva\u00a0<\/strong>\u2013 nat\u016bralus polisacharidas \u2013 sukuria apsaugin\u0119 pl\u0117vel\u0119 odos pavir\u0161iuje ir padeda i\u0161saugoti dr\u0117gm\u0117s balans\u0105, sutraukia poras, tonizuoja. Veikia kaip nat\u016bralus tir\u0161tiklis, gerina kosmetin\u0117s priemon\u0117s tekst\u016br\u0105.<\/p>\n<p><strong>Alantoinas<\/strong>\u00a0ramina sudirgusi\u0105 od\u0105, suteikia jai lygumo ir elastingumo, skatina l\u0105steli\u0173 regeneracij\u0105, turi antialergini\u0173 savybi\u0173, padeda gydyti \u017eaizdas, nudegimus ir \u012ftr\u016bkimus, mink\u0161tina.<\/p>\n<p><strong>Kukur\u016bz\u0173 gliuteno aminor\u016bg\u0161tys: metioninas, lizinas, treoninas.\u00a0<\/strong>Metioninas pagreitina odos regeneracij\u0105, dalyvauja kolageno ir elastino sintez\u0117s procesuose, padeda atstatyti pa\u017eeistas l\u0105steles. Lizinas skatina odos gijim\u0105, turi \u012ftakos kolageno bei elastino gamybai, padeda odai atgauti elastingum\u0105, lygina rauk\u0161les. Treoninas suteikia odai \u0161velnumo, kondicionuoja, padeda reguliuoti odos PH, saugo nuo kenksmingo aplinkos poveikio bei pasi\u017eymi antioksidacin\u0117mis savyb\u0117mis.<\/p>\n","protected":false},"excerpt":{"rendered":"<p>\u00a0Earn 4 points worth \u00a30.20 when buying this product Tai\u00a0efektyvi skubios pagalbos priemon\u0117 paburkusiai paaki\u0173 odai, kurios veikliosios med\u017eiagos pranoksta visiems gerai \u017einom\u0105 kolagen\u0105, elastin\u0105 ir net keratin\u0105. Naujausios kartos kosmetiniai\u00a0komponentai\u00a0\u2013 peptidai \u2013 sprend\u017eia pa\u010di\u0105 svarbiausi\u0105 paaki\u0173 odos problem\u0105 \u2013 rauk\u0161li\u0173 atsiradim\u0105.\u00a0Peptidai\u00a0kovoja ne tik su jau atsiradusiomis pasekm\u0117mis (rauk\u0161l\u0117mis), bet ir su j\u0173 prie\u017eastimis. Hidrogelin\u0117 [&#8230;]\n","protected":false},"featured_media":2061,"comment_status":"closed","ping_status":"closed","template":"","meta":[],"product_cat":[560,559,506],"product_tag":[],"class_list":{"0":"post-4051","1":"product","2":"type-product","3":"status-publish","4":"has-post-thumbnail","6":"product_cat-paakiu-kremaiserumai","7":"product_cat-paakiu-odos-prieziura","8":"product_cat-veidui","10":"first","11":"instock","12":"shipping-taxable","13":"purchasable","14":"product-type-simple"},"yoast_head":"<!-- This site is optimized with the Yoast SEO plugin v23.6 - https:\/\/yoast.com\/wordpress\/plugins\/seo\/ -->\n<title>Hidrogeliniai diskeliai paakiams \u201ePeptid\u0173 miksas\u201c, 2vnt. - TianDe Online Shop - Beauty &amp; Health<\/title>\n<meta name=\"robots\" content=\"index, follow, max-snippet:-1, max-image-preview:large, max-video-preview:-1\" \/>\n<link rel=\"canonical\" href=\"https:\/\/tiandeproducts.co.uk\/lt\/hidrogeliniai-diskeliai-paakiams-peptidu-miksas-2vnt\/\" \/>\n<meta property=\"og:locale\" content=\"lt_LT\" \/>\n<meta property=\"og:type\" content=\"article\" \/>\n<meta property=\"og:title\" content=\"Hidrogeliniai diskeliai paakiams \u201ePeptid\u0173 miksas\u201c, 2vnt. - TianDe Online Shop - Beauty &amp; Health\" \/>\n<meta property=\"og:description\" content=\"\u00a0Earn 4 points worth \u00a30.20 when buying this product Tai\u00a0efektyvi skubios pagalbos priemon\u0117 paburkusiai paaki\u0173 odai, kurios veikliosios med\u017eiagos pranoksta visiems gerai \u017einom\u0105 kolagen\u0105, elastin\u0105 ir net keratin\u0105. Naujausios kartos kosmetiniai\u00a0komponentai\u00a0\u2013 peptidai \u2013 sprend\u017eia pa\u010di\u0105 svarbiausi\u0105 paaki\u0173 odos problem\u0105 \u2013 rauk\u0161li\u0173 atsiradim\u0105.\u00a0Peptidai\u00a0kovoja ne tik su jau atsiradusiomis pasekm\u0117mis (rauk\u0161l\u0117mis), bet ir su j\u0173 prie\u017eastimis. Hidrogelin\u0117 [...]\" \/>\n<meta property=\"og:url\" content=\"https:\/\/tiandeproducts.co.uk\/lt\/hidrogeliniai-diskeliai-paakiams-peptidu-miksas-2vnt\/\" \/>\n<meta property=\"og:site_name\" content=\"TianDe Online Shop - Beauty &amp; Health\" \/>\n<meta property=\"article:publisher\" content=\"https:\/\/www.facebook.com\/tiande.products.england\/\" \/>\n<meta property=\"article:modified_time\" content=\"2021-02-12T11:44:56+00:00\" \/>\n<meta property=\"og:image\" content=\"https:\/\/tiandeproducts.co.uk\/wp-content\/uploads\/2018\/10\/50114.jpg\" \/>\n\t<meta property=\"og:image:width\" content=\"700\" \/>\n\t<meta property=\"og:image:height\" content=\"700\" \/>\n\t<meta property=\"og:image:type\" content=\"image\/jpeg\" \/>\n<meta name=\"twitter:card\" content=\"summary_large_image\" \/>\n<meta name=\"twitter:label1\" content=\"Est. reading time\" \/>\n\t<meta name=\"twitter:data1\" content=\"2 minut\u0117s\" \/>\n<script type=\"application\/ld+json\" class=\"yoast-schema-graph\">{\"@context\":\"https:\/\/schema.org\",\"@graph\":[{\"@type\":\"WebPage\",\"@id\":\"https:\/\/tiandeproducts.co.uk\/lt\/hidrogeliniai-diskeliai-paakiams-peptidu-miksas-2vnt\/\",\"url\":\"https:\/\/tiandeproducts.co.uk\/lt\/hidrogeliniai-diskeliai-paakiams-peptidu-miksas-2vnt\/\",\"name\":\"Hidrogeliniai diskeliai paakiams \u201ePeptid\u0173 miksas\u201c, 2vnt. - TianDe Online Shop - Beauty &amp; Health\",\"isPartOf\":{\"@id\":\"https:\/\/tiandeproducts.co.uk\/#website\"},\"primaryImageOfPage\":{\"@id\":\"https:\/\/tiandeproducts.co.uk\/lt\/hidrogeliniai-diskeliai-paakiams-peptidu-miksas-2vnt\/#primaryimage\"},\"image\":{\"@id\":\"https:\/\/tiandeproducts.co.uk\/lt\/hidrogeliniai-diskeliai-paakiams-peptidu-miksas-2vnt\/#primaryimage\"},\"thumbnailUrl\":\"https:\/\/tiandeproducts.co.uk\/wp-content\/uploads\/2018\/10\/50114.jpg\",\"datePublished\":\"2018-10-02T10:58:32+00:00\",\"dateModified\":\"2021-02-12T11:44:56+00:00\",\"breadcrumb\":{\"@id\":\"https:\/\/tiandeproducts.co.uk\/lt\/hidrogeliniai-diskeliai-paakiams-peptidu-miksas-2vnt\/#breadcrumb\"},\"inLanguage\":\"lt-LT\",\"potentialAction\":[{\"@type\":\"ReadAction\",\"target\":[\"https:\/\/tiandeproducts.co.uk\/lt\/hidrogeliniai-diskeliai-paakiams-peptidu-miksas-2vnt\/\"]}]},{\"@type\":\"ImageObject\",\"inLanguage\":\"lt-LT\",\"@id\":\"https:\/\/tiandeproducts.co.uk\/lt\/hidrogeliniai-diskeliai-paakiams-peptidu-miksas-2vnt\/#primaryimage\",\"url\":\"https:\/\/tiandeproducts.co.uk\/wp-content\/uploads\/2018\/10\/50114.jpg\",\"contentUrl\":\"https:\/\/tiandeproducts.co.uk\/wp-content\/uploads\/2018\/10\/50114.jpg\",\"width\":700,\"height\":700,\"caption\":\"Peptide Mix Hydrogel Eye Patches,2pcs-0\"},{\"@type\":\"BreadcrumbList\",\"@id\":\"https:\/\/tiandeproducts.co.uk\/lt\/hidrogeliniai-diskeliai-paakiams-peptidu-miksas-2vnt\/#breadcrumb\",\"itemListElement\":[{\"@type\":\"ListItem\",\"position\":1,\"name\":\"Home\",\"item\":\"https:\/\/tiandeproducts.co.uk\/lt\/\"},{\"@type\":\"ListItem\",\"position\":2,\"name\":\"Shop\",\"item\":\"https:\/\/tiandeproducts.co.uk\/lt\/shop-2\/\"},{\"@type\":\"ListItem\",\"position\":3,\"name\":\"Hidrogeliniai diskeliai paakiams \u201ePeptid\u0173 miksas\u201c, 2vnt.\"}]},{\"@type\":\"WebSite\",\"@id\":\"https:\/\/tiandeproducts.co.uk\/#website\",\"url\":\"https:\/\/tiandeproducts.co.uk\/\",\"name\":\"TianDe Online Shop - Beauty & Health\",\"description\":\"Traditional Chinese Medicine\",\"potentialAction\":[{\"@type\":\"SearchAction\",\"target\":{\"@type\":\"EntryPoint\",\"urlTemplate\":\"https:\/\/tiandeproducts.co.uk\/?s={search_term_string}\"},\"query-input\":{\"@type\":\"PropertyValueSpecification\",\"valueRequired\":true,\"valueName\":\"search_term_string\"}}],\"inLanguage\":\"lt-LT\"}]}<\/script>\n<!-- \/ Yoast SEO plugin. -->","yoast_head_json":{"title":"Hidrogeliniai diskeliai paakiams \u201ePeptid\u0173 miksas\u201c, 2vnt. - TianDe Online Shop - Beauty &amp; Health","robots":{"index":"index","follow":"follow","max-snippet":"max-snippet:-1","max-image-preview":"max-image-preview:large","max-video-preview":"max-video-preview:-1"},"canonical":"https:\/\/tiandeproducts.co.uk\/lt\/hidrogeliniai-diskeliai-paakiams-peptidu-miksas-2vnt\/","og_locale":"lt_LT","og_type":"article","og_title":"Hidrogeliniai diskeliai paakiams \u201ePeptid\u0173 miksas\u201c, 2vnt. - TianDe Online Shop - Beauty &amp; Health","og_description":"\u00a0Earn 4 points worth \u00a30.20 when buying this product Tai\u00a0efektyvi skubios pagalbos priemon\u0117 paburkusiai paaki\u0173 odai, kurios veikliosios med\u017eiagos pranoksta visiems gerai \u017einom\u0105 kolagen\u0105, elastin\u0105 ir net keratin\u0105. Naujausios kartos kosmetiniai\u00a0komponentai\u00a0\u2013 peptidai \u2013 sprend\u017eia pa\u010di\u0105 svarbiausi\u0105 paaki\u0173 odos problem\u0105 \u2013 rauk\u0161li\u0173 atsiradim\u0105.\u00a0Peptidai\u00a0kovoja ne tik su jau atsiradusiomis pasekm\u0117mis (rauk\u0161l\u0117mis), bet ir su j\u0173 prie\u017eastimis. Hidrogelin\u0117 [...]","og_url":"https:\/\/tiandeproducts.co.uk\/lt\/hidrogeliniai-diskeliai-paakiams-peptidu-miksas-2vnt\/","og_site_name":"TianDe Online Shop - Beauty &amp; Health","article_publisher":"https:\/\/www.facebook.com\/tiande.products.england\/","article_modified_time":"2021-02-12T11:44:56+00:00","og_image":[{"width":700,"height":700,"url":"https:\/\/tiandeproducts.co.uk\/wp-content\/uploads\/2018\/10\/50114.jpg","type":"image\/jpeg"}],"twitter_card":"summary_large_image","twitter_misc":{"Est. reading time":"2 minut\u0117s"},"schema":{"@context":"https:\/\/schema.org","@graph":[{"@type":"WebPage","@id":"https:\/\/tiandeproducts.co.uk\/lt\/hidrogeliniai-diskeliai-paakiams-peptidu-miksas-2vnt\/","url":"https:\/\/tiandeproducts.co.uk\/lt\/hidrogeliniai-diskeliai-paakiams-peptidu-miksas-2vnt\/","name":"Hidrogeliniai diskeliai paakiams \u201ePeptid\u0173 miksas\u201c, 2vnt. - TianDe Online Shop - Beauty &amp; Health","isPartOf":{"@id":"https:\/\/tiandeproducts.co.uk\/#website"},"primaryImageOfPage":{"@id":"https:\/\/tiandeproducts.co.uk\/lt\/hidrogeliniai-diskeliai-paakiams-peptidu-miksas-2vnt\/#primaryimage"},"image":{"@id":"https:\/\/tiandeproducts.co.uk\/lt\/hidrogeliniai-diskeliai-paakiams-peptidu-miksas-2vnt\/#primaryimage"},"thumbnailUrl":"https:\/\/tiandeproducts.co.uk\/wp-content\/uploads\/2018\/10\/50114.jpg","datePublished":"2018-10-02T10:58:32+00:00","dateModified":"2021-02-12T11:44:56+00:00","breadcrumb":{"@id":"https:\/\/tiandeproducts.co.uk\/lt\/hidrogeliniai-diskeliai-paakiams-peptidu-miksas-2vnt\/#breadcrumb"},"inLanguage":"lt-LT","potentialAction":[{"@type":"ReadAction","target":["https:\/\/tiandeproducts.co.uk\/lt\/hidrogeliniai-diskeliai-paakiams-peptidu-miksas-2vnt\/"]}]},{"@type":"ImageObject","inLanguage":"lt-LT","@id":"https:\/\/tiandeproducts.co.uk\/lt\/hidrogeliniai-diskeliai-paakiams-peptidu-miksas-2vnt\/#primaryimage","url":"https:\/\/tiandeproducts.co.uk\/wp-content\/uploads\/2018\/10\/50114.jpg","contentUrl":"https:\/\/tiandeproducts.co.uk\/wp-content\/uploads\/2018\/10\/50114.jpg","width":700,"height":700,"caption":"Peptide Mix Hydrogel Eye Patches,2pcs-0"},{"@type":"BreadcrumbList","@id":"https:\/\/tiandeproducts.co.uk\/lt\/hidrogeliniai-diskeliai-paakiams-peptidu-miksas-2vnt\/#breadcrumb","itemListElement":[{"@type":"ListItem","position":1,"name":"Home","item":"https:\/\/tiandeproducts.co.uk\/lt\/"},{"@type":"ListItem","position":2,"name":"Shop","item":"https:\/\/tiandeproducts.co.uk\/lt\/shop-2\/"},{"@type":"ListItem","position":3,"name":"Hidrogeliniai diskeliai paakiams \u201ePeptid\u0173 miksas\u201c, 2vnt."}]},{"@type":"WebSite","@id":"https:\/\/tiandeproducts.co.uk\/#website","url":"https:\/\/tiandeproducts.co.uk\/","name":"TianDe Online Shop - Beauty & Health","description":"Traditional Chinese Medicine","potentialAction":[{"@type":"SearchAction","target":{"@type":"EntryPoint","urlTemplate":"https:\/\/tiandeproducts.co.uk\/?s={search_term_string}"},"query-input":{"@type":"PropertyValueSpecification","valueRequired":true,"valueName":"search_term_string"}}],"inLanguage":"lt-LT"}]}},"_links":{"self":[{"href":"https:\/\/tiandeproducts.co.uk\/lt\/wp-json\/wp\/v2\/product\/4051","targetHints":{"allow":["GET"]}}],"collection":[{"href":"https:\/\/tiandeproducts.co.uk\/lt\/wp-json\/wp\/v2\/product"}],"about":[{"href":"https:\/\/tiandeproducts.co.uk\/lt\/wp-json\/wp\/v2\/types\/product"}],"replies":[{"embeddable":true,"href":"https:\/\/tiandeproducts.co.uk\/lt\/wp-json\/wp\/v2\/comments?post=4051"}],"wp:featuredmedia":[{"embeddable":true,"href":"https:\/\/tiandeproducts.co.uk\/lt\/wp-json\/wp\/v2\/media\/2061"}],"wp:attachment":[{"href":"https:\/\/tiandeproducts.co.uk\/lt\/wp-json\/wp\/v2\/media?parent=4051"}],"wp:term":[{"taxonomy":"product_cat","embeddable":true,"href":"https:\/\/tiandeproducts.co.uk\/lt\/wp-json\/wp\/v2\/product_cat?post=4051"},{"taxonomy":"product_tag","embeddable":true,"href":"https:\/\/tiandeproducts.co.uk\/lt\/wp-json\/wp\/v2\/product_tag?post=4051"}],"curies":[{"name":"wp","href":"https:\/\/api.w.org\/{rel}","templated":true}]}}