{"id":4050,"date":"2018-11-13T13:39:33","date_gmt":"2018-11-13T13:39:33","guid":{"rendered":"https:\/\/tnd.ontesting.co.uk\/valomoji-kauke-plevele-veidui-130ml\/"},"modified":"2021-02-12T11:41:12","modified_gmt":"2021-02-12T11:41:12","slug":"valomoji-kauke-plevele-veidui-130ml","status":"publish","type":"product","link":"https:\/\/tiandeproducts.co.uk\/lt\/valomoji-kauke-plevele-veidui-130ml\/","title":{"rendered":"Valomoji kauk\u0117 &#8211; pl\u0117vel\u0117 veidui, 130ml."},"content":{"rendered":"<p><img decoding=\"async\" style=\"max-width: 16px; margin-right: 5px;\" src=\"https:\/\/tiandeproducts.co.uk\/wp-content\/uploads\/points-green.svg\" \/>\u00a0Earn 13 points worth \u00a30.65 when buying this product<\/p>\n<p>Kauk\u0117 &#8211; pl\u0117vel\u0117 skirta papilk\u0117jusiai, dr\u0117gm\u0117s ir mineralini\u0173 med\u017eiag\u0173 stokojan\u010diai odai, kuriai reikia skubaus ir gilaus valymo, ilgalaikio dr\u0117kinimo, stangrumo. Valomoji kauk\u0117 \u0161velniai, bet giliai valo veido od\u0105, \u0161alina surag\u0117jus\u012f sluoksn\u012f, akimirksniu patempia od\u0105, suteikia ilgalaik\u012f dr\u0117kinim\u0105, atgaivina spalv\u0105, suteikia jaunatvi\u0161ko \u0161vyt\u0117jimo.<\/p>\n<p>D\u017ei\u016bdama kauk\u0117 sukuria ant odos pavir\u0161iaus lengv\u0105 auksin\u0119 pl\u0117vel\u0119, kuri\u0105 nu\u0117mus, pa\u0161alinamas surag\u0117jusi\u0173 l\u0105steli\u0173 sluoksnis, ne\u0161varumai, toksinai, riebal\u0173 perteklius, ink\u0161tirai. Taip pat pa\u0161alinami juodi ta\u0161keliai, sutraukiamos poros, atgaivinama ir patempiama oda. Kauk\u0117 pl\u0117vel\u0117 pilnai pakei\u010dia odos \u0161veitikl\u012f, veikia greitai. Prakti\u0161ka ir patogu naudoti.<\/p>\n<p><strong>Naudojimas:<\/strong><br \/>\nAnt \u0161varios sausos odos u\u017etepkite storesn\u012f kauk\u0117s sluoksn\u012f, venkite antaki\u0173, odos aplink akis ir l\u016bp\u0173 srities. Palikite 20 &#8211; 30 min., kol kauk\u0117 taps sausa plona pl\u0117vele, tada \u0161velniai ir atsargiai nuimkite. Rekomenduojama naudoti kas antr\u0105 dien\u0105, ne ma\u017eiau, nei 10 &#8211; 15 kart\u0173 i\u0161 eil\u0117s.<\/p>\n<p><strong>Veikliosios med\u017eiagos:<\/strong><\/p>\n<p><strong>Kreg\u017edut\u0117s lizdo ekstraktas<\/strong>\u00a0&#8211; nat\u016bralus mineralini\u0173 med\u017eiag\u0173 kokteilis, tikra atgaiva vystan\u010diai, suglebusiai, dr\u0117gm\u0117s ir stangrumo netekusiai odai. Ekstrakte gausu mikroelement\u0173, baltym\u0173 (32,3%), aminor\u016bg\u0161\u010di\u0173 bei vitamin\u0173, kurie padeda ilgiau i\u0161laikyti odos jaunyst\u0119.<\/p>\n<p><strong>Mineralin\u0117s druskos<\/strong>\u00a0prisotina od\u0105 naudingomis med\u017eiagomis, sugr\u0105\u017eina odos stangrum\u0105, sveik\u0105 i\u0161vaizd\u0105, spartina l\u0105steli\u0173 atsinaujinim\u0105, palaiko dr\u0117gm\u0119.<\/p>\n<p><strong>Natrio hialuronatas<\/strong>\u00a0&#8211; biotechnologi\u0161kai i\u0161valytas preparatas, gaunamas labai sud\u0117tingos hialurono r\u016bg\u0161ties ir natrio jon\u0173 sintez\u0117s d\u0117ka. Suteikia stipr\u0173 dr\u0117kinant\u012f efekt\u0105, stimuliuoja regeneracijos procesus, pasi\u017eymi prie\u0161u\u017edegiminiu ir prie\u0161virusiniu poveikiu. Hialurono r\u016bg\u0161tis suri\u0161a vanden\u012f ir i\u0161laiko j\u012f tarpl\u0105steliniuose tarpuose. Tuo b\u016bdu padid\u0117ja audinio pasiprie\u0161inimas suspaudimui, o rauk\u0161l\u0117s tarsi i\u0161stumiamos i\u0161 vidaus.<\/p>\n<p><strong>Betainas<\/strong>\u00a0&#8211; aminor\u016bg\u0161tis i\u0161gaunama i\u0161 burok\u0117li\u0173 sul\u010di\u0173. I\u0161laiko dr\u0117gm\u0119 odoje ir neleid\u017eia jai pasi\u0161alinti, mink\u0161tina ir lygina odos pavir\u0161in\u012f sluoksn\u012f.<\/p>\n<p><strong>Paprastojo saldymed\u017eio ekstrakte\u00a0<\/strong>randamas glicirizinas\u00a0pasi\u017eymi stipriomis u\u017edegim\u0105 ma\u017einan\u010diomis savyb\u0117mis, dr\u0117kina ir \u0161velniai pri\u017ei\u016bri od\u0105.<\/p>\n","protected":false},"excerpt":{"rendered":"<p>\u00a0Earn 13 points worth \u00a30.65 when buying this product Kauk\u0117 &#8211; pl\u0117vel\u0117 skirta papilk\u0117jusiai, dr\u0117gm\u0117s ir mineralini\u0173 med\u017eiag\u0173 stokojan\u010diai odai, kuriai reikia skubaus ir gilaus valymo, ilgalaikio dr\u0117kinimo, stangrumo. Valomoji kauk\u0117 \u0161velniai, bet giliai valo veido od\u0105, \u0161alina surag\u0117jus\u012f sluoksn\u012f, akimirksniu patempia od\u0105, suteikia ilgalaik\u012f dr\u0117kinim\u0105, atgaivina spalv\u0105, suteikia jaunatvi\u0161ko \u0161vyt\u0117jimo. D\u017ei\u016bdama kauk\u0117 sukuria ant [&#8230;]\n","protected":false},"featured_media":2091,"comment_status":"closed","ping_status":"closed","template":"","meta":[],"product_cat":[576,567,562,563,590,558,506],"product_tag":[],"class_list":{"0":"post-4050","1":"product","2":"type-product","3":"status-publish","4":"has-post-thumbnail","6":"product_cat-drekinimas","7":"product_cat-drekinimas-ir-maitinimas","8":"product_cat-kaukes-lt","9":"product_cat-odos-elastngumas","10":"product_cat-problemiska-oda","11":"product_cat-sausaiserpetojanciai-odai","12":"product_cat-veidui","14":"first","15":"instock","16":"shipping-taxable","17":"purchasable","18":"product-type-simple"},"yoast_head":"<!-- This site is optimized with the Yoast SEO plugin v23.6 - https:\/\/yoast.com\/wordpress\/plugins\/seo\/ -->\n<title>Valomoji kauk\u0117 - pl\u0117vel\u0117 veidui, 130ml. - TianDe Online Shop - Beauty &amp; Health<\/title>\n<meta name=\"robots\" content=\"index, follow, max-snippet:-1, max-image-preview:large, max-video-preview:-1\" \/>\n<link rel=\"canonical\" href=\"https:\/\/tiandeproducts.co.uk\/lt\/valomoji-kauke-plevele-veidui-130ml\/\" \/>\n<meta property=\"og:locale\" content=\"lt_LT\" \/>\n<meta property=\"og:type\" content=\"article\" \/>\n<meta property=\"og:title\" content=\"Valomoji kauk\u0117 - pl\u0117vel\u0117 veidui, 130ml. - TianDe Online Shop - Beauty &amp; Health\" \/>\n<meta property=\"og:description\" content=\"\u00a0Earn 13 points worth \u00a30.65 when buying this product Kauk\u0117 &#8211; pl\u0117vel\u0117 skirta papilk\u0117jusiai, dr\u0117gm\u0117s ir mineralini\u0173 med\u017eiag\u0173 stokojan\u010diai odai, kuriai reikia skubaus ir gilaus valymo, ilgalaikio dr\u0117kinimo, stangrumo. Valomoji kauk\u0117 \u0161velniai, bet giliai valo veido od\u0105, \u0161alina surag\u0117jus\u012f sluoksn\u012f, akimirksniu patempia od\u0105, suteikia ilgalaik\u012f dr\u0117kinim\u0105, atgaivina spalv\u0105, suteikia jaunatvi\u0161ko \u0161vyt\u0117jimo. D\u017ei\u016bdama kauk\u0117 sukuria ant [...]\" \/>\n<meta property=\"og:url\" content=\"https:\/\/tiandeproducts.co.uk\/lt\/valomoji-kauke-plevele-veidui-130ml\/\" \/>\n<meta property=\"og:site_name\" content=\"TianDe Online Shop - Beauty &amp; Health\" \/>\n<meta property=\"article:publisher\" content=\"https:\/\/www.facebook.com\/tiande.products.england\/\" \/>\n<meta property=\"article:modified_time\" content=\"2021-02-12T11:41:12+00:00\" \/>\n<meta property=\"og:image\" content=\"https:\/\/tiandeproducts.co.uk\/wp-content\/uploads\/2018\/11\/50116.jpg\" \/>\n\t<meta property=\"og:image:width\" content=\"700\" \/>\n\t<meta property=\"og:image:height\" content=\"700\" \/>\n\t<meta property=\"og:image:type\" content=\"image\/jpeg\" \/>\n<meta name=\"twitter:card\" content=\"summary_large_image\" \/>\n<meta name=\"twitter:label1\" content=\"Est. reading time\" \/>\n\t<meta name=\"twitter:data1\" content=\"2 minut\u0117s\" \/>\n<script type=\"application\/ld+json\" class=\"yoast-schema-graph\">{\"@context\":\"https:\/\/schema.org\",\"@graph\":[{\"@type\":\"WebPage\",\"@id\":\"https:\/\/tiandeproducts.co.uk\/lt\/valomoji-kauke-plevele-veidui-130ml\/\",\"url\":\"https:\/\/tiandeproducts.co.uk\/lt\/valomoji-kauke-plevele-veidui-130ml\/\",\"name\":\"Valomoji kauk\u0117 - pl\u0117vel\u0117 veidui, 130ml. - TianDe Online Shop - Beauty &amp; Health\",\"isPartOf\":{\"@id\":\"https:\/\/tiandeproducts.co.uk\/#website\"},\"primaryImageOfPage\":{\"@id\":\"https:\/\/tiandeproducts.co.uk\/lt\/valomoji-kauke-plevele-veidui-130ml\/#primaryimage\"},\"image\":{\"@id\":\"https:\/\/tiandeproducts.co.uk\/lt\/valomoji-kauke-plevele-veidui-130ml\/#primaryimage\"},\"thumbnailUrl\":\"https:\/\/tiandeproducts.co.uk\/wp-content\/uploads\/2018\/11\/50116.jpg\",\"datePublished\":\"2018-11-13T13:39:33+00:00\",\"dateModified\":\"2021-02-12T11:41:12+00:00\",\"breadcrumb\":{\"@id\":\"https:\/\/tiandeproducts.co.uk\/lt\/valomoji-kauke-plevele-veidui-130ml\/#breadcrumb\"},\"inLanguage\":\"lt-LT\",\"potentialAction\":[{\"@type\":\"ReadAction\",\"target\":[\"https:\/\/tiandeproducts.co.uk\/lt\/valomoji-kauke-plevele-veidui-130ml\/\"]}]},{\"@type\":\"ImageObject\",\"inLanguage\":\"lt-LT\",\"@id\":\"https:\/\/tiandeproducts.co.uk\/lt\/valomoji-kauke-plevele-veidui-130ml\/#primaryimage\",\"url\":\"https:\/\/tiandeproducts.co.uk\/wp-content\/uploads\/2018\/11\/50116.jpg\",\"contentUrl\":\"https:\/\/tiandeproducts.co.uk\/wp-content\/uploads\/2018\/11\/50116.jpg\",\"width\":700,\"height\":700,\"caption\":\"Gold Purifying Face Film Mask,130ml-0\"},{\"@type\":\"BreadcrumbList\",\"@id\":\"https:\/\/tiandeproducts.co.uk\/lt\/valomoji-kauke-plevele-veidui-130ml\/#breadcrumb\",\"itemListElement\":[{\"@type\":\"ListItem\",\"position\":1,\"name\":\"Home\",\"item\":\"https:\/\/tiandeproducts.co.uk\/lt\/\"},{\"@type\":\"ListItem\",\"position\":2,\"name\":\"Shop\",\"item\":\"https:\/\/tiandeproducts.co.uk\/lt\/shop-2\/\"},{\"@type\":\"ListItem\",\"position\":3,\"name\":\"Valomoji kauk\u0117 &#8211; pl\u0117vel\u0117 veidui, 130ml.\"}]},{\"@type\":\"WebSite\",\"@id\":\"https:\/\/tiandeproducts.co.uk\/#website\",\"url\":\"https:\/\/tiandeproducts.co.uk\/\",\"name\":\"TianDe Online Shop - Beauty & Health\",\"description\":\"Traditional Chinese Medicine\",\"potentialAction\":[{\"@type\":\"SearchAction\",\"target\":{\"@type\":\"EntryPoint\",\"urlTemplate\":\"https:\/\/tiandeproducts.co.uk\/?s={search_term_string}\"},\"query-input\":{\"@type\":\"PropertyValueSpecification\",\"valueRequired\":true,\"valueName\":\"search_term_string\"}}],\"inLanguage\":\"lt-LT\"}]}<\/script>\n<!-- \/ Yoast SEO plugin. -->","yoast_head_json":{"title":"Valomoji kauk\u0117 - pl\u0117vel\u0117 veidui, 130ml. - TianDe Online Shop - Beauty &amp; Health","robots":{"index":"index","follow":"follow","max-snippet":"max-snippet:-1","max-image-preview":"max-image-preview:large","max-video-preview":"max-video-preview:-1"},"canonical":"https:\/\/tiandeproducts.co.uk\/lt\/valomoji-kauke-plevele-veidui-130ml\/","og_locale":"lt_LT","og_type":"article","og_title":"Valomoji kauk\u0117 - pl\u0117vel\u0117 veidui, 130ml. - TianDe Online Shop - Beauty &amp; Health","og_description":"\u00a0Earn 13 points worth \u00a30.65 when buying this product Kauk\u0117 &#8211; pl\u0117vel\u0117 skirta papilk\u0117jusiai, dr\u0117gm\u0117s ir mineralini\u0173 med\u017eiag\u0173 stokojan\u010diai odai, kuriai reikia skubaus ir gilaus valymo, ilgalaikio dr\u0117kinimo, stangrumo. Valomoji kauk\u0117 \u0161velniai, bet giliai valo veido od\u0105, \u0161alina surag\u0117jus\u012f sluoksn\u012f, akimirksniu patempia od\u0105, suteikia ilgalaik\u012f dr\u0117kinim\u0105, atgaivina spalv\u0105, suteikia jaunatvi\u0161ko \u0161vyt\u0117jimo. D\u017ei\u016bdama kauk\u0117 sukuria ant [...]","og_url":"https:\/\/tiandeproducts.co.uk\/lt\/valomoji-kauke-plevele-veidui-130ml\/","og_site_name":"TianDe Online Shop - Beauty &amp; Health","article_publisher":"https:\/\/www.facebook.com\/tiande.products.england\/","article_modified_time":"2021-02-12T11:41:12+00:00","og_image":[{"width":700,"height":700,"url":"https:\/\/tiandeproducts.co.uk\/wp-content\/uploads\/2018\/11\/50116.jpg","type":"image\/jpeg"}],"twitter_card":"summary_large_image","twitter_misc":{"Est. reading time":"2 minut\u0117s"},"schema":{"@context":"https:\/\/schema.org","@graph":[{"@type":"WebPage","@id":"https:\/\/tiandeproducts.co.uk\/lt\/valomoji-kauke-plevele-veidui-130ml\/","url":"https:\/\/tiandeproducts.co.uk\/lt\/valomoji-kauke-plevele-veidui-130ml\/","name":"Valomoji kauk\u0117 - pl\u0117vel\u0117 veidui, 130ml. - TianDe Online Shop - Beauty &amp; Health","isPartOf":{"@id":"https:\/\/tiandeproducts.co.uk\/#website"},"primaryImageOfPage":{"@id":"https:\/\/tiandeproducts.co.uk\/lt\/valomoji-kauke-plevele-veidui-130ml\/#primaryimage"},"image":{"@id":"https:\/\/tiandeproducts.co.uk\/lt\/valomoji-kauke-plevele-veidui-130ml\/#primaryimage"},"thumbnailUrl":"https:\/\/tiandeproducts.co.uk\/wp-content\/uploads\/2018\/11\/50116.jpg","datePublished":"2018-11-13T13:39:33+00:00","dateModified":"2021-02-12T11:41:12+00:00","breadcrumb":{"@id":"https:\/\/tiandeproducts.co.uk\/lt\/valomoji-kauke-plevele-veidui-130ml\/#breadcrumb"},"inLanguage":"lt-LT","potentialAction":[{"@type":"ReadAction","target":["https:\/\/tiandeproducts.co.uk\/lt\/valomoji-kauke-plevele-veidui-130ml\/"]}]},{"@type":"ImageObject","inLanguage":"lt-LT","@id":"https:\/\/tiandeproducts.co.uk\/lt\/valomoji-kauke-plevele-veidui-130ml\/#primaryimage","url":"https:\/\/tiandeproducts.co.uk\/wp-content\/uploads\/2018\/11\/50116.jpg","contentUrl":"https:\/\/tiandeproducts.co.uk\/wp-content\/uploads\/2018\/11\/50116.jpg","width":700,"height":700,"caption":"Gold Purifying Face Film Mask,130ml-0"},{"@type":"BreadcrumbList","@id":"https:\/\/tiandeproducts.co.uk\/lt\/valomoji-kauke-plevele-veidui-130ml\/#breadcrumb","itemListElement":[{"@type":"ListItem","position":1,"name":"Home","item":"https:\/\/tiandeproducts.co.uk\/lt\/"},{"@type":"ListItem","position":2,"name":"Shop","item":"https:\/\/tiandeproducts.co.uk\/lt\/shop-2\/"},{"@type":"ListItem","position":3,"name":"Valomoji kauk\u0117 &#8211; pl\u0117vel\u0117 veidui, 130ml."}]},{"@type":"WebSite","@id":"https:\/\/tiandeproducts.co.uk\/#website","url":"https:\/\/tiandeproducts.co.uk\/","name":"TianDe Online Shop - Beauty & Health","description":"Traditional Chinese Medicine","potentialAction":[{"@type":"SearchAction","target":{"@type":"EntryPoint","urlTemplate":"https:\/\/tiandeproducts.co.uk\/?s={search_term_string}"},"query-input":{"@type":"PropertyValueSpecification","valueRequired":true,"valueName":"search_term_string"}}],"inLanguage":"lt-LT"}]}},"_links":{"self":[{"href":"https:\/\/tiandeproducts.co.uk\/lt\/wp-json\/wp\/v2\/product\/4050","targetHints":{"allow":["GET"]}}],"collection":[{"href":"https:\/\/tiandeproducts.co.uk\/lt\/wp-json\/wp\/v2\/product"}],"about":[{"href":"https:\/\/tiandeproducts.co.uk\/lt\/wp-json\/wp\/v2\/types\/product"}],"replies":[{"embeddable":true,"href":"https:\/\/tiandeproducts.co.uk\/lt\/wp-json\/wp\/v2\/comments?post=4050"}],"wp:featuredmedia":[{"embeddable":true,"href":"https:\/\/tiandeproducts.co.uk\/lt\/wp-json\/wp\/v2\/media\/2091"}],"wp:attachment":[{"href":"https:\/\/tiandeproducts.co.uk\/lt\/wp-json\/wp\/v2\/media?parent=4050"}],"wp:term":[{"taxonomy":"product_cat","embeddable":true,"href":"https:\/\/tiandeproducts.co.uk\/lt\/wp-json\/wp\/v2\/product_cat?post=4050"},{"taxonomy":"product_tag","embeddable":true,"href":"https:\/\/tiandeproducts.co.uk\/lt\/wp-json\/wp\/v2\/product_tag?post=4050"}],"curies":[{"name":"wp","href":"https:\/\/api.w.org\/{rel}","templated":true}]}}