{"id":4049,"date":"2018-11-13T13:13:17","date_gmt":"2018-11-13T13:13:17","guid":{"rendered":"https:\/\/tnd.ontesting.co.uk\/matavimo-juosta-su-kuno-mases-indeksu-1vnt\/"},"modified":"2021-06-26T03:26:54","modified_gmt":"2021-06-26T02:26:54","slug":"matavimo-juosta-su-kuno-mases-indeksu-1vnt","status":"publish","type":"product","link":"https:\/\/tiandeproducts.co.uk\/lt\/matavimo-juosta-su-kuno-mases-indeksu-1vnt\/","title":{"rendered":"Matavimo juosta su k\u016bno mas\u0117s indeksu, 1vnt."},"content":{"rendered":"<p><img decoding=\"async\" style=\"max-width: 16px; margin-right: 5px;\" src=\"https:\/\/tiandeproducts.co.uk\/wp-content\/uploads\/points-green.svg\" \/>\u00a0Earn 6 points worth \u00a30.30 when buying this product<\/p>\n<p><span class=\"_5yl5\">TianDe centimetras su k\u016bno mas\u0117s indeksu yra visi\u0161kas diagnostikos centras J\u016bs\u0173 rankin\u0117je arba ant stalo. Tai paprastas, mobilus, stilingas, kompakti\u0161kas \u012ftaisas, kuris leis jums kontroliuoti J\u016bs\u0173 apimtis.<\/span><\/p>\n<p><span class=\"_5yl5\">TianDe centimetras pad\u0117s:<\/span><\/p>\n<ul>\n<li>lengvai matuoti talijos apimtis (tai \u017eenkl\u0173 rodiklis, galintis prane\u0161ti apie sveikatos problemas, jei toki\u0173 yra);<\/li>\n<li><span class=\"_5yl5\">greitai apskai\u010diuosite k\u016bno mas\u0117s indeks\u0105 (KMI, mitybiniu po\u017ei\u016briu pripa\u017eintu parametru, norint nustatyti ideal\u0173 svor\u012f). Jums tik reikia palyginti \u016bgio ir svorio vertes centimetro skal\u0117je, o centimetras parodys j\u016bs\u0173 KMI;<\/span><\/li>\n<li><span class=\"_5yl5\">kontroliuokite savo pa\u017eang\u0105 kelyje \u012f liekn\u0105 fig\u016br\u0105.<\/span><\/li>\n<\/ul>\n<p><span class=\"_5yl5\">Ant centimetro yra sufleris. Jis skirstomas \u012f zonas: \u017ealia \u2013 viskas tvarkinga, oran\u017ein\u0117 \u2013 atkreipkite d\u0117mes\u012f, yra problem\u0173, raudonos \u2013 skubiai r\u016bpintis sveikata.\u00a0Centimetras turi dvi puses \u2013 matuojamas juosmens ilgis vyrams ir moterims. Patogus tvirtinimas leid\u017eia jums sureguliuoti juostel\u0119, kad b\u016bt\u0173 galima tiksliai i\u0161matuoti apimtis. Nor\u0117dami sutrumpinti centimetr\u0105, tiesiog spustel\u0117kite mygtuk\u0105.<\/span><\/p>\n<p><strong>Naudojimas:<\/strong>\u00a0rasti savo \u016bg\u012f, \u017ealia spalva (sukasi ratas) . Rasti savo svor\u012f ( balta spalva). Pasukdami \u017eali\u0105 apskritim\u0105, prijunkite \u0161iuos indikatorius. KMI srityje rodykl\u0117 nurodo J\u016bs\u0173 KMI.<\/p>\n","protected":false},"excerpt":{"rendered":"<p>\u00a0Earn 6 points worth \u00a30.30 when buying this product TianDe centimetras su k\u016bno mas\u0117s indeksu yra visi\u0161kas diagnostikos centras J\u016bs\u0173 rankin\u0117je arba ant stalo. Tai paprastas, mobilus, stilingas, kompakti\u0161kas \u012ftaisas, kuris leis jums kontroliuoti J\u016bs\u0173 apimtis. TianDe centimetras pad\u0117s: lengvai matuoti talijos apimtis (tai \u017eenkl\u0173 rodiklis, galintis prane\u0161ti apie sveikatos problemas, jei toki\u0173 yra); greitai [&#8230;]\n","protected":false},"featured_media":2071,"comment_status":"closed","ping_status":"closed","template":"","meta":[],"product_cat":[720,463,732,499,493],"product_tag":[],"class_list":{"0":"post-4049","1":"product","2":"type-product","3":"status-publish","4":"has-post-thumbnail","6":"product_cat-active-life-ru","7":"product_cat-463","8":"product_cat-732","9":"product_cat-499","10":"product_cat-493","12":"first","13":"instock","14":"shipping-taxable","15":"purchasable","16":"product-type-simple"},"yoast_head":"<!-- This site is optimized with the Yoast SEO plugin v23.6 - https:\/\/yoast.com\/wordpress\/plugins\/seo\/ -->\n<title>Matavimo juosta su k\u016bno mas\u0117s indeksu, 1vnt. - TianDe Online Shop - Beauty &amp; Health<\/title>\n<meta name=\"robots\" content=\"index, follow, max-snippet:-1, max-image-preview:large, max-video-preview:-1\" \/>\n<link rel=\"canonical\" href=\"https:\/\/tiandeproducts.co.uk\/lt\/matavimo-juosta-su-kuno-mases-indeksu-1vnt\/\" \/>\n<meta property=\"og:locale\" content=\"lt_LT\" \/>\n<meta property=\"og:type\" content=\"article\" \/>\n<meta property=\"og:title\" content=\"Matavimo juosta su k\u016bno mas\u0117s indeksu, 1vnt. - TianDe Online Shop - Beauty &amp; Health\" \/>\n<meta property=\"og:description\" content=\"\u00a0Earn 6 points worth \u00a30.30 when buying this product TianDe centimetras su k\u016bno mas\u0117s indeksu yra visi\u0161kas diagnostikos centras J\u016bs\u0173 rankin\u0117je arba ant stalo. Tai paprastas, mobilus, stilingas, kompakti\u0161kas \u012ftaisas, kuris leis jums kontroliuoti J\u016bs\u0173 apimtis. TianDe centimetras pad\u0117s: lengvai matuoti talijos apimtis (tai \u017eenkl\u0173 rodiklis, galintis prane\u0161ti apie sveikatos problemas, jei toki\u0173 yra); greitai [...]\" \/>\n<meta property=\"og:url\" content=\"https:\/\/tiandeproducts.co.uk\/lt\/matavimo-juosta-su-kuno-mases-indeksu-1vnt\/\" \/>\n<meta property=\"og:site_name\" content=\"TianDe Online Shop - Beauty &amp; Health\" \/>\n<meta property=\"article:publisher\" content=\"https:\/\/www.facebook.com\/tiande.products.england\/\" \/>\n<meta property=\"article:modified_time\" content=\"2021-06-26T02:26:54+00:00\" \/>\n<meta property=\"og:image\" content=\"https:\/\/tiandeproducts.co.uk\/wp-content\/uploads\/2018\/11\/90176.jpg\" \/>\n\t<meta property=\"og:image:width\" content=\"700\" \/>\n\t<meta property=\"og:image:height\" content=\"700\" \/>\n\t<meta property=\"og:image:type\" content=\"image\/jpeg\" \/>\n<meta name=\"twitter:card\" content=\"summary_large_image\" \/>\n<meta name=\"twitter:label1\" content=\"Est. reading time\" \/>\n\t<meta name=\"twitter:data1\" content=\"1 minut\u0117\" \/>\n<script type=\"application\/ld+json\" class=\"yoast-schema-graph\">{\"@context\":\"https:\/\/schema.org\",\"@graph\":[{\"@type\":\"WebPage\",\"@id\":\"https:\/\/tiandeproducts.co.uk\/lt\/matavimo-juosta-su-kuno-mases-indeksu-1vnt\/\",\"url\":\"https:\/\/tiandeproducts.co.uk\/lt\/matavimo-juosta-su-kuno-mases-indeksu-1vnt\/\",\"name\":\"Matavimo juosta su k\u016bno mas\u0117s indeksu, 1vnt. - TianDe Online Shop - Beauty &amp; Health\",\"isPartOf\":{\"@id\":\"https:\/\/tiandeproducts.co.uk\/#website\"},\"primaryImageOfPage\":{\"@id\":\"https:\/\/tiandeproducts.co.uk\/lt\/matavimo-juosta-su-kuno-mases-indeksu-1vnt\/#primaryimage\"},\"image\":{\"@id\":\"https:\/\/tiandeproducts.co.uk\/lt\/matavimo-juosta-su-kuno-mases-indeksu-1vnt\/#primaryimage\"},\"thumbnailUrl\":\"https:\/\/tiandeproducts.co.uk\/wp-content\/uploads\/2018\/11\/90176.jpg\",\"datePublished\":\"2018-11-13T13:13:17+00:00\",\"dateModified\":\"2021-06-26T02:26:54+00:00\",\"breadcrumb\":{\"@id\":\"https:\/\/tiandeproducts.co.uk\/lt\/matavimo-juosta-su-kuno-mases-indeksu-1vnt\/#breadcrumb\"},\"inLanguage\":\"lt-LT\",\"potentialAction\":[{\"@type\":\"ReadAction\",\"target\":[\"https:\/\/tiandeproducts.co.uk\/lt\/matavimo-juosta-su-kuno-mases-indeksu-1vnt\/\"]}]},{\"@type\":\"ImageObject\",\"inLanguage\":\"lt-LT\",\"@id\":\"https:\/\/tiandeproducts.co.uk\/lt\/matavimo-juosta-su-kuno-mases-indeksu-1vnt\/#primaryimage\",\"url\":\"https:\/\/tiandeproducts.co.uk\/wp-content\/uploads\/2018\/11\/90176.jpg\",\"contentUrl\":\"https:\/\/tiandeproducts.co.uk\/wp-content\/uploads\/2018\/11\/90176.jpg\",\"width\":700,\"height\":700,\"caption\":\"Tiande Centimetre With Body Mass Index,1pc-0\"},{\"@type\":\"BreadcrumbList\",\"@id\":\"https:\/\/tiandeproducts.co.uk\/lt\/matavimo-juosta-su-kuno-mases-indeksu-1vnt\/#breadcrumb\",\"itemListElement\":[{\"@type\":\"ListItem\",\"position\":1,\"name\":\"Home\",\"item\":\"https:\/\/tiandeproducts.co.uk\/lt\/\"},{\"@type\":\"ListItem\",\"position\":2,\"name\":\"Shop\",\"item\":\"https:\/\/tiandeproducts.co.uk\/lt\/shop-2\/\"},{\"@type\":\"ListItem\",\"position\":3,\"name\":\"Matavimo juosta su k\u016bno mas\u0117s indeksu, 1vnt.\"}]},{\"@type\":\"WebSite\",\"@id\":\"https:\/\/tiandeproducts.co.uk\/#website\",\"url\":\"https:\/\/tiandeproducts.co.uk\/\",\"name\":\"TianDe Online Shop - Beauty & Health\",\"description\":\"Traditional Chinese Medicine\",\"potentialAction\":[{\"@type\":\"SearchAction\",\"target\":{\"@type\":\"EntryPoint\",\"urlTemplate\":\"https:\/\/tiandeproducts.co.uk\/?s={search_term_string}\"},\"query-input\":{\"@type\":\"PropertyValueSpecification\",\"valueRequired\":true,\"valueName\":\"search_term_string\"}}],\"inLanguage\":\"lt-LT\"}]}<\/script>\n<!-- \/ Yoast SEO plugin. -->","yoast_head_json":{"title":"Matavimo juosta su k\u016bno mas\u0117s indeksu, 1vnt. - TianDe Online Shop - Beauty &amp; Health","robots":{"index":"index","follow":"follow","max-snippet":"max-snippet:-1","max-image-preview":"max-image-preview:large","max-video-preview":"max-video-preview:-1"},"canonical":"https:\/\/tiandeproducts.co.uk\/lt\/matavimo-juosta-su-kuno-mases-indeksu-1vnt\/","og_locale":"lt_LT","og_type":"article","og_title":"Matavimo juosta su k\u016bno mas\u0117s indeksu, 1vnt. - TianDe Online Shop - Beauty &amp; Health","og_description":"\u00a0Earn 6 points worth \u00a30.30 when buying this product TianDe centimetras su k\u016bno mas\u0117s indeksu yra visi\u0161kas diagnostikos centras J\u016bs\u0173 rankin\u0117je arba ant stalo. Tai paprastas, mobilus, stilingas, kompakti\u0161kas \u012ftaisas, kuris leis jums kontroliuoti J\u016bs\u0173 apimtis. TianDe centimetras pad\u0117s: lengvai matuoti talijos apimtis (tai \u017eenkl\u0173 rodiklis, galintis prane\u0161ti apie sveikatos problemas, jei toki\u0173 yra); greitai [...]","og_url":"https:\/\/tiandeproducts.co.uk\/lt\/matavimo-juosta-su-kuno-mases-indeksu-1vnt\/","og_site_name":"TianDe Online Shop - Beauty &amp; Health","article_publisher":"https:\/\/www.facebook.com\/tiande.products.england\/","article_modified_time":"2021-06-26T02:26:54+00:00","og_image":[{"width":700,"height":700,"url":"https:\/\/tiandeproducts.co.uk\/wp-content\/uploads\/2018\/11\/90176.jpg","type":"image\/jpeg"}],"twitter_card":"summary_large_image","twitter_misc":{"Est. reading time":"1 minut\u0117"},"schema":{"@context":"https:\/\/schema.org","@graph":[{"@type":"WebPage","@id":"https:\/\/tiandeproducts.co.uk\/lt\/matavimo-juosta-su-kuno-mases-indeksu-1vnt\/","url":"https:\/\/tiandeproducts.co.uk\/lt\/matavimo-juosta-su-kuno-mases-indeksu-1vnt\/","name":"Matavimo juosta su k\u016bno mas\u0117s indeksu, 1vnt. - TianDe Online Shop - Beauty &amp; Health","isPartOf":{"@id":"https:\/\/tiandeproducts.co.uk\/#website"},"primaryImageOfPage":{"@id":"https:\/\/tiandeproducts.co.uk\/lt\/matavimo-juosta-su-kuno-mases-indeksu-1vnt\/#primaryimage"},"image":{"@id":"https:\/\/tiandeproducts.co.uk\/lt\/matavimo-juosta-su-kuno-mases-indeksu-1vnt\/#primaryimage"},"thumbnailUrl":"https:\/\/tiandeproducts.co.uk\/wp-content\/uploads\/2018\/11\/90176.jpg","datePublished":"2018-11-13T13:13:17+00:00","dateModified":"2021-06-26T02:26:54+00:00","breadcrumb":{"@id":"https:\/\/tiandeproducts.co.uk\/lt\/matavimo-juosta-su-kuno-mases-indeksu-1vnt\/#breadcrumb"},"inLanguage":"lt-LT","potentialAction":[{"@type":"ReadAction","target":["https:\/\/tiandeproducts.co.uk\/lt\/matavimo-juosta-su-kuno-mases-indeksu-1vnt\/"]}]},{"@type":"ImageObject","inLanguage":"lt-LT","@id":"https:\/\/tiandeproducts.co.uk\/lt\/matavimo-juosta-su-kuno-mases-indeksu-1vnt\/#primaryimage","url":"https:\/\/tiandeproducts.co.uk\/wp-content\/uploads\/2018\/11\/90176.jpg","contentUrl":"https:\/\/tiandeproducts.co.uk\/wp-content\/uploads\/2018\/11\/90176.jpg","width":700,"height":700,"caption":"Tiande Centimetre With Body Mass Index,1pc-0"},{"@type":"BreadcrumbList","@id":"https:\/\/tiandeproducts.co.uk\/lt\/matavimo-juosta-su-kuno-mases-indeksu-1vnt\/#breadcrumb","itemListElement":[{"@type":"ListItem","position":1,"name":"Home","item":"https:\/\/tiandeproducts.co.uk\/lt\/"},{"@type":"ListItem","position":2,"name":"Shop","item":"https:\/\/tiandeproducts.co.uk\/lt\/shop-2\/"},{"@type":"ListItem","position":3,"name":"Matavimo juosta su k\u016bno mas\u0117s indeksu, 1vnt."}]},{"@type":"WebSite","@id":"https:\/\/tiandeproducts.co.uk\/#website","url":"https:\/\/tiandeproducts.co.uk\/","name":"TianDe Online Shop - Beauty & Health","description":"Traditional Chinese Medicine","potentialAction":[{"@type":"SearchAction","target":{"@type":"EntryPoint","urlTemplate":"https:\/\/tiandeproducts.co.uk\/?s={search_term_string}"},"query-input":{"@type":"PropertyValueSpecification","valueRequired":true,"valueName":"search_term_string"}}],"inLanguage":"lt-LT"}]}},"_links":{"self":[{"href":"https:\/\/tiandeproducts.co.uk\/lt\/wp-json\/wp\/v2\/product\/4049","targetHints":{"allow":["GET"]}}],"collection":[{"href":"https:\/\/tiandeproducts.co.uk\/lt\/wp-json\/wp\/v2\/product"}],"about":[{"href":"https:\/\/tiandeproducts.co.uk\/lt\/wp-json\/wp\/v2\/types\/product"}],"replies":[{"embeddable":true,"href":"https:\/\/tiandeproducts.co.uk\/lt\/wp-json\/wp\/v2\/comments?post=4049"}],"wp:featuredmedia":[{"embeddable":true,"href":"https:\/\/tiandeproducts.co.uk\/lt\/wp-json\/wp\/v2\/media\/2071"}],"wp:attachment":[{"href":"https:\/\/tiandeproducts.co.uk\/lt\/wp-json\/wp\/v2\/media?parent=4049"}],"wp:term":[{"taxonomy":"product_cat","embeddable":true,"href":"https:\/\/tiandeproducts.co.uk\/lt\/wp-json\/wp\/v2\/product_cat?post=4049"},{"taxonomy":"product_tag","embeddable":true,"href":"https:\/\/tiandeproducts.co.uk\/lt\/wp-json\/wp\/v2\/product_tag?post=4049"}],"curies":[{"name":"wp","href":"https:\/\/api.w.org\/{rel}","templated":true}]}}