{"id":4046,"date":"2018-11-22T11:03:39","date_gmt":"2018-11-22T11:03:39","guid":{"rendered":"https:\/\/tnd.ontesting.co.uk\/gaivinamoji-kauke-veidui-su-agurko-ekstraktu-1vnt\/"},"modified":"2021-02-12T11:30:03","modified_gmt":"2021-02-12T11:30:03","slug":"gaivinamoji-kauke-veidui-su-agurko-ekstraktu-1vnt","status":"publish","type":"product","link":"https:\/\/tiandeproducts.co.uk\/lt\/gaivinamoji-kauke-veidui-su-agurko-ekstraktu-1vnt\/","title":{"rendered":"Gaivinamoji kauk\u0117 veidui su agurko ekstraktu, 1vnt."},"content":{"rendered":"<div data-block=\"true\" data-editor=\"f6o2m\" data-offset-key=\"7er3g-0-0\">\n<div data-offset-key=\"bav5-0-0\"><img decoding=\"async\" style=\"max-width: 16px; margin-right: 5px;\" src=\"https:\/\/tiandeproducts.co.uk\/wp-content\/uploads\/points-green.svg\" \/>\u00a0Earn 2 points worth \u00a30.10 when buying this product<\/div>\n<div data-offset-key=\"bav5-0-0\"><\/div>\n<div class=\"_1mf _1mj\" data-offset-key=\"bav5-0-0\"><span data-offset-key=\"9c97d-0-0\">Du \u017eali agurk\u0173 grie\u017ein\u0117liai ant aki\u0173 ir keletas ant veido \u2013 klasika! Ir i\u0161 ties\u0173, po tokios \u201cdar\u017eov\u0117s\u201d oda pastebimai tampa \u0161vie\u017eesn\u0117 ir jaunesn\u0117. Bet kiek su \u0161iais \u201cagurkais\u201d kaukes d\u0117sim\u0117s? Nelabai patogu ir prakti\u0161ka, nes : agurkai nuo veido slysta, negalite jud\u0117ti, tiesiog u\u017esid\u0117jus gul\u0117ti. Bet\u2026 kompanija pagalvojo ir apie tai ir si\u016blo i\u0161eit\u012f!<\/span><span data-offset-key=\"e94k6-0-0\">\u00a0TianDe kvie\u010dia Jus m\u0117gautis agurk\u0173 kauk\u0117s privalumais be joki\u0173 tr\u016bkum\u0173! Ypa\u010d plona kauk\u0117s strukt\u016bra, tvirtai apgaubia od\u0105 ir suteikia daugiausia nauding\u0173 med\u017eiag\u0173!<\/span><span data-offset-key=\"bav5-0-0\">\u00a0Rezultatas: mink\u0161ta, sudr\u0117kinta, komforti\u0161ka, gaivi oda ir \u0161velnus balinimo poveikis.<\/span><\/div>\n<\/div>\n<div data-block=\"true\" data-editor=\"f6o2m\" data-offset-key=\"bboht-0-0\">\n<div class=\"_1mf _1mj\" data-offset-key=\"bboht-0-0\"><\/div>\n<\/div>\n<div data-block=\"true\" data-editor=\"f6o2m\" data-offset-key=\"54s1f-0-0\">\n<div class=\"_1mf _1mj\" data-offset-key=\"54s1f-0-0\"><span data-offset-key=\"54s1f-0-0\"><strong>Naudojimas:<\/strong> ant \u0161varios nuvalytos odos u\u017ed\u0117ti kauk\u0119 ir 15-20 minu\u010di\u0173 laikyti, kauk\u0119 nu\u0117mus j\u0105, nuplaukite veid\u0105 vandeniu. Rekomenduoja 1-2 kartus per savait\u0119. Kauk\u0117 turi b\u016bti naudojama i\u0161kart po pakuot\u0117s atidarymo.<\/span><\/div>\n<\/div>\n","protected":false},"excerpt":{"rendered":"<p>\u00a0Earn 2 points worth \u00a30.10 when buying this product Du \u017eali agurk\u0173 grie\u017ein\u0117liai ant aki\u0173 ir keletas ant veido \u2013 klasika! Ir i\u0161 ties\u0173, po tokios \u201cdar\u017eov\u0117s\u201d oda pastebimai tampa \u0161vie\u017eesn\u0117 ir jaunesn\u0117. Bet kiek su \u0161iais \u201cagurkais\u201d kaukes d\u0117sim\u0117s? Nelabai patogu ir prakti\u0161ka, nes : agurkai nuo veido slysta, negalite jud\u0117ti, tiesiog u\u017esid\u0117jus gul\u0117ti. [&#8230;]\n","protected":false},"featured_media":2116,"comment_status":"closed","ping_status":"closed","template":"","meta":[],"product_cat":[567,562,558,506],"product_tag":[],"class_list":{"0":"post-4046","1":"product","2":"type-product","3":"status-publish","4":"has-post-thumbnail","6":"product_cat-drekinimas-ir-maitinimas","7":"product_cat-kaukes-lt","8":"product_cat-sausaiserpetojanciai-odai","9":"product_cat-veidui","11":"first","12":"instock","13":"shipping-taxable","14":"purchasable","15":"product-type-simple"},"yoast_head":"<!-- This site is optimized with the Yoast SEO plugin v23.6 - https:\/\/yoast.com\/wordpress\/plugins\/seo\/ -->\n<title>Gaivinamoji kauk\u0117 veidui su agurko ekstraktu, 1vnt. - TianDe Online Shop - Beauty &amp; Health<\/title>\n<meta name=\"robots\" content=\"index, follow, max-snippet:-1, max-image-preview:large, max-video-preview:-1\" \/>\n<link rel=\"canonical\" href=\"https:\/\/tiandeproducts.co.uk\/lt\/gaivinamoji-kauke-veidui-su-agurko-ekstraktu-1vnt\/\" \/>\n<meta property=\"og:locale\" content=\"lt_LT\" \/>\n<meta property=\"og:type\" content=\"article\" \/>\n<meta property=\"og:title\" content=\"Gaivinamoji kauk\u0117 veidui su agurko ekstraktu, 1vnt. - TianDe Online Shop - Beauty &amp; Health\" \/>\n<meta property=\"og:description\" content=\"\u00a0Earn 2 points worth \u00a30.10 when buying this product Du \u017eali agurk\u0173 grie\u017ein\u0117liai ant aki\u0173 ir keletas ant veido \u2013 klasika! Ir i\u0161 ties\u0173, po tokios \u201cdar\u017eov\u0117s\u201d oda pastebimai tampa \u0161vie\u017eesn\u0117 ir jaunesn\u0117. Bet kiek su \u0161iais \u201cagurkais\u201d kaukes d\u0117sim\u0117s? Nelabai patogu ir prakti\u0161ka, nes : agurkai nuo veido slysta, negalite jud\u0117ti, tiesiog u\u017esid\u0117jus gul\u0117ti. [...]\" \/>\n<meta property=\"og:url\" content=\"https:\/\/tiandeproducts.co.uk\/lt\/gaivinamoji-kauke-veidui-su-agurko-ekstraktu-1vnt\/\" \/>\n<meta property=\"og:site_name\" content=\"TianDe Online Shop - Beauty &amp; Health\" \/>\n<meta property=\"article:publisher\" content=\"https:\/\/www.facebook.com\/tiande.products.england\/\" \/>\n<meta property=\"article:modified_time\" content=\"2021-02-12T11:30:03+00:00\" \/>\n<meta property=\"og:image\" content=\"https:\/\/tiandeproducts.co.uk\/wp-content\/uploads\/2018\/11\/50117.jpg\" \/>\n\t<meta property=\"og:image:width\" content=\"700\" \/>\n\t<meta property=\"og:image:height\" content=\"700\" \/>\n\t<meta property=\"og:image:type\" content=\"image\/jpeg\" \/>\n<meta name=\"twitter:card\" content=\"summary_large_image\" \/>\n<meta name=\"twitter:label1\" content=\"Est. reading time\" \/>\n\t<meta name=\"twitter:data1\" content=\"1 minut\u0117\" \/>\n<script type=\"application\/ld+json\" class=\"yoast-schema-graph\">{\"@context\":\"https:\/\/schema.org\",\"@graph\":[{\"@type\":\"WebPage\",\"@id\":\"https:\/\/tiandeproducts.co.uk\/lt\/gaivinamoji-kauke-veidui-su-agurko-ekstraktu-1vnt\/\",\"url\":\"https:\/\/tiandeproducts.co.uk\/lt\/gaivinamoji-kauke-veidui-su-agurko-ekstraktu-1vnt\/\",\"name\":\"Gaivinamoji kauk\u0117 veidui su agurko ekstraktu, 1vnt. - TianDe Online Shop - Beauty &amp; Health\",\"isPartOf\":{\"@id\":\"https:\/\/tiandeproducts.co.uk\/#website\"},\"primaryImageOfPage\":{\"@id\":\"https:\/\/tiandeproducts.co.uk\/lt\/gaivinamoji-kauke-veidui-su-agurko-ekstraktu-1vnt\/#primaryimage\"},\"image\":{\"@id\":\"https:\/\/tiandeproducts.co.uk\/lt\/gaivinamoji-kauke-veidui-su-agurko-ekstraktu-1vnt\/#primaryimage\"},\"thumbnailUrl\":\"https:\/\/tiandeproducts.co.uk\/wp-content\/uploads\/2018\/11\/50117.jpg\",\"datePublished\":\"2018-11-22T11:03:39+00:00\",\"dateModified\":\"2021-02-12T11:30:03+00:00\",\"breadcrumb\":{\"@id\":\"https:\/\/tiandeproducts.co.uk\/lt\/gaivinamoji-kauke-veidui-su-agurko-ekstraktu-1vnt\/#breadcrumb\"},\"inLanguage\":\"lt-LT\",\"potentialAction\":[{\"@type\":\"ReadAction\",\"target\":[\"https:\/\/tiandeproducts.co.uk\/lt\/gaivinamoji-kauke-veidui-su-agurko-ekstraktu-1vnt\/\"]}]},{\"@type\":\"ImageObject\",\"inLanguage\":\"lt-LT\",\"@id\":\"https:\/\/tiandeproducts.co.uk\/lt\/gaivinamoji-kauke-veidui-su-agurko-ekstraktu-1vnt\/#primaryimage\",\"url\":\"https:\/\/tiandeproducts.co.uk\/wp-content\/uploads\/2018\/11\/50117.jpg\",\"contentUrl\":\"https:\/\/tiandeproducts.co.uk\/wp-content\/uploads\/2018\/11\/50117.jpg\",\"width\":700,\"height\":700,\"caption\":\"Cucumber Fresh Facial Mask,1pc-0\"},{\"@type\":\"BreadcrumbList\",\"@id\":\"https:\/\/tiandeproducts.co.uk\/lt\/gaivinamoji-kauke-veidui-su-agurko-ekstraktu-1vnt\/#breadcrumb\",\"itemListElement\":[{\"@type\":\"ListItem\",\"position\":1,\"name\":\"Home\",\"item\":\"https:\/\/tiandeproducts.co.uk\/lt\/\"},{\"@type\":\"ListItem\",\"position\":2,\"name\":\"Shop\",\"item\":\"https:\/\/tiandeproducts.co.uk\/lt\/shop-2\/\"},{\"@type\":\"ListItem\",\"position\":3,\"name\":\"Gaivinamoji kauk\u0117 veidui su agurko ekstraktu, 1vnt.\"}]},{\"@type\":\"WebSite\",\"@id\":\"https:\/\/tiandeproducts.co.uk\/#website\",\"url\":\"https:\/\/tiandeproducts.co.uk\/\",\"name\":\"TianDe Online Shop - Beauty & Health\",\"description\":\"Traditional Chinese Medicine\",\"potentialAction\":[{\"@type\":\"SearchAction\",\"target\":{\"@type\":\"EntryPoint\",\"urlTemplate\":\"https:\/\/tiandeproducts.co.uk\/?s={search_term_string}\"},\"query-input\":{\"@type\":\"PropertyValueSpecification\",\"valueRequired\":true,\"valueName\":\"search_term_string\"}}],\"inLanguage\":\"lt-LT\"}]}<\/script>\n<!-- \/ Yoast SEO plugin. -->","yoast_head_json":{"title":"Gaivinamoji kauk\u0117 veidui su agurko ekstraktu, 1vnt. - TianDe Online Shop - Beauty &amp; Health","robots":{"index":"index","follow":"follow","max-snippet":"max-snippet:-1","max-image-preview":"max-image-preview:large","max-video-preview":"max-video-preview:-1"},"canonical":"https:\/\/tiandeproducts.co.uk\/lt\/gaivinamoji-kauke-veidui-su-agurko-ekstraktu-1vnt\/","og_locale":"lt_LT","og_type":"article","og_title":"Gaivinamoji kauk\u0117 veidui su agurko ekstraktu, 1vnt. - TianDe Online Shop - Beauty &amp; Health","og_description":"\u00a0Earn 2 points worth \u00a30.10 when buying this product Du \u017eali agurk\u0173 grie\u017ein\u0117liai ant aki\u0173 ir keletas ant veido \u2013 klasika! Ir i\u0161 ties\u0173, po tokios \u201cdar\u017eov\u0117s\u201d oda pastebimai tampa \u0161vie\u017eesn\u0117 ir jaunesn\u0117. Bet kiek su \u0161iais \u201cagurkais\u201d kaukes d\u0117sim\u0117s? Nelabai patogu ir prakti\u0161ka, nes : agurkai nuo veido slysta, negalite jud\u0117ti, tiesiog u\u017esid\u0117jus gul\u0117ti. [...]","og_url":"https:\/\/tiandeproducts.co.uk\/lt\/gaivinamoji-kauke-veidui-su-agurko-ekstraktu-1vnt\/","og_site_name":"TianDe Online Shop - Beauty &amp; Health","article_publisher":"https:\/\/www.facebook.com\/tiande.products.england\/","article_modified_time":"2021-02-12T11:30:03+00:00","og_image":[{"width":700,"height":700,"url":"https:\/\/tiandeproducts.co.uk\/wp-content\/uploads\/2018\/11\/50117.jpg","type":"image\/jpeg"}],"twitter_card":"summary_large_image","twitter_misc":{"Est. reading time":"1 minut\u0117"},"schema":{"@context":"https:\/\/schema.org","@graph":[{"@type":"WebPage","@id":"https:\/\/tiandeproducts.co.uk\/lt\/gaivinamoji-kauke-veidui-su-agurko-ekstraktu-1vnt\/","url":"https:\/\/tiandeproducts.co.uk\/lt\/gaivinamoji-kauke-veidui-su-agurko-ekstraktu-1vnt\/","name":"Gaivinamoji kauk\u0117 veidui su agurko ekstraktu, 1vnt. - TianDe Online Shop - Beauty &amp; Health","isPartOf":{"@id":"https:\/\/tiandeproducts.co.uk\/#website"},"primaryImageOfPage":{"@id":"https:\/\/tiandeproducts.co.uk\/lt\/gaivinamoji-kauke-veidui-su-agurko-ekstraktu-1vnt\/#primaryimage"},"image":{"@id":"https:\/\/tiandeproducts.co.uk\/lt\/gaivinamoji-kauke-veidui-su-agurko-ekstraktu-1vnt\/#primaryimage"},"thumbnailUrl":"https:\/\/tiandeproducts.co.uk\/wp-content\/uploads\/2018\/11\/50117.jpg","datePublished":"2018-11-22T11:03:39+00:00","dateModified":"2021-02-12T11:30:03+00:00","breadcrumb":{"@id":"https:\/\/tiandeproducts.co.uk\/lt\/gaivinamoji-kauke-veidui-su-agurko-ekstraktu-1vnt\/#breadcrumb"},"inLanguage":"lt-LT","potentialAction":[{"@type":"ReadAction","target":["https:\/\/tiandeproducts.co.uk\/lt\/gaivinamoji-kauke-veidui-su-agurko-ekstraktu-1vnt\/"]}]},{"@type":"ImageObject","inLanguage":"lt-LT","@id":"https:\/\/tiandeproducts.co.uk\/lt\/gaivinamoji-kauke-veidui-su-agurko-ekstraktu-1vnt\/#primaryimage","url":"https:\/\/tiandeproducts.co.uk\/wp-content\/uploads\/2018\/11\/50117.jpg","contentUrl":"https:\/\/tiandeproducts.co.uk\/wp-content\/uploads\/2018\/11\/50117.jpg","width":700,"height":700,"caption":"Cucumber Fresh Facial Mask,1pc-0"},{"@type":"BreadcrumbList","@id":"https:\/\/tiandeproducts.co.uk\/lt\/gaivinamoji-kauke-veidui-su-agurko-ekstraktu-1vnt\/#breadcrumb","itemListElement":[{"@type":"ListItem","position":1,"name":"Home","item":"https:\/\/tiandeproducts.co.uk\/lt\/"},{"@type":"ListItem","position":2,"name":"Shop","item":"https:\/\/tiandeproducts.co.uk\/lt\/shop-2\/"},{"@type":"ListItem","position":3,"name":"Gaivinamoji kauk\u0117 veidui su agurko ekstraktu, 1vnt."}]},{"@type":"WebSite","@id":"https:\/\/tiandeproducts.co.uk\/#website","url":"https:\/\/tiandeproducts.co.uk\/","name":"TianDe Online Shop - Beauty & Health","description":"Traditional Chinese Medicine","potentialAction":[{"@type":"SearchAction","target":{"@type":"EntryPoint","urlTemplate":"https:\/\/tiandeproducts.co.uk\/?s={search_term_string}"},"query-input":{"@type":"PropertyValueSpecification","valueRequired":true,"valueName":"search_term_string"}}],"inLanguage":"lt-LT"}]}},"_links":{"self":[{"href":"https:\/\/tiandeproducts.co.uk\/lt\/wp-json\/wp\/v2\/product\/4046","targetHints":{"allow":["GET"]}}],"collection":[{"href":"https:\/\/tiandeproducts.co.uk\/lt\/wp-json\/wp\/v2\/product"}],"about":[{"href":"https:\/\/tiandeproducts.co.uk\/lt\/wp-json\/wp\/v2\/types\/product"}],"replies":[{"embeddable":true,"href":"https:\/\/tiandeproducts.co.uk\/lt\/wp-json\/wp\/v2\/comments?post=4046"}],"wp:featuredmedia":[{"embeddable":true,"href":"https:\/\/tiandeproducts.co.uk\/lt\/wp-json\/wp\/v2\/media\/2116"}],"wp:attachment":[{"href":"https:\/\/tiandeproducts.co.uk\/lt\/wp-json\/wp\/v2\/media?parent=4046"}],"wp:term":[{"taxonomy":"product_cat","embeddable":true,"href":"https:\/\/tiandeproducts.co.uk\/lt\/wp-json\/wp\/v2\/product_cat?post=4046"},{"taxonomy":"product_tag","embeddable":true,"href":"https:\/\/tiandeproducts.co.uk\/lt\/wp-json\/wp\/v2\/product_tag?post=4046"}],"curies":[{"name":"wp","href":"https:\/\/api.w.org\/{rel}","templated":true}]}}