{"id":4045,"date":"2018-11-22T11:14:47","date_gmt":"2018-11-22T11:14:47","guid":{"rendered":"https:\/\/tnd.ontesting.co.uk\/gaivinamoji-kauke-veidui-su-alavijo-ekstraktu-1vnt\/"},"modified":"2021-02-12T11:29:03","modified_gmt":"2021-02-12T11:29:03","slug":"gaivinamoji-kauke-veidui-su-alavijo-ekstraktu-1vnt","status":"publish","type":"product","link":"https:\/\/tiandeproducts.co.uk\/lt\/gaivinamoji-kauke-veidui-su-alavijo-ekstraktu-1vnt\/","title":{"rendered":"Gaivinamoji kauk\u0117 veidui su alavijo ekstraktu, 1vnt."},"content":{"rendered":"<p><img decoding=\"async\" style=\"max-width: 16px; margin-right: 5px;\" src=\"https:\/\/tiandeproducts.co.uk\/wp-content\/uploads\/points-green.svg\" \/>\u00a0Earn 3 points worth \u00a30.15 when buying this product<\/p>\n<p>\u0160i nauja veido kauk\u0117 su alaviju pad\u0117s pajusti vis\u0105 alavijo teikiam\u0105 naud\u0105! Joks augalas neturi toki\u0173 savybi\u0173! Jame esan\u010di\u0173 aktyvi\u0173 biologini\u0173 med\u017eiag\u0173 skai\u010dius neturi lygi\u0173 tarp floros atstov\u0173! Alavijo sultys, kurios \u012feina \u012f kauk\u0117s sud\u0117t\u012f, gali suma\u017einti odos sudirgim\u0105. Be to, tai padeda kovoti su ankstyvomis rauk\u0161l\u0117mis ir am\u017eiaus d\u0117m\u0117mis. Sultys intensyviai dr\u0117kina, ramina od\u0105. \u0160vie\u017eia kauk\u0117 pad\u0117s i\u0161laikyti nat\u016brali\u0105 odos dr\u0117gm\u0117s pusiausvyr\u0105, pagerinti odos b\u016bkl\u0119, skland\u017eiai ma\u017eins rauk\u0161les ir gerins elastingum\u0105 odoje.<\/p>\n<div class=\"text_exposed_show\">\n<p>Kauk\u0117 suteikia puiki\u0105 prie\u017ei\u016br\u0105 net sausai, pavargusiai ir sudirgintai odai, atkuria jos elastingum\u0105 ir sveik\u0105 i\u0161vaizd\u0105.<\/p>\n<p><strong>Naudojimas:<\/strong> ant \u0161varios nuvalytos odos u\u017ed\u0117ti kauk\u0119 ir 15-20 minu\u010di\u0173 laikyti, kauk\u0119 nu\u0117mus j\u0105, nuplaukite veid\u0105 vandeniu. Rekomenduoja 1-2 kartus per savait\u0119. Kauk\u0117 turi b\u016bti naudojama i\u0161kart po pakuot\u0117s atidarymo.<\/p>\n<\/div>\n","protected":false},"excerpt":{"rendered":"<p>\u00a0Earn 3 points worth \u00a30.15 when buying this product \u0160i nauja veido kauk\u0117 su alaviju pad\u0117s pajusti vis\u0105 alavijo teikiam\u0105 naud\u0105! Joks augalas neturi toki\u0173 savybi\u0173! Jame esan\u010di\u0173 aktyvi\u0173 biologini\u0173 med\u017eiag\u0173 skai\u010dius neturi lygi\u0173 tarp floros atstov\u0173! Alavijo sultys, kurios \u012feina \u012f kauk\u0117s sud\u0117t\u012f, gali suma\u017einti odos sudirgim\u0105. Be to, tai padeda kovoti su ankstyvomis [&#8230;]\n","protected":false},"featured_media":2121,"comment_status":"closed","ping_status":"closed","template":"","meta":[],"product_cat":[524,576,567,562,612,583,590,558,506],"product_tag":[],"class_list":{"0":"post-4045","1":"product","2":"type-product","3":"status-publish","4":"has-post-thumbnail","6":"product_cat-brandziai-odai","7":"product_cat-drekinimas","8":"product_cat-drekinimas-ir-maitinimas","9":"product_cat-kaukes-lt","10":"product_cat-nuo-rauksliu","11":"product_cat-pigmentacija","12":"product_cat-problemiska-oda","13":"product_cat-sausaiserpetojanciai-odai","14":"product_cat-veidui","16":"first","17":"instock","18":"shipping-taxable","19":"purchasable","20":"product-type-simple"},"yoast_head":"<!-- This site is optimized with the Yoast SEO plugin v23.6 - https:\/\/yoast.com\/wordpress\/plugins\/seo\/ -->\n<title>Gaivinamoji kauk\u0117 veidui su alavijo ekstraktu, 1vnt. - TianDe Online Shop - Beauty &amp; Health<\/title>\n<meta name=\"robots\" content=\"index, follow, max-snippet:-1, max-image-preview:large, max-video-preview:-1\" \/>\n<link rel=\"canonical\" href=\"https:\/\/tiandeproducts.co.uk\/lt\/gaivinamoji-kauke-veidui-su-alavijo-ekstraktu-1vnt\/\" \/>\n<meta property=\"og:locale\" content=\"lt_LT\" \/>\n<meta property=\"og:type\" content=\"article\" \/>\n<meta property=\"og:title\" content=\"Gaivinamoji kauk\u0117 veidui su alavijo ekstraktu, 1vnt. - TianDe Online Shop - Beauty &amp; Health\" \/>\n<meta property=\"og:description\" content=\"\u00a0Earn 3 points worth \u00a30.15 when buying this product \u0160i nauja veido kauk\u0117 su alaviju pad\u0117s pajusti vis\u0105 alavijo teikiam\u0105 naud\u0105! Joks augalas neturi toki\u0173 savybi\u0173! Jame esan\u010di\u0173 aktyvi\u0173 biologini\u0173 med\u017eiag\u0173 skai\u010dius neturi lygi\u0173 tarp floros atstov\u0173! Alavijo sultys, kurios \u012feina \u012f kauk\u0117s sud\u0117t\u012f, gali suma\u017einti odos sudirgim\u0105. Be to, tai padeda kovoti su ankstyvomis [...]\" \/>\n<meta property=\"og:url\" content=\"https:\/\/tiandeproducts.co.uk\/lt\/gaivinamoji-kauke-veidui-su-alavijo-ekstraktu-1vnt\/\" \/>\n<meta property=\"og:site_name\" content=\"TianDe Online Shop - Beauty &amp; Health\" \/>\n<meta property=\"article:publisher\" content=\"https:\/\/www.facebook.com\/tiande.products.england\/\" \/>\n<meta property=\"article:modified_time\" content=\"2021-02-12T11:29:03+00:00\" \/>\n<meta property=\"og:image\" content=\"https:\/\/tiandeproducts.co.uk\/wp-content\/uploads\/2018\/11\/50118.jpg\" \/>\n\t<meta property=\"og:image:width\" content=\"700\" \/>\n\t<meta property=\"og:image:height\" content=\"700\" \/>\n\t<meta property=\"og:image:type\" content=\"image\/jpeg\" \/>\n<meta name=\"twitter:card\" content=\"summary_large_image\" \/>\n<meta name=\"twitter:label1\" content=\"Est. reading time\" \/>\n\t<meta name=\"twitter:data1\" content=\"1 minut\u0117\" \/>\n<script type=\"application\/ld+json\" class=\"yoast-schema-graph\">{\"@context\":\"https:\/\/schema.org\",\"@graph\":[{\"@type\":\"WebPage\",\"@id\":\"https:\/\/tiandeproducts.co.uk\/lt\/gaivinamoji-kauke-veidui-su-alavijo-ekstraktu-1vnt\/\",\"url\":\"https:\/\/tiandeproducts.co.uk\/lt\/gaivinamoji-kauke-veidui-su-alavijo-ekstraktu-1vnt\/\",\"name\":\"Gaivinamoji kauk\u0117 veidui su alavijo ekstraktu, 1vnt. - TianDe Online Shop - Beauty &amp; Health\",\"isPartOf\":{\"@id\":\"https:\/\/tiandeproducts.co.uk\/#website\"},\"primaryImageOfPage\":{\"@id\":\"https:\/\/tiandeproducts.co.uk\/lt\/gaivinamoji-kauke-veidui-su-alavijo-ekstraktu-1vnt\/#primaryimage\"},\"image\":{\"@id\":\"https:\/\/tiandeproducts.co.uk\/lt\/gaivinamoji-kauke-veidui-su-alavijo-ekstraktu-1vnt\/#primaryimage\"},\"thumbnailUrl\":\"https:\/\/tiandeproducts.co.uk\/wp-content\/uploads\/2018\/11\/50118.jpg\",\"datePublished\":\"2018-11-22T11:14:47+00:00\",\"dateModified\":\"2021-02-12T11:29:03+00:00\",\"breadcrumb\":{\"@id\":\"https:\/\/tiandeproducts.co.uk\/lt\/gaivinamoji-kauke-veidui-su-alavijo-ekstraktu-1vnt\/#breadcrumb\"},\"inLanguage\":\"lt-LT\",\"potentialAction\":[{\"@type\":\"ReadAction\",\"target\":[\"https:\/\/tiandeproducts.co.uk\/lt\/gaivinamoji-kauke-veidui-su-alavijo-ekstraktu-1vnt\/\"]}]},{\"@type\":\"ImageObject\",\"inLanguage\":\"lt-LT\",\"@id\":\"https:\/\/tiandeproducts.co.uk\/lt\/gaivinamoji-kauke-veidui-su-alavijo-ekstraktu-1vnt\/#primaryimage\",\"url\":\"https:\/\/tiandeproducts.co.uk\/wp-content\/uploads\/2018\/11\/50118.jpg\",\"contentUrl\":\"https:\/\/tiandeproducts.co.uk\/wp-content\/uploads\/2018\/11\/50118.jpg\",\"width\":700,\"height\":700,\"caption\":\"Aloe Fresh Facial Mask,1pc-0\"},{\"@type\":\"BreadcrumbList\",\"@id\":\"https:\/\/tiandeproducts.co.uk\/lt\/gaivinamoji-kauke-veidui-su-alavijo-ekstraktu-1vnt\/#breadcrumb\",\"itemListElement\":[{\"@type\":\"ListItem\",\"position\":1,\"name\":\"Home\",\"item\":\"https:\/\/tiandeproducts.co.uk\/lt\/\"},{\"@type\":\"ListItem\",\"position\":2,\"name\":\"Shop\",\"item\":\"https:\/\/tiandeproducts.co.uk\/lt\/shop-2\/\"},{\"@type\":\"ListItem\",\"position\":3,\"name\":\"Gaivinamoji kauk\u0117 veidui su alavijo ekstraktu, 1vnt.\"}]},{\"@type\":\"WebSite\",\"@id\":\"https:\/\/tiandeproducts.co.uk\/#website\",\"url\":\"https:\/\/tiandeproducts.co.uk\/\",\"name\":\"TianDe Online Shop - Beauty & Health\",\"description\":\"Traditional Chinese Medicine\",\"potentialAction\":[{\"@type\":\"SearchAction\",\"target\":{\"@type\":\"EntryPoint\",\"urlTemplate\":\"https:\/\/tiandeproducts.co.uk\/?s={search_term_string}\"},\"query-input\":{\"@type\":\"PropertyValueSpecification\",\"valueRequired\":true,\"valueName\":\"search_term_string\"}}],\"inLanguage\":\"lt-LT\"}]}<\/script>\n<!-- \/ Yoast SEO plugin. -->","yoast_head_json":{"title":"Gaivinamoji kauk\u0117 veidui su alavijo ekstraktu, 1vnt. - TianDe Online Shop - Beauty &amp; Health","robots":{"index":"index","follow":"follow","max-snippet":"max-snippet:-1","max-image-preview":"max-image-preview:large","max-video-preview":"max-video-preview:-1"},"canonical":"https:\/\/tiandeproducts.co.uk\/lt\/gaivinamoji-kauke-veidui-su-alavijo-ekstraktu-1vnt\/","og_locale":"lt_LT","og_type":"article","og_title":"Gaivinamoji kauk\u0117 veidui su alavijo ekstraktu, 1vnt. - TianDe Online Shop - Beauty &amp; Health","og_description":"\u00a0Earn 3 points worth \u00a30.15 when buying this product \u0160i nauja veido kauk\u0117 su alaviju pad\u0117s pajusti vis\u0105 alavijo teikiam\u0105 naud\u0105! Joks augalas neturi toki\u0173 savybi\u0173! Jame esan\u010di\u0173 aktyvi\u0173 biologini\u0173 med\u017eiag\u0173 skai\u010dius neturi lygi\u0173 tarp floros atstov\u0173! Alavijo sultys, kurios \u012feina \u012f kauk\u0117s sud\u0117t\u012f, gali suma\u017einti odos sudirgim\u0105. Be to, tai padeda kovoti su ankstyvomis [...]","og_url":"https:\/\/tiandeproducts.co.uk\/lt\/gaivinamoji-kauke-veidui-su-alavijo-ekstraktu-1vnt\/","og_site_name":"TianDe Online Shop - Beauty &amp; Health","article_publisher":"https:\/\/www.facebook.com\/tiande.products.england\/","article_modified_time":"2021-02-12T11:29:03+00:00","og_image":[{"width":700,"height":700,"url":"https:\/\/tiandeproducts.co.uk\/wp-content\/uploads\/2018\/11\/50118.jpg","type":"image\/jpeg"}],"twitter_card":"summary_large_image","twitter_misc":{"Est. reading time":"1 minut\u0117"},"schema":{"@context":"https:\/\/schema.org","@graph":[{"@type":"WebPage","@id":"https:\/\/tiandeproducts.co.uk\/lt\/gaivinamoji-kauke-veidui-su-alavijo-ekstraktu-1vnt\/","url":"https:\/\/tiandeproducts.co.uk\/lt\/gaivinamoji-kauke-veidui-su-alavijo-ekstraktu-1vnt\/","name":"Gaivinamoji kauk\u0117 veidui su alavijo ekstraktu, 1vnt. - TianDe Online Shop - Beauty &amp; Health","isPartOf":{"@id":"https:\/\/tiandeproducts.co.uk\/#website"},"primaryImageOfPage":{"@id":"https:\/\/tiandeproducts.co.uk\/lt\/gaivinamoji-kauke-veidui-su-alavijo-ekstraktu-1vnt\/#primaryimage"},"image":{"@id":"https:\/\/tiandeproducts.co.uk\/lt\/gaivinamoji-kauke-veidui-su-alavijo-ekstraktu-1vnt\/#primaryimage"},"thumbnailUrl":"https:\/\/tiandeproducts.co.uk\/wp-content\/uploads\/2018\/11\/50118.jpg","datePublished":"2018-11-22T11:14:47+00:00","dateModified":"2021-02-12T11:29:03+00:00","breadcrumb":{"@id":"https:\/\/tiandeproducts.co.uk\/lt\/gaivinamoji-kauke-veidui-su-alavijo-ekstraktu-1vnt\/#breadcrumb"},"inLanguage":"lt-LT","potentialAction":[{"@type":"ReadAction","target":["https:\/\/tiandeproducts.co.uk\/lt\/gaivinamoji-kauke-veidui-su-alavijo-ekstraktu-1vnt\/"]}]},{"@type":"ImageObject","inLanguage":"lt-LT","@id":"https:\/\/tiandeproducts.co.uk\/lt\/gaivinamoji-kauke-veidui-su-alavijo-ekstraktu-1vnt\/#primaryimage","url":"https:\/\/tiandeproducts.co.uk\/wp-content\/uploads\/2018\/11\/50118.jpg","contentUrl":"https:\/\/tiandeproducts.co.uk\/wp-content\/uploads\/2018\/11\/50118.jpg","width":700,"height":700,"caption":"Aloe Fresh Facial Mask,1pc-0"},{"@type":"BreadcrumbList","@id":"https:\/\/tiandeproducts.co.uk\/lt\/gaivinamoji-kauke-veidui-su-alavijo-ekstraktu-1vnt\/#breadcrumb","itemListElement":[{"@type":"ListItem","position":1,"name":"Home","item":"https:\/\/tiandeproducts.co.uk\/lt\/"},{"@type":"ListItem","position":2,"name":"Shop","item":"https:\/\/tiandeproducts.co.uk\/lt\/shop-2\/"},{"@type":"ListItem","position":3,"name":"Gaivinamoji kauk\u0117 veidui su alavijo ekstraktu, 1vnt."}]},{"@type":"WebSite","@id":"https:\/\/tiandeproducts.co.uk\/#website","url":"https:\/\/tiandeproducts.co.uk\/","name":"TianDe Online Shop - Beauty & Health","description":"Traditional Chinese Medicine","potentialAction":[{"@type":"SearchAction","target":{"@type":"EntryPoint","urlTemplate":"https:\/\/tiandeproducts.co.uk\/?s={search_term_string}"},"query-input":{"@type":"PropertyValueSpecification","valueRequired":true,"valueName":"search_term_string"}}],"inLanguage":"lt-LT"}]}},"_links":{"self":[{"href":"https:\/\/tiandeproducts.co.uk\/lt\/wp-json\/wp\/v2\/product\/4045","targetHints":{"allow":["GET"]}}],"collection":[{"href":"https:\/\/tiandeproducts.co.uk\/lt\/wp-json\/wp\/v2\/product"}],"about":[{"href":"https:\/\/tiandeproducts.co.uk\/lt\/wp-json\/wp\/v2\/types\/product"}],"replies":[{"embeddable":true,"href":"https:\/\/tiandeproducts.co.uk\/lt\/wp-json\/wp\/v2\/comments?post=4045"}],"wp:featuredmedia":[{"embeddable":true,"href":"https:\/\/tiandeproducts.co.uk\/lt\/wp-json\/wp\/v2\/media\/2121"}],"wp:attachment":[{"href":"https:\/\/tiandeproducts.co.uk\/lt\/wp-json\/wp\/v2\/media?parent=4045"}],"wp:term":[{"taxonomy":"product_cat","embeddable":true,"href":"https:\/\/tiandeproducts.co.uk\/lt\/wp-json\/wp\/v2\/product_cat?post=4045"},{"taxonomy":"product_tag","embeddable":true,"href":"https:\/\/tiandeproducts.co.uk\/lt\/wp-json\/wp\/v2\/product_tag?post=4045"}],"curies":[{"name":"wp","href":"https:\/\/api.w.org\/{rel}","templated":true}]}}