{"id":4039,"date":"2019-02-09T19:26:55","date_gmt":"2019-02-09T19:26:55","guid":{"rendered":"https:\/\/tnd.ontesting.co.uk\/masazinis-aliejus-ci-energijos-paslaptis-10-ml\/"},"modified":"2021-02-12T11:24:33","modified_gmt":"2021-02-12T11:24:33","slug":"masazinis-aliejus-ci-energijos-paslaptis-10-ml","status":"publish","type":"product","link":"https:\/\/tiandeproducts.co.uk\/lt\/masazinis-aliejus-ci-energijos-paslaptis-10-ml\/","title":{"rendered":"Masa\u017einis aliejus &#8222;\u010ci energijos paslaptis&#8221; 10 ml."},"content":{"rendered":"<p><img decoding=\"async\" style=\"max-width: 16px; margin-right: 5px;\" src=\"https:\/\/tiandeproducts.co.uk\/wp-content\/uploads\/points-green.svg\" \/>\u00a0Earn 17 points worth \u00a30.85 when buying this product<\/p>\n<p>\u010ci &#8211; gyvenimo energija, be kurios \u017emogus negali nieko daryti. Vis\u0173 pirma pasir\u016bpinkite, kad kv\u0117pavimas per nos\u012f b\u016bt\u0173 laisvas. Nosis yra pagrindinis \u010ci energijos &#8222;kelias&#8221; \u012f k\u016bn\u0105, o jei \u0161is \u201ekelias\u201c yra u\u017eblokuotas, asmuo pradeda jaustis blogai, jis pradeda jausti skausm\u0105 k\u016bne. Gera \u010ci eiga \u017emogaus k\u016bne yra raktas \u012f jo sveikat\u0105 ir ilgaam\u017ei\u0161kum\u0105.<br \/>\nAromaterapija yra veiksmingas b\u016bdas atkurti sveik\u0105, laisv\u0105 kv\u0117pavim\u0105 ir padidinti \u010ci energij\u0105. Aromaterapij\u0105 galite praktikuoti \u012fvairiais b\u016bdais &#8211; naudodami aromatines lempas, \u017evakes ar \u012fmasa\u017euoti tiesiai \u012f problemines sritis. Jei jau\u010diate nosies u\u017egulim\u0105, sunku kv\u0117puoti, u\u017eburko nosis Jums pad\u0117s masa\u017einio aliejaus &#8222;\u010ci energijos paslaptis&#8221; aktyv\u016bs komponentai.<br \/>\nKaip jis veikia?<br \/>\n&#8211; d\u0117ka verting\u0173 aliej\u0173, \u012feinan\u010di\u0173 \u012f gaminio sud\u0117t\u012f, kv\u0117pavimas tampa laisvu;<br \/>\n&#8211; sud\u0117tyje esantys komponentai pasi\u017eymi organizmo imunitet\u0105 stiprinan\u010diomis savyb\u0117mis, aktyvuoja jo geb\u0117jim\u0105 atsispirti virusams;<br \/>\n&#8211; aromaterapija &#8211; seniausia priemon\u0117 nuo apatijos! Gaivinantis kosmetinio aliejaus aromatas suteiks nauj\u0173 j\u0117g\u0173 ir vidin\u0117s energijos kitiems pasiekimams!<br \/>\nEterini\u0173 aliej\u0173 mi\u0161inys pad\u0117s suma\u017einti nosies u\u017egulim\u0105, pad\u0117s susidoroti su gleivin\u0117s u\u017eburkimu ir atkurs normal\u0173 kv\u0117pavim\u0105. M\u0117gaukit\u0117s kiekvienu \u012fkv\u0117pimu!<\/p>\n<p><strong>Naudojimas:<\/strong> patepti nosies galiuk\u0105 ir &#8222;sparnelius&#8221;, 2-3 kartus per dien\u0105, vengti jautrios nosies odos.<\/p>\n","protected":false},"excerpt":{"rendered":"<p>\u00a0Earn 17 points worth \u00a30.85 when buying this product \u010ci &#8211; gyvenimo energija, be kurios \u017emogus negali nieko daryti. Vis\u0173 pirma pasir\u016bpinkite, kad kv\u0117pavimas per nos\u012f b\u016bt\u0173 laisvas. Nosis yra pagrindinis \u010ci energijos &#8222;kelias&#8221; \u012f k\u016bn\u0105, o jei \u0161is \u201ekelias\u201c yra u\u017eblokuotas, asmuo pradeda jaustis blogai, jis pradeda jausti skausm\u0105 k\u016bne. Gera \u010ci eiga \u017emogaus [&#8230;]\n","protected":false},"featured_media":2146,"comment_status":"closed","ping_status":"closed","template":"","meta":[],"product_cat":[718],"product_tag":[],"class_list":{"0":"post-4039","1":"product","2":"type-product","3":"status-publish","4":"has-post-thumbnail","6":"product_cat-sveikata-lt","8":"first","9":"outofstock","10":"shipping-taxable","11":"purchasable","12":"product-type-simple"},"yoast_head":"<!-- This site is optimized with the Yoast SEO plugin v23.6 - https:\/\/yoast.com\/wordpress\/plugins\/seo\/ -->\n<title>Masa\u017einis aliejus &quot;\u010ci energijos paslaptis&quot; 10 ml. - TianDe Online Shop - Beauty &amp; Health<\/title>\n<meta name=\"robots\" content=\"index, follow, max-snippet:-1, max-image-preview:large, max-video-preview:-1\" \/>\n<link rel=\"canonical\" href=\"https:\/\/tiandeproducts.co.uk\/lt\/masazinis-aliejus-ci-energijos-paslaptis-10-ml\/\" \/>\n<meta property=\"og:locale\" content=\"lt_LT\" \/>\n<meta property=\"og:type\" content=\"article\" \/>\n<meta property=\"og:title\" content=\"Masa\u017einis aliejus &quot;\u010ci energijos paslaptis&quot; 10 ml. - TianDe Online Shop - Beauty &amp; Health\" \/>\n<meta property=\"og:description\" content=\"\u00a0Earn 17 points worth \u00a30.85 when buying this product \u010ci &#8211; gyvenimo energija, be kurios \u017emogus negali nieko daryti. Vis\u0173 pirma pasir\u016bpinkite, kad kv\u0117pavimas per nos\u012f b\u016bt\u0173 laisvas. Nosis yra pagrindinis \u010ci energijos &#8222;kelias&#8221; \u012f k\u016bn\u0105, o jei \u0161is \u201ekelias\u201c yra u\u017eblokuotas, asmuo pradeda jaustis blogai, jis pradeda jausti skausm\u0105 k\u016bne. Gera \u010ci eiga \u017emogaus [...]\" \/>\n<meta property=\"og:url\" content=\"https:\/\/tiandeproducts.co.uk\/lt\/masazinis-aliejus-ci-energijos-paslaptis-10-ml\/\" \/>\n<meta property=\"og:site_name\" content=\"TianDe Online Shop - Beauty &amp; Health\" \/>\n<meta property=\"article:publisher\" content=\"https:\/\/www.facebook.com\/tiande.products.england\/\" \/>\n<meta property=\"article:modified_time\" content=\"2021-02-12T11:24:33+00:00\" \/>\n<meta property=\"og:image\" content=\"https:\/\/tiandeproducts.co.uk\/wp-content\/uploads\/2019\/02\/30140.jpg\" \/>\n\t<meta property=\"og:image:width\" content=\"800\" \/>\n\t<meta property=\"og:image:height\" content=\"800\" \/>\n\t<meta property=\"og:image:type\" content=\"image\/jpeg\" \/>\n<meta name=\"twitter:card\" content=\"summary_large_image\" \/>\n<meta name=\"twitter:label1\" content=\"Est. reading time\" \/>\n\t<meta name=\"twitter:data1\" content=\"1 minut\u0117\" \/>\n<script type=\"application\/ld+json\" class=\"yoast-schema-graph\">{\"@context\":\"https:\/\/schema.org\",\"@graph\":[{\"@type\":\"WebPage\",\"@id\":\"https:\/\/tiandeproducts.co.uk\/lt\/masazinis-aliejus-ci-energijos-paslaptis-10-ml\/\",\"url\":\"https:\/\/tiandeproducts.co.uk\/lt\/masazinis-aliejus-ci-energijos-paslaptis-10-ml\/\",\"name\":\"Masa\u017einis aliejus \\\"\u010ci energijos paslaptis\\\" 10 ml. - TianDe Online Shop - Beauty &amp; Health\",\"isPartOf\":{\"@id\":\"https:\/\/tiandeproducts.co.uk\/#website\"},\"primaryImageOfPage\":{\"@id\":\"https:\/\/tiandeproducts.co.uk\/lt\/masazinis-aliejus-ci-energijos-paslaptis-10-ml\/#primaryimage\"},\"image\":{\"@id\":\"https:\/\/tiandeproducts.co.uk\/lt\/masazinis-aliejus-ci-energijos-paslaptis-10-ml\/#primaryimage\"},\"thumbnailUrl\":\"https:\/\/tiandeproducts.co.uk\/wp-content\/uploads\/2019\/02\/30140.jpg\",\"datePublished\":\"2019-02-09T19:26:55+00:00\",\"dateModified\":\"2021-02-12T11:24:33+00:00\",\"breadcrumb\":{\"@id\":\"https:\/\/tiandeproducts.co.uk\/lt\/masazinis-aliejus-ci-energijos-paslaptis-10-ml\/#breadcrumb\"},\"inLanguage\":\"lt-LT\",\"potentialAction\":[{\"@type\":\"ReadAction\",\"target\":[\"https:\/\/tiandeproducts.co.uk\/lt\/masazinis-aliejus-ci-energijos-paslaptis-10-ml\/\"]}]},{\"@type\":\"ImageObject\",\"inLanguage\":\"lt-LT\",\"@id\":\"https:\/\/tiandeproducts.co.uk\/lt\/masazinis-aliejus-ci-energijos-paslaptis-10-ml\/#primaryimage\",\"url\":\"https:\/\/tiandeproducts.co.uk\/wp-content\/uploads\/2019\/02\/30140.jpg\",\"contentUrl\":\"https:\/\/tiandeproducts.co.uk\/wp-content\/uploads\/2019\/02\/30140.jpg\",\"width\":800,\"height\":800,\"caption\":\"The Secret of the Chi Energy Massage Cosmetic Oil,10ml-0\"},{\"@type\":\"BreadcrumbList\",\"@id\":\"https:\/\/tiandeproducts.co.uk\/lt\/masazinis-aliejus-ci-energijos-paslaptis-10-ml\/#breadcrumb\",\"itemListElement\":[{\"@type\":\"ListItem\",\"position\":1,\"name\":\"Home\",\"item\":\"https:\/\/tiandeproducts.co.uk\/lt\/\"},{\"@type\":\"ListItem\",\"position\":2,\"name\":\"Shop\",\"item\":\"https:\/\/tiandeproducts.co.uk\/lt\/shop-2\/\"},{\"@type\":\"ListItem\",\"position\":3,\"name\":\"Masa\u017einis aliejus &#8220;\u010ci energijos paslaptis&#8221; 10 ml.\"}]},{\"@type\":\"WebSite\",\"@id\":\"https:\/\/tiandeproducts.co.uk\/#website\",\"url\":\"https:\/\/tiandeproducts.co.uk\/\",\"name\":\"TianDe Online Shop - Beauty & Health\",\"description\":\"Traditional Chinese Medicine\",\"potentialAction\":[{\"@type\":\"SearchAction\",\"target\":{\"@type\":\"EntryPoint\",\"urlTemplate\":\"https:\/\/tiandeproducts.co.uk\/?s={search_term_string}\"},\"query-input\":{\"@type\":\"PropertyValueSpecification\",\"valueRequired\":true,\"valueName\":\"search_term_string\"}}],\"inLanguage\":\"lt-LT\"}]}<\/script>\n<!-- \/ Yoast SEO plugin. -->","yoast_head_json":{"title":"Masa\u017einis aliejus \"\u010ci energijos paslaptis\" 10 ml. - TianDe Online Shop - Beauty &amp; Health","robots":{"index":"index","follow":"follow","max-snippet":"max-snippet:-1","max-image-preview":"max-image-preview:large","max-video-preview":"max-video-preview:-1"},"canonical":"https:\/\/tiandeproducts.co.uk\/lt\/masazinis-aliejus-ci-energijos-paslaptis-10-ml\/","og_locale":"lt_LT","og_type":"article","og_title":"Masa\u017einis aliejus \"\u010ci energijos paslaptis\" 10 ml. - TianDe Online Shop - Beauty &amp; Health","og_description":"\u00a0Earn 17 points worth \u00a30.85 when buying this product \u010ci &#8211; gyvenimo energija, be kurios \u017emogus negali nieko daryti. Vis\u0173 pirma pasir\u016bpinkite, kad kv\u0117pavimas per nos\u012f b\u016bt\u0173 laisvas. Nosis yra pagrindinis \u010ci energijos &#8222;kelias&#8221; \u012f k\u016bn\u0105, o jei \u0161is \u201ekelias\u201c yra u\u017eblokuotas, asmuo pradeda jaustis blogai, jis pradeda jausti skausm\u0105 k\u016bne. Gera \u010ci eiga \u017emogaus [...]","og_url":"https:\/\/tiandeproducts.co.uk\/lt\/masazinis-aliejus-ci-energijos-paslaptis-10-ml\/","og_site_name":"TianDe Online Shop - Beauty &amp; Health","article_publisher":"https:\/\/www.facebook.com\/tiande.products.england\/","article_modified_time":"2021-02-12T11:24:33+00:00","og_image":[{"width":800,"height":800,"url":"https:\/\/tiandeproducts.co.uk\/wp-content\/uploads\/2019\/02\/30140.jpg","type":"image\/jpeg"}],"twitter_card":"summary_large_image","twitter_misc":{"Est. reading time":"1 minut\u0117"},"schema":{"@context":"https:\/\/schema.org","@graph":[{"@type":"WebPage","@id":"https:\/\/tiandeproducts.co.uk\/lt\/masazinis-aliejus-ci-energijos-paslaptis-10-ml\/","url":"https:\/\/tiandeproducts.co.uk\/lt\/masazinis-aliejus-ci-energijos-paslaptis-10-ml\/","name":"Masa\u017einis aliejus \"\u010ci energijos paslaptis\" 10 ml. - TianDe Online Shop - Beauty &amp; Health","isPartOf":{"@id":"https:\/\/tiandeproducts.co.uk\/#website"},"primaryImageOfPage":{"@id":"https:\/\/tiandeproducts.co.uk\/lt\/masazinis-aliejus-ci-energijos-paslaptis-10-ml\/#primaryimage"},"image":{"@id":"https:\/\/tiandeproducts.co.uk\/lt\/masazinis-aliejus-ci-energijos-paslaptis-10-ml\/#primaryimage"},"thumbnailUrl":"https:\/\/tiandeproducts.co.uk\/wp-content\/uploads\/2019\/02\/30140.jpg","datePublished":"2019-02-09T19:26:55+00:00","dateModified":"2021-02-12T11:24:33+00:00","breadcrumb":{"@id":"https:\/\/tiandeproducts.co.uk\/lt\/masazinis-aliejus-ci-energijos-paslaptis-10-ml\/#breadcrumb"},"inLanguage":"lt-LT","potentialAction":[{"@type":"ReadAction","target":["https:\/\/tiandeproducts.co.uk\/lt\/masazinis-aliejus-ci-energijos-paslaptis-10-ml\/"]}]},{"@type":"ImageObject","inLanguage":"lt-LT","@id":"https:\/\/tiandeproducts.co.uk\/lt\/masazinis-aliejus-ci-energijos-paslaptis-10-ml\/#primaryimage","url":"https:\/\/tiandeproducts.co.uk\/wp-content\/uploads\/2019\/02\/30140.jpg","contentUrl":"https:\/\/tiandeproducts.co.uk\/wp-content\/uploads\/2019\/02\/30140.jpg","width":800,"height":800,"caption":"The Secret of the Chi Energy Massage Cosmetic Oil,10ml-0"},{"@type":"BreadcrumbList","@id":"https:\/\/tiandeproducts.co.uk\/lt\/masazinis-aliejus-ci-energijos-paslaptis-10-ml\/#breadcrumb","itemListElement":[{"@type":"ListItem","position":1,"name":"Home","item":"https:\/\/tiandeproducts.co.uk\/lt\/"},{"@type":"ListItem","position":2,"name":"Shop","item":"https:\/\/tiandeproducts.co.uk\/lt\/shop-2\/"},{"@type":"ListItem","position":3,"name":"Masa\u017einis aliejus &#8220;\u010ci energijos paslaptis&#8221; 10 ml."}]},{"@type":"WebSite","@id":"https:\/\/tiandeproducts.co.uk\/#website","url":"https:\/\/tiandeproducts.co.uk\/","name":"TianDe Online Shop - Beauty & Health","description":"Traditional Chinese Medicine","potentialAction":[{"@type":"SearchAction","target":{"@type":"EntryPoint","urlTemplate":"https:\/\/tiandeproducts.co.uk\/?s={search_term_string}"},"query-input":{"@type":"PropertyValueSpecification","valueRequired":true,"valueName":"search_term_string"}}],"inLanguage":"lt-LT"}]}},"_links":{"self":[{"href":"https:\/\/tiandeproducts.co.uk\/lt\/wp-json\/wp\/v2\/product\/4039","targetHints":{"allow":["GET"]}}],"collection":[{"href":"https:\/\/tiandeproducts.co.uk\/lt\/wp-json\/wp\/v2\/product"}],"about":[{"href":"https:\/\/tiandeproducts.co.uk\/lt\/wp-json\/wp\/v2\/types\/product"}],"replies":[{"embeddable":true,"href":"https:\/\/tiandeproducts.co.uk\/lt\/wp-json\/wp\/v2\/comments?post=4039"}],"wp:featuredmedia":[{"embeddable":true,"href":"https:\/\/tiandeproducts.co.uk\/lt\/wp-json\/wp\/v2\/media\/2146"}],"wp:attachment":[{"href":"https:\/\/tiandeproducts.co.uk\/lt\/wp-json\/wp\/v2\/media?parent=4039"}],"wp:term":[{"taxonomy":"product_cat","embeddable":true,"href":"https:\/\/tiandeproducts.co.uk\/lt\/wp-json\/wp\/v2\/product_cat?post=4039"},{"taxonomy":"product_tag","embeddable":true,"href":"https:\/\/tiandeproducts.co.uk\/lt\/wp-json\/wp\/v2\/product_tag?post=4039"}],"curies":[{"name":"wp","href":"https:\/\/api.w.org\/{rel}","templated":true}]}}