{"id":4038,"date":"2019-02-09T19:36:37","date_gmt":"2019-02-09T19:36:37","guid":{"rendered":"https:\/\/tnd.ontesting.co.uk\/mega-lash-extension-tusas-7-6-g\/"},"modified":"2025-12-06T14:24:43","modified_gmt":"2025-12-06T14:24:43","slug":"mega-lash-extension-tusas-7-6-g","status":"publish","type":"product","link":"https:\/\/tiandeproducts.co.uk\/lt\/mega-lash-extension-tusas-7-6-g\/","title":{"rendered":"Mega Lash &#8211; Extension tu\u0161as 7.6 g."},"content":{"rendered":"<p><img decoding=\"async\" style=\"max-width: 16px; margin-right: 5px;\" src=\"https:\/\/tiandeproducts.co.uk\/wp-content\/uploads\/points-green.svg\" \/>\u00a0Earn 13 points worth \u00a30.65 when buying this product<\/p>\n<p>TianDe Mega Lash &#8211; Extension tu\u0161as \u2013 J\u016bs\u0173 blakstienos lengvai ir netgi nepastebimai taps ilgos. Ne tik stulbinamai ilgos blakstienos, bet ir praturtintos vitamin\u0173 kompleksu.<br \/>\nPatogus silikoninis \u0161epet\u0117lis puikiai atskiria kiekvien\u0105 blakstien\u0105. D\u0117l stabilios formul\u0117s tu\u0161as i\u0161liks iki dienos pabaigos.<\/p>\n","protected":false},"excerpt":{"rendered":"<p>\u00a0Earn 13 points worth \u00a30.65 when buying this product TianDe Mega Lash &#8211; Extension tu\u0161as \u2013 J\u016bs\u0173 blakstienos lengvai ir netgi nepastebimai taps ilgos. Ne tik stulbinamai ilgos blakstienos, bet ir praturtintos vitamin\u0173 kompleksu. Patogus silikoninis \u0161epet\u0117lis puikiai atskiria kiekvien\u0105 blakstien\u0105. D\u0117l stabilios formul\u0117s tu\u0161as i\u0161liks iki dienos pabaigos.<\/p>\n","protected":false},"featured_media":2151,"comment_status":"closed","ping_status":"closed","template":"","meta":[],"product_cat":[694,687,698],"product_tag":[],"class_list":{"0":"post-4038","1":"product","2":"type-product","3":"status-publish","4":"has-post-thumbnail","6":"product_cat-akims","7":"product_cat-makiazas-lt","8":"product_cat-tusai-blakstienoms","10":"first","11":"instock","12":"shipping-taxable","13":"purchasable","14":"product-type-simple"},"yoast_head":"<!-- This site is optimized with the Yoast SEO plugin v23.6 - https:\/\/yoast.com\/wordpress\/plugins\/seo\/ -->\n<title>Mega Lash - Extension tu\u0161as 7.6 g. - TianDe Online Shop - Beauty &amp; Health<\/title>\n<meta name=\"robots\" content=\"index, follow, max-snippet:-1, max-image-preview:large, max-video-preview:-1\" \/>\n<link rel=\"canonical\" href=\"https:\/\/tiandeproducts.co.uk\/lt\/mega-lash-extension-tusas-7-6-g\/\" \/>\n<meta property=\"og:locale\" content=\"lt_LT\" \/>\n<meta property=\"og:type\" content=\"article\" \/>\n<meta property=\"og:title\" content=\"Mega Lash - Extension tu\u0161as 7.6 g. - TianDe Online Shop - Beauty &amp; Health\" \/>\n<meta property=\"og:description\" content=\"\u00a0Earn 13 points worth \u00a30.65 when buying this product TianDe Mega Lash &#8211; Extension tu\u0161as \u2013 J\u016bs\u0173 blakstienos lengvai ir netgi nepastebimai taps ilgos. Ne tik stulbinamai ilgos blakstienos, bet ir praturtintos vitamin\u0173 kompleksu. Patogus silikoninis \u0161epet\u0117lis puikiai atskiria kiekvien\u0105 blakstien\u0105. D\u0117l stabilios formul\u0117s tu\u0161as i\u0161liks iki dienos pabaigos.\" \/>\n<meta property=\"og:url\" content=\"https:\/\/tiandeproducts.co.uk\/lt\/mega-lash-extension-tusas-7-6-g\/\" \/>\n<meta property=\"og:site_name\" content=\"TianDe Online Shop - Beauty &amp; Health\" \/>\n<meta property=\"article:publisher\" content=\"https:\/\/www.facebook.com\/tiande.products.england\/\" \/>\n<meta property=\"article:modified_time\" content=\"2025-12-06T14:24:43+00:00\" \/>\n<meta property=\"og:image\" content=\"https:\/\/tiandeproducts.co.uk\/wp-content\/uploads\/2019\/02\/80130.jpg\" \/>\n\t<meta property=\"og:image:width\" content=\"800\" \/>\n\t<meta property=\"og:image:height\" content=\"800\" \/>\n\t<meta property=\"og:image:type\" content=\"image\/jpeg\" \/>\n<meta name=\"twitter:card\" content=\"summary_large_image\" \/>\n<script type=\"application\/ld+json\" class=\"yoast-schema-graph\">{\"@context\":\"https:\/\/schema.org\",\"@graph\":[{\"@type\":\"WebPage\",\"@id\":\"https:\/\/tiandeproducts.co.uk\/lt\/mega-lash-extension-tusas-7-6-g\/\",\"url\":\"https:\/\/tiandeproducts.co.uk\/lt\/mega-lash-extension-tusas-7-6-g\/\",\"name\":\"Mega Lash - Extension tu\u0161as 7.6 g. - TianDe Online Shop - Beauty &amp; Health\",\"isPartOf\":{\"@id\":\"https:\/\/tiandeproducts.co.uk\/#website\"},\"primaryImageOfPage\":{\"@id\":\"https:\/\/tiandeproducts.co.uk\/lt\/mega-lash-extension-tusas-7-6-g\/#primaryimage\"},\"image\":{\"@id\":\"https:\/\/tiandeproducts.co.uk\/lt\/mega-lash-extension-tusas-7-6-g\/#primaryimage\"},\"thumbnailUrl\":\"https:\/\/tiandeproducts.co.uk\/wp-content\/uploads\/2019\/02\/80130.jpg\",\"datePublished\":\"2019-02-09T19:36:37+00:00\",\"dateModified\":\"2025-12-06T14:24:43+00:00\",\"breadcrumb\":{\"@id\":\"https:\/\/tiandeproducts.co.uk\/lt\/mega-lash-extension-tusas-7-6-g\/#breadcrumb\"},\"inLanguage\":\"lt-LT\",\"potentialAction\":[{\"@type\":\"ReadAction\",\"target\":[\"https:\/\/tiandeproducts.co.uk\/lt\/mega-lash-extension-tusas-7-6-g\/\"]}]},{\"@type\":\"ImageObject\",\"inLanguage\":\"lt-LT\",\"@id\":\"https:\/\/tiandeproducts.co.uk\/lt\/mega-lash-extension-tusas-7-6-g\/#primaryimage\",\"url\":\"https:\/\/tiandeproducts.co.uk\/wp-content\/uploads\/2019\/02\/80130.jpg\",\"contentUrl\":\"https:\/\/tiandeproducts.co.uk\/wp-content\/uploads\/2019\/02\/80130.jpg\",\"width\":800,\"height\":800,\"caption\":\"Mega Lash-Extension Mascara,7,6g-0\"},{\"@type\":\"BreadcrumbList\",\"@id\":\"https:\/\/tiandeproducts.co.uk\/lt\/mega-lash-extension-tusas-7-6-g\/#breadcrumb\",\"itemListElement\":[{\"@type\":\"ListItem\",\"position\":1,\"name\":\"Home\",\"item\":\"https:\/\/tiandeproducts.co.uk\/lt\/\"},{\"@type\":\"ListItem\",\"position\":2,\"name\":\"Shop\",\"item\":\"https:\/\/tiandeproducts.co.uk\/lt\/shop-2\/\"},{\"@type\":\"ListItem\",\"position\":3,\"name\":\"Mega Lash &#8211; Extension tu\u0161as 7.6 g.\"}]},{\"@type\":\"WebSite\",\"@id\":\"https:\/\/tiandeproducts.co.uk\/#website\",\"url\":\"https:\/\/tiandeproducts.co.uk\/\",\"name\":\"TianDe Online Shop - Beauty & Health\",\"description\":\"Traditional Chinese Medicine\",\"potentialAction\":[{\"@type\":\"SearchAction\",\"target\":{\"@type\":\"EntryPoint\",\"urlTemplate\":\"https:\/\/tiandeproducts.co.uk\/?s={search_term_string}\"},\"query-input\":{\"@type\":\"PropertyValueSpecification\",\"valueRequired\":true,\"valueName\":\"search_term_string\"}}],\"inLanguage\":\"lt-LT\"}]}<\/script>\n<!-- \/ Yoast SEO plugin. -->","yoast_head_json":{"title":"Mega Lash - Extension tu\u0161as 7.6 g. - TianDe Online Shop - Beauty &amp; Health","robots":{"index":"index","follow":"follow","max-snippet":"max-snippet:-1","max-image-preview":"max-image-preview:large","max-video-preview":"max-video-preview:-1"},"canonical":"https:\/\/tiandeproducts.co.uk\/lt\/mega-lash-extension-tusas-7-6-g\/","og_locale":"lt_LT","og_type":"article","og_title":"Mega Lash - Extension tu\u0161as 7.6 g. - TianDe Online Shop - Beauty &amp; Health","og_description":"\u00a0Earn 13 points worth \u00a30.65 when buying this product TianDe Mega Lash &#8211; Extension tu\u0161as \u2013 J\u016bs\u0173 blakstienos lengvai ir netgi nepastebimai taps ilgos. Ne tik stulbinamai ilgos blakstienos, bet ir praturtintos vitamin\u0173 kompleksu. Patogus silikoninis \u0161epet\u0117lis puikiai atskiria kiekvien\u0105 blakstien\u0105. D\u0117l stabilios formul\u0117s tu\u0161as i\u0161liks iki dienos pabaigos.","og_url":"https:\/\/tiandeproducts.co.uk\/lt\/mega-lash-extension-tusas-7-6-g\/","og_site_name":"TianDe Online Shop - Beauty &amp; Health","article_publisher":"https:\/\/www.facebook.com\/tiande.products.england\/","article_modified_time":"2025-12-06T14:24:43+00:00","og_image":[{"width":800,"height":800,"url":"https:\/\/tiandeproducts.co.uk\/wp-content\/uploads\/2019\/02\/80130.jpg","type":"image\/jpeg"}],"twitter_card":"summary_large_image","schema":{"@context":"https:\/\/schema.org","@graph":[{"@type":"WebPage","@id":"https:\/\/tiandeproducts.co.uk\/lt\/mega-lash-extension-tusas-7-6-g\/","url":"https:\/\/tiandeproducts.co.uk\/lt\/mega-lash-extension-tusas-7-6-g\/","name":"Mega Lash - Extension tu\u0161as 7.6 g. - TianDe Online Shop - Beauty &amp; Health","isPartOf":{"@id":"https:\/\/tiandeproducts.co.uk\/#website"},"primaryImageOfPage":{"@id":"https:\/\/tiandeproducts.co.uk\/lt\/mega-lash-extension-tusas-7-6-g\/#primaryimage"},"image":{"@id":"https:\/\/tiandeproducts.co.uk\/lt\/mega-lash-extension-tusas-7-6-g\/#primaryimage"},"thumbnailUrl":"https:\/\/tiandeproducts.co.uk\/wp-content\/uploads\/2019\/02\/80130.jpg","datePublished":"2019-02-09T19:36:37+00:00","dateModified":"2025-12-06T14:24:43+00:00","breadcrumb":{"@id":"https:\/\/tiandeproducts.co.uk\/lt\/mega-lash-extension-tusas-7-6-g\/#breadcrumb"},"inLanguage":"lt-LT","potentialAction":[{"@type":"ReadAction","target":["https:\/\/tiandeproducts.co.uk\/lt\/mega-lash-extension-tusas-7-6-g\/"]}]},{"@type":"ImageObject","inLanguage":"lt-LT","@id":"https:\/\/tiandeproducts.co.uk\/lt\/mega-lash-extension-tusas-7-6-g\/#primaryimage","url":"https:\/\/tiandeproducts.co.uk\/wp-content\/uploads\/2019\/02\/80130.jpg","contentUrl":"https:\/\/tiandeproducts.co.uk\/wp-content\/uploads\/2019\/02\/80130.jpg","width":800,"height":800,"caption":"Mega Lash-Extension Mascara,7,6g-0"},{"@type":"BreadcrumbList","@id":"https:\/\/tiandeproducts.co.uk\/lt\/mega-lash-extension-tusas-7-6-g\/#breadcrumb","itemListElement":[{"@type":"ListItem","position":1,"name":"Home","item":"https:\/\/tiandeproducts.co.uk\/lt\/"},{"@type":"ListItem","position":2,"name":"Shop","item":"https:\/\/tiandeproducts.co.uk\/lt\/shop-2\/"},{"@type":"ListItem","position":3,"name":"Mega Lash &#8211; Extension tu\u0161as 7.6 g."}]},{"@type":"WebSite","@id":"https:\/\/tiandeproducts.co.uk\/#website","url":"https:\/\/tiandeproducts.co.uk\/","name":"TianDe Online Shop - Beauty & Health","description":"Traditional Chinese Medicine","potentialAction":[{"@type":"SearchAction","target":{"@type":"EntryPoint","urlTemplate":"https:\/\/tiandeproducts.co.uk\/?s={search_term_string}"},"query-input":{"@type":"PropertyValueSpecification","valueRequired":true,"valueName":"search_term_string"}}],"inLanguage":"lt-LT"}]}},"_links":{"self":[{"href":"https:\/\/tiandeproducts.co.uk\/lt\/wp-json\/wp\/v2\/product\/4038","targetHints":{"allow":["GET"]}}],"collection":[{"href":"https:\/\/tiandeproducts.co.uk\/lt\/wp-json\/wp\/v2\/product"}],"about":[{"href":"https:\/\/tiandeproducts.co.uk\/lt\/wp-json\/wp\/v2\/types\/product"}],"replies":[{"embeddable":true,"href":"https:\/\/tiandeproducts.co.uk\/lt\/wp-json\/wp\/v2\/comments?post=4038"}],"wp:featuredmedia":[{"embeddable":true,"href":"https:\/\/tiandeproducts.co.uk\/lt\/wp-json\/wp\/v2\/media\/2151"}],"wp:attachment":[{"href":"https:\/\/tiandeproducts.co.uk\/lt\/wp-json\/wp\/v2\/media?parent=4038"}],"wp:term":[{"taxonomy":"product_cat","embeddable":true,"href":"https:\/\/tiandeproducts.co.uk\/lt\/wp-json\/wp\/v2\/product_cat?post=4038"},{"taxonomy":"product_tag","embeddable":true,"href":"https:\/\/tiandeproducts.co.uk\/lt\/wp-json\/wp\/v2\/product_tag?post=4038"}],"curies":[{"name":"wp","href":"https:\/\/api.w.org\/{rel}","templated":true}]}}