{"id":4034,"date":"2019-07-17T07:22:22","date_gmt":"2019-07-17T06:22:22","guid":{"rendered":"https:\/\/tnd.ontesting.co.uk\/dd-tonine-matine-priemone-kusonas-riebiai-odai-15-g\/"},"modified":"2021-02-12T11:17:34","modified_gmt":"2021-02-12T11:17:34","slug":"dd-tonine-matine-priemone-kusonas-riebiai-odai-15-g","status":"publish","type":"product","link":"https:\/\/tiandeproducts.co.uk\/lt\/dd-tonine-matine-priemone-kusonas-riebiai-odai-15-g\/","title":{"rendered":"DD tonin\u0117 matin\u0117 priemon\u0117 &#8211; ku\u0161onas riebiai odai 15 g."},"content":{"rendered":"<p><img decoding=\"async\" style=\"max-width: 16px; margin-right: 5px;\" src=\"https:\/\/tiandeproducts.co.uk\/wp-content\/uploads\/points-green.svg\" \/>\u00a0Earn 37 points worth \u00a31.85 when buying this product<\/p>\n<p>Ar turite riebi\u0105 ar kombinuot\u0105 od\u0105 ir kiekvien\u0105 dien\u0105 susiduriate su tonin\u0117s priemon\u0117s pasirinkimo problema? Turb\u016bt ne estetinis blizgesys pasirodo vos po poros valand\u0173, o spalvos tonas atrodo i\u0161garuoja nuo veido? Jei \u0161ie \u201esimptomai\u201c Jums yra pa\u017e\u012fstami, nedvejodami galite rinktis ku\u0161on\u0105 riebiai odai i\u0161 TianDe.<\/p>\n<p>Ku\u0161onas riebiai odai d\u0117ka absorbuojan\u010di\u0173 komponent\u0173 pad\u0117s kontroliuoti T zon\u0105, neu\u017ekim\u0161ti por\u0173 ir vis\u0105 dien\u0105 pri\u017ei\u016br\u0117s J\u016bs\u0173 od\u0105!<\/p>\n<p>DD tonin\u0117 maskuojanti priemon\u0117 yra:<br \/>\n&#8211; puikiai lygus ir matinis odos tonas vis\u0105 dien\u0105 net T zonoje;<br \/>\n&#8211; patogus prisitaikymas, puikus suliejimas su odos spalva;<br \/>\n&#8211; 100% netobulum\u0173 ir ma\u017e\u0173 rauk\u0161li\u0173 sl\u0117pimas;<br \/>\n&#8211; odos apsauga nuo neigiamo aplinkos poveikio.<\/p>\n<p>Sud\u0117tyje esantis vitaminas E suteikia antioksidant\u0119 apsaug\u0105, hidrokompleksas gil\u0173 dr\u0117kinim\u0105, UV filtrai apsaugai ir absorbent\u0173 kompleksas su aminor\u016bg\u0161\u010di\u0173 lizinu, apsaugan\u010diu nuo riebaus blizgesio.<\/p>\n<p>Ku\u0161onas riebiai odai atrodo taip pat, kaip ir jo \u201edidysis brolis\u201c &#8211; DD toninis koreguojantis ku\u0161onas, kuris jau tapo produktu numeris 1 tiande kompanijos asortimente. Tai kompakti\u0161kas d\u0117klas, kuriame telpa viskas siekiant sukurti puik\u0173 ton\u0105! Stilingoje d\u0117\u017eut\u0117je pamatysite lengv\u0105 sudr\u0117kint\u0105 kempin\u0119, special\u0173 aplikatori\u0173, skirt\u0105 tolygiam naudojimui, ir kompakti\u0161k\u0105 veidrod\u0117l\u012f, su kuriuo J\u016bs galite pataisyti makia\u017e\u0105 bet kuriuo patogiu laiku.<\/p>\n<p><strong>Naudojimas:<\/strong> kempin\u0117le lengvai prilieskite ku\u0161on\u0105 ir sukurkite ideali\u0105 od\u0105. Naudokite tik \u0161varios dr\u0117gnos odos.<\/p>\n","protected":false},"excerpt":{"rendered":"<p>\u00a0Earn 37 points worth \u00a31.85 when buying this product Ar turite riebi\u0105 ar kombinuot\u0105 od\u0105 ir kiekvien\u0105 dien\u0105 susiduriate su tonin\u0117s priemon\u0117s pasirinkimo problema? Turb\u016bt ne estetinis blizgesys pasirodo vos po poros valand\u0173, o spalvos tonas atrodo i\u0161garuoja nuo veido? Jei \u0161ie \u201esimptomai\u201c Jums yra pa\u017e\u012fstami, nedvejodami galite rinktis ku\u0161on\u0105 riebiai odai i\u0161 TianDe. Ku\u0161onas [&#8230;]\n","protected":false},"featured_media":2924,"comment_status":"closed","ping_status":"closed","template":"","meta":[],"product_cat":[687,710,702,700],"product_tag":[],"class_list":{"0":"post-4034","1":"product","2":"type-product","3":"status-publish","4":"has-post-thumbnail","6":"product_cat-makiazas-lt","7":"product_cat-pro-visage-lt-2","8":"product_cat-tonaliniai-kremai","9":"product_cat-veidui-lt","11":"first","12":"instock","13":"shipping-taxable","14":"purchasable","15":"product-type-simple"},"yoast_head":"<!-- This site is optimized with the Yoast SEO plugin v23.6 - https:\/\/yoast.com\/wordpress\/plugins\/seo\/ -->\n<title>DD tonin\u0117 matin\u0117 priemon\u0117 - ku\u0161onas riebiai odai 15 g. - TianDe Online Shop - Beauty &amp; Health<\/title>\n<meta name=\"robots\" content=\"index, follow, max-snippet:-1, max-image-preview:large, max-video-preview:-1\" \/>\n<link rel=\"canonical\" href=\"https:\/\/tiandeproducts.co.uk\/lt\/dd-tonine-matine-priemone-kusonas-riebiai-odai-15-g\/\" \/>\n<meta property=\"og:locale\" content=\"lt_LT\" \/>\n<meta property=\"og:type\" content=\"article\" \/>\n<meta property=\"og:title\" content=\"DD tonin\u0117 matin\u0117 priemon\u0117 - ku\u0161onas riebiai odai 15 g. - TianDe Online Shop - Beauty &amp; Health\" \/>\n<meta property=\"og:description\" content=\"\u00a0Earn 37 points worth \u00a31.85 when buying this product Ar turite riebi\u0105 ar kombinuot\u0105 od\u0105 ir kiekvien\u0105 dien\u0105 susiduriate su tonin\u0117s priemon\u0117s pasirinkimo problema? Turb\u016bt ne estetinis blizgesys pasirodo vos po poros valand\u0173, o spalvos tonas atrodo i\u0161garuoja nuo veido? Jei \u0161ie \u201esimptomai\u201c Jums yra pa\u017e\u012fstami, nedvejodami galite rinktis ku\u0161on\u0105 riebiai odai i\u0161 TianDe. Ku\u0161onas [...]\" \/>\n<meta property=\"og:url\" content=\"https:\/\/tiandeproducts.co.uk\/lt\/dd-tonine-matine-priemone-kusonas-riebiai-odai-15-g\/\" \/>\n<meta property=\"og:site_name\" content=\"TianDe Online Shop - Beauty &amp; Health\" \/>\n<meta property=\"article:publisher\" content=\"https:\/\/www.facebook.com\/tiande.products.england\/\" \/>\n<meta property=\"article:modified_time\" content=\"2021-02-12T11:17:34+00:00\" \/>\n<meta property=\"og:image\" content=\"https:\/\/tiandeproducts.co.uk\/wp-content\/uploads\/80913.png\" \/>\n\t<meta property=\"og:image:width\" content=\"700\" \/>\n\t<meta property=\"og:image:height\" content=\"700\" \/>\n\t<meta property=\"og:image:type\" content=\"image\/png\" \/>\n<meta name=\"twitter:card\" content=\"summary_large_image\" \/>\n<meta name=\"twitter:label1\" content=\"Est. reading time\" \/>\n\t<meta name=\"twitter:data1\" content=\"1 minut\u0117\" \/>\n<script type=\"application\/ld+json\" class=\"yoast-schema-graph\">{\"@context\":\"https:\/\/schema.org\",\"@graph\":[{\"@type\":\"WebPage\",\"@id\":\"https:\/\/tiandeproducts.co.uk\/lt\/dd-tonine-matine-priemone-kusonas-riebiai-odai-15-g\/\",\"url\":\"https:\/\/tiandeproducts.co.uk\/lt\/dd-tonine-matine-priemone-kusonas-riebiai-odai-15-g\/\",\"name\":\"DD tonin\u0117 matin\u0117 priemon\u0117 - ku\u0161onas riebiai odai 15 g. - TianDe Online Shop - Beauty &amp; Health\",\"isPartOf\":{\"@id\":\"https:\/\/tiandeproducts.co.uk\/#website\"},\"primaryImageOfPage\":{\"@id\":\"https:\/\/tiandeproducts.co.uk\/lt\/dd-tonine-matine-priemone-kusonas-riebiai-odai-15-g\/#primaryimage\"},\"image\":{\"@id\":\"https:\/\/tiandeproducts.co.uk\/lt\/dd-tonine-matine-priemone-kusonas-riebiai-odai-15-g\/#primaryimage\"},\"thumbnailUrl\":\"https:\/\/tiandeproducts.co.uk\/wp-content\/uploads\/80913.png\",\"datePublished\":\"2019-07-17T06:22:22+00:00\",\"dateModified\":\"2021-02-12T11:17:34+00:00\",\"breadcrumb\":{\"@id\":\"https:\/\/tiandeproducts.co.uk\/lt\/dd-tonine-matine-priemone-kusonas-riebiai-odai-15-g\/#breadcrumb\"},\"inLanguage\":\"lt-LT\",\"potentialAction\":[{\"@type\":\"ReadAction\",\"target\":[\"https:\/\/tiandeproducts.co.uk\/lt\/dd-tonine-matine-priemone-kusonas-riebiai-odai-15-g\/\"]}]},{\"@type\":\"ImageObject\",\"inLanguage\":\"lt-LT\",\"@id\":\"https:\/\/tiandeproducts.co.uk\/lt\/dd-tonine-matine-priemone-kusonas-riebiai-odai-15-g\/#primaryimage\",\"url\":\"https:\/\/tiandeproducts.co.uk\/wp-content\/uploads\/80913.png\",\"contentUrl\":\"https:\/\/tiandeproducts.co.uk\/wp-content\/uploads\/80913.png\",\"width\":700,\"height\":700},{\"@type\":\"BreadcrumbList\",\"@id\":\"https:\/\/tiandeproducts.co.uk\/lt\/dd-tonine-matine-priemone-kusonas-riebiai-odai-15-g\/#breadcrumb\",\"itemListElement\":[{\"@type\":\"ListItem\",\"position\":1,\"name\":\"Home\",\"item\":\"https:\/\/tiandeproducts.co.uk\/lt\/\"},{\"@type\":\"ListItem\",\"position\":2,\"name\":\"Shop\",\"item\":\"https:\/\/tiandeproducts.co.uk\/lt\/shop-2\/\"},{\"@type\":\"ListItem\",\"position\":3,\"name\":\"DD tonin\u0117 matin\u0117 priemon\u0117 &#8211; ku\u0161onas riebiai odai 15 g.\"}]},{\"@type\":\"WebSite\",\"@id\":\"https:\/\/tiandeproducts.co.uk\/#website\",\"url\":\"https:\/\/tiandeproducts.co.uk\/\",\"name\":\"TianDe Online Shop - Beauty & Health\",\"description\":\"Traditional Chinese Medicine\",\"potentialAction\":[{\"@type\":\"SearchAction\",\"target\":{\"@type\":\"EntryPoint\",\"urlTemplate\":\"https:\/\/tiandeproducts.co.uk\/?s={search_term_string}\"},\"query-input\":{\"@type\":\"PropertyValueSpecification\",\"valueRequired\":true,\"valueName\":\"search_term_string\"}}],\"inLanguage\":\"lt-LT\"}]}<\/script>\n<!-- \/ Yoast SEO plugin. -->","yoast_head_json":{"title":"DD tonin\u0117 matin\u0117 priemon\u0117 - ku\u0161onas riebiai odai 15 g. - TianDe Online Shop - Beauty &amp; Health","robots":{"index":"index","follow":"follow","max-snippet":"max-snippet:-1","max-image-preview":"max-image-preview:large","max-video-preview":"max-video-preview:-1"},"canonical":"https:\/\/tiandeproducts.co.uk\/lt\/dd-tonine-matine-priemone-kusonas-riebiai-odai-15-g\/","og_locale":"lt_LT","og_type":"article","og_title":"DD tonin\u0117 matin\u0117 priemon\u0117 - ku\u0161onas riebiai odai 15 g. - TianDe Online Shop - Beauty &amp; Health","og_description":"\u00a0Earn 37 points worth \u00a31.85 when buying this product Ar turite riebi\u0105 ar kombinuot\u0105 od\u0105 ir kiekvien\u0105 dien\u0105 susiduriate su tonin\u0117s priemon\u0117s pasirinkimo problema? Turb\u016bt ne estetinis blizgesys pasirodo vos po poros valand\u0173, o spalvos tonas atrodo i\u0161garuoja nuo veido? Jei \u0161ie \u201esimptomai\u201c Jums yra pa\u017e\u012fstami, nedvejodami galite rinktis ku\u0161on\u0105 riebiai odai i\u0161 TianDe. Ku\u0161onas [...]","og_url":"https:\/\/tiandeproducts.co.uk\/lt\/dd-tonine-matine-priemone-kusonas-riebiai-odai-15-g\/","og_site_name":"TianDe Online Shop - Beauty &amp; Health","article_publisher":"https:\/\/www.facebook.com\/tiande.products.england\/","article_modified_time":"2021-02-12T11:17:34+00:00","og_image":[{"width":700,"height":700,"url":"https:\/\/tiandeproducts.co.uk\/wp-content\/uploads\/80913.png","type":"image\/png"}],"twitter_card":"summary_large_image","twitter_misc":{"Est. reading time":"1 minut\u0117"},"schema":{"@context":"https:\/\/schema.org","@graph":[{"@type":"WebPage","@id":"https:\/\/tiandeproducts.co.uk\/lt\/dd-tonine-matine-priemone-kusonas-riebiai-odai-15-g\/","url":"https:\/\/tiandeproducts.co.uk\/lt\/dd-tonine-matine-priemone-kusonas-riebiai-odai-15-g\/","name":"DD tonin\u0117 matin\u0117 priemon\u0117 - ku\u0161onas riebiai odai 15 g. - TianDe Online Shop - Beauty &amp; Health","isPartOf":{"@id":"https:\/\/tiandeproducts.co.uk\/#website"},"primaryImageOfPage":{"@id":"https:\/\/tiandeproducts.co.uk\/lt\/dd-tonine-matine-priemone-kusonas-riebiai-odai-15-g\/#primaryimage"},"image":{"@id":"https:\/\/tiandeproducts.co.uk\/lt\/dd-tonine-matine-priemone-kusonas-riebiai-odai-15-g\/#primaryimage"},"thumbnailUrl":"https:\/\/tiandeproducts.co.uk\/wp-content\/uploads\/80913.png","datePublished":"2019-07-17T06:22:22+00:00","dateModified":"2021-02-12T11:17:34+00:00","breadcrumb":{"@id":"https:\/\/tiandeproducts.co.uk\/lt\/dd-tonine-matine-priemone-kusonas-riebiai-odai-15-g\/#breadcrumb"},"inLanguage":"lt-LT","potentialAction":[{"@type":"ReadAction","target":["https:\/\/tiandeproducts.co.uk\/lt\/dd-tonine-matine-priemone-kusonas-riebiai-odai-15-g\/"]}]},{"@type":"ImageObject","inLanguage":"lt-LT","@id":"https:\/\/tiandeproducts.co.uk\/lt\/dd-tonine-matine-priemone-kusonas-riebiai-odai-15-g\/#primaryimage","url":"https:\/\/tiandeproducts.co.uk\/wp-content\/uploads\/80913.png","contentUrl":"https:\/\/tiandeproducts.co.uk\/wp-content\/uploads\/80913.png","width":700,"height":700},{"@type":"BreadcrumbList","@id":"https:\/\/tiandeproducts.co.uk\/lt\/dd-tonine-matine-priemone-kusonas-riebiai-odai-15-g\/#breadcrumb","itemListElement":[{"@type":"ListItem","position":1,"name":"Home","item":"https:\/\/tiandeproducts.co.uk\/lt\/"},{"@type":"ListItem","position":2,"name":"Shop","item":"https:\/\/tiandeproducts.co.uk\/lt\/shop-2\/"},{"@type":"ListItem","position":3,"name":"DD tonin\u0117 matin\u0117 priemon\u0117 &#8211; ku\u0161onas riebiai odai 15 g."}]},{"@type":"WebSite","@id":"https:\/\/tiandeproducts.co.uk\/#website","url":"https:\/\/tiandeproducts.co.uk\/","name":"TianDe Online Shop - Beauty & Health","description":"Traditional Chinese Medicine","potentialAction":[{"@type":"SearchAction","target":{"@type":"EntryPoint","urlTemplate":"https:\/\/tiandeproducts.co.uk\/?s={search_term_string}"},"query-input":{"@type":"PropertyValueSpecification","valueRequired":true,"valueName":"search_term_string"}}],"inLanguage":"lt-LT"}]}},"_links":{"self":[{"href":"https:\/\/tiandeproducts.co.uk\/lt\/wp-json\/wp\/v2\/product\/4034","targetHints":{"allow":["GET"]}}],"collection":[{"href":"https:\/\/tiandeproducts.co.uk\/lt\/wp-json\/wp\/v2\/product"}],"about":[{"href":"https:\/\/tiandeproducts.co.uk\/lt\/wp-json\/wp\/v2\/types\/product"}],"replies":[{"embeddable":true,"href":"https:\/\/tiandeproducts.co.uk\/lt\/wp-json\/wp\/v2\/comments?post=4034"}],"wp:featuredmedia":[{"embeddable":true,"href":"https:\/\/tiandeproducts.co.uk\/lt\/wp-json\/wp\/v2\/media\/2924"}],"wp:attachment":[{"href":"https:\/\/tiandeproducts.co.uk\/lt\/wp-json\/wp\/v2\/media?parent=4034"}],"wp:term":[{"taxonomy":"product_cat","embeddable":true,"href":"https:\/\/tiandeproducts.co.uk\/lt\/wp-json\/wp\/v2\/product_cat?post=4034"},{"taxonomy":"product_tag","embeddable":true,"href":"https:\/\/tiandeproducts.co.uk\/lt\/wp-json\/wp\/v2\/product_tag?post=4034"}],"curies":[{"name":"wp","href":"https:\/\/api.w.org\/{rel}","templated":true}]}}