{"id":4027,"date":"2019-07-17T12:51:10","date_gmt":"2019-07-17T11:51:10","guid":{"rendered":"https:\/\/tnd.ontesting.co.uk\/fitoarbata-sezonine-terapija-su-liepu-ziedais-saldymedziu-ir-avietemis-30-pakeliu\/"},"modified":"2022-03-16T15:55:19","modified_gmt":"2022-03-16T15:55:19","slug":"fitoarbata-sezonine-terapija-su-liepu-ziedais-saldymedziu-ir-avietemis-30-pakeliu","status":"publish","type":"product","link":"https:\/\/tiandeproducts.co.uk\/lt\/fitoarbata-sezonine-terapija-su-liepu-ziedais-saldymedziu-ir-avietemis-30-pakeliu\/","title":{"rendered":"Fitoarbata &#8222;Sezonin\u0117 terapija su liep\u0173 \u017eiedais, saldymed\u017eiu ir aviet\u0117mis&#8221; 30 pakeli\u0173"},"content":{"rendered":"<p><img decoding=\"async\" style=\"max-width: 16px; margin-right: 5px;\" src=\"https:\/\/tiandeproducts.co.uk\/wp-content\/uploads\/points-green.svg\" \/>\u00a0Earn 10 points worth \u00a30.50 when buying this product<\/p>\n<p>Fitoarbata pad\u0117s sutikti bet kur\u012f sezon\u0105, visi\u0161kai pasiruo\u0161us! Ji sustiprins imunin\u0119 sistem\u0105 ir leis Jums jaustis puikiai net ir dr\u0117gniausiu bei darganiausiu oru.<\/p>\n<p>G\u0117rimas yra 100% pagamintas i\u0161 nat\u016brali\u0173 \u017ealiav\u0173 &#8211; Altajaus vaisi\u0173 ir laukini\u0173 \u017eoleli\u0173. Jos auginamos ekologi\u0161kai \u0161varioje vietoje, tod\u0117l jos suteikia arbatai maksimali\u0105 naud\u0105. \u0160iuolaikin\u0117s \u017eoleli\u0173 apdorojimo technologijos padeda i\u0161saugoti arbatoje did\u017eiausi\u0105 verting\u0173 med\u017eiag\u0173 kiek\u012f. Patikimas trij\u0173 sluoksni\u0173 filtravimo mai\u0161eli\u0173 pakavimas, \u012fskaitant paket\u0117l\u012f, d\u0117\u017eut\u0119 ir pl\u0117vel\u0119, padeda i\u0161saugoti augal\u0173 vitaminus, makro ir mikroelementus.<\/p>\n<p><strong>Naudojimas:<\/strong> 1 pakel\u012f u\u017epilkite 1 kar\u0161to vandens (75\u201380 \u02daC). Palaukite 5-10 minu\u010di\u0173. Galite prid\u0117ti medaus ar citrinos pagal skon\u012f.<\/p>\n","protected":false},"excerpt":{"rendered":"<p>\u00a0Earn 10 points worth \u00a30.50 when buying this product Fitoarbata pad\u0117s sutikti bet kur\u012f sezon\u0105, visi\u0161kai pasiruo\u0161us! Ji sustiprins imunin\u0119 sistem\u0105 ir leis Jums jaustis puikiai net ir dr\u0117gniausiu bei darganiausiu oru. G\u0117rimas yra 100% pagamintas i\u0161 nat\u016brali\u0173 \u017ealiav\u0173 &#8211; Altajaus vaisi\u0173 ir laukini\u0173 \u017eoleli\u0173. Jos auginamos ekologi\u0161kai \u0161varioje vietoje, tod\u0117l jos suteikia arbatai maksimali\u0105 [&#8230;]\n","protected":false},"featured_media":3135,"comment_status":"closed","ping_status":"closed","template":"","meta":[],"product_cat":[730,718],"product_tag":[],"class_list":{"0":"post-4027","1":"product","2":"type-product","3":"status-publish","4":"has-post-thumbnail","6":"product_cat-arbatos","7":"product_cat-sveikata-lt","9":"first","10":"outofstock","11":"shipping-taxable","12":"purchasable","13":"product-type-simple"},"yoast_head":"<!-- This site is optimized with the Yoast SEO plugin v23.6 - https:\/\/yoast.com\/wordpress\/plugins\/seo\/ -->\n<title>Fitoarbata &quot;Sezonin\u0117 terapija su liep\u0173 \u017eiedais, saldymed\u017eiu ir aviet\u0117mis&quot; 30 pakeli\u0173 - TianDe Online Shop - Beauty &amp; Health<\/title>\n<meta name=\"robots\" content=\"index, follow, max-snippet:-1, max-image-preview:large, max-video-preview:-1\" \/>\n<link rel=\"canonical\" href=\"https:\/\/tiandeproducts.co.uk\/lt\/fitoarbata-sezonine-terapija-su-liepu-ziedais-saldymedziu-ir-avietemis-30-pakeliu\/\" \/>\n<meta property=\"og:locale\" content=\"lt_LT\" \/>\n<meta property=\"og:type\" content=\"article\" \/>\n<meta property=\"og:title\" content=\"Fitoarbata &quot;Sezonin\u0117 terapija su liep\u0173 \u017eiedais, saldymed\u017eiu ir aviet\u0117mis&quot; 30 pakeli\u0173 - TianDe Online Shop - Beauty &amp; Health\" \/>\n<meta property=\"og:description\" content=\"\u00a0Earn 10 points worth \u00a30.50 when buying this product Fitoarbata pad\u0117s sutikti bet kur\u012f sezon\u0105, visi\u0161kai pasiruo\u0161us! Ji sustiprins imunin\u0119 sistem\u0105 ir leis Jums jaustis puikiai net ir dr\u0117gniausiu bei darganiausiu oru. G\u0117rimas yra 100% pagamintas i\u0161 nat\u016brali\u0173 \u017ealiav\u0173 &#8211; Altajaus vaisi\u0173 ir laukini\u0173 \u017eoleli\u0173. Jos auginamos ekologi\u0161kai \u0161varioje vietoje, tod\u0117l jos suteikia arbatai maksimali\u0105 [...]\" \/>\n<meta property=\"og:url\" content=\"https:\/\/tiandeproducts.co.uk\/lt\/fitoarbata-sezonine-terapija-su-liepu-ziedais-saldymedziu-ir-avietemis-30-pakeliu\/\" \/>\n<meta property=\"og:site_name\" content=\"TianDe Online Shop - Beauty &amp; Health\" \/>\n<meta property=\"article:publisher\" content=\"https:\/\/www.facebook.com\/tiande.products.england\/\" \/>\n<meta property=\"article:modified_time\" content=\"2022-03-16T15:55:19+00:00\" \/>\n<meta property=\"og:image\" content=\"https:\/\/tiandeproducts.co.uk\/wp-content\/uploads\/123926.png\" \/>\n\t<meta property=\"og:image:width\" content=\"569\" \/>\n\t<meta property=\"og:image:height\" content=\"569\" \/>\n\t<meta property=\"og:image:type\" content=\"image\/png\" \/>\n<meta name=\"twitter:card\" content=\"summary_large_image\" \/>\n<meta name=\"twitter:label1\" content=\"Est. reading time\" \/>\n\t<meta name=\"twitter:data1\" content=\"1 minut\u0117\" \/>\n<script type=\"application\/ld+json\" class=\"yoast-schema-graph\">{\"@context\":\"https:\/\/schema.org\",\"@graph\":[{\"@type\":\"WebPage\",\"@id\":\"https:\/\/tiandeproducts.co.uk\/lt\/fitoarbata-sezonine-terapija-su-liepu-ziedais-saldymedziu-ir-avietemis-30-pakeliu\/\",\"url\":\"https:\/\/tiandeproducts.co.uk\/lt\/fitoarbata-sezonine-terapija-su-liepu-ziedais-saldymedziu-ir-avietemis-30-pakeliu\/\",\"name\":\"Fitoarbata \\\"Sezonin\u0117 terapija su liep\u0173 \u017eiedais, saldymed\u017eiu ir aviet\u0117mis\\\" 30 pakeli\u0173 - TianDe Online Shop - Beauty &amp; Health\",\"isPartOf\":{\"@id\":\"https:\/\/tiandeproducts.co.uk\/#website\"},\"primaryImageOfPage\":{\"@id\":\"https:\/\/tiandeproducts.co.uk\/lt\/fitoarbata-sezonine-terapija-su-liepu-ziedais-saldymedziu-ir-avietemis-30-pakeliu\/#primaryimage\"},\"image\":{\"@id\":\"https:\/\/tiandeproducts.co.uk\/lt\/fitoarbata-sezonine-terapija-su-liepu-ziedais-saldymedziu-ir-avietemis-30-pakeliu\/#primaryimage\"},\"thumbnailUrl\":\"https:\/\/tiandeproducts.co.uk\/wp-content\/uploads\/123926.png\",\"datePublished\":\"2019-07-17T11:51:10+00:00\",\"dateModified\":\"2022-03-16T15:55:19+00:00\",\"breadcrumb\":{\"@id\":\"https:\/\/tiandeproducts.co.uk\/lt\/fitoarbata-sezonine-terapija-su-liepu-ziedais-saldymedziu-ir-avietemis-30-pakeliu\/#breadcrumb\"},\"inLanguage\":\"lt-LT\",\"potentialAction\":[{\"@type\":\"ReadAction\",\"target\":[\"https:\/\/tiandeproducts.co.uk\/lt\/fitoarbata-sezonine-terapija-su-liepu-ziedais-saldymedziu-ir-avietemis-30-pakeliu\/\"]}]},{\"@type\":\"ImageObject\",\"inLanguage\":\"lt-LT\",\"@id\":\"https:\/\/tiandeproducts.co.uk\/lt\/fitoarbata-sezonine-terapija-su-liepu-ziedais-saldymedziu-ir-avietemis-30-pakeliu\/#primaryimage\",\"url\":\"https:\/\/tiandeproducts.co.uk\/wp-content\/uploads\/123926.png\",\"contentUrl\":\"https:\/\/tiandeproducts.co.uk\/wp-content\/uploads\/123926.png\",\"width\":569,\"height\":569},{\"@type\":\"BreadcrumbList\",\"@id\":\"https:\/\/tiandeproducts.co.uk\/lt\/fitoarbata-sezonine-terapija-su-liepu-ziedais-saldymedziu-ir-avietemis-30-pakeliu\/#breadcrumb\",\"itemListElement\":[{\"@type\":\"ListItem\",\"position\":1,\"name\":\"Home\",\"item\":\"https:\/\/tiandeproducts.co.uk\/lt\/\"},{\"@type\":\"ListItem\",\"position\":2,\"name\":\"Shop\",\"item\":\"https:\/\/tiandeproducts.co.uk\/lt\/shop-2\/\"},{\"@type\":\"ListItem\",\"position\":3,\"name\":\"Fitoarbata &#8220;Sezonin\u0117 terapija su liep\u0173 \u017eiedais, saldymed\u017eiu ir aviet\u0117mis&#8221; 30 pakeli\u0173\"}]},{\"@type\":\"WebSite\",\"@id\":\"https:\/\/tiandeproducts.co.uk\/#website\",\"url\":\"https:\/\/tiandeproducts.co.uk\/\",\"name\":\"TianDe Online Shop - Beauty & Health\",\"description\":\"Traditional Chinese Medicine\",\"potentialAction\":[{\"@type\":\"SearchAction\",\"target\":{\"@type\":\"EntryPoint\",\"urlTemplate\":\"https:\/\/tiandeproducts.co.uk\/?s={search_term_string}\"},\"query-input\":{\"@type\":\"PropertyValueSpecification\",\"valueRequired\":true,\"valueName\":\"search_term_string\"}}],\"inLanguage\":\"lt-LT\"}]}<\/script>\n<!-- \/ Yoast SEO plugin. -->","yoast_head_json":{"title":"Fitoarbata \"Sezonin\u0117 terapija su liep\u0173 \u017eiedais, saldymed\u017eiu ir aviet\u0117mis\" 30 pakeli\u0173 - TianDe Online Shop - Beauty &amp; Health","robots":{"index":"index","follow":"follow","max-snippet":"max-snippet:-1","max-image-preview":"max-image-preview:large","max-video-preview":"max-video-preview:-1"},"canonical":"https:\/\/tiandeproducts.co.uk\/lt\/fitoarbata-sezonine-terapija-su-liepu-ziedais-saldymedziu-ir-avietemis-30-pakeliu\/","og_locale":"lt_LT","og_type":"article","og_title":"Fitoarbata \"Sezonin\u0117 terapija su liep\u0173 \u017eiedais, saldymed\u017eiu ir aviet\u0117mis\" 30 pakeli\u0173 - TianDe Online Shop - Beauty &amp; Health","og_description":"\u00a0Earn 10 points worth \u00a30.50 when buying this product Fitoarbata pad\u0117s sutikti bet kur\u012f sezon\u0105, visi\u0161kai pasiruo\u0161us! Ji sustiprins imunin\u0119 sistem\u0105 ir leis Jums jaustis puikiai net ir dr\u0117gniausiu bei darganiausiu oru. G\u0117rimas yra 100% pagamintas i\u0161 nat\u016brali\u0173 \u017ealiav\u0173 &#8211; Altajaus vaisi\u0173 ir laukini\u0173 \u017eoleli\u0173. Jos auginamos ekologi\u0161kai \u0161varioje vietoje, tod\u0117l jos suteikia arbatai maksimali\u0105 [...]","og_url":"https:\/\/tiandeproducts.co.uk\/lt\/fitoarbata-sezonine-terapija-su-liepu-ziedais-saldymedziu-ir-avietemis-30-pakeliu\/","og_site_name":"TianDe Online Shop - Beauty &amp; Health","article_publisher":"https:\/\/www.facebook.com\/tiande.products.england\/","article_modified_time":"2022-03-16T15:55:19+00:00","og_image":[{"width":569,"height":569,"url":"https:\/\/tiandeproducts.co.uk\/wp-content\/uploads\/123926.png","type":"image\/png"}],"twitter_card":"summary_large_image","twitter_misc":{"Est. reading time":"1 minut\u0117"},"schema":{"@context":"https:\/\/schema.org","@graph":[{"@type":"WebPage","@id":"https:\/\/tiandeproducts.co.uk\/lt\/fitoarbata-sezonine-terapija-su-liepu-ziedais-saldymedziu-ir-avietemis-30-pakeliu\/","url":"https:\/\/tiandeproducts.co.uk\/lt\/fitoarbata-sezonine-terapija-su-liepu-ziedais-saldymedziu-ir-avietemis-30-pakeliu\/","name":"Fitoarbata \"Sezonin\u0117 terapija su liep\u0173 \u017eiedais, saldymed\u017eiu ir aviet\u0117mis\" 30 pakeli\u0173 - TianDe Online Shop - Beauty &amp; Health","isPartOf":{"@id":"https:\/\/tiandeproducts.co.uk\/#website"},"primaryImageOfPage":{"@id":"https:\/\/tiandeproducts.co.uk\/lt\/fitoarbata-sezonine-terapija-su-liepu-ziedais-saldymedziu-ir-avietemis-30-pakeliu\/#primaryimage"},"image":{"@id":"https:\/\/tiandeproducts.co.uk\/lt\/fitoarbata-sezonine-terapija-su-liepu-ziedais-saldymedziu-ir-avietemis-30-pakeliu\/#primaryimage"},"thumbnailUrl":"https:\/\/tiandeproducts.co.uk\/wp-content\/uploads\/123926.png","datePublished":"2019-07-17T11:51:10+00:00","dateModified":"2022-03-16T15:55:19+00:00","breadcrumb":{"@id":"https:\/\/tiandeproducts.co.uk\/lt\/fitoarbata-sezonine-terapija-su-liepu-ziedais-saldymedziu-ir-avietemis-30-pakeliu\/#breadcrumb"},"inLanguage":"lt-LT","potentialAction":[{"@type":"ReadAction","target":["https:\/\/tiandeproducts.co.uk\/lt\/fitoarbata-sezonine-terapija-su-liepu-ziedais-saldymedziu-ir-avietemis-30-pakeliu\/"]}]},{"@type":"ImageObject","inLanguage":"lt-LT","@id":"https:\/\/tiandeproducts.co.uk\/lt\/fitoarbata-sezonine-terapija-su-liepu-ziedais-saldymedziu-ir-avietemis-30-pakeliu\/#primaryimage","url":"https:\/\/tiandeproducts.co.uk\/wp-content\/uploads\/123926.png","contentUrl":"https:\/\/tiandeproducts.co.uk\/wp-content\/uploads\/123926.png","width":569,"height":569},{"@type":"BreadcrumbList","@id":"https:\/\/tiandeproducts.co.uk\/lt\/fitoarbata-sezonine-terapija-su-liepu-ziedais-saldymedziu-ir-avietemis-30-pakeliu\/#breadcrumb","itemListElement":[{"@type":"ListItem","position":1,"name":"Home","item":"https:\/\/tiandeproducts.co.uk\/lt\/"},{"@type":"ListItem","position":2,"name":"Shop","item":"https:\/\/tiandeproducts.co.uk\/lt\/shop-2\/"},{"@type":"ListItem","position":3,"name":"Fitoarbata &#8220;Sezonin\u0117 terapija su liep\u0173 \u017eiedais, saldymed\u017eiu ir aviet\u0117mis&#8221; 30 pakeli\u0173"}]},{"@type":"WebSite","@id":"https:\/\/tiandeproducts.co.uk\/#website","url":"https:\/\/tiandeproducts.co.uk\/","name":"TianDe Online Shop - Beauty & Health","description":"Traditional Chinese Medicine","potentialAction":[{"@type":"SearchAction","target":{"@type":"EntryPoint","urlTemplate":"https:\/\/tiandeproducts.co.uk\/?s={search_term_string}"},"query-input":{"@type":"PropertyValueSpecification","valueRequired":true,"valueName":"search_term_string"}}],"inLanguage":"lt-LT"}]}},"_links":{"self":[{"href":"https:\/\/tiandeproducts.co.uk\/lt\/wp-json\/wp\/v2\/product\/4027","targetHints":{"allow":["GET"]}}],"collection":[{"href":"https:\/\/tiandeproducts.co.uk\/lt\/wp-json\/wp\/v2\/product"}],"about":[{"href":"https:\/\/tiandeproducts.co.uk\/lt\/wp-json\/wp\/v2\/types\/product"}],"replies":[{"embeddable":true,"href":"https:\/\/tiandeproducts.co.uk\/lt\/wp-json\/wp\/v2\/comments?post=4027"}],"wp:featuredmedia":[{"embeddable":true,"href":"https:\/\/tiandeproducts.co.uk\/lt\/wp-json\/wp\/v2\/media\/3135"}],"wp:attachment":[{"href":"https:\/\/tiandeproducts.co.uk\/lt\/wp-json\/wp\/v2\/media?parent=4027"}],"wp:term":[{"taxonomy":"product_cat","embeddable":true,"href":"https:\/\/tiandeproducts.co.uk\/lt\/wp-json\/wp\/v2\/product_cat?post=4027"},{"taxonomy":"product_tag","embeddable":true,"href":"https:\/\/tiandeproducts.co.uk\/lt\/wp-json\/wp\/v2\/product_tag?post=4027"}],"curies":[{"name":"wp","href":"https:\/\/api.w.org\/{rel}","templated":true}]}}