{"id":4023,"date":"2019-07-17T13:05:47","date_gmt":"2019-07-17T12:05:47","guid":{"rendered":"https:\/\/tnd.ontesting.co.uk\/medvilnines-kojines-su-turmalinu-1-pora-22-cm\/"},"modified":"2021-02-12T11:11:19","modified_gmt":"2021-02-12T11:11:19","slug":"medvilnines-kojines-su-turmalinu-1-pora-22-cm","status":"publish","type":"product","link":"https:\/\/tiandeproducts.co.uk\/lt\/medvilnines-kojines-su-turmalinu-1-pora-22-cm\/","title":{"rendered":"Medvilnin\u0117s kojin\u0117s su turmalinu 1 pora (22 cm.)"},"content":{"rendered":"<p><img decoding=\"async\" style=\"max-width: 16px; margin-right: 5px;\" src=\"https:\/\/tiandeproducts.co.uk\/wp-content\/uploads\/points-green.svg\" \/>\u00a0Earn 15 points worth \u00a30.75 when buying this product<\/p>\n<p><span class=\"text_exposed_show\">Turmalinas padeda pa\u0161alinti koj\u0173 nuovarg\u012f, apsaugo nuo sustingimo, normalizuoja prakaitavim\u0105. Teikia statin\u012f p\u0117d\u0173 masa\u017e\u0105, palengvina b\u016bkl\u0119 po l\u016b\u017ei\u0173 ir su\u017eeidim\u0173. Turi atkuriam\u0105j\u012f poveik\u012f visam organizmui.<\/span><\/p>\n<p><span class=\"text_exposed_show\"><strong>Naudojimas:<\/strong> vakare rekomenduojama d\u0117v\u0117ti kojines. Prad\u0117kite nuo 10-15 minu\u010di\u0173 per dien\u0105, palaipsniui didinkite ne\u0161iojimo laik\u0105 iki 8-10 valand\u0173 (vis\u0105 nakt\u012f).<\/span><\/p>\n","protected":false},"excerpt":{"rendered":"<p>\u00a0Earn 15 points worth \u00a30.75 when buying this product Turmalinas padeda pa\u0161alinti koj\u0173 nuovarg\u012f, apsaugo nuo sustingimo, normalizuoja prakaitavim\u0105. Teikia statin\u012f p\u0117d\u0173 masa\u017e\u0105, palengvina b\u016bkl\u0119 po l\u016b\u017ei\u0173 ir su\u017eeidim\u0173. Turi atkuriam\u0105j\u012f poveik\u012f visam organizmui. Naudojimas: vakare rekomenduojama d\u0117v\u0117ti kojines. Prad\u0117kite nuo 10-15 minu\u010di\u0173 per dien\u0105, palaipsniui didinkite ne\u0161iojimo laik\u0105 iki 8-10 valand\u0173 (vis\u0105 nakt\u012f).<\/p>\n","protected":false},"featured_media":3144,"comment_status":"closed","ping_status":"closed","template":"","meta":[],"product_cat":[731,718],"product_tag":[],"class_list":{"0":"post-4023","1":"product","2":"type-product","3":"status-publish","4":"has-post-thumbnail","6":"product_cat-produktai-su-turmalinu","7":"product_cat-sveikata-lt","9":"first","10":"instock","11":"shipping-taxable","12":"purchasable","13":"product-type-simple"},"yoast_head":"<!-- This site is optimized with the Yoast SEO plugin v23.6 - https:\/\/yoast.com\/wordpress\/plugins\/seo\/ -->\n<title>Medvilnin\u0117s kojin\u0117s su turmalinu 1 pora (22 cm.) - TianDe Online Shop - Beauty &amp; Health<\/title>\n<meta name=\"robots\" content=\"index, follow, max-snippet:-1, max-image-preview:large, max-video-preview:-1\" \/>\n<link rel=\"canonical\" href=\"https:\/\/tiandeproducts.co.uk\/lt\/medvilnines-kojines-su-turmalinu-1-pora-22-cm\/\" \/>\n<meta property=\"og:locale\" content=\"lt_LT\" \/>\n<meta property=\"og:type\" content=\"article\" \/>\n<meta property=\"og:title\" content=\"Medvilnin\u0117s kojin\u0117s su turmalinu 1 pora (22 cm.) - TianDe Online Shop - Beauty &amp; Health\" \/>\n<meta property=\"og:description\" content=\"\u00a0Earn 15 points worth \u00a30.75 when buying this product Turmalinas padeda pa\u0161alinti koj\u0173 nuovarg\u012f, apsaugo nuo sustingimo, normalizuoja prakaitavim\u0105. Teikia statin\u012f p\u0117d\u0173 masa\u017e\u0105, palengvina b\u016bkl\u0119 po l\u016b\u017ei\u0173 ir su\u017eeidim\u0173. Turi atkuriam\u0105j\u012f poveik\u012f visam organizmui. Naudojimas: vakare rekomenduojama d\u0117v\u0117ti kojines. Prad\u0117kite nuo 10-15 minu\u010di\u0173 per dien\u0105, palaipsniui didinkite ne\u0161iojimo laik\u0105 iki 8-10 valand\u0173 (vis\u0105 nakt\u012f).\" \/>\n<meta property=\"og:url\" content=\"https:\/\/tiandeproducts.co.uk\/lt\/medvilnines-kojines-su-turmalinu-1-pora-22-cm\/\" \/>\n<meta property=\"og:site_name\" content=\"TianDe Online Shop - Beauty &amp; Health\" \/>\n<meta property=\"article:publisher\" content=\"https:\/\/www.facebook.com\/tiande.products.england\/\" \/>\n<meta property=\"article:modified_time\" content=\"2021-02-12T11:11:19+00:00\" \/>\n<meta property=\"og:image\" content=\"https:\/\/tiandeproducts.co.uk\/wp-content\/uploads\/30130_01.png\" \/>\n\t<meta property=\"og:image:width\" content=\"700\" \/>\n\t<meta property=\"og:image:height\" content=\"700\" \/>\n\t<meta property=\"og:image:type\" content=\"image\/png\" \/>\n<meta name=\"twitter:card\" content=\"summary_large_image\" \/>\n<script type=\"application\/ld+json\" class=\"yoast-schema-graph\">{\"@context\":\"https:\/\/schema.org\",\"@graph\":[{\"@type\":\"WebPage\",\"@id\":\"https:\/\/tiandeproducts.co.uk\/lt\/medvilnines-kojines-su-turmalinu-1-pora-22-cm\/\",\"url\":\"https:\/\/tiandeproducts.co.uk\/lt\/medvilnines-kojines-su-turmalinu-1-pora-22-cm\/\",\"name\":\"Medvilnin\u0117s kojin\u0117s su turmalinu 1 pora (22 cm.) - TianDe Online Shop - Beauty &amp; Health\",\"isPartOf\":{\"@id\":\"https:\/\/tiandeproducts.co.uk\/#website\"},\"primaryImageOfPage\":{\"@id\":\"https:\/\/tiandeproducts.co.uk\/lt\/medvilnines-kojines-su-turmalinu-1-pora-22-cm\/#primaryimage\"},\"image\":{\"@id\":\"https:\/\/tiandeproducts.co.uk\/lt\/medvilnines-kojines-su-turmalinu-1-pora-22-cm\/#primaryimage\"},\"thumbnailUrl\":\"https:\/\/tiandeproducts.co.uk\/wp-content\/uploads\/30130_01.png\",\"datePublished\":\"2019-07-17T12:05:47+00:00\",\"dateModified\":\"2021-02-12T11:11:19+00:00\",\"breadcrumb\":{\"@id\":\"https:\/\/tiandeproducts.co.uk\/lt\/medvilnines-kojines-su-turmalinu-1-pora-22-cm\/#breadcrumb\"},\"inLanguage\":\"lt-LT\",\"potentialAction\":[{\"@type\":\"ReadAction\",\"target\":[\"https:\/\/tiandeproducts.co.uk\/lt\/medvilnines-kojines-su-turmalinu-1-pora-22-cm\/\"]}]},{\"@type\":\"ImageObject\",\"inLanguage\":\"lt-LT\",\"@id\":\"https:\/\/tiandeproducts.co.uk\/lt\/medvilnines-kojines-su-turmalinu-1-pora-22-cm\/#primaryimage\",\"url\":\"https:\/\/tiandeproducts.co.uk\/wp-content\/uploads\/30130_01.png\",\"contentUrl\":\"https:\/\/tiandeproducts.co.uk\/wp-content\/uploads\/30130_01.png\",\"width\":700,\"height\":700},{\"@type\":\"BreadcrumbList\",\"@id\":\"https:\/\/tiandeproducts.co.uk\/lt\/medvilnines-kojines-su-turmalinu-1-pora-22-cm\/#breadcrumb\",\"itemListElement\":[{\"@type\":\"ListItem\",\"position\":1,\"name\":\"Home\",\"item\":\"https:\/\/tiandeproducts.co.uk\/lt\/\"},{\"@type\":\"ListItem\",\"position\":2,\"name\":\"Shop\",\"item\":\"https:\/\/tiandeproducts.co.uk\/lt\/shop-2\/\"},{\"@type\":\"ListItem\",\"position\":3,\"name\":\"Medvilnin\u0117s kojin\u0117s su turmalinu 1 pora (22 cm.)\"}]},{\"@type\":\"WebSite\",\"@id\":\"https:\/\/tiandeproducts.co.uk\/#website\",\"url\":\"https:\/\/tiandeproducts.co.uk\/\",\"name\":\"TianDe Online Shop - Beauty & Health\",\"description\":\"Traditional Chinese Medicine\",\"potentialAction\":[{\"@type\":\"SearchAction\",\"target\":{\"@type\":\"EntryPoint\",\"urlTemplate\":\"https:\/\/tiandeproducts.co.uk\/?s={search_term_string}\"},\"query-input\":{\"@type\":\"PropertyValueSpecification\",\"valueRequired\":true,\"valueName\":\"search_term_string\"}}],\"inLanguage\":\"lt-LT\"}]}<\/script>\n<!-- \/ Yoast SEO plugin. -->","yoast_head_json":{"title":"Medvilnin\u0117s kojin\u0117s su turmalinu 1 pora (22 cm.) - TianDe Online Shop - Beauty &amp; Health","robots":{"index":"index","follow":"follow","max-snippet":"max-snippet:-1","max-image-preview":"max-image-preview:large","max-video-preview":"max-video-preview:-1"},"canonical":"https:\/\/tiandeproducts.co.uk\/lt\/medvilnines-kojines-su-turmalinu-1-pora-22-cm\/","og_locale":"lt_LT","og_type":"article","og_title":"Medvilnin\u0117s kojin\u0117s su turmalinu 1 pora (22 cm.) - TianDe Online Shop - Beauty &amp; Health","og_description":"\u00a0Earn 15 points worth \u00a30.75 when buying this product Turmalinas padeda pa\u0161alinti koj\u0173 nuovarg\u012f, apsaugo nuo sustingimo, normalizuoja prakaitavim\u0105. Teikia statin\u012f p\u0117d\u0173 masa\u017e\u0105, palengvina b\u016bkl\u0119 po l\u016b\u017ei\u0173 ir su\u017eeidim\u0173. Turi atkuriam\u0105j\u012f poveik\u012f visam organizmui. Naudojimas: vakare rekomenduojama d\u0117v\u0117ti kojines. Prad\u0117kite nuo 10-15 minu\u010di\u0173 per dien\u0105, palaipsniui didinkite ne\u0161iojimo laik\u0105 iki 8-10 valand\u0173 (vis\u0105 nakt\u012f).","og_url":"https:\/\/tiandeproducts.co.uk\/lt\/medvilnines-kojines-su-turmalinu-1-pora-22-cm\/","og_site_name":"TianDe Online Shop - Beauty &amp; Health","article_publisher":"https:\/\/www.facebook.com\/tiande.products.england\/","article_modified_time":"2021-02-12T11:11:19+00:00","og_image":[{"width":700,"height":700,"url":"https:\/\/tiandeproducts.co.uk\/wp-content\/uploads\/30130_01.png","type":"image\/png"}],"twitter_card":"summary_large_image","schema":{"@context":"https:\/\/schema.org","@graph":[{"@type":"WebPage","@id":"https:\/\/tiandeproducts.co.uk\/lt\/medvilnines-kojines-su-turmalinu-1-pora-22-cm\/","url":"https:\/\/tiandeproducts.co.uk\/lt\/medvilnines-kojines-su-turmalinu-1-pora-22-cm\/","name":"Medvilnin\u0117s kojin\u0117s su turmalinu 1 pora (22 cm.) - TianDe Online Shop - Beauty &amp; Health","isPartOf":{"@id":"https:\/\/tiandeproducts.co.uk\/#website"},"primaryImageOfPage":{"@id":"https:\/\/tiandeproducts.co.uk\/lt\/medvilnines-kojines-su-turmalinu-1-pora-22-cm\/#primaryimage"},"image":{"@id":"https:\/\/tiandeproducts.co.uk\/lt\/medvilnines-kojines-su-turmalinu-1-pora-22-cm\/#primaryimage"},"thumbnailUrl":"https:\/\/tiandeproducts.co.uk\/wp-content\/uploads\/30130_01.png","datePublished":"2019-07-17T12:05:47+00:00","dateModified":"2021-02-12T11:11:19+00:00","breadcrumb":{"@id":"https:\/\/tiandeproducts.co.uk\/lt\/medvilnines-kojines-su-turmalinu-1-pora-22-cm\/#breadcrumb"},"inLanguage":"lt-LT","potentialAction":[{"@type":"ReadAction","target":["https:\/\/tiandeproducts.co.uk\/lt\/medvilnines-kojines-su-turmalinu-1-pora-22-cm\/"]}]},{"@type":"ImageObject","inLanguage":"lt-LT","@id":"https:\/\/tiandeproducts.co.uk\/lt\/medvilnines-kojines-su-turmalinu-1-pora-22-cm\/#primaryimage","url":"https:\/\/tiandeproducts.co.uk\/wp-content\/uploads\/30130_01.png","contentUrl":"https:\/\/tiandeproducts.co.uk\/wp-content\/uploads\/30130_01.png","width":700,"height":700},{"@type":"BreadcrumbList","@id":"https:\/\/tiandeproducts.co.uk\/lt\/medvilnines-kojines-su-turmalinu-1-pora-22-cm\/#breadcrumb","itemListElement":[{"@type":"ListItem","position":1,"name":"Home","item":"https:\/\/tiandeproducts.co.uk\/lt\/"},{"@type":"ListItem","position":2,"name":"Shop","item":"https:\/\/tiandeproducts.co.uk\/lt\/shop-2\/"},{"@type":"ListItem","position":3,"name":"Medvilnin\u0117s kojin\u0117s su turmalinu 1 pora (22 cm.)"}]},{"@type":"WebSite","@id":"https:\/\/tiandeproducts.co.uk\/#website","url":"https:\/\/tiandeproducts.co.uk\/","name":"TianDe Online Shop - Beauty & Health","description":"Traditional Chinese Medicine","potentialAction":[{"@type":"SearchAction","target":{"@type":"EntryPoint","urlTemplate":"https:\/\/tiandeproducts.co.uk\/?s={search_term_string}"},"query-input":{"@type":"PropertyValueSpecification","valueRequired":true,"valueName":"search_term_string"}}],"inLanguage":"lt-LT"}]}},"_links":{"self":[{"href":"https:\/\/tiandeproducts.co.uk\/lt\/wp-json\/wp\/v2\/product\/4023","targetHints":{"allow":["GET"]}}],"collection":[{"href":"https:\/\/tiandeproducts.co.uk\/lt\/wp-json\/wp\/v2\/product"}],"about":[{"href":"https:\/\/tiandeproducts.co.uk\/lt\/wp-json\/wp\/v2\/types\/product"}],"replies":[{"embeddable":true,"href":"https:\/\/tiandeproducts.co.uk\/lt\/wp-json\/wp\/v2\/comments?post=4023"}],"wp:featuredmedia":[{"embeddable":true,"href":"https:\/\/tiandeproducts.co.uk\/lt\/wp-json\/wp\/v2\/media\/3144"}],"wp:attachment":[{"href":"https:\/\/tiandeproducts.co.uk\/lt\/wp-json\/wp\/v2\/media?parent=4023"}],"wp:term":[{"taxonomy":"product_cat","embeddable":true,"href":"https:\/\/tiandeproducts.co.uk\/lt\/wp-json\/wp\/v2\/product_cat?post=4023"},{"taxonomy":"product_tag","embeddable":true,"href":"https:\/\/tiandeproducts.co.uk\/lt\/wp-json\/wp\/v2\/product_tag?post=4023"}],"curies":[{"name":"wp","href":"https:\/\/api.w.org\/{rel}","templated":true}]}}