{"id":4021,"date":"2019-07-17T13:17:50","date_gmt":"2019-07-17T12:17:50","guid":{"rendered":"https:\/\/tnd.ontesting.co.uk\/grozio-kauke-veidui-amino-kokteilis-1vnt\/"},"modified":"2021-09-29T23:17:21","modified_gmt":"2021-09-29T22:17:21","slug":"grozio-kauke-veidui-amino-kokteilis-1vnt","status":"publish","type":"product","link":"https:\/\/tiandeproducts.co.uk\/lt\/grozio-kauke-veidui-amino-kokteilis-1vnt\/","title":{"rendered":"Gro\u017eio kauk\u0117 veidui \u201eAmino kokteilis\u201c, 1vnt."},"content":{"rendered":"<p><img decoding=\"async\" style=\"max-width: 16px; margin-right: 5px;\" src=\"https:\/\/tiandeproducts.co.uk\/wp-content\/uploads\/points-green.svg\" \/>\u00a0Earn 3 points worth \u00a30.15 when buying this product<\/p>\n<p>Kauk\u0117 sukurta tikram gro\u017eio puosel\u0117jimui: amino kokteilis atstato ir palaiko hidrolipidin\u012f odos balans\u0105, suteikia pavargusiai odai tikr\u0105 energijos antpl\u016bd\u012f, sustiprina\u00a0galimybes kuo ilgiau apsisaugoti nuo rauk\u0161li\u0173 atsiradimo. Veikliosios \u201eAmino kokteilio\u201c med\u017eiagos giliai dr\u0117kina veido od\u0105, panaikina nuovargio po\u017eymius, suteikia \u017evalumo poj\u016bt\u012f, stabdo sen\u0117jimo procesus. Kauk\u0117 veikia ypa\u010d greitai, pad\u0117s atgaivinti od\u0105 ir pasiruo\u0161ti bet kokiai svarbiai progai.<\/p>\n<p>Kauk\u0117s sud\u0117tyje\u00a0esanti aminor\u016bg\u0161tis cisteinas l\u0117tina sen\u0117jimo procesus, greitina \u017eaizdeli\u0173 gijim\u0105, padeda kolageno ir keratino sintezei, apsaugo nuo radiacijos, suteikia odai sveik\u0105 \u0161vyt\u0117jim\u0105 ir i\u0161puosel\u0117t\u0105 i\u0161vaizd\u0105.<\/p>\n<p><b>Naudojimas:<\/b><br \/>\nU\u017ed\u0117kite kauk\u0119 (audinio puse) ant \u0161varios veido odos, prad\u0117kite nuo vir\u0161aus ir t\u0119skite link\u00a0apa\u010dios, tuo pat metu po truput\u012f atskirdami papildom\u0105 pl\u0117vel\u0119. Po 15-20 min. nuimkite kauk\u0119, nuplaukite veid\u0105 vandeniu ar lengvai pamasa\u017euokite od\u0105 kauk\u0117s liku\u010diais kol visi\u0161kai susigers.<\/p>\n<p><strong>Veikliosios med\u017eiagos:<\/strong><\/p>\n<p><strong>Beta-gliukanas<\/strong>\u00a0stimuliuoja imunin\u0117s sistemos l\u0105steles, padidina j\u0173 aktyvum\u0105, u\u017ekerta keli\u0105 odos u\u017edegimams arba su\u0161velnina juos, aktyvuoja med\u017eiagas, spartinan\u010dias l\u0105steli\u0173 regeneracij\u0105 bei organizmo apsaug\u0105.<\/p>\n<p><strong>Vitaminas B3<\/strong>\u00a0pagerina apykaitinius procesus odos l\u0105stel\u0117se, tuo suma\u017eindamas rauk\u0161leli\u0173 kiek\u012f arba suteikdamas reali\u0105 apsaug\u0105 nuo j\u0173 susidarymo.<\/p>\n<p><strong>Pantenolis<\/strong>\u00a0(B grup\u0117s vitaminas) padeda gydyti mikro \u012ftr\u016bkimus, dr\u0117kina, pasi\u017eymi stipriu regeneruojamuoju poveikiu, ramina od\u0105, suteikia jai mink\u0161tumo ir elastingumo.<\/p>\n<p><strong>Alavijo ekstraktas<\/strong>\u00a0\u2013 vienas efektyviausi\u0173 gamtoje randam\u0173 nat\u016brali\u0173 odos dr\u0117kikli\u0173, puikus antiseptikas ir prie\u0161u\u017edegiminis preparatas. \u0160is ekstraktas puikus UV spinduli\u0173 filtras, ramina saul\u0117s sudirgint\u0105 od\u0105, pasi\u017eymi antibakteriniu veikimu. Pagreitina \u017eaizd\u0173 gijimo proces\u0105, nuima nie\u017eul\u012f ir odos sudirgim\u0105, veikia antibakteri\u0161kai ir antialergi\u0161kai, dr\u0117kina, kovoja su mikrobais.<\/p>\n<p><strong>S\u0117jam\u0173j\u0173 avi\u017e\u0173 branduoli\u0173 ekstraktas<\/strong>\u00a0&#8211; antioksidantas, kuris maitina ir apsaugo od\u0105 nuo dr\u0117gm\u0117s praradimo. Oda sumink\u0161t\u0117ja, \u012fgauna aksomo \u0161velnum\u0105, ilgai i\u0161lieka apsaugota.<\/p>\n<p><strong>Chrizantemos ekstraktas<\/strong>\u00a0mink\u0161tina ir ramina sudirgusi\u0105 od\u0105, ma\u017eina raudon\u012f.<\/p>\n<p><strong>Natrio hialuronatas<\/strong>\u00a0&#8211; biotechnologi\u0161kai i\u0161valytas preparatas, gaunamas labai sud\u0117tingos hialurono r\u016bg\u0161ties ir natrio jon\u0173 sintez\u0117s d\u0117ka. Jis suteikia stipr\u0173 dr\u0117kinant\u012f efekt\u0105, stimuliuoja regeneracijos procesus, pasi\u017eymi prie\u0161u\u017edegiminiu poveikiu, dr\u0117kina ir lygina epiderm\u012f.<\/p>\n<p><strong>Ksantano derva<\/strong>\u00a0\u2013 nat\u016bralus polisacharidas \u2013 sukuria apsaugin\u0119 pl\u0117vel\u0119 odos pavir\u0161iuje ir padeda i\u0161saugoti dr\u0117gm\u0117s balans\u0105, sutraukia poras, tonizuoja. Veikia kaip nat\u016bralus tir\u0161tiklis, gerina kosmetin\u0117s priemon\u0117s tekst\u016br\u0105.<\/p>\n<p><strong>Paprastojo saldymed\u017eio \u0161aknies ekstrakte<\/strong>\u00a0yra saponin\u0173, gliukoz\u0117s, krakmolo, askorbo r\u016bg\u0161ties ir kit\u0173 nauding\u0173 med\u017eiag\u0173. Veikliosios med\u017eiagos pasi\u017eymi u\u017edegim\u0105 ma\u017einan\u010diu poveikiu, lygina rauk\u0161les, stabdo odos sen\u0117jimo procesus, balina pigmentines d\u0117mes, mink\u0161tina od\u0105.<\/p>\n","protected":false},"excerpt":{"rendered":"<p>\u00a0Earn 3 points worth \u00a30.15 when buying this product Kauk\u0117 sukurta tikram gro\u017eio puosel\u0117jimui: amino kokteilis atstato ir palaiko hidrolipidin\u012f odos balans\u0105, suteikia pavargusiai odai tikr\u0105 energijos antpl\u016bd\u012f, sustiprina\u00a0galimybes kuo ilgiau apsisaugoti nuo rauk\u0161li\u0173 atsiradimo. Veikliosios \u201eAmino kokteilio\u201c med\u017eiagos giliai dr\u0117kina veido od\u0105, panaikina nuovargio po\u017eymius, suteikia \u017evalumo poj\u016bt\u012f, stabdo sen\u0117jimo procesus. Kauk\u0117 veikia ypa\u010d [&#8230;]\n","protected":false},"featured_media":3155,"comment_status":"closed","ping_status":"closed","template":"","meta":[],"product_cat":[576,562,597,506],"product_tag":[],"class_list":{"0":"post-4021","1":"product","2":"type-product","3":"status-publish","4":"has-post-thumbnail","6":"product_cat-drekinimas","7":"product_cat-kaukes-lt","8":"product_cat-skin-triumph-lt","9":"product_cat-veidui","11":"first","12":"instock","13":"shipping-taxable","14":"purchasable","15":"product-type-simple"},"yoast_head":"<!-- This site is optimized with the Yoast SEO plugin v23.6 - https:\/\/yoast.com\/wordpress\/plugins\/seo\/ -->\n<title>Gro\u017eio kauk\u0117 veidui \u201eAmino kokteilis\u201c, 1vnt. - TianDe Online Shop - Beauty &amp; Health<\/title>\n<meta name=\"robots\" content=\"index, follow, max-snippet:-1, max-image-preview:large, max-video-preview:-1\" \/>\n<link rel=\"canonical\" href=\"https:\/\/tiandeproducts.co.uk\/lt\/grozio-kauke-veidui-amino-kokteilis-1vnt\/\" \/>\n<meta property=\"og:locale\" content=\"lt_LT\" \/>\n<meta property=\"og:type\" content=\"article\" \/>\n<meta property=\"og:title\" content=\"Gro\u017eio kauk\u0117 veidui \u201eAmino kokteilis\u201c, 1vnt. - TianDe Online Shop - Beauty &amp; Health\" \/>\n<meta property=\"og:description\" content=\"\u00a0Earn 3 points worth \u00a30.15 when buying this product Kauk\u0117 sukurta tikram gro\u017eio puosel\u0117jimui: amino kokteilis atstato ir palaiko hidrolipidin\u012f odos balans\u0105, suteikia pavargusiai odai tikr\u0105 energijos antpl\u016bd\u012f, sustiprina\u00a0galimybes kuo ilgiau apsisaugoti nuo rauk\u0161li\u0173 atsiradimo. Veikliosios \u201eAmino kokteilio\u201c med\u017eiagos giliai dr\u0117kina veido od\u0105, panaikina nuovargio po\u017eymius, suteikia \u017evalumo poj\u016bt\u012f, stabdo sen\u0117jimo procesus. Kauk\u0117 veikia ypa\u010d [...]\" \/>\n<meta property=\"og:url\" content=\"https:\/\/tiandeproducts.co.uk\/lt\/grozio-kauke-veidui-amino-kokteilis-1vnt\/\" \/>\n<meta property=\"og:site_name\" content=\"TianDe Online Shop - Beauty &amp; Health\" \/>\n<meta property=\"article:publisher\" content=\"https:\/\/www.facebook.com\/tiande.products.england\/\" \/>\n<meta property=\"article:modified_time\" content=\"2021-09-29T22:17:21+00:00\" \/>\n<meta property=\"og:image\" content=\"https:\/\/tiandeproducts.co.uk\/wp-content\/uploads\/54106.png\" \/>\n\t<meta property=\"og:image:width\" content=\"510\" \/>\n\t<meta property=\"og:image:height\" content=\"510\" \/>\n\t<meta property=\"og:image:type\" content=\"image\/png\" \/>\n<meta name=\"twitter:card\" content=\"summary_large_image\" \/>\n<meta name=\"twitter:label1\" content=\"Est. reading time\" \/>\n\t<meta name=\"twitter:data1\" content=\"2 minut\u0117s\" \/>\n<script type=\"application\/ld+json\" class=\"yoast-schema-graph\">{\"@context\":\"https:\/\/schema.org\",\"@graph\":[{\"@type\":\"WebPage\",\"@id\":\"https:\/\/tiandeproducts.co.uk\/lt\/grozio-kauke-veidui-amino-kokteilis-1vnt\/\",\"url\":\"https:\/\/tiandeproducts.co.uk\/lt\/grozio-kauke-veidui-amino-kokteilis-1vnt\/\",\"name\":\"Gro\u017eio kauk\u0117 veidui \u201eAmino kokteilis\u201c, 1vnt. - TianDe Online Shop - Beauty &amp; Health\",\"isPartOf\":{\"@id\":\"https:\/\/tiandeproducts.co.uk\/#website\"},\"primaryImageOfPage\":{\"@id\":\"https:\/\/tiandeproducts.co.uk\/lt\/grozio-kauke-veidui-amino-kokteilis-1vnt\/#primaryimage\"},\"image\":{\"@id\":\"https:\/\/tiandeproducts.co.uk\/lt\/grozio-kauke-veidui-amino-kokteilis-1vnt\/#primaryimage\"},\"thumbnailUrl\":\"https:\/\/tiandeproducts.co.uk\/wp-content\/uploads\/54106.png\",\"datePublished\":\"2019-07-17T12:17:50+00:00\",\"dateModified\":\"2021-09-29T22:17:21+00:00\",\"breadcrumb\":{\"@id\":\"https:\/\/tiandeproducts.co.uk\/lt\/grozio-kauke-veidui-amino-kokteilis-1vnt\/#breadcrumb\"},\"inLanguage\":\"lt-LT\",\"potentialAction\":[{\"@type\":\"ReadAction\",\"target\":[\"https:\/\/tiandeproducts.co.uk\/lt\/grozio-kauke-veidui-amino-kokteilis-1vnt\/\"]}]},{\"@type\":\"ImageObject\",\"inLanguage\":\"lt-LT\",\"@id\":\"https:\/\/tiandeproducts.co.uk\/lt\/grozio-kauke-veidui-amino-kokteilis-1vnt\/#primaryimage\",\"url\":\"https:\/\/tiandeproducts.co.uk\/wp-content\/uploads\/54106.png\",\"contentUrl\":\"https:\/\/tiandeproducts.co.uk\/wp-content\/uploads\/54106.png\",\"width\":510,\"height\":510},{\"@type\":\"BreadcrumbList\",\"@id\":\"https:\/\/tiandeproducts.co.uk\/lt\/grozio-kauke-veidui-amino-kokteilis-1vnt\/#breadcrumb\",\"itemListElement\":[{\"@type\":\"ListItem\",\"position\":1,\"name\":\"Home\",\"item\":\"https:\/\/tiandeproducts.co.uk\/lt\/\"},{\"@type\":\"ListItem\",\"position\":2,\"name\":\"Shop\",\"item\":\"https:\/\/tiandeproducts.co.uk\/lt\/shop-2\/\"},{\"@type\":\"ListItem\",\"position\":3,\"name\":\"Gro\u017eio kauk\u0117 veidui \u201eAmino kokteilis\u201c, 1vnt.\"}]},{\"@type\":\"WebSite\",\"@id\":\"https:\/\/tiandeproducts.co.uk\/#website\",\"url\":\"https:\/\/tiandeproducts.co.uk\/\",\"name\":\"TianDe Online Shop - Beauty & Health\",\"description\":\"Traditional Chinese Medicine\",\"potentialAction\":[{\"@type\":\"SearchAction\",\"target\":{\"@type\":\"EntryPoint\",\"urlTemplate\":\"https:\/\/tiandeproducts.co.uk\/?s={search_term_string}\"},\"query-input\":{\"@type\":\"PropertyValueSpecification\",\"valueRequired\":true,\"valueName\":\"search_term_string\"}}],\"inLanguage\":\"lt-LT\"}]}<\/script>\n<!-- \/ Yoast SEO plugin. -->","yoast_head_json":{"title":"Gro\u017eio kauk\u0117 veidui \u201eAmino kokteilis\u201c, 1vnt. - TianDe Online Shop - Beauty &amp; Health","robots":{"index":"index","follow":"follow","max-snippet":"max-snippet:-1","max-image-preview":"max-image-preview:large","max-video-preview":"max-video-preview:-1"},"canonical":"https:\/\/tiandeproducts.co.uk\/lt\/grozio-kauke-veidui-amino-kokteilis-1vnt\/","og_locale":"lt_LT","og_type":"article","og_title":"Gro\u017eio kauk\u0117 veidui \u201eAmino kokteilis\u201c, 1vnt. - TianDe Online Shop - Beauty &amp; Health","og_description":"\u00a0Earn 3 points worth \u00a30.15 when buying this product Kauk\u0117 sukurta tikram gro\u017eio puosel\u0117jimui: amino kokteilis atstato ir palaiko hidrolipidin\u012f odos balans\u0105, suteikia pavargusiai odai tikr\u0105 energijos antpl\u016bd\u012f, sustiprina\u00a0galimybes kuo ilgiau apsisaugoti nuo rauk\u0161li\u0173 atsiradimo. Veikliosios \u201eAmino kokteilio\u201c med\u017eiagos giliai dr\u0117kina veido od\u0105, panaikina nuovargio po\u017eymius, suteikia \u017evalumo poj\u016bt\u012f, stabdo sen\u0117jimo procesus. Kauk\u0117 veikia ypa\u010d [...]","og_url":"https:\/\/tiandeproducts.co.uk\/lt\/grozio-kauke-veidui-amino-kokteilis-1vnt\/","og_site_name":"TianDe Online Shop - Beauty &amp; Health","article_publisher":"https:\/\/www.facebook.com\/tiande.products.england\/","article_modified_time":"2021-09-29T22:17:21+00:00","og_image":[{"width":510,"height":510,"url":"https:\/\/tiandeproducts.co.uk\/wp-content\/uploads\/54106.png","type":"image\/png"}],"twitter_card":"summary_large_image","twitter_misc":{"Est. reading time":"2 minut\u0117s"},"schema":{"@context":"https:\/\/schema.org","@graph":[{"@type":"WebPage","@id":"https:\/\/tiandeproducts.co.uk\/lt\/grozio-kauke-veidui-amino-kokteilis-1vnt\/","url":"https:\/\/tiandeproducts.co.uk\/lt\/grozio-kauke-veidui-amino-kokteilis-1vnt\/","name":"Gro\u017eio kauk\u0117 veidui \u201eAmino kokteilis\u201c, 1vnt. - TianDe Online Shop - Beauty &amp; Health","isPartOf":{"@id":"https:\/\/tiandeproducts.co.uk\/#website"},"primaryImageOfPage":{"@id":"https:\/\/tiandeproducts.co.uk\/lt\/grozio-kauke-veidui-amino-kokteilis-1vnt\/#primaryimage"},"image":{"@id":"https:\/\/tiandeproducts.co.uk\/lt\/grozio-kauke-veidui-amino-kokteilis-1vnt\/#primaryimage"},"thumbnailUrl":"https:\/\/tiandeproducts.co.uk\/wp-content\/uploads\/54106.png","datePublished":"2019-07-17T12:17:50+00:00","dateModified":"2021-09-29T22:17:21+00:00","breadcrumb":{"@id":"https:\/\/tiandeproducts.co.uk\/lt\/grozio-kauke-veidui-amino-kokteilis-1vnt\/#breadcrumb"},"inLanguage":"lt-LT","potentialAction":[{"@type":"ReadAction","target":["https:\/\/tiandeproducts.co.uk\/lt\/grozio-kauke-veidui-amino-kokteilis-1vnt\/"]}]},{"@type":"ImageObject","inLanguage":"lt-LT","@id":"https:\/\/tiandeproducts.co.uk\/lt\/grozio-kauke-veidui-amino-kokteilis-1vnt\/#primaryimage","url":"https:\/\/tiandeproducts.co.uk\/wp-content\/uploads\/54106.png","contentUrl":"https:\/\/tiandeproducts.co.uk\/wp-content\/uploads\/54106.png","width":510,"height":510},{"@type":"BreadcrumbList","@id":"https:\/\/tiandeproducts.co.uk\/lt\/grozio-kauke-veidui-amino-kokteilis-1vnt\/#breadcrumb","itemListElement":[{"@type":"ListItem","position":1,"name":"Home","item":"https:\/\/tiandeproducts.co.uk\/lt\/"},{"@type":"ListItem","position":2,"name":"Shop","item":"https:\/\/tiandeproducts.co.uk\/lt\/shop-2\/"},{"@type":"ListItem","position":3,"name":"Gro\u017eio kauk\u0117 veidui \u201eAmino kokteilis\u201c, 1vnt."}]},{"@type":"WebSite","@id":"https:\/\/tiandeproducts.co.uk\/#website","url":"https:\/\/tiandeproducts.co.uk\/","name":"TianDe Online Shop - Beauty & Health","description":"Traditional Chinese Medicine","potentialAction":[{"@type":"SearchAction","target":{"@type":"EntryPoint","urlTemplate":"https:\/\/tiandeproducts.co.uk\/?s={search_term_string}"},"query-input":{"@type":"PropertyValueSpecification","valueRequired":true,"valueName":"search_term_string"}}],"inLanguage":"lt-LT"}]}},"_links":{"self":[{"href":"https:\/\/tiandeproducts.co.uk\/lt\/wp-json\/wp\/v2\/product\/4021","targetHints":{"allow":["GET"]}}],"collection":[{"href":"https:\/\/tiandeproducts.co.uk\/lt\/wp-json\/wp\/v2\/product"}],"about":[{"href":"https:\/\/tiandeproducts.co.uk\/lt\/wp-json\/wp\/v2\/types\/product"}],"replies":[{"embeddable":true,"href":"https:\/\/tiandeproducts.co.uk\/lt\/wp-json\/wp\/v2\/comments?post=4021"}],"wp:featuredmedia":[{"embeddable":true,"href":"https:\/\/tiandeproducts.co.uk\/lt\/wp-json\/wp\/v2\/media\/3155"}],"wp:attachment":[{"href":"https:\/\/tiandeproducts.co.uk\/lt\/wp-json\/wp\/v2\/media?parent=4021"}],"wp:term":[{"taxonomy":"product_cat","embeddable":true,"href":"https:\/\/tiandeproducts.co.uk\/lt\/wp-json\/wp\/v2\/product_cat?post=4021"},{"taxonomy":"product_tag","embeddable":true,"href":"https:\/\/tiandeproducts.co.uk\/lt\/wp-json\/wp\/v2\/product_tag?post=4021"}],"curies":[{"name":"wp","href":"https:\/\/api.w.org\/{rel}","templated":true}]}}