{"id":4020,"date":"2019-07-17T13:21:43","date_gmt":"2019-07-17T12:21:43","guid":{"rendered":"https:\/\/tnd.ontesting.co.uk\/grozio-kauke-veidui-levanda-1vnt\/"},"modified":"2021-02-12T11:08:34","modified_gmt":"2021-02-12T11:08:34","slug":"grozio-kauke-veidui-levanda-1vnt","status":"publish","type":"product","link":"https:\/\/tiandeproducts.co.uk\/lt\/grozio-kauke-veidui-levanda-1vnt\/","title":{"rendered":"Gro\u017eio kauk\u0117 veidui \u201eLevanda\u201c, 1vnt."},"content":{"rendered":"<p><img decoding=\"async\" style=\"max-width: 16px; margin-right: 5px;\" src=\"https:\/\/tiandeproducts.co.uk\/wp-content\/uploads\/points-green.svg\" \/>\u00a0Earn 3 points worth \u00a30.15 when buying this product<\/p>\n<p>Kauk\u0117 subalansuota jautriai ir reikliai veido odai. Priemon\u0117 greitai ir efektyviai pa\u0161alina u\u017edegimus, \u012fvairius paraudimus ir sudirgimus, pagreitina odos regeneracijos procesus, \u0161velni konsistencija ramina ir atgaivina, pagyvina spalv\u0105.<\/p>\n<p>Tikr\u0173j\u0173 levand\u0173 \u017eied\u0173 aliejus i\u0161skirtinai \u0161velniai veikia odos pavir\u0161i\u0173, dr\u0117kina, mink\u0161tina, saugo od\u0105 nuo kenksmingo aplinkos poveikio, tuo pa\u010diu daro efektyv\u0173 poveik\u012f regeneraciniams procesams, kovoja su prie\u0161laikiniu odos sen\u0117jimu.<\/p>\n<p><b>Naudojimas:<\/b><br \/>\nU\u017ed\u0117kite kauk\u0119 (audinio puse) ant \u0161varios veido odos, prad\u0117kite nuo vir\u0161aus ir t\u0119skite link apa\u010dios, tuo pat metu po truput\u012f atskirdami papildom\u0105 pl\u0117vel\u0119. Po 15-20 min. nuimkite kauk\u0119, nuplaukite veid\u0105 vandeniu ar lengvai pamasa\u017euokite od\u0105 kauk\u0117s liku\u010diais kol visi\u0161kai susigers.<\/p>\n<p><strong>Veikliosios med\u017eiagos:<\/strong><\/p>\n<p><strong>Tikr\u0173j\u0173 levand\u0173 aliejus<\/strong>\u00a0maitina ir puikiai tonizuoja od\u0105, padeda atkurti jos elastingum\u0105 ir gra\u017ei\u0105 i\u0161vaizd\u0105, pasi\u017eymi antibakterin\u0117mis ir raminan\u010diomis savyb\u0117mis. Aktyviosios med\u017eiagos slopina bakterij\u0173, sukelian\u010di\u0173 odos infekcijas, dauginim\u0105si, \u0161velnina od\u0105, skatina nauj\u0173, sveik\u0173 l\u0105steli\u0173 augim\u0105. Puikiai tinka gydyti \u012fvairioms \u017eaizdoms, \u012fdr\u0117skimams ir nudegimams, veiksmingai mal\u0161ina skausm\u0105, spartina odos gijim\u0105, gydo randus.<\/p>\n<p><strong>Beta-gliukanas<\/strong>\u00a0stimuliuoja imunin\u0117s sistemos l\u0105steles, padidina j\u0173 aktyvum\u0105, u\u017ekerta keli\u0105 odos u\u017edegimams arba su\u0161velnina juos, aktyvuoja med\u017eiagas, spartinan\u010dias l\u0105steli\u0173 regeneracij\u0105 bei organizmo apsaug\u0105.<\/p>\n<p><strong>Pantenolis<\/strong>\u00a0(B grup\u0117s vitaminas) padeda gydyti mikro \u012ftr\u016bkimus, dr\u0117kina, pasi\u017eymi stipriu regeneruojamuoju poveikiu, ramina od\u0105, suteikia jai mink\u0161tumo ir elastingumo.<\/p>\n<p><strong>Alavijo ekstraktas<\/strong>\u00a0\u2013 vienas efektyviausi\u0173 gamtoje randam\u0173 nat\u016brali\u0173 odos dr\u0117kikli\u0173, puikus antiseptikas ir prie\u0161u\u017edegiminis preparatas. \u0160is ekstraktas puikus UV spinduli\u0173 filtras, ramina saul\u0117s sudirgint\u0105 od\u0105, pasi\u017eymi antibakteriniu veikimu. Pagreitina \u017eaizd\u0173 gijimo proces\u0105, nuima nie\u017eul\u012f ir odos sudirgim\u0105, veikia antibakteri\u0161kai ir antialergi\u0161kai, dr\u0117kina, kovoja su mikrobais.<\/p>\n<p><strong>S\u0117jam\u0173j\u0173 avi\u017e\u0173 branduoli\u0173 ekstraktas<\/strong>\u00a0&#8211; antioksidantas, kuris maitina ir apsaugo od\u0105 nuo dr\u0117gm\u0117s praradimo. Oda sumink\u0161t\u0117ja, \u012fgauna aksomo \u0161velnum\u0105, ilgai i\u0161lieka apsaugota.<\/p>\n<p><strong>Chrizantemos ekstraktas<\/strong>\u00a0mink\u0161tina ir ramina sudirgusi\u0105 od\u0105, ma\u017eina raudon\u012f.<\/p>\n<p><strong>Natrio hialuronatas<\/strong>\u00a0&#8211; biotechnologi\u0161kai i\u0161valytas preparatas, gaunamas labai sud\u0117tingos hialurono r\u016bg\u0161ties ir natrio jon\u0173 sintez\u0117s d\u0117ka. Jis suteikia stipr\u0173 dr\u0117kinant\u012f efekt\u0105, stimuliuoja regeneracijos procesus, pasi\u017eymi prie\u0161u\u017edegiminiu poveikiu, dr\u0117kina ir lygina epiderm\u012f.<\/p>\n<p><strong>Ksantano derva<\/strong>\u00a0\u2013 nat\u016bralus polisacharidas \u2013 sukuria apsaugin\u0119 pl\u0117vel\u0119 odos pavir\u0161iuje ir padeda i\u0161saugoti dr\u0117gm\u0117s balans\u0105, sutraukia poras, tonizuoja. Veikia kaip nat\u016bralus tir\u0161tiklis, gerina kosmetin\u0117s priemon\u0117s tekst\u016br\u0105.<\/p>\n","protected":false},"excerpt":{"rendered":"<p>\u00a0Earn 3 points worth \u00a30.15 when buying this product Kauk\u0117 subalansuota jautriai ir reikliai veido odai. Priemon\u0117 greitai ir efektyviai pa\u0161alina u\u017edegimus, \u012fvairius paraudimus ir sudirgimus, pagreitina odos regeneracijos procesus, \u0161velni konsistencija ramina ir atgaivina, pagyvina spalv\u0105. Tikr\u0173j\u0173 levand\u0173 \u017eied\u0173 aliejus i\u0161skirtinai \u0161velniai veikia odos pavir\u0161i\u0173, dr\u0117kina, mink\u0161tina, saugo od\u0105 nuo kenksmingo aplinkos poveikio, tuo [&#8230;]\n","protected":false},"featured_media":3160,"comment_status":"closed","ping_status":"closed","template":"","meta":[],"product_cat":[532,562,597,506],"product_tag":[],"class_list":{"0":"post-4020","1":"product","2":"type-product","3":"status-publish","4":"has-post-thumbnail","6":"product_cat-jautriai-odai","7":"product_cat-kaukes-lt","8":"product_cat-skin-triumph-lt","9":"product_cat-veidui","11":"first","12":"instock","13":"shipping-taxable","14":"purchasable","15":"product-type-simple"},"yoast_head":"<!-- This site is optimized with the Yoast SEO plugin v23.6 - https:\/\/yoast.com\/wordpress\/plugins\/seo\/ -->\n<title>Gro\u017eio kauk\u0117 veidui \u201eLevanda\u201c, 1vnt. - TianDe Online Shop - Beauty &amp; Health<\/title>\n<meta name=\"robots\" content=\"index, follow, max-snippet:-1, max-image-preview:large, max-video-preview:-1\" \/>\n<link rel=\"canonical\" href=\"https:\/\/tiandeproducts.co.uk\/lt\/grozio-kauke-veidui-levanda-1vnt\/\" \/>\n<meta property=\"og:locale\" content=\"lt_LT\" \/>\n<meta property=\"og:type\" content=\"article\" \/>\n<meta property=\"og:title\" content=\"Gro\u017eio kauk\u0117 veidui \u201eLevanda\u201c, 1vnt. - TianDe Online Shop - Beauty &amp; Health\" \/>\n<meta property=\"og:description\" content=\"\u00a0Earn 3 points worth \u00a30.15 when buying this product Kauk\u0117 subalansuota jautriai ir reikliai veido odai. Priemon\u0117 greitai ir efektyviai pa\u0161alina u\u017edegimus, \u012fvairius paraudimus ir sudirgimus, pagreitina odos regeneracijos procesus, \u0161velni konsistencija ramina ir atgaivina, pagyvina spalv\u0105. Tikr\u0173j\u0173 levand\u0173 \u017eied\u0173 aliejus i\u0161skirtinai \u0161velniai veikia odos pavir\u0161i\u0173, dr\u0117kina, mink\u0161tina, saugo od\u0105 nuo kenksmingo aplinkos poveikio, tuo [...]\" \/>\n<meta property=\"og:url\" content=\"https:\/\/tiandeproducts.co.uk\/lt\/grozio-kauke-veidui-levanda-1vnt\/\" \/>\n<meta property=\"og:site_name\" content=\"TianDe Online Shop - Beauty &amp; Health\" \/>\n<meta property=\"article:publisher\" content=\"https:\/\/www.facebook.com\/tiande.products.england\/\" \/>\n<meta property=\"article:modified_time\" content=\"2021-02-12T11:08:34+00:00\" \/>\n<meta property=\"og:image\" content=\"https:\/\/tiandeproducts.co.uk\/wp-content\/uploads\/54108.png\" \/>\n\t<meta property=\"og:image:width\" content=\"510\" \/>\n\t<meta property=\"og:image:height\" content=\"510\" \/>\n\t<meta property=\"og:image:type\" content=\"image\/png\" \/>\n<meta name=\"twitter:card\" content=\"summary_large_image\" \/>\n<meta name=\"twitter:label1\" content=\"Est. reading time\" \/>\n\t<meta name=\"twitter:data1\" content=\"2 minut\u0117s\" \/>\n<script type=\"application\/ld+json\" class=\"yoast-schema-graph\">{\"@context\":\"https:\/\/schema.org\",\"@graph\":[{\"@type\":\"WebPage\",\"@id\":\"https:\/\/tiandeproducts.co.uk\/lt\/grozio-kauke-veidui-levanda-1vnt\/\",\"url\":\"https:\/\/tiandeproducts.co.uk\/lt\/grozio-kauke-veidui-levanda-1vnt\/\",\"name\":\"Gro\u017eio kauk\u0117 veidui \u201eLevanda\u201c, 1vnt. - TianDe Online Shop - Beauty &amp; Health\",\"isPartOf\":{\"@id\":\"https:\/\/tiandeproducts.co.uk\/#website\"},\"primaryImageOfPage\":{\"@id\":\"https:\/\/tiandeproducts.co.uk\/lt\/grozio-kauke-veidui-levanda-1vnt\/#primaryimage\"},\"image\":{\"@id\":\"https:\/\/tiandeproducts.co.uk\/lt\/grozio-kauke-veidui-levanda-1vnt\/#primaryimage\"},\"thumbnailUrl\":\"https:\/\/tiandeproducts.co.uk\/wp-content\/uploads\/54108.png\",\"datePublished\":\"2019-07-17T12:21:43+00:00\",\"dateModified\":\"2021-02-12T11:08:34+00:00\",\"breadcrumb\":{\"@id\":\"https:\/\/tiandeproducts.co.uk\/lt\/grozio-kauke-veidui-levanda-1vnt\/#breadcrumb\"},\"inLanguage\":\"lt-LT\",\"potentialAction\":[{\"@type\":\"ReadAction\",\"target\":[\"https:\/\/tiandeproducts.co.uk\/lt\/grozio-kauke-veidui-levanda-1vnt\/\"]}]},{\"@type\":\"ImageObject\",\"inLanguage\":\"lt-LT\",\"@id\":\"https:\/\/tiandeproducts.co.uk\/lt\/grozio-kauke-veidui-levanda-1vnt\/#primaryimage\",\"url\":\"https:\/\/tiandeproducts.co.uk\/wp-content\/uploads\/54108.png\",\"contentUrl\":\"https:\/\/tiandeproducts.co.uk\/wp-content\/uploads\/54108.png\",\"width\":510,\"height\":510},{\"@type\":\"BreadcrumbList\",\"@id\":\"https:\/\/tiandeproducts.co.uk\/lt\/grozio-kauke-veidui-levanda-1vnt\/#breadcrumb\",\"itemListElement\":[{\"@type\":\"ListItem\",\"position\":1,\"name\":\"Home\",\"item\":\"https:\/\/tiandeproducts.co.uk\/lt\/\"},{\"@type\":\"ListItem\",\"position\":2,\"name\":\"Shop\",\"item\":\"https:\/\/tiandeproducts.co.uk\/lt\/shop-2\/\"},{\"@type\":\"ListItem\",\"position\":3,\"name\":\"Gro\u017eio kauk\u0117 veidui \u201eLevanda\u201c, 1vnt.\"}]},{\"@type\":\"WebSite\",\"@id\":\"https:\/\/tiandeproducts.co.uk\/#website\",\"url\":\"https:\/\/tiandeproducts.co.uk\/\",\"name\":\"TianDe Online Shop - Beauty & Health\",\"description\":\"Traditional Chinese Medicine\",\"potentialAction\":[{\"@type\":\"SearchAction\",\"target\":{\"@type\":\"EntryPoint\",\"urlTemplate\":\"https:\/\/tiandeproducts.co.uk\/?s={search_term_string}\"},\"query-input\":{\"@type\":\"PropertyValueSpecification\",\"valueRequired\":true,\"valueName\":\"search_term_string\"}}],\"inLanguage\":\"lt-LT\"}]}<\/script>\n<!-- \/ Yoast SEO plugin. -->","yoast_head_json":{"title":"Gro\u017eio kauk\u0117 veidui \u201eLevanda\u201c, 1vnt. - TianDe Online Shop - Beauty &amp; Health","robots":{"index":"index","follow":"follow","max-snippet":"max-snippet:-1","max-image-preview":"max-image-preview:large","max-video-preview":"max-video-preview:-1"},"canonical":"https:\/\/tiandeproducts.co.uk\/lt\/grozio-kauke-veidui-levanda-1vnt\/","og_locale":"lt_LT","og_type":"article","og_title":"Gro\u017eio kauk\u0117 veidui \u201eLevanda\u201c, 1vnt. - TianDe Online Shop - Beauty &amp; Health","og_description":"\u00a0Earn 3 points worth \u00a30.15 when buying this product Kauk\u0117 subalansuota jautriai ir reikliai veido odai. Priemon\u0117 greitai ir efektyviai pa\u0161alina u\u017edegimus, \u012fvairius paraudimus ir sudirgimus, pagreitina odos regeneracijos procesus, \u0161velni konsistencija ramina ir atgaivina, pagyvina spalv\u0105. Tikr\u0173j\u0173 levand\u0173 \u017eied\u0173 aliejus i\u0161skirtinai \u0161velniai veikia odos pavir\u0161i\u0173, dr\u0117kina, mink\u0161tina, saugo od\u0105 nuo kenksmingo aplinkos poveikio, tuo [...]","og_url":"https:\/\/tiandeproducts.co.uk\/lt\/grozio-kauke-veidui-levanda-1vnt\/","og_site_name":"TianDe Online Shop - Beauty &amp; Health","article_publisher":"https:\/\/www.facebook.com\/tiande.products.england\/","article_modified_time":"2021-02-12T11:08:34+00:00","og_image":[{"width":510,"height":510,"url":"https:\/\/tiandeproducts.co.uk\/wp-content\/uploads\/54108.png","type":"image\/png"}],"twitter_card":"summary_large_image","twitter_misc":{"Est. reading time":"2 minut\u0117s"},"schema":{"@context":"https:\/\/schema.org","@graph":[{"@type":"WebPage","@id":"https:\/\/tiandeproducts.co.uk\/lt\/grozio-kauke-veidui-levanda-1vnt\/","url":"https:\/\/tiandeproducts.co.uk\/lt\/grozio-kauke-veidui-levanda-1vnt\/","name":"Gro\u017eio kauk\u0117 veidui \u201eLevanda\u201c, 1vnt. - TianDe Online Shop - Beauty &amp; Health","isPartOf":{"@id":"https:\/\/tiandeproducts.co.uk\/#website"},"primaryImageOfPage":{"@id":"https:\/\/tiandeproducts.co.uk\/lt\/grozio-kauke-veidui-levanda-1vnt\/#primaryimage"},"image":{"@id":"https:\/\/tiandeproducts.co.uk\/lt\/grozio-kauke-veidui-levanda-1vnt\/#primaryimage"},"thumbnailUrl":"https:\/\/tiandeproducts.co.uk\/wp-content\/uploads\/54108.png","datePublished":"2019-07-17T12:21:43+00:00","dateModified":"2021-02-12T11:08:34+00:00","breadcrumb":{"@id":"https:\/\/tiandeproducts.co.uk\/lt\/grozio-kauke-veidui-levanda-1vnt\/#breadcrumb"},"inLanguage":"lt-LT","potentialAction":[{"@type":"ReadAction","target":["https:\/\/tiandeproducts.co.uk\/lt\/grozio-kauke-veidui-levanda-1vnt\/"]}]},{"@type":"ImageObject","inLanguage":"lt-LT","@id":"https:\/\/tiandeproducts.co.uk\/lt\/grozio-kauke-veidui-levanda-1vnt\/#primaryimage","url":"https:\/\/tiandeproducts.co.uk\/wp-content\/uploads\/54108.png","contentUrl":"https:\/\/tiandeproducts.co.uk\/wp-content\/uploads\/54108.png","width":510,"height":510},{"@type":"BreadcrumbList","@id":"https:\/\/tiandeproducts.co.uk\/lt\/grozio-kauke-veidui-levanda-1vnt\/#breadcrumb","itemListElement":[{"@type":"ListItem","position":1,"name":"Home","item":"https:\/\/tiandeproducts.co.uk\/lt\/"},{"@type":"ListItem","position":2,"name":"Shop","item":"https:\/\/tiandeproducts.co.uk\/lt\/shop-2\/"},{"@type":"ListItem","position":3,"name":"Gro\u017eio kauk\u0117 veidui \u201eLevanda\u201c, 1vnt."}]},{"@type":"WebSite","@id":"https:\/\/tiandeproducts.co.uk\/#website","url":"https:\/\/tiandeproducts.co.uk\/","name":"TianDe Online Shop - Beauty & Health","description":"Traditional Chinese Medicine","potentialAction":[{"@type":"SearchAction","target":{"@type":"EntryPoint","urlTemplate":"https:\/\/tiandeproducts.co.uk\/?s={search_term_string}"},"query-input":{"@type":"PropertyValueSpecification","valueRequired":true,"valueName":"search_term_string"}}],"inLanguage":"lt-LT"}]}},"_links":{"self":[{"href":"https:\/\/tiandeproducts.co.uk\/lt\/wp-json\/wp\/v2\/product\/4020","targetHints":{"allow":["GET"]}}],"collection":[{"href":"https:\/\/tiandeproducts.co.uk\/lt\/wp-json\/wp\/v2\/product"}],"about":[{"href":"https:\/\/tiandeproducts.co.uk\/lt\/wp-json\/wp\/v2\/types\/product"}],"replies":[{"embeddable":true,"href":"https:\/\/tiandeproducts.co.uk\/lt\/wp-json\/wp\/v2\/comments?post=4020"}],"wp:featuredmedia":[{"embeddable":true,"href":"https:\/\/tiandeproducts.co.uk\/lt\/wp-json\/wp\/v2\/media\/3160"}],"wp:attachment":[{"href":"https:\/\/tiandeproducts.co.uk\/lt\/wp-json\/wp\/v2\/media?parent=4020"}],"wp:term":[{"taxonomy":"product_cat","embeddable":true,"href":"https:\/\/tiandeproducts.co.uk\/lt\/wp-json\/wp\/v2\/product_cat?post=4020"},{"taxonomy":"product_tag","embeddable":true,"href":"https:\/\/tiandeproducts.co.uk\/lt\/wp-json\/wp\/v2\/product_tag?post=4020"}],"curies":[{"name":"wp","href":"https:\/\/api.w.org\/{rel}","templated":true}]}}