{"id":4019,"date":"2019-07-17T13:25:34","date_gmt":"2019-07-17T12:25:34","guid":{"rendered":"https:\/\/tnd.ontesting.co.uk\/grozio-kauke-veidui-su-medzio-anglimi-juodasis-deimantas-1vnt\/"},"modified":"2021-02-12T11:07:51","modified_gmt":"2021-02-12T11:07:51","slug":"grozio-kauke-veidui-su-medzio-anglimi-juodasis-deimantas-1vnt","status":"publish","type":"product","link":"https:\/\/tiandeproducts.co.uk\/lt\/grozio-kauke-veidui-su-medzio-anglimi-juodasis-deimantas-1vnt\/","title":{"rendered":"Gro\u017eio kauk\u0117 veidui su med\u017eio anglimi \u201eJuodasis deimantas\u201c, 1vnt."},"content":{"rendered":"<p><img decoding=\"async\" style=\"max-width: 16px; margin-right: 5px;\" src=\"https:\/\/tiandeproducts.co.uk\/wp-content\/uploads\/points-green.svg\" \/>\u00a0Earn 3 points worth \u00a30.15 when buying this product<\/p>\n<p>Kauk\u0117 skirta besiriebaluojan\u010diai, reguliaraus ir kruop\u0161taus valymo reikalaujan\u010diai veido odai. Gro\u017eio kauk\u0117 veidui su bambuko anglimi \u0161velniai absorbuoja visus odos ne\u0161varumus, i\u0161valo poras, u\u017ekerta keli\u0105 juod\u0173 ta\u0161keli\u0173 atsiradimui, pagerina riebios, \u012f akn\u0119 linkusios odos b\u016bkl\u0119, intensyviai dr\u0117kina, ramina, mink\u0161tina, lygina odos reljef\u0105, sugr\u0105\u017eina sveik\u0105 i\u0161vaizd\u0105.<\/p>\n<p><strong>Naudojimas:<\/strong><br \/>\nAtskirdami pl\u0117vel\u0119 u\u017ed\u0117kite kauk\u0119 (audinio puse) ant \u0161varios veido odos (kryptimi i\u0161 vir\u0161aus \u012f apa\u010di\u0105). Laikykite 15-20 min., tada nuimkite, nuplaukite veid\u0105 vandeniu ir lengvai masa\u017euokite kauk\u0117s liku\u010dius kol visi\u0161kai \u012fsigers.<\/p>\n<p><strong>Veikliosios med\u017eiagos:<\/strong><\/p>\n<p><strong>Portulakos ekstraktas<\/strong>\u00a0pasi\u017eymi prie\u0161u\u017edegimin\u0117mis savyb\u0117mis, ma\u017eina paraudimus. Tai nat\u016bralus A, C ir E vitamin\u0173, koenzimo Q10 \u0161altinis, puikus antioksidantas, kovojantis prie\u0161 sen\u0117jim\u0105 bei apsaugantis od\u0105 nuo \u017ealingo aplinkos poveikio, veikia raminan\u010diai.<\/p>\n<p><strong>Med\u017eio anglis<\/strong>\u00a0\u2013 labai efektyvi absorbuojanti med\u017eiaga, naudojama d\u0117l prie\u0161u\u017edegimini\u0173, prie\u0161virusini\u0173 bei galing\u0173 detoksikacini\u0173 savybi\u0173. Med\u017eio anglis saugo od\u0105 nuo bakterij\u0173, padeda i\u0161vengti \u012fvairi\u0173 odos problem\u0173, efektyviai valo od\u0105 nuo bet koki\u0173 ter\u0161al\u0173.<\/p>\n<p><strong>Alavijo lap\u0173 sultys<\/strong>\u00a0vienas efektyviausi\u0173 nat\u016braliai randam\u0173 odos dr\u0117kikli\u0173, puikus antiseptikas ir prie\u0161u\u017edegiminis preparatas. Veikliosios med\u017eiagos veikia kaip UV spinduli\u0173 filtras, ramina saul\u0117s sudirgint\u0105 od\u0105, pasi\u017eymi antibakteriniu veikimu. Alavijo sul\u010di\u0173 sud\u0117tyje \u2013 daugiau nei 200 biologi\u0161kai aktyvi\u0173 med\u017eiag\u0173. Pat\u012f did\u017eiausi\u0105 poveik\u012f riebiai spuoguotai odai turi acemanano polisacharidas, kuris skatina odos imunitet\u0105 ir padidina l\u0105steli\u0173 geb\u0117jim\u0105 prie\u0161intis bakterijoms ir virusams. Alavijo sultyse esanti salicilo r\u016bg\u0161tis &#8211; riebalus tirpinanti r\u016bg\u0161tis, kuri prasiskverbusi \u012f riebalines liaukas \u201ekontroliuoja\u201c spuog\u0173 susidarym\u0105, turi antiseptini\u0173 savybi\u0173, efektyviai kovoja su akne<\/p>\n<p><strong>Agurk\u0173 ekstraktas<\/strong>\u00a0suteikia odai ypatingo \u0161vyt\u0117jimo, i\u0161lygina jos reljef\u0105. Agurko ekstrakto sud\u0117tyje yra polisacharid\u0173, polifenoli\u0173 ir ferment\u0173. Polisacharidai efektyviai prisotina od\u0105 dr\u0117gme net giliausius jos sluoksnius. Polifenoliai ma\u017eina odos jautrum\u0105 saul\u0117s spinduliams, dr\u0117kina ir pasi\u017eymi antiseptiniu poveikiu. Fermentai efektyviai balina, \u0161varina od\u0105 ir naikina juodus ta\u0161kelius. Agurk\u0173 ekstraktas sutraukia efektyviai poras ir mink\u0161tina od\u0105.<\/p>\n<p><strong>Hialurono r\u016bg\u0161tis<\/strong>\u00a0suteikia liftingo efekt\u0105, didina odos elastingum\u0105, stangrina. Veiklioji med\u017eiaga ant odos pavir\u0161iaus sukuria orui pralaid\u0173 apsaugin\u012f sluoksn\u012f, tai apsaugo nuo dr\u0117gm\u0117s praradimo net gilesnius sluoksnius. Ji efektyviai pagreitina audini\u0173 l\u0105steli\u0173 atsinaujinimo procesus, gerina mikrocirkuliacij\u0105, skatina nauj\u0173 odos l\u0105steli\u0173 dauginim\u0105si, apsaugo nuo i\u0161orini\u0173 pa\u017eeidim\u0173 ir infekcij\u0173, sustiprina odos apsaugin\u012f sluoksn\u012f bei odos imunines savyb\u0117s. \u012edomu, kad hialurono r\u016bg\u0161ties molekul\u0117s gali pritraukti ir i\u0161laikyti net ~500 kart\u0173 u\u017e save didesn\u012f kiek\u012f vandens!<\/p>\n","protected":false},"excerpt":{"rendered":"<p>\u00a0Earn 3 points worth \u00a30.15 when buying this product Kauk\u0117 skirta besiriebaluojan\u010diai, reguliaraus ir kruop\u0161taus valymo reikalaujan\u010diai veido odai. Gro\u017eio kauk\u0117 veidui su bambuko anglimi \u0161velniai absorbuoja visus odos ne\u0161varumus, i\u0161valo poras, u\u017ekerta keli\u0105 juod\u0173 ta\u0161keli\u0173 atsiradimui, pagerina riebios, \u012f akn\u0119 linkusios odos b\u016bkl\u0119, intensyviai dr\u0117kina, ramina, mink\u0161tina, lygina odos reljef\u0105, sugr\u0105\u017eina sveik\u0105 i\u0161vaizd\u0105. Naudojimas: [&#8230;]\n","protected":false},"featured_media":3165,"comment_status":"closed","ping_status":"closed","template":"","meta":[],"product_cat":[562,597,506],"product_tag":[],"class_list":{"0":"post-4019","1":"product","2":"type-product","3":"status-publish","4":"has-post-thumbnail","6":"product_cat-kaukes-lt","7":"product_cat-skin-triumph-lt","8":"product_cat-veidui","10":"first","11":"instock","12":"shipping-taxable","13":"purchasable","14":"product-type-simple"},"yoast_head":"<!-- This site is optimized with the Yoast SEO plugin v23.6 - https:\/\/yoast.com\/wordpress\/plugins\/seo\/ -->\n<title>Gro\u017eio kauk\u0117 veidui su med\u017eio anglimi \u201eJuodasis deimantas\u201c, 1vnt. - TianDe Online Shop - Beauty &amp; Health<\/title>\n<meta name=\"robots\" content=\"index, follow, max-snippet:-1, max-image-preview:large, max-video-preview:-1\" \/>\n<link rel=\"canonical\" href=\"https:\/\/tiandeproducts.co.uk\/lt\/grozio-kauke-veidui-su-medzio-anglimi-juodasis-deimantas-1vnt\/\" \/>\n<meta property=\"og:locale\" content=\"lt_LT\" \/>\n<meta property=\"og:type\" content=\"article\" \/>\n<meta property=\"og:title\" content=\"Gro\u017eio kauk\u0117 veidui su med\u017eio anglimi \u201eJuodasis deimantas\u201c, 1vnt. - TianDe Online Shop - Beauty &amp; Health\" \/>\n<meta property=\"og:description\" content=\"\u00a0Earn 3 points worth \u00a30.15 when buying this product Kauk\u0117 skirta besiriebaluojan\u010diai, reguliaraus ir kruop\u0161taus valymo reikalaujan\u010diai veido odai. Gro\u017eio kauk\u0117 veidui su bambuko anglimi \u0161velniai absorbuoja visus odos ne\u0161varumus, i\u0161valo poras, u\u017ekerta keli\u0105 juod\u0173 ta\u0161keli\u0173 atsiradimui, pagerina riebios, \u012f akn\u0119 linkusios odos b\u016bkl\u0119, intensyviai dr\u0117kina, ramina, mink\u0161tina, lygina odos reljef\u0105, sugr\u0105\u017eina sveik\u0105 i\u0161vaizd\u0105. Naudojimas: [...]\" \/>\n<meta property=\"og:url\" content=\"https:\/\/tiandeproducts.co.uk\/lt\/grozio-kauke-veidui-su-medzio-anglimi-juodasis-deimantas-1vnt\/\" \/>\n<meta property=\"og:site_name\" content=\"TianDe Online Shop - Beauty &amp; Health\" \/>\n<meta property=\"article:publisher\" content=\"https:\/\/www.facebook.com\/tiande.products.england\/\" \/>\n<meta property=\"article:modified_time\" content=\"2021-02-12T11:07:51+00:00\" \/>\n<meta property=\"og:image\" content=\"https:\/\/tiandeproducts.co.uk\/wp-content\/uploads\/54107.png\" \/>\n\t<meta property=\"og:image:width\" content=\"510\" \/>\n\t<meta property=\"og:image:height\" content=\"510\" \/>\n\t<meta property=\"og:image:type\" content=\"image\/png\" \/>\n<meta name=\"twitter:card\" content=\"summary_large_image\" \/>\n<meta name=\"twitter:label1\" content=\"Est. reading time\" \/>\n\t<meta name=\"twitter:data1\" content=\"2 minut\u0117s\" \/>\n<script type=\"application\/ld+json\" class=\"yoast-schema-graph\">{\"@context\":\"https:\/\/schema.org\",\"@graph\":[{\"@type\":\"WebPage\",\"@id\":\"https:\/\/tiandeproducts.co.uk\/lt\/grozio-kauke-veidui-su-medzio-anglimi-juodasis-deimantas-1vnt\/\",\"url\":\"https:\/\/tiandeproducts.co.uk\/lt\/grozio-kauke-veidui-su-medzio-anglimi-juodasis-deimantas-1vnt\/\",\"name\":\"Gro\u017eio kauk\u0117 veidui su med\u017eio anglimi \u201eJuodasis deimantas\u201c, 1vnt. - TianDe Online Shop - Beauty &amp; Health\",\"isPartOf\":{\"@id\":\"https:\/\/tiandeproducts.co.uk\/#website\"},\"primaryImageOfPage\":{\"@id\":\"https:\/\/tiandeproducts.co.uk\/lt\/grozio-kauke-veidui-su-medzio-anglimi-juodasis-deimantas-1vnt\/#primaryimage\"},\"image\":{\"@id\":\"https:\/\/tiandeproducts.co.uk\/lt\/grozio-kauke-veidui-su-medzio-anglimi-juodasis-deimantas-1vnt\/#primaryimage\"},\"thumbnailUrl\":\"https:\/\/tiandeproducts.co.uk\/wp-content\/uploads\/54107.png\",\"datePublished\":\"2019-07-17T12:25:34+00:00\",\"dateModified\":\"2021-02-12T11:07:51+00:00\",\"breadcrumb\":{\"@id\":\"https:\/\/tiandeproducts.co.uk\/lt\/grozio-kauke-veidui-su-medzio-anglimi-juodasis-deimantas-1vnt\/#breadcrumb\"},\"inLanguage\":\"lt-LT\",\"potentialAction\":[{\"@type\":\"ReadAction\",\"target\":[\"https:\/\/tiandeproducts.co.uk\/lt\/grozio-kauke-veidui-su-medzio-anglimi-juodasis-deimantas-1vnt\/\"]}]},{\"@type\":\"ImageObject\",\"inLanguage\":\"lt-LT\",\"@id\":\"https:\/\/tiandeproducts.co.uk\/lt\/grozio-kauke-veidui-su-medzio-anglimi-juodasis-deimantas-1vnt\/#primaryimage\",\"url\":\"https:\/\/tiandeproducts.co.uk\/wp-content\/uploads\/54107.png\",\"contentUrl\":\"https:\/\/tiandeproducts.co.uk\/wp-content\/uploads\/54107.png\",\"width\":510,\"height\":510},{\"@type\":\"BreadcrumbList\",\"@id\":\"https:\/\/tiandeproducts.co.uk\/lt\/grozio-kauke-veidui-su-medzio-anglimi-juodasis-deimantas-1vnt\/#breadcrumb\",\"itemListElement\":[{\"@type\":\"ListItem\",\"position\":1,\"name\":\"Home\",\"item\":\"https:\/\/tiandeproducts.co.uk\/lt\/\"},{\"@type\":\"ListItem\",\"position\":2,\"name\":\"Shop\",\"item\":\"https:\/\/tiandeproducts.co.uk\/lt\/shop-2\/\"},{\"@type\":\"ListItem\",\"position\":3,\"name\":\"Gro\u017eio kauk\u0117 veidui su med\u017eio anglimi \u201eJuodasis deimantas\u201c, 1vnt.\"}]},{\"@type\":\"WebSite\",\"@id\":\"https:\/\/tiandeproducts.co.uk\/#website\",\"url\":\"https:\/\/tiandeproducts.co.uk\/\",\"name\":\"TianDe Online Shop - Beauty & Health\",\"description\":\"Traditional Chinese Medicine\",\"potentialAction\":[{\"@type\":\"SearchAction\",\"target\":{\"@type\":\"EntryPoint\",\"urlTemplate\":\"https:\/\/tiandeproducts.co.uk\/?s={search_term_string}\"},\"query-input\":{\"@type\":\"PropertyValueSpecification\",\"valueRequired\":true,\"valueName\":\"search_term_string\"}}],\"inLanguage\":\"lt-LT\"}]}<\/script>\n<!-- \/ Yoast SEO plugin. -->","yoast_head_json":{"title":"Gro\u017eio kauk\u0117 veidui su med\u017eio anglimi \u201eJuodasis deimantas\u201c, 1vnt. - TianDe Online Shop - Beauty &amp; Health","robots":{"index":"index","follow":"follow","max-snippet":"max-snippet:-1","max-image-preview":"max-image-preview:large","max-video-preview":"max-video-preview:-1"},"canonical":"https:\/\/tiandeproducts.co.uk\/lt\/grozio-kauke-veidui-su-medzio-anglimi-juodasis-deimantas-1vnt\/","og_locale":"lt_LT","og_type":"article","og_title":"Gro\u017eio kauk\u0117 veidui su med\u017eio anglimi \u201eJuodasis deimantas\u201c, 1vnt. - TianDe Online Shop - Beauty &amp; Health","og_description":"\u00a0Earn 3 points worth \u00a30.15 when buying this product Kauk\u0117 skirta besiriebaluojan\u010diai, reguliaraus ir kruop\u0161taus valymo reikalaujan\u010diai veido odai. Gro\u017eio kauk\u0117 veidui su bambuko anglimi \u0161velniai absorbuoja visus odos ne\u0161varumus, i\u0161valo poras, u\u017ekerta keli\u0105 juod\u0173 ta\u0161keli\u0173 atsiradimui, pagerina riebios, \u012f akn\u0119 linkusios odos b\u016bkl\u0119, intensyviai dr\u0117kina, ramina, mink\u0161tina, lygina odos reljef\u0105, sugr\u0105\u017eina sveik\u0105 i\u0161vaizd\u0105. Naudojimas: [...]","og_url":"https:\/\/tiandeproducts.co.uk\/lt\/grozio-kauke-veidui-su-medzio-anglimi-juodasis-deimantas-1vnt\/","og_site_name":"TianDe Online Shop - Beauty &amp; Health","article_publisher":"https:\/\/www.facebook.com\/tiande.products.england\/","article_modified_time":"2021-02-12T11:07:51+00:00","og_image":[{"width":510,"height":510,"url":"https:\/\/tiandeproducts.co.uk\/wp-content\/uploads\/54107.png","type":"image\/png"}],"twitter_card":"summary_large_image","twitter_misc":{"Est. reading time":"2 minut\u0117s"},"schema":{"@context":"https:\/\/schema.org","@graph":[{"@type":"WebPage","@id":"https:\/\/tiandeproducts.co.uk\/lt\/grozio-kauke-veidui-su-medzio-anglimi-juodasis-deimantas-1vnt\/","url":"https:\/\/tiandeproducts.co.uk\/lt\/grozio-kauke-veidui-su-medzio-anglimi-juodasis-deimantas-1vnt\/","name":"Gro\u017eio kauk\u0117 veidui su med\u017eio anglimi \u201eJuodasis deimantas\u201c, 1vnt. - TianDe Online Shop - Beauty &amp; Health","isPartOf":{"@id":"https:\/\/tiandeproducts.co.uk\/#website"},"primaryImageOfPage":{"@id":"https:\/\/tiandeproducts.co.uk\/lt\/grozio-kauke-veidui-su-medzio-anglimi-juodasis-deimantas-1vnt\/#primaryimage"},"image":{"@id":"https:\/\/tiandeproducts.co.uk\/lt\/grozio-kauke-veidui-su-medzio-anglimi-juodasis-deimantas-1vnt\/#primaryimage"},"thumbnailUrl":"https:\/\/tiandeproducts.co.uk\/wp-content\/uploads\/54107.png","datePublished":"2019-07-17T12:25:34+00:00","dateModified":"2021-02-12T11:07:51+00:00","breadcrumb":{"@id":"https:\/\/tiandeproducts.co.uk\/lt\/grozio-kauke-veidui-su-medzio-anglimi-juodasis-deimantas-1vnt\/#breadcrumb"},"inLanguage":"lt-LT","potentialAction":[{"@type":"ReadAction","target":["https:\/\/tiandeproducts.co.uk\/lt\/grozio-kauke-veidui-su-medzio-anglimi-juodasis-deimantas-1vnt\/"]}]},{"@type":"ImageObject","inLanguage":"lt-LT","@id":"https:\/\/tiandeproducts.co.uk\/lt\/grozio-kauke-veidui-su-medzio-anglimi-juodasis-deimantas-1vnt\/#primaryimage","url":"https:\/\/tiandeproducts.co.uk\/wp-content\/uploads\/54107.png","contentUrl":"https:\/\/tiandeproducts.co.uk\/wp-content\/uploads\/54107.png","width":510,"height":510},{"@type":"BreadcrumbList","@id":"https:\/\/tiandeproducts.co.uk\/lt\/grozio-kauke-veidui-su-medzio-anglimi-juodasis-deimantas-1vnt\/#breadcrumb","itemListElement":[{"@type":"ListItem","position":1,"name":"Home","item":"https:\/\/tiandeproducts.co.uk\/lt\/"},{"@type":"ListItem","position":2,"name":"Shop","item":"https:\/\/tiandeproducts.co.uk\/lt\/shop-2\/"},{"@type":"ListItem","position":3,"name":"Gro\u017eio kauk\u0117 veidui su med\u017eio anglimi \u201eJuodasis deimantas\u201c, 1vnt."}]},{"@type":"WebSite","@id":"https:\/\/tiandeproducts.co.uk\/#website","url":"https:\/\/tiandeproducts.co.uk\/","name":"TianDe Online Shop - Beauty & Health","description":"Traditional Chinese Medicine","potentialAction":[{"@type":"SearchAction","target":{"@type":"EntryPoint","urlTemplate":"https:\/\/tiandeproducts.co.uk\/?s={search_term_string}"},"query-input":{"@type":"PropertyValueSpecification","valueRequired":true,"valueName":"search_term_string"}}],"inLanguage":"lt-LT"}]}},"_links":{"self":[{"href":"https:\/\/tiandeproducts.co.uk\/lt\/wp-json\/wp\/v2\/product\/4019","targetHints":{"allow":["GET"]}}],"collection":[{"href":"https:\/\/tiandeproducts.co.uk\/lt\/wp-json\/wp\/v2\/product"}],"about":[{"href":"https:\/\/tiandeproducts.co.uk\/lt\/wp-json\/wp\/v2\/types\/product"}],"replies":[{"embeddable":true,"href":"https:\/\/tiandeproducts.co.uk\/lt\/wp-json\/wp\/v2\/comments?post=4019"}],"wp:featuredmedia":[{"embeddable":true,"href":"https:\/\/tiandeproducts.co.uk\/lt\/wp-json\/wp\/v2\/media\/3165"}],"wp:attachment":[{"href":"https:\/\/tiandeproducts.co.uk\/lt\/wp-json\/wp\/v2\/media?parent=4019"}],"wp:term":[{"taxonomy":"product_cat","embeddable":true,"href":"https:\/\/tiandeproducts.co.uk\/lt\/wp-json\/wp\/v2\/product_cat?post=4019"},{"taxonomy":"product_tag","embeddable":true,"href":"https:\/\/tiandeproducts.co.uk\/lt\/wp-json\/wp\/v2\/product_tag?post=4019"}],"curies":[{"name":"wp","href":"https:\/\/api.w.org\/{rel}","templated":true}]}}