{"id":4018,"date":"2019-07-17T13:31:34","date_gmt":"2019-07-17T12:31:34","guid":{"rendered":"https:\/\/tnd.ontesting.co.uk\/kompleksine-odos-prieziura-nuo-rauksliu-amazing-nature-1-vnt\/"},"modified":"2021-02-12T11:07:05","modified_gmt":"2021-02-12T11:07:05","slug":"kompleksine-odos-prieziura-nuo-rauksliu-amazing-nature-1-vnt","status":"publish","type":"product","link":"https:\/\/tiandeproducts.co.uk\/lt\/kompleksine-odos-prieziura-nuo-rauksliu-amazing-nature-1-vnt\/","title":{"rendered":"Kompleksin\u0117 odos prie\u017ei\u016bra nuo rauk\u0161li\u0173 &#8222;Amazing Nature&#8221; 1 vnt."},"content":{"rendered":"<p><img decoding=\"async\" style=\"max-width: 16px; margin-right: 5px;\" src=\"https:\/\/tiandeproducts.co.uk\/wp-content\/uploads\/points-green.svg\" \/>\u00a0Earn 3 points worth \u00a30.15 when buying this product<\/p>\n<p>Ar jau pasteb\u0117jote pirmas rauk\u0161les ant veido? Ar tai Jums nenaujiena? Abiem atvejais J\u016bs\u0173 galite sul\u0117tinti sen\u0117jimo proces\u0105 proces\u0105 ir \u017eymiai pagerinti odos i\u0161vaizd\u0105.<\/p>\n<p>Kompleksin\u0117 odos prie\u017ei\u016bra nuo rauk\u0161li\u0173 &#8211; tai puikus dviej\u0173 produkt\u0173 duetas, kuris pakeis J\u016bs\u0173 veid\u0105!<\/p>\n<p>Tai du paprasti \u017eingsniai tobulumo link!<br \/>\n1 \u017eingsnis: kauk\u0117 eliksyras su apyni\u0173 ekstraktu ir vitaminu B3:<br \/>\n&#8211; atjaunina ir stiprina odos odos tekst\u016br\u0105;<br \/>\n&#8211; suteikia mink\u0161tum\u0105, elastingum\u0105 ir pagerina ton\u0105.<\/p>\n<p>2 \u017eingsnis: naudingas kremas, kuris:<br \/>\n&#8211; sustiprina kauk\u0117s veikim\u0105 ir maitina bei apsaugo od\u0105;<br \/>\n&#8211; skatina odos atsinaujinim\u0105 d\u0117l nat\u016brali\u0173 r\u016bg\u0161\u010di\u0173 esan\u010di\u0173 sud\u0117tyje.<br \/>\nKremas prabangios tekst\u016bros, lengvai \u012fsigeria ir nesukelia sunkumo jausmo.<\/p>\n<p>Rezultatas &#8211; am\u017eiaus ir mimikos rauk\u0161l\u0117s yra i\u0161lygintos, ir J\u016bs atrodote jaunesn\u0117! Kompleksin\u0119 prie\u017ei\u016br\u0105 galite naudoti kaip ekspres priemon\u0119 prie\u0161 svarb\u0173 \u012fvyk\u012f arba reguliariai organizuoti savo gro\u017eio ritualus &#8211; rezultatas bet kuriuo atveju Jus prad\u017eiugins!<\/p>\n<p><strong>Naudojimas:<\/strong> 1 etapas: ant nuvalytos veido odos u\u017etepkite eliksyr\u0105 &#8211; kauk\u0119 ir palaikykite 15-20 minu\u010di\u0173, tada nuimkite j\u0105, nuplaukite vandeniu. 2 etapas: ant odos i\u0161 karto po eliksyro kauk\u0117s u\u017etepkite krem\u0105 arba po 10-12 valand\u0173 po to, kai j\u012f u\u017etepsite. Gali b\u016bti naudojamas kaip naktinis kremas. Naudoti 1-2 kartus per savait\u0119. Atidarius pakuot\u0119, j\u0105 reikia sunaudoti nedelsiant.<\/p>\n","protected":false},"excerpt":{"rendered":"<p>\u00a0Earn 3 points worth \u00a30.15 when buying this product Ar jau pasteb\u0117jote pirmas rauk\u0161les ant veido? Ar tai Jums nenaujiena? Abiem atvejais J\u016bs\u0173 galite sul\u0117tinti sen\u0117jimo proces\u0105 proces\u0105 ir \u017eymiai pagerinti odos i\u0161vaizd\u0105. Kompleksin\u0117 odos prie\u017ei\u016bra nuo rauk\u0161li\u0173 &#8211; tai puikus dviej\u0173 produkt\u0173 duetas, kuris pakeis J\u016bs\u0173 veid\u0105! Tai du paprasti \u017eingsniai tobulumo link! 1 [&#8230;]\n","protected":false},"featured_media":3170,"comment_status":"closed","ping_status":"closed","template":"","meta":[],"product_cat":[562,612,506],"product_tag":[],"class_list":{"0":"post-4018","1":"product","2":"type-product","3":"status-publish","4":"has-post-thumbnail","6":"product_cat-kaukes-lt","7":"product_cat-nuo-rauksliu","8":"product_cat-veidui","10":"first","11":"outofstock","12":"shipping-taxable","13":"purchasable","14":"product-type-simple"},"yoast_head":"<!-- This site is optimized with the Yoast SEO plugin v23.6 - https:\/\/yoast.com\/wordpress\/plugins\/seo\/ -->\n<title>Kompleksin\u0117 odos prie\u017ei\u016bra nuo rauk\u0161li\u0173 &quot;Amazing Nature&quot; 1 vnt. - TianDe Online Shop - Beauty &amp; Health<\/title>\n<meta name=\"robots\" content=\"index, follow, max-snippet:-1, max-image-preview:large, max-video-preview:-1\" \/>\n<link rel=\"canonical\" href=\"https:\/\/tiandeproducts.co.uk\/lt\/kompleksine-odos-prieziura-nuo-rauksliu-amazing-nature-1-vnt\/\" \/>\n<meta property=\"og:locale\" content=\"lt_LT\" \/>\n<meta property=\"og:type\" content=\"article\" \/>\n<meta property=\"og:title\" content=\"Kompleksin\u0117 odos prie\u017ei\u016bra nuo rauk\u0161li\u0173 &quot;Amazing Nature&quot; 1 vnt. - TianDe Online Shop - Beauty &amp; Health\" \/>\n<meta property=\"og:description\" content=\"\u00a0Earn 3 points worth \u00a30.15 when buying this product Ar jau pasteb\u0117jote pirmas rauk\u0161les ant veido? Ar tai Jums nenaujiena? Abiem atvejais J\u016bs\u0173 galite sul\u0117tinti sen\u0117jimo proces\u0105 proces\u0105 ir \u017eymiai pagerinti odos i\u0161vaizd\u0105. Kompleksin\u0117 odos prie\u017ei\u016bra nuo rauk\u0161li\u0173 &#8211; tai puikus dviej\u0173 produkt\u0173 duetas, kuris pakeis J\u016bs\u0173 veid\u0105! Tai du paprasti \u017eingsniai tobulumo link! 1 [...]\" \/>\n<meta property=\"og:url\" content=\"https:\/\/tiandeproducts.co.uk\/lt\/kompleksine-odos-prieziura-nuo-rauksliu-amazing-nature-1-vnt\/\" \/>\n<meta property=\"og:site_name\" content=\"TianDe Online Shop - Beauty &amp; Health\" \/>\n<meta property=\"article:publisher\" content=\"https:\/\/www.facebook.com\/tiande.products.england\/\" \/>\n<meta property=\"article:modified_time\" content=\"2021-02-12T11:07:05+00:00\" \/>\n<meta property=\"og:image\" content=\"https:\/\/tiandeproducts.co.uk\/wp-content\/uploads\/56201.png\" \/>\n\t<meta property=\"og:image:width\" content=\"700\" \/>\n\t<meta property=\"og:image:height\" content=\"700\" \/>\n\t<meta property=\"og:image:type\" content=\"image\/png\" \/>\n<meta name=\"twitter:card\" content=\"summary_large_image\" \/>\n<meta name=\"twitter:label1\" content=\"Est. reading time\" \/>\n\t<meta name=\"twitter:data1\" content=\"1 minut\u0117\" \/>\n<script type=\"application\/ld+json\" class=\"yoast-schema-graph\">{\"@context\":\"https:\/\/schema.org\",\"@graph\":[{\"@type\":\"WebPage\",\"@id\":\"https:\/\/tiandeproducts.co.uk\/lt\/kompleksine-odos-prieziura-nuo-rauksliu-amazing-nature-1-vnt\/\",\"url\":\"https:\/\/tiandeproducts.co.uk\/lt\/kompleksine-odos-prieziura-nuo-rauksliu-amazing-nature-1-vnt\/\",\"name\":\"Kompleksin\u0117 odos prie\u017ei\u016bra nuo rauk\u0161li\u0173 \\\"Amazing Nature\\\" 1 vnt. - TianDe Online Shop - Beauty &amp; Health\",\"isPartOf\":{\"@id\":\"https:\/\/tiandeproducts.co.uk\/#website\"},\"primaryImageOfPage\":{\"@id\":\"https:\/\/tiandeproducts.co.uk\/lt\/kompleksine-odos-prieziura-nuo-rauksliu-amazing-nature-1-vnt\/#primaryimage\"},\"image\":{\"@id\":\"https:\/\/tiandeproducts.co.uk\/lt\/kompleksine-odos-prieziura-nuo-rauksliu-amazing-nature-1-vnt\/#primaryimage\"},\"thumbnailUrl\":\"https:\/\/tiandeproducts.co.uk\/wp-content\/uploads\/56201.png\",\"datePublished\":\"2019-07-17T12:31:34+00:00\",\"dateModified\":\"2021-02-12T11:07:05+00:00\",\"breadcrumb\":{\"@id\":\"https:\/\/tiandeproducts.co.uk\/lt\/kompleksine-odos-prieziura-nuo-rauksliu-amazing-nature-1-vnt\/#breadcrumb\"},\"inLanguage\":\"lt-LT\",\"potentialAction\":[{\"@type\":\"ReadAction\",\"target\":[\"https:\/\/tiandeproducts.co.uk\/lt\/kompleksine-odos-prieziura-nuo-rauksliu-amazing-nature-1-vnt\/\"]}]},{\"@type\":\"ImageObject\",\"inLanguage\":\"lt-LT\",\"@id\":\"https:\/\/tiandeproducts.co.uk\/lt\/kompleksine-odos-prieziura-nuo-rauksliu-amazing-nature-1-vnt\/#primaryimage\",\"url\":\"https:\/\/tiandeproducts.co.uk\/wp-content\/uploads\/56201.png\",\"contentUrl\":\"https:\/\/tiandeproducts.co.uk\/wp-content\/uploads\/56201.png\",\"width\":700,\"height\":700},{\"@type\":\"BreadcrumbList\",\"@id\":\"https:\/\/tiandeproducts.co.uk\/lt\/kompleksine-odos-prieziura-nuo-rauksliu-amazing-nature-1-vnt\/#breadcrumb\",\"itemListElement\":[{\"@type\":\"ListItem\",\"position\":1,\"name\":\"Home\",\"item\":\"https:\/\/tiandeproducts.co.uk\/lt\/\"},{\"@type\":\"ListItem\",\"position\":2,\"name\":\"Shop\",\"item\":\"https:\/\/tiandeproducts.co.uk\/lt\/shop-2\/\"},{\"@type\":\"ListItem\",\"position\":3,\"name\":\"Kompleksin\u0117 odos prie\u017ei\u016bra nuo rauk\u0161li\u0173 &#8220;Amazing Nature&#8221; 1 vnt.\"}]},{\"@type\":\"WebSite\",\"@id\":\"https:\/\/tiandeproducts.co.uk\/#website\",\"url\":\"https:\/\/tiandeproducts.co.uk\/\",\"name\":\"TianDe Online Shop - Beauty & Health\",\"description\":\"Traditional Chinese Medicine\",\"potentialAction\":[{\"@type\":\"SearchAction\",\"target\":{\"@type\":\"EntryPoint\",\"urlTemplate\":\"https:\/\/tiandeproducts.co.uk\/?s={search_term_string}\"},\"query-input\":{\"@type\":\"PropertyValueSpecification\",\"valueRequired\":true,\"valueName\":\"search_term_string\"}}],\"inLanguage\":\"lt-LT\"}]}<\/script>\n<!-- \/ Yoast SEO plugin. -->","yoast_head_json":{"title":"Kompleksin\u0117 odos prie\u017ei\u016bra nuo rauk\u0161li\u0173 \"Amazing Nature\" 1 vnt. - TianDe Online Shop - Beauty &amp; Health","robots":{"index":"index","follow":"follow","max-snippet":"max-snippet:-1","max-image-preview":"max-image-preview:large","max-video-preview":"max-video-preview:-1"},"canonical":"https:\/\/tiandeproducts.co.uk\/lt\/kompleksine-odos-prieziura-nuo-rauksliu-amazing-nature-1-vnt\/","og_locale":"lt_LT","og_type":"article","og_title":"Kompleksin\u0117 odos prie\u017ei\u016bra nuo rauk\u0161li\u0173 \"Amazing Nature\" 1 vnt. - TianDe Online Shop - Beauty &amp; Health","og_description":"\u00a0Earn 3 points worth \u00a30.15 when buying this product Ar jau pasteb\u0117jote pirmas rauk\u0161les ant veido? Ar tai Jums nenaujiena? Abiem atvejais J\u016bs\u0173 galite sul\u0117tinti sen\u0117jimo proces\u0105 proces\u0105 ir \u017eymiai pagerinti odos i\u0161vaizd\u0105. Kompleksin\u0117 odos prie\u017ei\u016bra nuo rauk\u0161li\u0173 &#8211; tai puikus dviej\u0173 produkt\u0173 duetas, kuris pakeis J\u016bs\u0173 veid\u0105! Tai du paprasti \u017eingsniai tobulumo link! 1 [...]","og_url":"https:\/\/tiandeproducts.co.uk\/lt\/kompleksine-odos-prieziura-nuo-rauksliu-amazing-nature-1-vnt\/","og_site_name":"TianDe Online Shop - Beauty &amp; Health","article_publisher":"https:\/\/www.facebook.com\/tiande.products.england\/","article_modified_time":"2021-02-12T11:07:05+00:00","og_image":[{"width":700,"height":700,"url":"https:\/\/tiandeproducts.co.uk\/wp-content\/uploads\/56201.png","type":"image\/png"}],"twitter_card":"summary_large_image","twitter_misc":{"Est. reading time":"1 minut\u0117"},"schema":{"@context":"https:\/\/schema.org","@graph":[{"@type":"WebPage","@id":"https:\/\/tiandeproducts.co.uk\/lt\/kompleksine-odos-prieziura-nuo-rauksliu-amazing-nature-1-vnt\/","url":"https:\/\/tiandeproducts.co.uk\/lt\/kompleksine-odos-prieziura-nuo-rauksliu-amazing-nature-1-vnt\/","name":"Kompleksin\u0117 odos prie\u017ei\u016bra nuo rauk\u0161li\u0173 \"Amazing Nature\" 1 vnt. - TianDe Online Shop - Beauty &amp; Health","isPartOf":{"@id":"https:\/\/tiandeproducts.co.uk\/#website"},"primaryImageOfPage":{"@id":"https:\/\/tiandeproducts.co.uk\/lt\/kompleksine-odos-prieziura-nuo-rauksliu-amazing-nature-1-vnt\/#primaryimage"},"image":{"@id":"https:\/\/tiandeproducts.co.uk\/lt\/kompleksine-odos-prieziura-nuo-rauksliu-amazing-nature-1-vnt\/#primaryimage"},"thumbnailUrl":"https:\/\/tiandeproducts.co.uk\/wp-content\/uploads\/56201.png","datePublished":"2019-07-17T12:31:34+00:00","dateModified":"2021-02-12T11:07:05+00:00","breadcrumb":{"@id":"https:\/\/tiandeproducts.co.uk\/lt\/kompleksine-odos-prieziura-nuo-rauksliu-amazing-nature-1-vnt\/#breadcrumb"},"inLanguage":"lt-LT","potentialAction":[{"@type":"ReadAction","target":["https:\/\/tiandeproducts.co.uk\/lt\/kompleksine-odos-prieziura-nuo-rauksliu-amazing-nature-1-vnt\/"]}]},{"@type":"ImageObject","inLanguage":"lt-LT","@id":"https:\/\/tiandeproducts.co.uk\/lt\/kompleksine-odos-prieziura-nuo-rauksliu-amazing-nature-1-vnt\/#primaryimage","url":"https:\/\/tiandeproducts.co.uk\/wp-content\/uploads\/56201.png","contentUrl":"https:\/\/tiandeproducts.co.uk\/wp-content\/uploads\/56201.png","width":700,"height":700},{"@type":"BreadcrumbList","@id":"https:\/\/tiandeproducts.co.uk\/lt\/kompleksine-odos-prieziura-nuo-rauksliu-amazing-nature-1-vnt\/#breadcrumb","itemListElement":[{"@type":"ListItem","position":1,"name":"Home","item":"https:\/\/tiandeproducts.co.uk\/lt\/"},{"@type":"ListItem","position":2,"name":"Shop","item":"https:\/\/tiandeproducts.co.uk\/lt\/shop-2\/"},{"@type":"ListItem","position":3,"name":"Kompleksin\u0117 odos prie\u017ei\u016bra nuo rauk\u0161li\u0173 &#8220;Amazing Nature&#8221; 1 vnt."}]},{"@type":"WebSite","@id":"https:\/\/tiandeproducts.co.uk\/#website","url":"https:\/\/tiandeproducts.co.uk\/","name":"TianDe Online Shop - Beauty & Health","description":"Traditional Chinese Medicine","potentialAction":[{"@type":"SearchAction","target":{"@type":"EntryPoint","urlTemplate":"https:\/\/tiandeproducts.co.uk\/?s={search_term_string}"},"query-input":{"@type":"PropertyValueSpecification","valueRequired":true,"valueName":"search_term_string"}}],"inLanguage":"lt-LT"}]}},"_links":{"self":[{"href":"https:\/\/tiandeproducts.co.uk\/lt\/wp-json\/wp\/v2\/product\/4018","targetHints":{"allow":["GET"]}}],"collection":[{"href":"https:\/\/tiandeproducts.co.uk\/lt\/wp-json\/wp\/v2\/product"}],"about":[{"href":"https:\/\/tiandeproducts.co.uk\/lt\/wp-json\/wp\/v2\/types\/product"}],"replies":[{"embeddable":true,"href":"https:\/\/tiandeproducts.co.uk\/lt\/wp-json\/wp\/v2\/comments?post=4018"}],"wp:featuredmedia":[{"embeddable":true,"href":"https:\/\/tiandeproducts.co.uk\/lt\/wp-json\/wp\/v2\/media\/3170"}],"wp:attachment":[{"href":"https:\/\/tiandeproducts.co.uk\/lt\/wp-json\/wp\/v2\/media?parent=4018"}],"wp:term":[{"taxonomy":"product_cat","embeddable":true,"href":"https:\/\/tiandeproducts.co.uk\/lt\/wp-json\/wp\/v2\/product_cat?post=4018"},{"taxonomy":"product_tag","embeddable":true,"href":"https:\/\/tiandeproducts.co.uk\/lt\/wp-json\/wp\/v2\/product_tag?post=4018"}],"curies":[{"name":"wp","href":"https:\/\/api.w.org\/{rel}","templated":true}]}}