{"id":4017,"date":"2019-07-17T13:37:08","date_gmt":"2019-07-17T12:37:08","guid":{"rendered":"https:\/\/tnd.ontesting.co.uk\/kompleksine-prieziura-skirta-odai-kuriai-budinga-pigmentacija-1-vnt\/"},"modified":"2021-02-12T11:06:18","modified_gmt":"2021-02-12T11:06:18","slug":"kompleksine-prieziura-skirta-odai-kuriai-budinga-pigmentacija-1-vnt","status":"publish","type":"product","link":"https:\/\/tiandeproducts.co.uk\/lt\/kompleksine-prieziura-skirta-odai-kuriai-budinga-pigmentacija-1-vnt\/","title":{"rendered":"Kompleksin\u0117 prie\u017ei\u016bra, skirta odai, kuriai b\u016bdinga pigmentacija ,1 vnt."},"content":{"rendered":"<p><img decoding=\"async\" style=\"max-width: 16px; margin-right: 5px;\" src=\"https:\/\/tiandeproducts.co.uk\/wp-content\/uploads\/points-green.svg\" \/>\u00a0Earn 3 points worth \u00a30.15 when buying this product<\/p>\n<p>J\u016bs\u0173 oda yra linkusi pigmentuoti ir stengiat\u0117s i\u0161vengti saul\u0117s spinduli\u0173? Elgiat\u0117s teisingai, bet to nepakanka! Jums reikia ypatingos prie\u017ei\u016bros. Pigmentacija yra ne tik strazdanos, kurios puo\u0161ia kai kurias moteris, daugeliui tai problema. Pigmentuotai odai reikia patikimos apsaugos.<\/p>\n<p>Kompleksin\u0117 odos prie\u017ei\u016bra pigmentuotai odai &#8211; tai dviej\u0173 puiki\u0173 produkt\u0173 duetas, kuris pad\u0117s jums kovoti su &#8222;d\u0117m\u0117mis&#8221; J\u016bs\u0173 gyvenime!<\/p>\n<p>1 \u017eingsnis: kauk\u0117 eliksyras su saldymed\u017eio \u0161aknimi ir dygliuotu kriau\u0161i\u0173 kaktusu:<br \/>\n&#8211; sulygina veido od\u0105;<br \/>\n&#8211; efektyviai kovoja su pigmentacija ir pagerina odos tekst\u016br\u0105.<\/p>\n<p>2 \u017eingsnis: naudingas kremas, kuris:<br \/>\n&#8211; sustiprina kauk\u0117s poveik\u012f ir giliai dr\u0117kina od\u0105;<br \/>\n&#8211; nat\u016brali\u0173 r\u016bg\u0161tys esan\u010dios sud\u0117tyje stimuliuoja odos atsinaujinim\u0105.<br \/>\nKremas prabangios tekst\u016bros, lengvai \u012fsigeria ir nesukelia sunkumo jausmo.<\/p>\n<p>Nuolatinio komplekso naudojimo rezultatas &#8211; lygi, sudr\u0117kinta oda, gra\u017eus veidas, \u0161velnios rauk\u0161lel\u0117s ir elastingumas!<\/p>\n<p>\u0160is kompleksas gali b\u016bti taikomas ne tik odos polinkiui \u012f pigmentacij\u0105, bet ir odos spalvos pagerinimui. Saugokite od\u0105 nuo ultravioletini\u0173 spinduli\u0173 ir nepamir\u0161kite: saul\u0117 veikia i\u0161tisus metus!<\/p>\n<p><strong>Naudojimas:<\/strong> 1 etapas: ant nuvalytos veido odos u\u017etepkite eliksyr\u0105 &#8211; kauk\u0119 ir palaikykite 15-20 minu\u010di\u0173, tada nuimkite j\u0105, nuplaukite vandeniu. 2 etapas: ant odos i\u0161 karto po eliksyro kauk\u0117s u\u017etepkite krem\u0105 arba po 10-12 valand\u0173 po to, kai j\u012f u\u017etepsite. Gali b\u016bti naudojamas kaip naktinis kremas. Naudoti 1-2 kartus per savait\u0119. Atidarius pakuot\u0119, j\u0105 reikia sunaudoti nedelsiant.<\/p>\n","protected":false},"excerpt":{"rendered":"<p>\u00a0Earn 3 points worth \u00a30.15 when buying this product J\u016bs\u0173 oda yra linkusi pigmentuoti ir stengiat\u0117s i\u0161vengti saul\u0117s spinduli\u0173? Elgiat\u0117s teisingai, bet to nepakanka! Jums reikia ypatingos prie\u017ei\u016bros. Pigmentacija yra ne tik strazdanos, kurios puo\u0161ia kai kurias moteris, daugeliui tai problema. Pigmentuotai odai reikia patikimos apsaugos. Kompleksin\u0117 odos prie\u017ei\u016bra pigmentuotai odai &#8211; tai dviej\u0173 puiki\u0173 [&#8230;]\n","protected":false},"featured_media":3175,"comment_status":"closed","ping_status":"closed","template":"","meta":[],"product_cat":[562,583,506],"product_tag":[],"class_list":{"0":"post-4017","1":"product","2":"type-product","3":"status-publish","4":"has-post-thumbnail","6":"product_cat-kaukes-lt","7":"product_cat-pigmentacija","8":"product_cat-veidui","10":"first","11":"outofstock","12":"shipping-taxable","13":"purchasable","14":"product-type-simple"},"yoast_head":"<!-- This site is optimized with the Yoast SEO plugin v23.6 - https:\/\/yoast.com\/wordpress\/plugins\/seo\/ -->\n<title>Kompleksin\u0117 prie\u017ei\u016bra, skirta odai, kuriai b\u016bdinga pigmentacija ,1 vnt. - TianDe Online Shop - Beauty &amp; Health<\/title>\n<meta name=\"robots\" content=\"index, follow, max-snippet:-1, max-image-preview:large, max-video-preview:-1\" \/>\n<link rel=\"canonical\" href=\"https:\/\/tiandeproducts.co.uk\/lt\/kompleksine-prieziura-skirta-odai-kuriai-budinga-pigmentacija-1-vnt\/\" \/>\n<meta property=\"og:locale\" content=\"lt_LT\" \/>\n<meta property=\"og:type\" content=\"article\" \/>\n<meta property=\"og:title\" content=\"Kompleksin\u0117 prie\u017ei\u016bra, skirta odai, kuriai b\u016bdinga pigmentacija ,1 vnt. - TianDe Online Shop - Beauty &amp; Health\" \/>\n<meta property=\"og:description\" content=\"\u00a0Earn 3 points worth \u00a30.15 when buying this product J\u016bs\u0173 oda yra linkusi pigmentuoti ir stengiat\u0117s i\u0161vengti saul\u0117s spinduli\u0173? Elgiat\u0117s teisingai, bet to nepakanka! Jums reikia ypatingos prie\u017ei\u016bros. Pigmentacija yra ne tik strazdanos, kurios puo\u0161ia kai kurias moteris, daugeliui tai problema. Pigmentuotai odai reikia patikimos apsaugos. Kompleksin\u0117 odos prie\u017ei\u016bra pigmentuotai odai &#8211; tai dviej\u0173 puiki\u0173 [...]\" \/>\n<meta property=\"og:url\" content=\"https:\/\/tiandeproducts.co.uk\/lt\/kompleksine-prieziura-skirta-odai-kuriai-budinga-pigmentacija-1-vnt\/\" \/>\n<meta property=\"og:site_name\" content=\"TianDe Online Shop - Beauty &amp; Health\" \/>\n<meta property=\"article:publisher\" content=\"https:\/\/www.facebook.com\/tiande.products.england\/\" \/>\n<meta property=\"article:modified_time\" content=\"2021-02-12T11:06:18+00:00\" \/>\n<meta property=\"og:image\" content=\"https:\/\/tiandeproducts.co.uk\/wp-content\/uploads\/56202.png\" \/>\n\t<meta property=\"og:image:width\" content=\"700\" \/>\n\t<meta property=\"og:image:height\" content=\"700\" \/>\n\t<meta property=\"og:image:type\" content=\"image\/png\" \/>\n<meta name=\"twitter:card\" content=\"summary_large_image\" \/>\n<meta name=\"twitter:label1\" content=\"Est. reading time\" \/>\n\t<meta name=\"twitter:data1\" content=\"1 minut\u0117\" \/>\n<script type=\"application\/ld+json\" class=\"yoast-schema-graph\">{\"@context\":\"https:\/\/schema.org\",\"@graph\":[{\"@type\":\"WebPage\",\"@id\":\"https:\/\/tiandeproducts.co.uk\/lt\/kompleksine-prieziura-skirta-odai-kuriai-budinga-pigmentacija-1-vnt\/\",\"url\":\"https:\/\/tiandeproducts.co.uk\/lt\/kompleksine-prieziura-skirta-odai-kuriai-budinga-pigmentacija-1-vnt\/\",\"name\":\"Kompleksin\u0117 prie\u017ei\u016bra, skirta odai, kuriai b\u016bdinga pigmentacija ,1 vnt. - TianDe Online Shop - Beauty &amp; Health\",\"isPartOf\":{\"@id\":\"https:\/\/tiandeproducts.co.uk\/#website\"},\"primaryImageOfPage\":{\"@id\":\"https:\/\/tiandeproducts.co.uk\/lt\/kompleksine-prieziura-skirta-odai-kuriai-budinga-pigmentacija-1-vnt\/#primaryimage\"},\"image\":{\"@id\":\"https:\/\/tiandeproducts.co.uk\/lt\/kompleksine-prieziura-skirta-odai-kuriai-budinga-pigmentacija-1-vnt\/#primaryimage\"},\"thumbnailUrl\":\"https:\/\/tiandeproducts.co.uk\/wp-content\/uploads\/56202.png\",\"datePublished\":\"2019-07-17T12:37:08+00:00\",\"dateModified\":\"2021-02-12T11:06:18+00:00\",\"breadcrumb\":{\"@id\":\"https:\/\/tiandeproducts.co.uk\/lt\/kompleksine-prieziura-skirta-odai-kuriai-budinga-pigmentacija-1-vnt\/#breadcrumb\"},\"inLanguage\":\"lt-LT\",\"potentialAction\":[{\"@type\":\"ReadAction\",\"target\":[\"https:\/\/tiandeproducts.co.uk\/lt\/kompleksine-prieziura-skirta-odai-kuriai-budinga-pigmentacija-1-vnt\/\"]}]},{\"@type\":\"ImageObject\",\"inLanguage\":\"lt-LT\",\"@id\":\"https:\/\/tiandeproducts.co.uk\/lt\/kompleksine-prieziura-skirta-odai-kuriai-budinga-pigmentacija-1-vnt\/#primaryimage\",\"url\":\"https:\/\/tiandeproducts.co.uk\/wp-content\/uploads\/56202.png\",\"contentUrl\":\"https:\/\/tiandeproducts.co.uk\/wp-content\/uploads\/56202.png\",\"width\":700,\"height\":700},{\"@type\":\"BreadcrumbList\",\"@id\":\"https:\/\/tiandeproducts.co.uk\/lt\/kompleksine-prieziura-skirta-odai-kuriai-budinga-pigmentacija-1-vnt\/#breadcrumb\",\"itemListElement\":[{\"@type\":\"ListItem\",\"position\":1,\"name\":\"Home\",\"item\":\"https:\/\/tiandeproducts.co.uk\/lt\/\"},{\"@type\":\"ListItem\",\"position\":2,\"name\":\"Shop\",\"item\":\"https:\/\/tiandeproducts.co.uk\/lt\/shop-2\/\"},{\"@type\":\"ListItem\",\"position\":3,\"name\":\"Kompleksin\u0117 prie\u017ei\u016bra, skirta odai, kuriai b\u016bdinga pigmentacija ,1 vnt.\"}]},{\"@type\":\"WebSite\",\"@id\":\"https:\/\/tiandeproducts.co.uk\/#website\",\"url\":\"https:\/\/tiandeproducts.co.uk\/\",\"name\":\"TianDe Online Shop - Beauty & Health\",\"description\":\"Traditional Chinese Medicine\",\"potentialAction\":[{\"@type\":\"SearchAction\",\"target\":{\"@type\":\"EntryPoint\",\"urlTemplate\":\"https:\/\/tiandeproducts.co.uk\/?s={search_term_string}\"},\"query-input\":{\"@type\":\"PropertyValueSpecification\",\"valueRequired\":true,\"valueName\":\"search_term_string\"}}],\"inLanguage\":\"lt-LT\"}]}<\/script>\n<!-- \/ Yoast SEO plugin. -->","yoast_head_json":{"title":"Kompleksin\u0117 prie\u017ei\u016bra, skirta odai, kuriai b\u016bdinga pigmentacija ,1 vnt. - TianDe Online Shop - Beauty &amp; Health","robots":{"index":"index","follow":"follow","max-snippet":"max-snippet:-1","max-image-preview":"max-image-preview:large","max-video-preview":"max-video-preview:-1"},"canonical":"https:\/\/tiandeproducts.co.uk\/lt\/kompleksine-prieziura-skirta-odai-kuriai-budinga-pigmentacija-1-vnt\/","og_locale":"lt_LT","og_type":"article","og_title":"Kompleksin\u0117 prie\u017ei\u016bra, skirta odai, kuriai b\u016bdinga pigmentacija ,1 vnt. - TianDe Online Shop - Beauty &amp; Health","og_description":"\u00a0Earn 3 points worth \u00a30.15 when buying this product J\u016bs\u0173 oda yra linkusi pigmentuoti ir stengiat\u0117s i\u0161vengti saul\u0117s spinduli\u0173? Elgiat\u0117s teisingai, bet to nepakanka! Jums reikia ypatingos prie\u017ei\u016bros. Pigmentacija yra ne tik strazdanos, kurios puo\u0161ia kai kurias moteris, daugeliui tai problema. Pigmentuotai odai reikia patikimos apsaugos. Kompleksin\u0117 odos prie\u017ei\u016bra pigmentuotai odai &#8211; tai dviej\u0173 puiki\u0173 [...]","og_url":"https:\/\/tiandeproducts.co.uk\/lt\/kompleksine-prieziura-skirta-odai-kuriai-budinga-pigmentacija-1-vnt\/","og_site_name":"TianDe Online Shop - Beauty &amp; Health","article_publisher":"https:\/\/www.facebook.com\/tiande.products.england\/","article_modified_time":"2021-02-12T11:06:18+00:00","og_image":[{"width":700,"height":700,"url":"https:\/\/tiandeproducts.co.uk\/wp-content\/uploads\/56202.png","type":"image\/png"}],"twitter_card":"summary_large_image","twitter_misc":{"Est. reading time":"1 minut\u0117"},"schema":{"@context":"https:\/\/schema.org","@graph":[{"@type":"WebPage","@id":"https:\/\/tiandeproducts.co.uk\/lt\/kompleksine-prieziura-skirta-odai-kuriai-budinga-pigmentacija-1-vnt\/","url":"https:\/\/tiandeproducts.co.uk\/lt\/kompleksine-prieziura-skirta-odai-kuriai-budinga-pigmentacija-1-vnt\/","name":"Kompleksin\u0117 prie\u017ei\u016bra, skirta odai, kuriai b\u016bdinga pigmentacija ,1 vnt. - TianDe Online Shop - Beauty &amp; Health","isPartOf":{"@id":"https:\/\/tiandeproducts.co.uk\/#website"},"primaryImageOfPage":{"@id":"https:\/\/tiandeproducts.co.uk\/lt\/kompleksine-prieziura-skirta-odai-kuriai-budinga-pigmentacija-1-vnt\/#primaryimage"},"image":{"@id":"https:\/\/tiandeproducts.co.uk\/lt\/kompleksine-prieziura-skirta-odai-kuriai-budinga-pigmentacija-1-vnt\/#primaryimage"},"thumbnailUrl":"https:\/\/tiandeproducts.co.uk\/wp-content\/uploads\/56202.png","datePublished":"2019-07-17T12:37:08+00:00","dateModified":"2021-02-12T11:06:18+00:00","breadcrumb":{"@id":"https:\/\/tiandeproducts.co.uk\/lt\/kompleksine-prieziura-skirta-odai-kuriai-budinga-pigmentacija-1-vnt\/#breadcrumb"},"inLanguage":"lt-LT","potentialAction":[{"@type":"ReadAction","target":["https:\/\/tiandeproducts.co.uk\/lt\/kompleksine-prieziura-skirta-odai-kuriai-budinga-pigmentacija-1-vnt\/"]}]},{"@type":"ImageObject","inLanguage":"lt-LT","@id":"https:\/\/tiandeproducts.co.uk\/lt\/kompleksine-prieziura-skirta-odai-kuriai-budinga-pigmentacija-1-vnt\/#primaryimage","url":"https:\/\/tiandeproducts.co.uk\/wp-content\/uploads\/56202.png","contentUrl":"https:\/\/tiandeproducts.co.uk\/wp-content\/uploads\/56202.png","width":700,"height":700},{"@type":"BreadcrumbList","@id":"https:\/\/tiandeproducts.co.uk\/lt\/kompleksine-prieziura-skirta-odai-kuriai-budinga-pigmentacija-1-vnt\/#breadcrumb","itemListElement":[{"@type":"ListItem","position":1,"name":"Home","item":"https:\/\/tiandeproducts.co.uk\/lt\/"},{"@type":"ListItem","position":2,"name":"Shop","item":"https:\/\/tiandeproducts.co.uk\/lt\/shop-2\/"},{"@type":"ListItem","position":3,"name":"Kompleksin\u0117 prie\u017ei\u016bra, skirta odai, kuriai b\u016bdinga pigmentacija ,1 vnt."}]},{"@type":"WebSite","@id":"https:\/\/tiandeproducts.co.uk\/#website","url":"https:\/\/tiandeproducts.co.uk\/","name":"TianDe Online Shop - Beauty & Health","description":"Traditional Chinese Medicine","potentialAction":[{"@type":"SearchAction","target":{"@type":"EntryPoint","urlTemplate":"https:\/\/tiandeproducts.co.uk\/?s={search_term_string}"},"query-input":{"@type":"PropertyValueSpecification","valueRequired":true,"valueName":"search_term_string"}}],"inLanguage":"lt-LT"}]}},"_links":{"self":[{"href":"https:\/\/tiandeproducts.co.uk\/lt\/wp-json\/wp\/v2\/product\/4017","targetHints":{"allow":["GET"]}}],"collection":[{"href":"https:\/\/tiandeproducts.co.uk\/lt\/wp-json\/wp\/v2\/product"}],"about":[{"href":"https:\/\/tiandeproducts.co.uk\/lt\/wp-json\/wp\/v2\/types\/product"}],"replies":[{"embeddable":true,"href":"https:\/\/tiandeproducts.co.uk\/lt\/wp-json\/wp\/v2\/comments?post=4017"}],"wp:featuredmedia":[{"embeddable":true,"href":"https:\/\/tiandeproducts.co.uk\/lt\/wp-json\/wp\/v2\/media\/3175"}],"wp:attachment":[{"href":"https:\/\/tiandeproducts.co.uk\/lt\/wp-json\/wp\/v2\/media?parent=4017"}],"wp:term":[{"taxonomy":"product_cat","embeddable":true,"href":"https:\/\/tiandeproducts.co.uk\/lt\/wp-json\/wp\/v2\/product_cat?post=4017"},{"taxonomy":"product_tag","embeddable":true,"href":"https:\/\/tiandeproducts.co.uk\/lt\/wp-json\/wp\/v2\/product_tag?post=4017"}],"curies":[{"name":"wp","href":"https:\/\/api.w.org\/{rel}","templated":true}]}}