{"id":4016,"date":"2019-07-17T13:50:43","date_gmt":"2019-07-17T12:50:43","guid":{"rendered":"https:\/\/tnd.ontesting.co.uk\/kompleksine-prieziura-siekiant-sustangrinti-ir-pagerinti-odos-elastinguma-1-vnt\/"},"modified":"2021-02-12T11:05:25","modified_gmt":"2021-02-12T11:05:25","slug":"kompleksine-prieziura-siekiant-sustangrinti-ir-pagerinti-odos-elastinguma-1-vnt","status":"publish","type":"product","link":"https:\/\/tiandeproducts.co.uk\/lt\/kompleksine-prieziura-siekiant-sustangrinti-ir-pagerinti-odos-elastinguma-1-vnt\/","title":{"rendered":"Kompleksin\u0117 prie\u017ei\u016bra, siekiant sustangrinti ir pagerinti odos elastingum\u0105 ,1 vnt."},"content":{"rendered":"<p><img decoding=\"async\" style=\"max-width: 16px; margin-right: 5px;\" src=\"https:\/\/tiandeproducts.co.uk\/wp-content\/uploads\/points-green.svg\" \/>\u00a0Earn 3 points worth \u00a30.15 when buying this product<\/p>\n<p>Po 25 met\u0173 med\u017eiag\u0173 apykaitos procesai sul\u0117t\u0117ja, kolageno gamyba odoje ma\u017e\u0117ja, vytimo procesas palaipsniui prasideda. Pasteb\u0117jau odos elastingumo suma\u017e\u0117jim\u0105 ir pirm\u0105sias rauk\u0161les ant veido? J\u016bs\u0173 galioje prat\u0119sti jaunyst\u0119 kuo ilgiau!<\/p>\n<p>Kompleksin\u0117 prie\u017ei\u016bra, kuria siekiama sustangrinti ir pagerinti veido odos elastingum\u0105, puikiai dr\u0117kina ir maitina od\u0105, stiprina lipid\u0173 barjer\u0105, padeda i\u0161lyginti rauk\u0161les. Du paprasti \u017eingsniai &#8211; ir J\u016bs v\u0117l \u0161ypsot\u0117s veidrodyje.<\/p>\n<p>1 \u017eingsnis: kauk\u0117 eliksyras su Azijos Centella, apyni\u0173 ir saldymed\u017eio \u0161akn\u0173 ekstraktais:<br \/>\n&#8211; prisideda prie odos atsinaujinimo ir sustangrinimo;<br \/>\n&#8211; didina jos tonus\u0105 ir elastingum\u0105;<br \/>\n&#8211; r\u016bpinasi jautria ir problemine oda.<\/p>\n<p>2 \u017eingsnis: naudingas kremas, kuris nustato kauk\u0117s veikim\u0105:<br \/>\n&#8211; giliai dr\u0117kina od\u0105 ir suteikia jai spindesio;<br \/>\n&#8211; nat\u016brali\u0173 r\u016bg\u0161tys esan\u010dios sud\u0117tyje stimuliuoja odos atsinaujinim\u0105.<br \/>\nKremas prabangios tekst\u016bros, lengvai \u012fsigeria ir nesukelia sunkumo jausmo. Reguliaraus naudojimo rezultatas &#8211; atnaujinta ir sustangr\u0117jusi oda!<\/p>\n","protected":false},"excerpt":{"rendered":"<p>\u00a0Earn 3 points worth \u00a30.15 when buying this product Po 25 met\u0173 med\u017eiag\u0173 apykaitos procesai sul\u0117t\u0117ja, kolageno gamyba odoje ma\u017e\u0117ja, vytimo procesas palaipsniui prasideda. Pasteb\u0117jau odos elastingumo suma\u017e\u0117jim\u0105 ir pirm\u0105sias rauk\u0161les ant veido? J\u016bs\u0173 galioje prat\u0119sti jaunyst\u0119 kuo ilgiau! Kompleksin\u0117 prie\u017ei\u016bra, kuria siekiama sustangrinti ir pagerinti veido odos elastingum\u0105, puikiai dr\u0117kina ir maitina od\u0105, stiprina [&#8230;]\n","protected":false},"featured_media":3180,"comment_status":"closed","ping_status":"closed","template":"","meta":[],"product_cat":[562,571,563,506],"product_tag":[],"class_list":{"0":"post-4016","1":"product","2":"type-product","3":"status-publish","4":"has-post-thumbnail","6":"product_cat-kaukes-lt","7":"product_cat-liftingas","8":"product_cat-odos-elastngumas","9":"product_cat-veidui","11":"first","12":"outofstock","13":"shipping-taxable","14":"purchasable","15":"product-type-simple"},"yoast_head":"<!-- This site is optimized with the Yoast SEO plugin v23.6 - https:\/\/yoast.com\/wordpress\/plugins\/seo\/ -->\n<title>Kompleksin\u0117 prie\u017ei\u016bra, siekiant sustangrinti ir pagerinti odos elastingum\u0105 ,1 vnt. - TianDe Online Shop - Beauty &amp; Health<\/title>\n<meta name=\"robots\" content=\"index, follow, max-snippet:-1, max-image-preview:large, max-video-preview:-1\" \/>\n<link rel=\"canonical\" href=\"https:\/\/tiandeproducts.co.uk\/lt\/kompleksine-prieziura-siekiant-sustangrinti-ir-pagerinti-odos-elastinguma-1-vnt\/\" \/>\n<meta property=\"og:locale\" content=\"lt_LT\" \/>\n<meta property=\"og:type\" content=\"article\" \/>\n<meta property=\"og:title\" content=\"Kompleksin\u0117 prie\u017ei\u016bra, siekiant sustangrinti ir pagerinti odos elastingum\u0105 ,1 vnt. - TianDe Online Shop - Beauty &amp; Health\" \/>\n<meta property=\"og:description\" content=\"\u00a0Earn 3 points worth \u00a30.15 when buying this product Po 25 met\u0173 med\u017eiag\u0173 apykaitos procesai sul\u0117t\u0117ja, kolageno gamyba odoje ma\u017e\u0117ja, vytimo procesas palaipsniui prasideda. Pasteb\u0117jau odos elastingumo suma\u017e\u0117jim\u0105 ir pirm\u0105sias rauk\u0161les ant veido? J\u016bs\u0173 galioje prat\u0119sti jaunyst\u0119 kuo ilgiau! Kompleksin\u0117 prie\u017ei\u016bra, kuria siekiama sustangrinti ir pagerinti veido odos elastingum\u0105, puikiai dr\u0117kina ir maitina od\u0105, stiprina [...]\" \/>\n<meta property=\"og:url\" content=\"https:\/\/tiandeproducts.co.uk\/lt\/kompleksine-prieziura-siekiant-sustangrinti-ir-pagerinti-odos-elastinguma-1-vnt\/\" \/>\n<meta property=\"og:site_name\" content=\"TianDe Online Shop - Beauty &amp; Health\" \/>\n<meta property=\"article:publisher\" content=\"https:\/\/www.facebook.com\/tiande.products.england\/\" \/>\n<meta property=\"article:modified_time\" content=\"2021-02-12T11:05:25+00:00\" \/>\n<meta property=\"og:image\" content=\"https:\/\/tiandeproducts.co.uk\/wp-content\/uploads\/56203.png\" \/>\n\t<meta property=\"og:image:width\" content=\"700\" \/>\n\t<meta property=\"og:image:height\" content=\"700\" \/>\n\t<meta property=\"og:image:type\" content=\"image\/png\" \/>\n<meta name=\"twitter:card\" content=\"summary_large_image\" \/>\n<meta name=\"twitter:label1\" content=\"Est. reading time\" \/>\n\t<meta name=\"twitter:data1\" content=\"1 minut\u0117\" \/>\n<script type=\"application\/ld+json\" class=\"yoast-schema-graph\">{\"@context\":\"https:\/\/schema.org\",\"@graph\":[{\"@type\":\"WebPage\",\"@id\":\"https:\/\/tiandeproducts.co.uk\/lt\/kompleksine-prieziura-siekiant-sustangrinti-ir-pagerinti-odos-elastinguma-1-vnt\/\",\"url\":\"https:\/\/tiandeproducts.co.uk\/lt\/kompleksine-prieziura-siekiant-sustangrinti-ir-pagerinti-odos-elastinguma-1-vnt\/\",\"name\":\"Kompleksin\u0117 prie\u017ei\u016bra, siekiant sustangrinti ir pagerinti odos elastingum\u0105 ,1 vnt. - TianDe Online Shop - Beauty &amp; Health\",\"isPartOf\":{\"@id\":\"https:\/\/tiandeproducts.co.uk\/#website\"},\"primaryImageOfPage\":{\"@id\":\"https:\/\/tiandeproducts.co.uk\/lt\/kompleksine-prieziura-siekiant-sustangrinti-ir-pagerinti-odos-elastinguma-1-vnt\/#primaryimage\"},\"image\":{\"@id\":\"https:\/\/tiandeproducts.co.uk\/lt\/kompleksine-prieziura-siekiant-sustangrinti-ir-pagerinti-odos-elastinguma-1-vnt\/#primaryimage\"},\"thumbnailUrl\":\"https:\/\/tiandeproducts.co.uk\/wp-content\/uploads\/56203.png\",\"datePublished\":\"2019-07-17T12:50:43+00:00\",\"dateModified\":\"2021-02-12T11:05:25+00:00\",\"breadcrumb\":{\"@id\":\"https:\/\/tiandeproducts.co.uk\/lt\/kompleksine-prieziura-siekiant-sustangrinti-ir-pagerinti-odos-elastinguma-1-vnt\/#breadcrumb\"},\"inLanguage\":\"lt-LT\",\"potentialAction\":[{\"@type\":\"ReadAction\",\"target\":[\"https:\/\/tiandeproducts.co.uk\/lt\/kompleksine-prieziura-siekiant-sustangrinti-ir-pagerinti-odos-elastinguma-1-vnt\/\"]}]},{\"@type\":\"ImageObject\",\"inLanguage\":\"lt-LT\",\"@id\":\"https:\/\/tiandeproducts.co.uk\/lt\/kompleksine-prieziura-siekiant-sustangrinti-ir-pagerinti-odos-elastinguma-1-vnt\/#primaryimage\",\"url\":\"https:\/\/tiandeproducts.co.uk\/wp-content\/uploads\/56203.png\",\"contentUrl\":\"https:\/\/tiandeproducts.co.uk\/wp-content\/uploads\/56203.png\",\"width\":700,\"height\":700},{\"@type\":\"BreadcrumbList\",\"@id\":\"https:\/\/tiandeproducts.co.uk\/lt\/kompleksine-prieziura-siekiant-sustangrinti-ir-pagerinti-odos-elastinguma-1-vnt\/#breadcrumb\",\"itemListElement\":[{\"@type\":\"ListItem\",\"position\":1,\"name\":\"Home\",\"item\":\"https:\/\/tiandeproducts.co.uk\/lt\/\"},{\"@type\":\"ListItem\",\"position\":2,\"name\":\"Shop\",\"item\":\"https:\/\/tiandeproducts.co.uk\/lt\/shop-2\/\"},{\"@type\":\"ListItem\",\"position\":3,\"name\":\"Kompleksin\u0117 prie\u017ei\u016bra, siekiant sustangrinti ir pagerinti odos elastingum\u0105 ,1 vnt.\"}]},{\"@type\":\"WebSite\",\"@id\":\"https:\/\/tiandeproducts.co.uk\/#website\",\"url\":\"https:\/\/tiandeproducts.co.uk\/\",\"name\":\"TianDe Online Shop - Beauty & Health\",\"description\":\"Traditional Chinese Medicine\",\"potentialAction\":[{\"@type\":\"SearchAction\",\"target\":{\"@type\":\"EntryPoint\",\"urlTemplate\":\"https:\/\/tiandeproducts.co.uk\/?s={search_term_string}\"},\"query-input\":{\"@type\":\"PropertyValueSpecification\",\"valueRequired\":true,\"valueName\":\"search_term_string\"}}],\"inLanguage\":\"lt-LT\"}]}<\/script>\n<!-- \/ Yoast SEO plugin. -->","yoast_head_json":{"title":"Kompleksin\u0117 prie\u017ei\u016bra, siekiant sustangrinti ir pagerinti odos elastingum\u0105 ,1 vnt. - TianDe Online Shop - Beauty &amp; Health","robots":{"index":"index","follow":"follow","max-snippet":"max-snippet:-1","max-image-preview":"max-image-preview:large","max-video-preview":"max-video-preview:-1"},"canonical":"https:\/\/tiandeproducts.co.uk\/lt\/kompleksine-prieziura-siekiant-sustangrinti-ir-pagerinti-odos-elastinguma-1-vnt\/","og_locale":"lt_LT","og_type":"article","og_title":"Kompleksin\u0117 prie\u017ei\u016bra, siekiant sustangrinti ir pagerinti odos elastingum\u0105 ,1 vnt. - TianDe Online Shop - Beauty &amp; Health","og_description":"\u00a0Earn 3 points worth \u00a30.15 when buying this product Po 25 met\u0173 med\u017eiag\u0173 apykaitos procesai sul\u0117t\u0117ja, kolageno gamyba odoje ma\u017e\u0117ja, vytimo procesas palaipsniui prasideda. Pasteb\u0117jau odos elastingumo suma\u017e\u0117jim\u0105 ir pirm\u0105sias rauk\u0161les ant veido? J\u016bs\u0173 galioje prat\u0119sti jaunyst\u0119 kuo ilgiau! Kompleksin\u0117 prie\u017ei\u016bra, kuria siekiama sustangrinti ir pagerinti veido odos elastingum\u0105, puikiai dr\u0117kina ir maitina od\u0105, stiprina [...]","og_url":"https:\/\/tiandeproducts.co.uk\/lt\/kompleksine-prieziura-siekiant-sustangrinti-ir-pagerinti-odos-elastinguma-1-vnt\/","og_site_name":"TianDe Online Shop - Beauty &amp; Health","article_publisher":"https:\/\/www.facebook.com\/tiande.products.england\/","article_modified_time":"2021-02-12T11:05:25+00:00","og_image":[{"width":700,"height":700,"url":"https:\/\/tiandeproducts.co.uk\/wp-content\/uploads\/56203.png","type":"image\/png"}],"twitter_card":"summary_large_image","twitter_misc":{"Est. reading time":"1 minut\u0117"},"schema":{"@context":"https:\/\/schema.org","@graph":[{"@type":"WebPage","@id":"https:\/\/tiandeproducts.co.uk\/lt\/kompleksine-prieziura-siekiant-sustangrinti-ir-pagerinti-odos-elastinguma-1-vnt\/","url":"https:\/\/tiandeproducts.co.uk\/lt\/kompleksine-prieziura-siekiant-sustangrinti-ir-pagerinti-odos-elastinguma-1-vnt\/","name":"Kompleksin\u0117 prie\u017ei\u016bra, siekiant sustangrinti ir pagerinti odos elastingum\u0105 ,1 vnt. - TianDe Online Shop - Beauty &amp; Health","isPartOf":{"@id":"https:\/\/tiandeproducts.co.uk\/#website"},"primaryImageOfPage":{"@id":"https:\/\/tiandeproducts.co.uk\/lt\/kompleksine-prieziura-siekiant-sustangrinti-ir-pagerinti-odos-elastinguma-1-vnt\/#primaryimage"},"image":{"@id":"https:\/\/tiandeproducts.co.uk\/lt\/kompleksine-prieziura-siekiant-sustangrinti-ir-pagerinti-odos-elastinguma-1-vnt\/#primaryimage"},"thumbnailUrl":"https:\/\/tiandeproducts.co.uk\/wp-content\/uploads\/56203.png","datePublished":"2019-07-17T12:50:43+00:00","dateModified":"2021-02-12T11:05:25+00:00","breadcrumb":{"@id":"https:\/\/tiandeproducts.co.uk\/lt\/kompleksine-prieziura-siekiant-sustangrinti-ir-pagerinti-odos-elastinguma-1-vnt\/#breadcrumb"},"inLanguage":"lt-LT","potentialAction":[{"@type":"ReadAction","target":["https:\/\/tiandeproducts.co.uk\/lt\/kompleksine-prieziura-siekiant-sustangrinti-ir-pagerinti-odos-elastinguma-1-vnt\/"]}]},{"@type":"ImageObject","inLanguage":"lt-LT","@id":"https:\/\/tiandeproducts.co.uk\/lt\/kompleksine-prieziura-siekiant-sustangrinti-ir-pagerinti-odos-elastinguma-1-vnt\/#primaryimage","url":"https:\/\/tiandeproducts.co.uk\/wp-content\/uploads\/56203.png","contentUrl":"https:\/\/tiandeproducts.co.uk\/wp-content\/uploads\/56203.png","width":700,"height":700},{"@type":"BreadcrumbList","@id":"https:\/\/tiandeproducts.co.uk\/lt\/kompleksine-prieziura-siekiant-sustangrinti-ir-pagerinti-odos-elastinguma-1-vnt\/#breadcrumb","itemListElement":[{"@type":"ListItem","position":1,"name":"Home","item":"https:\/\/tiandeproducts.co.uk\/lt\/"},{"@type":"ListItem","position":2,"name":"Shop","item":"https:\/\/tiandeproducts.co.uk\/lt\/shop-2\/"},{"@type":"ListItem","position":3,"name":"Kompleksin\u0117 prie\u017ei\u016bra, siekiant sustangrinti ir pagerinti odos elastingum\u0105 ,1 vnt."}]},{"@type":"WebSite","@id":"https:\/\/tiandeproducts.co.uk\/#website","url":"https:\/\/tiandeproducts.co.uk\/","name":"TianDe Online Shop - Beauty & Health","description":"Traditional Chinese Medicine","potentialAction":[{"@type":"SearchAction","target":{"@type":"EntryPoint","urlTemplate":"https:\/\/tiandeproducts.co.uk\/?s={search_term_string}"},"query-input":{"@type":"PropertyValueSpecification","valueRequired":true,"valueName":"search_term_string"}}],"inLanguage":"lt-LT"}]}},"_links":{"self":[{"href":"https:\/\/tiandeproducts.co.uk\/lt\/wp-json\/wp\/v2\/product\/4016","targetHints":{"allow":["GET"]}}],"collection":[{"href":"https:\/\/tiandeproducts.co.uk\/lt\/wp-json\/wp\/v2\/product"}],"about":[{"href":"https:\/\/tiandeproducts.co.uk\/lt\/wp-json\/wp\/v2\/types\/product"}],"replies":[{"embeddable":true,"href":"https:\/\/tiandeproducts.co.uk\/lt\/wp-json\/wp\/v2\/comments?post=4016"}],"wp:featuredmedia":[{"embeddable":true,"href":"https:\/\/tiandeproducts.co.uk\/lt\/wp-json\/wp\/v2\/media\/3180"}],"wp:attachment":[{"href":"https:\/\/tiandeproducts.co.uk\/lt\/wp-json\/wp\/v2\/media?parent=4016"}],"wp:term":[{"taxonomy":"product_cat","embeddable":true,"href":"https:\/\/tiandeproducts.co.uk\/lt\/wp-json\/wp\/v2\/product_cat?post=4016"},{"taxonomy":"product_tag","embeddable":true,"href":"https:\/\/tiandeproducts.co.uk\/lt\/wp-json\/wp\/v2\/product_tag?post=4016"}],"curies":[{"name":"wp","href":"https:\/\/api.w.org\/{rel}","templated":true}]}}