{"id":4015,"date":"2019-07-17T19:37:08","date_gmt":"2019-07-17T18:37:08","guid":{"rendered":"https:\/\/tnd.ontesting.co.uk\/mentele-kremui-1-vnt\/"},"modified":"2021-02-12T10:59:41","modified_gmt":"2021-02-12T10:59:41","slug":"mentele-kremui-1-vnt","status":"publish","type":"product","link":"https:\/\/tiandeproducts.co.uk\/lt\/mentele-kremui-1-vnt\/","title":{"rendered":"Mentel\u0117 kremui 1 vnt."},"content":{"rendered":"<p><img decoding=\"async\" style=\"max-width: 16px; margin-right: 5px;\" src=\"https:\/\/tiandeproducts.co.uk\/wp-content\/uploads\/points-green.svg\" \/>\u00a0Earn 1 points worth \u00a30.05 when buying this product<\/p>\n<p>Mentel\u0117 kremui yra gro\u017eio \u012frankis, kuris kasdienines veido proced\u016bras padarys patogesnes ir saugesnes. Naudojant mentel\u0119 kosmetikos priemon\u0117s i\u0161silaikys ilgiau, nes bakterij\u0173 \u012fsiskverbimo \u012f jas rizika bus ma\u017eesn\u0117, o tai sutrumpina kosmetikos laikymo laik\u0105.<\/p>\n<p>Pagaminta i\u0161 auk\u0161tos kokyb\u0117s plastiko.<\/p>\n<p><strong>Naudojimas:<\/strong> po naudojimo i\u0161valykite mentel\u0119 nuo kremo liku\u010di\u0173 su plovikliu, nusausinkite.<\/p>\n","protected":false},"excerpt":{"rendered":"<p>\u00a0Earn 1 points worth \u00a30.05 when buying this product Mentel\u0117 kremui yra gro\u017eio \u012frankis, kuris kasdienines veido proced\u016bras padarys patogesnes ir saugesnes. Naudojant mentel\u0119 kosmetikos priemon\u0117s i\u0161silaikys ilgiau, nes bakterij\u0173 \u012fsiskverbimo \u012f jas rizika bus ma\u017eesn\u0117, o tai sutrumpina kosmetikos laikymo laik\u0105. Pagaminta i\u0161 auk\u0161tos kokyb\u0117s plastiko. Naudojimas: po naudojimo i\u0161valykite mentel\u0119 nuo kremo liku\u010di\u0173 [&#8230;]\n","protected":false},"featured_media":3227,"comment_status":"closed","ping_status":"closed","template":"","meta":[],"product_cat":[461,467,506],"product_tag":[],"class_list":{"0":"post-4015","1":"product","2":"type-product","3":"status-publish","4":"has-post-thumbnail","6":"product_cat-aksesuarai","7":"product_cat-kosmetikos-reikmenys","8":"product_cat-veidui","10":"first","11":"instock","12":"shipping-taxable","13":"purchasable","14":"product-type-simple"},"yoast_head":"<!-- This site is optimized with the Yoast SEO plugin v23.6 - https:\/\/yoast.com\/wordpress\/plugins\/seo\/ -->\n<title>Mentel\u0117 kremui 1 vnt. - TianDe Online Shop - Beauty &amp; Health<\/title>\n<meta name=\"robots\" content=\"index, follow, max-snippet:-1, max-image-preview:large, max-video-preview:-1\" \/>\n<link rel=\"canonical\" href=\"https:\/\/tiandeproducts.co.uk\/lt\/mentele-kremui-1-vnt\/\" \/>\n<meta property=\"og:locale\" content=\"lt_LT\" \/>\n<meta property=\"og:type\" content=\"article\" \/>\n<meta property=\"og:title\" content=\"Mentel\u0117 kremui 1 vnt. - TianDe Online Shop - Beauty &amp; Health\" \/>\n<meta property=\"og:description\" content=\"\u00a0Earn 1 points worth \u00a30.05 when buying this product Mentel\u0117 kremui yra gro\u017eio \u012frankis, kuris kasdienines veido proced\u016bras padarys patogesnes ir saugesnes. Naudojant mentel\u0119 kosmetikos priemon\u0117s i\u0161silaikys ilgiau, nes bakterij\u0173 \u012fsiskverbimo \u012f jas rizika bus ma\u017eesn\u0117, o tai sutrumpina kosmetikos laikymo laik\u0105. Pagaminta i\u0161 auk\u0161tos kokyb\u0117s plastiko. Naudojimas: po naudojimo i\u0161valykite mentel\u0119 nuo kremo liku\u010di\u0173 [...]\" \/>\n<meta property=\"og:url\" content=\"https:\/\/tiandeproducts.co.uk\/lt\/mentele-kremui-1-vnt\/\" \/>\n<meta property=\"og:site_name\" content=\"TianDe Online Shop - Beauty &amp; Health\" \/>\n<meta property=\"article:publisher\" content=\"https:\/\/www.facebook.com\/tiande.products.england\/\" \/>\n<meta property=\"article:modified_time\" content=\"2021-02-12T10:59:41+00:00\" \/>\n<meta property=\"og:image\" content=\"https:\/\/tiandeproducts.co.uk\/wp-content\/uploads\/90186.png\" \/>\n\t<meta property=\"og:image:width\" content=\"700\" \/>\n\t<meta property=\"og:image:height\" content=\"700\" \/>\n\t<meta property=\"og:image:type\" content=\"image\/png\" \/>\n<meta name=\"twitter:card\" content=\"summary_large_image\" \/>\n<script type=\"application\/ld+json\" class=\"yoast-schema-graph\">{\"@context\":\"https:\/\/schema.org\",\"@graph\":[{\"@type\":\"WebPage\",\"@id\":\"https:\/\/tiandeproducts.co.uk\/lt\/mentele-kremui-1-vnt\/\",\"url\":\"https:\/\/tiandeproducts.co.uk\/lt\/mentele-kremui-1-vnt\/\",\"name\":\"Mentel\u0117 kremui 1 vnt. - TianDe Online Shop - Beauty &amp; Health\",\"isPartOf\":{\"@id\":\"https:\/\/tiandeproducts.co.uk\/#website\"},\"primaryImageOfPage\":{\"@id\":\"https:\/\/tiandeproducts.co.uk\/lt\/mentele-kremui-1-vnt\/#primaryimage\"},\"image\":{\"@id\":\"https:\/\/tiandeproducts.co.uk\/lt\/mentele-kremui-1-vnt\/#primaryimage\"},\"thumbnailUrl\":\"https:\/\/tiandeproducts.co.uk\/wp-content\/uploads\/90186.png\",\"datePublished\":\"2019-07-17T18:37:08+00:00\",\"dateModified\":\"2021-02-12T10:59:41+00:00\",\"breadcrumb\":{\"@id\":\"https:\/\/tiandeproducts.co.uk\/lt\/mentele-kremui-1-vnt\/#breadcrumb\"},\"inLanguage\":\"lt-LT\",\"potentialAction\":[{\"@type\":\"ReadAction\",\"target\":[\"https:\/\/tiandeproducts.co.uk\/lt\/mentele-kremui-1-vnt\/\"]}]},{\"@type\":\"ImageObject\",\"inLanguage\":\"lt-LT\",\"@id\":\"https:\/\/tiandeproducts.co.uk\/lt\/mentele-kremui-1-vnt\/#primaryimage\",\"url\":\"https:\/\/tiandeproducts.co.uk\/wp-content\/uploads\/90186.png\",\"contentUrl\":\"https:\/\/tiandeproducts.co.uk\/wp-content\/uploads\/90186.png\",\"width\":700,\"height\":700},{\"@type\":\"BreadcrumbList\",\"@id\":\"https:\/\/tiandeproducts.co.uk\/lt\/mentele-kremui-1-vnt\/#breadcrumb\",\"itemListElement\":[{\"@type\":\"ListItem\",\"position\":1,\"name\":\"Home\",\"item\":\"https:\/\/tiandeproducts.co.uk\/lt\/\"},{\"@type\":\"ListItem\",\"position\":2,\"name\":\"Shop\",\"item\":\"https:\/\/tiandeproducts.co.uk\/lt\/shop-2\/\"},{\"@type\":\"ListItem\",\"position\":3,\"name\":\"Mentel\u0117 kremui 1 vnt.\"}]},{\"@type\":\"WebSite\",\"@id\":\"https:\/\/tiandeproducts.co.uk\/#website\",\"url\":\"https:\/\/tiandeproducts.co.uk\/\",\"name\":\"TianDe Online Shop - Beauty & Health\",\"description\":\"Traditional Chinese Medicine\",\"potentialAction\":[{\"@type\":\"SearchAction\",\"target\":{\"@type\":\"EntryPoint\",\"urlTemplate\":\"https:\/\/tiandeproducts.co.uk\/?s={search_term_string}\"},\"query-input\":{\"@type\":\"PropertyValueSpecification\",\"valueRequired\":true,\"valueName\":\"search_term_string\"}}],\"inLanguage\":\"lt-LT\"}]}<\/script>\n<!-- \/ Yoast SEO plugin. -->","yoast_head_json":{"title":"Mentel\u0117 kremui 1 vnt. - TianDe Online Shop - Beauty &amp; Health","robots":{"index":"index","follow":"follow","max-snippet":"max-snippet:-1","max-image-preview":"max-image-preview:large","max-video-preview":"max-video-preview:-1"},"canonical":"https:\/\/tiandeproducts.co.uk\/lt\/mentele-kremui-1-vnt\/","og_locale":"lt_LT","og_type":"article","og_title":"Mentel\u0117 kremui 1 vnt. - TianDe Online Shop - Beauty &amp; Health","og_description":"\u00a0Earn 1 points worth \u00a30.05 when buying this product Mentel\u0117 kremui yra gro\u017eio \u012frankis, kuris kasdienines veido proced\u016bras padarys patogesnes ir saugesnes. Naudojant mentel\u0119 kosmetikos priemon\u0117s i\u0161silaikys ilgiau, nes bakterij\u0173 \u012fsiskverbimo \u012f jas rizika bus ma\u017eesn\u0117, o tai sutrumpina kosmetikos laikymo laik\u0105. Pagaminta i\u0161 auk\u0161tos kokyb\u0117s plastiko. Naudojimas: po naudojimo i\u0161valykite mentel\u0119 nuo kremo liku\u010di\u0173 [...]","og_url":"https:\/\/tiandeproducts.co.uk\/lt\/mentele-kremui-1-vnt\/","og_site_name":"TianDe Online Shop - Beauty &amp; Health","article_publisher":"https:\/\/www.facebook.com\/tiande.products.england\/","article_modified_time":"2021-02-12T10:59:41+00:00","og_image":[{"width":700,"height":700,"url":"https:\/\/tiandeproducts.co.uk\/wp-content\/uploads\/90186.png","type":"image\/png"}],"twitter_card":"summary_large_image","schema":{"@context":"https:\/\/schema.org","@graph":[{"@type":"WebPage","@id":"https:\/\/tiandeproducts.co.uk\/lt\/mentele-kremui-1-vnt\/","url":"https:\/\/tiandeproducts.co.uk\/lt\/mentele-kremui-1-vnt\/","name":"Mentel\u0117 kremui 1 vnt. - TianDe Online Shop - Beauty &amp; Health","isPartOf":{"@id":"https:\/\/tiandeproducts.co.uk\/#website"},"primaryImageOfPage":{"@id":"https:\/\/tiandeproducts.co.uk\/lt\/mentele-kremui-1-vnt\/#primaryimage"},"image":{"@id":"https:\/\/tiandeproducts.co.uk\/lt\/mentele-kremui-1-vnt\/#primaryimage"},"thumbnailUrl":"https:\/\/tiandeproducts.co.uk\/wp-content\/uploads\/90186.png","datePublished":"2019-07-17T18:37:08+00:00","dateModified":"2021-02-12T10:59:41+00:00","breadcrumb":{"@id":"https:\/\/tiandeproducts.co.uk\/lt\/mentele-kremui-1-vnt\/#breadcrumb"},"inLanguage":"lt-LT","potentialAction":[{"@type":"ReadAction","target":["https:\/\/tiandeproducts.co.uk\/lt\/mentele-kremui-1-vnt\/"]}]},{"@type":"ImageObject","inLanguage":"lt-LT","@id":"https:\/\/tiandeproducts.co.uk\/lt\/mentele-kremui-1-vnt\/#primaryimage","url":"https:\/\/tiandeproducts.co.uk\/wp-content\/uploads\/90186.png","contentUrl":"https:\/\/tiandeproducts.co.uk\/wp-content\/uploads\/90186.png","width":700,"height":700},{"@type":"BreadcrumbList","@id":"https:\/\/tiandeproducts.co.uk\/lt\/mentele-kremui-1-vnt\/#breadcrumb","itemListElement":[{"@type":"ListItem","position":1,"name":"Home","item":"https:\/\/tiandeproducts.co.uk\/lt\/"},{"@type":"ListItem","position":2,"name":"Shop","item":"https:\/\/tiandeproducts.co.uk\/lt\/shop-2\/"},{"@type":"ListItem","position":3,"name":"Mentel\u0117 kremui 1 vnt."}]},{"@type":"WebSite","@id":"https:\/\/tiandeproducts.co.uk\/#website","url":"https:\/\/tiandeproducts.co.uk\/","name":"TianDe Online Shop - Beauty & Health","description":"Traditional Chinese Medicine","potentialAction":[{"@type":"SearchAction","target":{"@type":"EntryPoint","urlTemplate":"https:\/\/tiandeproducts.co.uk\/?s={search_term_string}"},"query-input":{"@type":"PropertyValueSpecification","valueRequired":true,"valueName":"search_term_string"}}],"inLanguage":"lt-LT"}]}},"_links":{"self":[{"href":"https:\/\/tiandeproducts.co.uk\/lt\/wp-json\/wp\/v2\/product\/4015","targetHints":{"allow":["GET"]}}],"collection":[{"href":"https:\/\/tiandeproducts.co.uk\/lt\/wp-json\/wp\/v2\/product"}],"about":[{"href":"https:\/\/tiandeproducts.co.uk\/lt\/wp-json\/wp\/v2\/types\/product"}],"replies":[{"embeddable":true,"href":"https:\/\/tiandeproducts.co.uk\/lt\/wp-json\/wp\/v2\/comments?post=4015"}],"wp:featuredmedia":[{"embeddable":true,"href":"https:\/\/tiandeproducts.co.uk\/lt\/wp-json\/wp\/v2\/media\/3227"}],"wp:attachment":[{"href":"https:\/\/tiandeproducts.co.uk\/lt\/wp-json\/wp\/v2\/media?parent=4015"}],"wp:term":[{"taxonomy":"product_cat","embeddable":true,"href":"https:\/\/tiandeproducts.co.uk\/lt\/wp-json\/wp\/v2\/product_cat?post=4015"},{"taxonomy":"product_tag","embeddable":true,"href":"https:\/\/tiandeproducts.co.uk\/lt\/wp-json\/wp\/v2\/product_tag?post=4015"}],"curies":[{"name":"wp","href":"https:\/\/api.w.org\/{rel}","templated":true}]}}