{"id":4012,"date":"2019-07-17T21:10:20","date_gmt":"2019-07-17T20:10:20","guid":{"rendered":"https:\/\/tnd.ontesting.co.uk\/stiprinantis-serumas-blakstienoms-ir-antakiams-5-ml\/"},"modified":"2021-02-05T18:44:58","modified_gmt":"2021-02-05T18:44:58","slug":"stiprinantis-serumas-blakstienoms-ir-antakiams-5-ml","status":"publish","type":"product","link":"https:\/\/tiandeproducts.co.uk\/lt\/stiprinantis-serumas-blakstienoms-ir-antakiams-5-ml\/","title":{"rendered":"Stiprinantis serumas blakstienoms ir antakiams 5 ml."},"content":{"rendered":"<p><img decoding=\"async\" style=\"max-width: 16px; margin-right: 5px;\" src=\"https:\/\/tiandeproducts.co.uk\/wp-content\/uploads\/points-green.svg\" \/>\u00a0Earn 21 points worth \u00a31.05 when buying this product<\/p>\n<p>Ar svajojate apie ilgas, tankias blakstienas, bet tuo pa\u010diu norite tur\u0117ti nat\u016bralias? J\u016bs negalite suteikti norimos antaki\u0173 formos ir galvojate apie tatuiruot\u0119? Neskub\u0117kite! Blakstien\u0173 priauginimas ir makia\u017eas, \u017einoma, palengvina gyvenim\u0105, ta\u010diau \u0161is dirbtinis \u201egro\u017eis\u201c ne visada atrodo taip, kaip nor\u0117tume. TianDe serumas blakstienoms ir antakiams pad\u0117s Jums atrodyti nuostabiai ir nat\u016braliai tuo pa\u010diu metu!<\/p>\n<p>Efektyvus kompleksas su peptid\u0173 kompleksu ir augal\u0173 ekstraktais:<br \/>\n&#8211; turi kompleksin\u012f poveik\u012f, pailgina plauk\u0173 augimo faz\u0119;<br \/>\n&#8211; \u201epa\u017eadina\u201c plauk\u0173 folikulus, aktyvindamas blakstien\u0173 ir antaki\u0173 augim\u0105;<br \/>\n&#8211; stiprina plaukelius, tod\u0117l j\u0173 strukt\u016bra tampa tankesn\u0117.<\/p>\n<p>D\u0117l savo lengvos tekst\u016bros serumas greitai absorbuojamas ir nedelsiant pradeda veikti. \u0160epet\u0117lis u\u017etikrina tiksl\u0173 produkto u\u017etepim\u0105 ant blakstien\u0173 linijos ir padeda koreguoti antaki\u0173 form\u0105.<\/p>\n<p>\u201eTianDe\u201c serumo pagalba tur\u0117site nat\u016bralias, ilgas, tankias blakstienas ir gra\u017eius tankius antakius. M\u0117gaukit\u0117s savo gamtos gro\u017eiu!<\/p>\n<p><strong>Naudojimas:<\/strong> serum\u0105 ant blakstien\u0173 ir antaki\u0173 pagrindo u\u017etepkite 1-2 kartus per dien\u0105 3-4 savaites.<\/p>\n","protected":false},"excerpt":{"rendered":"<p>\u00a0Earn 21 points worth \u00a31.05 when buying this product Ar svajojate apie ilgas, tankias blakstienas, bet tuo pa\u010diu norite tur\u0117ti nat\u016bralias? J\u016bs negalite suteikti norimos antaki\u0173 formos ir galvojate apie tatuiruot\u0119? Neskub\u0117kite! Blakstien\u0173 priauginimas ir makia\u017eas, \u017einoma, palengvina gyvenim\u0105, ta\u010diau \u0161is dirbtinis \u201egro\u017eis\u201c ne visada atrodo taip, kaip nor\u0117tume. TianDe serumas blakstienoms ir antakiams pad\u0117s [&#8230;]\n","protected":false},"featured_media":3268,"comment_status":"closed","ping_status":"closed","template":"","meta":[],"product_cat":[694,687,710,698],"product_tag":[],"class_list":{"0":"post-4012","1":"product","2":"type-product","3":"status-publish","4":"has-post-thumbnail","6":"product_cat-akims","7":"product_cat-makiazas-lt","8":"product_cat-pro-visage-lt-2","9":"product_cat-tusai-blakstienoms","11":"first","12":"outofstock","13":"shipping-taxable","14":"purchasable","15":"product-type-simple"},"yoast_head":"<!-- This site is optimized with the Yoast SEO plugin v23.6 - https:\/\/yoast.com\/wordpress\/plugins\/seo\/ -->\n<title>Stiprinantis serumas blakstienoms ir antakiams 5 ml. - TianDe Online Shop - Beauty &amp; Health<\/title>\n<meta name=\"robots\" content=\"index, follow, max-snippet:-1, max-image-preview:large, max-video-preview:-1\" \/>\n<link rel=\"canonical\" href=\"https:\/\/tiandeproducts.co.uk\/lt\/stiprinantis-serumas-blakstienoms-ir-antakiams-5-ml\/\" \/>\n<meta property=\"og:locale\" content=\"lt_LT\" \/>\n<meta property=\"og:type\" content=\"article\" \/>\n<meta property=\"og:title\" content=\"Stiprinantis serumas blakstienoms ir antakiams 5 ml. - TianDe Online Shop - Beauty &amp; Health\" \/>\n<meta property=\"og:description\" content=\"\u00a0Earn 21 points worth \u00a31.05 when buying this product Ar svajojate apie ilgas, tankias blakstienas, bet tuo pa\u010diu norite tur\u0117ti nat\u016bralias? J\u016bs negalite suteikti norimos antaki\u0173 formos ir galvojate apie tatuiruot\u0119? Neskub\u0117kite! Blakstien\u0173 priauginimas ir makia\u017eas, \u017einoma, palengvina gyvenim\u0105, ta\u010diau \u0161is dirbtinis \u201egro\u017eis\u201c ne visada atrodo taip, kaip nor\u0117tume. TianDe serumas blakstienoms ir antakiams pad\u0117s [...]\" \/>\n<meta property=\"og:url\" content=\"https:\/\/tiandeproducts.co.uk\/lt\/stiprinantis-serumas-blakstienoms-ir-antakiams-5-ml\/\" \/>\n<meta property=\"og:site_name\" content=\"TianDe Online Shop - Beauty &amp; Health\" \/>\n<meta property=\"article:publisher\" content=\"https:\/\/www.facebook.com\/tiande.products.england\/\" \/>\n<meta property=\"article:modified_time\" content=\"2021-02-05T18:44:58+00:00\" \/>\n<meta property=\"og:image\" content=\"https:\/\/tiandeproducts.co.uk\/wp-content\/uploads\/80916.png\" \/>\n\t<meta property=\"og:image:width\" content=\"700\" \/>\n\t<meta property=\"og:image:height\" content=\"700\" \/>\n\t<meta property=\"og:image:type\" content=\"image\/png\" \/>\n<meta name=\"twitter:card\" content=\"summary_large_image\" \/>\n<meta name=\"twitter:label1\" content=\"Est. reading time\" \/>\n\t<meta name=\"twitter:data1\" content=\"1 minut\u0117\" \/>\n<script type=\"application\/ld+json\" class=\"yoast-schema-graph\">{\"@context\":\"https:\/\/schema.org\",\"@graph\":[{\"@type\":\"WebPage\",\"@id\":\"https:\/\/tiandeproducts.co.uk\/lt\/stiprinantis-serumas-blakstienoms-ir-antakiams-5-ml\/\",\"url\":\"https:\/\/tiandeproducts.co.uk\/lt\/stiprinantis-serumas-blakstienoms-ir-antakiams-5-ml\/\",\"name\":\"Stiprinantis serumas blakstienoms ir antakiams 5 ml. - TianDe Online Shop - Beauty &amp; Health\",\"isPartOf\":{\"@id\":\"https:\/\/tiandeproducts.co.uk\/#website\"},\"primaryImageOfPage\":{\"@id\":\"https:\/\/tiandeproducts.co.uk\/lt\/stiprinantis-serumas-blakstienoms-ir-antakiams-5-ml\/#primaryimage\"},\"image\":{\"@id\":\"https:\/\/tiandeproducts.co.uk\/lt\/stiprinantis-serumas-blakstienoms-ir-antakiams-5-ml\/#primaryimage\"},\"thumbnailUrl\":\"https:\/\/tiandeproducts.co.uk\/wp-content\/uploads\/80916.png\",\"datePublished\":\"2019-07-17T20:10:20+00:00\",\"dateModified\":\"2021-02-05T18:44:58+00:00\",\"breadcrumb\":{\"@id\":\"https:\/\/tiandeproducts.co.uk\/lt\/stiprinantis-serumas-blakstienoms-ir-antakiams-5-ml\/#breadcrumb\"},\"inLanguage\":\"lt-LT\",\"potentialAction\":[{\"@type\":\"ReadAction\",\"target\":[\"https:\/\/tiandeproducts.co.uk\/lt\/stiprinantis-serumas-blakstienoms-ir-antakiams-5-ml\/\"]}]},{\"@type\":\"ImageObject\",\"inLanguage\":\"lt-LT\",\"@id\":\"https:\/\/tiandeproducts.co.uk\/lt\/stiprinantis-serumas-blakstienoms-ir-antakiams-5-ml\/#primaryimage\",\"url\":\"https:\/\/tiandeproducts.co.uk\/wp-content\/uploads\/80916.png\",\"contentUrl\":\"https:\/\/tiandeproducts.co.uk\/wp-content\/uploads\/80916.png\",\"width\":700,\"height\":700},{\"@type\":\"BreadcrumbList\",\"@id\":\"https:\/\/tiandeproducts.co.uk\/lt\/stiprinantis-serumas-blakstienoms-ir-antakiams-5-ml\/#breadcrumb\",\"itemListElement\":[{\"@type\":\"ListItem\",\"position\":1,\"name\":\"Home\",\"item\":\"https:\/\/tiandeproducts.co.uk\/lt\/\"},{\"@type\":\"ListItem\",\"position\":2,\"name\":\"Shop\",\"item\":\"https:\/\/tiandeproducts.co.uk\/lt\/shop-2\/\"},{\"@type\":\"ListItem\",\"position\":3,\"name\":\"Stiprinantis serumas blakstienoms ir antakiams 5 ml.\"}]},{\"@type\":\"WebSite\",\"@id\":\"https:\/\/tiandeproducts.co.uk\/#website\",\"url\":\"https:\/\/tiandeproducts.co.uk\/\",\"name\":\"TianDe Online Shop - Beauty & Health\",\"description\":\"Traditional Chinese Medicine\",\"potentialAction\":[{\"@type\":\"SearchAction\",\"target\":{\"@type\":\"EntryPoint\",\"urlTemplate\":\"https:\/\/tiandeproducts.co.uk\/?s={search_term_string}\"},\"query-input\":{\"@type\":\"PropertyValueSpecification\",\"valueRequired\":true,\"valueName\":\"search_term_string\"}}],\"inLanguage\":\"lt-LT\"}]}<\/script>\n<!-- \/ Yoast SEO plugin. -->","yoast_head_json":{"title":"Stiprinantis serumas blakstienoms ir antakiams 5 ml. - TianDe Online Shop - Beauty &amp; Health","robots":{"index":"index","follow":"follow","max-snippet":"max-snippet:-1","max-image-preview":"max-image-preview:large","max-video-preview":"max-video-preview:-1"},"canonical":"https:\/\/tiandeproducts.co.uk\/lt\/stiprinantis-serumas-blakstienoms-ir-antakiams-5-ml\/","og_locale":"lt_LT","og_type":"article","og_title":"Stiprinantis serumas blakstienoms ir antakiams 5 ml. - TianDe Online Shop - Beauty &amp; Health","og_description":"\u00a0Earn 21 points worth \u00a31.05 when buying this product Ar svajojate apie ilgas, tankias blakstienas, bet tuo pa\u010diu norite tur\u0117ti nat\u016bralias? J\u016bs negalite suteikti norimos antaki\u0173 formos ir galvojate apie tatuiruot\u0119? Neskub\u0117kite! Blakstien\u0173 priauginimas ir makia\u017eas, \u017einoma, palengvina gyvenim\u0105, ta\u010diau \u0161is dirbtinis \u201egro\u017eis\u201c ne visada atrodo taip, kaip nor\u0117tume. TianDe serumas blakstienoms ir antakiams pad\u0117s [...]","og_url":"https:\/\/tiandeproducts.co.uk\/lt\/stiprinantis-serumas-blakstienoms-ir-antakiams-5-ml\/","og_site_name":"TianDe Online Shop - Beauty &amp; Health","article_publisher":"https:\/\/www.facebook.com\/tiande.products.england\/","article_modified_time":"2021-02-05T18:44:58+00:00","og_image":[{"width":700,"height":700,"url":"https:\/\/tiandeproducts.co.uk\/wp-content\/uploads\/80916.png","type":"image\/png"}],"twitter_card":"summary_large_image","twitter_misc":{"Est. reading time":"1 minut\u0117"},"schema":{"@context":"https:\/\/schema.org","@graph":[{"@type":"WebPage","@id":"https:\/\/tiandeproducts.co.uk\/lt\/stiprinantis-serumas-blakstienoms-ir-antakiams-5-ml\/","url":"https:\/\/tiandeproducts.co.uk\/lt\/stiprinantis-serumas-blakstienoms-ir-antakiams-5-ml\/","name":"Stiprinantis serumas blakstienoms ir antakiams 5 ml. - TianDe Online Shop - Beauty &amp; Health","isPartOf":{"@id":"https:\/\/tiandeproducts.co.uk\/#website"},"primaryImageOfPage":{"@id":"https:\/\/tiandeproducts.co.uk\/lt\/stiprinantis-serumas-blakstienoms-ir-antakiams-5-ml\/#primaryimage"},"image":{"@id":"https:\/\/tiandeproducts.co.uk\/lt\/stiprinantis-serumas-blakstienoms-ir-antakiams-5-ml\/#primaryimage"},"thumbnailUrl":"https:\/\/tiandeproducts.co.uk\/wp-content\/uploads\/80916.png","datePublished":"2019-07-17T20:10:20+00:00","dateModified":"2021-02-05T18:44:58+00:00","breadcrumb":{"@id":"https:\/\/tiandeproducts.co.uk\/lt\/stiprinantis-serumas-blakstienoms-ir-antakiams-5-ml\/#breadcrumb"},"inLanguage":"lt-LT","potentialAction":[{"@type":"ReadAction","target":["https:\/\/tiandeproducts.co.uk\/lt\/stiprinantis-serumas-blakstienoms-ir-antakiams-5-ml\/"]}]},{"@type":"ImageObject","inLanguage":"lt-LT","@id":"https:\/\/tiandeproducts.co.uk\/lt\/stiprinantis-serumas-blakstienoms-ir-antakiams-5-ml\/#primaryimage","url":"https:\/\/tiandeproducts.co.uk\/wp-content\/uploads\/80916.png","contentUrl":"https:\/\/tiandeproducts.co.uk\/wp-content\/uploads\/80916.png","width":700,"height":700},{"@type":"BreadcrumbList","@id":"https:\/\/tiandeproducts.co.uk\/lt\/stiprinantis-serumas-blakstienoms-ir-antakiams-5-ml\/#breadcrumb","itemListElement":[{"@type":"ListItem","position":1,"name":"Home","item":"https:\/\/tiandeproducts.co.uk\/lt\/"},{"@type":"ListItem","position":2,"name":"Shop","item":"https:\/\/tiandeproducts.co.uk\/lt\/shop-2\/"},{"@type":"ListItem","position":3,"name":"Stiprinantis serumas blakstienoms ir antakiams 5 ml."}]},{"@type":"WebSite","@id":"https:\/\/tiandeproducts.co.uk\/#website","url":"https:\/\/tiandeproducts.co.uk\/","name":"TianDe Online Shop - Beauty & Health","description":"Traditional Chinese Medicine","potentialAction":[{"@type":"SearchAction","target":{"@type":"EntryPoint","urlTemplate":"https:\/\/tiandeproducts.co.uk\/?s={search_term_string}"},"query-input":{"@type":"PropertyValueSpecification","valueRequired":true,"valueName":"search_term_string"}}],"inLanguage":"lt-LT"}]}},"_links":{"self":[{"href":"https:\/\/tiandeproducts.co.uk\/lt\/wp-json\/wp\/v2\/product\/4012","targetHints":{"allow":["GET"]}}],"collection":[{"href":"https:\/\/tiandeproducts.co.uk\/lt\/wp-json\/wp\/v2\/product"}],"about":[{"href":"https:\/\/tiandeproducts.co.uk\/lt\/wp-json\/wp\/v2\/types\/product"}],"replies":[{"embeddable":true,"href":"https:\/\/tiandeproducts.co.uk\/lt\/wp-json\/wp\/v2\/comments?post=4012"}],"wp:featuredmedia":[{"embeddable":true,"href":"https:\/\/tiandeproducts.co.uk\/lt\/wp-json\/wp\/v2\/media\/3268"}],"wp:attachment":[{"href":"https:\/\/tiandeproducts.co.uk\/lt\/wp-json\/wp\/v2\/media?parent=4012"}],"wp:term":[{"taxonomy":"product_cat","embeddable":true,"href":"https:\/\/tiandeproducts.co.uk\/lt\/wp-json\/wp\/v2\/product_cat?post=4012"},{"taxonomy":"product_tag","embeddable":true,"href":"https:\/\/tiandeproducts.co.uk\/lt\/wp-json\/wp\/v2\/product_tag?post=4012"}],"curies":[{"name":"wp","href":"https:\/\/api.w.org\/{rel}","templated":true}]}}