{"id":4007,"date":"2019-07-18T07:25:21","date_gmt":"2019-07-18T06:25:21","guid":{"rendered":"https:\/\/tnd.ontesting.co.uk\/ilgalaike-uzkepta-pudra-veidui-14-g\/"},"modified":"2021-02-05T18:44:01","modified_gmt":"2021-02-05T18:44:01","slug":"ilgalaike-uzkepta-pudra-veidui-14-g","status":"publish","type":"product","link":"https:\/\/tiandeproducts.co.uk\/lt\/ilgalaike-uzkepta-pudra-veidui-14-g\/","title":{"rendered":"Ilgalaik\u0117 u\u017ekepta pudra veidui 14 g."},"content":{"rendered":"<p><img decoding=\"async\" style=\"max-width: 16px; margin-right: 5px;\" src=\"https:\/\/tiandeproducts.co.uk\/wp-content\/uploads\/points-green.svg\" \/>\u00a0Earn 32 points worth \u00a31.60 when buying this product<\/p>\n<p>Idealus tonas yra makia\u017eo pagrindas, \u0161i nesuvaldoma taisykl\u0117 ne\u017eino joki\u0173 i\u0161im\u010di\u0173. K\u0105 kasdien norite &#8222;ne\u0161ioti&#8221; ant odos? Tonin\u012f krem\u0105, BB-, CC-, DD &#8211; krem\u0105 ar pudr\u0105? Lengva tekst\u016bra ir puikus maskavimas: jei norite visko i\u0161 karto, naudokite atsparius kepintus miltelius i\u0161 TianDe!<\/p>\n<p>Tai modernus gaminys, jungiantis skyst\u0173 ir saus\u0173 tonini\u0173 i\u0161tekli\u0173 privalumus! U\u017ekepti pudros milteliai gaminami esant auk\u0161tai temperat\u016brai ir yra gaunami d\u0117l labiau prisotinto ir atsparesnio, b\u016bdingo \u201emarmuro\u201c pavir\u0161iaus. Atspari u\u017ekepta pudra i\u0161 TianDe:<br \/>\n&#8211; suteikia odai nepriekai\u0161ting\u0105 \u0161vie\u017ei\u0105 i\u0161vaizd\u0105 &#8211; ji tampa lygi, satinin\u0117;<br \/>\n&#8211; idealiu atveju apsaugo od\u0105 nuo blizg\u0117jimo;<br \/>\n&#8211; turi atspindint\u012f poveik\u012f rauk\u0161li\u0173 sl\u0117pimui;<br \/>\n&#8211; suteikia bet kok\u012f padengimo laipsn\u012f &#8211; nuo \u0161viesaus iki tankaus.<\/p>\n<p>Viena pudros paslaptis &#8211; nat\u016bral\u016bs mineralai esantys sud\u0117tyje. Tai ne tik makia\u017eas, bet ir r\u016bpestis! \u017d\u0117ru\u010diai sukuria i\u0161sklaidymo efekt\u0105, u\u017emaskuoja rauk\u0161les ir padid\u0117jusias poras, silicis papildomai sugeria riebal\u0173 pertekli\u0173. Kitas pudros komponentas &#8211; magnio aliuminio silikatas &#8211; apsaugantys nuo saul\u0117s, i\u0161lygina nedidelius odos defektus.<\/p>\n<p><strong>Naudojimas:<\/strong> tepti ant veido su kempin\u0117le.<\/p>\n","protected":false},"excerpt":{"rendered":"<p>\u00a0Earn 32 points worth \u00a31.60 when buying this product Idealus tonas yra makia\u017eo pagrindas, \u0161i nesuvaldoma taisykl\u0117 ne\u017eino joki\u0173 i\u0161im\u010di\u0173. K\u0105 kasdien norite &#8222;ne\u0161ioti&#8221; ant odos? Tonin\u012f krem\u0105, BB-, CC-, DD &#8211; krem\u0105 ar pudr\u0105? Lengva tekst\u016bra ir puikus maskavimas: jei norite visko i\u0161 karto, naudokite atsparius kepintus miltelius i\u0161 TianDe! Tai modernus gaminys, jungiantis [&#8230;]\n","protected":false},"featured_media":3279,"comment_status":"closed","ping_status":"closed","template":"","meta":[],"product_cat":[687,710,701,700],"product_tag":[],"class_list":{"0":"post-4007","1":"product","2":"type-product","3":"status-publish","4":"has-post-thumbnail","6":"product_cat-makiazas-lt","7":"product_cat-pro-visage-lt-2","8":"product_cat-pudra","9":"product_cat-veidui-lt","11":"first","12":"outofstock","13":"shipping-taxable","14":"purchasable","15":"product-type-variable"},"yoast_head":"<!-- This site is optimized with the Yoast SEO plugin v23.6 - https:\/\/yoast.com\/wordpress\/plugins\/seo\/ -->\n<title>Ilgalaik\u0117 u\u017ekepta pudra veidui 14 g. - TianDe Online Shop - Beauty &amp; Health<\/title>\n<meta name=\"robots\" content=\"index, follow, max-snippet:-1, max-image-preview:large, max-video-preview:-1\" \/>\n<link rel=\"canonical\" href=\"https:\/\/tiandeproducts.co.uk\/lt\/ilgalaike-uzkepta-pudra-veidui-14-g\/\" \/>\n<meta property=\"og:locale\" content=\"lt_LT\" \/>\n<meta property=\"og:type\" content=\"article\" \/>\n<meta property=\"og:title\" content=\"Ilgalaik\u0117 u\u017ekepta pudra veidui 14 g. - TianDe Online Shop - Beauty &amp; Health\" \/>\n<meta property=\"og:description\" content=\"\u00a0Earn 32 points worth \u00a31.60 when buying this product Idealus tonas yra makia\u017eo pagrindas, \u0161i nesuvaldoma taisykl\u0117 ne\u017eino joki\u0173 i\u0161im\u010di\u0173. K\u0105 kasdien norite &#8222;ne\u0161ioti&#8221; ant odos? Tonin\u012f krem\u0105, BB-, CC-, DD &#8211; krem\u0105 ar pudr\u0105? Lengva tekst\u016bra ir puikus maskavimas: jei norite visko i\u0161 karto, naudokite atsparius kepintus miltelius i\u0161 TianDe! Tai modernus gaminys, jungiantis [...]\" \/>\n<meta property=\"og:url\" content=\"https:\/\/tiandeproducts.co.uk\/lt\/ilgalaike-uzkepta-pudra-veidui-14-g\/\" \/>\n<meta property=\"og:site_name\" content=\"TianDe Online Shop - Beauty &amp; Health\" \/>\n<meta property=\"article:publisher\" content=\"https:\/\/www.facebook.com\/tiande.products.england\/\" \/>\n<meta property=\"article:modified_time\" content=\"2021-02-05T18:44:01+00:00\" \/>\n<meta property=\"og:image\" content=\"https:\/\/tiandeproducts.co.uk\/wp-content\/uploads\/80917003.png\" \/>\n\t<meta property=\"og:image:width\" content=\"700\" \/>\n\t<meta property=\"og:image:height\" content=\"700\" \/>\n\t<meta property=\"og:image:type\" content=\"image\/png\" \/>\n<meta name=\"twitter:card\" content=\"summary_large_image\" \/>\n<meta name=\"twitter:label1\" content=\"Est. reading time\" \/>\n\t<meta name=\"twitter:data1\" content=\"1 minut\u0117\" \/>\n<script type=\"application\/ld+json\" class=\"yoast-schema-graph\">{\"@context\":\"https:\/\/schema.org\",\"@graph\":[{\"@type\":\"WebPage\",\"@id\":\"https:\/\/tiandeproducts.co.uk\/lt\/ilgalaike-uzkepta-pudra-veidui-14-g\/\",\"url\":\"https:\/\/tiandeproducts.co.uk\/lt\/ilgalaike-uzkepta-pudra-veidui-14-g\/\",\"name\":\"Ilgalaik\u0117 u\u017ekepta pudra veidui 14 g. - TianDe Online Shop - Beauty &amp; Health\",\"isPartOf\":{\"@id\":\"https:\/\/tiandeproducts.co.uk\/#website\"},\"primaryImageOfPage\":{\"@id\":\"https:\/\/tiandeproducts.co.uk\/lt\/ilgalaike-uzkepta-pudra-veidui-14-g\/#primaryimage\"},\"image\":{\"@id\":\"https:\/\/tiandeproducts.co.uk\/lt\/ilgalaike-uzkepta-pudra-veidui-14-g\/#primaryimage\"},\"thumbnailUrl\":\"https:\/\/tiandeproducts.co.uk\/wp-content\/uploads\/80917003.png\",\"datePublished\":\"2019-07-18T06:25:21+00:00\",\"dateModified\":\"2021-02-05T18:44:01+00:00\",\"breadcrumb\":{\"@id\":\"https:\/\/tiandeproducts.co.uk\/lt\/ilgalaike-uzkepta-pudra-veidui-14-g\/#breadcrumb\"},\"inLanguage\":\"lt-LT\",\"potentialAction\":[{\"@type\":\"ReadAction\",\"target\":[\"https:\/\/tiandeproducts.co.uk\/lt\/ilgalaike-uzkepta-pudra-veidui-14-g\/\"]}]},{\"@type\":\"ImageObject\",\"inLanguage\":\"lt-LT\",\"@id\":\"https:\/\/tiandeproducts.co.uk\/lt\/ilgalaike-uzkepta-pudra-veidui-14-g\/#primaryimage\",\"url\":\"https:\/\/tiandeproducts.co.uk\/wp-content\/uploads\/80917003.png\",\"contentUrl\":\"https:\/\/tiandeproducts.co.uk\/wp-content\/uploads\/80917003.png\",\"width\":700,\"height\":700},{\"@type\":\"BreadcrumbList\",\"@id\":\"https:\/\/tiandeproducts.co.uk\/lt\/ilgalaike-uzkepta-pudra-veidui-14-g\/#breadcrumb\",\"itemListElement\":[{\"@type\":\"ListItem\",\"position\":1,\"name\":\"Home\",\"item\":\"https:\/\/tiandeproducts.co.uk\/lt\/\"},{\"@type\":\"ListItem\",\"position\":2,\"name\":\"Shop\",\"item\":\"https:\/\/tiandeproducts.co.uk\/lt\/shop-2\/\"},{\"@type\":\"ListItem\",\"position\":3,\"name\":\"Ilgalaik\u0117 u\u017ekepta pudra veidui 14 g.\"}]},{\"@type\":\"WebSite\",\"@id\":\"https:\/\/tiandeproducts.co.uk\/#website\",\"url\":\"https:\/\/tiandeproducts.co.uk\/\",\"name\":\"TianDe Online Shop - Beauty & Health\",\"description\":\"Traditional Chinese Medicine\",\"potentialAction\":[{\"@type\":\"SearchAction\",\"target\":{\"@type\":\"EntryPoint\",\"urlTemplate\":\"https:\/\/tiandeproducts.co.uk\/?s={search_term_string}\"},\"query-input\":{\"@type\":\"PropertyValueSpecification\",\"valueRequired\":true,\"valueName\":\"search_term_string\"}}],\"inLanguage\":\"lt-LT\"}]}<\/script>\n<!-- \/ Yoast SEO plugin. -->","yoast_head_json":{"title":"Ilgalaik\u0117 u\u017ekepta pudra veidui 14 g. - TianDe Online Shop - Beauty &amp; Health","robots":{"index":"index","follow":"follow","max-snippet":"max-snippet:-1","max-image-preview":"max-image-preview:large","max-video-preview":"max-video-preview:-1"},"canonical":"https:\/\/tiandeproducts.co.uk\/lt\/ilgalaike-uzkepta-pudra-veidui-14-g\/","og_locale":"lt_LT","og_type":"article","og_title":"Ilgalaik\u0117 u\u017ekepta pudra veidui 14 g. - TianDe Online Shop - Beauty &amp; Health","og_description":"\u00a0Earn 32 points worth \u00a31.60 when buying this product Idealus tonas yra makia\u017eo pagrindas, \u0161i nesuvaldoma taisykl\u0117 ne\u017eino joki\u0173 i\u0161im\u010di\u0173. K\u0105 kasdien norite &#8222;ne\u0161ioti&#8221; ant odos? Tonin\u012f krem\u0105, BB-, CC-, DD &#8211; krem\u0105 ar pudr\u0105? Lengva tekst\u016bra ir puikus maskavimas: jei norite visko i\u0161 karto, naudokite atsparius kepintus miltelius i\u0161 TianDe! Tai modernus gaminys, jungiantis [...]","og_url":"https:\/\/tiandeproducts.co.uk\/lt\/ilgalaike-uzkepta-pudra-veidui-14-g\/","og_site_name":"TianDe Online Shop - Beauty &amp; Health","article_publisher":"https:\/\/www.facebook.com\/tiande.products.england\/","article_modified_time":"2021-02-05T18:44:01+00:00","og_image":[{"width":700,"height":700,"url":"https:\/\/tiandeproducts.co.uk\/wp-content\/uploads\/80917003.png","type":"image\/png"}],"twitter_card":"summary_large_image","twitter_misc":{"Est. reading time":"1 minut\u0117"},"schema":{"@context":"https:\/\/schema.org","@graph":[{"@type":"WebPage","@id":"https:\/\/tiandeproducts.co.uk\/lt\/ilgalaike-uzkepta-pudra-veidui-14-g\/","url":"https:\/\/tiandeproducts.co.uk\/lt\/ilgalaike-uzkepta-pudra-veidui-14-g\/","name":"Ilgalaik\u0117 u\u017ekepta pudra veidui 14 g. - TianDe Online Shop - Beauty &amp; Health","isPartOf":{"@id":"https:\/\/tiandeproducts.co.uk\/#website"},"primaryImageOfPage":{"@id":"https:\/\/tiandeproducts.co.uk\/lt\/ilgalaike-uzkepta-pudra-veidui-14-g\/#primaryimage"},"image":{"@id":"https:\/\/tiandeproducts.co.uk\/lt\/ilgalaike-uzkepta-pudra-veidui-14-g\/#primaryimage"},"thumbnailUrl":"https:\/\/tiandeproducts.co.uk\/wp-content\/uploads\/80917003.png","datePublished":"2019-07-18T06:25:21+00:00","dateModified":"2021-02-05T18:44:01+00:00","breadcrumb":{"@id":"https:\/\/tiandeproducts.co.uk\/lt\/ilgalaike-uzkepta-pudra-veidui-14-g\/#breadcrumb"},"inLanguage":"lt-LT","potentialAction":[{"@type":"ReadAction","target":["https:\/\/tiandeproducts.co.uk\/lt\/ilgalaike-uzkepta-pudra-veidui-14-g\/"]}]},{"@type":"ImageObject","inLanguage":"lt-LT","@id":"https:\/\/tiandeproducts.co.uk\/lt\/ilgalaike-uzkepta-pudra-veidui-14-g\/#primaryimage","url":"https:\/\/tiandeproducts.co.uk\/wp-content\/uploads\/80917003.png","contentUrl":"https:\/\/tiandeproducts.co.uk\/wp-content\/uploads\/80917003.png","width":700,"height":700},{"@type":"BreadcrumbList","@id":"https:\/\/tiandeproducts.co.uk\/lt\/ilgalaike-uzkepta-pudra-veidui-14-g\/#breadcrumb","itemListElement":[{"@type":"ListItem","position":1,"name":"Home","item":"https:\/\/tiandeproducts.co.uk\/lt\/"},{"@type":"ListItem","position":2,"name":"Shop","item":"https:\/\/tiandeproducts.co.uk\/lt\/shop-2\/"},{"@type":"ListItem","position":3,"name":"Ilgalaik\u0117 u\u017ekepta pudra veidui 14 g."}]},{"@type":"WebSite","@id":"https:\/\/tiandeproducts.co.uk\/#website","url":"https:\/\/tiandeproducts.co.uk\/","name":"TianDe Online Shop - Beauty & Health","description":"Traditional Chinese Medicine","potentialAction":[{"@type":"SearchAction","target":{"@type":"EntryPoint","urlTemplate":"https:\/\/tiandeproducts.co.uk\/?s={search_term_string}"},"query-input":{"@type":"PropertyValueSpecification","valueRequired":true,"valueName":"search_term_string"}}],"inLanguage":"lt-LT"}]}},"_links":{"self":[{"href":"https:\/\/tiandeproducts.co.uk\/lt\/wp-json\/wp\/v2\/product\/4007","targetHints":{"allow":["GET"]}}],"collection":[{"href":"https:\/\/tiandeproducts.co.uk\/lt\/wp-json\/wp\/v2\/product"}],"about":[{"href":"https:\/\/tiandeproducts.co.uk\/lt\/wp-json\/wp\/v2\/types\/product"}],"replies":[{"embeddable":true,"href":"https:\/\/tiandeproducts.co.uk\/lt\/wp-json\/wp\/v2\/comments?post=4007"}],"wp:featuredmedia":[{"embeddable":true,"href":"https:\/\/tiandeproducts.co.uk\/lt\/wp-json\/wp\/v2\/media\/3279"}],"wp:attachment":[{"href":"https:\/\/tiandeproducts.co.uk\/lt\/wp-json\/wp\/v2\/media?parent=4007"}],"wp:term":[{"taxonomy":"product_cat","embeddable":true,"href":"https:\/\/tiandeproducts.co.uk\/lt\/wp-json\/wp\/v2\/product_cat?post=4007"},{"taxonomy":"product_tag","embeddable":true,"href":"https:\/\/tiandeproducts.co.uk\/lt\/wp-json\/wp\/v2\/product_tag?post=4007"}],"curies":[{"name":"wp","href":"https:\/\/api.w.org\/{rel}","templated":true}]}}