{"id":4001,"date":"2019-07-18T07:47:02","date_gmt":"2019-07-18T06:47:02","guid":{"rendered":"https:\/\/tnd.ontesting.co.uk\/lupu-blizgesys-sensual-5-ml\/"},"modified":"2021-02-05T18:42:18","modified_gmt":"2021-02-05T18:42:18","slug":"lupu-blizgesys-sensual-5-ml","status":"publish","type":"product","link":"https:\/\/tiandeproducts.co.uk\/lt\/lupu-blizgesys-sensual-5-ml\/","title":{"rendered":"L\u016bp\u0173 blizgesys Sensual 5 ml."},"content":{"rendered":"<p><img decoding=\"async\" style=\"max-width: 16px; margin-right: 5px;\" src=\"https:\/\/tiandeproducts.co.uk\/wp-content\/uploads\/points-green.svg\" \/>\u00a0Earn 9 points worth \u00a30.45 when buying this product<\/p>\n<p>\u201eTianDe\u201c \u201eSensual Lip Gloss\u201c &#8211; tai 4 subtil\u016bs atspalviai ir seksualus dr\u0117gn\u0173 l\u016bp\u0173 efektas! Naudokite j\u012f kaip l\u016bp\u0173 da\u017e\u0173 pried\u0105 arba naudokite tik j\u012f. Tai puiki priemon\u0117 nat\u016braliam makia\u017eui &#8211; ji paliks \u0161vies\u0173, permatomos spalvos \u0161yd\u0105 ir suteiks \u0161lapi\u0105 spindes\u012f l\u016bpoms!<\/p>\n<p>Blizgesys puikiai tinka vis\u0173 am\u017eiaus grupi\u0173 mergait\u0117ms ir moterims. D\u0117l lengviausios tekst\u016bros Jums bus patogu vis\u0105 dien\u0105!<\/p>\n<p><strong>Naudojimas:<\/strong> tepkite ant \u0161vari\u0173, saus\u0173 l\u016bp\u0173.<\/p>\n","protected":false},"excerpt":{"rendered":"<p>\u00a0Earn 9 points worth \u00a30.45 when buying this product \u201eTianDe\u201c \u201eSensual Lip Gloss\u201c &#8211; tai 4 subtil\u016bs atspalviai ir seksualus dr\u0117gn\u0173 l\u016bp\u0173 efektas! Naudokite j\u012f kaip l\u016bp\u0173 da\u017e\u0173 pried\u0105 arba naudokite tik j\u012f. Tai puiki priemon\u0117 nat\u016braliam makia\u017eui &#8211; ji paliks \u0161vies\u0173, permatomos spalvos \u0161yd\u0105 ir suteiks \u0161lapi\u0105 spindes\u012f l\u016bpoms! Blizgesys puikiai tinka vis\u0173 am\u017eiaus [&#8230;]\n","protected":false},"featured_media":3302,"comment_status":"closed","ping_status":"closed","template":"","meta":[],"product_cat":[687,703,705],"product_tag":[],"class_list":{"0":"post-4001","1":"product","2":"type-product","3":"status-publish","4":"has-post-thumbnail","6":"product_cat-makiazas-lt","7":"product_cat-lupoms","8":"product_cat-lupu-blizgesiai","10":"first","11":"instock","12":"shipping-taxable","13":"purchasable","14":"product-type-variable"},"yoast_head":"<!-- This site is optimized with the Yoast SEO plugin v23.6 - https:\/\/yoast.com\/wordpress\/plugins\/seo\/ -->\n<title>L\u016bp\u0173 blizgesys Sensual 5 ml. - TianDe Online Shop - Beauty &amp; Health<\/title>\n<meta name=\"description\" content=\"Underlines natural beauty and increased the volume visually. Weather protection.Visual effect of lip rejuvenation - concealing wrinkles.\" \/>\n<meta name=\"robots\" content=\"index, follow, max-snippet:-1, max-image-preview:large, max-video-preview:-1\" \/>\n<link rel=\"canonical\" href=\"https:\/\/tiandeproducts.co.uk\/lt\/lupu-blizgesys-sensual-5-ml\/\" \/>\n<meta property=\"og:locale\" content=\"lt_LT\" \/>\n<meta property=\"og:type\" content=\"article\" \/>\n<meta property=\"og:title\" content=\"L\u016bp\u0173 blizgesys Sensual 5 ml. - TianDe Online Shop - Beauty &amp; Health\" \/>\n<meta property=\"og:description\" content=\"Underlines natural beauty and increased the volume visually. Weather protection.Visual effect of lip rejuvenation - concealing wrinkles.\" \/>\n<meta property=\"og:url\" content=\"https:\/\/tiandeproducts.co.uk\/lt\/lupu-blizgesys-sensual-5-ml\/\" \/>\n<meta property=\"og:site_name\" content=\"TianDe Online Shop - Beauty &amp; Health\" \/>\n<meta property=\"article:publisher\" content=\"https:\/\/www.facebook.com\/tiande.products.england\/\" \/>\n<meta property=\"article:modified_time\" content=\"2021-02-05T18:42:18+00:00\" \/>\n<meta property=\"og:image\" content=\"https:\/\/tiandeproducts.co.uk\/wp-content\/uploads\/80141_04.png\" \/>\n\t<meta property=\"og:image:width\" content=\"700\" \/>\n\t<meta property=\"og:image:height\" content=\"700\" \/>\n\t<meta property=\"og:image:type\" content=\"image\/png\" \/>\n<meta name=\"twitter:card\" content=\"summary_large_image\" \/>\n<script type=\"application\/ld+json\" class=\"yoast-schema-graph\">{\"@context\":\"https:\/\/schema.org\",\"@graph\":[{\"@type\":\"WebPage\",\"@id\":\"https:\/\/tiandeproducts.co.uk\/lt\/lupu-blizgesys-sensual-5-ml\/\",\"url\":\"https:\/\/tiandeproducts.co.uk\/lt\/lupu-blizgesys-sensual-5-ml\/\",\"name\":\"L\u016bp\u0173 blizgesys Sensual 5 ml. - TianDe Online Shop - Beauty &amp; Health\",\"isPartOf\":{\"@id\":\"https:\/\/tiandeproducts.co.uk\/#website\"},\"primaryImageOfPage\":{\"@id\":\"https:\/\/tiandeproducts.co.uk\/lt\/lupu-blizgesys-sensual-5-ml\/#primaryimage\"},\"image\":{\"@id\":\"https:\/\/tiandeproducts.co.uk\/lt\/lupu-blizgesys-sensual-5-ml\/#primaryimage\"},\"thumbnailUrl\":\"https:\/\/tiandeproducts.co.uk\/wp-content\/uploads\/80141_04.png\",\"datePublished\":\"2019-07-18T06:47:02+00:00\",\"dateModified\":\"2021-02-05T18:42:18+00:00\",\"description\":\"Underlines natural beauty and increased the volume visually. Weather protection.Visual effect of lip rejuvenation - concealing wrinkles.\",\"breadcrumb\":{\"@id\":\"https:\/\/tiandeproducts.co.uk\/lt\/lupu-blizgesys-sensual-5-ml\/#breadcrumb\"},\"inLanguage\":\"lt-LT\",\"potentialAction\":[{\"@type\":\"ReadAction\",\"target\":[\"https:\/\/tiandeproducts.co.uk\/lt\/lupu-blizgesys-sensual-5-ml\/\"]}]},{\"@type\":\"ImageObject\",\"inLanguage\":\"lt-LT\",\"@id\":\"https:\/\/tiandeproducts.co.uk\/lt\/lupu-blizgesys-sensual-5-ml\/#primaryimage\",\"url\":\"https:\/\/tiandeproducts.co.uk\/wp-content\/uploads\/80141_04.png\",\"contentUrl\":\"https:\/\/tiandeproducts.co.uk\/wp-content\/uploads\/80141_04.png\",\"width\":700,\"height\":700},{\"@type\":\"BreadcrumbList\",\"@id\":\"https:\/\/tiandeproducts.co.uk\/lt\/lupu-blizgesys-sensual-5-ml\/#breadcrumb\",\"itemListElement\":[{\"@type\":\"ListItem\",\"position\":1,\"name\":\"Home\",\"item\":\"https:\/\/tiandeproducts.co.uk\/lt\/\"},{\"@type\":\"ListItem\",\"position\":2,\"name\":\"Shop\",\"item\":\"https:\/\/tiandeproducts.co.uk\/lt\/shop-2\/\"},{\"@type\":\"ListItem\",\"position\":3,\"name\":\"L\u016bp\u0173 blizgesys Sensual 5 ml.\"}]},{\"@type\":\"WebSite\",\"@id\":\"https:\/\/tiandeproducts.co.uk\/#website\",\"url\":\"https:\/\/tiandeproducts.co.uk\/\",\"name\":\"TianDe Online Shop - Beauty & Health\",\"description\":\"Traditional Chinese Medicine\",\"potentialAction\":[{\"@type\":\"SearchAction\",\"target\":{\"@type\":\"EntryPoint\",\"urlTemplate\":\"https:\/\/tiandeproducts.co.uk\/?s={search_term_string}\"},\"query-input\":{\"@type\":\"PropertyValueSpecification\",\"valueRequired\":true,\"valueName\":\"search_term_string\"}}],\"inLanguage\":\"lt-LT\"}]}<\/script>\n<!-- \/ Yoast SEO plugin. -->","yoast_head_json":{"title":"L\u016bp\u0173 blizgesys Sensual 5 ml. - TianDe Online Shop - Beauty &amp; Health","description":"Underlines natural beauty and increased the volume visually. Weather protection.Visual effect of lip rejuvenation - concealing wrinkles.","robots":{"index":"index","follow":"follow","max-snippet":"max-snippet:-1","max-image-preview":"max-image-preview:large","max-video-preview":"max-video-preview:-1"},"canonical":"https:\/\/tiandeproducts.co.uk\/lt\/lupu-blizgesys-sensual-5-ml\/","og_locale":"lt_LT","og_type":"article","og_title":"L\u016bp\u0173 blizgesys Sensual 5 ml. - TianDe Online Shop - Beauty &amp; Health","og_description":"Underlines natural beauty and increased the volume visually. Weather protection.Visual effect of lip rejuvenation - concealing wrinkles.","og_url":"https:\/\/tiandeproducts.co.uk\/lt\/lupu-blizgesys-sensual-5-ml\/","og_site_name":"TianDe Online Shop - Beauty &amp; Health","article_publisher":"https:\/\/www.facebook.com\/tiande.products.england\/","article_modified_time":"2021-02-05T18:42:18+00:00","og_image":[{"width":700,"height":700,"url":"https:\/\/tiandeproducts.co.uk\/wp-content\/uploads\/80141_04.png","type":"image\/png"}],"twitter_card":"summary_large_image","schema":{"@context":"https:\/\/schema.org","@graph":[{"@type":"WebPage","@id":"https:\/\/tiandeproducts.co.uk\/lt\/lupu-blizgesys-sensual-5-ml\/","url":"https:\/\/tiandeproducts.co.uk\/lt\/lupu-blizgesys-sensual-5-ml\/","name":"L\u016bp\u0173 blizgesys Sensual 5 ml. - TianDe Online Shop - Beauty &amp; Health","isPartOf":{"@id":"https:\/\/tiandeproducts.co.uk\/#website"},"primaryImageOfPage":{"@id":"https:\/\/tiandeproducts.co.uk\/lt\/lupu-blizgesys-sensual-5-ml\/#primaryimage"},"image":{"@id":"https:\/\/tiandeproducts.co.uk\/lt\/lupu-blizgesys-sensual-5-ml\/#primaryimage"},"thumbnailUrl":"https:\/\/tiandeproducts.co.uk\/wp-content\/uploads\/80141_04.png","datePublished":"2019-07-18T06:47:02+00:00","dateModified":"2021-02-05T18:42:18+00:00","description":"Underlines natural beauty and increased the volume visually. Weather protection.Visual effect of lip rejuvenation - concealing wrinkles.","breadcrumb":{"@id":"https:\/\/tiandeproducts.co.uk\/lt\/lupu-blizgesys-sensual-5-ml\/#breadcrumb"},"inLanguage":"lt-LT","potentialAction":[{"@type":"ReadAction","target":["https:\/\/tiandeproducts.co.uk\/lt\/lupu-blizgesys-sensual-5-ml\/"]}]},{"@type":"ImageObject","inLanguage":"lt-LT","@id":"https:\/\/tiandeproducts.co.uk\/lt\/lupu-blizgesys-sensual-5-ml\/#primaryimage","url":"https:\/\/tiandeproducts.co.uk\/wp-content\/uploads\/80141_04.png","contentUrl":"https:\/\/tiandeproducts.co.uk\/wp-content\/uploads\/80141_04.png","width":700,"height":700},{"@type":"BreadcrumbList","@id":"https:\/\/tiandeproducts.co.uk\/lt\/lupu-blizgesys-sensual-5-ml\/#breadcrumb","itemListElement":[{"@type":"ListItem","position":1,"name":"Home","item":"https:\/\/tiandeproducts.co.uk\/lt\/"},{"@type":"ListItem","position":2,"name":"Shop","item":"https:\/\/tiandeproducts.co.uk\/lt\/shop-2\/"},{"@type":"ListItem","position":3,"name":"L\u016bp\u0173 blizgesys Sensual 5 ml."}]},{"@type":"WebSite","@id":"https:\/\/tiandeproducts.co.uk\/#website","url":"https:\/\/tiandeproducts.co.uk\/","name":"TianDe Online Shop - Beauty & Health","description":"Traditional Chinese Medicine","potentialAction":[{"@type":"SearchAction","target":{"@type":"EntryPoint","urlTemplate":"https:\/\/tiandeproducts.co.uk\/?s={search_term_string}"},"query-input":{"@type":"PropertyValueSpecification","valueRequired":true,"valueName":"search_term_string"}}],"inLanguage":"lt-LT"}]}},"_links":{"self":[{"href":"https:\/\/tiandeproducts.co.uk\/lt\/wp-json\/wp\/v2\/product\/4001","targetHints":{"allow":["GET"]}}],"collection":[{"href":"https:\/\/tiandeproducts.co.uk\/lt\/wp-json\/wp\/v2\/product"}],"about":[{"href":"https:\/\/tiandeproducts.co.uk\/lt\/wp-json\/wp\/v2\/types\/product"}],"replies":[{"embeddable":true,"href":"https:\/\/tiandeproducts.co.uk\/lt\/wp-json\/wp\/v2\/comments?post=4001"}],"wp:featuredmedia":[{"embeddable":true,"href":"https:\/\/tiandeproducts.co.uk\/lt\/wp-json\/wp\/v2\/media\/3302"}],"wp:attachment":[{"href":"https:\/\/tiandeproducts.co.uk\/lt\/wp-json\/wp\/v2\/media?parent=4001"}],"wp:term":[{"taxonomy":"product_cat","embeddable":true,"href":"https:\/\/tiandeproducts.co.uk\/lt\/wp-json\/wp\/v2\/product_cat?post=4001"},{"taxonomy":"product_tag","embeddable":true,"href":"https:\/\/tiandeproducts.co.uk\/lt\/wp-json\/wp\/v2\/product_tag?post=4001"}],"curies":[{"name":"wp","href":"https:\/\/api.w.org\/{rel}","templated":true}]}}