{"id":3996,"date":"2017-12-09T18:39:54","date_gmt":"2017-12-09T18:39:54","guid":{"rendered":"https:\/\/tnd.ontesting.co.uk\/dieninis-kremas-veidui-sensacija-10ml\/"},"modified":"2021-02-12T12:28:52","modified_gmt":"2021-02-12T12:28:52","slug":"dieninis-kremas-veidui-sensacija-10ml","status":"publish","type":"product","link":"https:\/\/tiandeproducts.co.uk\/lt\/dieninis-kremas-veidui-sensacija-10ml\/","title":{"rendered":"Dieninis kremas veidui \u201eSensacija\u201c, 10ml."},"content":{"rendered":"<p><img decoding=\"async\" style=\"max-width: 16px; margin-right: 5px;\" src=\"https:\/\/tiandeproducts.co.uk\/wp-content\/uploads\/points-green.svg\" \/>\u00a0Earn 8 points worth \u00a30.40 when buying this product<\/p>\n<p>Kremas\u00a0\u201eSensacija\u201c &#8211; priemon\u0117\u00a0\u201edu viename\u201c\u00a0&#8211;\u00a0lengvas dieninis kremas ir makia\u017eo pagrindas (t.p. tinka ir\u00a0korekcijos reikalaujan\u010diai kaklo ir dekolte zonai). Lengvai ir greitai paruo\u0161ite od\u0105\u00a0\u0161ventiniam makia\u017eui, oda \u0161vyt\u0117s, o rauk\u0161lel\u0117s bus visi\u0161kai nepastebimos. Kremas idealiai tinka normaliam odos tipui arba riebaluotis linkusiai odai, o sausai ar\u00a0pleiskanoti linkusiai odai prie\u0161 tai reikt\u0173 naudoti papildom\u0105 dr\u0117kinam\u0105j\u0105 priemon\u0119.<\/p>\n<p>Ypa\u010d turtingos kremo sud\u0117tin\u0117s dalys leid\u017eia patirti greit\u0105 rezultat\u0105: akivaizd\u017eiai stangresn\u0117 oda, pastebimai suma\u017e\u0117jusios rauk\u0161l\u0117s, nepriekai\u0161tingas atrodantis makia\u017eas. Priemon\u0117 itin prakti\u0161koje vakuumin\u0117je pakuot\u0117je (apsauga nuo bakterij\u0173, minimalus konservant\u0173 kiekis), o maloni kremo konsistencija nepalieka lipnumo ar riebumo poj\u016b\u010dio.<\/p>\n<p><strong>Naudojimas:<\/strong><br \/>\nAnt \u0161varios ir tonizuotos veido ir kaklo odos u\u017etepkite nedidel\u012f kiek\u012f kremo, sukamaisiais judesiais \u0161velniai masa\u017euokite kol susigers (venkite aki\u0173 srities). Naudokite ryte. Idealiai tinka makia\u017eo pagrindui. Atidaryt\u0105 hermeti\u0161k\u0105 kremo pakel\u012f laikykite ne ilgiau kaip 1 m\u0117nes\u012f.<\/p>\n<p><strong>Veikliosios med\u017eiagos:<\/strong><\/p>\n<p><strong>Portulakos ekstraktas<\/strong>\u00a0\u2013 tai gamtinis miorelaksantas, kuris atpalaiduoja mimikos raumenis, u\u017ekerta keli\u0105 rauk\u0161li\u0173 atsiradimui. Aktyviosios med\u017eiagos ramina sudirgusi\u0105 od\u0105, skatina regeneracijos procesus. Ekstraktas savo sud\u0117tyje turi didel\u012f kiek\u012f omega &#8211; 3 riebi\u0173j\u0173 r\u016bg\u0161\u010di\u0173, bei vitamino C, kas skatina kolageno gamyb\u0105, bei didina apsaugines odos savybes<\/p>\n<p>Peptid\u0173 kompleks\u0105\u00a0<strong>MATRIXYL 3000<\/strong>\u00a0sudaro i\u0161skirtin\u0117s molekul\u0117s &#8211; matrikinai, skatinantys kolageno ir elastino sintez\u0119, ma\u017eina rauk\u0161les, skatina odos atsinaujinim\u0105. Matrikinai geba daryti poveik\u012f genams, kurie valdo odos atsinaujinimo mechanizm\u0105. Oda tampa standesn\u0117 ir lygesn\u0117, o jos strukt\u016bra stipresn\u0117. Rauk\u0161l\u0117s ma\u017eiau pastebimos, o veido oda skaistesn\u0117.<\/p>\n<p><strong>Beta gliukanas<\/strong>\u00a0\u2013 nat\u016bralus polisacharidas, pasi\u017eymintis labai stipriu dr\u0117kinamuoju, prie\u0161alerginiu, bei odos atkuriamuoju poveikiu, ypa\u010d efektyvus kovoje su rauk\u0161l\u0117mis. Beta &#8211; gliukanas skatina epidermio augim\u0105 (pagreitina epidermio l\u0105steli\u0173 atsinaujinim\u0105), \u0161io elemento d\u0117ka \u017eymiai aktyviau naikinami su am\u017eiumi atsirandantys nepageidaujami odos defektai bei rauk\u0161l\u0117s. Med\u017eiaga stiprina imunin\u0119 sistem\u0105, saugo od\u0105 nuo UVA\/UVB \u017ealing\u0173 saul\u0117s spinduli\u0173, ma\u017eina odos pigmentacij\u0105, atsiradusi\u0105 d\u0117l jautrumo \u0161viesai.<\/p>\n<p><strong>Natrio hialuronatas<\/strong>\u00a0&#8211; biotechnologi\u0161kai i\u0161valytas preparatas, gaunamas labai sud\u0117tingos hialurono r\u016bg\u0161ties ir natrio jon\u0173 sintez\u0117s d\u0117ka. Jis suteikia stipr\u0173 dr\u0117kinant\u012f efekt\u0105, stimuliuoja regeneracijos procesus, pasi\u017eymi prie\u0161u\u017edegiminiu poveikiu, dr\u0117kina ir lygina epiderm\u012f.<\/p>\n<p><strong>Hidrolizuoti \u0161ilko proteinai<\/strong>\u00a0puikiai subalansuoja dr\u0117gm\u0117s kiek\u012f odoje, gerina jos elastingum\u0105, patempia. Aktyviosios med\u017eiagos prasiskverbia \u012f od\u0105, maitina j\u0105, skatina nat\u016bral\u0173 metabolizm\u0105 ir nauj\u0173 l\u0105steli\u0173 gamyb\u0105. \u0160ilkas puikiai sulaiko vanden\u012f, l\u0117tina odos sen\u0117jimo proces\u0105 ir pagreitina regeneracij\u0105. Oda tampa mink\u0161ta ir \u0161velni.<\/p>\n","protected":false},"excerpt":{"rendered":"<p>\u00a0Earn 8 points worth \u00a30.40 when buying this product Kremas\u00a0\u201eSensacija\u201c &#8211; priemon\u0117\u00a0\u201edu viename\u201c\u00a0&#8211;\u00a0lengvas dieninis kremas ir makia\u017eo pagrindas (t.p. tinka ir\u00a0korekcijos reikalaujan\u010diai kaklo ir dekolte zonai). Lengvai ir greitai paruo\u0161ite od\u0105\u00a0\u0161ventiniam makia\u017eui, oda \u0161vyt\u0117s, o rauk\u0161lel\u0117s bus visi\u0161kai nepastebimos. Kremas idealiai tinka normaliam odos tipui arba riebaluotis linkusiai odai, o sausai ar\u00a0pleiskanoti linkusiai odai prie\u0161 [&#8230;]\n","protected":false},"featured_media":1771,"comment_status":"closed","ping_status":"closed","template":"","meta":[],"product_cat":[571,587,506],"product_tag":[],"class_list":{"0":"post-3996","1":"product","2":"type-product","3":"status-publish","4":"has-post-thumbnail","6":"product_cat-liftingas","7":"product_cat-pro-visage-lt","8":"product_cat-veidui","10":"first","11":"instock","12":"downloadable","13":"shipping-taxable","14":"purchasable","15":"product-type-simple"},"yoast_head":"<!-- This site is optimized with the Yoast SEO plugin v23.6 - https:\/\/yoast.com\/wordpress\/plugins\/seo\/ -->\n<title>Dieninis kremas veidui \u201eSensacija\u201c, 10ml. - TianDe Online Shop - Beauty &amp; Health<\/title>\n<meta name=\"robots\" content=\"index, follow, max-snippet:-1, max-image-preview:large, max-video-preview:-1\" \/>\n<link rel=\"canonical\" href=\"https:\/\/tiandeproducts.co.uk\/lt\/dieninis-kremas-veidui-sensacija-10ml\/\" \/>\n<meta property=\"og:locale\" content=\"lt_LT\" \/>\n<meta property=\"og:type\" content=\"article\" \/>\n<meta property=\"og:title\" content=\"Dieninis kremas veidui \u201eSensacija\u201c, 10ml. - TianDe Online Shop - Beauty &amp; Health\" \/>\n<meta property=\"og:description\" content=\"\u00a0Earn 8 points worth \u00a30.40 when buying this product Kremas\u00a0\u201eSensacija\u201c &#8211; priemon\u0117\u00a0\u201edu viename\u201c\u00a0&#8211;\u00a0lengvas dieninis kremas ir makia\u017eo pagrindas (t.p. tinka ir\u00a0korekcijos reikalaujan\u010diai kaklo ir dekolte zonai). Lengvai ir greitai paruo\u0161ite od\u0105\u00a0\u0161ventiniam makia\u017eui, oda \u0161vyt\u0117s, o rauk\u0161lel\u0117s bus visi\u0161kai nepastebimos. Kremas idealiai tinka normaliam odos tipui arba riebaluotis linkusiai odai, o sausai ar\u00a0pleiskanoti linkusiai odai prie\u0161 [...]\" \/>\n<meta property=\"og:url\" content=\"https:\/\/tiandeproducts.co.uk\/lt\/dieninis-kremas-veidui-sensacija-10ml\/\" \/>\n<meta property=\"og:site_name\" content=\"TianDe Online Shop - Beauty &amp; Health\" \/>\n<meta property=\"article:publisher\" content=\"https:\/\/www.facebook.com\/tiande.products.england\/\" \/>\n<meta property=\"article:modified_time\" content=\"2021-02-12T12:28:52+00:00\" \/>\n<meta property=\"og:image\" content=\"https:\/\/tiandeproducts.co.uk\/wp-content\/uploads\/2017\/12\/10105.jpg\" \/>\n\t<meta property=\"og:image:width\" content=\"800\" \/>\n\t<meta property=\"og:image:height\" content=\"800\" \/>\n\t<meta property=\"og:image:type\" content=\"image\/jpeg\" \/>\n<meta name=\"twitter:card\" content=\"summary_large_image\" \/>\n<meta name=\"twitter:label1\" content=\"Est. reading time\" \/>\n\t<meta name=\"twitter:data1\" content=\"2 minut\u0117s\" \/>\n<script type=\"application\/ld+json\" class=\"yoast-schema-graph\">{\"@context\":\"https:\/\/schema.org\",\"@graph\":[{\"@type\":\"WebPage\",\"@id\":\"https:\/\/tiandeproducts.co.uk\/lt\/dieninis-kremas-veidui-sensacija-10ml\/\",\"url\":\"https:\/\/tiandeproducts.co.uk\/lt\/dieninis-kremas-veidui-sensacija-10ml\/\",\"name\":\"Dieninis kremas veidui \u201eSensacija\u201c, 10ml. - TianDe Online Shop - Beauty &amp; Health\",\"isPartOf\":{\"@id\":\"https:\/\/tiandeproducts.co.uk\/#website\"},\"primaryImageOfPage\":{\"@id\":\"https:\/\/tiandeproducts.co.uk\/lt\/dieninis-kremas-veidui-sensacija-10ml\/#primaryimage\"},\"image\":{\"@id\":\"https:\/\/tiandeproducts.co.uk\/lt\/dieninis-kremas-veidui-sensacija-10ml\/#primaryimage\"},\"thumbnailUrl\":\"https:\/\/tiandeproducts.co.uk\/wp-content\/uploads\/2017\/12\/10105.jpg\",\"datePublished\":\"2017-12-09T18:39:54+00:00\",\"dateModified\":\"2021-02-12T12:28:52+00:00\",\"breadcrumb\":{\"@id\":\"https:\/\/tiandeproducts.co.uk\/lt\/dieninis-kremas-veidui-sensacija-10ml\/#breadcrumb\"},\"inLanguage\":\"lt-LT\",\"potentialAction\":[{\"@type\":\"ReadAction\",\"target\":[\"https:\/\/tiandeproducts.co.uk\/lt\/dieninis-kremas-veidui-sensacija-10ml\/\"]}]},{\"@type\":\"ImageObject\",\"inLanguage\":\"lt-LT\",\"@id\":\"https:\/\/tiandeproducts.co.uk\/lt\/dieninis-kremas-veidui-sensacija-10ml\/#primaryimage\",\"url\":\"https:\/\/tiandeproducts.co.uk\/wp-content\/uploads\/2017\/12\/10105.jpg\",\"contentUrl\":\"https:\/\/tiandeproducts.co.uk\/wp-content\/uploads\/2017\/12\/10105.jpg\",\"width\":800,\"height\":800,\"caption\":\"Sensation Facial Day Cream,Visual Lifting Effect,10ml-0\"},{\"@type\":\"BreadcrumbList\",\"@id\":\"https:\/\/tiandeproducts.co.uk\/lt\/dieninis-kremas-veidui-sensacija-10ml\/#breadcrumb\",\"itemListElement\":[{\"@type\":\"ListItem\",\"position\":1,\"name\":\"Home\",\"item\":\"https:\/\/tiandeproducts.co.uk\/lt\/\"},{\"@type\":\"ListItem\",\"position\":2,\"name\":\"Shop\",\"item\":\"https:\/\/tiandeproducts.co.uk\/lt\/shop-2\/\"},{\"@type\":\"ListItem\",\"position\":3,\"name\":\"Dieninis kremas veidui \u201eSensacija\u201c, 10ml.\"}]},{\"@type\":\"WebSite\",\"@id\":\"https:\/\/tiandeproducts.co.uk\/#website\",\"url\":\"https:\/\/tiandeproducts.co.uk\/\",\"name\":\"TianDe Online Shop - Beauty & Health\",\"description\":\"Traditional Chinese Medicine\",\"potentialAction\":[{\"@type\":\"SearchAction\",\"target\":{\"@type\":\"EntryPoint\",\"urlTemplate\":\"https:\/\/tiandeproducts.co.uk\/?s={search_term_string}\"},\"query-input\":{\"@type\":\"PropertyValueSpecification\",\"valueRequired\":true,\"valueName\":\"search_term_string\"}}],\"inLanguage\":\"lt-LT\"}]}<\/script>\n<!-- \/ Yoast SEO plugin. -->","yoast_head_json":{"title":"Dieninis kremas veidui \u201eSensacija\u201c, 10ml. - TianDe Online Shop - Beauty &amp; Health","robots":{"index":"index","follow":"follow","max-snippet":"max-snippet:-1","max-image-preview":"max-image-preview:large","max-video-preview":"max-video-preview:-1"},"canonical":"https:\/\/tiandeproducts.co.uk\/lt\/dieninis-kremas-veidui-sensacija-10ml\/","og_locale":"lt_LT","og_type":"article","og_title":"Dieninis kremas veidui \u201eSensacija\u201c, 10ml. - TianDe Online Shop - Beauty &amp; Health","og_description":"\u00a0Earn 8 points worth \u00a30.40 when buying this product Kremas\u00a0\u201eSensacija\u201c &#8211; priemon\u0117\u00a0\u201edu viename\u201c\u00a0&#8211;\u00a0lengvas dieninis kremas ir makia\u017eo pagrindas (t.p. tinka ir\u00a0korekcijos reikalaujan\u010diai kaklo ir dekolte zonai). Lengvai ir greitai paruo\u0161ite od\u0105\u00a0\u0161ventiniam makia\u017eui, oda \u0161vyt\u0117s, o rauk\u0161lel\u0117s bus visi\u0161kai nepastebimos. Kremas idealiai tinka normaliam odos tipui arba riebaluotis linkusiai odai, o sausai ar\u00a0pleiskanoti linkusiai odai prie\u0161 [...]","og_url":"https:\/\/tiandeproducts.co.uk\/lt\/dieninis-kremas-veidui-sensacija-10ml\/","og_site_name":"TianDe Online Shop - Beauty &amp; Health","article_publisher":"https:\/\/www.facebook.com\/tiande.products.england\/","article_modified_time":"2021-02-12T12:28:52+00:00","og_image":[{"width":800,"height":800,"url":"https:\/\/tiandeproducts.co.uk\/wp-content\/uploads\/2017\/12\/10105.jpg","type":"image\/jpeg"}],"twitter_card":"summary_large_image","twitter_misc":{"Est. reading time":"2 minut\u0117s"},"schema":{"@context":"https:\/\/schema.org","@graph":[{"@type":"WebPage","@id":"https:\/\/tiandeproducts.co.uk\/lt\/dieninis-kremas-veidui-sensacija-10ml\/","url":"https:\/\/tiandeproducts.co.uk\/lt\/dieninis-kremas-veidui-sensacija-10ml\/","name":"Dieninis kremas veidui \u201eSensacija\u201c, 10ml. - TianDe Online Shop - Beauty &amp; Health","isPartOf":{"@id":"https:\/\/tiandeproducts.co.uk\/#website"},"primaryImageOfPage":{"@id":"https:\/\/tiandeproducts.co.uk\/lt\/dieninis-kremas-veidui-sensacija-10ml\/#primaryimage"},"image":{"@id":"https:\/\/tiandeproducts.co.uk\/lt\/dieninis-kremas-veidui-sensacija-10ml\/#primaryimage"},"thumbnailUrl":"https:\/\/tiandeproducts.co.uk\/wp-content\/uploads\/2017\/12\/10105.jpg","datePublished":"2017-12-09T18:39:54+00:00","dateModified":"2021-02-12T12:28:52+00:00","breadcrumb":{"@id":"https:\/\/tiandeproducts.co.uk\/lt\/dieninis-kremas-veidui-sensacija-10ml\/#breadcrumb"},"inLanguage":"lt-LT","potentialAction":[{"@type":"ReadAction","target":["https:\/\/tiandeproducts.co.uk\/lt\/dieninis-kremas-veidui-sensacija-10ml\/"]}]},{"@type":"ImageObject","inLanguage":"lt-LT","@id":"https:\/\/tiandeproducts.co.uk\/lt\/dieninis-kremas-veidui-sensacija-10ml\/#primaryimage","url":"https:\/\/tiandeproducts.co.uk\/wp-content\/uploads\/2017\/12\/10105.jpg","contentUrl":"https:\/\/tiandeproducts.co.uk\/wp-content\/uploads\/2017\/12\/10105.jpg","width":800,"height":800,"caption":"Sensation Facial Day Cream,Visual Lifting Effect,10ml-0"},{"@type":"BreadcrumbList","@id":"https:\/\/tiandeproducts.co.uk\/lt\/dieninis-kremas-veidui-sensacija-10ml\/#breadcrumb","itemListElement":[{"@type":"ListItem","position":1,"name":"Home","item":"https:\/\/tiandeproducts.co.uk\/lt\/"},{"@type":"ListItem","position":2,"name":"Shop","item":"https:\/\/tiandeproducts.co.uk\/lt\/shop-2\/"},{"@type":"ListItem","position":3,"name":"Dieninis kremas veidui \u201eSensacija\u201c, 10ml."}]},{"@type":"WebSite","@id":"https:\/\/tiandeproducts.co.uk\/#website","url":"https:\/\/tiandeproducts.co.uk\/","name":"TianDe Online Shop - Beauty & Health","description":"Traditional Chinese Medicine","potentialAction":[{"@type":"SearchAction","target":{"@type":"EntryPoint","urlTemplate":"https:\/\/tiandeproducts.co.uk\/?s={search_term_string}"},"query-input":{"@type":"PropertyValueSpecification","valueRequired":true,"valueName":"search_term_string"}}],"inLanguage":"lt-LT"}]}},"_links":{"self":[{"href":"https:\/\/tiandeproducts.co.uk\/lt\/wp-json\/wp\/v2\/product\/3996","targetHints":{"allow":["GET"]}}],"collection":[{"href":"https:\/\/tiandeproducts.co.uk\/lt\/wp-json\/wp\/v2\/product"}],"about":[{"href":"https:\/\/tiandeproducts.co.uk\/lt\/wp-json\/wp\/v2\/types\/product"}],"replies":[{"embeddable":true,"href":"https:\/\/tiandeproducts.co.uk\/lt\/wp-json\/wp\/v2\/comments?post=3996"}],"wp:featuredmedia":[{"embeddable":true,"href":"https:\/\/tiandeproducts.co.uk\/lt\/wp-json\/wp\/v2\/media\/1771"}],"wp:attachment":[{"href":"https:\/\/tiandeproducts.co.uk\/lt\/wp-json\/wp\/v2\/media?parent=3996"}],"wp:term":[{"taxonomy":"product_cat","embeddable":true,"href":"https:\/\/tiandeproducts.co.uk\/lt\/wp-json\/wp\/v2\/product_cat?post=3996"},{"taxonomy":"product_tag","embeddable":true,"href":"https:\/\/tiandeproducts.co.uk\/lt\/wp-json\/wp\/v2\/product_tag?post=3996"}],"curies":[{"name":"wp","href":"https:\/\/api.w.org\/{rel}","templated":true}]}}