{"id":3991,"date":"2017-12-09T19:08:36","date_gmt":"2017-12-09T19:08:36","guid":{"rendered":"https:\/\/tnd.ontesting.co.uk\/kempinele-veido-prausimui-ir-masazui-1vnt\/"},"modified":"2023-11-02T13:02:46","modified_gmt":"2023-11-02T13:02:46","slug":"kempinele-veido-prausimui-ir-masazui-1vnt","status":"publish","type":"product","link":"https:\/\/tiandeproducts.co.uk\/lt\/kempinele-veido-prausimui-ir-masazui-1vnt\/","title":{"rendered":"Kempin\u0117l\u0117 veido prausimui ir masa\u017eui, 1vnt."},"content":{"rendered":"<p><img decoding=\"async\" style=\"max-width: 16px; margin-right: 5px;\" src=\"https:\/\/tiandeproducts.co.uk\/wp-content\/uploads\/points-green.svg\" \/>\u00a0Earn 3 points worth \u00a30.15 when buying this product<\/p>\n<p>Kempin\u0117l\u0117 palengvina ir pagreitina\u00a0kiekvienos dienos veido odos prie\u017ei\u016br\u0105,\u00a0stiprina prausimosi priemoni\u0173 poveik\u012f,\u00a0suteikia komforto jausm\u0105. Priemon\u0117 giliai valo u\u017eter\u0161tas poras, kovoja su juodaisiais ta\u0161keliais, padeda atsinaujinti epidermiui, atsargiai masa\u017euoja od\u0105, suteikia \u0161velnaus \u0161veitimo poj\u016bt\u012f ir pagerina odos spalv\u0105, tonizuoja, atgaivina. Kartu naudojama kempin\u0117l\u0117 pagreitina deguonies prisotinim\u0105 odoje, skatina greitesnius atsinaujinimo ir regeneracijos procesus, ilgiau i\u0161saugo nepriekai\u0161tingai \u0161vari\u0105 od\u0105, apsaugo nuo u\u017eter\u0161tumo ir net spuog\u0173.\u00a0Jos pagalba labai lengvai ir greitai\u00a0pa\u0161alinami kauki\u0173 liku\u010diai arba pilingas, ji idealiai tinka veido masa\u017eui naudojant tirpias modeliuojam\u0105sias veido kaukes.<\/p>\n<p>Kempin\u0117l\u0117 kompakti\u0161ka ir mobili, puikiai telpa \u012f kosmetin\u0119, patogi ne\u0161iotis. Ji taupo kartu naudojamas priemones, yra ekonomi\u0161ka, i\u0161siskiria savo palankia kaina.<\/p>\n<p>Veido kempin\u0117l\u0117 sudaryta i\u0161: vienaly\u010dio silikono pagrindo, kuris u\u017ekerta keli\u0105 bakterij\u0173 patekimui ir dauginimuisi, pasi\u017eymi ilgalaikiu poveikiu ir paprasta prie\u017ei\u016bra; mink\u0161t\u0173 ir plasti\u0161k\u0173 \u201epir\u0161teli\u0173\u201c, kurie ypatingai \u0161velniai valo od\u0105, visi\u0161kai nepa\u017eeisdami jos pavir\u0161iaus; rankenos.<\/p>\n<p><strong>Naudojimas:<\/strong><br \/>\nU\u017etepkite j\u016bs\u0173 pasirinkt\u0105 valymo priemon\u0119 ant veido bei masa\u017euokite j\u0105 kempin\u0117le (venkite paaki\u0173 srities). Nuplaukite veid\u0105 vandeniu, o kempin\u0117l\u0119 i\u0161skalaukite.<\/p>\n","protected":false},"excerpt":{"rendered":"<p>\u00a0Earn 3 points worth \u00a30.15 when buying this product Kempin\u0117l\u0117 palengvina ir pagreitina\u00a0kiekvienos dienos veido odos prie\u017ei\u016br\u0105,\u00a0stiprina prausimosi priemoni\u0173 poveik\u012f,\u00a0suteikia komforto jausm\u0105. Priemon\u0117 giliai valo u\u017eter\u0161tas poras, kovoja su juodaisiais ta\u0161keliais, padeda atsinaujinti epidermiui, atsargiai masa\u017euoja od\u0105, suteikia \u0161velnaus \u0161veitimo poj\u016bt\u012f ir pagerina odos spalv\u0105, tonizuoja, atgaivina. Kartu naudojama kempin\u0117l\u0117 pagreitina deguonies prisotinim\u0105 odoje, skatina [&#8230;]\n","protected":false},"featured_media":1776,"comment_status":"closed","ping_status":"closed","template":"","meta":[],"product_cat":[461,467,482,488,561,506],"product_tag":[],"class_list":{"0":"post-3991","1":"product","2":"type-product","3":"status-publish","4":"has-post-thumbnail","6":"product_cat-aksesuarai","7":"product_cat-kosmetikos-reikmenys","8":"product_cat-masazas","9":"product_cat-odos-valymas","10":"product_cat-veido-prausikliaipilingai","11":"product_cat-veidui","13":"first","14":"instock","15":"shipping-taxable","16":"purchasable","17":"product-type-variable"},"yoast_head":"<!-- This site is optimized with the Yoast SEO plugin v23.6 - https:\/\/yoast.com\/wordpress\/plugins\/seo\/ -->\n<title>Kempin\u0117l\u0117 veido prausimui ir masa\u017eui, 1vnt. - TianDe Online Shop - Beauty &amp; Health<\/title>\n<meta name=\"robots\" content=\"index, follow, max-snippet:-1, max-image-preview:large, max-video-preview:-1\" \/>\n<link rel=\"canonical\" href=\"https:\/\/tiandeproducts.co.uk\/lt\/kempinele-veido-prausimui-ir-masazui-1vnt\/\" \/>\n<meta property=\"og:locale\" content=\"lt_LT\" \/>\n<meta property=\"og:type\" content=\"article\" \/>\n<meta property=\"og:title\" content=\"Kempin\u0117l\u0117 veido prausimui ir masa\u017eui, 1vnt. - TianDe Online Shop - Beauty &amp; Health\" \/>\n<meta property=\"og:description\" content=\"\u00a0Earn 3 points worth \u00a30.15 when buying this product Kempin\u0117l\u0117 palengvina ir pagreitina\u00a0kiekvienos dienos veido odos prie\u017ei\u016br\u0105,\u00a0stiprina prausimosi priemoni\u0173 poveik\u012f,\u00a0suteikia komforto jausm\u0105. Priemon\u0117 giliai valo u\u017eter\u0161tas poras, kovoja su juodaisiais ta\u0161keliais, padeda atsinaujinti epidermiui, atsargiai masa\u017euoja od\u0105, suteikia \u0161velnaus \u0161veitimo poj\u016bt\u012f ir pagerina odos spalv\u0105, tonizuoja, atgaivina. Kartu naudojama kempin\u0117l\u0117 pagreitina deguonies prisotinim\u0105 odoje, skatina [...]\" \/>\n<meta property=\"og:url\" content=\"https:\/\/tiandeproducts.co.uk\/lt\/kempinele-veido-prausimui-ir-masazui-1vnt\/\" \/>\n<meta property=\"og:site_name\" content=\"TianDe Online Shop - Beauty &amp; Health\" \/>\n<meta property=\"article:publisher\" content=\"https:\/\/www.facebook.com\/tiande.products.england\/\" \/>\n<meta property=\"article:modified_time\" content=\"2023-11-02T13:02:46+00:00\" \/>\n<meta property=\"og:image\" content=\"https:\/\/tiandeproducts.co.uk\/wp-content\/uploads\/2017\/12\/90165_01_02.jpg\" \/>\n\t<meta property=\"og:image:width\" content=\"700\" \/>\n\t<meta property=\"og:image:height\" content=\"700\" \/>\n\t<meta property=\"og:image:type\" content=\"image\/jpeg\" \/>\n<meta name=\"twitter:card\" content=\"summary_large_image\" \/>\n<meta name=\"twitter:label1\" content=\"Est. reading time\" \/>\n\t<meta name=\"twitter:data1\" content=\"1 minut\u0117\" \/>\n<script type=\"application\/ld+json\" class=\"yoast-schema-graph\">{\"@context\":\"https:\/\/schema.org\",\"@graph\":[{\"@type\":\"WebPage\",\"@id\":\"https:\/\/tiandeproducts.co.uk\/lt\/kempinele-veido-prausimui-ir-masazui-1vnt\/\",\"url\":\"https:\/\/tiandeproducts.co.uk\/lt\/kempinele-veido-prausimui-ir-masazui-1vnt\/\",\"name\":\"Kempin\u0117l\u0117 veido prausimui ir masa\u017eui, 1vnt. - TianDe Online Shop - Beauty &amp; Health\",\"isPartOf\":{\"@id\":\"https:\/\/tiandeproducts.co.uk\/#website\"},\"primaryImageOfPage\":{\"@id\":\"https:\/\/tiandeproducts.co.uk\/lt\/kempinele-veido-prausimui-ir-masazui-1vnt\/#primaryimage\"},\"image\":{\"@id\":\"https:\/\/tiandeproducts.co.uk\/lt\/kempinele-veido-prausimui-ir-masazui-1vnt\/#primaryimage\"},\"thumbnailUrl\":\"https:\/\/tiandeproducts.co.uk\/wp-content\/uploads\/2017\/12\/90165_01_02.jpg\",\"datePublished\":\"2017-12-09T19:08:36+00:00\",\"dateModified\":\"2023-11-02T13:02:46+00:00\",\"breadcrumb\":{\"@id\":\"https:\/\/tiandeproducts.co.uk\/lt\/kempinele-veido-prausimui-ir-masazui-1vnt\/#breadcrumb\"},\"inLanguage\":\"lt-LT\",\"potentialAction\":[{\"@type\":\"ReadAction\",\"target\":[\"https:\/\/tiandeproducts.co.uk\/lt\/kempinele-veido-prausimui-ir-masazui-1vnt\/\"]}]},{\"@type\":\"ImageObject\",\"inLanguage\":\"lt-LT\",\"@id\":\"https:\/\/tiandeproducts.co.uk\/lt\/kempinele-veido-prausimui-ir-masazui-1vnt\/#primaryimage\",\"url\":\"https:\/\/tiandeproducts.co.uk\/wp-content\/uploads\/2017\/12\/90165_01_02.jpg\",\"contentUrl\":\"https:\/\/tiandeproducts.co.uk\/wp-content\/uploads\/2017\/12\/90165_01_02.jpg\",\"width\":700,\"height\":700,\"caption\":\"Cleansing & Massaging Face Sponge,Ideally Clean Skin,1pc-0\"},{\"@type\":\"BreadcrumbList\",\"@id\":\"https:\/\/tiandeproducts.co.uk\/lt\/kempinele-veido-prausimui-ir-masazui-1vnt\/#breadcrumb\",\"itemListElement\":[{\"@type\":\"ListItem\",\"position\":1,\"name\":\"Home\",\"item\":\"https:\/\/tiandeproducts.co.uk\/lt\/\"},{\"@type\":\"ListItem\",\"position\":2,\"name\":\"Shop\",\"item\":\"https:\/\/tiandeproducts.co.uk\/lt\/shop-2\/\"},{\"@type\":\"ListItem\",\"position\":3,\"name\":\"Kempin\u0117l\u0117 veido prausimui ir masa\u017eui, 1vnt.\"}]},{\"@type\":\"WebSite\",\"@id\":\"https:\/\/tiandeproducts.co.uk\/#website\",\"url\":\"https:\/\/tiandeproducts.co.uk\/\",\"name\":\"TianDe Online Shop - Beauty & Health\",\"description\":\"Traditional Chinese Medicine\",\"potentialAction\":[{\"@type\":\"SearchAction\",\"target\":{\"@type\":\"EntryPoint\",\"urlTemplate\":\"https:\/\/tiandeproducts.co.uk\/?s={search_term_string}\"},\"query-input\":{\"@type\":\"PropertyValueSpecification\",\"valueRequired\":true,\"valueName\":\"search_term_string\"}}],\"inLanguage\":\"lt-LT\"}]}<\/script>\n<!-- \/ Yoast SEO plugin. -->","yoast_head_json":{"title":"Kempin\u0117l\u0117 veido prausimui ir masa\u017eui, 1vnt. - TianDe Online Shop - Beauty &amp; Health","robots":{"index":"index","follow":"follow","max-snippet":"max-snippet:-1","max-image-preview":"max-image-preview:large","max-video-preview":"max-video-preview:-1"},"canonical":"https:\/\/tiandeproducts.co.uk\/lt\/kempinele-veido-prausimui-ir-masazui-1vnt\/","og_locale":"lt_LT","og_type":"article","og_title":"Kempin\u0117l\u0117 veido prausimui ir masa\u017eui, 1vnt. - TianDe Online Shop - Beauty &amp; Health","og_description":"\u00a0Earn 3 points worth \u00a30.15 when buying this product Kempin\u0117l\u0117 palengvina ir pagreitina\u00a0kiekvienos dienos veido odos prie\u017ei\u016br\u0105,\u00a0stiprina prausimosi priemoni\u0173 poveik\u012f,\u00a0suteikia komforto jausm\u0105. Priemon\u0117 giliai valo u\u017eter\u0161tas poras, kovoja su juodaisiais ta\u0161keliais, padeda atsinaujinti epidermiui, atsargiai masa\u017euoja od\u0105, suteikia \u0161velnaus \u0161veitimo poj\u016bt\u012f ir pagerina odos spalv\u0105, tonizuoja, atgaivina. Kartu naudojama kempin\u0117l\u0117 pagreitina deguonies prisotinim\u0105 odoje, skatina [...]","og_url":"https:\/\/tiandeproducts.co.uk\/lt\/kempinele-veido-prausimui-ir-masazui-1vnt\/","og_site_name":"TianDe Online Shop - Beauty &amp; Health","article_publisher":"https:\/\/www.facebook.com\/tiande.products.england\/","article_modified_time":"2023-11-02T13:02:46+00:00","og_image":[{"width":700,"height":700,"url":"https:\/\/tiandeproducts.co.uk\/wp-content\/uploads\/2017\/12\/90165_01_02.jpg","type":"image\/jpeg"}],"twitter_card":"summary_large_image","twitter_misc":{"Est. reading time":"1 minut\u0117"},"schema":{"@context":"https:\/\/schema.org","@graph":[{"@type":"WebPage","@id":"https:\/\/tiandeproducts.co.uk\/lt\/kempinele-veido-prausimui-ir-masazui-1vnt\/","url":"https:\/\/tiandeproducts.co.uk\/lt\/kempinele-veido-prausimui-ir-masazui-1vnt\/","name":"Kempin\u0117l\u0117 veido prausimui ir masa\u017eui, 1vnt. - TianDe Online Shop - Beauty &amp; Health","isPartOf":{"@id":"https:\/\/tiandeproducts.co.uk\/#website"},"primaryImageOfPage":{"@id":"https:\/\/tiandeproducts.co.uk\/lt\/kempinele-veido-prausimui-ir-masazui-1vnt\/#primaryimage"},"image":{"@id":"https:\/\/tiandeproducts.co.uk\/lt\/kempinele-veido-prausimui-ir-masazui-1vnt\/#primaryimage"},"thumbnailUrl":"https:\/\/tiandeproducts.co.uk\/wp-content\/uploads\/2017\/12\/90165_01_02.jpg","datePublished":"2017-12-09T19:08:36+00:00","dateModified":"2023-11-02T13:02:46+00:00","breadcrumb":{"@id":"https:\/\/tiandeproducts.co.uk\/lt\/kempinele-veido-prausimui-ir-masazui-1vnt\/#breadcrumb"},"inLanguage":"lt-LT","potentialAction":[{"@type":"ReadAction","target":["https:\/\/tiandeproducts.co.uk\/lt\/kempinele-veido-prausimui-ir-masazui-1vnt\/"]}]},{"@type":"ImageObject","inLanguage":"lt-LT","@id":"https:\/\/tiandeproducts.co.uk\/lt\/kempinele-veido-prausimui-ir-masazui-1vnt\/#primaryimage","url":"https:\/\/tiandeproducts.co.uk\/wp-content\/uploads\/2017\/12\/90165_01_02.jpg","contentUrl":"https:\/\/tiandeproducts.co.uk\/wp-content\/uploads\/2017\/12\/90165_01_02.jpg","width":700,"height":700,"caption":"Cleansing & Massaging Face Sponge,Ideally Clean Skin,1pc-0"},{"@type":"BreadcrumbList","@id":"https:\/\/tiandeproducts.co.uk\/lt\/kempinele-veido-prausimui-ir-masazui-1vnt\/#breadcrumb","itemListElement":[{"@type":"ListItem","position":1,"name":"Home","item":"https:\/\/tiandeproducts.co.uk\/lt\/"},{"@type":"ListItem","position":2,"name":"Shop","item":"https:\/\/tiandeproducts.co.uk\/lt\/shop-2\/"},{"@type":"ListItem","position":3,"name":"Kempin\u0117l\u0117 veido prausimui ir masa\u017eui, 1vnt."}]},{"@type":"WebSite","@id":"https:\/\/tiandeproducts.co.uk\/#website","url":"https:\/\/tiandeproducts.co.uk\/","name":"TianDe Online Shop - Beauty & Health","description":"Traditional Chinese Medicine","potentialAction":[{"@type":"SearchAction","target":{"@type":"EntryPoint","urlTemplate":"https:\/\/tiandeproducts.co.uk\/?s={search_term_string}"},"query-input":{"@type":"PropertyValueSpecification","valueRequired":true,"valueName":"search_term_string"}}],"inLanguage":"lt-LT"}]}},"_links":{"self":[{"href":"https:\/\/tiandeproducts.co.uk\/lt\/wp-json\/wp\/v2\/product\/3991","targetHints":{"allow":["GET"]}}],"collection":[{"href":"https:\/\/tiandeproducts.co.uk\/lt\/wp-json\/wp\/v2\/product"}],"about":[{"href":"https:\/\/tiandeproducts.co.uk\/lt\/wp-json\/wp\/v2\/types\/product"}],"replies":[{"embeddable":true,"href":"https:\/\/tiandeproducts.co.uk\/lt\/wp-json\/wp\/v2\/comments?post=3991"}],"wp:featuredmedia":[{"embeddable":true,"href":"https:\/\/tiandeproducts.co.uk\/lt\/wp-json\/wp\/v2\/media\/1776"}],"wp:attachment":[{"href":"https:\/\/tiandeproducts.co.uk\/lt\/wp-json\/wp\/v2\/media?parent=3991"}],"wp:term":[{"taxonomy":"product_cat","embeddable":true,"href":"https:\/\/tiandeproducts.co.uk\/lt\/wp-json\/wp\/v2\/product_cat?post=3991"},{"taxonomy":"product_tag","embeddable":true,"href":"https:\/\/tiandeproducts.co.uk\/lt\/wp-json\/wp\/v2\/product_tag?post=3991"}],"curies":[{"name":"wp","href":"https:\/\/api.w.org\/{rel}","templated":true}]}}