{"id":3984,"date":"2018-05-10T10:17:37","date_gmt":"2018-05-10T09:17:37","guid":{"rendered":"https:\/\/tnd.ontesting.co.uk\/tiande-tabletes-su-graikiniu-riesutu-30-tableciu\/"},"modified":"2021-02-12T12:17:36","modified_gmt":"2021-02-12T12:17:36","slug":"tiande-tabletes-su-graikiniu-riesutu-30-tableciu","status":"publish","type":"product","link":"https:\/\/tiandeproducts.co.uk\/lt\/tiande-tabletes-su-graikiniu-riesutu-30-tableciu\/","title":{"rendered":"TianDe \u201eTablet\u0117s su graikiniu rie\u0161utu\u201d 30 table\u010di\u0173"},"content":{"rendered":"<p><img decoding=\"async\" style=\"max-width: 16px; margin-right: 5px;\" src=\"https:\/\/tiandeproducts.co.uk\/wp-content\/uploads\/points-green.svg\" \/>\u00a0Earn 18 points worth \u00a30.90 when buying this product<\/p>\n<p>\u0160io komplekso komponentai yra unikal\u016bs imunokorektoriai ir antioksidantai, kurie gali stiprinti organizmo apsaug\u0105 prie\u0161 daugel\u012f lig\u0173. Rekomenduojama vartoti siekiant u\u017ekirsti keli\u0105 parazit\u0173 infekcijos rizikai ir j\u0105 suma\u017einti, sustiprinti ir koreguoti imunin\u0117s sistemos funkcijas.<\/p>\n<p>Tiande kompleksas su graikiniais rie<span class=\"text_exposed_show\">\u0161utais &#8211; tai daugiafunkcinis produktas remiasi ekstrakt\u0173 &#8222;gyvenimo med\u017eio&#8221; graikinio rie\u0161uto ir legendinio &#8222;gryb\u0173 karaliaus&#8221; shiitake grybo, kuriam yra jautr\u016bs dauguma helmint\u0173, pirmuoni\u0173, virus\u0173 ir kit\u0173 parazit\u0173.<\/span><\/p>\n<p>Vartojimas: suaugusiems skiriama 1 tablet\u0117 2 kartus per dien\u0105 valgio metu. Kurso trukm\u0117 &#8211; 1 m\u0117nuo. Vaikams nuo 6 met\u0173 am\u017eiaus, remiantis tokiomis doz\u0117mis: nuo 6 met\u0173 &#8211; 1\/2 suaugusi\u0173j\u0173 doz\u0117s nuo 9 met\u0173 &#8211; 2\/3 suaugusi\u0173j\u0173 doz\u0117s, 12 met\u0173 &#8211; suaugusi\u0173j\u0173 doz\u0117.<\/p>\n<p><strong>Besilaukian\u010dioms ir maitinan\u010dioms negalima!<\/strong> Vartoti tinkamiausias laikas ankstyv\u0105 pavasar\u012f ir v\u0117lyv\u0105 ruden\u012f.<\/p>\n","protected":false},"excerpt":{"rendered":"<p>\u00a0Earn 18 points worth \u00a30.90 when buying this product \u0160io komplekso komponentai yra unikal\u016bs imunokorektoriai ir antioksidantai, kurie gali stiprinti organizmo apsaug\u0105 prie\u0161 daugel\u012f lig\u0173. Rekomenduojama vartoti siekiant u\u017ekirsti keli\u0105 parazit\u0173 infekcijos rizikai ir j\u0105 suma\u017einti, sustiprinti ir koreguoti imunin\u0117s sistemos funkcijas. Tiande kompleksas su graikiniais rie\u0161utais &#8211; tai daugiafunkcinis produktas remiasi ekstrakt\u0173 &#8222;gyvenimo med\u017eio&#8221; [&#8230;]\n","protected":false},"featured_media":1846,"comment_status":"closed","ping_status":"closed","template":"","meta":[],"product_cat":[725,718],"product_tag":[],"class_list":{"0":"post-3984","1":"product","2":"type-product","3":"status-publish","4":"has-post-thumbnail","6":"product_cat-maisto-papildaivitaminai","7":"product_cat-sveikata-lt","9":"first","10":"instock","11":"shipping-taxable","12":"purchasable","13":"product-type-simple"},"yoast_head":"<!-- This site is optimized with the Yoast SEO plugin v23.6 - https:\/\/yoast.com\/wordpress\/plugins\/seo\/ -->\n<title>TianDe \u201eTablet\u0117s su graikiniu rie\u0161utu\u201d 30 table\u010di\u0173 - TianDe Online Shop - Beauty &amp; Health<\/title>\n<meta name=\"robots\" content=\"index, follow, max-snippet:-1, max-image-preview:large, max-video-preview:-1\" \/>\n<link rel=\"canonical\" href=\"https:\/\/tiandeproducts.co.uk\/lt\/tiande-tabletes-su-graikiniu-riesutu-30-tableciu\/\" \/>\n<meta property=\"og:locale\" content=\"lt_LT\" \/>\n<meta property=\"og:type\" content=\"article\" \/>\n<meta property=\"og:title\" content=\"TianDe \u201eTablet\u0117s su graikiniu rie\u0161utu\u201d 30 table\u010di\u0173 - TianDe Online Shop - Beauty &amp; Health\" \/>\n<meta property=\"og:description\" content=\"\u00a0Earn 18 points worth \u00a30.90 when buying this product \u0160io komplekso komponentai yra unikal\u016bs imunokorektoriai ir antioksidantai, kurie gali stiprinti organizmo apsaug\u0105 prie\u0161 daugel\u012f lig\u0173. Rekomenduojama vartoti siekiant u\u017ekirsti keli\u0105 parazit\u0173 infekcijos rizikai ir j\u0105 suma\u017einti, sustiprinti ir koreguoti imunin\u0117s sistemos funkcijas. Tiande kompleksas su graikiniais rie\u0161utais &#8211; tai daugiafunkcinis produktas remiasi ekstrakt\u0173 &#8222;gyvenimo med\u017eio&#8221; [...]\" \/>\n<meta property=\"og:url\" content=\"https:\/\/tiandeproducts.co.uk\/lt\/tiande-tabletes-su-graikiniu-riesutu-30-tableciu\/\" \/>\n<meta property=\"og:site_name\" content=\"TianDe Online Shop - Beauty &amp; Health\" \/>\n<meta property=\"article:publisher\" content=\"https:\/\/www.facebook.com\/tiande.products.england\/\" \/>\n<meta property=\"article:modified_time\" content=\"2021-02-12T12:17:36+00:00\" \/>\n<meta property=\"og:image\" content=\"https:\/\/tiandeproducts.co.uk\/wp-content\/uploads\/2018\/05\/113003_1.jpg\" \/>\n\t<meta property=\"og:image:width\" content=\"420\" \/>\n\t<meta property=\"og:image:height\" content=\"420\" \/>\n\t<meta property=\"og:image:type\" content=\"image\/jpeg\" \/>\n<meta name=\"twitter:card\" content=\"summary_large_image\" \/>\n<meta name=\"twitter:label1\" content=\"Est. reading time\" \/>\n\t<meta name=\"twitter:data1\" content=\"1 minut\u0117\" \/>\n<script type=\"application\/ld+json\" class=\"yoast-schema-graph\">{\"@context\":\"https:\/\/schema.org\",\"@graph\":[{\"@type\":\"WebPage\",\"@id\":\"https:\/\/tiandeproducts.co.uk\/lt\/tiande-tabletes-su-graikiniu-riesutu-30-tableciu\/\",\"url\":\"https:\/\/tiandeproducts.co.uk\/lt\/tiande-tabletes-su-graikiniu-riesutu-30-tableciu\/\",\"name\":\"TianDe \u201eTablet\u0117s su graikiniu rie\u0161utu\u201d 30 table\u010di\u0173 - TianDe Online Shop - Beauty &amp; Health\",\"isPartOf\":{\"@id\":\"https:\/\/tiandeproducts.co.uk\/#website\"},\"primaryImageOfPage\":{\"@id\":\"https:\/\/tiandeproducts.co.uk\/lt\/tiande-tabletes-su-graikiniu-riesutu-30-tableciu\/#primaryimage\"},\"image\":{\"@id\":\"https:\/\/tiandeproducts.co.uk\/lt\/tiande-tabletes-su-graikiniu-riesutu-30-tableciu\/#primaryimage\"},\"thumbnailUrl\":\"https:\/\/tiandeproducts.co.uk\/wp-content\/uploads\/2018\/05\/113003_1.jpg\",\"datePublished\":\"2018-05-10T09:17:37+00:00\",\"dateModified\":\"2021-02-12T12:17:36+00:00\",\"breadcrumb\":{\"@id\":\"https:\/\/tiandeproducts.co.uk\/lt\/tiande-tabletes-su-graikiniu-riesutu-30-tableciu\/#breadcrumb\"},\"inLanguage\":\"lt-LT\",\"potentialAction\":[{\"@type\":\"ReadAction\",\"target\":[\"https:\/\/tiandeproducts.co.uk\/lt\/tiande-tabletes-su-graikiniu-riesutu-30-tableciu\/\"]}]},{\"@type\":\"ImageObject\",\"inLanguage\":\"lt-LT\",\"@id\":\"https:\/\/tiandeproducts.co.uk\/lt\/tiande-tabletes-su-graikiniu-riesutu-30-tableciu\/#primaryimage\",\"url\":\"https:\/\/tiandeproducts.co.uk\/wp-content\/uploads\/2018\/05\/113003_1.jpg\",\"contentUrl\":\"https:\/\/tiandeproducts.co.uk\/wp-content\/uploads\/2018\/05\/113003_1.jpg\",\"width\":420,\"height\":420,\"caption\":\"Walnut Complex,30tablets-0\"},{\"@type\":\"BreadcrumbList\",\"@id\":\"https:\/\/tiandeproducts.co.uk\/lt\/tiande-tabletes-su-graikiniu-riesutu-30-tableciu\/#breadcrumb\",\"itemListElement\":[{\"@type\":\"ListItem\",\"position\":1,\"name\":\"Home\",\"item\":\"https:\/\/tiandeproducts.co.uk\/lt\/\"},{\"@type\":\"ListItem\",\"position\":2,\"name\":\"Shop\",\"item\":\"https:\/\/tiandeproducts.co.uk\/lt\/shop-2\/\"},{\"@type\":\"ListItem\",\"position\":3,\"name\":\"TianDe \u201eTablet\u0117s su graikiniu rie\u0161utu\u201d 30 table\u010di\u0173\"}]},{\"@type\":\"WebSite\",\"@id\":\"https:\/\/tiandeproducts.co.uk\/#website\",\"url\":\"https:\/\/tiandeproducts.co.uk\/\",\"name\":\"TianDe Online Shop - Beauty & Health\",\"description\":\"Traditional Chinese Medicine\",\"potentialAction\":[{\"@type\":\"SearchAction\",\"target\":{\"@type\":\"EntryPoint\",\"urlTemplate\":\"https:\/\/tiandeproducts.co.uk\/?s={search_term_string}\"},\"query-input\":{\"@type\":\"PropertyValueSpecification\",\"valueRequired\":true,\"valueName\":\"search_term_string\"}}],\"inLanguage\":\"lt-LT\"}]}<\/script>\n<!-- \/ Yoast SEO plugin. -->","yoast_head_json":{"title":"TianDe \u201eTablet\u0117s su graikiniu rie\u0161utu\u201d 30 table\u010di\u0173 - TianDe Online Shop - Beauty &amp; Health","robots":{"index":"index","follow":"follow","max-snippet":"max-snippet:-1","max-image-preview":"max-image-preview:large","max-video-preview":"max-video-preview:-1"},"canonical":"https:\/\/tiandeproducts.co.uk\/lt\/tiande-tabletes-su-graikiniu-riesutu-30-tableciu\/","og_locale":"lt_LT","og_type":"article","og_title":"TianDe \u201eTablet\u0117s su graikiniu rie\u0161utu\u201d 30 table\u010di\u0173 - TianDe Online Shop - Beauty &amp; Health","og_description":"\u00a0Earn 18 points worth \u00a30.90 when buying this product \u0160io komplekso komponentai yra unikal\u016bs imunokorektoriai ir antioksidantai, kurie gali stiprinti organizmo apsaug\u0105 prie\u0161 daugel\u012f lig\u0173. Rekomenduojama vartoti siekiant u\u017ekirsti keli\u0105 parazit\u0173 infekcijos rizikai ir j\u0105 suma\u017einti, sustiprinti ir koreguoti imunin\u0117s sistemos funkcijas. Tiande kompleksas su graikiniais rie\u0161utais &#8211; tai daugiafunkcinis produktas remiasi ekstrakt\u0173 &#8222;gyvenimo med\u017eio&#8221; [...]","og_url":"https:\/\/tiandeproducts.co.uk\/lt\/tiande-tabletes-su-graikiniu-riesutu-30-tableciu\/","og_site_name":"TianDe Online Shop - Beauty &amp; Health","article_publisher":"https:\/\/www.facebook.com\/tiande.products.england\/","article_modified_time":"2021-02-12T12:17:36+00:00","og_image":[{"width":420,"height":420,"url":"https:\/\/tiandeproducts.co.uk\/wp-content\/uploads\/2018\/05\/113003_1.jpg","type":"image\/jpeg"}],"twitter_card":"summary_large_image","twitter_misc":{"Est. reading time":"1 minut\u0117"},"schema":{"@context":"https:\/\/schema.org","@graph":[{"@type":"WebPage","@id":"https:\/\/tiandeproducts.co.uk\/lt\/tiande-tabletes-su-graikiniu-riesutu-30-tableciu\/","url":"https:\/\/tiandeproducts.co.uk\/lt\/tiande-tabletes-su-graikiniu-riesutu-30-tableciu\/","name":"TianDe \u201eTablet\u0117s su graikiniu rie\u0161utu\u201d 30 table\u010di\u0173 - TianDe Online Shop - Beauty &amp; Health","isPartOf":{"@id":"https:\/\/tiandeproducts.co.uk\/#website"},"primaryImageOfPage":{"@id":"https:\/\/tiandeproducts.co.uk\/lt\/tiande-tabletes-su-graikiniu-riesutu-30-tableciu\/#primaryimage"},"image":{"@id":"https:\/\/tiandeproducts.co.uk\/lt\/tiande-tabletes-su-graikiniu-riesutu-30-tableciu\/#primaryimage"},"thumbnailUrl":"https:\/\/tiandeproducts.co.uk\/wp-content\/uploads\/2018\/05\/113003_1.jpg","datePublished":"2018-05-10T09:17:37+00:00","dateModified":"2021-02-12T12:17:36+00:00","breadcrumb":{"@id":"https:\/\/tiandeproducts.co.uk\/lt\/tiande-tabletes-su-graikiniu-riesutu-30-tableciu\/#breadcrumb"},"inLanguage":"lt-LT","potentialAction":[{"@type":"ReadAction","target":["https:\/\/tiandeproducts.co.uk\/lt\/tiande-tabletes-su-graikiniu-riesutu-30-tableciu\/"]}]},{"@type":"ImageObject","inLanguage":"lt-LT","@id":"https:\/\/tiandeproducts.co.uk\/lt\/tiande-tabletes-su-graikiniu-riesutu-30-tableciu\/#primaryimage","url":"https:\/\/tiandeproducts.co.uk\/wp-content\/uploads\/2018\/05\/113003_1.jpg","contentUrl":"https:\/\/tiandeproducts.co.uk\/wp-content\/uploads\/2018\/05\/113003_1.jpg","width":420,"height":420,"caption":"Walnut Complex,30tablets-0"},{"@type":"BreadcrumbList","@id":"https:\/\/tiandeproducts.co.uk\/lt\/tiande-tabletes-su-graikiniu-riesutu-30-tableciu\/#breadcrumb","itemListElement":[{"@type":"ListItem","position":1,"name":"Home","item":"https:\/\/tiandeproducts.co.uk\/lt\/"},{"@type":"ListItem","position":2,"name":"Shop","item":"https:\/\/tiandeproducts.co.uk\/lt\/shop-2\/"},{"@type":"ListItem","position":3,"name":"TianDe \u201eTablet\u0117s su graikiniu rie\u0161utu\u201d 30 table\u010di\u0173"}]},{"@type":"WebSite","@id":"https:\/\/tiandeproducts.co.uk\/#website","url":"https:\/\/tiandeproducts.co.uk\/","name":"TianDe Online Shop - Beauty & Health","description":"Traditional Chinese Medicine","potentialAction":[{"@type":"SearchAction","target":{"@type":"EntryPoint","urlTemplate":"https:\/\/tiandeproducts.co.uk\/?s={search_term_string}"},"query-input":{"@type":"PropertyValueSpecification","valueRequired":true,"valueName":"search_term_string"}}],"inLanguage":"lt-LT"}]}},"_links":{"self":[{"href":"https:\/\/tiandeproducts.co.uk\/lt\/wp-json\/wp\/v2\/product\/3984","targetHints":{"allow":["GET"]}}],"collection":[{"href":"https:\/\/tiandeproducts.co.uk\/lt\/wp-json\/wp\/v2\/product"}],"about":[{"href":"https:\/\/tiandeproducts.co.uk\/lt\/wp-json\/wp\/v2\/types\/product"}],"replies":[{"embeddable":true,"href":"https:\/\/tiandeproducts.co.uk\/lt\/wp-json\/wp\/v2\/comments?post=3984"}],"wp:featuredmedia":[{"embeddable":true,"href":"https:\/\/tiandeproducts.co.uk\/lt\/wp-json\/wp\/v2\/media\/1846"}],"wp:attachment":[{"href":"https:\/\/tiandeproducts.co.uk\/lt\/wp-json\/wp\/v2\/media?parent=3984"}],"wp:term":[{"taxonomy":"product_cat","embeddable":true,"href":"https:\/\/tiandeproducts.co.uk\/lt\/wp-json\/wp\/v2\/product_cat?post=3984"},{"taxonomy":"product_tag","embeddable":true,"href":"https:\/\/tiandeproducts.co.uk\/lt\/wp-json\/wp\/v2\/product_tag?post=3984"}],"curies":[{"name":"wp","href":"https:\/\/api.w.org\/{rel}","templated":true}]}}