{"id":3983,"date":"2018-05-10T10:33:45","date_gmt":"2018-05-10T09:33:45","guid":{"rendered":"https:\/\/tnd.ontesting.co.uk\/tiande-tikrasis-margainis-su-riboflavinu-30-tableciu\/"},"modified":"2025-09-04T21:56:41","modified_gmt":"2025-09-04T20:56:41","slug":"tiande-tikrasis-margainis-su-riboflavinu-30-tableciu","status":"publish","type":"product","link":"https:\/\/tiandeproducts.co.uk\/lt\/tiande-tikrasis-margainis-su-riboflavinu-30-tableciu\/","title":{"rendered":"TianDe \u201eTikrasis margainis su riboflavinu\u201c 30 table\u010di\u0173"},"content":{"rendered":"<p style=\"text-align: justify;\">Jau daugiau nei 2000 met\u0173 liaudies medicinoje tikrasis margainis naudojamas kaip viena i\u0161 pa\u010di\u0173 efektyviausi\u0173 gamtini\u0173 priemoni\u0173, apsaugan\u010di\u0173 ir atstatan\u010di\u0173 kepen\u0173 funkcijas. Margainio s\u0117kl\u0173 ekstrakte randama apie 400 biologi\u0161kai aktyvi\u0173 komponent\u0173, toki\u0173 kaip: polineso\u010diosios riebiosios r\u016bg\u0161tys, visi B grup\u0117s vitaminai, cinkas, daug seleno ir t.t., o taip pat ir labai reta biologi\u0161kai aktyvi med\u017eiaga &#8211; silimarinas. Tai analog\u0173 neturinti med\u017eiaga, apsauganti ir atstatanti kepen\u0173 l\u0105stel\u0119 tokiame lygyje, kad net patys pavojingiausi nuodai negali \u012f j\u0105 patekti. Silimarinas pripa\u017eintas pa\u010dia galingiausia, i\u0161 vis\u0173 mokslui \u017einom\u0173, gamtini\u0173 vaistini\u0173 priemoni\u0173.<\/p>\n<p style=\"text-align: justify;\">Tai 10 kart\u0173 stipresnis antioksidantas, nei vitaminas E, kuris saugo ne tik kepen\u0173, bet ir kit\u0173 organ\u0173 ir sistem\u0173 l\u0105steles nuo sunaikinimo. Valo kepenis, krauj\u0105 ir vis\u0105 organizm\u0105 nuo toksin\u0173. Veikia kaip aktyvi tul\u017eies i\u0161siskyrim\u0105 skatinanti priemon\u0117, dezinfekuoja tul\u017eies p\u016bsl\u0117s latakus ir palaiko j\u0173 maksimal\u0173 aktyvum\u0105. Veikia prie\u0161u\u017edegimi\u0161kai. Stimuliuoja \u017earnyno ir vi\u0161kinamojo trakto darb\u0105, reguliuoja med\u017eiag\u0173 apykait\u0105.<\/p>\n<p style=\"text-align: justify;\"><strong>Sud\u0117tis:<\/strong>\u00a0tikrojo margainio sausas ekstraktas (25%), vitaminas B2 (riboflavinas) 0.16%, mikrokristalin\u0117 celiulioz\u0117, krakmolas, laktoz\u0117, magnio stearatas.<\/p>\n<p style=\"text-align: justify;\"><strong>Rezultatas:<\/strong><\/p>\n<ul>\n<li>padeda regeneruoti kepen\u0173 l\u0105stel\u0117ms;<\/li>\n<li>suaktyv\u0117ja med\u017eiag\u0173 apykaita;<\/li>\n<li>padeda normalizuotis tul\u017eies p\u016bsl\u0117s darbui;<\/li>\n<li>suma\u017e\u0117ja patinimai;<\/li>\n<li>pager\u0117ja odos b\u016bkl\u0117 ir spalva;<\/li>\n<li>normalizuojasi miegas;<\/li>\n<li>padeda suma\u017einti ar visai i\u0161nyksta galvos skausmai.<\/li>\n<\/ul>\n<p style=\"text-align: justify;\"><strong>Vartojimas:<\/strong> suaugusiems po 1 tab. 1 kart\u0105 per dien\u0105 valgio metu antroje dienos pus\u0117je (profilaktika).<\/p>\n<p style=\"text-align: justify;\">Suaugusiems po 1 tab. 2 kartus per dien\u0105 valgio metu (kompleksinio vartojimo atveju). Minimu atveju \u017eoleli\u0173 arbatos su tikruoju margainiu (113921) nevartoti. Vartojimo kursas 3- 4 sav.<\/p>\n","protected":false},"excerpt":{"rendered":"<p>Jau daugiau nei 2000 met\u0173 liaudies medicinoje tikrasis margainis naudojamas kaip viena i\u0161 pa\u010di\u0173 efektyviausi\u0173 gamtini\u0173 priemoni\u0173, apsaugan\u010di\u0173 ir atstatan\u010di\u0173 kepen\u0173 funkcijas. Margainio s\u0117kl\u0173 ekstrakte randama apie 400 biologi\u0161kai aktyvi\u0173 komponent\u0173, toki\u0173 kaip: polineso\u010diosios riebiosios r\u016bg\u0161tys, visi B grup\u0117s vitaminai, cinkas, daug seleno ir t.t., o taip pat ir labai reta biologi\u0161kai aktyvi med\u017eiaga &#8211; [&#8230;]\n","protected":false},"featured_media":1856,"comment_status":"closed","ping_status":"closed","template":"","meta":[],"product_cat":[725,718],"product_tag":[],"class_list":{"0":"post-3983","1":"product","2":"type-product","3":"status-publish","4":"has-post-thumbnail","6":"product_cat-maisto-papildaivitaminai","7":"product_cat-sveikata-lt","9":"first","10":"instock","11":"shipping-taxable","12":"purchasable","13":"product-type-simple"},"yoast_head":"<!-- This site is optimized with the Yoast SEO plugin v23.6 - https:\/\/yoast.com\/wordpress\/plugins\/seo\/ -->\n<title>TianDe \u201eTikrasis margainis su riboflavinu\u201c 30 table\u010di\u0173 - TianDe Online Shop - Beauty &amp; Health<\/title>\n<meta name=\"robots\" content=\"index, follow, max-snippet:-1, max-image-preview:large, max-video-preview:-1\" \/>\n<link rel=\"canonical\" href=\"https:\/\/tiandeproducts.co.uk\/lt\/tiande-tikrasis-margainis-su-riboflavinu-30-tableciu\/\" \/>\n<meta property=\"og:locale\" content=\"lt_LT\" \/>\n<meta property=\"og:type\" content=\"article\" \/>\n<meta property=\"og:title\" content=\"TianDe \u201eTikrasis margainis su riboflavinu\u201c 30 table\u010di\u0173 - TianDe Online Shop - Beauty &amp; Health\" \/>\n<meta property=\"og:description\" content=\"Jau daugiau nei 2000 met\u0173 liaudies medicinoje tikrasis margainis naudojamas kaip viena i\u0161 pa\u010di\u0173 efektyviausi\u0173 gamtini\u0173 priemoni\u0173, apsaugan\u010di\u0173 ir atstatan\u010di\u0173 kepen\u0173 funkcijas. Margainio s\u0117kl\u0173 ekstrakte randama apie 400 biologi\u0161kai aktyvi\u0173 komponent\u0173, toki\u0173 kaip: polineso\u010diosios riebiosios r\u016bg\u0161tys, visi B grup\u0117s vitaminai, cinkas, daug seleno ir t.t., o taip pat ir labai reta biologi\u0161kai aktyvi med\u017eiaga &#8211; [...]\" \/>\n<meta property=\"og:url\" content=\"https:\/\/tiandeproducts.co.uk\/lt\/tiande-tikrasis-margainis-su-riboflavinu-30-tableciu\/\" \/>\n<meta property=\"og:site_name\" content=\"TianDe Online Shop - Beauty &amp; Health\" \/>\n<meta property=\"article:publisher\" content=\"https:\/\/www.facebook.com\/tiande.products.england\/\" \/>\n<meta property=\"article:modified_time\" content=\"2025-09-04T20:56:41+00:00\" \/>\n<meta property=\"og:image\" content=\"https:\/\/tiandeproducts.co.uk\/wp-content\/uploads\/2018\/05\/113012.jpg\" \/>\n\t<meta property=\"og:image:width\" content=\"800\" \/>\n\t<meta property=\"og:image:height\" content=\"800\" \/>\n\t<meta property=\"og:image:type\" content=\"image\/jpeg\" \/>\n<meta name=\"twitter:card\" content=\"summary_large_image\" \/>\n<meta name=\"twitter:label1\" content=\"Est. reading time\" \/>\n\t<meta name=\"twitter:data1\" content=\"2 minut\u0117s\" \/>\n<script type=\"application\/ld+json\" class=\"yoast-schema-graph\">{\"@context\":\"https:\/\/schema.org\",\"@graph\":[{\"@type\":\"WebPage\",\"@id\":\"https:\/\/tiandeproducts.co.uk\/lt\/tiande-tikrasis-margainis-su-riboflavinu-30-tableciu\/\",\"url\":\"https:\/\/tiandeproducts.co.uk\/lt\/tiande-tikrasis-margainis-su-riboflavinu-30-tableciu\/\",\"name\":\"TianDe \u201eTikrasis margainis su riboflavinu\u201c 30 table\u010di\u0173 - TianDe Online Shop - Beauty &amp; Health\",\"isPartOf\":{\"@id\":\"https:\/\/tiandeproducts.co.uk\/#website\"},\"primaryImageOfPage\":{\"@id\":\"https:\/\/tiandeproducts.co.uk\/lt\/tiande-tikrasis-margainis-su-riboflavinu-30-tableciu\/#primaryimage\"},\"image\":{\"@id\":\"https:\/\/tiandeproducts.co.uk\/lt\/tiande-tikrasis-margainis-su-riboflavinu-30-tableciu\/#primaryimage\"},\"thumbnailUrl\":\"https:\/\/tiandeproducts.co.uk\/wp-content\/uploads\/2018\/05\/113012.jpg\",\"datePublished\":\"2018-05-10T09:33:45+00:00\",\"dateModified\":\"2025-09-04T20:56:41+00:00\",\"breadcrumb\":{\"@id\":\"https:\/\/tiandeproducts.co.uk\/lt\/tiande-tikrasis-margainis-su-riboflavinu-30-tableciu\/#breadcrumb\"},\"inLanguage\":\"lt-LT\",\"potentialAction\":[{\"@type\":\"ReadAction\",\"target\":[\"https:\/\/tiandeproducts.co.uk\/lt\/tiande-tikrasis-margainis-su-riboflavinu-30-tableciu\/\"]}]},{\"@type\":\"ImageObject\",\"inLanguage\":\"lt-LT\",\"@id\":\"https:\/\/tiandeproducts.co.uk\/lt\/tiande-tikrasis-margainis-su-riboflavinu-30-tableciu\/#primaryimage\",\"url\":\"https:\/\/tiandeproducts.co.uk\/wp-content\/uploads\/2018\/05\/113012.jpg\",\"contentUrl\":\"https:\/\/tiandeproducts.co.uk\/wp-content\/uploads\/2018\/05\/113012.jpg\",\"width\":800,\"height\":800,\"caption\":\"BAA \\\"Milk Thistle With Riboflavin\\\",30tablets-0\"},{\"@type\":\"BreadcrumbList\",\"@id\":\"https:\/\/tiandeproducts.co.uk\/lt\/tiande-tikrasis-margainis-su-riboflavinu-30-tableciu\/#breadcrumb\",\"itemListElement\":[{\"@type\":\"ListItem\",\"position\":1,\"name\":\"Home\",\"item\":\"https:\/\/tiandeproducts.co.uk\/lt\/\"},{\"@type\":\"ListItem\",\"position\":2,\"name\":\"Shop\",\"item\":\"https:\/\/tiandeproducts.co.uk\/lt\/shop-2\/\"},{\"@type\":\"ListItem\",\"position\":3,\"name\":\"TianDe \u201eTikrasis margainis su riboflavinu\u201c 30 table\u010di\u0173\"}]},{\"@type\":\"WebSite\",\"@id\":\"https:\/\/tiandeproducts.co.uk\/#website\",\"url\":\"https:\/\/tiandeproducts.co.uk\/\",\"name\":\"TianDe Online Shop - Beauty & Health\",\"description\":\"Traditional Chinese Medicine\",\"potentialAction\":[{\"@type\":\"SearchAction\",\"target\":{\"@type\":\"EntryPoint\",\"urlTemplate\":\"https:\/\/tiandeproducts.co.uk\/?s={search_term_string}\"},\"query-input\":{\"@type\":\"PropertyValueSpecification\",\"valueRequired\":true,\"valueName\":\"search_term_string\"}}],\"inLanguage\":\"lt-LT\"}]}<\/script>\n<!-- \/ Yoast SEO plugin. -->","yoast_head_json":{"title":"TianDe \u201eTikrasis margainis su riboflavinu\u201c 30 table\u010di\u0173 - TianDe Online Shop - Beauty &amp; Health","robots":{"index":"index","follow":"follow","max-snippet":"max-snippet:-1","max-image-preview":"max-image-preview:large","max-video-preview":"max-video-preview:-1"},"canonical":"https:\/\/tiandeproducts.co.uk\/lt\/tiande-tikrasis-margainis-su-riboflavinu-30-tableciu\/","og_locale":"lt_LT","og_type":"article","og_title":"TianDe \u201eTikrasis margainis su riboflavinu\u201c 30 table\u010di\u0173 - TianDe Online Shop - Beauty &amp; Health","og_description":"Jau daugiau nei 2000 met\u0173 liaudies medicinoje tikrasis margainis naudojamas kaip viena i\u0161 pa\u010di\u0173 efektyviausi\u0173 gamtini\u0173 priemoni\u0173, apsaugan\u010di\u0173 ir atstatan\u010di\u0173 kepen\u0173 funkcijas. Margainio s\u0117kl\u0173 ekstrakte randama apie 400 biologi\u0161kai aktyvi\u0173 komponent\u0173, toki\u0173 kaip: polineso\u010diosios riebiosios r\u016bg\u0161tys, visi B grup\u0117s vitaminai, cinkas, daug seleno ir t.t., o taip pat ir labai reta biologi\u0161kai aktyvi med\u017eiaga &#8211; [...]","og_url":"https:\/\/tiandeproducts.co.uk\/lt\/tiande-tikrasis-margainis-su-riboflavinu-30-tableciu\/","og_site_name":"TianDe Online Shop - Beauty &amp; Health","article_publisher":"https:\/\/www.facebook.com\/tiande.products.england\/","article_modified_time":"2025-09-04T20:56:41+00:00","og_image":[{"width":800,"height":800,"url":"https:\/\/tiandeproducts.co.uk\/wp-content\/uploads\/2018\/05\/113012.jpg","type":"image\/jpeg"}],"twitter_card":"summary_large_image","twitter_misc":{"Est. reading time":"2 minut\u0117s"},"schema":{"@context":"https:\/\/schema.org","@graph":[{"@type":"WebPage","@id":"https:\/\/tiandeproducts.co.uk\/lt\/tiande-tikrasis-margainis-su-riboflavinu-30-tableciu\/","url":"https:\/\/tiandeproducts.co.uk\/lt\/tiande-tikrasis-margainis-su-riboflavinu-30-tableciu\/","name":"TianDe \u201eTikrasis margainis su riboflavinu\u201c 30 table\u010di\u0173 - TianDe Online Shop - Beauty &amp; Health","isPartOf":{"@id":"https:\/\/tiandeproducts.co.uk\/#website"},"primaryImageOfPage":{"@id":"https:\/\/tiandeproducts.co.uk\/lt\/tiande-tikrasis-margainis-su-riboflavinu-30-tableciu\/#primaryimage"},"image":{"@id":"https:\/\/tiandeproducts.co.uk\/lt\/tiande-tikrasis-margainis-su-riboflavinu-30-tableciu\/#primaryimage"},"thumbnailUrl":"https:\/\/tiandeproducts.co.uk\/wp-content\/uploads\/2018\/05\/113012.jpg","datePublished":"2018-05-10T09:33:45+00:00","dateModified":"2025-09-04T20:56:41+00:00","breadcrumb":{"@id":"https:\/\/tiandeproducts.co.uk\/lt\/tiande-tikrasis-margainis-su-riboflavinu-30-tableciu\/#breadcrumb"},"inLanguage":"lt-LT","potentialAction":[{"@type":"ReadAction","target":["https:\/\/tiandeproducts.co.uk\/lt\/tiande-tikrasis-margainis-su-riboflavinu-30-tableciu\/"]}]},{"@type":"ImageObject","inLanguage":"lt-LT","@id":"https:\/\/tiandeproducts.co.uk\/lt\/tiande-tikrasis-margainis-su-riboflavinu-30-tableciu\/#primaryimage","url":"https:\/\/tiandeproducts.co.uk\/wp-content\/uploads\/2018\/05\/113012.jpg","contentUrl":"https:\/\/tiandeproducts.co.uk\/wp-content\/uploads\/2018\/05\/113012.jpg","width":800,"height":800,"caption":"BAA \"Milk Thistle With Riboflavin\",30tablets-0"},{"@type":"BreadcrumbList","@id":"https:\/\/tiandeproducts.co.uk\/lt\/tiande-tikrasis-margainis-su-riboflavinu-30-tableciu\/#breadcrumb","itemListElement":[{"@type":"ListItem","position":1,"name":"Home","item":"https:\/\/tiandeproducts.co.uk\/lt\/"},{"@type":"ListItem","position":2,"name":"Shop","item":"https:\/\/tiandeproducts.co.uk\/lt\/shop-2\/"},{"@type":"ListItem","position":3,"name":"TianDe \u201eTikrasis margainis su riboflavinu\u201c 30 table\u010di\u0173"}]},{"@type":"WebSite","@id":"https:\/\/tiandeproducts.co.uk\/#website","url":"https:\/\/tiandeproducts.co.uk\/","name":"TianDe Online Shop - Beauty & Health","description":"Traditional Chinese Medicine","potentialAction":[{"@type":"SearchAction","target":{"@type":"EntryPoint","urlTemplate":"https:\/\/tiandeproducts.co.uk\/?s={search_term_string}"},"query-input":{"@type":"PropertyValueSpecification","valueRequired":true,"valueName":"search_term_string"}}],"inLanguage":"lt-LT"}]}},"_links":{"self":[{"href":"https:\/\/tiandeproducts.co.uk\/lt\/wp-json\/wp\/v2\/product\/3983","targetHints":{"allow":["GET"]}}],"collection":[{"href":"https:\/\/tiandeproducts.co.uk\/lt\/wp-json\/wp\/v2\/product"}],"about":[{"href":"https:\/\/tiandeproducts.co.uk\/lt\/wp-json\/wp\/v2\/types\/product"}],"replies":[{"embeddable":true,"href":"https:\/\/tiandeproducts.co.uk\/lt\/wp-json\/wp\/v2\/comments?post=3983"}],"wp:featuredmedia":[{"embeddable":true,"href":"https:\/\/tiandeproducts.co.uk\/lt\/wp-json\/wp\/v2\/media\/1856"}],"wp:attachment":[{"href":"https:\/\/tiandeproducts.co.uk\/lt\/wp-json\/wp\/v2\/media?parent=3983"}],"wp:term":[{"taxonomy":"product_cat","embeddable":true,"href":"https:\/\/tiandeproducts.co.uk\/lt\/wp-json\/wp\/v2\/product_cat?post=3983"},{"taxonomy":"product_tag","embeddable":true,"href":"https:\/\/tiandeproducts.co.uk\/lt\/wp-json\/wp\/v2\/product_tag?post=3983"}],"curies":[{"name":"wp","href":"https:\/\/api.w.org\/{rel}","templated":true}]}}