{"id":3981,"date":"2018-05-10T10:37:07","date_gmt":"2018-05-10T09:37:07","guid":{"rendered":"https:\/\/tnd.ontesting.co.uk\/biologiskai-aktyvus-maisto-papildas-citrokalcivitas-60-tableciu\/"},"modified":"2021-02-12T12:15:04","modified_gmt":"2021-02-12T12:15:04","slug":"biologiskai-aktyvus-maisto-papildas-citrokalcivitas-60-tableciu","status":"publish","type":"product","link":"https:\/\/tiandeproducts.co.uk\/lt\/biologiskai-aktyvus-maisto-papildas-citrokalcivitas-60-tableciu\/","title":{"rendered":"Biologi\u0161kai aktyvus maisto papildas &#8222;Citrokalcivitas&#8221; 60 table\u010di\u0173"},"content":{"rendered":"<p><img decoding=\"async\" style=\"max-width: 16px; margin-right: 5px;\" src=\"https:\/\/tiandeproducts.co.uk\/wp-content\/uploads\/points-green.svg\" \/>\u00a0Earn 13 points worth \u00a30.65 when buying this product<\/p>\n<p>Citrokalcivitas yra biologinio kalcio ir bazini\u0173 vitamin\u0173 \u0161altinis, jis teigiamai veikia vis\u0173 k\u016bno sistem\u0173 darb\u0105, i\u0161laiko gro\u017e\u012f. Rekomenduojama naudoti kalcio ir vitamin\u0173 balanso optimizavimui. Jis papildo kalcio ir b\u016btiniausi\u0173 vitamin\u0173 tr\u016bkum\u0105. Pasi\u017eymi auk\u0161tu biologiniu prieinamumu, jis nesikaupia inks<span class=\"text_exposed_show\">tuose.<\/span><\/p>\n<div data-block=\"true\" data-editor=\"5guur\" data-offset-key=\"5n5ot-0-0\">\n<div class=\"_1mf _1mj\" data-offset-key=\"7ef5q-0-0\"><span data-offset-key=\"7ef5q-0-0\"><strong>Sud\u0117tis:<\/strong> kalcio citritas, vitaminas A, D3, \u04121, \u04122, \u04126, \u04129, \u041212, \u0421, \u0415, \u0420\u0420.<\/span><\/div>\n<\/div>\n<div data-block=\"true\" data-editor=\"5guur\" data-offset-key=\"7bib4-0-0\">\n<div class=\"_1mf _1mj\" data-offset-key=\"7bib4-0-0\"><\/div>\n<\/div>\n<div data-block=\"true\" data-editor=\"5guur\" data-offset-key=\"crmpq-0-0\">\n<div class=\"_1mf _1mj\" data-offset-key=\"crmpq-0-0\"><span data-offset-key=\"crmpq-0-0\"><strong>Vartojimas:<\/strong> vaikams 7-14 met\u0173 po 2 tabletes 2 m\u0117nesius, v\u0117liau po 1 tablet\u0119, suaugusiems po 4 tabletes 2 m\u0117nesius, v\u0117liau po 2 tabletes.<\/span><\/div>\n<\/div>\n","protected":false},"excerpt":{"rendered":"<p>\u00a0Earn 13 points worth \u00a30.65 when buying this product Citrokalcivitas yra biologinio kalcio ir bazini\u0173 vitamin\u0173 \u0161altinis, jis teigiamai veikia vis\u0173 k\u016bno sistem\u0173 darb\u0105, i\u0161laiko gro\u017e\u012f. Rekomenduojama naudoti kalcio ir vitamin\u0173 balanso optimizavimui. Jis papildo kalcio ir b\u016btiniausi\u0173 vitamin\u0173 tr\u016bkum\u0105. Pasi\u017eymi auk\u0161tu biologiniu prieinamumu, jis nesikaupia inkstuose. Sud\u0117tis: kalcio citritas, vitaminas A, D3, \u04121, \u04122, [&#8230;]\n","protected":false},"featured_media":1861,"comment_status":"closed","ping_status":"closed","template":"","meta":[],"product_cat":[725,718],"product_tag":[],"class_list":{"0":"post-3981","1":"product","2":"type-product","3":"status-publish","4":"has-post-thumbnail","6":"product_cat-maisto-papildaivitaminai","7":"product_cat-sveikata-lt","9":"first","10":"outofstock","11":"shipping-taxable","12":"purchasable","13":"product-type-simple"},"yoast_head":"<!-- This site is optimized with the Yoast SEO plugin v23.6 - https:\/\/yoast.com\/wordpress\/plugins\/seo\/ -->\n<title>Biologi\u0161kai aktyvus maisto papildas &quot;Citrokalcivitas&quot; 60 table\u010di\u0173 - TianDe Online Shop - Beauty &amp; Health<\/title>\n<meta name=\"robots\" content=\"index, follow, max-snippet:-1, max-image-preview:large, max-video-preview:-1\" \/>\n<link rel=\"canonical\" href=\"https:\/\/tiandeproducts.co.uk\/lt\/biologiskai-aktyvus-maisto-papildas-citrokalcivitas-60-tableciu\/\" \/>\n<meta property=\"og:locale\" content=\"lt_LT\" \/>\n<meta property=\"og:type\" content=\"article\" \/>\n<meta property=\"og:title\" content=\"Biologi\u0161kai aktyvus maisto papildas &quot;Citrokalcivitas&quot; 60 table\u010di\u0173 - TianDe Online Shop - Beauty &amp; Health\" \/>\n<meta property=\"og:description\" content=\"\u00a0Earn 13 points worth \u00a30.65 when buying this product Citrokalcivitas yra biologinio kalcio ir bazini\u0173 vitamin\u0173 \u0161altinis, jis teigiamai veikia vis\u0173 k\u016bno sistem\u0173 darb\u0105, i\u0161laiko gro\u017e\u012f. Rekomenduojama naudoti kalcio ir vitamin\u0173 balanso optimizavimui. Jis papildo kalcio ir b\u016btiniausi\u0173 vitamin\u0173 tr\u016bkum\u0105. Pasi\u017eymi auk\u0161tu biologiniu prieinamumu, jis nesikaupia inkstuose. Sud\u0117tis: kalcio citritas, vitaminas A, D3, \u04121, \u04122, [...]\" \/>\n<meta property=\"og:url\" content=\"https:\/\/tiandeproducts.co.uk\/lt\/biologiskai-aktyvus-maisto-papildas-citrokalcivitas-60-tableciu\/\" \/>\n<meta property=\"og:site_name\" content=\"TianDe Online Shop - Beauty &amp; Health\" \/>\n<meta property=\"article:publisher\" content=\"https:\/\/www.facebook.com\/tiande.products.england\/\" \/>\n<meta property=\"article:modified_time\" content=\"2021-02-12T12:15:04+00:00\" \/>\n<meta property=\"og:image\" content=\"https:\/\/tiandeproducts.co.uk\/wp-content\/uploads\/2018\/05\/113004.jpg\" \/>\n\t<meta property=\"og:image:width\" content=\"800\" \/>\n\t<meta property=\"og:image:height\" content=\"800\" \/>\n\t<meta property=\"og:image:type\" content=\"image\/jpeg\" \/>\n<meta name=\"twitter:card\" content=\"summary_large_image\" \/>\n<script type=\"application\/ld+json\" class=\"yoast-schema-graph\">{\"@context\":\"https:\/\/schema.org\",\"@graph\":[{\"@type\":\"WebPage\",\"@id\":\"https:\/\/tiandeproducts.co.uk\/lt\/biologiskai-aktyvus-maisto-papildas-citrokalcivitas-60-tableciu\/\",\"url\":\"https:\/\/tiandeproducts.co.uk\/lt\/biologiskai-aktyvus-maisto-papildas-citrokalcivitas-60-tableciu\/\",\"name\":\"Biologi\u0161kai aktyvus maisto papildas \\\"Citrokalcivitas\\\" 60 table\u010di\u0173 - TianDe Online Shop - Beauty &amp; Health\",\"isPartOf\":{\"@id\":\"https:\/\/tiandeproducts.co.uk\/#website\"},\"primaryImageOfPage\":{\"@id\":\"https:\/\/tiandeproducts.co.uk\/lt\/biologiskai-aktyvus-maisto-papildas-citrokalcivitas-60-tableciu\/#primaryimage\"},\"image\":{\"@id\":\"https:\/\/tiandeproducts.co.uk\/lt\/biologiskai-aktyvus-maisto-papildas-citrokalcivitas-60-tableciu\/#primaryimage\"},\"thumbnailUrl\":\"https:\/\/tiandeproducts.co.uk\/wp-content\/uploads\/2018\/05\/113004.jpg\",\"datePublished\":\"2018-05-10T09:37:07+00:00\",\"dateModified\":\"2021-02-12T12:15:04+00:00\",\"breadcrumb\":{\"@id\":\"https:\/\/tiandeproducts.co.uk\/lt\/biologiskai-aktyvus-maisto-papildas-citrokalcivitas-60-tableciu\/#breadcrumb\"},\"inLanguage\":\"lt-LT\",\"potentialAction\":[{\"@type\":\"ReadAction\",\"target\":[\"https:\/\/tiandeproducts.co.uk\/lt\/biologiskai-aktyvus-maisto-papildas-citrokalcivitas-60-tableciu\/\"]}]},{\"@type\":\"ImageObject\",\"inLanguage\":\"lt-LT\",\"@id\":\"https:\/\/tiandeproducts.co.uk\/lt\/biologiskai-aktyvus-maisto-papildas-citrokalcivitas-60-tableciu\/#primaryimage\",\"url\":\"https:\/\/tiandeproducts.co.uk\/wp-content\/uploads\/2018\/05\/113004.jpg\",\"contentUrl\":\"https:\/\/tiandeproducts.co.uk\/wp-content\/uploads\/2018\/05\/113004.jpg\",\"width\":800,\"height\":800,\"caption\":\"Biologically Active Additive \\\"Citrocalcevit\\\",60 Tablets-0\"},{\"@type\":\"BreadcrumbList\",\"@id\":\"https:\/\/tiandeproducts.co.uk\/lt\/biologiskai-aktyvus-maisto-papildas-citrokalcivitas-60-tableciu\/#breadcrumb\",\"itemListElement\":[{\"@type\":\"ListItem\",\"position\":1,\"name\":\"Home\",\"item\":\"https:\/\/tiandeproducts.co.uk\/lt\/\"},{\"@type\":\"ListItem\",\"position\":2,\"name\":\"Shop\",\"item\":\"https:\/\/tiandeproducts.co.uk\/lt\/shop-2\/\"},{\"@type\":\"ListItem\",\"position\":3,\"name\":\"Biologi\u0161kai aktyvus maisto papildas &#8220;Citrokalcivitas&#8221; 60 table\u010di\u0173\"}]},{\"@type\":\"WebSite\",\"@id\":\"https:\/\/tiandeproducts.co.uk\/#website\",\"url\":\"https:\/\/tiandeproducts.co.uk\/\",\"name\":\"TianDe Online Shop - Beauty & Health\",\"description\":\"Traditional Chinese Medicine\",\"potentialAction\":[{\"@type\":\"SearchAction\",\"target\":{\"@type\":\"EntryPoint\",\"urlTemplate\":\"https:\/\/tiandeproducts.co.uk\/?s={search_term_string}\"},\"query-input\":{\"@type\":\"PropertyValueSpecification\",\"valueRequired\":true,\"valueName\":\"search_term_string\"}}],\"inLanguage\":\"lt-LT\"}]}<\/script>\n<!-- \/ Yoast SEO plugin. -->","yoast_head_json":{"title":"Biologi\u0161kai aktyvus maisto papildas \"Citrokalcivitas\" 60 table\u010di\u0173 - TianDe Online Shop - Beauty &amp; Health","robots":{"index":"index","follow":"follow","max-snippet":"max-snippet:-1","max-image-preview":"max-image-preview:large","max-video-preview":"max-video-preview:-1"},"canonical":"https:\/\/tiandeproducts.co.uk\/lt\/biologiskai-aktyvus-maisto-papildas-citrokalcivitas-60-tableciu\/","og_locale":"lt_LT","og_type":"article","og_title":"Biologi\u0161kai aktyvus maisto papildas \"Citrokalcivitas\" 60 table\u010di\u0173 - TianDe Online Shop - Beauty &amp; Health","og_description":"\u00a0Earn 13 points worth \u00a30.65 when buying this product Citrokalcivitas yra biologinio kalcio ir bazini\u0173 vitamin\u0173 \u0161altinis, jis teigiamai veikia vis\u0173 k\u016bno sistem\u0173 darb\u0105, i\u0161laiko gro\u017e\u012f. Rekomenduojama naudoti kalcio ir vitamin\u0173 balanso optimizavimui. Jis papildo kalcio ir b\u016btiniausi\u0173 vitamin\u0173 tr\u016bkum\u0105. Pasi\u017eymi auk\u0161tu biologiniu prieinamumu, jis nesikaupia inkstuose. Sud\u0117tis: kalcio citritas, vitaminas A, D3, \u04121, \u04122, [...]","og_url":"https:\/\/tiandeproducts.co.uk\/lt\/biologiskai-aktyvus-maisto-papildas-citrokalcivitas-60-tableciu\/","og_site_name":"TianDe Online Shop - Beauty &amp; Health","article_publisher":"https:\/\/www.facebook.com\/tiande.products.england\/","article_modified_time":"2021-02-12T12:15:04+00:00","og_image":[{"width":800,"height":800,"url":"https:\/\/tiandeproducts.co.uk\/wp-content\/uploads\/2018\/05\/113004.jpg","type":"image\/jpeg"}],"twitter_card":"summary_large_image","schema":{"@context":"https:\/\/schema.org","@graph":[{"@type":"WebPage","@id":"https:\/\/tiandeproducts.co.uk\/lt\/biologiskai-aktyvus-maisto-papildas-citrokalcivitas-60-tableciu\/","url":"https:\/\/tiandeproducts.co.uk\/lt\/biologiskai-aktyvus-maisto-papildas-citrokalcivitas-60-tableciu\/","name":"Biologi\u0161kai aktyvus maisto papildas \"Citrokalcivitas\" 60 table\u010di\u0173 - TianDe Online Shop - Beauty &amp; Health","isPartOf":{"@id":"https:\/\/tiandeproducts.co.uk\/#website"},"primaryImageOfPage":{"@id":"https:\/\/tiandeproducts.co.uk\/lt\/biologiskai-aktyvus-maisto-papildas-citrokalcivitas-60-tableciu\/#primaryimage"},"image":{"@id":"https:\/\/tiandeproducts.co.uk\/lt\/biologiskai-aktyvus-maisto-papildas-citrokalcivitas-60-tableciu\/#primaryimage"},"thumbnailUrl":"https:\/\/tiandeproducts.co.uk\/wp-content\/uploads\/2018\/05\/113004.jpg","datePublished":"2018-05-10T09:37:07+00:00","dateModified":"2021-02-12T12:15:04+00:00","breadcrumb":{"@id":"https:\/\/tiandeproducts.co.uk\/lt\/biologiskai-aktyvus-maisto-papildas-citrokalcivitas-60-tableciu\/#breadcrumb"},"inLanguage":"lt-LT","potentialAction":[{"@type":"ReadAction","target":["https:\/\/tiandeproducts.co.uk\/lt\/biologiskai-aktyvus-maisto-papildas-citrokalcivitas-60-tableciu\/"]}]},{"@type":"ImageObject","inLanguage":"lt-LT","@id":"https:\/\/tiandeproducts.co.uk\/lt\/biologiskai-aktyvus-maisto-papildas-citrokalcivitas-60-tableciu\/#primaryimage","url":"https:\/\/tiandeproducts.co.uk\/wp-content\/uploads\/2018\/05\/113004.jpg","contentUrl":"https:\/\/tiandeproducts.co.uk\/wp-content\/uploads\/2018\/05\/113004.jpg","width":800,"height":800,"caption":"Biologically Active Additive \"Citrocalcevit\",60 Tablets-0"},{"@type":"BreadcrumbList","@id":"https:\/\/tiandeproducts.co.uk\/lt\/biologiskai-aktyvus-maisto-papildas-citrokalcivitas-60-tableciu\/#breadcrumb","itemListElement":[{"@type":"ListItem","position":1,"name":"Home","item":"https:\/\/tiandeproducts.co.uk\/lt\/"},{"@type":"ListItem","position":2,"name":"Shop","item":"https:\/\/tiandeproducts.co.uk\/lt\/shop-2\/"},{"@type":"ListItem","position":3,"name":"Biologi\u0161kai aktyvus maisto papildas &#8220;Citrokalcivitas&#8221; 60 table\u010di\u0173"}]},{"@type":"WebSite","@id":"https:\/\/tiandeproducts.co.uk\/#website","url":"https:\/\/tiandeproducts.co.uk\/","name":"TianDe Online Shop - Beauty & Health","description":"Traditional Chinese Medicine","potentialAction":[{"@type":"SearchAction","target":{"@type":"EntryPoint","urlTemplate":"https:\/\/tiandeproducts.co.uk\/?s={search_term_string}"},"query-input":{"@type":"PropertyValueSpecification","valueRequired":true,"valueName":"search_term_string"}}],"inLanguage":"lt-LT"}]}},"_links":{"self":[{"href":"https:\/\/tiandeproducts.co.uk\/lt\/wp-json\/wp\/v2\/product\/3981","targetHints":{"allow":["GET"]}}],"collection":[{"href":"https:\/\/tiandeproducts.co.uk\/lt\/wp-json\/wp\/v2\/product"}],"about":[{"href":"https:\/\/tiandeproducts.co.uk\/lt\/wp-json\/wp\/v2\/types\/product"}],"replies":[{"embeddable":true,"href":"https:\/\/tiandeproducts.co.uk\/lt\/wp-json\/wp\/v2\/comments?post=3981"}],"wp:featuredmedia":[{"embeddable":true,"href":"https:\/\/tiandeproducts.co.uk\/lt\/wp-json\/wp\/v2\/media\/1861"}],"wp:attachment":[{"href":"https:\/\/tiandeproducts.co.uk\/lt\/wp-json\/wp\/v2\/media?parent=3981"}],"wp:term":[{"taxonomy":"product_cat","embeddable":true,"href":"https:\/\/tiandeproducts.co.uk\/lt\/wp-json\/wp\/v2\/product_cat?post=3981"},{"taxonomy":"product_tag","embeddable":true,"href":"https:\/\/tiandeproducts.co.uk\/lt\/wp-json\/wp\/v2\/product_tag?post=3981"}],"curies":[{"name":"wp","href":"https:\/\/api.w.org\/{rel}","templated":true}]}}