{"id":3978,"date":"2017-12-19T10:42:49","date_gmt":"2017-12-19T10:42:49","guid":{"rendered":"https:\/\/tnd.ontesting.co.uk\/dd-tonaline-koreguojamoji-priemone-veidui-kusonas-15g\/"},"modified":"2022-07-03T20:13:42","modified_gmt":"2022-07-03T19:13:42","slug":"dd-tonaline-koreguojamoji-priemone-veidui-kusonas-15g","status":"publish","type":"product","link":"https:\/\/tiandeproducts.co.uk\/lt\/dd-tonaline-koreguojamoji-priemone-veidui-kusonas-15g\/","title":{"rendered":"DD tonalin\u0117 koreguojamoji priemon\u0117 veidui &#8211; ku\u0161onas, 15g."},"content":{"rendered":"<p><img decoding=\"async\" style=\"max-width: 16px; margin-right: 5px;\" src=\"https:\/\/tiandeproducts.co.uk\/wp-content\/uploads\/points-green.svg\" \/>\u00a0Earn 37 points worth \u00a31.85 when buying this product<\/p>\n<p style=\"text-align: justify;\">Tai vienas toninis pagrindas vietoj keli\u0173 priemoni\u0173 &#8211; pudros, toninio pagrindo, apsaugin\u0117s priemon\u0117s nuo saul\u0117s. DD toninis kremas nuostabiai i\u0161lygina odos spalv\u0105, maskuoja odos defektus, tr\u016bkumus ir smulkias rauk\u0161leles. Naudojant DD krem\u0105 poros pastebimai susitraukia, o oda atrodo gaivi ir pails\u0117jusi.<br \/>\nKu\u0161onas &#8211; kompakti\u0161kas ir prabangus d\u0117klas, kuriame telpa viskas ko reikia nepriekai\u0161tingam odos atspalviui sukurti: kompakti\u0161kas ir patogus veidrod\u0117lis, kuris bet kuriuo metu pad\u0117s pakoreguoti makia\u017e\u0105; patogi ir \u0161velni pagalv\u0117l\u0117 &#8211; kempin\u0117l\u0117, padengta lengva tonine priemone; specialus aplikatorius tolygiam priemon\u0117s paskirstymui; lengvas DD kremas &#8211; tonin\u0117 priemon\u0117, susiliejanti su odos atspalviu ir nepaliekanti joki\u0173 \u201ekauk\u0117s\u201c \u017eymi\u0173, bei praturtinanti\u00a0 od\u0105 dr\u0117kinamaisiais komponentais ir stipria apsauga nuo oksidant\u0173 ir UV.<\/p>\n<p style=\"text-align: justify;\">DD rei\u0161kia \u201edaily defense\u201c (kasdien\u0117 apsauga) arba \u201edermo-defense\u201c (odos apsauga). DD kremai padeda apsaugoti od\u0105 nuo negatyvi\u0173 i\u0161or\u0117s veiksni\u0173, ter\u0161al\u0173 ir UV spinduli\u0173 (UVA\/UVB filtrai). Kartu su vitamino E antioksidacin\u0117mis savyb\u0117mis \u0161is kremas suma\u017eina ter\u0161al\u0173 daleli\u0173 sukibim\u0105 su oda ir padeda apsaugoti j\u0105 nuo ne\u0161varum\u0173, d\u0117l kuri\u0173 ir atsiranda v\u0117lesn\u0117s odos problemos.<br \/>\n\u0160i\u0105 priemon\u0119 naudoti labai paprasta, o veido odos gro\u017eis u\u017etikrinamas vis\u0105 dien\u0105.<\/p>\n<p><strong>Naudojimas:<\/strong><br \/>\nPirmiausia kruop\u0161\u010diai nuvalykite veido od\u0105 miceliniu vandeniu ar valomuoju losjonu, tada padenkite j\u0105 lengvu dieniniu kremuku (pagal poreik\u012f ir pagal odos tip\u0105), tada paimkite impregnuot\u0105 kempin\u0117l\u0119 ir lengvais judesiais tap\u0161nokite koreguojan\u010di\u0105 tonin\u0119 priemon\u0119, tolygiai padenkite vis\u0105 veido ar kaklo od\u0105. Ypa\u010d efektyvu prie\u0161 tai naudoti dienin\u012f veido krem\u0105\u00a0<span class=\"st\">\u201e<\/span>Sensacija<span class=\"st\">\u201c\u00a0<\/span>(10105).<\/p>\n<p><strong>Veikliosios med\u017eiagos:<\/strong><\/p>\n<p><strong>Vitaminas E<\/strong>\u00a0&#8211; stiprus antioksidantas, imunomoduliatorius, atsakingas u\u017e odos elastingum\u0105. Jis saugo nuo rauk\u0161li\u0173 atsiradimo, neigiamo ultravioletini\u0173 spinduli\u0173 poveikio, skatina l\u0105steli\u0173 regeneracij\u0105, apr\u016bpina jas deguonimi.<\/p>\n<p><strong>Natrio hialuronatas<\/strong>\u00a0&#8211; biotechnologi\u0161kai i\u0161valytas preparatas, gaunamas labai sud\u0117tingos hialurono r\u016bg\u0161ties ir natrio jon\u0173 sintez\u0117s d\u0117ka. Jis suteikia stipr\u0173 dr\u0117kinant\u012f efekt\u0105, stimuliuoja regeneracijos procesus, pasi\u017eymi prie\u0161u\u017edegiminiu poveikiu, dr\u0117kina ir lygina epiderm\u012f.<\/p>\n<p><strong>Titano dioksido<\/strong>\u00a0mineralin\u0117s granul\u0117s naudojamos kaip nat\u016bralus UV spinduli\u0173 filtras (nat\u016braliai suteikia stipri\u0105 apsaug\u0105 nuo saul\u0117s (20 SPF ir daugiau)), ta\u010diau tuo pa\u010diu jis ne\u012fsiskverbia \u012f od\u0105, lieka organizmo i\u0161or\u0117je. Mineralin\u0117s med\u017eiagos sukuria apsaugin\u012f barjer\u0105, kuris lengvai nusiplauna, bet nepatenka \u012f vidaus organus ir nesikaupia organizmo audiniuose, kaip kitos chemin\u0117s med\u017eiagos. Vaikams ir \u017emon\u0117ms (turintiems jautri\u0105 od\u0105), skirti kremai nuo saul\u0117s paprastai gaminami tik su titano dioksidu.<\/p>\n","protected":false},"excerpt":{"rendered":"<p>\u00a0Earn 37 points worth \u00a31.85 when buying this product Tai vienas toninis pagrindas vietoj keli\u0173 priemoni\u0173 &#8211; pudros, toninio pagrindo, apsaugin\u0117s priemon\u0117s nuo saul\u0117s. DD toninis kremas nuostabiai i\u0161lygina odos spalv\u0105, maskuoja odos defektus, tr\u016bkumus ir smulkias rauk\u0161leles. Naudojant DD krem\u0105 poros pastebimai susitraukia, o oda atrodo gaivi ir pails\u0117jusi. Ku\u0161onas &#8211; kompakti\u0161kas ir prabangus [&#8230;]\n","protected":false},"featured_media":3969,"comment_status":"closed","ping_status":"closed","template":"","meta":[],"product_cat":[687,710,702,700],"product_tag":[],"class_list":{"0":"post-3978","1":"product","2":"type-product","3":"status-publish","4":"has-post-thumbnail","6":"product_cat-makiazas-lt","7":"product_cat-pro-visage-lt-2","8":"product_cat-tonaliniai-kremai","9":"product_cat-veidui-lt","11":"first","12":"outofstock","13":"shipping-taxable","14":"purchasable","15":"product-type-variable"},"yoast_head":"<!-- This site is optimized with the Yoast SEO plugin v23.6 - https:\/\/yoast.com\/wordpress\/plugins\/seo\/ -->\n<title>DD tonalin\u0117 koreguojamoji priemon\u0117 veidui - ku\u0161onas, 15g. - TianDe Online Shop - Beauty &amp; Health<\/title>\n<meta name=\"robots\" content=\"index, follow, max-snippet:-1, max-image-preview:large, max-video-preview:-1\" \/>\n<link rel=\"canonical\" href=\"https:\/\/tiandeproducts.co.uk\/lt\/dd-tonaline-koreguojamoji-priemone-veidui-kusonas-15g\/\" \/>\n<meta property=\"og:locale\" content=\"lt_LT\" \/>\n<meta property=\"og:type\" content=\"article\" \/>\n<meta property=\"og:title\" content=\"DD tonalin\u0117 koreguojamoji priemon\u0117 veidui - ku\u0161onas, 15g. - TianDe Online Shop - Beauty &amp; Health\" \/>\n<meta property=\"og:description\" content=\"\u00a0Earn 37 points worth \u00a31.85 when buying this product Tai vienas toninis pagrindas vietoj keli\u0173 priemoni\u0173 &#8211; pudros, toninio pagrindo, apsaugin\u0117s priemon\u0117s nuo saul\u0117s. DD toninis kremas nuostabiai i\u0161lygina odos spalv\u0105, maskuoja odos defektus, tr\u016bkumus ir smulkias rauk\u0161leles. Naudojant DD krem\u0105 poros pastebimai susitraukia, o oda atrodo gaivi ir pails\u0117jusi. Ku\u0161onas &#8211; kompakti\u0161kas ir prabangus [...]\" \/>\n<meta property=\"og:url\" content=\"https:\/\/tiandeproducts.co.uk\/lt\/dd-tonaline-koreguojamoji-priemone-veidui-kusonas-15g\/\" \/>\n<meta property=\"og:site_name\" content=\"TianDe Online Shop - Beauty &amp; Health\" \/>\n<meta property=\"article:publisher\" content=\"https:\/\/www.facebook.com\/tiande.products.england\/\" \/>\n<meta property=\"article:modified_time\" content=\"2022-07-03T19:13:42+00:00\" \/>\n<meta property=\"og:image\" content=\"https:\/\/tiandeproducts.co.uk\/wp-content\/uploads\/dd-tonaline-koreguojamoji-priemone-veidui-kusonas-15g.png\" \/>\n\t<meta property=\"og:image:width\" content=\"750\" \/>\n\t<meta property=\"og:image:height\" content=\"750\" \/>\n\t<meta property=\"og:image:type\" content=\"image\/png\" \/>\n<meta name=\"twitter:card\" content=\"summary_large_image\" \/>\n<meta name=\"twitter:label1\" content=\"Est. reading time\" \/>\n\t<meta name=\"twitter:data1\" content=\"2 minut\u0117s\" \/>\n<script type=\"application\/ld+json\" class=\"yoast-schema-graph\">{\"@context\":\"https:\/\/schema.org\",\"@graph\":[{\"@type\":\"WebPage\",\"@id\":\"https:\/\/tiandeproducts.co.uk\/lt\/dd-tonaline-koreguojamoji-priemone-veidui-kusonas-15g\/\",\"url\":\"https:\/\/tiandeproducts.co.uk\/lt\/dd-tonaline-koreguojamoji-priemone-veidui-kusonas-15g\/\",\"name\":\"DD tonalin\u0117 koreguojamoji priemon\u0117 veidui - ku\u0161onas, 15g. - TianDe Online Shop - Beauty &amp; Health\",\"isPartOf\":{\"@id\":\"https:\/\/tiandeproducts.co.uk\/#website\"},\"primaryImageOfPage\":{\"@id\":\"https:\/\/tiandeproducts.co.uk\/lt\/dd-tonaline-koreguojamoji-priemone-veidui-kusonas-15g\/#primaryimage\"},\"image\":{\"@id\":\"https:\/\/tiandeproducts.co.uk\/lt\/dd-tonaline-koreguojamoji-priemone-veidui-kusonas-15g\/#primaryimage\"},\"thumbnailUrl\":\"https:\/\/tiandeproducts.co.uk\/wp-content\/uploads\/dd-tonaline-koreguojamoji-priemone-veidui-kusonas-15g.png\",\"datePublished\":\"2017-12-19T10:42:49+00:00\",\"dateModified\":\"2022-07-03T19:13:42+00:00\",\"breadcrumb\":{\"@id\":\"https:\/\/tiandeproducts.co.uk\/lt\/dd-tonaline-koreguojamoji-priemone-veidui-kusonas-15g\/#breadcrumb\"},\"inLanguage\":\"lt-LT\",\"potentialAction\":[{\"@type\":\"ReadAction\",\"target\":[\"https:\/\/tiandeproducts.co.uk\/lt\/dd-tonaline-koreguojamoji-priemone-veidui-kusonas-15g\/\"]}]},{\"@type\":\"ImageObject\",\"inLanguage\":\"lt-LT\",\"@id\":\"https:\/\/tiandeproducts.co.uk\/lt\/dd-tonaline-koreguojamoji-priemone-veidui-kusonas-15g\/#primaryimage\",\"url\":\"https:\/\/tiandeproducts.co.uk\/wp-content\/uploads\/dd-tonaline-koreguojamoji-priemone-veidui-kusonas-15g.png\",\"contentUrl\":\"https:\/\/tiandeproducts.co.uk\/wp-content\/uploads\/dd-tonaline-koreguojamoji-priemone-veidui-kusonas-15g.png\",\"width\":750,\"height\":750},{\"@type\":\"BreadcrumbList\",\"@id\":\"https:\/\/tiandeproducts.co.uk\/lt\/dd-tonaline-koreguojamoji-priemone-veidui-kusonas-15g\/#breadcrumb\",\"itemListElement\":[{\"@type\":\"ListItem\",\"position\":1,\"name\":\"Home\",\"item\":\"https:\/\/tiandeproducts.co.uk\/lt\/\"},{\"@type\":\"ListItem\",\"position\":2,\"name\":\"Shop\",\"item\":\"https:\/\/tiandeproducts.co.uk\/lt\/shop-2\/\"},{\"@type\":\"ListItem\",\"position\":3,\"name\":\"DD tonalin\u0117 koreguojamoji priemon\u0117 veidui &#8211; ku\u0161onas, 15g.\"}]},{\"@type\":\"WebSite\",\"@id\":\"https:\/\/tiandeproducts.co.uk\/#website\",\"url\":\"https:\/\/tiandeproducts.co.uk\/\",\"name\":\"TianDe Online Shop - Beauty & Health\",\"description\":\"Traditional Chinese Medicine\",\"potentialAction\":[{\"@type\":\"SearchAction\",\"target\":{\"@type\":\"EntryPoint\",\"urlTemplate\":\"https:\/\/tiandeproducts.co.uk\/?s={search_term_string}\"},\"query-input\":{\"@type\":\"PropertyValueSpecification\",\"valueRequired\":true,\"valueName\":\"search_term_string\"}}],\"inLanguage\":\"lt-LT\"}]}<\/script>\n<!-- \/ Yoast SEO plugin. -->","yoast_head_json":{"title":"DD tonalin\u0117 koreguojamoji priemon\u0117 veidui - ku\u0161onas, 15g. - TianDe Online Shop - Beauty &amp; Health","robots":{"index":"index","follow":"follow","max-snippet":"max-snippet:-1","max-image-preview":"max-image-preview:large","max-video-preview":"max-video-preview:-1"},"canonical":"https:\/\/tiandeproducts.co.uk\/lt\/dd-tonaline-koreguojamoji-priemone-veidui-kusonas-15g\/","og_locale":"lt_LT","og_type":"article","og_title":"DD tonalin\u0117 koreguojamoji priemon\u0117 veidui - ku\u0161onas, 15g. - TianDe Online Shop - Beauty &amp; Health","og_description":"\u00a0Earn 37 points worth \u00a31.85 when buying this product Tai vienas toninis pagrindas vietoj keli\u0173 priemoni\u0173 &#8211; pudros, toninio pagrindo, apsaugin\u0117s priemon\u0117s nuo saul\u0117s. DD toninis kremas nuostabiai i\u0161lygina odos spalv\u0105, maskuoja odos defektus, tr\u016bkumus ir smulkias rauk\u0161leles. Naudojant DD krem\u0105 poros pastebimai susitraukia, o oda atrodo gaivi ir pails\u0117jusi. Ku\u0161onas &#8211; kompakti\u0161kas ir prabangus [...]","og_url":"https:\/\/tiandeproducts.co.uk\/lt\/dd-tonaline-koreguojamoji-priemone-veidui-kusonas-15g\/","og_site_name":"TianDe Online Shop - Beauty &amp; Health","article_publisher":"https:\/\/www.facebook.com\/tiande.products.england\/","article_modified_time":"2022-07-03T19:13:42+00:00","og_image":[{"width":750,"height":750,"url":"https:\/\/tiandeproducts.co.uk\/wp-content\/uploads\/dd-tonaline-koreguojamoji-priemone-veidui-kusonas-15g.png","type":"image\/png"}],"twitter_card":"summary_large_image","twitter_misc":{"Est. reading time":"2 minut\u0117s"},"schema":{"@context":"https:\/\/schema.org","@graph":[{"@type":"WebPage","@id":"https:\/\/tiandeproducts.co.uk\/lt\/dd-tonaline-koreguojamoji-priemone-veidui-kusonas-15g\/","url":"https:\/\/tiandeproducts.co.uk\/lt\/dd-tonaline-koreguojamoji-priemone-veidui-kusonas-15g\/","name":"DD tonalin\u0117 koreguojamoji priemon\u0117 veidui - ku\u0161onas, 15g. - TianDe Online Shop - Beauty &amp; Health","isPartOf":{"@id":"https:\/\/tiandeproducts.co.uk\/#website"},"primaryImageOfPage":{"@id":"https:\/\/tiandeproducts.co.uk\/lt\/dd-tonaline-koreguojamoji-priemone-veidui-kusonas-15g\/#primaryimage"},"image":{"@id":"https:\/\/tiandeproducts.co.uk\/lt\/dd-tonaline-koreguojamoji-priemone-veidui-kusonas-15g\/#primaryimage"},"thumbnailUrl":"https:\/\/tiandeproducts.co.uk\/wp-content\/uploads\/dd-tonaline-koreguojamoji-priemone-veidui-kusonas-15g.png","datePublished":"2017-12-19T10:42:49+00:00","dateModified":"2022-07-03T19:13:42+00:00","breadcrumb":{"@id":"https:\/\/tiandeproducts.co.uk\/lt\/dd-tonaline-koreguojamoji-priemone-veidui-kusonas-15g\/#breadcrumb"},"inLanguage":"lt-LT","potentialAction":[{"@type":"ReadAction","target":["https:\/\/tiandeproducts.co.uk\/lt\/dd-tonaline-koreguojamoji-priemone-veidui-kusonas-15g\/"]}]},{"@type":"ImageObject","inLanguage":"lt-LT","@id":"https:\/\/tiandeproducts.co.uk\/lt\/dd-tonaline-koreguojamoji-priemone-veidui-kusonas-15g\/#primaryimage","url":"https:\/\/tiandeproducts.co.uk\/wp-content\/uploads\/dd-tonaline-koreguojamoji-priemone-veidui-kusonas-15g.png","contentUrl":"https:\/\/tiandeproducts.co.uk\/wp-content\/uploads\/dd-tonaline-koreguojamoji-priemone-veidui-kusonas-15g.png","width":750,"height":750},{"@type":"BreadcrumbList","@id":"https:\/\/tiandeproducts.co.uk\/lt\/dd-tonaline-koreguojamoji-priemone-veidui-kusonas-15g\/#breadcrumb","itemListElement":[{"@type":"ListItem","position":1,"name":"Home","item":"https:\/\/tiandeproducts.co.uk\/lt\/"},{"@type":"ListItem","position":2,"name":"Shop","item":"https:\/\/tiandeproducts.co.uk\/lt\/shop-2\/"},{"@type":"ListItem","position":3,"name":"DD tonalin\u0117 koreguojamoji priemon\u0117 veidui &#8211; ku\u0161onas, 15g."}]},{"@type":"WebSite","@id":"https:\/\/tiandeproducts.co.uk\/#website","url":"https:\/\/tiandeproducts.co.uk\/","name":"TianDe Online Shop - Beauty & Health","description":"Traditional Chinese Medicine","potentialAction":[{"@type":"SearchAction","target":{"@type":"EntryPoint","urlTemplate":"https:\/\/tiandeproducts.co.uk\/?s={search_term_string}"},"query-input":{"@type":"PropertyValueSpecification","valueRequired":true,"valueName":"search_term_string"}}],"inLanguage":"lt-LT"}]}},"_links":{"self":[{"href":"https:\/\/tiandeproducts.co.uk\/lt\/wp-json\/wp\/v2\/product\/3978","targetHints":{"allow":["GET"]}}],"collection":[{"href":"https:\/\/tiandeproducts.co.uk\/lt\/wp-json\/wp\/v2\/product"}],"about":[{"href":"https:\/\/tiandeproducts.co.uk\/lt\/wp-json\/wp\/v2\/types\/product"}],"replies":[{"embeddable":true,"href":"https:\/\/tiandeproducts.co.uk\/lt\/wp-json\/wp\/v2\/comments?post=3978"}],"wp:featuredmedia":[{"embeddable":true,"href":"https:\/\/tiandeproducts.co.uk\/lt\/wp-json\/wp\/v2\/media\/3969"}],"wp:attachment":[{"href":"https:\/\/tiandeproducts.co.uk\/lt\/wp-json\/wp\/v2\/media?parent=3978"}],"wp:term":[{"taxonomy":"product_cat","embeddable":true,"href":"https:\/\/tiandeproducts.co.uk\/lt\/wp-json\/wp\/v2\/product_cat?post=3978"},{"taxonomy":"product_tag","embeddable":true,"href":"https:\/\/tiandeproducts.co.uk\/lt\/wp-json\/wp\/v2\/product_tag?post=3978"}],"curies":[{"name":"wp","href":"https:\/\/api.w.org\/{rel}","templated":true}]}}