{"id":3956,"date":"2018-05-15T09:57:56","date_gmt":"2018-05-15T08:57:56","guid":{"rendered":"https:\/\/tnd.ontesting.co.uk\/piestukas-antakiams-1-vnt\/"},"modified":"2021-02-12T12:10:26","modified_gmt":"2021-02-12T12:10:26","slug":"piestukas-antakiams-1-vnt","status":"publish","type":"product","link":"https:\/\/tiandeproducts.co.uk\/lt\/piestukas-antakiams-1-vnt\/","title":{"rendered":"Pie\u0161tukas antakiams 1 vnt."},"content":{"rendered":"<p><img decoding=\"async\" style=\"max-width: 16px; margin-right: 5px;\" src=\"https:\/\/tiandeproducts.co.uk\/wp-content\/uploads\/points-green.svg\" \/>\u00a0Earn 10 points worth \u00a30.50 when buying this product<\/p>\n<p>Gra\u017e\u016bs, pri\u017ei\u016br\u0117ti antakiai yra 90 % s\u0117kmingo makia\u017eo! Pie\u0161tukas i\u0161 TianDe pad\u0117s Jums sukurti puikius antakius! D\u0117l stabilios formul\u0117s, jie neteps vis\u0105 dien\u0105. Nat\u016bralus va\u0161kas u\u017etikrina tinkam\u0105 link\u012f. Patogus antgalis padeda pasiekti ideal\u0173 br\u0117\u017eimo tikslum\u0105, o prakti\u0161kos &#8222;\u0161ukut\u0117s&#8221; lengvai sutvarkys J\u016bs\u0173 antakius, pabr\u0117\u017edamos j\u0173 nepriekai\u0161ting\u0105 form\u0105.<\/p>\n<p><strong>Naudojimas:<\/strong> u\u017ebraukite pie\u0161tuk\u0105 ant antakio, nuspalvindami od\u0105 tarp plaukeli\u0173. Pakoreguokite spalvos intensyvum\u0105, stipriau arba silpniau paspaudus antgal\u012f.<\/p>\n<p><strong>Aktyv\u016bs komponentai:<\/strong><\/p>\n<p><strong>Candelilla va\u0161kas<\/strong> <em>&#8211;\u00a0<\/em>tai va\u0161kas i\u0161gautas i\u0161 Candelilla augalo, kuris auga \u0160iaur\u0117s Meksikos ir Vakar\u0173 Teksaso vietov\u0117se. Lydosi prie auk\u0161tesn\u0117s temperat\u016bros negu bi\u010di\u0173 va\u0161kas ir yra atsparesnis \u0161ilumai. Jis turi lengv\u0105 antibakterin\u012f poveik\u012f, suteikia blizges\u012f.<\/p>\n","protected":false},"excerpt":{"rendered":"<p>\u00a0Earn 10 points worth \u00a30.50 when buying this product Gra\u017e\u016bs, pri\u017ei\u016br\u0117ti antakiai yra 90 % s\u0117kmingo makia\u017eo! Pie\u0161tukas i\u0161 TianDe pad\u0117s Jums sukurti puikius antakius! D\u0117l stabilios formul\u0117s, jie neteps vis\u0105 dien\u0105. Nat\u016bralus va\u0161kas u\u017etikrina tinkam\u0105 link\u012f. Patogus antgalis padeda pasiekti ideal\u0173 br\u0117\u017eimo tikslum\u0105, o prakti\u0161kos &#8222;\u0161ukut\u0117s&#8221; lengvai sutvarkys J\u016bs\u0173 antakius, pabr\u0117\u017edamos j\u0173 nepriekai\u0161ting\u0105 form\u0105. [&#8230;]\n","protected":false},"featured_media":1881,"comment_status":"closed","ping_status":"closed","template":"","meta":[],"product_cat":[694,687,699,710],"product_tag":[],"class_list":{"0":"post-3956","1":"product","2":"type-product","3":"status-publish","4":"has-post-thumbnail","6":"product_cat-akims","7":"product_cat-makiazas-lt","8":"product_cat-piestukai","9":"product_cat-pro-visage-lt-2","11":"first","12":"instock","13":"sale","14":"shipping-taxable","15":"purchasable","16":"product-type-variable"},"yoast_head":"<!-- This site is optimized with the Yoast SEO plugin v23.6 - https:\/\/yoast.com\/wordpress\/plugins\/seo\/ -->\n<title>Pie\u0161tukas antakiams 1 vnt. - TianDe Online Shop - Beauty &amp; Health<\/title>\n<meta name=\"robots\" content=\"index, follow, max-snippet:-1, max-image-preview:large, max-video-preview:-1\" \/>\n<link rel=\"canonical\" href=\"https:\/\/tiandeproducts.co.uk\/lt\/piestukas-antakiams-1-vnt\/\" \/>\n<meta property=\"og:locale\" content=\"lt_LT\" \/>\n<meta property=\"og:type\" content=\"article\" \/>\n<meta property=\"og:title\" content=\"Pie\u0161tukas antakiams 1 vnt. - TianDe Online Shop - Beauty &amp; Health\" \/>\n<meta property=\"og:description\" content=\"\u00a0Earn 10 points worth \u00a30.50 when buying this product Gra\u017e\u016bs, pri\u017ei\u016br\u0117ti antakiai yra 90 % s\u0117kmingo makia\u017eo! Pie\u0161tukas i\u0161 TianDe pad\u0117s Jums sukurti puikius antakius! D\u0117l stabilios formul\u0117s, jie neteps vis\u0105 dien\u0105. Nat\u016bralus va\u0161kas u\u017etikrina tinkam\u0105 link\u012f. Patogus antgalis padeda pasiekti ideal\u0173 br\u0117\u017eimo tikslum\u0105, o prakti\u0161kos &#8222;\u0161ukut\u0117s&#8221; lengvai sutvarkys J\u016bs\u0173 antakius, pabr\u0117\u017edamos j\u0173 nepriekai\u0161ting\u0105 form\u0105. [...]\" \/>\n<meta property=\"og:url\" content=\"https:\/\/tiandeproducts.co.uk\/lt\/piestukas-antakiams-1-vnt\/\" \/>\n<meta property=\"og:site_name\" content=\"TianDe Online Shop - Beauty &amp; Health\" \/>\n<meta property=\"article:publisher\" content=\"https:\/\/www.facebook.com\/tiande.products.england\/\" \/>\n<meta property=\"article:modified_time\" content=\"2021-02-12T12:10:26+00:00\" \/>\n<meta property=\"og:image\" content=\"https:\/\/tiandeproducts.co.uk\/wp-content\/uploads\/2018\/05\/80906.jpg\" \/>\n\t<meta property=\"og:image:width\" content=\"800\" \/>\n\t<meta property=\"og:image:height\" content=\"800\" \/>\n\t<meta property=\"og:image:type\" content=\"image\/jpeg\" \/>\n<meta name=\"twitter:card\" content=\"summary_large_image\" \/>\n<meta name=\"twitter:label1\" content=\"Est. reading time\" \/>\n\t<meta name=\"twitter:data1\" content=\"1 minut\u0117\" \/>\n<script type=\"application\/ld+json\" class=\"yoast-schema-graph\">{\"@context\":\"https:\/\/schema.org\",\"@graph\":[{\"@type\":\"WebPage\",\"@id\":\"https:\/\/tiandeproducts.co.uk\/lt\/piestukas-antakiams-1-vnt\/\",\"url\":\"https:\/\/tiandeproducts.co.uk\/lt\/piestukas-antakiams-1-vnt\/\",\"name\":\"Pie\u0161tukas antakiams 1 vnt. - TianDe Online Shop - Beauty &amp; Health\",\"isPartOf\":{\"@id\":\"https:\/\/tiandeproducts.co.uk\/#website\"},\"primaryImageOfPage\":{\"@id\":\"https:\/\/tiandeproducts.co.uk\/lt\/piestukas-antakiams-1-vnt\/#primaryimage\"},\"image\":{\"@id\":\"https:\/\/tiandeproducts.co.uk\/lt\/piestukas-antakiams-1-vnt\/#primaryimage\"},\"thumbnailUrl\":\"https:\/\/tiandeproducts.co.uk\/wp-content\/uploads\/2018\/05\/80906.jpg\",\"datePublished\":\"2018-05-15T08:57:56+00:00\",\"dateModified\":\"2021-02-12T12:10:26+00:00\",\"breadcrumb\":{\"@id\":\"https:\/\/tiandeproducts.co.uk\/lt\/piestukas-antakiams-1-vnt\/#breadcrumb\"},\"inLanguage\":\"lt-LT\",\"potentialAction\":[{\"@type\":\"ReadAction\",\"target\":[\"https:\/\/tiandeproducts.co.uk\/lt\/piestukas-antakiams-1-vnt\/\"]}]},{\"@type\":\"ImageObject\",\"inLanguage\":\"lt-LT\",\"@id\":\"https:\/\/tiandeproducts.co.uk\/lt\/piestukas-antakiams-1-vnt\/#primaryimage\",\"url\":\"https:\/\/tiandeproducts.co.uk\/wp-content\/uploads\/2018\/05\/80906.jpg\",\"contentUrl\":\"https:\/\/tiandeproducts.co.uk\/wp-content\/uploads\/2018\/05\/80906.jpg\",\"width\":800,\"height\":800,\"caption\":\"PRO Visage Eyebrow Pencil,0,35g-0\"},{\"@type\":\"BreadcrumbList\",\"@id\":\"https:\/\/tiandeproducts.co.uk\/lt\/piestukas-antakiams-1-vnt\/#breadcrumb\",\"itemListElement\":[{\"@type\":\"ListItem\",\"position\":1,\"name\":\"Home\",\"item\":\"https:\/\/tiandeproducts.co.uk\/lt\/\"},{\"@type\":\"ListItem\",\"position\":2,\"name\":\"Shop\",\"item\":\"https:\/\/tiandeproducts.co.uk\/lt\/shop-2\/\"},{\"@type\":\"ListItem\",\"position\":3,\"name\":\"Pie\u0161tukas antakiams 1 vnt.\"}]},{\"@type\":\"WebSite\",\"@id\":\"https:\/\/tiandeproducts.co.uk\/#website\",\"url\":\"https:\/\/tiandeproducts.co.uk\/\",\"name\":\"TianDe Online Shop - Beauty & Health\",\"description\":\"Traditional Chinese Medicine\",\"potentialAction\":[{\"@type\":\"SearchAction\",\"target\":{\"@type\":\"EntryPoint\",\"urlTemplate\":\"https:\/\/tiandeproducts.co.uk\/?s={search_term_string}\"},\"query-input\":{\"@type\":\"PropertyValueSpecification\",\"valueRequired\":true,\"valueName\":\"search_term_string\"}}],\"inLanguage\":\"lt-LT\"}]}<\/script>\n<!-- \/ Yoast SEO plugin. -->","yoast_head_json":{"title":"Pie\u0161tukas antakiams 1 vnt. - TianDe Online Shop - Beauty &amp; Health","robots":{"index":"index","follow":"follow","max-snippet":"max-snippet:-1","max-image-preview":"max-image-preview:large","max-video-preview":"max-video-preview:-1"},"canonical":"https:\/\/tiandeproducts.co.uk\/lt\/piestukas-antakiams-1-vnt\/","og_locale":"lt_LT","og_type":"article","og_title":"Pie\u0161tukas antakiams 1 vnt. - TianDe Online Shop - Beauty &amp; Health","og_description":"\u00a0Earn 10 points worth \u00a30.50 when buying this product Gra\u017e\u016bs, pri\u017ei\u016br\u0117ti antakiai yra 90 % s\u0117kmingo makia\u017eo! Pie\u0161tukas i\u0161 TianDe pad\u0117s Jums sukurti puikius antakius! D\u0117l stabilios formul\u0117s, jie neteps vis\u0105 dien\u0105. Nat\u016bralus va\u0161kas u\u017etikrina tinkam\u0105 link\u012f. Patogus antgalis padeda pasiekti ideal\u0173 br\u0117\u017eimo tikslum\u0105, o prakti\u0161kos &#8222;\u0161ukut\u0117s&#8221; lengvai sutvarkys J\u016bs\u0173 antakius, pabr\u0117\u017edamos j\u0173 nepriekai\u0161ting\u0105 form\u0105. [...]","og_url":"https:\/\/tiandeproducts.co.uk\/lt\/piestukas-antakiams-1-vnt\/","og_site_name":"TianDe Online Shop - Beauty &amp; Health","article_publisher":"https:\/\/www.facebook.com\/tiande.products.england\/","article_modified_time":"2021-02-12T12:10:26+00:00","og_image":[{"width":800,"height":800,"url":"https:\/\/tiandeproducts.co.uk\/wp-content\/uploads\/2018\/05\/80906.jpg","type":"image\/jpeg"}],"twitter_card":"summary_large_image","twitter_misc":{"Est. reading time":"1 minut\u0117"},"schema":{"@context":"https:\/\/schema.org","@graph":[{"@type":"WebPage","@id":"https:\/\/tiandeproducts.co.uk\/lt\/piestukas-antakiams-1-vnt\/","url":"https:\/\/tiandeproducts.co.uk\/lt\/piestukas-antakiams-1-vnt\/","name":"Pie\u0161tukas antakiams 1 vnt. - TianDe Online Shop - Beauty &amp; Health","isPartOf":{"@id":"https:\/\/tiandeproducts.co.uk\/#website"},"primaryImageOfPage":{"@id":"https:\/\/tiandeproducts.co.uk\/lt\/piestukas-antakiams-1-vnt\/#primaryimage"},"image":{"@id":"https:\/\/tiandeproducts.co.uk\/lt\/piestukas-antakiams-1-vnt\/#primaryimage"},"thumbnailUrl":"https:\/\/tiandeproducts.co.uk\/wp-content\/uploads\/2018\/05\/80906.jpg","datePublished":"2018-05-15T08:57:56+00:00","dateModified":"2021-02-12T12:10:26+00:00","breadcrumb":{"@id":"https:\/\/tiandeproducts.co.uk\/lt\/piestukas-antakiams-1-vnt\/#breadcrumb"},"inLanguage":"lt-LT","potentialAction":[{"@type":"ReadAction","target":["https:\/\/tiandeproducts.co.uk\/lt\/piestukas-antakiams-1-vnt\/"]}]},{"@type":"ImageObject","inLanguage":"lt-LT","@id":"https:\/\/tiandeproducts.co.uk\/lt\/piestukas-antakiams-1-vnt\/#primaryimage","url":"https:\/\/tiandeproducts.co.uk\/wp-content\/uploads\/2018\/05\/80906.jpg","contentUrl":"https:\/\/tiandeproducts.co.uk\/wp-content\/uploads\/2018\/05\/80906.jpg","width":800,"height":800,"caption":"PRO Visage Eyebrow Pencil,0,35g-0"},{"@type":"BreadcrumbList","@id":"https:\/\/tiandeproducts.co.uk\/lt\/piestukas-antakiams-1-vnt\/#breadcrumb","itemListElement":[{"@type":"ListItem","position":1,"name":"Home","item":"https:\/\/tiandeproducts.co.uk\/lt\/"},{"@type":"ListItem","position":2,"name":"Shop","item":"https:\/\/tiandeproducts.co.uk\/lt\/shop-2\/"},{"@type":"ListItem","position":3,"name":"Pie\u0161tukas antakiams 1 vnt."}]},{"@type":"WebSite","@id":"https:\/\/tiandeproducts.co.uk\/#website","url":"https:\/\/tiandeproducts.co.uk\/","name":"TianDe Online Shop - Beauty & Health","description":"Traditional Chinese Medicine","potentialAction":[{"@type":"SearchAction","target":{"@type":"EntryPoint","urlTemplate":"https:\/\/tiandeproducts.co.uk\/?s={search_term_string}"},"query-input":{"@type":"PropertyValueSpecification","valueRequired":true,"valueName":"search_term_string"}}],"inLanguage":"lt-LT"}]}},"_links":{"self":[{"href":"https:\/\/tiandeproducts.co.uk\/lt\/wp-json\/wp\/v2\/product\/3956","targetHints":{"allow":["GET"]}}],"collection":[{"href":"https:\/\/tiandeproducts.co.uk\/lt\/wp-json\/wp\/v2\/product"}],"about":[{"href":"https:\/\/tiandeproducts.co.uk\/lt\/wp-json\/wp\/v2\/types\/product"}],"replies":[{"embeddable":true,"href":"https:\/\/tiandeproducts.co.uk\/lt\/wp-json\/wp\/v2\/comments?post=3956"}],"wp:featuredmedia":[{"embeddable":true,"href":"https:\/\/tiandeproducts.co.uk\/lt\/wp-json\/wp\/v2\/media\/1881"}],"wp:attachment":[{"href":"https:\/\/tiandeproducts.co.uk\/lt\/wp-json\/wp\/v2\/media?parent=3956"}],"wp:term":[{"taxonomy":"product_cat","embeddable":true,"href":"https:\/\/tiandeproducts.co.uk\/lt\/wp-json\/wp\/v2\/product_cat?post=3956"},{"taxonomy":"product_tag","embeddable":true,"href":"https:\/\/tiandeproducts.co.uk\/lt\/wp-json\/wp\/v2\/product_tag?post=3956"}],"curies":[{"name":"wp","href":"https:\/\/api.w.org\/{rel}","templated":true}]}}