{"id":3910,"date":"2018-05-30T11:51:06","date_gmt":"2018-05-30T10:51:06","guid":{"rendered":"https:\/\/tnd.ontesting.co.uk\/tusas-blankstienoms-galaxy-volume-5d-115g\/"},"modified":"2021-02-12T12:03:58","modified_gmt":"2021-02-12T12:03:58","slug":"tusas-blankstienoms-galaxy-volume-5d-115g","status":"publish","type":"product","link":"https:\/\/tiandeproducts.co.uk\/lt\/tusas-blankstienoms-galaxy-volume-5d-115g\/","title":{"rendered":"Tu\u0161as blankstienoms \u201eGalaxy Volume 5D\u201c, 11,5g."},"content":{"rendered":"<p><img decoding=\"async\" style=\"max-width: 16px; margin-right: 5px;\" src=\"https:\/\/tiandeproducts.co.uk\/wp-content\/uploads\/points-green.svg\" \/>\u00a0Earn 20 points worth \u00a31.00 when buying this product<\/p>\n<p>Blakstien\u0173 tu\u0161as &#8222;Galaxy 5D&#8221; pad\u0117s jums bet kurioje situacijoje visu 100%!<br \/>\n<span class=\"text_exposed_show\">Vienu metu atlieka penki\u0173 produkt\u0173 funkcijas!<\/span><\/p>\n<ul>\n<li>Apimtis.<\/li>\n<li><span class=\"text_exposed_show\">Idealus atskyrimas &#8211; \u0161epet\u0117lis atskiria net trumpas blakstienas.<\/span><\/li>\n<li><span class=\"text_exposed_show\">Riestumas &#8211; i\u0161lieka vis\u0105 dien\u0105.<\/span><\/li>\n<li><span class=\"text_exposed_show\">Ne\u012ftik\u0117tinas ilgis &#8211; prailgina kiekvien\u0105 blakstien\u0105, sukuria prabangi\u0105 i\u0161vaizd\u0105.<\/span><\/li>\n<li><span class=\"text_exposed_show\">Kruop\u0161ti prie\u017ei\u016bra &#8211; J\u016bs\u0173 blakstienos atrodo puikiai, jos mink\u0161tos, erdvios ir gerai pri\u017ei\u016br\u0117tos.<\/span><\/li>\n<\/ul>\n<p><strong>Naudojimas:<\/strong> priklausomai nuo pageidaujamo rezultato u\u017etepkite nuo vieno iki keli\u0173 sluoksni\u0173, atsargiai padengiant nuo blakstien\u0173 augimo prad\u017eios.<\/p>\n","protected":false},"excerpt":{"rendered":"<p>\u00a0Earn 20 points worth \u00a31.00 when buying this product Blakstien\u0173 tu\u0161as &#8222;Galaxy 5D&#8221; pad\u0117s jums bet kurioje situacijoje visu 100%! Vienu metu atlieka penki\u0173 produkt\u0173 funkcijas! Apimtis. Idealus atskyrimas &#8211; \u0161epet\u0117lis atskiria net trumpas blakstienas. Riestumas &#8211; i\u0161lieka vis\u0105 dien\u0105. Ne\u012ftik\u0117tinas ilgis &#8211; prailgina kiekvien\u0105 blakstien\u0105, sukuria prabangi\u0105 i\u0161vaizd\u0105. Kruop\u0161ti prie\u017ei\u016bra &#8211; J\u016bs\u0173 blakstienos atrodo [&#8230;]\n","protected":false},"featured_media":1921,"comment_status":"closed","ping_status":"closed","template":"","meta":[],"product_cat":[694,687,698],"product_tag":[],"class_list":{"0":"post-3910","1":"product","2":"type-product","3":"status-publish","4":"has-post-thumbnail","6":"product_cat-akims","7":"product_cat-makiazas-lt","8":"product_cat-tusai-blakstienoms","10":"first","11":"outofstock","12":"shipping-taxable","13":"purchasable","14":"product-type-simple"},"yoast_head":"<!-- This site is optimized with the Yoast SEO plugin v23.6 - https:\/\/yoast.com\/wordpress\/plugins\/seo\/ -->\n<title>Tu\u0161as blankstienoms \u201eGalaxy Volume 5D\u201c, 11,5g. - TianDe Online Shop - Beauty &amp; Health<\/title>\n<meta name=\"robots\" content=\"index, follow, max-snippet:-1, max-image-preview:large, max-video-preview:-1\" \/>\n<link rel=\"canonical\" href=\"https:\/\/tiandeproducts.co.uk\/lt\/tusas-blankstienoms-galaxy-volume-5d-115g\/\" \/>\n<meta property=\"og:locale\" content=\"lt_LT\" \/>\n<meta property=\"og:type\" content=\"article\" \/>\n<meta property=\"og:title\" content=\"Tu\u0161as blankstienoms \u201eGalaxy Volume 5D\u201c, 11,5g. - TianDe Online Shop - Beauty &amp; Health\" \/>\n<meta property=\"og:description\" content=\"\u00a0Earn 20 points worth \u00a31.00 when buying this product Blakstien\u0173 tu\u0161as &#8222;Galaxy 5D&#8221; pad\u0117s jums bet kurioje situacijoje visu 100%! Vienu metu atlieka penki\u0173 produkt\u0173 funkcijas! Apimtis. Idealus atskyrimas &#8211; \u0161epet\u0117lis atskiria net trumpas blakstienas. Riestumas &#8211; i\u0161lieka vis\u0105 dien\u0105. Ne\u012ftik\u0117tinas ilgis &#8211; prailgina kiekvien\u0105 blakstien\u0105, sukuria prabangi\u0105 i\u0161vaizd\u0105. Kruop\u0161ti prie\u017ei\u016bra &#8211; J\u016bs\u0173 blakstienos atrodo [...]\" \/>\n<meta property=\"og:url\" content=\"https:\/\/tiandeproducts.co.uk\/lt\/tusas-blankstienoms-galaxy-volume-5d-115g\/\" \/>\n<meta property=\"og:site_name\" content=\"TianDe Online Shop - Beauty &amp; Health\" \/>\n<meta property=\"article:publisher\" content=\"https:\/\/www.facebook.com\/tiande.products.england\/\" \/>\n<meta property=\"article:modified_time\" content=\"2021-02-12T12:03:58+00:00\" \/>\n<meta property=\"og:image\" content=\"https:\/\/tiandeproducts.co.uk\/wp-content\/uploads\/2018\/05\/80129.jpg\" \/>\n\t<meta property=\"og:image:width\" content=\"800\" \/>\n\t<meta property=\"og:image:height\" content=\"800\" \/>\n\t<meta property=\"og:image:type\" content=\"image\/jpeg\" \/>\n<meta name=\"twitter:card\" content=\"summary_large_image\" \/>\n<script type=\"application\/ld+json\" class=\"yoast-schema-graph\">{\"@context\":\"https:\/\/schema.org\",\"@graph\":[{\"@type\":\"WebPage\",\"@id\":\"https:\/\/tiandeproducts.co.uk\/lt\/tusas-blankstienoms-galaxy-volume-5d-115g\/\",\"url\":\"https:\/\/tiandeproducts.co.uk\/lt\/tusas-blankstienoms-galaxy-volume-5d-115g\/\",\"name\":\"Tu\u0161as blankstienoms \u201eGalaxy Volume 5D\u201c, 11,5g. - TianDe Online Shop - Beauty &amp; Health\",\"isPartOf\":{\"@id\":\"https:\/\/tiandeproducts.co.uk\/#website\"},\"primaryImageOfPage\":{\"@id\":\"https:\/\/tiandeproducts.co.uk\/lt\/tusas-blankstienoms-galaxy-volume-5d-115g\/#primaryimage\"},\"image\":{\"@id\":\"https:\/\/tiandeproducts.co.uk\/lt\/tusas-blankstienoms-galaxy-volume-5d-115g\/#primaryimage\"},\"thumbnailUrl\":\"https:\/\/tiandeproducts.co.uk\/wp-content\/uploads\/2018\/05\/80129.jpg\",\"datePublished\":\"2018-05-30T10:51:06+00:00\",\"dateModified\":\"2021-02-12T12:03:58+00:00\",\"breadcrumb\":{\"@id\":\"https:\/\/tiandeproducts.co.uk\/lt\/tusas-blankstienoms-galaxy-volume-5d-115g\/#breadcrumb\"},\"inLanguage\":\"lt-LT\",\"potentialAction\":[{\"@type\":\"ReadAction\",\"target\":[\"https:\/\/tiandeproducts.co.uk\/lt\/tusas-blankstienoms-galaxy-volume-5d-115g\/\"]}]},{\"@type\":\"ImageObject\",\"inLanguage\":\"lt-LT\",\"@id\":\"https:\/\/tiandeproducts.co.uk\/lt\/tusas-blankstienoms-galaxy-volume-5d-115g\/#primaryimage\",\"url\":\"https:\/\/tiandeproducts.co.uk\/wp-content\/uploads\/2018\/05\/80129.jpg\",\"contentUrl\":\"https:\/\/tiandeproducts.co.uk\/wp-content\/uploads\/2018\/05\/80129.jpg\",\"width\":800,\"height\":800,\"caption\":\"TianDe Galaxy Volume 5D Effect Mascara,11.5g-0\"},{\"@type\":\"BreadcrumbList\",\"@id\":\"https:\/\/tiandeproducts.co.uk\/lt\/tusas-blankstienoms-galaxy-volume-5d-115g\/#breadcrumb\",\"itemListElement\":[{\"@type\":\"ListItem\",\"position\":1,\"name\":\"Home\",\"item\":\"https:\/\/tiandeproducts.co.uk\/lt\/\"},{\"@type\":\"ListItem\",\"position\":2,\"name\":\"Shop\",\"item\":\"https:\/\/tiandeproducts.co.uk\/lt\/shop-2\/\"},{\"@type\":\"ListItem\",\"position\":3,\"name\":\"Tu\u0161as blankstienoms \u201eGalaxy Volume 5D\u201c, 11,5g.\"}]},{\"@type\":\"WebSite\",\"@id\":\"https:\/\/tiandeproducts.co.uk\/#website\",\"url\":\"https:\/\/tiandeproducts.co.uk\/\",\"name\":\"TianDe Online Shop - Beauty & Health\",\"description\":\"Traditional Chinese Medicine\",\"potentialAction\":[{\"@type\":\"SearchAction\",\"target\":{\"@type\":\"EntryPoint\",\"urlTemplate\":\"https:\/\/tiandeproducts.co.uk\/?s={search_term_string}\"},\"query-input\":{\"@type\":\"PropertyValueSpecification\",\"valueRequired\":true,\"valueName\":\"search_term_string\"}}],\"inLanguage\":\"lt-LT\"}]}<\/script>\n<!-- \/ Yoast SEO plugin. -->","yoast_head_json":{"title":"Tu\u0161as blankstienoms \u201eGalaxy Volume 5D\u201c, 11,5g. - TianDe Online Shop - Beauty &amp; Health","robots":{"index":"index","follow":"follow","max-snippet":"max-snippet:-1","max-image-preview":"max-image-preview:large","max-video-preview":"max-video-preview:-1"},"canonical":"https:\/\/tiandeproducts.co.uk\/lt\/tusas-blankstienoms-galaxy-volume-5d-115g\/","og_locale":"lt_LT","og_type":"article","og_title":"Tu\u0161as blankstienoms \u201eGalaxy Volume 5D\u201c, 11,5g. - TianDe Online Shop - Beauty &amp; Health","og_description":"\u00a0Earn 20 points worth \u00a31.00 when buying this product Blakstien\u0173 tu\u0161as &#8222;Galaxy 5D&#8221; pad\u0117s jums bet kurioje situacijoje visu 100%! Vienu metu atlieka penki\u0173 produkt\u0173 funkcijas! Apimtis. Idealus atskyrimas &#8211; \u0161epet\u0117lis atskiria net trumpas blakstienas. Riestumas &#8211; i\u0161lieka vis\u0105 dien\u0105. Ne\u012ftik\u0117tinas ilgis &#8211; prailgina kiekvien\u0105 blakstien\u0105, sukuria prabangi\u0105 i\u0161vaizd\u0105. Kruop\u0161ti prie\u017ei\u016bra &#8211; J\u016bs\u0173 blakstienos atrodo [...]","og_url":"https:\/\/tiandeproducts.co.uk\/lt\/tusas-blankstienoms-galaxy-volume-5d-115g\/","og_site_name":"TianDe Online Shop - Beauty &amp; Health","article_publisher":"https:\/\/www.facebook.com\/tiande.products.england\/","article_modified_time":"2021-02-12T12:03:58+00:00","og_image":[{"width":800,"height":800,"url":"https:\/\/tiandeproducts.co.uk\/wp-content\/uploads\/2018\/05\/80129.jpg","type":"image\/jpeg"}],"twitter_card":"summary_large_image","schema":{"@context":"https:\/\/schema.org","@graph":[{"@type":"WebPage","@id":"https:\/\/tiandeproducts.co.uk\/lt\/tusas-blankstienoms-galaxy-volume-5d-115g\/","url":"https:\/\/tiandeproducts.co.uk\/lt\/tusas-blankstienoms-galaxy-volume-5d-115g\/","name":"Tu\u0161as blankstienoms \u201eGalaxy Volume 5D\u201c, 11,5g. - TianDe Online Shop - Beauty &amp; Health","isPartOf":{"@id":"https:\/\/tiandeproducts.co.uk\/#website"},"primaryImageOfPage":{"@id":"https:\/\/tiandeproducts.co.uk\/lt\/tusas-blankstienoms-galaxy-volume-5d-115g\/#primaryimage"},"image":{"@id":"https:\/\/tiandeproducts.co.uk\/lt\/tusas-blankstienoms-galaxy-volume-5d-115g\/#primaryimage"},"thumbnailUrl":"https:\/\/tiandeproducts.co.uk\/wp-content\/uploads\/2018\/05\/80129.jpg","datePublished":"2018-05-30T10:51:06+00:00","dateModified":"2021-02-12T12:03:58+00:00","breadcrumb":{"@id":"https:\/\/tiandeproducts.co.uk\/lt\/tusas-blankstienoms-galaxy-volume-5d-115g\/#breadcrumb"},"inLanguage":"lt-LT","potentialAction":[{"@type":"ReadAction","target":["https:\/\/tiandeproducts.co.uk\/lt\/tusas-blankstienoms-galaxy-volume-5d-115g\/"]}]},{"@type":"ImageObject","inLanguage":"lt-LT","@id":"https:\/\/tiandeproducts.co.uk\/lt\/tusas-blankstienoms-galaxy-volume-5d-115g\/#primaryimage","url":"https:\/\/tiandeproducts.co.uk\/wp-content\/uploads\/2018\/05\/80129.jpg","contentUrl":"https:\/\/tiandeproducts.co.uk\/wp-content\/uploads\/2018\/05\/80129.jpg","width":800,"height":800,"caption":"TianDe Galaxy Volume 5D Effect Mascara,11.5g-0"},{"@type":"BreadcrumbList","@id":"https:\/\/tiandeproducts.co.uk\/lt\/tusas-blankstienoms-galaxy-volume-5d-115g\/#breadcrumb","itemListElement":[{"@type":"ListItem","position":1,"name":"Home","item":"https:\/\/tiandeproducts.co.uk\/lt\/"},{"@type":"ListItem","position":2,"name":"Shop","item":"https:\/\/tiandeproducts.co.uk\/lt\/shop-2\/"},{"@type":"ListItem","position":3,"name":"Tu\u0161as blankstienoms \u201eGalaxy Volume 5D\u201c, 11,5g."}]},{"@type":"WebSite","@id":"https:\/\/tiandeproducts.co.uk\/#website","url":"https:\/\/tiandeproducts.co.uk\/","name":"TianDe Online Shop - Beauty & Health","description":"Traditional Chinese Medicine","potentialAction":[{"@type":"SearchAction","target":{"@type":"EntryPoint","urlTemplate":"https:\/\/tiandeproducts.co.uk\/?s={search_term_string}"},"query-input":{"@type":"PropertyValueSpecification","valueRequired":true,"valueName":"search_term_string"}}],"inLanguage":"lt-LT"}]}},"_links":{"self":[{"href":"https:\/\/tiandeproducts.co.uk\/lt\/wp-json\/wp\/v2\/product\/3910","targetHints":{"allow":["GET"]}}],"collection":[{"href":"https:\/\/tiandeproducts.co.uk\/lt\/wp-json\/wp\/v2\/product"}],"about":[{"href":"https:\/\/tiandeproducts.co.uk\/lt\/wp-json\/wp\/v2\/types\/product"}],"replies":[{"embeddable":true,"href":"https:\/\/tiandeproducts.co.uk\/lt\/wp-json\/wp\/v2\/comments?post=3910"}],"wp:featuredmedia":[{"embeddable":true,"href":"https:\/\/tiandeproducts.co.uk\/lt\/wp-json\/wp\/v2\/media\/1921"}],"wp:attachment":[{"href":"https:\/\/tiandeproducts.co.uk\/lt\/wp-json\/wp\/v2\/media?parent=3910"}],"wp:term":[{"taxonomy":"product_cat","embeddable":true,"href":"https:\/\/tiandeproducts.co.uk\/lt\/wp-json\/wp\/v2\/product_cat?post=3910"},{"taxonomy":"product_tag","embeddable":true,"href":"https:\/\/tiandeproducts.co.uk\/lt\/wp-json\/wp\/v2\/product_tag?post=3910"}],"curies":[{"name":"wp","href":"https:\/\/api.w.org\/{rel}","templated":true}]}}