{"id":3907,"date":"2018-05-15T09:34:59","date_gmt":"2018-05-15T08:34:59","guid":{"rendered":"https:\/\/tnd.ontesting.co.uk\/dvipusis-lupu-piestukas-1vnt\/"},"modified":"2021-02-12T12:13:16","modified_gmt":"2021-02-12T12:13:16","slug":"dvipusis-lupu-piestukas-1vnt","status":"publish","type":"product","link":"https:\/\/tiandeproducts.co.uk\/lt\/dvipusis-lupu-piestukas-1vnt\/","title":{"rendered":"Dvipusis l\u016bp\u0173 pie\u0161tukas, 1vnt."},"content":{"rendered":"<p><img decoding=\"async\" style=\"max-width: 16px; margin-right: 5px;\" src=\"https:\/\/tiandeproducts.co.uk\/wp-content\/uploads\/points-green.svg\" \/>\u00a0Earn 4 points worth \u00a30.20 when buying this product<\/p>\n<p>Naudokite dvipus\u012f l\u016bp\u0173 pie\u0161tuk\u0105 ir atrodykite vis kitaip kiekvien\u0105 dien\u0105 bei pasitik\u0117kite savimi! Pasirinkite kas Jums labiausiai tinka \u0161iandienos nuotaikai &#8211;\u00a0\u0161velnios pastelin\u0117s spalvos ar intensyvesni ir ry\u0161kesni atspalviai?<\/p>\n<p>Dvipusiai l\u016bp\u0173 pie\u0161tukai turi kelis populiarius atspalvius, kurie yra lengvai pritaikomi prie skirtingo makia\u017eo. Mat\u016bralios pie\u0161tuk\u0173 med\u017eiagos pasir\u016bpins j\u016bs\u0173 l\u016bp\u0173 \u0161velnumu ir d\u017eiugins ilg\u0105 laik\u0105.<\/p>\n<p>01 Alizarine &amp; Sangria | 02 Pink &amp; Beige Rose<\/p>\n","protected":false},"excerpt":{"rendered":"<p>\u00a0Earn 4 points worth \u00a30.20 when buying this product Naudokite dvipus\u012f l\u016bp\u0173 pie\u0161tuk\u0105 ir atrodykite vis kitaip kiekvien\u0105 dien\u0105 bei pasitik\u0117kite savimi! Pasirinkite kas Jums labiausiai tinka \u0161iandienos nuotaikai &#8211;\u00a0\u0161velnios pastelin\u0117s spalvos ar intensyvesni ir ry\u0161kesni atspalviai? Dvipusiai l\u016bp\u0173 pie\u0161tukai turi kelis populiarius atspalvius, kurie yra lengvai pritaikomi prie skirtingo makia\u017eo. Mat\u016bralios pie\u0161tuk\u0173 med\u017eiagos pasir\u016bpins [&#8230;]\n","protected":false},"featured_media":1871,"comment_status":"closed","ping_status":"closed","template":"","meta":[],"product_cat":[687,703,707,710],"product_tag":[],"class_list":{"0":"post-3907","1":"product","2":"type-product","3":"status-publish","4":"has-post-thumbnail","6":"product_cat-makiazas-lt","7":"product_cat-lupoms","8":"product_cat-piestukai-lt","9":"product_cat-pro-visage-lt-2","11":"first","12":"instock","13":"shipping-taxable","14":"purchasable","15":"product-type-variable"},"yoast_head":"<!-- This site is optimized with the Yoast SEO plugin v23.6 - https:\/\/yoast.com\/wordpress\/plugins\/seo\/ -->\n<title>Dvipusis l\u016bp\u0173 pie\u0161tukas, 1vnt. - TianDe Online Shop - Beauty &amp; Health<\/title>\n<meta name=\"robots\" content=\"index, follow, max-snippet:-1, max-image-preview:large, max-video-preview:-1\" \/>\n<link rel=\"canonical\" href=\"https:\/\/tiandeproducts.co.uk\/lt\/dvipusis-lupu-piestukas-1vnt\/\" \/>\n<meta property=\"og:locale\" content=\"lt_LT\" \/>\n<meta property=\"og:type\" content=\"article\" \/>\n<meta property=\"og:title\" content=\"Dvipusis l\u016bp\u0173 pie\u0161tukas, 1vnt. - TianDe Online Shop - Beauty &amp; Health\" \/>\n<meta property=\"og:description\" content=\"\u00a0Earn 4 points worth \u00a30.20 when buying this product Naudokite dvipus\u012f l\u016bp\u0173 pie\u0161tuk\u0105 ir atrodykite vis kitaip kiekvien\u0105 dien\u0105 bei pasitik\u0117kite savimi! Pasirinkite kas Jums labiausiai tinka \u0161iandienos nuotaikai &#8211;\u00a0\u0161velnios pastelin\u0117s spalvos ar intensyvesni ir ry\u0161kesni atspalviai? Dvipusiai l\u016bp\u0173 pie\u0161tukai turi kelis populiarius atspalvius, kurie yra lengvai pritaikomi prie skirtingo makia\u017eo. Mat\u016bralios pie\u0161tuk\u0173 med\u017eiagos pasir\u016bpins [...]\" \/>\n<meta property=\"og:url\" content=\"https:\/\/tiandeproducts.co.uk\/lt\/dvipusis-lupu-piestukas-1vnt\/\" \/>\n<meta property=\"og:site_name\" content=\"TianDe Online Shop - Beauty &amp; Health\" \/>\n<meta property=\"article:publisher\" content=\"https:\/\/www.facebook.com\/tiande.products.england\/\" \/>\n<meta property=\"article:modified_time\" content=\"2021-02-12T12:13:16+00:00\" \/>\n<meta property=\"og:image\" content=\"https:\/\/tiandeproducts.co.uk\/wp-content\/uploads\/2018\/05\/80910_01.jpg\" \/>\n\t<meta property=\"og:image:width\" content=\"800\" \/>\n\t<meta property=\"og:image:height\" content=\"800\" \/>\n\t<meta property=\"og:image:type\" content=\"image\/jpeg\" \/>\n<meta name=\"twitter:card\" content=\"summary_large_image\" \/>\n<script type=\"application\/ld+json\" class=\"yoast-schema-graph\">{\"@context\":\"https:\/\/schema.org\",\"@graph\":[{\"@type\":\"WebPage\",\"@id\":\"https:\/\/tiandeproducts.co.uk\/lt\/dvipusis-lupu-piestukas-1vnt\/\",\"url\":\"https:\/\/tiandeproducts.co.uk\/lt\/dvipusis-lupu-piestukas-1vnt\/\",\"name\":\"Dvipusis l\u016bp\u0173 pie\u0161tukas, 1vnt. - TianDe Online Shop - Beauty &amp; Health\",\"isPartOf\":{\"@id\":\"https:\/\/tiandeproducts.co.uk\/#website\"},\"primaryImageOfPage\":{\"@id\":\"https:\/\/tiandeproducts.co.uk\/lt\/dvipusis-lupu-piestukas-1vnt\/#primaryimage\"},\"image\":{\"@id\":\"https:\/\/tiandeproducts.co.uk\/lt\/dvipusis-lupu-piestukas-1vnt\/#primaryimage\"},\"thumbnailUrl\":\"https:\/\/tiandeproducts.co.uk\/wp-content\/uploads\/2018\/05\/80910_01.jpg\",\"datePublished\":\"2018-05-15T08:34:59+00:00\",\"dateModified\":\"2021-02-12T12:13:16+00:00\",\"breadcrumb\":{\"@id\":\"https:\/\/tiandeproducts.co.uk\/lt\/dvipusis-lupu-piestukas-1vnt\/#breadcrumb\"},\"inLanguage\":\"lt-LT\",\"potentialAction\":[{\"@type\":\"ReadAction\",\"target\":[\"https:\/\/tiandeproducts.co.uk\/lt\/dvipusis-lupu-piestukas-1vnt\/\"]}]},{\"@type\":\"ImageObject\",\"inLanguage\":\"lt-LT\",\"@id\":\"https:\/\/tiandeproducts.co.uk\/lt\/dvipusis-lupu-piestukas-1vnt\/#primaryimage\",\"url\":\"https:\/\/tiandeproducts.co.uk\/wp-content\/uploads\/2018\/05\/80910_01.jpg\",\"contentUrl\":\"https:\/\/tiandeproducts.co.uk\/wp-content\/uploads\/2018\/05\/80910_01.jpg\",\"width\":800,\"height\":800,\"caption\":\"PRO VIsage Lip Crayon (double-sided),1pc-0\"},{\"@type\":\"BreadcrumbList\",\"@id\":\"https:\/\/tiandeproducts.co.uk\/lt\/dvipusis-lupu-piestukas-1vnt\/#breadcrumb\",\"itemListElement\":[{\"@type\":\"ListItem\",\"position\":1,\"name\":\"Home\",\"item\":\"https:\/\/tiandeproducts.co.uk\/lt\/\"},{\"@type\":\"ListItem\",\"position\":2,\"name\":\"Shop\",\"item\":\"https:\/\/tiandeproducts.co.uk\/lt\/shop-2\/\"},{\"@type\":\"ListItem\",\"position\":3,\"name\":\"Dvipusis l\u016bp\u0173 pie\u0161tukas, 1vnt.\"}]},{\"@type\":\"WebSite\",\"@id\":\"https:\/\/tiandeproducts.co.uk\/#website\",\"url\":\"https:\/\/tiandeproducts.co.uk\/\",\"name\":\"TianDe Online Shop - Beauty & Health\",\"description\":\"Traditional Chinese Medicine\",\"potentialAction\":[{\"@type\":\"SearchAction\",\"target\":{\"@type\":\"EntryPoint\",\"urlTemplate\":\"https:\/\/tiandeproducts.co.uk\/?s={search_term_string}\"},\"query-input\":{\"@type\":\"PropertyValueSpecification\",\"valueRequired\":true,\"valueName\":\"search_term_string\"}}],\"inLanguage\":\"lt-LT\"}]}<\/script>\n<!-- \/ Yoast SEO plugin. -->","yoast_head_json":{"title":"Dvipusis l\u016bp\u0173 pie\u0161tukas, 1vnt. - TianDe Online Shop - Beauty &amp; Health","robots":{"index":"index","follow":"follow","max-snippet":"max-snippet:-1","max-image-preview":"max-image-preview:large","max-video-preview":"max-video-preview:-1"},"canonical":"https:\/\/tiandeproducts.co.uk\/lt\/dvipusis-lupu-piestukas-1vnt\/","og_locale":"lt_LT","og_type":"article","og_title":"Dvipusis l\u016bp\u0173 pie\u0161tukas, 1vnt. - TianDe Online Shop - Beauty &amp; Health","og_description":"\u00a0Earn 4 points worth \u00a30.20 when buying this product Naudokite dvipus\u012f l\u016bp\u0173 pie\u0161tuk\u0105 ir atrodykite vis kitaip kiekvien\u0105 dien\u0105 bei pasitik\u0117kite savimi! Pasirinkite kas Jums labiausiai tinka \u0161iandienos nuotaikai &#8211;\u00a0\u0161velnios pastelin\u0117s spalvos ar intensyvesni ir ry\u0161kesni atspalviai? Dvipusiai l\u016bp\u0173 pie\u0161tukai turi kelis populiarius atspalvius, kurie yra lengvai pritaikomi prie skirtingo makia\u017eo. Mat\u016bralios pie\u0161tuk\u0173 med\u017eiagos pasir\u016bpins [...]","og_url":"https:\/\/tiandeproducts.co.uk\/lt\/dvipusis-lupu-piestukas-1vnt\/","og_site_name":"TianDe Online Shop - Beauty &amp; Health","article_publisher":"https:\/\/www.facebook.com\/tiande.products.england\/","article_modified_time":"2021-02-12T12:13:16+00:00","og_image":[{"width":800,"height":800,"url":"https:\/\/tiandeproducts.co.uk\/wp-content\/uploads\/2018\/05\/80910_01.jpg","type":"image\/jpeg"}],"twitter_card":"summary_large_image","schema":{"@context":"https:\/\/schema.org","@graph":[{"@type":"WebPage","@id":"https:\/\/tiandeproducts.co.uk\/lt\/dvipusis-lupu-piestukas-1vnt\/","url":"https:\/\/tiandeproducts.co.uk\/lt\/dvipusis-lupu-piestukas-1vnt\/","name":"Dvipusis l\u016bp\u0173 pie\u0161tukas, 1vnt. - TianDe Online Shop - Beauty &amp; Health","isPartOf":{"@id":"https:\/\/tiandeproducts.co.uk\/#website"},"primaryImageOfPage":{"@id":"https:\/\/tiandeproducts.co.uk\/lt\/dvipusis-lupu-piestukas-1vnt\/#primaryimage"},"image":{"@id":"https:\/\/tiandeproducts.co.uk\/lt\/dvipusis-lupu-piestukas-1vnt\/#primaryimage"},"thumbnailUrl":"https:\/\/tiandeproducts.co.uk\/wp-content\/uploads\/2018\/05\/80910_01.jpg","datePublished":"2018-05-15T08:34:59+00:00","dateModified":"2021-02-12T12:13:16+00:00","breadcrumb":{"@id":"https:\/\/tiandeproducts.co.uk\/lt\/dvipusis-lupu-piestukas-1vnt\/#breadcrumb"},"inLanguage":"lt-LT","potentialAction":[{"@type":"ReadAction","target":["https:\/\/tiandeproducts.co.uk\/lt\/dvipusis-lupu-piestukas-1vnt\/"]}]},{"@type":"ImageObject","inLanguage":"lt-LT","@id":"https:\/\/tiandeproducts.co.uk\/lt\/dvipusis-lupu-piestukas-1vnt\/#primaryimage","url":"https:\/\/tiandeproducts.co.uk\/wp-content\/uploads\/2018\/05\/80910_01.jpg","contentUrl":"https:\/\/tiandeproducts.co.uk\/wp-content\/uploads\/2018\/05\/80910_01.jpg","width":800,"height":800,"caption":"PRO VIsage Lip Crayon (double-sided),1pc-0"},{"@type":"BreadcrumbList","@id":"https:\/\/tiandeproducts.co.uk\/lt\/dvipusis-lupu-piestukas-1vnt\/#breadcrumb","itemListElement":[{"@type":"ListItem","position":1,"name":"Home","item":"https:\/\/tiandeproducts.co.uk\/lt\/"},{"@type":"ListItem","position":2,"name":"Shop","item":"https:\/\/tiandeproducts.co.uk\/lt\/shop-2\/"},{"@type":"ListItem","position":3,"name":"Dvipusis l\u016bp\u0173 pie\u0161tukas, 1vnt."}]},{"@type":"WebSite","@id":"https:\/\/tiandeproducts.co.uk\/#website","url":"https:\/\/tiandeproducts.co.uk\/","name":"TianDe Online Shop - Beauty & Health","description":"Traditional Chinese Medicine","potentialAction":[{"@type":"SearchAction","target":{"@type":"EntryPoint","urlTemplate":"https:\/\/tiandeproducts.co.uk\/?s={search_term_string}"},"query-input":{"@type":"PropertyValueSpecification","valueRequired":true,"valueName":"search_term_string"}}],"inLanguage":"lt-LT"}]}},"_links":{"self":[{"href":"https:\/\/tiandeproducts.co.uk\/lt\/wp-json\/wp\/v2\/product\/3907","targetHints":{"allow":["GET"]}}],"collection":[{"href":"https:\/\/tiandeproducts.co.uk\/lt\/wp-json\/wp\/v2\/product"}],"about":[{"href":"https:\/\/tiandeproducts.co.uk\/lt\/wp-json\/wp\/v2\/types\/product"}],"replies":[{"embeddable":true,"href":"https:\/\/tiandeproducts.co.uk\/lt\/wp-json\/wp\/v2\/comments?post=3907"}],"wp:featuredmedia":[{"embeddable":true,"href":"https:\/\/tiandeproducts.co.uk\/lt\/wp-json\/wp\/v2\/media\/1871"}],"wp:attachment":[{"href":"https:\/\/tiandeproducts.co.uk\/lt\/wp-json\/wp\/v2\/media?parent=3907"}],"wp:term":[{"taxonomy":"product_cat","embeddable":true,"href":"https:\/\/tiandeproducts.co.uk\/lt\/wp-json\/wp\/v2\/product_cat?post=3907"},{"taxonomy":"product_tag","embeddable":true,"href":"https:\/\/tiandeproducts.co.uk\/lt\/wp-json\/wp\/v2\/product_tag?post=3907"}],"curies":[{"name":"wp","href":"https:\/\/api.w.org\/{rel}","templated":true}]}}