{"id":3901,"date":"2019-07-15T11:53:46","date_gmt":"2019-07-15T10:53:46","guid":{"rendered":"https:\/\/tnd.ontesting.co.uk\/kompleksinis-kremas-kojoms-su-sezamu-ir-metu-aliejumi-75ml\/"},"modified":"2021-02-25T11:57:24","modified_gmt":"2021-02-25T11:57:24","slug":"kompleksinis-kremas-kojoms-su-sezamu-ir-metu-aliejumi-75ml","status":"publish","type":"product","link":"https:\/\/tiandeproducts.co.uk\/lt\/kompleksinis-kremas-kojoms-su-sezamu-ir-metu-aliejumi-75ml\/","title":{"rendered":"Kompleksinis kremas kojoms su sezam\u0173 ir m\u0117t\u0173 aliejumi, 75ml."},"content":{"rendered":"<div data-block=\"true\" data-editor=\"8sf8m\" data-offset-key=\"5i9kp-0-0\">\n<div data-offset-key=\"7dvb9-0-0\"><img decoding=\"async\" style=\"max-width: 16px; margin-right: 5px;\" src=\"https:\/\/tiandeproducts.co.uk\/wp-content\/uploads\/points-green.svg\" \/>\u00a0Earn 4 points worth \u00a30.20 when buying this product<\/div>\n<div data-offset-key=\"7dvb9-0-0\"><\/div>\n<div class=\"_1mf _1mj\" data-offset-key=\"7dvb9-0-0\"><span data-offset-key=\"7dvb9-0-0\">Kremas suteikia puiki\u0105 p\u0117d\u0173 prie\u017ei\u016br\u0105. Puikiai mink\u0161tina ir dr\u0117kina od\u0105, apsaugo nuo nuospaud\u0173 ir \u012ftr\u016bkim\u0173. Pa\u0161alina nemalon\u0173 kvap\u0105, dezodoruoja bei atgaivina pavargusias kojas, pa\u0161alina nuovargio jausm\u0105. Palieka \u0161vie\u017eumo ir komforto poj\u016bt\u012f.<\/span><\/div>\n<\/div>\n<div data-block=\"true\" data-editor=\"8sf8m\" data-offset-key=\"7dvb9-0-0\">\n<div class=\"_1mf _1mj\" data-offset-key=\"7dvb9-0-0\"><\/div>\n<div class=\"_1mf _1mj\" data-offset-key=\"7dvb9-0-0\"><span data-offset-key=\"7dvb9-0-0\"><strong>Naudojimas:<\/strong> tepti ant \u0161vari\u0173 p\u0117d\u0173.<\/span><\/div>\n<\/div>\n<div data-block=\"true\" data-editor=\"8sf8m\" data-offset-key=\"b47n0-0-0\"><\/div>\n","protected":false},"excerpt":{"rendered":"<p>\u00a0Earn 4 points worth \u00a30.20 when buying this product Kremas suteikia puiki\u0105 p\u0117d\u0173 prie\u017ei\u016br\u0105. Puikiai mink\u0161tina ir dr\u0117kina od\u0105, apsaugo nuo nuospaud\u0173 ir \u012ftr\u016bkim\u0173. Pa\u0161alina nemalon\u0173 kvap\u0105, dezodoruoja bei atgaivina pavargusias kojas, pa\u0161alina nuovargio jausm\u0105. Palieka \u0161vie\u017eumo ir komforto poj\u016bt\u012f. Naudojimas: tepti ant \u0161vari\u0173 p\u0117d\u0173.<\/p>\n","protected":false},"featured_media":1435,"comment_status":"closed","ping_status":"closed","template":"","meta":[],"product_cat":[512,497],"product_tag":[],"class_list":{"0":"post-3901","1":"product","2":"type-product","3":"status-publish","4":"has-post-thumbnail","6":"product_cat-koju-prieziura","7":"product_cat-kunui","9":"first","10":"instock","11":"shipping-taxable","12":"purchasable","13":"product-type-simple"},"yoast_head":"<!-- This site is optimized with the Yoast SEO plugin v23.6 - https:\/\/yoast.com\/wordpress\/plugins\/seo\/ -->\n<title>Kompleksinis kremas kojoms su sezam\u0173 ir m\u0117t\u0173 aliejumi, 75ml. - TianDe Online Shop - Beauty &amp; Health<\/title>\n<meta name=\"robots\" content=\"index, follow, max-snippet:-1, max-image-preview:large, max-video-preview:-1\" \/>\n<link rel=\"canonical\" href=\"https:\/\/tiandeproducts.co.uk\/lt\/kompleksinis-kremas-kojoms-su-sezamu-ir-metu-aliejumi-75ml\/\" \/>\n<meta property=\"og:locale\" content=\"lt_LT\" \/>\n<meta property=\"og:type\" content=\"article\" \/>\n<meta property=\"og:title\" content=\"Kompleksinis kremas kojoms su sezam\u0173 ir m\u0117t\u0173 aliejumi, 75ml. - TianDe Online Shop - Beauty &amp; Health\" \/>\n<meta property=\"og:description\" content=\"\u00a0Earn 4 points worth \u00a30.20 when buying this product Kremas suteikia puiki\u0105 p\u0117d\u0173 prie\u017ei\u016br\u0105. Puikiai mink\u0161tina ir dr\u0117kina od\u0105, apsaugo nuo nuospaud\u0173 ir \u012ftr\u016bkim\u0173. Pa\u0161alina nemalon\u0173 kvap\u0105, dezodoruoja bei atgaivina pavargusias kojas, pa\u0161alina nuovargio jausm\u0105. Palieka \u0161vie\u017eumo ir komforto poj\u016bt\u012f. Naudojimas: tepti ant \u0161vari\u0173 p\u0117d\u0173.\" \/>\n<meta property=\"og:url\" content=\"https:\/\/tiandeproducts.co.uk\/lt\/kompleksinis-kremas-kojoms-su-sezamu-ir-metu-aliejumi-75ml\/\" \/>\n<meta property=\"og:site_name\" content=\"TianDe Online Shop - Beauty &amp; Health\" \/>\n<meta property=\"article:publisher\" content=\"https:\/\/www.facebook.com\/tiande.products.england\/\" \/>\n<meta property=\"article:modified_time\" content=\"2021-02-25T11:57:24+00:00\" \/>\n<meta property=\"og:image\" content=\"https:\/\/tiandeproducts.co.uk\/wp-content\/uploads\/2016\/12\/40116.png\" \/>\n\t<meta property=\"og:image:width\" content=\"700\" \/>\n\t<meta property=\"og:image:height\" content=\"700\" \/>\n\t<meta property=\"og:image:type\" content=\"image\/png\" \/>\n<meta name=\"twitter:card\" content=\"summary_large_image\" \/>\n<script type=\"application\/ld+json\" class=\"yoast-schema-graph\">{\"@context\":\"https:\/\/schema.org\",\"@graph\":[{\"@type\":\"WebPage\",\"@id\":\"https:\/\/tiandeproducts.co.uk\/lt\/kompleksinis-kremas-kojoms-su-sezamu-ir-metu-aliejumi-75ml\/\",\"url\":\"https:\/\/tiandeproducts.co.uk\/lt\/kompleksinis-kremas-kojoms-su-sezamu-ir-metu-aliejumi-75ml\/\",\"name\":\"Kompleksinis kremas kojoms su sezam\u0173 ir m\u0117t\u0173 aliejumi, 75ml. - TianDe Online Shop - Beauty &amp; Health\",\"isPartOf\":{\"@id\":\"https:\/\/tiandeproducts.co.uk\/#website\"},\"primaryImageOfPage\":{\"@id\":\"https:\/\/tiandeproducts.co.uk\/lt\/kompleksinis-kremas-kojoms-su-sezamu-ir-metu-aliejumi-75ml\/#primaryimage\"},\"image\":{\"@id\":\"https:\/\/tiandeproducts.co.uk\/lt\/kompleksinis-kremas-kojoms-su-sezamu-ir-metu-aliejumi-75ml\/#primaryimage\"},\"thumbnailUrl\":\"https:\/\/tiandeproducts.co.uk\/wp-content\/uploads\/2016\/12\/40116.png\",\"datePublished\":\"2019-07-15T10:53:46+00:00\",\"dateModified\":\"2021-02-25T11:57:24+00:00\",\"breadcrumb\":{\"@id\":\"https:\/\/tiandeproducts.co.uk\/lt\/kompleksinis-kremas-kojoms-su-sezamu-ir-metu-aliejumi-75ml\/#breadcrumb\"},\"inLanguage\":\"lt-LT\",\"potentialAction\":[{\"@type\":\"ReadAction\",\"target\":[\"https:\/\/tiandeproducts.co.uk\/lt\/kompleksinis-kremas-kojoms-su-sezamu-ir-metu-aliejumi-75ml\/\"]}]},{\"@type\":\"ImageObject\",\"inLanguage\":\"lt-LT\",\"@id\":\"https:\/\/tiandeproducts.co.uk\/lt\/kompleksinis-kremas-kojoms-su-sezamu-ir-metu-aliejumi-75ml\/#primaryimage\",\"url\":\"https:\/\/tiandeproducts.co.uk\/wp-content\/uploads\/2016\/12\/40116.png\",\"contentUrl\":\"https:\/\/tiandeproducts.co.uk\/wp-content\/uploads\/2016\/12\/40116.png\",\"width\":700,\"height\":700,\"caption\":\"Foot cream \\\"Sesame and mint oil\\\",75 ml-0\"},{\"@type\":\"BreadcrumbList\",\"@id\":\"https:\/\/tiandeproducts.co.uk\/lt\/kompleksinis-kremas-kojoms-su-sezamu-ir-metu-aliejumi-75ml\/#breadcrumb\",\"itemListElement\":[{\"@type\":\"ListItem\",\"position\":1,\"name\":\"Home\",\"item\":\"https:\/\/tiandeproducts.co.uk\/lt\/\"},{\"@type\":\"ListItem\",\"position\":2,\"name\":\"Shop\",\"item\":\"https:\/\/tiandeproducts.co.uk\/lt\/shop-2\/\"},{\"@type\":\"ListItem\",\"position\":3,\"name\":\"Kompleksinis kremas kojoms su sezam\u0173 ir m\u0117t\u0173 aliejumi, 75ml.\"}]},{\"@type\":\"WebSite\",\"@id\":\"https:\/\/tiandeproducts.co.uk\/#website\",\"url\":\"https:\/\/tiandeproducts.co.uk\/\",\"name\":\"TianDe Online Shop - Beauty & Health\",\"description\":\"Traditional Chinese Medicine\",\"potentialAction\":[{\"@type\":\"SearchAction\",\"target\":{\"@type\":\"EntryPoint\",\"urlTemplate\":\"https:\/\/tiandeproducts.co.uk\/?s={search_term_string}\"},\"query-input\":{\"@type\":\"PropertyValueSpecification\",\"valueRequired\":true,\"valueName\":\"search_term_string\"}}],\"inLanguage\":\"lt-LT\"}]}<\/script>\n<!-- \/ Yoast SEO plugin. -->","yoast_head_json":{"title":"Kompleksinis kremas kojoms su sezam\u0173 ir m\u0117t\u0173 aliejumi, 75ml. - TianDe Online Shop - Beauty &amp; Health","robots":{"index":"index","follow":"follow","max-snippet":"max-snippet:-1","max-image-preview":"max-image-preview:large","max-video-preview":"max-video-preview:-1"},"canonical":"https:\/\/tiandeproducts.co.uk\/lt\/kompleksinis-kremas-kojoms-su-sezamu-ir-metu-aliejumi-75ml\/","og_locale":"lt_LT","og_type":"article","og_title":"Kompleksinis kremas kojoms su sezam\u0173 ir m\u0117t\u0173 aliejumi, 75ml. - TianDe Online Shop - Beauty &amp; Health","og_description":"\u00a0Earn 4 points worth \u00a30.20 when buying this product Kremas suteikia puiki\u0105 p\u0117d\u0173 prie\u017ei\u016br\u0105. Puikiai mink\u0161tina ir dr\u0117kina od\u0105, apsaugo nuo nuospaud\u0173 ir \u012ftr\u016bkim\u0173. Pa\u0161alina nemalon\u0173 kvap\u0105, dezodoruoja bei atgaivina pavargusias kojas, pa\u0161alina nuovargio jausm\u0105. Palieka \u0161vie\u017eumo ir komforto poj\u016bt\u012f. Naudojimas: tepti ant \u0161vari\u0173 p\u0117d\u0173.","og_url":"https:\/\/tiandeproducts.co.uk\/lt\/kompleksinis-kremas-kojoms-su-sezamu-ir-metu-aliejumi-75ml\/","og_site_name":"TianDe Online Shop - Beauty &amp; Health","article_publisher":"https:\/\/www.facebook.com\/tiande.products.england\/","article_modified_time":"2021-02-25T11:57:24+00:00","og_image":[{"width":700,"height":700,"url":"https:\/\/tiandeproducts.co.uk\/wp-content\/uploads\/2016\/12\/40116.png","type":"image\/png"}],"twitter_card":"summary_large_image","schema":{"@context":"https:\/\/schema.org","@graph":[{"@type":"WebPage","@id":"https:\/\/tiandeproducts.co.uk\/lt\/kompleksinis-kremas-kojoms-su-sezamu-ir-metu-aliejumi-75ml\/","url":"https:\/\/tiandeproducts.co.uk\/lt\/kompleksinis-kremas-kojoms-su-sezamu-ir-metu-aliejumi-75ml\/","name":"Kompleksinis kremas kojoms su sezam\u0173 ir m\u0117t\u0173 aliejumi, 75ml. - TianDe Online Shop - Beauty &amp; Health","isPartOf":{"@id":"https:\/\/tiandeproducts.co.uk\/#website"},"primaryImageOfPage":{"@id":"https:\/\/tiandeproducts.co.uk\/lt\/kompleksinis-kremas-kojoms-su-sezamu-ir-metu-aliejumi-75ml\/#primaryimage"},"image":{"@id":"https:\/\/tiandeproducts.co.uk\/lt\/kompleksinis-kremas-kojoms-su-sezamu-ir-metu-aliejumi-75ml\/#primaryimage"},"thumbnailUrl":"https:\/\/tiandeproducts.co.uk\/wp-content\/uploads\/2016\/12\/40116.png","datePublished":"2019-07-15T10:53:46+00:00","dateModified":"2021-02-25T11:57:24+00:00","breadcrumb":{"@id":"https:\/\/tiandeproducts.co.uk\/lt\/kompleksinis-kremas-kojoms-su-sezamu-ir-metu-aliejumi-75ml\/#breadcrumb"},"inLanguage":"lt-LT","potentialAction":[{"@type":"ReadAction","target":["https:\/\/tiandeproducts.co.uk\/lt\/kompleksinis-kremas-kojoms-su-sezamu-ir-metu-aliejumi-75ml\/"]}]},{"@type":"ImageObject","inLanguage":"lt-LT","@id":"https:\/\/tiandeproducts.co.uk\/lt\/kompleksinis-kremas-kojoms-su-sezamu-ir-metu-aliejumi-75ml\/#primaryimage","url":"https:\/\/tiandeproducts.co.uk\/wp-content\/uploads\/2016\/12\/40116.png","contentUrl":"https:\/\/tiandeproducts.co.uk\/wp-content\/uploads\/2016\/12\/40116.png","width":700,"height":700,"caption":"Foot cream \"Sesame and mint oil\",75 ml-0"},{"@type":"BreadcrumbList","@id":"https:\/\/tiandeproducts.co.uk\/lt\/kompleksinis-kremas-kojoms-su-sezamu-ir-metu-aliejumi-75ml\/#breadcrumb","itemListElement":[{"@type":"ListItem","position":1,"name":"Home","item":"https:\/\/tiandeproducts.co.uk\/lt\/"},{"@type":"ListItem","position":2,"name":"Shop","item":"https:\/\/tiandeproducts.co.uk\/lt\/shop-2\/"},{"@type":"ListItem","position":3,"name":"Kompleksinis kremas kojoms su sezam\u0173 ir m\u0117t\u0173 aliejumi, 75ml."}]},{"@type":"WebSite","@id":"https:\/\/tiandeproducts.co.uk\/#website","url":"https:\/\/tiandeproducts.co.uk\/","name":"TianDe Online Shop - Beauty & Health","description":"Traditional Chinese Medicine","potentialAction":[{"@type":"SearchAction","target":{"@type":"EntryPoint","urlTemplate":"https:\/\/tiandeproducts.co.uk\/?s={search_term_string}"},"query-input":{"@type":"PropertyValueSpecification","valueRequired":true,"valueName":"search_term_string"}}],"inLanguage":"lt-LT"}]}},"_links":{"self":[{"href":"https:\/\/tiandeproducts.co.uk\/lt\/wp-json\/wp\/v2\/product\/3901","targetHints":{"allow":["GET"]}}],"collection":[{"href":"https:\/\/tiandeproducts.co.uk\/lt\/wp-json\/wp\/v2\/product"}],"about":[{"href":"https:\/\/tiandeproducts.co.uk\/lt\/wp-json\/wp\/v2\/types\/product"}],"replies":[{"embeddable":true,"href":"https:\/\/tiandeproducts.co.uk\/lt\/wp-json\/wp\/v2\/comments?post=3901"}],"wp:featuredmedia":[{"embeddable":true,"href":"https:\/\/tiandeproducts.co.uk\/lt\/wp-json\/wp\/v2\/media\/1435"}],"wp:attachment":[{"href":"https:\/\/tiandeproducts.co.uk\/lt\/wp-json\/wp\/v2\/media?parent=3901"}],"wp:term":[{"taxonomy":"product_cat","embeddable":true,"href":"https:\/\/tiandeproducts.co.uk\/lt\/wp-json\/wp\/v2\/product_cat?post=3901"},{"taxonomy":"product_tag","embeddable":true,"href":"https:\/\/tiandeproducts.co.uk\/lt\/wp-json\/wp\/v2\/product_tag?post=3901"}],"curies":[{"name":"wp","href":"https:\/\/api.w.org\/{rel}","templated":true}]}}