{"id":3900,"date":"2017-09-19T13:40:22","date_gmt":"2017-09-19T12:40:22","guid":{"rendered":"https:\/\/tnd.ontesting.co.uk\/kremas-suskilinejusiu-kulnu-ir-pedu-prieziurai-40g\/"},"modified":"2021-02-12T12:37:53","modified_gmt":"2021-02-12T12:37:53","slug":"kremas-suskilinejusiu-kulnu-ir-pedu-prieziurai-40g","status":"publish","type":"product","link":"https:\/\/tiandeproducts.co.uk\/lt\/kremas-suskilinejusiu-kulnu-ir-pedu-prieziurai-40g\/","title":{"rendered":"Kremas suskilin\u0117jusi\u0173 kuln\u0173 ir p\u0117d\u0173 prie\u017ei\u016brai, 40g."},"content":{"rendered":"<p><img decoding=\"async\" style=\"max-width: 16px; margin-right: 5px;\" src=\"https:\/\/tiandeproducts.co.uk\/wp-content\/uploads\/points-green.svg\" \/>\u00a0Earn 8 points worth \u00a30.40 when buying this product<\/p>\n<p>Kremas efektyviai mink\u0161tina, dr\u0117kina ir ramina kuln\u0173 ir p\u0117d\u0173 od\u0105, panaikina diskomforto poj\u016bt\u012f. Aktyv\u016bs kremo komponentai i\u0161laiko dr\u0117gm\u0119 odoje ir neleid\u017eia jai i\u0161saus\u0117ti, gr\u0105\u017eina elastingum\u0105, stangrum\u0105, suteikia antibakterin\u0119 apsaug\u0105, ramina sudirgusi\u0105, linkusi\u0105 rausti od\u0105. Kremas pasi\u017eymi stipriomis adaptogenin\u0117mis savyb\u0117mis, kurios padeda i\u0161saugoti bei puosel\u0117ti koj\u0173 odos sveikat\u0105 bei gro\u017e\u012f.<\/p>\n<p>Pagrindin\u0117 \u012ftr\u016bkusi\u0173 kuln\u0173 ir p\u0117d\u0173 prie\u017eastis \u2013 per daug i\u0161saus\u0117jusi oda, suma\u017e\u0117j\u0119s jos elastingumas. Jei nepa\u0161alinama perteklin\u0117 surag\u0117jusi oda kulnai galiausiai suskyla. Per suskilusius kulnus lengva u\u017esikr\u0117sti \u012fnfekcijomis, grybeliu, karpomis ir pan. Geriausias b\u016bdas to i\u0161vengti \u2013 laiku u\u017ekirsti keli\u0105 \u012f asmens higienos rutin\u0105 \u012ftraukiant ir kuln\u0173 prie\u017ei\u016br\u0105.<\/p>\n<p><strong>Naudojimas:<\/strong><br \/>\nU\u017etepkite nedidel\u012f kiek\u012f kremo ant \u0161varios, sausos kuln\u0173 odos, \u0161velniai masa\u017euokite kol susigers. Naudokite ryte ir vakare.<\/p>\n<p><strong>Veikliosios med\u017eiagos:<\/strong><\/p>\n<p><strong>Chrizantemos ekstraktas<\/strong>\u00a0veikia kaip gamtinis antibiotikas, dr\u0117kina ir mink\u0161tina, suma\u017eina u\u017edegiminius procesus, ramina.<\/p>\n<p><strong>Dygliuotoj\u0173 \u0161altalanki\u0173 s\u0117kl\u0173 aliejus<\/strong>\u00a0yra nat\u016bralus vitamin\u0173, organini\u0173 ir riebalini\u0173 r\u016bg\u0161\u010di\u0173, eterini\u0173 aliej\u0173 ir kit\u0173 med\u017eiag\u0173 \u0161altinis, antioksidantas. \u0160altalanki\u0173 aliejuje yra didelis kiekis beta karotino, riebi\u0173j\u0173 r\u016bg\u0161\u010di\u0173 omega-3, omega-6, omega-7 ir omega-9, turi i\u0161skirtin\u012f karotinoid\u0173 ir vitamin\u0173 E kiek\u012f. Med\u017eiagos ramina sudirgusi\u0105, linkusi\u0105 rausti od\u0105, atstato po saul\u0117s nudegim\u0173, puikiai mink\u0161tina, i\u0161lygina, su\u0161velnina ir suteikia jai elastingumo, patikimai apsaugo nuo i\u0161saus\u0117jimo.<\/p>\n<p><strong>\u017daliosios arbatos s\u0117kl\u0173 aliejus<\/strong>\u00a0&#8211; galingas antioksidantas. Jis apsaugo od\u0105 nuo laisv\u0173j\u0173 radikal\u0173, \u0161velnina neigiam\u0105 saul\u0117s spinduli\u0173 poveik\u012f, apsaugo od\u0105 nuo paraudimo, veikia kaip antiseptikas. Aktyviosios med\u017eiagos ramina ir tonizuoja od\u0105, sutraukia poras, gerina odos spalv\u0105.<\/p>\n<p><strong>Vitaminas E<\/strong>\u00a0\u2013 mikroelementas, turintis stiprias antioksidantines savybes. Jis maitina ir dr\u0117kina od\u0105, stiprina epidermio hidrolipidin\u012f barjer\u0105, apsaugo nuo negatyvaus UV spinduli\u0173 poveikio, suma\u017eina randus po akn\u0117s. Vitaminas E pagreitina pa\u017eeist\u0173 odos l\u0105steli\u0173 gijim\u0105, apsaugo nuo negatyvaus laisv\u0173j\u0173 radikal\u0173 poveikio.<\/p>\n<p><strong>Alantoinas<\/strong>\u00a0ramina sudirgusi\u0105 od\u0105, suteikia jai lygumo ir elastingumo, skatina l\u0105steli\u0173 regeneracij\u0105, turi antialergini\u0173 savybi\u0173, padeda gydyti \u017eaizdas, nudegimus ir \u012ftr\u016bkimus, mink\u0161tina.<\/p>\n<p><strong>Hialurono r\u016bg\u0161tis<\/strong>\u00a0suteikia liftingo efekt\u0105, didina odos elastingum\u0105, stangrina. Veiklioji med\u017eiaga ant odos pavir\u0161iaus sukuria orui pralaid\u0173 apsaugin\u012f sluoksn\u012f, tai apsaugo nuo dr\u0117gm\u0117s praradimo net gilesnius sluoksnius. Ji efektyviai pagreitina audini\u0173 l\u0105steli\u0173 atsinaujinimo procesus, gerina mikrocirkuliacij\u0105, skatina nauj\u0173 odos l\u0105steli\u0173 dauginim\u0105si, apsaugo nuo i\u0161orini\u0173 pa\u017eeidim\u0173 ir infekcij\u0173, sustiprina odos apsaugin\u012f sluoksn\u012f bei odos imunines savyb\u0117s.<br \/>\n\u012edomu, kad hialurono r\u016bg\u0161ties molekul\u0117s gali pritraukti ir i\u0161laikyti net ~500 kart\u0173 u\u017e save didesn\u012f kiek\u012f vandens!<\/p>\n","protected":false},"excerpt":{"rendered":"<p>\u00a0Earn 8 points worth \u00a30.40 when buying this product Kremas efektyviai mink\u0161tina, dr\u0117kina ir ramina kuln\u0173 ir p\u0117d\u0173 od\u0105, panaikina diskomforto poj\u016bt\u012f. Aktyv\u016bs kremo komponentai i\u0161laiko dr\u0117gm\u0119 odoje ir neleid\u017eia jai i\u0161saus\u0117ti, gr\u0105\u017eina elastingum\u0105, stangrum\u0105, suteikia antibakterin\u0119 apsaug\u0105, ramina sudirgusi\u0105, linkusi\u0105 rausti od\u0105. Kremas pasi\u017eymi stipriomis adaptogenin\u0117mis savyb\u0117mis, kurios padeda i\u0161saugoti bei puosel\u0117ti koj\u0173 odos [&#8230;]\n","protected":false},"featured_media":1725,"comment_status":"closed","ping_status":"closed","template":"","meta":[],"product_cat":[512,497],"product_tag":[],"class_list":{"0":"post-3900","1":"product","2":"type-product","3":"status-publish","4":"has-post-thumbnail","6":"product_cat-koju-prieziura","7":"product_cat-kunui","9":"first","10":"instock","11":"shipping-taxable","12":"purchasable","13":"product-type-simple"},"yoast_head":"<!-- This site is optimized with the Yoast SEO plugin v23.6 - https:\/\/yoast.com\/wordpress\/plugins\/seo\/ -->\n<title>Kremas suskilin\u0117jusi\u0173 kuln\u0173 ir p\u0117d\u0173 prie\u017ei\u016brai, 40g. - TianDe Online Shop - Beauty &amp; Health<\/title>\n<meta name=\"robots\" content=\"index, follow, max-snippet:-1, max-image-preview:large, max-video-preview:-1\" \/>\n<link rel=\"canonical\" href=\"https:\/\/tiandeproducts.co.uk\/lt\/kremas-suskilinejusiu-kulnu-ir-pedu-prieziurai-40g\/\" \/>\n<meta property=\"og:locale\" content=\"lt_LT\" \/>\n<meta property=\"og:type\" content=\"article\" \/>\n<meta property=\"og:title\" content=\"Kremas suskilin\u0117jusi\u0173 kuln\u0173 ir p\u0117d\u0173 prie\u017ei\u016brai, 40g. - TianDe Online Shop - Beauty &amp; Health\" \/>\n<meta property=\"og:description\" content=\"\u00a0Earn 8 points worth \u00a30.40 when buying this product Kremas efektyviai mink\u0161tina, dr\u0117kina ir ramina kuln\u0173 ir p\u0117d\u0173 od\u0105, panaikina diskomforto poj\u016bt\u012f. Aktyv\u016bs kremo komponentai i\u0161laiko dr\u0117gm\u0119 odoje ir neleid\u017eia jai i\u0161saus\u0117ti, gr\u0105\u017eina elastingum\u0105, stangrum\u0105, suteikia antibakterin\u0119 apsaug\u0105, ramina sudirgusi\u0105, linkusi\u0105 rausti od\u0105. Kremas pasi\u017eymi stipriomis adaptogenin\u0117mis savyb\u0117mis, kurios padeda i\u0161saugoti bei puosel\u0117ti koj\u0173 odos [...]\" \/>\n<meta property=\"og:url\" content=\"https:\/\/tiandeproducts.co.uk\/lt\/kremas-suskilinejusiu-kulnu-ir-pedu-prieziurai-40g\/\" \/>\n<meta property=\"og:site_name\" content=\"TianDe Online Shop - Beauty &amp; Health\" \/>\n<meta property=\"article:publisher\" content=\"https:\/\/www.facebook.com\/tiande.products.england\/\" \/>\n<meta property=\"article:modified_time\" content=\"2021-02-12T12:37:53+00:00\" \/>\n<meta property=\"og:image\" content=\"https:\/\/tiandeproducts.co.uk\/wp-content\/uploads\/2017\/09\/40120.jpg\" \/>\n\t<meta property=\"og:image:width\" content=\"800\" \/>\n\t<meta property=\"og:image:height\" content=\"800\" \/>\n\t<meta property=\"og:image:type\" content=\"image\/jpeg\" \/>\n<meta name=\"twitter:card\" content=\"summary_large_image\" \/>\n<meta name=\"twitter:label1\" content=\"Est. reading time\" \/>\n\t<meta name=\"twitter:data1\" content=\"2 minut\u0117s\" \/>\n<script type=\"application\/ld+json\" class=\"yoast-schema-graph\">{\"@context\":\"https:\/\/schema.org\",\"@graph\":[{\"@type\":\"WebPage\",\"@id\":\"https:\/\/tiandeproducts.co.uk\/lt\/kremas-suskilinejusiu-kulnu-ir-pedu-prieziurai-40g\/\",\"url\":\"https:\/\/tiandeproducts.co.uk\/lt\/kremas-suskilinejusiu-kulnu-ir-pedu-prieziurai-40g\/\",\"name\":\"Kremas suskilin\u0117jusi\u0173 kuln\u0173 ir p\u0117d\u0173 prie\u017ei\u016brai, 40g. - TianDe Online Shop - Beauty &amp; Health\",\"isPartOf\":{\"@id\":\"https:\/\/tiandeproducts.co.uk\/#website\"},\"primaryImageOfPage\":{\"@id\":\"https:\/\/tiandeproducts.co.uk\/lt\/kremas-suskilinejusiu-kulnu-ir-pedu-prieziurai-40g\/#primaryimage\"},\"image\":{\"@id\":\"https:\/\/tiandeproducts.co.uk\/lt\/kremas-suskilinejusiu-kulnu-ir-pedu-prieziurai-40g\/#primaryimage\"},\"thumbnailUrl\":\"https:\/\/tiandeproducts.co.uk\/wp-content\/uploads\/2017\/09\/40120.jpg\",\"datePublished\":\"2017-09-19T12:40:22+00:00\",\"dateModified\":\"2021-02-12T12:37:53+00:00\",\"breadcrumb\":{\"@id\":\"https:\/\/tiandeproducts.co.uk\/lt\/kremas-suskilinejusiu-kulnu-ir-pedu-prieziurai-40g\/#breadcrumb\"},\"inLanguage\":\"lt-LT\",\"potentialAction\":[{\"@type\":\"ReadAction\",\"target\":[\"https:\/\/tiandeproducts.co.uk\/lt\/kremas-suskilinejusiu-kulnu-ir-pedu-prieziurai-40g\/\"]}]},{\"@type\":\"ImageObject\",\"inLanguage\":\"lt-LT\",\"@id\":\"https:\/\/tiandeproducts.co.uk\/lt\/kremas-suskilinejusiu-kulnu-ir-pedu-prieziurai-40g\/#primaryimage\",\"url\":\"https:\/\/tiandeproducts.co.uk\/wp-content\/uploads\/2017\/09\/40120.jpg\",\"contentUrl\":\"https:\/\/tiandeproducts.co.uk\/wp-content\/uploads\/2017\/09\/40120.jpg\",\"width\":800,\"height\":800,\"caption\":\"\u0421racked Heels Cream,40g-0\"},{\"@type\":\"BreadcrumbList\",\"@id\":\"https:\/\/tiandeproducts.co.uk\/lt\/kremas-suskilinejusiu-kulnu-ir-pedu-prieziurai-40g\/#breadcrumb\",\"itemListElement\":[{\"@type\":\"ListItem\",\"position\":1,\"name\":\"Home\",\"item\":\"https:\/\/tiandeproducts.co.uk\/lt\/\"},{\"@type\":\"ListItem\",\"position\":2,\"name\":\"Shop\",\"item\":\"https:\/\/tiandeproducts.co.uk\/lt\/shop-2\/\"},{\"@type\":\"ListItem\",\"position\":3,\"name\":\"Kremas suskilin\u0117jusi\u0173 kuln\u0173 ir p\u0117d\u0173 prie\u017ei\u016brai, 40g.\"}]},{\"@type\":\"WebSite\",\"@id\":\"https:\/\/tiandeproducts.co.uk\/#website\",\"url\":\"https:\/\/tiandeproducts.co.uk\/\",\"name\":\"TianDe Online Shop - Beauty & Health\",\"description\":\"Traditional Chinese Medicine\",\"potentialAction\":[{\"@type\":\"SearchAction\",\"target\":{\"@type\":\"EntryPoint\",\"urlTemplate\":\"https:\/\/tiandeproducts.co.uk\/?s={search_term_string}\"},\"query-input\":{\"@type\":\"PropertyValueSpecification\",\"valueRequired\":true,\"valueName\":\"search_term_string\"}}],\"inLanguage\":\"lt-LT\"}]}<\/script>\n<!-- \/ Yoast SEO plugin. -->","yoast_head_json":{"title":"Kremas suskilin\u0117jusi\u0173 kuln\u0173 ir p\u0117d\u0173 prie\u017ei\u016brai, 40g. - TianDe Online Shop - Beauty &amp; Health","robots":{"index":"index","follow":"follow","max-snippet":"max-snippet:-1","max-image-preview":"max-image-preview:large","max-video-preview":"max-video-preview:-1"},"canonical":"https:\/\/tiandeproducts.co.uk\/lt\/kremas-suskilinejusiu-kulnu-ir-pedu-prieziurai-40g\/","og_locale":"lt_LT","og_type":"article","og_title":"Kremas suskilin\u0117jusi\u0173 kuln\u0173 ir p\u0117d\u0173 prie\u017ei\u016brai, 40g. - TianDe Online Shop - Beauty &amp; Health","og_description":"\u00a0Earn 8 points worth \u00a30.40 when buying this product Kremas efektyviai mink\u0161tina, dr\u0117kina ir ramina kuln\u0173 ir p\u0117d\u0173 od\u0105, panaikina diskomforto poj\u016bt\u012f. Aktyv\u016bs kremo komponentai i\u0161laiko dr\u0117gm\u0119 odoje ir neleid\u017eia jai i\u0161saus\u0117ti, gr\u0105\u017eina elastingum\u0105, stangrum\u0105, suteikia antibakterin\u0119 apsaug\u0105, ramina sudirgusi\u0105, linkusi\u0105 rausti od\u0105. Kremas pasi\u017eymi stipriomis adaptogenin\u0117mis savyb\u0117mis, kurios padeda i\u0161saugoti bei puosel\u0117ti koj\u0173 odos [...]","og_url":"https:\/\/tiandeproducts.co.uk\/lt\/kremas-suskilinejusiu-kulnu-ir-pedu-prieziurai-40g\/","og_site_name":"TianDe Online Shop - Beauty &amp; Health","article_publisher":"https:\/\/www.facebook.com\/tiande.products.england\/","article_modified_time":"2021-02-12T12:37:53+00:00","og_image":[{"width":800,"height":800,"url":"https:\/\/tiandeproducts.co.uk\/wp-content\/uploads\/2017\/09\/40120.jpg","type":"image\/jpeg"}],"twitter_card":"summary_large_image","twitter_misc":{"Est. reading time":"2 minut\u0117s"},"schema":{"@context":"https:\/\/schema.org","@graph":[{"@type":"WebPage","@id":"https:\/\/tiandeproducts.co.uk\/lt\/kremas-suskilinejusiu-kulnu-ir-pedu-prieziurai-40g\/","url":"https:\/\/tiandeproducts.co.uk\/lt\/kremas-suskilinejusiu-kulnu-ir-pedu-prieziurai-40g\/","name":"Kremas suskilin\u0117jusi\u0173 kuln\u0173 ir p\u0117d\u0173 prie\u017ei\u016brai, 40g. - TianDe Online Shop - Beauty &amp; Health","isPartOf":{"@id":"https:\/\/tiandeproducts.co.uk\/#website"},"primaryImageOfPage":{"@id":"https:\/\/tiandeproducts.co.uk\/lt\/kremas-suskilinejusiu-kulnu-ir-pedu-prieziurai-40g\/#primaryimage"},"image":{"@id":"https:\/\/tiandeproducts.co.uk\/lt\/kremas-suskilinejusiu-kulnu-ir-pedu-prieziurai-40g\/#primaryimage"},"thumbnailUrl":"https:\/\/tiandeproducts.co.uk\/wp-content\/uploads\/2017\/09\/40120.jpg","datePublished":"2017-09-19T12:40:22+00:00","dateModified":"2021-02-12T12:37:53+00:00","breadcrumb":{"@id":"https:\/\/tiandeproducts.co.uk\/lt\/kremas-suskilinejusiu-kulnu-ir-pedu-prieziurai-40g\/#breadcrumb"},"inLanguage":"lt-LT","potentialAction":[{"@type":"ReadAction","target":["https:\/\/tiandeproducts.co.uk\/lt\/kremas-suskilinejusiu-kulnu-ir-pedu-prieziurai-40g\/"]}]},{"@type":"ImageObject","inLanguage":"lt-LT","@id":"https:\/\/tiandeproducts.co.uk\/lt\/kremas-suskilinejusiu-kulnu-ir-pedu-prieziurai-40g\/#primaryimage","url":"https:\/\/tiandeproducts.co.uk\/wp-content\/uploads\/2017\/09\/40120.jpg","contentUrl":"https:\/\/tiandeproducts.co.uk\/wp-content\/uploads\/2017\/09\/40120.jpg","width":800,"height":800,"caption":"\u0421racked Heels Cream,40g-0"},{"@type":"BreadcrumbList","@id":"https:\/\/tiandeproducts.co.uk\/lt\/kremas-suskilinejusiu-kulnu-ir-pedu-prieziurai-40g\/#breadcrumb","itemListElement":[{"@type":"ListItem","position":1,"name":"Home","item":"https:\/\/tiandeproducts.co.uk\/lt\/"},{"@type":"ListItem","position":2,"name":"Shop","item":"https:\/\/tiandeproducts.co.uk\/lt\/shop-2\/"},{"@type":"ListItem","position":3,"name":"Kremas suskilin\u0117jusi\u0173 kuln\u0173 ir p\u0117d\u0173 prie\u017ei\u016brai, 40g."}]},{"@type":"WebSite","@id":"https:\/\/tiandeproducts.co.uk\/#website","url":"https:\/\/tiandeproducts.co.uk\/","name":"TianDe Online Shop - Beauty & Health","description":"Traditional Chinese Medicine","potentialAction":[{"@type":"SearchAction","target":{"@type":"EntryPoint","urlTemplate":"https:\/\/tiandeproducts.co.uk\/?s={search_term_string}"},"query-input":{"@type":"PropertyValueSpecification","valueRequired":true,"valueName":"search_term_string"}}],"inLanguage":"lt-LT"}]}},"_links":{"self":[{"href":"https:\/\/tiandeproducts.co.uk\/lt\/wp-json\/wp\/v2\/product\/3900","targetHints":{"allow":["GET"]}}],"collection":[{"href":"https:\/\/tiandeproducts.co.uk\/lt\/wp-json\/wp\/v2\/product"}],"about":[{"href":"https:\/\/tiandeproducts.co.uk\/lt\/wp-json\/wp\/v2\/types\/product"}],"replies":[{"embeddable":true,"href":"https:\/\/tiandeproducts.co.uk\/lt\/wp-json\/wp\/v2\/comments?post=3900"}],"wp:featuredmedia":[{"embeddable":true,"href":"https:\/\/tiandeproducts.co.uk\/lt\/wp-json\/wp\/v2\/media\/1725"}],"wp:attachment":[{"href":"https:\/\/tiandeproducts.co.uk\/lt\/wp-json\/wp\/v2\/media?parent=3900"}],"wp:term":[{"taxonomy":"product_cat","embeddable":true,"href":"https:\/\/tiandeproducts.co.uk\/lt\/wp-json\/wp\/v2\/product_cat?post=3900"},{"taxonomy":"product_tag","embeddable":true,"href":"https:\/\/tiandeproducts.co.uk\/lt\/wp-json\/wp\/v2\/product_tag?post=3900"}],"curies":[{"name":"wp","href":"https:\/\/api.w.org\/{rel}","templated":true}]}}