{"id":3899,"date":"2018-07-19T17:37:09","date_gmt":"2018-07-19T16:37:09","guid":{"rendered":"https:\/\/tnd.ontesting.co.uk\/emulsija-kojoms-pasivaiksciojimas-miske-100ml\/"},"modified":"2021-02-12T11:57:16","modified_gmt":"2021-02-12T11:57:16","slug":"emulsija-kojoms-pasivaiksciojimas-miske-100ml","status":"publish","type":"product","link":"https:\/\/tiandeproducts.co.uk\/lt\/emulsija-kojoms-pasivaiksciojimas-miske-100ml\/","title":{"rendered":"Emulsija kojoms \u201ePasivaik\u0161\u010diojimas mi\u0161ke\u201c, 100ml."},"content":{"rendered":"<p><img decoding=\"async\" style=\"max-width: 16px; margin-right: 5px;\" src=\"https:\/\/tiandeproducts.co.uk\/wp-content\/uploads\/points-green.svg\" \/>\u00a0Earn 11 points worth \u00a30.55 when buying this product<\/p>\n<p>Tai puiki profilaktin\u0117 ir kompleksinio gydymo priemon\u0117, kuri skirta nuvargusioms, patinusioms, problemin\u0119 kraujotak\u0105 turin\u010dioms kojoms. Aktyv\u016bs emulsijos komponentai ne tik pad\u0117s apsisaugoti nuo \u012ftampos kojose, bet suma\u017eins skausm\u0105, patinim\u0105 ir sunkum\u0105, \u017eenkliai pagerins audini\u0173 kraujotak\u0105. Reguliarus emulsijos naudojimas suma\u017eins kapiliar\u0173 tinkl\u0105 ir u\u017ekirs keli\u0105 jo plitimui, \u0161velniai r\u016bpinsis koj\u0173 oda.<\/p>\n<p>Produktas 100% nat\u016bralus, sud\u0117tyje tik i\u0161skirtinai gamtiniai komponentai. Be konservant\u0173. Norint i\u0161vengti patinim\u0173 ir sunkumo poj\u016b\u010dio rekomenduojama naudoti ryte. Ekonomi\u0161kas, prireiks vos keli\u0173 la\u0161\u0173.<\/p>\n<p><strong>Naudojimas:<\/strong><br \/>\nPrie\u0161 naudodami suplakite buteliuk\u0105, tepkite plon\u0105 sluoksn\u012f ant odos, \u0161velniai masa\u017euokite. Naudokite 1-2 kartus per dien\u0105.<\/p>\n<p><strong>Veikliosios med\u017eiagos:<\/strong><\/p>\n<p><strong>Paprast\u0173j\u0173 ka\u0161ton\u0173 s\u0117kl\u0173 ekstraktas<\/strong>\u00a0slopina u\u017edegim\u0105, gerina ven\u0173 tonus\u0105, padeda gydyti koj\u0173 ven\u0173 i\u0161sipl\u0117tim\u0105. Veikliosios med\u017eiagos didina kapiliar\u0173 sieneli\u0173 elastingum\u0105, gerina kraujo apytak\u0105, skystina krauj\u0105, stimuliuoja antitrombino gamyb\u0105, ma\u017eina edemas. Paprast\u0173j\u0173 ka\u0161ton\u0173 ekstraktas veiksmingas trombozi\u0173 profilaktikai.<\/p>\n<p><strong>Balt\u0173j\u0173 iev\u0173 \u017eied\u0173 ekstraktas<\/strong>\u00a0stiprus prie\u0161u\u017edegiminis gamtinis preparatas, ypa\u010d teigiamai veikia i\u0161sipl\u0117tusias venas, \u0161alina sunkum\u0105 kojose ir nuovarg\u012f.<\/p>\n<p><strong>Gudobel\u0117s ekstraktas<\/strong>\u00a0gerina kraujo mikrocirkuliacij\u0105, ma\u017eina kapiliar\u0173 pralaidum\u0105, skatina skys\u010di\u0173 pasi\u0161alinim\u0105, ma\u017eina patinimus. Veikliosios med\u017eiagos pasi\u017eymi antioksidaciniu ir kraujotak\u0105 gerinan\u010diu poveikiu.<\/p>\n<p><strong>Terpentino aliejus<\/strong>\u00a0gerina kraujo apytak\u0105 ir veikia kaip antiseptikas. Veikliosios med\u017eiagos turi antimikrobini\u0173, antiseptini\u0173 savybi\u0173, ma\u017eina skausmo poj\u016bt\u012f.<\/p>\n<p><strong>Metilo salicilatas<\/strong>\u00a0slopina skausm\u0105 ir ma\u017eina temperat\u016br\u0105, stabdo u\u017edegim\u0105, labai efektyviai mal\u0161ina \u012fvairios kilm\u0117s raumen\u0173 skausmus, nes yra stiprus, dar ir maloniai \u0161ildantis analgetikas.<\/p>\n","protected":false},"excerpt":{"rendered":"<p>\u00a0Earn 11 points worth \u00a30.55 when buying this product Tai puiki profilaktin\u0117 ir kompleksinio gydymo priemon\u0117, kuri skirta nuvargusioms, patinusioms, problemin\u0119 kraujotak\u0105 turin\u010dioms kojoms. Aktyv\u016bs emulsijos komponentai ne tik pad\u0117s apsisaugoti nuo \u012ftampos kojose, bet suma\u017eins skausm\u0105, patinim\u0105 ir sunkum\u0105, \u017eenkliai pagerins audini\u0173 kraujotak\u0105. Reguliarus emulsijos naudojimas suma\u017eins kapiliar\u0173 tinkl\u0105 ir u\u017ekirs keli\u0105 jo plitimui, [&#8230;]\n","protected":false},"featured_media":1956,"comment_status":"closed","ping_status":"closed","template":"","meta":[],"product_cat":[512,497,522],"product_tag":[],"class_list":{"0":"post-3899","1":"product","2":"type-product","3":"status-publish","4":"has-post-thumbnail","6":"product_cat-koju-prieziura","7":"product_cat-kunui","8":"product_cat-sveikatingumo-produktai","10":"first","11":"outofstock","12":"shipping-taxable","13":"purchasable","14":"product-type-simple"},"yoast_head":"<!-- This site is optimized with the Yoast SEO plugin v23.6 - https:\/\/yoast.com\/wordpress\/plugins\/seo\/ -->\n<title>Emulsija kojoms \u201ePasivaik\u0161\u010diojimas mi\u0161ke\u201c, 100ml. - TianDe Online Shop - Beauty &amp; Health<\/title>\n<meta name=\"robots\" content=\"index, follow, max-snippet:-1, max-image-preview:large, max-video-preview:-1\" \/>\n<link rel=\"canonical\" href=\"https:\/\/tiandeproducts.co.uk\/lt\/emulsija-kojoms-pasivaiksciojimas-miske-100ml\/\" \/>\n<meta property=\"og:locale\" content=\"lt_LT\" \/>\n<meta property=\"og:type\" content=\"article\" \/>\n<meta property=\"og:title\" content=\"Emulsija kojoms \u201ePasivaik\u0161\u010diojimas mi\u0161ke\u201c, 100ml. - TianDe Online Shop - Beauty &amp; Health\" \/>\n<meta property=\"og:description\" content=\"\u00a0Earn 11 points worth \u00a30.55 when buying this product Tai puiki profilaktin\u0117 ir kompleksinio gydymo priemon\u0117, kuri skirta nuvargusioms, patinusioms, problemin\u0119 kraujotak\u0105 turin\u010dioms kojoms. Aktyv\u016bs emulsijos komponentai ne tik pad\u0117s apsisaugoti nuo \u012ftampos kojose, bet suma\u017eins skausm\u0105, patinim\u0105 ir sunkum\u0105, \u017eenkliai pagerins audini\u0173 kraujotak\u0105. Reguliarus emulsijos naudojimas suma\u017eins kapiliar\u0173 tinkl\u0105 ir u\u017ekirs keli\u0105 jo plitimui, [...]\" \/>\n<meta property=\"og:url\" content=\"https:\/\/tiandeproducts.co.uk\/lt\/emulsija-kojoms-pasivaiksciojimas-miske-100ml\/\" \/>\n<meta property=\"og:site_name\" content=\"TianDe Online Shop - Beauty &amp; Health\" \/>\n<meta property=\"article:publisher\" content=\"https:\/\/www.facebook.com\/tiande.products.england\/\" \/>\n<meta property=\"article:modified_time\" content=\"2021-02-12T11:57:16+00:00\" \/>\n<meta property=\"og:image\" content=\"https:\/\/tiandeproducts.co.uk\/wp-content\/uploads\/2018\/07\/45902.jpg\" \/>\n\t<meta property=\"og:image:width\" content=\"700\" \/>\n\t<meta property=\"og:image:height\" content=\"700\" \/>\n\t<meta property=\"og:image:type\" content=\"image\/jpeg\" \/>\n<meta name=\"twitter:card\" content=\"summary_large_image\" \/>\n<meta name=\"twitter:label1\" content=\"Est. reading time\" \/>\n\t<meta name=\"twitter:data1\" content=\"1 minut\u0117\" \/>\n<script type=\"application\/ld+json\" class=\"yoast-schema-graph\">{\"@context\":\"https:\/\/schema.org\",\"@graph\":[{\"@type\":\"WebPage\",\"@id\":\"https:\/\/tiandeproducts.co.uk\/lt\/emulsija-kojoms-pasivaiksciojimas-miske-100ml\/\",\"url\":\"https:\/\/tiandeproducts.co.uk\/lt\/emulsija-kojoms-pasivaiksciojimas-miske-100ml\/\",\"name\":\"Emulsija kojoms \u201ePasivaik\u0161\u010diojimas mi\u0161ke\u201c, 100ml. - TianDe Online Shop - Beauty &amp; Health\",\"isPartOf\":{\"@id\":\"https:\/\/tiandeproducts.co.uk\/#website\"},\"primaryImageOfPage\":{\"@id\":\"https:\/\/tiandeproducts.co.uk\/lt\/emulsija-kojoms-pasivaiksciojimas-miske-100ml\/#primaryimage\"},\"image\":{\"@id\":\"https:\/\/tiandeproducts.co.uk\/lt\/emulsija-kojoms-pasivaiksciojimas-miske-100ml\/#primaryimage\"},\"thumbnailUrl\":\"https:\/\/tiandeproducts.co.uk\/wp-content\/uploads\/2018\/07\/45902.jpg\",\"datePublished\":\"2018-07-19T16:37:09+00:00\",\"dateModified\":\"2021-02-12T11:57:16+00:00\",\"breadcrumb\":{\"@id\":\"https:\/\/tiandeproducts.co.uk\/lt\/emulsija-kojoms-pasivaiksciojimas-miske-100ml\/#breadcrumb\"},\"inLanguage\":\"lt-LT\",\"potentialAction\":[{\"@type\":\"ReadAction\",\"target\":[\"https:\/\/tiandeproducts.co.uk\/lt\/emulsija-kojoms-pasivaiksciojimas-miske-100ml\/\"]}]},{\"@type\":\"ImageObject\",\"inLanguage\":\"lt-LT\",\"@id\":\"https:\/\/tiandeproducts.co.uk\/lt\/emulsija-kojoms-pasivaiksciojimas-miske-100ml\/#primaryimage\",\"url\":\"https:\/\/tiandeproducts.co.uk\/wp-content\/uploads\/2018\/07\/45902.jpg\",\"contentUrl\":\"https:\/\/tiandeproducts.co.uk\/wp-content\/uploads\/2018\/07\/45902.jpg\",\"width\":700,\"height\":700,\"caption\":\"Dr.Taiga Stroll In The Woods Foot Emulsion,100ml-0\"},{\"@type\":\"BreadcrumbList\",\"@id\":\"https:\/\/tiandeproducts.co.uk\/lt\/emulsija-kojoms-pasivaiksciojimas-miske-100ml\/#breadcrumb\",\"itemListElement\":[{\"@type\":\"ListItem\",\"position\":1,\"name\":\"Home\",\"item\":\"https:\/\/tiandeproducts.co.uk\/lt\/\"},{\"@type\":\"ListItem\",\"position\":2,\"name\":\"Shop\",\"item\":\"https:\/\/tiandeproducts.co.uk\/lt\/shop-2\/\"},{\"@type\":\"ListItem\",\"position\":3,\"name\":\"Emulsija kojoms \u201ePasivaik\u0161\u010diojimas mi\u0161ke\u201c, 100ml.\"}]},{\"@type\":\"WebSite\",\"@id\":\"https:\/\/tiandeproducts.co.uk\/#website\",\"url\":\"https:\/\/tiandeproducts.co.uk\/\",\"name\":\"TianDe Online Shop - Beauty & Health\",\"description\":\"Traditional Chinese Medicine\",\"potentialAction\":[{\"@type\":\"SearchAction\",\"target\":{\"@type\":\"EntryPoint\",\"urlTemplate\":\"https:\/\/tiandeproducts.co.uk\/?s={search_term_string}\"},\"query-input\":{\"@type\":\"PropertyValueSpecification\",\"valueRequired\":true,\"valueName\":\"search_term_string\"}}],\"inLanguage\":\"lt-LT\"}]}<\/script>\n<!-- \/ Yoast SEO plugin. -->","yoast_head_json":{"title":"Emulsija kojoms \u201ePasivaik\u0161\u010diojimas mi\u0161ke\u201c, 100ml. - TianDe Online Shop - Beauty &amp; Health","robots":{"index":"index","follow":"follow","max-snippet":"max-snippet:-1","max-image-preview":"max-image-preview:large","max-video-preview":"max-video-preview:-1"},"canonical":"https:\/\/tiandeproducts.co.uk\/lt\/emulsija-kojoms-pasivaiksciojimas-miske-100ml\/","og_locale":"lt_LT","og_type":"article","og_title":"Emulsija kojoms \u201ePasivaik\u0161\u010diojimas mi\u0161ke\u201c, 100ml. - TianDe Online Shop - Beauty &amp; Health","og_description":"\u00a0Earn 11 points worth \u00a30.55 when buying this product Tai puiki profilaktin\u0117 ir kompleksinio gydymo priemon\u0117, kuri skirta nuvargusioms, patinusioms, problemin\u0119 kraujotak\u0105 turin\u010dioms kojoms. Aktyv\u016bs emulsijos komponentai ne tik pad\u0117s apsisaugoti nuo \u012ftampos kojose, bet suma\u017eins skausm\u0105, patinim\u0105 ir sunkum\u0105, \u017eenkliai pagerins audini\u0173 kraujotak\u0105. Reguliarus emulsijos naudojimas suma\u017eins kapiliar\u0173 tinkl\u0105 ir u\u017ekirs keli\u0105 jo plitimui, [...]","og_url":"https:\/\/tiandeproducts.co.uk\/lt\/emulsija-kojoms-pasivaiksciojimas-miske-100ml\/","og_site_name":"TianDe Online Shop - Beauty &amp; Health","article_publisher":"https:\/\/www.facebook.com\/tiande.products.england\/","article_modified_time":"2021-02-12T11:57:16+00:00","og_image":[{"width":700,"height":700,"url":"https:\/\/tiandeproducts.co.uk\/wp-content\/uploads\/2018\/07\/45902.jpg","type":"image\/jpeg"}],"twitter_card":"summary_large_image","twitter_misc":{"Est. reading time":"1 minut\u0117"},"schema":{"@context":"https:\/\/schema.org","@graph":[{"@type":"WebPage","@id":"https:\/\/tiandeproducts.co.uk\/lt\/emulsija-kojoms-pasivaiksciojimas-miske-100ml\/","url":"https:\/\/tiandeproducts.co.uk\/lt\/emulsija-kojoms-pasivaiksciojimas-miske-100ml\/","name":"Emulsija kojoms \u201ePasivaik\u0161\u010diojimas mi\u0161ke\u201c, 100ml. - TianDe Online Shop - Beauty &amp; Health","isPartOf":{"@id":"https:\/\/tiandeproducts.co.uk\/#website"},"primaryImageOfPage":{"@id":"https:\/\/tiandeproducts.co.uk\/lt\/emulsija-kojoms-pasivaiksciojimas-miske-100ml\/#primaryimage"},"image":{"@id":"https:\/\/tiandeproducts.co.uk\/lt\/emulsija-kojoms-pasivaiksciojimas-miske-100ml\/#primaryimage"},"thumbnailUrl":"https:\/\/tiandeproducts.co.uk\/wp-content\/uploads\/2018\/07\/45902.jpg","datePublished":"2018-07-19T16:37:09+00:00","dateModified":"2021-02-12T11:57:16+00:00","breadcrumb":{"@id":"https:\/\/tiandeproducts.co.uk\/lt\/emulsija-kojoms-pasivaiksciojimas-miske-100ml\/#breadcrumb"},"inLanguage":"lt-LT","potentialAction":[{"@type":"ReadAction","target":["https:\/\/tiandeproducts.co.uk\/lt\/emulsija-kojoms-pasivaiksciojimas-miske-100ml\/"]}]},{"@type":"ImageObject","inLanguage":"lt-LT","@id":"https:\/\/tiandeproducts.co.uk\/lt\/emulsija-kojoms-pasivaiksciojimas-miske-100ml\/#primaryimage","url":"https:\/\/tiandeproducts.co.uk\/wp-content\/uploads\/2018\/07\/45902.jpg","contentUrl":"https:\/\/tiandeproducts.co.uk\/wp-content\/uploads\/2018\/07\/45902.jpg","width":700,"height":700,"caption":"Dr.Taiga Stroll In The Woods Foot Emulsion,100ml-0"},{"@type":"BreadcrumbList","@id":"https:\/\/tiandeproducts.co.uk\/lt\/emulsija-kojoms-pasivaiksciojimas-miske-100ml\/#breadcrumb","itemListElement":[{"@type":"ListItem","position":1,"name":"Home","item":"https:\/\/tiandeproducts.co.uk\/lt\/"},{"@type":"ListItem","position":2,"name":"Shop","item":"https:\/\/tiandeproducts.co.uk\/lt\/shop-2\/"},{"@type":"ListItem","position":3,"name":"Emulsija kojoms \u201ePasivaik\u0161\u010diojimas mi\u0161ke\u201c, 100ml."}]},{"@type":"WebSite","@id":"https:\/\/tiandeproducts.co.uk\/#website","url":"https:\/\/tiandeproducts.co.uk\/","name":"TianDe Online Shop - Beauty & Health","description":"Traditional Chinese Medicine","potentialAction":[{"@type":"SearchAction","target":{"@type":"EntryPoint","urlTemplate":"https:\/\/tiandeproducts.co.uk\/?s={search_term_string}"},"query-input":{"@type":"PropertyValueSpecification","valueRequired":true,"valueName":"search_term_string"}}],"inLanguage":"lt-LT"}]}},"_links":{"self":[{"href":"https:\/\/tiandeproducts.co.uk\/lt\/wp-json\/wp\/v2\/product\/3899","targetHints":{"allow":["GET"]}}],"collection":[{"href":"https:\/\/tiandeproducts.co.uk\/lt\/wp-json\/wp\/v2\/product"}],"about":[{"href":"https:\/\/tiandeproducts.co.uk\/lt\/wp-json\/wp\/v2\/types\/product"}],"replies":[{"embeddable":true,"href":"https:\/\/tiandeproducts.co.uk\/lt\/wp-json\/wp\/v2\/comments?post=3899"}],"wp:featuredmedia":[{"embeddable":true,"href":"https:\/\/tiandeproducts.co.uk\/lt\/wp-json\/wp\/v2\/media\/1956"}],"wp:attachment":[{"href":"https:\/\/tiandeproducts.co.uk\/lt\/wp-json\/wp\/v2\/media?parent=3899"}],"wp:term":[{"taxonomy":"product_cat","embeddable":true,"href":"https:\/\/tiandeproducts.co.uk\/lt\/wp-json\/wp\/v2\/product_cat?post=3899"},{"taxonomy":"product_tag","embeddable":true,"href":"https:\/\/tiandeproducts.co.uk\/lt\/wp-json\/wp\/v2\/product_tag?post=3899"}],"curies":[{"name":"wp","href":"https:\/\/api.w.org\/{rel}","templated":true}]}}