{"id":3897,"date":"2016-04-05T10:23:12","date_gmt":"2016-04-05T09:23:12","guid":{"rendered":"https:\/\/tnd.ontesting.co.uk\/profilaktinis-kremas-pedoms-su-gyvaciu-taukais-30g\/"},"modified":"2025-04-22T23:16:26","modified_gmt":"2025-04-22T22:16:26","slug":"profilaktinis-kremas-pedoms-su-gyvaciu-taukais-30g","status":"publish","type":"product","link":"https:\/\/tiandeproducts.co.uk\/lt\/profilaktinis-kremas-pedoms-su-gyvaciu-taukais-30g\/","title":{"rendered":"Profilaktinis kremas p\u0117doms su gyva\u010di\u0173 taukais, 30g."},"content":{"rendered":"<p>Profilaktinis kremas p\u0117doms pasi\u017eymi antibakteriniu bei antigrybeliniu poveikiu, apsaugo od\u0105 nuo infekcij\u0173, pa\u0161alina nie\u017eul\u012f ir nemalon\u0173 kvap\u0105, mal\u0161ina sudirgimus ir prakaitavim\u0105, detoksikuoja. Priemon\u0117 neleid\u017eia odai skilin\u0117ti, padeda kovoti su ma\u017eomis \u017eaizdel\u0117mis ir \u012fbr\u0117\u017eimais, palaiko subalansuot\u0105 pH lyg\u012f. Kremas suteikia koj\u0173 odai i\u0161puosel\u0117t\u0105 i\u0161vaizd\u0105. Kremas puikiai \u012fsigeria, galima naudoti kasdien.<\/p>\n<p>Oda nuolat atsinaujina, tod\u0117l p\u0117dose susikaup\u0119s negyv\u0173 l\u0105steli\u0173 perteklius yra puiki terp\u0117 daugintis grybeliui. Prakaitas, \u0161iluma ir negyv\u0173 l\u0105steli\u0173 sluoksnis sukuria idealias s\u0105lygas kenksmingiems mikroorganizmams. Tokiais atvejais b\u016btina nepriekai\u0161tinga koj\u0173 higiena bei veiksmingos apsaugin\u0117s priemon\u0117s, saugan\u010dios nuo infekcij\u0173 ir bakterij\u0173.<\/p>\n<p><strong>Naudojimas:<\/strong><br \/>\nU\u017etepkite nedidel\u012f kiek\u012f kremo ant \u0161varios koj\u0173 odos, \u0161velniai masa\u017euokite kol susigers.<\/p>\n<p><strong>Veikliosios med\u017eiagos:<\/strong><\/p>\n<p><strong>Gyvat\u0117s (mamu\u0161i) taukai<\/strong>\u00a0suteikia antiseptin\u012f poveik\u012f, maitina ir mink\u0161tina od\u0105, praturtina j\u0105 nepakei\u010diamosiomis riebal\u0173 r\u016bg\u0161timis, aktyvina regeneracinius procesus, apsaugo nuo i\u0161saus\u0117jimo ir dirglumo. Gyvat\u0117s taukuose, kaip ir kit\u0173 gyv\u016bn\u0173 paodin\u0117je l\u0105stelienoje yra gausu A, D, E ir B grup\u0117s vitamin\u0173. Jie, kartu su neso\u010diosiomis riebiosiomis r\u016bg\u0161timis sudaro dvigub\u0105 veikimo tandem\u0105: stimuliuoja kolageno ir elastino gamyb\u0105, saugo nuo UV spinduli\u0173 bei laisv\u0173j\u0173 radikal\u0173. Regeneruojam\u0105j\u012f gyvat\u0117s tauk\u0173 poveik\u012f lemia juose esan\u010dios neso\u010diosios riebiosios r\u016bg\u0161tys.<\/p>\n<p><strong>Alantoinas<\/strong>\u00a0ramina sudirgusi\u0105 od\u0105, suteikia jai lygumo ir elastingumo, skatina l\u0105steli\u0173 regeneracij\u0105, turi antialergini\u0173 savybi\u0173, padeda gydyti \u017eaizdas, nudegimus ir \u012ftr\u016bkimus, mink\u0161tina.<\/p>\n<p><strong>Vitaminas E (tokoferolis)<\/strong>\u00a0\u2013 mikroelementas, turintis stiprias antioksidantines savybes. Jis maitina ir dr\u0117kina od\u0105, stiprina epidermio hidrolipidin\u012f barjer\u0105, apsaugo nuo negatyvaus UV spinduli\u0173 poveikio, suma\u017eina randus po akn\u0117s. Vitaminas E pagreitina pa\u017eeist\u0173 odos l\u0105steli\u0173 gijim\u0105, apsaugo nuo negatyvaus laisv\u0173j\u0173 radikal\u0173 poveikio.<\/p>\n<p><strong>Mentolis<\/strong>\u00a0&#8211; pagrindin\u0117 pipirm\u0117t\u0117s aktyvioji med\u017eiaga, pla\u010diai vartojama medicinoje \u012fvairiems skausmams, nie\u017euliui, per\u0161t\u0117jimui, u\u017edegimams mal\u0161inti. D\u0117l stipraus ir greito \u0161aldan\u010dio poveikio u\u017edegimin\u0119 od\u0105 veikia raminan\u010diai, suteikia malon\u0173 gaivumo poj\u016bt\u012f. Pasi\u017eymi antibakteriniu ir prie\u0161virusiniu poveikiu.<\/p>\n<p><strong>Kamparas<\/strong>\u00a0&#8211; antiseptinis, tonizuojantis, skausm\u0105 mal\u0161inantis ir u\u017edegimus slopinantis komponentas. Jis pasi\u017eymi dezinfekuojamosiomis savyb\u0117mis, gerina kraujo apytak\u0105 ir gaivina od\u0105.<\/p>\n","protected":false},"excerpt":{"rendered":"<p>Profilaktinis kremas p\u0117doms pasi\u017eymi antibakteriniu bei antigrybeliniu poveikiu, apsaugo od\u0105 nuo infekcij\u0173, pa\u0161alina nie\u017eul\u012f ir nemalon\u0173 kvap\u0105, mal\u0161ina sudirgimus ir prakaitavim\u0105, detoksikuoja. Priemon\u0117 neleid\u017eia odai skilin\u0117ti, padeda kovoti su ma\u017eomis \u017eaizdel\u0117mis ir \u012fbr\u0117\u017eimais, palaiko subalansuot\u0105 pH lyg\u012f. Kremas suteikia koj\u0173 odai i\u0161puosel\u0117t\u0105 i\u0161vaizd\u0105. Kremas puikiai \u012fsigeria, galima naudoti kasdien. Oda nuolat atsinaujina, tod\u0117l p\u0117dose susikaup\u0119s [&#8230;]\n","protected":false},"featured_media":627,"comment_status":"closed","ping_status":"closed","template":"","meta":[],"product_cat":[512,497],"product_tag":[],"class_list":{"0":"post-3897","1":"product","2":"type-product","3":"status-publish","4":"has-post-thumbnail","6":"product_cat-koju-prieziura","7":"product_cat-kunui","9":"first","10":"instock","11":"shipping-taxable","12":"purchasable","13":"product-type-simple"},"yoast_head":"<!-- This site is optimized with the Yoast SEO plugin v23.6 - https:\/\/yoast.com\/wordpress\/plugins\/seo\/ -->\n<title>Profilaktinis kremas p\u0117doms su gyva\u010di\u0173 taukais, 30g. - TianDe Online Shop - Beauty &amp; Health<\/title>\n<meta name=\"robots\" content=\"index, follow, max-snippet:-1, max-image-preview:large, max-video-preview:-1\" \/>\n<link rel=\"canonical\" href=\"https:\/\/tiandeproducts.co.uk\/lt\/profilaktinis-kremas-pedoms-su-gyvaciu-taukais-30g\/\" \/>\n<meta property=\"og:locale\" content=\"lt_LT\" \/>\n<meta property=\"og:type\" content=\"article\" \/>\n<meta property=\"og:title\" content=\"Profilaktinis kremas p\u0117doms su gyva\u010di\u0173 taukais, 30g. - TianDe Online Shop - Beauty &amp; Health\" \/>\n<meta property=\"og:description\" content=\"Profilaktinis kremas p\u0117doms pasi\u017eymi antibakteriniu bei antigrybeliniu poveikiu, apsaugo od\u0105 nuo infekcij\u0173, pa\u0161alina nie\u017eul\u012f ir nemalon\u0173 kvap\u0105, mal\u0161ina sudirgimus ir prakaitavim\u0105, detoksikuoja. Priemon\u0117 neleid\u017eia odai skilin\u0117ti, padeda kovoti su ma\u017eomis \u017eaizdel\u0117mis ir \u012fbr\u0117\u017eimais, palaiko subalansuot\u0105 pH lyg\u012f. Kremas suteikia koj\u0173 odai i\u0161puosel\u0117t\u0105 i\u0161vaizd\u0105. Kremas puikiai \u012fsigeria, galima naudoti kasdien. Oda nuolat atsinaujina, tod\u0117l p\u0117dose susikaup\u0119s [...]\" \/>\n<meta property=\"og:url\" content=\"https:\/\/tiandeproducts.co.uk\/lt\/profilaktinis-kremas-pedoms-su-gyvaciu-taukais-30g\/\" \/>\n<meta property=\"og:site_name\" content=\"TianDe Online Shop - Beauty &amp; Health\" \/>\n<meta property=\"article:publisher\" content=\"https:\/\/www.facebook.com\/tiande.products.england\/\" \/>\n<meta property=\"article:modified_time\" content=\"2025-04-22T22:16:26+00:00\" \/>\n<meta property=\"og:image\" content=\"https:\/\/tiandeproducts.co.uk\/wp-content\/uploads\/2016\/04\/41106.png\" \/>\n\t<meta property=\"og:image:width\" content=\"700\" \/>\n\t<meta property=\"og:image:height\" content=\"700\" \/>\n\t<meta property=\"og:image:type\" content=\"image\/png\" \/>\n<meta name=\"twitter:card\" content=\"summary_large_image\" \/>\n<meta name=\"twitter:label1\" content=\"Est. reading time\" \/>\n\t<meta name=\"twitter:data1\" content=\"2 minut\u0117s\" \/>\n<script type=\"application\/ld+json\" class=\"yoast-schema-graph\">{\"@context\":\"https:\/\/schema.org\",\"@graph\":[{\"@type\":\"WebPage\",\"@id\":\"https:\/\/tiandeproducts.co.uk\/lt\/profilaktinis-kremas-pedoms-su-gyvaciu-taukais-30g\/\",\"url\":\"https:\/\/tiandeproducts.co.uk\/lt\/profilaktinis-kremas-pedoms-su-gyvaciu-taukais-30g\/\",\"name\":\"Profilaktinis kremas p\u0117doms su gyva\u010di\u0173 taukais, 30g. - TianDe Online Shop - Beauty &amp; Health\",\"isPartOf\":{\"@id\":\"https:\/\/tiandeproducts.co.uk\/#website\"},\"primaryImageOfPage\":{\"@id\":\"https:\/\/tiandeproducts.co.uk\/lt\/profilaktinis-kremas-pedoms-su-gyvaciu-taukais-30g\/#primaryimage\"},\"image\":{\"@id\":\"https:\/\/tiandeproducts.co.uk\/lt\/profilaktinis-kremas-pedoms-su-gyvaciu-taukais-30g\/#primaryimage\"},\"thumbnailUrl\":\"https:\/\/tiandeproducts.co.uk\/wp-content\/uploads\/2016\/04\/41106.png\",\"datePublished\":\"2016-04-05T09:23:12+00:00\",\"dateModified\":\"2025-04-22T22:16:26+00:00\",\"breadcrumb\":{\"@id\":\"https:\/\/tiandeproducts.co.uk\/lt\/profilaktinis-kremas-pedoms-su-gyvaciu-taukais-30g\/#breadcrumb\"},\"inLanguage\":\"lt-LT\",\"potentialAction\":[{\"@type\":\"ReadAction\",\"target\":[\"https:\/\/tiandeproducts.co.uk\/lt\/profilaktinis-kremas-pedoms-su-gyvaciu-taukais-30g\/\"]}]},{\"@type\":\"ImageObject\",\"inLanguage\":\"lt-LT\",\"@id\":\"https:\/\/tiandeproducts.co.uk\/lt\/profilaktinis-kremas-pedoms-su-gyvaciu-taukais-30g\/#primaryimage\",\"url\":\"https:\/\/tiandeproducts.co.uk\/wp-content\/uploads\/2016\/04\/41106.png\",\"contentUrl\":\"https:\/\/tiandeproducts.co.uk\/wp-content\/uploads\/2016\/04\/41106.png\",\"width\":700,\"height\":700,\"caption\":\"Snake Oil Preventive Cream, 30 g-0\"},{\"@type\":\"BreadcrumbList\",\"@id\":\"https:\/\/tiandeproducts.co.uk\/lt\/profilaktinis-kremas-pedoms-su-gyvaciu-taukais-30g\/#breadcrumb\",\"itemListElement\":[{\"@type\":\"ListItem\",\"position\":1,\"name\":\"Home\",\"item\":\"https:\/\/tiandeproducts.co.uk\/lt\/\"},{\"@type\":\"ListItem\",\"position\":2,\"name\":\"Shop\",\"item\":\"https:\/\/tiandeproducts.co.uk\/lt\/shop-2\/\"},{\"@type\":\"ListItem\",\"position\":3,\"name\":\"Profilaktinis kremas p\u0117doms su gyva\u010di\u0173 taukais, 30g.\"}]},{\"@type\":\"WebSite\",\"@id\":\"https:\/\/tiandeproducts.co.uk\/#website\",\"url\":\"https:\/\/tiandeproducts.co.uk\/\",\"name\":\"TianDe Online Shop - Beauty & Health\",\"description\":\"Traditional Chinese Medicine\",\"potentialAction\":[{\"@type\":\"SearchAction\",\"target\":{\"@type\":\"EntryPoint\",\"urlTemplate\":\"https:\/\/tiandeproducts.co.uk\/?s={search_term_string}\"},\"query-input\":{\"@type\":\"PropertyValueSpecification\",\"valueRequired\":true,\"valueName\":\"search_term_string\"}}],\"inLanguage\":\"lt-LT\"}]}<\/script>\n<!-- \/ Yoast SEO plugin. -->","yoast_head_json":{"title":"Profilaktinis kremas p\u0117doms su gyva\u010di\u0173 taukais, 30g. - TianDe Online Shop - Beauty &amp; Health","robots":{"index":"index","follow":"follow","max-snippet":"max-snippet:-1","max-image-preview":"max-image-preview:large","max-video-preview":"max-video-preview:-1"},"canonical":"https:\/\/tiandeproducts.co.uk\/lt\/profilaktinis-kremas-pedoms-su-gyvaciu-taukais-30g\/","og_locale":"lt_LT","og_type":"article","og_title":"Profilaktinis kremas p\u0117doms su gyva\u010di\u0173 taukais, 30g. - TianDe Online Shop - Beauty &amp; Health","og_description":"Profilaktinis kremas p\u0117doms pasi\u017eymi antibakteriniu bei antigrybeliniu poveikiu, apsaugo od\u0105 nuo infekcij\u0173, pa\u0161alina nie\u017eul\u012f ir nemalon\u0173 kvap\u0105, mal\u0161ina sudirgimus ir prakaitavim\u0105, detoksikuoja. Priemon\u0117 neleid\u017eia odai skilin\u0117ti, padeda kovoti su ma\u017eomis \u017eaizdel\u0117mis ir \u012fbr\u0117\u017eimais, palaiko subalansuot\u0105 pH lyg\u012f. Kremas suteikia koj\u0173 odai i\u0161puosel\u0117t\u0105 i\u0161vaizd\u0105. Kremas puikiai \u012fsigeria, galima naudoti kasdien. Oda nuolat atsinaujina, tod\u0117l p\u0117dose susikaup\u0119s [...]","og_url":"https:\/\/tiandeproducts.co.uk\/lt\/profilaktinis-kremas-pedoms-su-gyvaciu-taukais-30g\/","og_site_name":"TianDe Online Shop - Beauty &amp; Health","article_publisher":"https:\/\/www.facebook.com\/tiande.products.england\/","article_modified_time":"2025-04-22T22:16:26+00:00","og_image":[{"width":700,"height":700,"url":"https:\/\/tiandeproducts.co.uk\/wp-content\/uploads\/2016\/04\/41106.png","type":"image\/png"}],"twitter_card":"summary_large_image","twitter_misc":{"Est. reading time":"2 minut\u0117s"},"schema":{"@context":"https:\/\/schema.org","@graph":[{"@type":"WebPage","@id":"https:\/\/tiandeproducts.co.uk\/lt\/profilaktinis-kremas-pedoms-su-gyvaciu-taukais-30g\/","url":"https:\/\/tiandeproducts.co.uk\/lt\/profilaktinis-kremas-pedoms-su-gyvaciu-taukais-30g\/","name":"Profilaktinis kremas p\u0117doms su gyva\u010di\u0173 taukais, 30g. - TianDe Online Shop - Beauty &amp; Health","isPartOf":{"@id":"https:\/\/tiandeproducts.co.uk\/#website"},"primaryImageOfPage":{"@id":"https:\/\/tiandeproducts.co.uk\/lt\/profilaktinis-kremas-pedoms-su-gyvaciu-taukais-30g\/#primaryimage"},"image":{"@id":"https:\/\/tiandeproducts.co.uk\/lt\/profilaktinis-kremas-pedoms-su-gyvaciu-taukais-30g\/#primaryimage"},"thumbnailUrl":"https:\/\/tiandeproducts.co.uk\/wp-content\/uploads\/2016\/04\/41106.png","datePublished":"2016-04-05T09:23:12+00:00","dateModified":"2025-04-22T22:16:26+00:00","breadcrumb":{"@id":"https:\/\/tiandeproducts.co.uk\/lt\/profilaktinis-kremas-pedoms-su-gyvaciu-taukais-30g\/#breadcrumb"},"inLanguage":"lt-LT","potentialAction":[{"@type":"ReadAction","target":["https:\/\/tiandeproducts.co.uk\/lt\/profilaktinis-kremas-pedoms-su-gyvaciu-taukais-30g\/"]}]},{"@type":"ImageObject","inLanguage":"lt-LT","@id":"https:\/\/tiandeproducts.co.uk\/lt\/profilaktinis-kremas-pedoms-su-gyvaciu-taukais-30g\/#primaryimage","url":"https:\/\/tiandeproducts.co.uk\/wp-content\/uploads\/2016\/04\/41106.png","contentUrl":"https:\/\/tiandeproducts.co.uk\/wp-content\/uploads\/2016\/04\/41106.png","width":700,"height":700,"caption":"Snake Oil Preventive Cream, 30 g-0"},{"@type":"BreadcrumbList","@id":"https:\/\/tiandeproducts.co.uk\/lt\/profilaktinis-kremas-pedoms-su-gyvaciu-taukais-30g\/#breadcrumb","itemListElement":[{"@type":"ListItem","position":1,"name":"Home","item":"https:\/\/tiandeproducts.co.uk\/lt\/"},{"@type":"ListItem","position":2,"name":"Shop","item":"https:\/\/tiandeproducts.co.uk\/lt\/shop-2\/"},{"@type":"ListItem","position":3,"name":"Profilaktinis kremas p\u0117doms su gyva\u010di\u0173 taukais, 30g."}]},{"@type":"WebSite","@id":"https:\/\/tiandeproducts.co.uk\/#website","url":"https:\/\/tiandeproducts.co.uk\/","name":"TianDe Online Shop - Beauty & Health","description":"Traditional Chinese Medicine","potentialAction":[{"@type":"SearchAction","target":{"@type":"EntryPoint","urlTemplate":"https:\/\/tiandeproducts.co.uk\/?s={search_term_string}"},"query-input":{"@type":"PropertyValueSpecification","valueRequired":true,"valueName":"search_term_string"}}],"inLanguage":"lt-LT"}]}},"_links":{"self":[{"href":"https:\/\/tiandeproducts.co.uk\/lt\/wp-json\/wp\/v2\/product\/3897","targetHints":{"allow":["GET"]}}],"collection":[{"href":"https:\/\/tiandeproducts.co.uk\/lt\/wp-json\/wp\/v2\/product"}],"about":[{"href":"https:\/\/tiandeproducts.co.uk\/lt\/wp-json\/wp\/v2\/types\/product"}],"replies":[{"embeddable":true,"href":"https:\/\/tiandeproducts.co.uk\/lt\/wp-json\/wp\/v2\/comments?post=3897"}],"wp:featuredmedia":[{"embeddable":true,"href":"https:\/\/tiandeproducts.co.uk\/lt\/wp-json\/wp\/v2\/media\/627"}],"wp:attachment":[{"href":"https:\/\/tiandeproducts.co.uk\/lt\/wp-json\/wp\/v2\/media?parent=3897"}],"wp:term":[{"taxonomy":"product_cat","embeddable":true,"href":"https:\/\/tiandeproducts.co.uk\/lt\/wp-json\/wp\/v2\/product_cat?post=3897"},{"taxonomy":"product_tag","embeddable":true,"href":"https:\/\/tiandeproducts.co.uk\/lt\/wp-json\/wp\/v2\/product_tag?post=3897"}],"curies":[{"name":"wp","href":"https:\/\/api.w.org\/{rel}","templated":true}]}}