{"id":3891,"date":"2016-04-05T10:19:17","date_gmt":"2016-04-05T09:19:17","guid":{"rendered":"https:\/\/tnd.ontesting.co.uk\/kremas-kojoms-su-gyvaciu-taukais-80ml\/"},"modified":"2025-04-22T23:16:26","modified_gmt":"2025-04-22T22:16:26","slug":"kremas-kojoms-su-gyvaciu-taukais-80ml","status":"publish","type":"product","link":"https:\/\/tiandeproducts.co.uk\/lt\/kremas-kojoms-su-gyvaciu-taukais-80ml\/","title":{"rendered":"Kremas kojoms su gyva\u010di\u0173 taukais, 80ml."},"content":{"rendered":"<p>D\u0117ka sud\u0117tyje esan\u010di\u0173 gyvat\u0117s tauk\u0173 kremas ypatingai efektyviai dr\u0117kina, maitina ir mink\u0161tina \u0161iurk\u0161\u010di\u0105 ar i\u0161saus\u0117jusi\u0105 od\u0105, stimuliuoja kraujotak\u0105, skatina regeneracijos procesus, turi antibakterin\u012f ir antiseptin\u012f poveik\u012f. Priemon\u0117 padeda kovoti su ma\u017eomis \u017eaizdel\u0117mis ir \u012fbr\u0117\u017eimais, neleid\u017eia odai skilin\u0117ti, saugo nuo vis\u0173 r\u016b\u0161i\u0173 p\u0117dos odos grybelini\u0173 infekcij\u0173, naikina nemalon\u0173 kvap\u0105, atgaivina. Kremas puikiai \u012fsigeria, galima naudoti kasdien.<\/p>\n<p><strong>Naudojimas:<\/strong><br \/>\nU\u017etepkite nedidel\u012f kiek\u012f kremo ant \u0161varios koj\u0173 odos, \u0161velniai masa\u017euokite kol susigers. Naudokite ryte ir vakare.<\/p>\n<p><strong>Veikliosios med\u017eiagos:<\/strong><\/p>\n<p><strong>Gyvat\u0117s (mamu\u0161i) taukai<\/strong>\u00a0suteikia antiseptin\u012f poveik\u012f, maitina ir mink\u0161tina od\u0105, praturtina j\u0105 nepakei\u010diamosiomis riebal\u0173 r\u016bg\u0161timis, aktyvina regeneracinius procesus, apsaugo nuo i\u0161saus\u0117jimo ir dirglumo. Gyvat\u0117s taukuose, kaip ir kit\u0173 gyv\u016bn\u0173 paodin\u0117je l\u0105stelienoje yra gausu A, D, E ir B grup\u0117s vitamin\u0173. Jie, kartu su neso\u010diosiomis riebiosiomis r\u016bg\u0161timis sudaro dvigub\u0105 veikimo tandem\u0105: stimuliuoja kolageno ir elastino gamyb\u0105, saugo nuo UV spinduli\u0173 bei laisv\u0173j\u0173 radikal\u0173. Regeneruojam\u0105j\u012f gyvat\u0117s tauk\u0173 poveik\u012f lemia juose esan\u010dios neso\u010diosios riebiosios r\u016bg\u0161tys.<\/p>\n<p><strong>Alantoinas<\/strong>\u00a0ramina sudirgusi\u0105 od\u0105, suteikia jai lygumo ir elastingumo, skatina l\u0105steli\u0173 regeneracij\u0105, turi antialergini\u0173 savybi\u0173, padeda gydyti \u017eaizdas, nudegimus ir \u012ftr\u016bkimus, mink\u0161tina.<\/p>\n<p><strong>Vitaminas E<\/strong>\u00a0\u2013 mikroelementas, turintis stiprias antioksidantines savybes. Jis maitina ir dr\u0117kina od\u0105, stiprina epidermio hidrolipidin\u012f barjer\u0105, apsaugo nuo negatyvaus UV spinduli\u0173 poveikio, suma\u017eina randus po akn\u0117s. Vitaminas E pagreitina pa\u017eeist\u0173 odos l\u0105steli\u0173 gijim\u0105, apsaugo nuo negatyvaus laisv\u0173j\u0173 radikal\u0173 poveikio.<\/p>\n<p><strong>Stearino r\u016bg\u0161tis<\/strong>\u00a0atstato odos hidrolipidin\u0119 mantij\u0105, gerina odos elastingum\u0105, valo.<\/p>\n","protected":false},"excerpt":{"rendered":"<p>D\u0117ka sud\u0117tyje esan\u010di\u0173 gyvat\u0117s tauk\u0173 kremas ypatingai efektyviai dr\u0117kina, maitina ir mink\u0161tina \u0161iurk\u0161\u010di\u0105 ar i\u0161saus\u0117jusi\u0105 od\u0105, stimuliuoja kraujotak\u0105, skatina regeneracijos procesus, turi antibakterin\u012f ir antiseptin\u012f poveik\u012f. Priemon\u0117 padeda kovoti su ma\u017eomis \u017eaizdel\u0117mis ir \u012fbr\u0117\u017eimais, neleid\u017eia odai skilin\u0117ti, saugo nuo vis\u0173 r\u016b\u0161i\u0173 p\u0117dos odos grybelini\u0173 infekcij\u0173, naikina nemalon\u0173 kvap\u0105, atgaivina. Kremas puikiai \u012fsigeria, galima naudoti kasdien. [&#8230;]\n","protected":false},"featured_media":3893,"comment_status":"closed","ping_status":"closed","template":"","meta":[],"product_cat":[512,497],"product_tag":[],"class_list":{"0":"post-3891","1":"product","2":"type-product","3":"status-publish","4":"has-post-thumbnail","6":"product_cat-koju-prieziura","7":"product_cat-kunui","9":"first","10":"instock","11":"shipping-taxable","12":"purchasable","13":"product-type-simple"},"yoast_head":"<!-- This site is optimized with the Yoast SEO plugin v23.6 - https:\/\/yoast.com\/wordpress\/plugins\/seo\/ -->\n<title>Kremas kojoms su gyva\u010di\u0173 taukais, 80ml. - TianDe Online Shop - Beauty &amp; Health<\/title>\n<meta name=\"robots\" content=\"index, follow, max-snippet:-1, max-image-preview:large, max-video-preview:-1\" \/>\n<link rel=\"canonical\" href=\"https:\/\/tiandeproducts.co.uk\/lt\/kremas-kojoms-su-gyvaciu-taukais-80ml\/\" \/>\n<meta property=\"og:locale\" content=\"lt_LT\" \/>\n<meta property=\"og:type\" content=\"article\" \/>\n<meta property=\"og:title\" content=\"Kremas kojoms su gyva\u010di\u0173 taukais, 80ml. - TianDe Online Shop - Beauty &amp; Health\" \/>\n<meta property=\"og:description\" content=\"D\u0117ka sud\u0117tyje esan\u010di\u0173 gyvat\u0117s tauk\u0173 kremas ypatingai efektyviai dr\u0117kina, maitina ir mink\u0161tina \u0161iurk\u0161\u010di\u0105 ar i\u0161saus\u0117jusi\u0105 od\u0105, stimuliuoja kraujotak\u0105, skatina regeneracijos procesus, turi antibakterin\u012f ir antiseptin\u012f poveik\u012f. Priemon\u0117 padeda kovoti su ma\u017eomis \u017eaizdel\u0117mis ir \u012fbr\u0117\u017eimais, neleid\u017eia odai skilin\u0117ti, saugo nuo vis\u0173 r\u016b\u0161i\u0173 p\u0117dos odos grybelini\u0173 infekcij\u0173, naikina nemalon\u0173 kvap\u0105, atgaivina. Kremas puikiai \u012fsigeria, galima naudoti kasdien. [...]\" \/>\n<meta property=\"og:url\" content=\"https:\/\/tiandeproducts.co.uk\/lt\/kremas-kojoms-su-gyvaciu-taukais-80ml\/\" \/>\n<meta property=\"og:site_name\" content=\"TianDe Online Shop - Beauty &amp; Health\" \/>\n<meta property=\"article:publisher\" content=\"https:\/\/www.facebook.com\/tiande.products.england\/\" \/>\n<meta property=\"article:modified_time\" content=\"2025-04-22T22:16:26+00:00\" \/>\n<meta property=\"og:image\" content=\"https:\/\/tiandeproducts.co.uk\/wp-content\/uploads\/41101.png\" \/>\n\t<meta property=\"og:image:width\" content=\"700\" \/>\n\t<meta property=\"og:image:height\" content=\"700\" \/>\n\t<meta property=\"og:image:type\" content=\"image\/png\" \/>\n<meta name=\"twitter:card\" content=\"summary_large_image\" \/>\n<meta name=\"twitter:label1\" content=\"Est. reading time\" \/>\n\t<meta name=\"twitter:data1\" content=\"1 minut\u0117\" \/>\n<script type=\"application\/ld+json\" class=\"yoast-schema-graph\">{\"@context\":\"https:\/\/schema.org\",\"@graph\":[{\"@type\":\"WebPage\",\"@id\":\"https:\/\/tiandeproducts.co.uk\/lt\/kremas-kojoms-su-gyvaciu-taukais-80ml\/\",\"url\":\"https:\/\/tiandeproducts.co.uk\/lt\/kremas-kojoms-su-gyvaciu-taukais-80ml\/\",\"name\":\"Kremas kojoms su gyva\u010di\u0173 taukais, 80ml. - TianDe Online Shop - Beauty &amp; Health\",\"isPartOf\":{\"@id\":\"https:\/\/tiandeproducts.co.uk\/#website\"},\"primaryImageOfPage\":{\"@id\":\"https:\/\/tiandeproducts.co.uk\/lt\/kremas-kojoms-su-gyvaciu-taukais-80ml\/#primaryimage\"},\"image\":{\"@id\":\"https:\/\/tiandeproducts.co.uk\/lt\/kremas-kojoms-su-gyvaciu-taukais-80ml\/#primaryimage\"},\"thumbnailUrl\":\"https:\/\/tiandeproducts.co.uk\/wp-content\/uploads\/41101.png\",\"datePublished\":\"2016-04-05T09:19:17+00:00\",\"dateModified\":\"2025-04-22T22:16:26+00:00\",\"breadcrumb\":{\"@id\":\"https:\/\/tiandeproducts.co.uk\/lt\/kremas-kojoms-su-gyvaciu-taukais-80ml\/#breadcrumb\"},\"inLanguage\":\"lt-LT\",\"potentialAction\":[{\"@type\":\"ReadAction\",\"target\":[\"https:\/\/tiandeproducts.co.uk\/lt\/kremas-kojoms-su-gyvaciu-taukais-80ml\/\"]}]},{\"@type\":\"ImageObject\",\"inLanguage\":\"lt-LT\",\"@id\":\"https:\/\/tiandeproducts.co.uk\/lt\/kremas-kojoms-su-gyvaciu-taukais-80ml\/#primaryimage\",\"url\":\"https:\/\/tiandeproducts.co.uk\/wp-content\/uploads\/41101.png\",\"contentUrl\":\"https:\/\/tiandeproducts.co.uk\/wp-content\/uploads\/41101.png\",\"width\":700,\"height\":700},{\"@type\":\"BreadcrumbList\",\"@id\":\"https:\/\/tiandeproducts.co.uk\/lt\/kremas-kojoms-su-gyvaciu-taukais-80ml\/#breadcrumb\",\"itemListElement\":[{\"@type\":\"ListItem\",\"position\":1,\"name\":\"Home\",\"item\":\"https:\/\/tiandeproducts.co.uk\/lt\/\"},{\"@type\":\"ListItem\",\"position\":2,\"name\":\"Shop\",\"item\":\"https:\/\/tiandeproducts.co.uk\/lt\/shop-2\/\"},{\"@type\":\"ListItem\",\"position\":3,\"name\":\"Kremas kojoms su gyva\u010di\u0173 taukais, 80ml.\"}]},{\"@type\":\"WebSite\",\"@id\":\"https:\/\/tiandeproducts.co.uk\/#website\",\"url\":\"https:\/\/tiandeproducts.co.uk\/\",\"name\":\"TianDe Online Shop - Beauty & Health\",\"description\":\"Traditional Chinese Medicine\",\"potentialAction\":[{\"@type\":\"SearchAction\",\"target\":{\"@type\":\"EntryPoint\",\"urlTemplate\":\"https:\/\/tiandeproducts.co.uk\/?s={search_term_string}\"},\"query-input\":{\"@type\":\"PropertyValueSpecification\",\"valueRequired\":true,\"valueName\":\"search_term_string\"}}],\"inLanguage\":\"lt-LT\"}]}<\/script>\n<!-- \/ Yoast SEO plugin. -->","yoast_head_json":{"title":"Kremas kojoms su gyva\u010di\u0173 taukais, 80ml. - TianDe Online Shop - Beauty &amp; Health","robots":{"index":"index","follow":"follow","max-snippet":"max-snippet:-1","max-image-preview":"max-image-preview:large","max-video-preview":"max-video-preview:-1"},"canonical":"https:\/\/tiandeproducts.co.uk\/lt\/kremas-kojoms-su-gyvaciu-taukais-80ml\/","og_locale":"lt_LT","og_type":"article","og_title":"Kremas kojoms su gyva\u010di\u0173 taukais, 80ml. - TianDe Online Shop - Beauty &amp; Health","og_description":"D\u0117ka sud\u0117tyje esan\u010di\u0173 gyvat\u0117s tauk\u0173 kremas ypatingai efektyviai dr\u0117kina, maitina ir mink\u0161tina \u0161iurk\u0161\u010di\u0105 ar i\u0161saus\u0117jusi\u0105 od\u0105, stimuliuoja kraujotak\u0105, skatina regeneracijos procesus, turi antibakterin\u012f ir antiseptin\u012f poveik\u012f. Priemon\u0117 padeda kovoti su ma\u017eomis \u017eaizdel\u0117mis ir \u012fbr\u0117\u017eimais, neleid\u017eia odai skilin\u0117ti, saugo nuo vis\u0173 r\u016b\u0161i\u0173 p\u0117dos odos grybelini\u0173 infekcij\u0173, naikina nemalon\u0173 kvap\u0105, atgaivina. Kremas puikiai \u012fsigeria, galima naudoti kasdien. [...]","og_url":"https:\/\/tiandeproducts.co.uk\/lt\/kremas-kojoms-su-gyvaciu-taukais-80ml\/","og_site_name":"TianDe Online Shop - Beauty &amp; Health","article_publisher":"https:\/\/www.facebook.com\/tiande.products.england\/","article_modified_time":"2025-04-22T22:16:26+00:00","og_image":[{"width":700,"height":700,"url":"https:\/\/tiandeproducts.co.uk\/wp-content\/uploads\/41101.png","type":"image\/png"}],"twitter_card":"summary_large_image","twitter_misc":{"Est. reading time":"1 minut\u0117"},"schema":{"@context":"https:\/\/schema.org","@graph":[{"@type":"WebPage","@id":"https:\/\/tiandeproducts.co.uk\/lt\/kremas-kojoms-su-gyvaciu-taukais-80ml\/","url":"https:\/\/tiandeproducts.co.uk\/lt\/kremas-kojoms-su-gyvaciu-taukais-80ml\/","name":"Kremas kojoms su gyva\u010di\u0173 taukais, 80ml. - TianDe Online Shop - Beauty &amp; Health","isPartOf":{"@id":"https:\/\/tiandeproducts.co.uk\/#website"},"primaryImageOfPage":{"@id":"https:\/\/tiandeproducts.co.uk\/lt\/kremas-kojoms-su-gyvaciu-taukais-80ml\/#primaryimage"},"image":{"@id":"https:\/\/tiandeproducts.co.uk\/lt\/kremas-kojoms-su-gyvaciu-taukais-80ml\/#primaryimage"},"thumbnailUrl":"https:\/\/tiandeproducts.co.uk\/wp-content\/uploads\/41101.png","datePublished":"2016-04-05T09:19:17+00:00","dateModified":"2025-04-22T22:16:26+00:00","breadcrumb":{"@id":"https:\/\/tiandeproducts.co.uk\/lt\/kremas-kojoms-su-gyvaciu-taukais-80ml\/#breadcrumb"},"inLanguage":"lt-LT","potentialAction":[{"@type":"ReadAction","target":["https:\/\/tiandeproducts.co.uk\/lt\/kremas-kojoms-su-gyvaciu-taukais-80ml\/"]}]},{"@type":"ImageObject","inLanguage":"lt-LT","@id":"https:\/\/tiandeproducts.co.uk\/lt\/kremas-kojoms-su-gyvaciu-taukais-80ml\/#primaryimage","url":"https:\/\/tiandeproducts.co.uk\/wp-content\/uploads\/41101.png","contentUrl":"https:\/\/tiandeproducts.co.uk\/wp-content\/uploads\/41101.png","width":700,"height":700},{"@type":"BreadcrumbList","@id":"https:\/\/tiandeproducts.co.uk\/lt\/kremas-kojoms-su-gyvaciu-taukais-80ml\/#breadcrumb","itemListElement":[{"@type":"ListItem","position":1,"name":"Home","item":"https:\/\/tiandeproducts.co.uk\/lt\/"},{"@type":"ListItem","position":2,"name":"Shop","item":"https:\/\/tiandeproducts.co.uk\/lt\/shop-2\/"},{"@type":"ListItem","position":3,"name":"Kremas kojoms su gyva\u010di\u0173 taukais, 80ml."}]},{"@type":"WebSite","@id":"https:\/\/tiandeproducts.co.uk\/#website","url":"https:\/\/tiandeproducts.co.uk\/","name":"TianDe Online Shop - Beauty & Health","description":"Traditional Chinese Medicine","potentialAction":[{"@type":"SearchAction","target":{"@type":"EntryPoint","urlTemplate":"https:\/\/tiandeproducts.co.uk\/?s={search_term_string}"},"query-input":{"@type":"PropertyValueSpecification","valueRequired":true,"valueName":"search_term_string"}}],"inLanguage":"lt-LT"}]}},"_links":{"self":[{"href":"https:\/\/tiandeproducts.co.uk\/lt\/wp-json\/wp\/v2\/product\/3891","targetHints":{"allow":["GET"]}}],"collection":[{"href":"https:\/\/tiandeproducts.co.uk\/lt\/wp-json\/wp\/v2\/product"}],"about":[{"href":"https:\/\/tiandeproducts.co.uk\/lt\/wp-json\/wp\/v2\/types\/product"}],"replies":[{"embeddable":true,"href":"https:\/\/tiandeproducts.co.uk\/lt\/wp-json\/wp\/v2\/comments?post=3891"}],"wp:featuredmedia":[{"embeddable":true,"href":"https:\/\/tiandeproducts.co.uk\/lt\/wp-json\/wp\/v2\/media\/3893"}],"wp:attachment":[{"href":"https:\/\/tiandeproducts.co.uk\/lt\/wp-json\/wp\/v2\/media?parent=3891"}],"wp:term":[{"taxonomy":"product_cat","embeddable":true,"href":"https:\/\/tiandeproducts.co.uk\/lt\/wp-json\/wp\/v2\/product_cat?post=3891"},{"taxonomy":"product_tag","embeddable":true,"href":"https:\/\/tiandeproducts.co.uk\/lt\/wp-json\/wp\/v2\/product_tag?post=3891"}],"curies":[{"name":"wp","href":"https:\/\/api.w.org\/{rel}","templated":true}]}}