{"id":3889,"date":"2016-04-05T10:27:41","date_gmt":"2016-04-05T09:27:41","guid":{"rendered":"https:\/\/tnd.ontesting.co.uk\/dilde-pedoms%e2%80%8b-master-quartz%e2%80%8b-1vnt-%e2%80%8b\/"},"modified":"2020-03-01T15:07:55","modified_gmt":"2020-03-01T15:07:55","slug":"dilde-pedoms%e2%80%8b-master-quartz%e2%80%8b-1vnt-%e2%80%8b","status":"publish","type":"product","link":"https:\/\/tiandeproducts.co.uk\/lt\/dilde-pedoms%e2%80%8b-master-quartz%e2%80%8b-1vnt-%e2%80%8b\/","title":{"rendered":"Dild\u0117 p\u0117doms\u200b \u201eMaster Quartz\u201c\u200b, 1vnt.\u200b"},"content":{"rendered":"<p>Koj\u0173 dild\u0117 turi dvi skirtingo \u0161iurk\u0161tumo puses: pavir\u0161ius su didesniais kvarco skristalais \u0161alina surag\u0117jusi\u0105, sugrubusi\u0105 od\u0105, \u0161vei\u010dia suskilin\u0117jusius kulnus; kita &#8211; \u0161velniai valo ir poliruoja padus, suteikia lengvumo, \u0161velnumo ir mink\u0161tumo poj\u016bt\u012f. Stilingas dizainas, lengva naudoti.\u200b Ypa\u010d akivaizd\u017eiai matomas efektas tada, kai ji naudojama po koj\u0173 vonel\u0117s.<\/p>\n<p><strong>Naudojimas:<br \/>\n<\/strong>Patrinkite per kiet\u0105 p\u0117d\u0173 od\u0105, kad negyvosios l\u0105stel\u0117s b\u016bt\u0173 palaipsniui atsluoksniuotos. Po to \u0161velniai nupoliruokite.<\/p>\n<p>&nbsp;<\/p>\n","protected":false},"excerpt":{"rendered":"<p>Koj\u0173 dild\u0117 turi dvi skirtingo \u0161iurk\u0161tumo puses: pavir\u0161ius su didesniais kvarco skristalais \u0161alina surag\u0117jusi\u0105, sugrubusi\u0105 od\u0105, \u0161vei\u010dia suskilin\u0117jusius kulnus; kita &#8211; \u0161velniai valo ir poliruoja padus, suteikia lengvumo, \u0161velnumo ir mink\u0161tumo poj\u016bt\u012f. Stilingas dizainas, lengva naudoti.\u200b Ypa\u010d akivaizd\u017eiai matomas efektas tada, kai ji naudojama po koj\u0173 vonel\u0117s. Naudojimas: Patrinkite per kiet\u0105 p\u0117d\u0173 od\u0105, kad negyvosios [&#8230;]\n","protected":false},"featured_media":632,"comment_status":"closed","ping_status":"closed","template":"","meta":[],"product_cat":[461,512,497,485],"product_tag":[],"class_list":{"0":"post-3889","1":"product","2":"type-product","3":"status-publish","4":"has-post-thumbnail","6":"product_cat-aksesuarai","7":"product_cat-koju-prieziura","8":"product_cat-kunui","9":"product_cat-pedikiuras","11":"first","12":"outofstock","13":"shipping-taxable","14":"purchasable","15":"product-type-simple"},"yoast_head":"<!-- This site is optimized with the Yoast SEO plugin v23.6 - https:\/\/yoast.com\/wordpress\/plugins\/seo\/ -->\n<title>Dild\u0117 p\u0117doms\u200b \u201eMaster Quartz\u201c\u200b, 1vnt.\u200b - TianDe Online Shop - Beauty &amp; Health<\/title>\n<meta name=\"robots\" content=\"index, follow, max-snippet:-1, max-image-preview:large, max-video-preview:-1\" \/>\n<link rel=\"canonical\" href=\"https:\/\/tiandeproducts.co.uk\/lt\/dilde-pedoms\u200b-master-quartz\u200b-1vnt-\u200b\/\" \/>\n<meta property=\"og:locale\" content=\"lt_LT\" \/>\n<meta property=\"og:type\" content=\"article\" \/>\n<meta property=\"og:title\" content=\"Dild\u0117 p\u0117doms\u200b \u201eMaster Quartz\u201c\u200b, 1vnt.\u200b - TianDe Online Shop - Beauty &amp; Health\" \/>\n<meta property=\"og:description\" content=\"Koj\u0173 dild\u0117 turi dvi skirtingo \u0161iurk\u0161tumo puses: pavir\u0161ius su didesniais kvarco skristalais \u0161alina surag\u0117jusi\u0105, sugrubusi\u0105 od\u0105, \u0161vei\u010dia suskilin\u0117jusius kulnus; kita &#8211; \u0161velniai valo ir poliruoja padus, suteikia lengvumo, \u0161velnumo ir mink\u0161tumo poj\u016bt\u012f. Stilingas dizainas, lengva naudoti.\u200b Ypa\u010d akivaizd\u017eiai matomas efektas tada, kai ji naudojama po koj\u0173 vonel\u0117s. Naudojimas: Patrinkite per kiet\u0105 p\u0117d\u0173 od\u0105, kad negyvosios [...]\" \/>\n<meta property=\"og:url\" content=\"https:\/\/tiandeproducts.co.uk\/lt\/dilde-pedoms\u200b-master-quartz\u200b-1vnt-\u200b\/\" \/>\n<meta property=\"og:site_name\" content=\"TianDe Online Shop - Beauty &amp; Health\" \/>\n<meta property=\"article:publisher\" content=\"https:\/\/www.facebook.com\/tiande.products.england\/\" \/>\n<meta property=\"article:modified_time\" content=\"2020-03-01T15:07:55+00:00\" \/>\n<meta property=\"og:image\" content=\"https:\/\/tiandeproducts.co.uk\/wp-content\/uploads\/2016\/04\/90202.png\" \/>\n\t<meta property=\"og:image:width\" content=\"700\" \/>\n\t<meta property=\"og:image:height\" content=\"700\" \/>\n\t<meta property=\"og:image:type\" content=\"image\/png\" \/>\n<meta name=\"twitter:card\" content=\"summary_large_image\" \/>\n<script type=\"application\/ld+json\" class=\"yoast-schema-graph\">{\"@context\":\"https:\/\/schema.org\",\"@graph\":[{\"@type\":\"WebPage\",\"@id\":\"https:\/\/tiandeproducts.co.uk\/lt\/dilde-pedoms%e2%80%8b-master-quartz%e2%80%8b-1vnt-%e2%80%8b\/\",\"url\":\"https:\/\/tiandeproducts.co.uk\/lt\/dilde-pedoms%e2%80%8b-master-quartz%e2%80%8b-1vnt-%e2%80%8b\/\",\"name\":\"Dild\u0117 p\u0117doms\u200b \u201eMaster Quartz\u201c\u200b, 1vnt.\u200b - TianDe Online Shop - Beauty &amp; Health\",\"isPartOf\":{\"@id\":\"https:\/\/tiandeproducts.co.uk\/#website\"},\"primaryImageOfPage\":{\"@id\":\"https:\/\/tiandeproducts.co.uk\/lt\/dilde-pedoms%e2%80%8b-master-quartz%e2%80%8b-1vnt-%e2%80%8b\/#primaryimage\"},\"image\":{\"@id\":\"https:\/\/tiandeproducts.co.uk\/lt\/dilde-pedoms%e2%80%8b-master-quartz%e2%80%8b-1vnt-%e2%80%8b\/#primaryimage\"},\"thumbnailUrl\":\"https:\/\/tiandeproducts.co.uk\/wp-content\/uploads\/2016\/04\/90202.png\",\"datePublished\":\"2016-04-05T09:27:41+00:00\",\"dateModified\":\"2020-03-01T15:07:55+00:00\",\"breadcrumb\":{\"@id\":\"https:\/\/tiandeproducts.co.uk\/lt\/dilde-pedoms%e2%80%8b-master-quartz%e2%80%8b-1vnt-%e2%80%8b\/#breadcrumb\"},\"inLanguage\":\"lt-LT\",\"potentialAction\":[{\"@type\":\"ReadAction\",\"target\":[\"https:\/\/tiandeproducts.co.uk\/lt\/dilde-pedoms%e2%80%8b-master-quartz%e2%80%8b-1vnt-%e2%80%8b\/\"]}]},{\"@type\":\"ImageObject\",\"inLanguage\":\"lt-LT\",\"@id\":\"https:\/\/tiandeproducts.co.uk\/lt\/dilde-pedoms%e2%80%8b-master-quartz%e2%80%8b-1vnt-%e2%80%8b\/#primaryimage\",\"url\":\"https:\/\/tiandeproducts.co.uk\/wp-content\/uploads\/2016\/04\/90202.png\",\"contentUrl\":\"https:\/\/tiandeproducts.co.uk\/wp-content\/uploads\/2016\/04\/90202.png\",\"width\":700,\"height\":700,\"caption\":\"\u041c\u0430ster Quartz Hard Skin Remover,1pc-0\"},{\"@type\":\"BreadcrumbList\",\"@id\":\"https:\/\/tiandeproducts.co.uk\/lt\/dilde-pedoms%e2%80%8b-master-quartz%e2%80%8b-1vnt-%e2%80%8b\/#breadcrumb\",\"itemListElement\":[{\"@type\":\"ListItem\",\"position\":1,\"name\":\"Home\",\"item\":\"https:\/\/tiandeproducts.co.uk\/lt\/\"},{\"@type\":\"ListItem\",\"position\":2,\"name\":\"Shop\",\"item\":\"https:\/\/tiandeproducts.co.uk\/lt\/shop-2\/\"},{\"@type\":\"ListItem\",\"position\":3,\"name\":\"Dild\u0117 p\u0117doms\u200b \u201eMaster Quartz\u201c\u200b, 1vnt.\u200b\"}]},{\"@type\":\"WebSite\",\"@id\":\"https:\/\/tiandeproducts.co.uk\/#website\",\"url\":\"https:\/\/tiandeproducts.co.uk\/\",\"name\":\"TianDe Online Shop - Beauty & Health\",\"description\":\"Traditional Chinese Medicine\",\"potentialAction\":[{\"@type\":\"SearchAction\",\"target\":{\"@type\":\"EntryPoint\",\"urlTemplate\":\"https:\/\/tiandeproducts.co.uk\/?s={search_term_string}\"},\"query-input\":{\"@type\":\"PropertyValueSpecification\",\"valueRequired\":true,\"valueName\":\"search_term_string\"}}],\"inLanguage\":\"lt-LT\"}]}<\/script>\n<!-- \/ Yoast SEO plugin. -->","yoast_head_json":{"title":"Dild\u0117 p\u0117doms\u200b \u201eMaster Quartz\u201c\u200b, 1vnt.\u200b - TianDe Online Shop - Beauty &amp; Health","robots":{"index":"index","follow":"follow","max-snippet":"max-snippet:-1","max-image-preview":"max-image-preview:large","max-video-preview":"max-video-preview:-1"},"canonical":"https:\/\/tiandeproducts.co.uk\/lt\/dilde-pedoms\u200b-master-quartz\u200b-1vnt-\u200b\/","og_locale":"lt_LT","og_type":"article","og_title":"Dild\u0117 p\u0117doms\u200b \u201eMaster Quartz\u201c\u200b, 1vnt.\u200b - TianDe Online Shop - Beauty &amp; Health","og_description":"Koj\u0173 dild\u0117 turi dvi skirtingo \u0161iurk\u0161tumo puses: pavir\u0161ius su didesniais kvarco skristalais \u0161alina surag\u0117jusi\u0105, sugrubusi\u0105 od\u0105, \u0161vei\u010dia suskilin\u0117jusius kulnus; kita &#8211; \u0161velniai valo ir poliruoja padus, suteikia lengvumo, \u0161velnumo ir mink\u0161tumo poj\u016bt\u012f. Stilingas dizainas, lengva naudoti.\u200b Ypa\u010d akivaizd\u017eiai matomas efektas tada, kai ji naudojama po koj\u0173 vonel\u0117s. Naudojimas: Patrinkite per kiet\u0105 p\u0117d\u0173 od\u0105, kad negyvosios [...]","og_url":"https:\/\/tiandeproducts.co.uk\/lt\/dilde-pedoms\u200b-master-quartz\u200b-1vnt-\u200b\/","og_site_name":"TianDe Online Shop - Beauty &amp; Health","article_publisher":"https:\/\/www.facebook.com\/tiande.products.england\/","article_modified_time":"2020-03-01T15:07:55+00:00","og_image":[{"width":700,"height":700,"url":"https:\/\/tiandeproducts.co.uk\/wp-content\/uploads\/2016\/04\/90202.png","type":"image\/png"}],"twitter_card":"summary_large_image","schema":{"@context":"https:\/\/schema.org","@graph":[{"@type":"WebPage","@id":"https:\/\/tiandeproducts.co.uk\/lt\/dilde-pedoms%e2%80%8b-master-quartz%e2%80%8b-1vnt-%e2%80%8b\/","url":"https:\/\/tiandeproducts.co.uk\/lt\/dilde-pedoms%e2%80%8b-master-quartz%e2%80%8b-1vnt-%e2%80%8b\/","name":"Dild\u0117 p\u0117doms\u200b \u201eMaster Quartz\u201c\u200b, 1vnt.\u200b - TianDe Online Shop - Beauty &amp; Health","isPartOf":{"@id":"https:\/\/tiandeproducts.co.uk\/#website"},"primaryImageOfPage":{"@id":"https:\/\/tiandeproducts.co.uk\/lt\/dilde-pedoms%e2%80%8b-master-quartz%e2%80%8b-1vnt-%e2%80%8b\/#primaryimage"},"image":{"@id":"https:\/\/tiandeproducts.co.uk\/lt\/dilde-pedoms%e2%80%8b-master-quartz%e2%80%8b-1vnt-%e2%80%8b\/#primaryimage"},"thumbnailUrl":"https:\/\/tiandeproducts.co.uk\/wp-content\/uploads\/2016\/04\/90202.png","datePublished":"2016-04-05T09:27:41+00:00","dateModified":"2020-03-01T15:07:55+00:00","breadcrumb":{"@id":"https:\/\/tiandeproducts.co.uk\/lt\/dilde-pedoms%e2%80%8b-master-quartz%e2%80%8b-1vnt-%e2%80%8b\/#breadcrumb"},"inLanguage":"lt-LT","potentialAction":[{"@type":"ReadAction","target":["https:\/\/tiandeproducts.co.uk\/lt\/dilde-pedoms%e2%80%8b-master-quartz%e2%80%8b-1vnt-%e2%80%8b\/"]}]},{"@type":"ImageObject","inLanguage":"lt-LT","@id":"https:\/\/tiandeproducts.co.uk\/lt\/dilde-pedoms%e2%80%8b-master-quartz%e2%80%8b-1vnt-%e2%80%8b\/#primaryimage","url":"https:\/\/tiandeproducts.co.uk\/wp-content\/uploads\/2016\/04\/90202.png","contentUrl":"https:\/\/tiandeproducts.co.uk\/wp-content\/uploads\/2016\/04\/90202.png","width":700,"height":700,"caption":"\u041c\u0430ster Quartz Hard Skin Remover,1pc-0"},{"@type":"BreadcrumbList","@id":"https:\/\/tiandeproducts.co.uk\/lt\/dilde-pedoms%e2%80%8b-master-quartz%e2%80%8b-1vnt-%e2%80%8b\/#breadcrumb","itemListElement":[{"@type":"ListItem","position":1,"name":"Home","item":"https:\/\/tiandeproducts.co.uk\/lt\/"},{"@type":"ListItem","position":2,"name":"Shop","item":"https:\/\/tiandeproducts.co.uk\/lt\/shop-2\/"},{"@type":"ListItem","position":3,"name":"Dild\u0117 p\u0117doms\u200b \u201eMaster Quartz\u201c\u200b, 1vnt.\u200b"}]},{"@type":"WebSite","@id":"https:\/\/tiandeproducts.co.uk\/#website","url":"https:\/\/tiandeproducts.co.uk\/","name":"TianDe Online Shop - Beauty & Health","description":"Traditional Chinese Medicine","potentialAction":[{"@type":"SearchAction","target":{"@type":"EntryPoint","urlTemplate":"https:\/\/tiandeproducts.co.uk\/?s={search_term_string}"},"query-input":{"@type":"PropertyValueSpecification","valueRequired":true,"valueName":"search_term_string"}}],"inLanguage":"lt-LT"}]}},"_links":{"self":[{"href":"https:\/\/tiandeproducts.co.uk\/lt\/wp-json\/wp\/v2\/product\/3889","targetHints":{"allow":["GET"]}}],"collection":[{"href":"https:\/\/tiandeproducts.co.uk\/lt\/wp-json\/wp\/v2\/product"}],"about":[{"href":"https:\/\/tiandeproducts.co.uk\/lt\/wp-json\/wp\/v2\/types\/product"}],"replies":[{"embeddable":true,"href":"https:\/\/tiandeproducts.co.uk\/lt\/wp-json\/wp\/v2\/comments?post=3889"}],"wp:featuredmedia":[{"embeddable":true,"href":"https:\/\/tiandeproducts.co.uk\/lt\/wp-json\/wp\/v2\/media\/632"}],"wp:attachment":[{"href":"https:\/\/tiandeproducts.co.uk\/lt\/wp-json\/wp\/v2\/media?parent=3889"}],"wp:term":[{"taxonomy":"product_cat","embeddable":true,"href":"https:\/\/tiandeproducts.co.uk\/lt\/wp-json\/wp\/v2\/product_cat?post=3889"},{"taxonomy":"product_tag","embeddable":true,"href":"https:\/\/tiandeproducts.co.uk\/lt\/wp-json\/wp\/v2\/product_tag?post=3889"}],"curies":[{"name":"wp","href":"https:\/\/api.w.org\/{rel}","templated":true}]}}