{"id":3886,"date":"2016-04-05T10:36:47","date_gmt":"2016-04-05T09:36:47","guid":{"rendered":"https:\/\/tnd.ontesting.co.uk\/fito-druskos-vonele-kojoms-arbatmedis-50g\/"},"modified":"2019-09-19T11:36:16","modified_gmt":"2019-09-19T10:36:16","slug":"fito-druskos-vonele-kojoms-arbatmedis-50g","status":"publish","type":"product","link":"https:\/\/tiandeproducts.co.uk\/lt\/fito-druskos-vonele-kojoms-arbatmedis-50g\/","title":{"rendered":"Fito druskos vonel\u0117 kojoms \u201eArbatmedis\u201c, 50g."},"content":{"rendered":"<p>Druskos vonel\u0117\u00a0veiksmingai suma\u017eina nuovargio ir sunkumo poj\u016b\u010dius kojose, mink\u0161tina bei maitina p\u0117d\u0173 od\u0105, \u0161velniai valo poras, naikina prakaito kvap\u0105. Priemon\u0117 turi stipr\u0173 antiseptin\u012f poveik\u012f, tod\u0117l saugo nuo vis\u0173 r\u016b\u0161i\u0173 grybelini\u0173 koj\u0173 odos infekcij\u0173, prisotina mikroelementais, skatina l\u0105steles atsinaujinti.<\/p>\n<p>J\u016bros druskoje yra apie penkiasde\u0161imt teigiamai sveikat\u0105 veikian\u010di\u0173 mikroelement\u0173. Ypa\u010d daug magnio, kalio, kalcio, cinko, gele\u017eies, jodo ir kt. Vonel\u0117s su j\u016bros druska gelbsti nuo gausaus prakaitavimo, sprend\u017eia daugel\u012f koj\u0173 prie\u017ei\u016bros problem\u0173, saugo nuo infekcij\u0173 ar tiesiog paruo\u0161ia kojas pediki\u016brui. Geresni\u0173 rezultat\u0173 pasieksite jei fito druskos vonel\u0119 kojoms naudosite 3-4 kartus per savait\u0119.<\/p>\n<p><strong>Naudojimas:<br \/>\n<\/strong>Supilkite pakuot\u0117s turin\u012f \u012f \u0161ilt\u0105 vanden\u012f, i\u0161tirpinkite. Palaikykite kojas vonel\u0117je 15-20 min.<\/p>\n<p><strong>Veikliosios med\u017eiagos:<\/strong><\/p>\n<p><strong>Arbatmed\u017ei\u0173 aliejus<\/strong>\u00a0(pra\u017eangialapi\u0173 mirteni\u0173 lap\u0173 aliejus) &#8211; efektyvus mink\u0161tiklis, pasi\u017eymi prie\u0161u\u017edegimin\u0117mis, antiseptin\u0117mis, apsaugin\u0117mis savyb\u0117mis. Arbatmed\u017ei\u0173 aliejus skatina odos atsinaujinim\u0105, nesukeldamas \u0161alutinio poveikio sveikam audiniui, ypa\u010d naudingas esant infekcijoms, u\u017edegimams, grybeliniams susirgimams.<\/p>\n<p><strong>Kininio arbatmed\u017eio lap\u0173 ekstraktas<\/strong>\u00a0turi antioksidantini\u0173 ir antimikrobini\u0173 savybi\u0173, nedirgina. Veikliosios med\u017eiagos mink\u0161tina ir dr\u0117kina, apsaugo od\u0105 nuo laisv\u0173j\u0173 radikal\u0173 poveikio. Kininio arbatmed\u017eio ekstrakto sud\u0117tyje taip pat yra kofeino, kuris stimuliuoja odos mikrocirkuliacij\u0105, tonizuoja ir teigiamai veikia od\u0105.<\/p>\n<p><strong>Negyvosios j\u016bros druska<\/strong>\u00a0giliai i\u0161valo od\u0105, suteikia jai b\u016btiniausi\u0173 mikroelement\u0173: magnio (teigiamai veikia epidermio l\u0105steli\u0173 dalijim\u0105si), kalio, kalcio, natrio, cinko, gele\u017eies ir silicio jungini\u0173, boro, jodo drusk\u0173 ir kt. Druska stimuliuoja ir regeneruoja od\u0105, aktyvina med\u017eiag\u0173 apykait\u0105, tonizuoja. Oda d\u0117l to tampa aksomin\u0117 ir elastinga.<\/p>\n","protected":false},"excerpt":{"rendered":"<p>Druskos vonel\u0117\u00a0veiksmingai suma\u017eina nuovargio ir sunkumo poj\u016b\u010dius kojose, mink\u0161tina bei maitina p\u0117d\u0173 od\u0105, \u0161velniai valo poras, naikina prakaito kvap\u0105. Priemon\u0117 turi stipr\u0173 antiseptin\u012f poveik\u012f, tod\u0117l saugo nuo vis\u0173 r\u016b\u0161i\u0173 grybelini\u0173 koj\u0173 odos infekcij\u0173, prisotina mikroelementais, skatina l\u0105steles atsinaujinti. J\u016bros druskoje yra apie penkiasde\u0161imt teigiamai sveikat\u0105 veikian\u010di\u0173 mikroelement\u0173. Ypa\u010d daug magnio, kalio, kalcio, cinko, gele\u017eies, jodo [&#8230;]\n","protected":false},"featured_media":647,"comment_status":"closed","ping_status":"closed","template":"","meta":[],"product_cat":[512,497,515],"product_tag":[],"class_list":{"0":"post-3886","1":"product","2":"type-product","3":"status-publish","4":"has-post-thumbnail","6":"product_cat-koju-prieziura","7":"product_cat-kunui","8":"product_cat-master-herb-lt","10":"first","11":"instock","12":"shipping-taxable","13":"purchasable","14":"product-type-simple"},"yoast_head":"<!-- This site is optimized with the Yoast SEO plugin v23.6 - https:\/\/yoast.com\/wordpress\/plugins\/seo\/ -->\n<title>Fito druskos vonel\u0117 kojoms \u201eArbatmedis\u201c, 50g. - TianDe Online Shop - Beauty &amp; Health<\/title>\n<meta name=\"robots\" content=\"index, follow, max-snippet:-1, max-image-preview:large, max-video-preview:-1\" \/>\n<link rel=\"canonical\" href=\"https:\/\/tiandeproducts.co.uk\/lt\/fito-druskos-vonele-kojoms-arbatmedis-50g\/\" \/>\n<meta property=\"og:locale\" content=\"lt_LT\" \/>\n<meta property=\"og:type\" content=\"article\" \/>\n<meta property=\"og:title\" content=\"Fito druskos vonel\u0117 kojoms \u201eArbatmedis\u201c, 50g. - TianDe Online Shop - Beauty &amp; Health\" \/>\n<meta property=\"og:description\" content=\"Druskos vonel\u0117\u00a0veiksmingai suma\u017eina nuovargio ir sunkumo poj\u016b\u010dius kojose, mink\u0161tina bei maitina p\u0117d\u0173 od\u0105, \u0161velniai valo poras, naikina prakaito kvap\u0105. Priemon\u0117 turi stipr\u0173 antiseptin\u012f poveik\u012f, tod\u0117l saugo nuo vis\u0173 r\u016b\u0161i\u0173 grybelini\u0173 koj\u0173 odos infekcij\u0173, prisotina mikroelementais, skatina l\u0105steles atsinaujinti. J\u016bros druskoje yra apie penkiasde\u0161imt teigiamai sveikat\u0105 veikian\u010di\u0173 mikroelement\u0173. Ypa\u010d daug magnio, kalio, kalcio, cinko, gele\u017eies, jodo [...]\" \/>\n<meta property=\"og:url\" content=\"https:\/\/tiandeproducts.co.uk\/lt\/fito-druskos-vonele-kojoms-arbatmedis-50g\/\" \/>\n<meta property=\"og:site_name\" content=\"TianDe Online Shop - Beauty &amp; Health\" \/>\n<meta property=\"article:publisher\" content=\"https:\/\/www.facebook.com\/tiande.products.england\/\" \/>\n<meta property=\"article:modified_time\" content=\"2019-09-19T10:36:16+00:00\" \/>\n<meta property=\"og:image\" content=\"https:\/\/tiandeproducts.co.uk\/wp-content\/uploads\/2016\/04\/41320_new.png\" \/>\n\t<meta property=\"og:image:width\" content=\"700\" \/>\n\t<meta property=\"og:image:height\" content=\"700\" \/>\n\t<meta property=\"og:image:type\" content=\"image\/png\" \/>\n<meta name=\"twitter:card\" content=\"summary_large_image\" \/>\n<meta name=\"twitter:label1\" content=\"Est. reading time\" \/>\n\t<meta name=\"twitter:data1\" content=\"1 minut\u0117\" \/>\n<script type=\"application\/ld+json\" class=\"yoast-schema-graph\">{\"@context\":\"https:\/\/schema.org\",\"@graph\":[{\"@type\":\"WebPage\",\"@id\":\"https:\/\/tiandeproducts.co.uk\/lt\/fito-druskos-vonele-kojoms-arbatmedis-50g\/\",\"url\":\"https:\/\/tiandeproducts.co.uk\/lt\/fito-druskos-vonele-kojoms-arbatmedis-50g\/\",\"name\":\"Fito druskos vonel\u0117 kojoms \u201eArbatmedis\u201c, 50g. - TianDe Online Shop - Beauty &amp; Health\",\"isPartOf\":{\"@id\":\"https:\/\/tiandeproducts.co.uk\/#website\"},\"primaryImageOfPage\":{\"@id\":\"https:\/\/tiandeproducts.co.uk\/lt\/fito-druskos-vonele-kojoms-arbatmedis-50g\/#primaryimage\"},\"image\":{\"@id\":\"https:\/\/tiandeproducts.co.uk\/lt\/fito-druskos-vonele-kojoms-arbatmedis-50g\/#primaryimage\"},\"thumbnailUrl\":\"https:\/\/tiandeproducts.co.uk\/wp-content\/uploads\/2016\/04\/41320_new.png\",\"datePublished\":\"2016-04-05T09:36:47+00:00\",\"dateModified\":\"2019-09-19T10:36:16+00:00\",\"breadcrumb\":{\"@id\":\"https:\/\/tiandeproducts.co.uk\/lt\/fito-druskos-vonele-kojoms-arbatmedis-50g\/#breadcrumb\"},\"inLanguage\":\"lt-LT\",\"potentialAction\":[{\"@type\":\"ReadAction\",\"target\":[\"https:\/\/tiandeproducts.co.uk\/lt\/fito-druskos-vonele-kojoms-arbatmedis-50g\/\"]}]},{\"@type\":\"ImageObject\",\"inLanguage\":\"lt-LT\",\"@id\":\"https:\/\/tiandeproducts.co.uk\/lt\/fito-druskos-vonele-kojoms-arbatmedis-50g\/#primaryimage\",\"url\":\"https:\/\/tiandeproducts.co.uk\/wp-content\/uploads\/2016\/04\/41320_new.png\",\"contentUrl\":\"https:\/\/tiandeproducts.co.uk\/wp-content\/uploads\/2016\/04\/41320_new.png\",\"width\":700,\"height\":700,\"caption\":\"Tea Tree Foot Phyto Salt,50g-0\"},{\"@type\":\"BreadcrumbList\",\"@id\":\"https:\/\/tiandeproducts.co.uk\/lt\/fito-druskos-vonele-kojoms-arbatmedis-50g\/#breadcrumb\",\"itemListElement\":[{\"@type\":\"ListItem\",\"position\":1,\"name\":\"Home\",\"item\":\"https:\/\/tiandeproducts.co.uk\/lt\/\"},{\"@type\":\"ListItem\",\"position\":2,\"name\":\"Shop\",\"item\":\"https:\/\/tiandeproducts.co.uk\/lt\/shop-2\/\"},{\"@type\":\"ListItem\",\"position\":3,\"name\":\"Fito druskos vonel\u0117 kojoms \u201eArbatmedis\u201c, 50g.\"}]},{\"@type\":\"WebSite\",\"@id\":\"https:\/\/tiandeproducts.co.uk\/#website\",\"url\":\"https:\/\/tiandeproducts.co.uk\/\",\"name\":\"TianDe Online Shop - Beauty & Health\",\"description\":\"Traditional Chinese Medicine\",\"potentialAction\":[{\"@type\":\"SearchAction\",\"target\":{\"@type\":\"EntryPoint\",\"urlTemplate\":\"https:\/\/tiandeproducts.co.uk\/?s={search_term_string}\"},\"query-input\":{\"@type\":\"PropertyValueSpecification\",\"valueRequired\":true,\"valueName\":\"search_term_string\"}}],\"inLanguage\":\"lt-LT\"}]}<\/script>\n<!-- \/ Yoast SEO plugin. -->","yoast_head_json":{"title":"Fito druskos vonel\u0117 kojoms \u201eArbatmedis\u201c, 50g. - TianDe Online Shop - Beauty &amp; Health","robots":{"index":"index","follow":"follow","max-snippet":"max-snippet:-1","max-image-preview":"max-image-preview:large","max-video-preview":"max-video-preview:-1"},"canonical":"https:\/\/tiandeproducts.co.uk\/lt\/fito-druskos-vonele-kojoms-arbatmedis-50g\/","og_locale":"lt_LT","og_type":"article","og_title":"Fito druskos vonel\u0117 kojoms \u201eArbatmedis\u201c, 50g. - TianDe Online Shop - Beauty &amp; Health","og_description":"Druskos vonel\u0117\u00a0veiksmingai suma\u017eina nuovargio ir sunkumo poj\u016b\u010dius kojose, mink\u0161tina bei maitina p\u0117d\u0173 od\u0105, \u0161velniai valo poras, naikina prakaito kvap\u0105. Priemon\u0117 turi stipr\u0173 antiseptin\u012f poveik\u012f, tod\u0117l saugo nuo vis\u0173 r\u016b\u0161i\u0173 grybelini\u0173 koj\u0173 odos infekcij\u0173, prisotina mikroelementais, skatina l\u0105steles atsinaujinti. J\u016bros druskoje yra apie penkiasde\u0161imt teigiamai sveikat\u0105 veikian\u010di\u0173 mikroelement\u0173. Ypa\u010d daug magnio, kalio, kalcio, cinko, gele\u017eies, jodo [...]","og_url":"https:\/\/tiandeproducts.co.uk\/lt\/fito-druskos-vonele-kojoms-arbatmedis-50g\/","og_site_name":"TianDe Online Shop - Beauty &amp; Health","article_publisher":"https:\/\/www.facebook.com\/tiande.products.england\/","article_modified_time":"2019-09-19T10:36:16+00:00","og_image":[{"width":700,"height":700,"url":"https:\/\/tiandeproducts.co.uk\/wp-content\/uploads\/2016\/04\/41320_new.png","type":"image\/png"}],"twitter_card":"summary_large_image","twitter_misc":{"Est. reading time":"1 minut\u0117"},"schema":{"@context":"https:\/\/schema.org","@graph":[{"@type":"WebPage","@id":"https:\/\/tiandeproducts.co.uk\/lt\/fito-druskos-vonele-kojoms-arbatmedis-50g\/","url":"https:\/\/tiandeproducts.co.uk\/lt\/fito-druskos-vonele-kojoms-arbatmedis-50g\/","name":"Fito druskos vonel\u0117 kojoms \u201eArbatmedis\u201c, 50g. - TianDe Online Shop - Beauty &amp; Health","isPartOf":{"@id":"https:\/\/tiandeproducts.co.uk\/#website"},"primaryImageOfPage":{"@id":"https:\/\/tiandeproducts.co.uk\/lt\/fito-druskos-vonele-kojoms-arbatmedis-50g\/#primaryimage"},"image":{"@id":"https:\/\/tiandeproducts.co.uk\/lt\/fito-druskos-vonele-kojoms-arbatmedis-50g\/#primaryimage"},"thumbnailUrl":"https:\/\/tiandeproducts.co.uk\/wp-content\/uploads\/2016\/04\/41320_new.png","datePublished":"2016-04-05T09:36:47+00:00","dateModified":"2019-09-19T10:36:16+00:00","breadcrumb":{"@id":"https:\/\/tiandeproducts.co.uk\/lt\/fito-druskos-vonele-kojoms-arbatmedis-50g\/#breadcrumb"},"inLanguage":"lt-LT","potentialAction":[{"@type":"ReadAction","target":["https:\/\/tiandeproducts.co.uk\/lt\/fito-druskos-vonele-kojoms-arbatmedis-50g\/"]}]},{"@type":"ImageObject","inLanguage":"lt-LT","@id":"https:\/\/tiandeproducts.co.uk\/lt\/fito-druskos-vonele-kojoms-arbatmedis-50g\/#primaryimage","url":"https:\/\/tiandeproducts.co.uk\/wp-content\/uploads\/2016\/04\/41320_new.png","contentUrl":"https:\/\/tiandeproducts.co.uk\/wp-content\/uploads\/2016\/04\/41320_new.png","width":700,"height":700,"caption":"Tea Tree Foot Phyto Salt,50g-0"},{"@type":"BreadcrumbList","@id":"https:\/\/tiandeproducts.co.uk\/lt\/fito-druskos-vonele-kojoms-arbatmedis-50g\/#breadcrumb","itemListElement":[{"@type":"ListItem","position":1,"name":"Home","item":"https:\/\/tiandeproducts.co.uk\/lt\/"},{"@type":"ListItem","position":2,"name":"Shop","item":"https:\/\/tiandeproducts.co.uk\/lt\/shop-2\/"},{"@type":"ListItem","position":3,"name":"Fito druskos vonel\u0117 kojoms \u201eArbatmedis\u201c, 50g."}]},{"@type":"WebSite","@id":"https:\/\/tiandeproducts.co.uk\/#website","url":"https:\/\/tiandeproducts.co.uk\/","name":"TianDe Online Shop - Beauty & Health","description":"Traditional Chinese Medicine","potentialAction":[{"@type":"SearchAction","target":{"@type":"EntryPoint","urlTemplate":"https:\/\/tiandeproducts.co.uk\/?s={search_term_string}"},"query-input":{"@type":"PropertyValueSpecification","valueRequired":true,"valueName":"search_term_string"}}],"inLanguage":"lt-LT"}]}},"_links":{"self":[{"href":"https:\/\/tiandeproducts.co.uk\/lt\/wp-json\/wp\/v2\/product\/3886","targetHints":{"allow":["GET"]}}],"collection":[{"href":"https:\/\/tiandeproducts.co.uk\/lt\/wp-json\/wp\/v2\/product"}],"about":[{"href":"https:\/\/tiandeproducts.co.uk\/lt\/wp-json\/wp\/v2\/types\/product"}],"replies":[{"embeddable":true,"href":"https:\/\/tiandeproducts.co.uk\/lt\/wp-json\/wp\/v2\/comments?post=3886"}],"wp:featuredmedia":[{"embeddable":true,"href":"https:\/\/tiandeproducts.co.uk\/lt\/wp-json\/wp\/v2\/media\/647"}],"wp:attachment":[{"href":"https:\/\/tiandeproducts.co.uk\/lt\/wp-json\/wp\/v2\/media?parent=3886"}],"wp:term":[{"taxonomy":"product_cat","embeddable":true,"href":"https:\/\/tiandeproducts.co.uk\/lt\/wp-json\/wp\/v2\/product_cat?post=3886"},{"taxonomy":"product_tag","embeddable":true,"href":"https:\/\/tiandeproducts.co.uk\/lt\/wp-json\/wp\/v2\/product_tag?post=3886"}],"curies":[{"name":"wp","href":"https:\/\/api.w.org\/{rel}","templated":true}]}}