{"id":3833,"date":"2019-07-21T09:56:49","date_gmt":"2019-07-21T08:56:49","guid":{"rendered":"https:\/\/tnd.ontesting.co.uk\/fito-kremas-rankoms-atsipalaidavimas-ir-drekinimas-80-g\/"},"modified":"2021-02-05T18:35:15","modified_gmt":"2021-02-05T18:35:15","slug":"fito-kremas-rankoms-atsipalaidavimas-ir-drekinimas-80-g","status":"publish","type":"product","link":"https:\/\/tiandeproducts.co.uk\/lt\/fito-kremas-rankoms-atsipalaidavimas-ir-drekinimas-80-g\/","title":{"rendered":"Fito kremas rankoms &#8222;Atsipalaidavimas ir dr\u0117kinimas&#8221; 80 g."},"content":{"rendered":"<p><img decoding=\"async\" style=\"max-width: 16px; margin-right: 5px;\" src=\"https:\/\/tiandeproducts.co.uk\/wp-content\/uploads\/points-green.svg\" \/>\u00a0Earn 5 points worth \u00a30.25 when buying this product<\/p>\n<p>\u0160is kremas bus tikras i\u0161gelb\u0117jimas pavargusioms rankoms. \u0160iuolaikin\u0117 moteris vargu ar gali atsikratyti &#8222;rankinio&#8221; darbo &#8211; net jei \u0161iuolaikiniai prietaisai visk\u0105 padarys Jums virtuv\u0117je, J\u016bs, vienaip ar kitaip, \u012ftrauksite rankas. Kompiuterio klaviat\u016bra, atliekant pratimus sal\u0117je, dirbant vasar\u0105 name, aktyvi\u0173 \u017eaidim\u0173 metu su vaikais&#8230; Labai svarbu suteikti joms tinkam\u0105 poils\u012f!<\/p>\n<p>Po ilgos dienos duokite sau ir rankoms piln\u0105 atsipalaidavimo akimirk\u0105, prie\u0161 ruo\u0161iantis miegoti, \u0161velniai masa\u017euokite, sustiprinkite kremo poveik\u012f:<br \/>\n&#8211; giliai dr\u0117kina ir mink\u0161tina rank\u0173 od\u0105;<br \/>\n&#8211; gr\u0105\u017eina odai tonus\u0105;<br \/>\n&#8211; suma\u017eina nuovarg\u012f ir diskomfort\u0105 pernelyg didel\u0117s fizin\u0117s j\u0117gos metu;<br \/>\n&#8211; palaiko rank\u0173 s\u0105nari\u0173 sveikat\u0105.<\/p>\n<p>Kremo sud\u0117tyje yra nat\u016brali\u0173 Taiga augal\u0173 ekstrakt\u0173 ir aliej\u0173, maitinan\u010di\u0173 ir dr\u0117kinan\u010di\u0173 ingredient\u0173.<\/p>\n<p><strong>Naudojimas:<\/strong> tepkite krem\u0105 ant \u0161vari\u0173 rank\u0173 odos.<\/p>\n","protected":false},"excerpt":{"rendered":"<p>\u00a0Earn 5 points worth \u00a30.25 when buying this product \u0160is kremas bus tikras i\u0161gelb\u0117jimas pavargusioms rankoms. \u0160iuolaikin\u0117 moteris vargu ar gali atsikratyti &#8222;rankinio&#8221; darbo &#8211; net jei \u0161iuolaikiniai prietaisai visk\u0105 padarys Jums virtuv\u0117je, J\u016bs, vienaip ar kitaip, \u012ftrauksite rankas. Kompiuterio klaviat\u016bra, atliekant pratimus sal\u0117je, dirbant vasar\u0105 name, aktyvi\u0173 \u017eaidim\u0173 metu su vaikais&#8230; Labai svarbu suteikti [&#8230;]\n","protected":false},"featured_media":3830,"comment_status":"closed","ping_status":"closed","template":"","meta":[],"product_cat":[497,514],"product_tag":[],"class_list":{"0":"post-3833","1":"product","2":"type-product","3":"status-publish","4":"has-post-thumbnail","6":"product_cat-kunui","7":"product_cat-ranku-prieziura","9":"first","10":"outofstock","11":"shipping-taxable","12":"purchasable","13":"product-type-simple"},"yoast_head":"<!-- This site is optimized with the Yoast SEO plugin v23.6 - https:\/\/yoast.com\/wordpress\/plugins\/seo\/ -->\n<title>Fito kremas rankoms &quot;Atsipalaidavimas ir dr\u0117kinimas&quot; 80 g. - TianDe Online Shop - Beauty &amp; Health<\/title>\n<meta name=\"robots\" content=\"index, follow, max-snippet:-1, max-image-preview:large, max-video-preview:-1\" \/>\n<link rel=\"canonical\" href=\"https:\/\/tiandeproducts.co.uk\/lt\/fito-kremas-rankoms-atsipalaidavimas-ir-drekinimas-80-g\/\" \/>\n<meta property=\"og:locale\" content=\"lt_LT\" \/>\n<meta property=\"og:type\" content=\"article\" \/>\n<meta property=\"og:title\" content=\"Fito kremas rankoms &quot;Atsipalaidavimas ir dr\u0117kinimas&quot; 80 g. - TianDe Online Shop - Beauty &amp; Health\" \/>\n<meta property=\"og:description\" content=\"\u00a0Earn 5 points worth \u00a30.25 when buying this product \u0160is kremas bus tikras i\u0161gelb\u0117jimas pavargusioms rankoms. \u0160iuolaikin\u0117 moteris vargu ar gali atsikratyti &#8222;rankinio&#8221; darbo &#8211; net jei \u0161iuolaikiniai prietaisai visk\u0105 padarys Jums virtuv\u0117je, J\u016bs, vienaip ar kitaip, \u012ftrauksite rankas. Kompiuterio klaviat\u016bra, atliekant pratimus sal\u0117je, dirbant vasar\u0105 name, aktyvi\u0173 \u017eaidim\u0173 metu su vaikais&#8230; Labai svarbu suteikti [...]\" \/>\n<meta property=\"og:url\" content=\"https:\/\/tiandeproducts.co.uk\/lt\/fito-kremas-rankoms-atsipalaidavimas-ir-drekinimas-80-g\/\" \/>\n<meta property=\"og:site_name\" content=\"TianDe Online Shop - Beauty &amp; Health\" \/>\n<meta property=\"article:publisher\" content=\"https:\/\/www.facebook.com\/tiande.products.england\/\" \/>\n<meta property=\"article:modified_time\" content=\"2021-02-05T18:35:15+00:00\" \/>\n<meta property=\"og:image\" content=\"https:\/\/tiandeproducts.co.uk\/wp-content\/uploads\/45908.png\" \/>\n\t<meta property=\"og:image:width\" content=\"700\" \/>\n\t<meta property=\"og:image:height\" content=\"700\" \/>\n\t<meta property=\"og:image:type\" content=\"image\/png\" \/>\n<meta name=\"twitter:card\" content=\"summary_large_image\" \/>\n<meta name=\"twitter:label1\" content=\"Est. reading time\" \/>\n\t<meta name=\"twitter:data1\" content=\"1 minut\u0117\" \/>\n<script type=\"application\/ld+json\" class=\"yoast-schema-graph\">{\"@context\":\"https:\/\/schema.org\",\"@graph\":[{\"@type\":\"WebPage\",\"@id\":\"https:\/\/tiandeproducts.co.uk\/lt\/fito-kremas-rankoms-atsipalaidavimas-ir-drekinimas-80-g\/\",\"url\":\"https:\/\/tiandeproducts.co.uk\/lt\/fito-kremas-rankoms-atsipalaidavimas-ir-drekinimas-80-g\/\",\"name\":\"Fito kremas rankoms \\\"Atsipalaidavimas ir dr\u0117kinimas\\\" 80 g. - TianDe Online Shop - Beauty &amp; Health\",\"isPartOf\":{\"@id\":\"https:\/\/tiandeproducts.co.uk\/#website\"},\"primaryImageOfPage\":{\"@id\":\"https:\/\/tiandeproducts.co.uk\/lt\/fito-kremas-rankoms-atsipalaidavimas-ir-drekinimas-80-g\/#primaryimage\"},\"image\":{\"@id\":\"https:\/\/tiandeproducts.co.uk\/lt\/fito-kremas-rankoms-atsipalaidavimas-ir-drekinimas-80-g\/#primaryimage\"},\"thumbnailUrl\":\"https:\/\/tiandeproducts.co.uk\/wp-content\/uploads\/45908.png\",\"datePublished\":\"2019-07-21T08:56:49+00:00\",\"dateModified\":\"2021-02-05T18:35:15+00:00\",\"breadcrumb\":{\"@id\":\"https:\/\/tiandeproducts.co.uk\/lt\/fito-kremas-rankoms-atsipalaidavimas-ir-drekinimas-80-g\/#breadcrumb\"},\"inLanguage\":\"lt-LT\",\"potentialAction\":[{\"@type\":\"ReadAction\",\"target\":[\"https:\/\/tiandeproducts.co.uk\/lt\/fito-kremas-rankoms-atsipalaidavimas-ir-drekinimas-80-g\/\"]}]},{\"@type\":\"ImageObject\",\"inLanguage\":\"lt-LT\",\"@id\":\"https:\/\/tiandeproducts.co.uk\/lt\/fito-kremas-rankoms-atsipalaidavimas-ir-drekinimas-80-g\/#primaryimage\",\"url\":\"https:\/\/tiandeproducts.co.uk\/wp-content\/uploads\/45908.png\",\"contentUrl\":\"https:\/\/tiandeproducts.co.uk\/wp-content\/uploads\/45908.png\",\"width\":700,\"height\":700},{\"@type\":\"BreadcrumbList\",\"@id\":\"https:\/\/tiandeproducts.co.uk\/lt\/fito-kremas-rankoms-atsipalaidavimas-ir-drekinimas-80-g\/#breadcrumb\",\"itemListElement\":[{\"@type\":\"ListItem\",\"position\":1,\"name\":\"Home\",\"item\":\"https:\/\/tiandeproducts.co.uk\/lt\/\"},{\"@type\":\"ListItem\",\"position\":2,\"name\":\"Shop\",\"item\":\"https:\/\/tiandeproducts.co.uk\/lt\/shop-2\/\"},{\"@type\":\"ListItem\",\"position\":3,\"name\":\"Fito kremas rankoms &#8220;Atsipalaidavimas ir dr\u0117kinimas&#8221; 80 g.\"}]},{\"@type\":\"WebSite\",\"@id\":\"https:\/\/tiandeproducts.co.uk\/#website\",\"url\":\"https:\/\/tiandeproducts.co.uk\/\",\"name\":\"TianDe Online Shop - Beauty & Health\",\"description\":\"Traditional Chinese Medicine\",\"potentialAction\":[{\"@type\":\"SearchAction\",\"target\":{\"@type\":\"EntryPoint\",\"urlTemplate\":\"https:\/\/tiandeproducts.co.uk\/?s={search_term_string}\"},\"query-input\":{\"@type\":\"PropertyValueSpecification\",\"valueRequired\":true,\"valueName\":\"search_term_string\"}}],\"inLanguage\":\"lt-LT\"}]}<\/script>\n<!-- \/ Yoast SEO plugin. -->","yoast_head_json":{"title":"Fito kremas rankoms \"Atsipalaidavimas ir dr\u0117kinimas\" 80 g. - TianDe Online Shop - Beauty &amp; Health","robots":{"index":"index","follow":"follow","max-snippet":"max-snippet:-1","max-image-preview":"max-image-preview:large","max-video-preview":"max-video-preview:-1"},"canonical":"https:\/\/tiandeproducts.co.uk\/lt\/fito-kremas-rankoms-atsipalaidavimas-ir-drekinimas-80-g\/","og_locale":"lt_LT","og_type":"article","og_title":"Fito kremas rankoms \"Atsipalaidavimas ir dr\u0117kinimas\" 80 g. - TianDe Online Shop - Beauty &amp; Health","og_description":"\u00a0Earn 5 points worth \u00a30.25 when buying this product \u0160is kremas bus tikras i\u0161gelb\u0117jimas pavargusioms rankoms. \u0160iuolaikin\u0117 moteris vargu ar gali atsikratyti &#8222;rankinio&#8221; darbo &#8211; net jei \u0161iuolaikiniai prietaisai visk\u0105 padarys Jums virtuv\u0117je, J\u016bs, vienaip ar kitaip, \u012ftrauksite rankas. Kompiuterio klaviat\u016bra, atliekant pratimus sal\u0117je, dirbant vasar\u0105 name, aktyvi\u0173 \u017eaidim\u0173 metu su vaikais&#8230; Labai svarbu suteikti [...]","og_url":"https:\/\/tiandeproducts.co.uk\/lt\/fito-kremas-rankoms-atsipalaidavimas-ir-drekinimas-80-g\/","og_site_name":"TianDe Online Shop - Beauty &amp; Health","article_publisher":"https:\/\/www.facebook.com\/tiande.products.england\/","article_modified_time":"2021-02-05T18:35:15+00:00","og_image":[{"width":700,"height":700,"url":"https:\/\/tiandeproducts.co.uk\/wp-content\/uploads\/45908.png","type":"image\/png"}],"twitter_card":"summary_large_image","twitter_misc":{"Est. reading time":"1 minut\u0117"},"schema":{"@context":"https:\/\/schema.org","@graph":[{"@type":"WebPage","@id":"https:\/\/tiandeproducts.co.uk\/lt\/fito-kremas-rankoms-atsipalaidavimas-ir-drekinimas-80-g\/","url":"https:\/\/tiandeproducts.co.uk\/lt\/fito-kremas-rankoms-atsipalaidavimas-ir-drekinimas-80-g\/","name":"Fito kremas rankoms \"Atsipalaidavimas ir dr\u0117kinimas\" 80 g. - TianDe Online Shop - Beauty &amp; Health","isPartOf":{"@id":"https:\/\/tiandeproducts.co.uk\/#website"},"primaryImageOfPage":{"@id":"https:\/\/tiandeproducts.co.uk\/lt\/fito-kremas-rankoms-atsipalaidavimas-ir-drekinimas-80-g\/#primaryimage"},"image":{"@id":"https:\/\/tiandeproducts.co.uk\/lt\/fito-kremas-rankoms-atsipalaidavimas-ir-drekinimas-80-g\/#primaryimage"},"thumbnailUrl":"https:\/\/tiandeproducts.co.uk\/wp-content\/uploads\/45908.png","datePublished":"2019-07-21T08:56:49+00:00","dateModified":"2021-02-05T18:35:15+00:00","breadcrumb":{"@id":"https:\/\/tiandeproducts.co.uk\/lt\/fito-kremas-rankoms-atsipalaidavimas-ir-drekinimas-80-g\/#breadcrumb"},"inLanguage":"lt-LT","potentialAction":[{"@type":"ReadAction","target":["https:\/\/tiandeproducts.co.uk\/lt\/fito-kremas-rankoms-atsipalaidavimas-ir-drekinimas-80-g\/"]}]},{"@type":"ImageObject","inLanguage":"lt-LT","@id":"https:\/\/tiandeproducts.co.uk\/lt\/fito-kremas-rankoms-atsipalaidavimas-ir-drekinimas-80-g\/#primaryimage","url":"https:\/\/tiandeproducts.co.uk\/wp-content\/uploads\/45908.png","contentUrl":"https:\/\/tiandeproducts.co.uk\/wp-content\/uploads\/45908.png","width":700,"height":700},{"@type":"BreadcrumbList","@id":"https:\/\/tiandeproducts.co.uk\/lt\/fito-kremas-rankoms-atsipalaidavimas-ir-drekinimas-80-g\/#breadcrumb","itemListElement":[{"@type":"ListItem","position":1,"name":"Home","item":"https:\/\/tiandeproducts.co.uk\/lt\/"},{"@type":"ListItem","position":2,"name":"Shop","item":"https:\/\/tiandeproducts.co.uk\/lt\/shop-2\/"},{"@type":"ListItem","position":3,"name":"Fito kremas rankoms &#8220;Atsipalaidavimas ir dr\u0117kinimas&#8221; 80 g."}]},{"@type":"WebSite","@id":"https:\/\/tiandeproducts.co.uk\/#website","url":"https:\/\/tiandeproducts.co.uk\/","name":"TianDe Online Shop - Beauty & Health","description":"Traditional Chinese Medicine","potentialAction":[{"@type":"SearchAction","target":{"@type":"EntryPoint","urlTemplate":"https:\/\/tiandeproducts.co.uk\/?s={search_term_string}"},"query-input":{"@type":"PropertyValueSpecification","valueRequired":true,"valueName":"search_term_string"}}],"inLanguage":"lt-LT"}]}},"_links":{"self":[{"href":"https:\/\/tiandeproducts.co.uk\/lt\/wp-json\/wp\/v2\/product\/3833","targetHints":{"allow":["GET"]}}],"collection":[{"href":"https:\/\/tiandeproducts.co.uk\/lt\/wp-json\/wp\/v2\/product"}],"about":[{"href":"https:\/\/tiandeproducts.co.uk\/lt\/wp-json\/wp\/v2\/types\/product"}],"replies":[{"embeddable":true,"href":"https:\/\/tiandeproducts.co.uk\/lt\/wp-json\/wp\/v2\/comments?post=3833"}],"wp:featuredmedia":[{"embeddable":true,"href":"https:\/\/tiandeproducts.co.uk\/lt\/wp-json\/wp\/v2\/media\/3830"}],"wp:attachment":[{"href":"https:\/\/tiandeproducts.co.uk\/lt\/wp-json\/wp\/v2\/media?parent=3833"}],"wp:term":[{"taxonomy":"product_cat","embeddable":true,"href":"https:\/\/tiandeproducts.co.uk\/lt\/wp-json\/wp\/v2\/product_cat?post=3833"},{"taxonomy":"product_tag","embeddable":true,"href":"https:\/\/tiandeproducts.co.uk\/lt\/wp-json\/wp\/v2\/product_tag?post=3833"}],"curies":[{"name":"wp","href":"https:\/\/api.w.org\/{rel}","templated":true}]}}