{"id":3827,"date":"2019-07-17T20:35:47","date_gmt":"2019-07-17T19:35:47","guid":{"rendered":"https:\/\/tnd.ontesting.co.uk\/kremas-rankoms-svelnus-edelveisas-75-ml\/"},"modified":"2021-02-05T18:47:57","modified_gmt":"2021-02-05T18:47:57","slug":"kremas-rankoms-svelnus-edelveisas-75-ml","status":"publish","type":"product","link":"https:\/\/tiandeproducts.co.uk\/lt\/kremas-rankoms-svelnus-edelveisas-75-ml\/","title":{"rendered":"Kremas rankoms &#8222;\u0160velnus Edelveisas&#8221; 75 ml."},"content":{"rendered":"<p><img decoding=\"async\" style=\"max-width: 16px; margin-right: 5px;\" src=\"https:\/\/tiandeproducts.co.uk\/wp-content\/uploads\/points-green.svg\" \/>\u00a0Earn 4 points worth \u00a30.20 when buying this product<\/p>\n<p>Puikus maniki\u016bras, nepriekai\u0161tinga rank\u0173 oda &#8211; tai vienas i\u0161 svarbiausi\u0173 s\u0117kmingos moters atribut\u0173. Kremas rankoms &#8222;\u0160velnus Edelveisas&#8221; &#8211; atradimas J\u016bs\u0173 sausai rank\u0173 odai, linkusiai \u0161erpetoti.<br \/>\nAktyvus ir prabangus ingredientas edelveisas suteikia neprilygstam\u0105 efekt\u0105! Su kiekviena diena J\u016bs\u0173 rankos taps mink\u0161tesn\u0117s ir \u0161velnesn\u0117s. Kremas apsaugo od\u0105 nuo laisv\u0173j\u0173 radikal\u0173, stimuliuoja atsinaujinim\u0105 ir i\u0161laiko dr\u0117gm\u0119 odoje, apsaugo nuo saus\u0117jimo ir \u0161erpetojimo.<\/p>\n<div class=\"_1mf _1mj\" data-offset-key=\"c5vva-0-0\"><span data-offset-key=\"3ijom-0-0\"><strong>Naudojimas:<\/strong> u\u017etepkite pakankamai kremo ant \u0161varios rank\u0173 odos, \u012fmasa\u017euokite, naudokite ryte ir vakare. Rekomenduojama naudoti krem\u0105 po kiekvieno rank\u0173 plovimo.<\/span><\/div>\n","protected":false},"excerpt":{"rendered":"<p>\u00a0Earn 4 points worth \u00a30.20 when buying this product Puikus maniki\u016bras, nepriekai\u0161tinga rank\u0173 oda &#8211; tai vienas i\u0161 svarbiausi\u0173 s\u0117kmingos moters atribut\u0173. Kremas rankoms &#8222;\u0160velnus Edelveisas&#8221; &#8211; atradimas J\u016bs\u0173 sausai rank\u0173 odai, linkusiai \u0161erpetoti. Aktyvus ir prabangus ingredientas edelveisas suteikia neprilygstam\u0105 efekt\u0105! Su kiekviena diena J\u016bs\u0173 rankos taps mink\u0161tesn\u0117s ir \u0161velnesn\u0117s. Kremas apsaugo od\u0105 nuo [&#8230;]\n","protected":false},"featured_media":3247,"comment_status":"closed","ping_status":"closed","template":"","meta":[],"product_cat":[497,514],"product_tag":[],"class_list":{"0":"post-3827","1":"product","2":"type-product","3":"status-publish","4":"has-post-thumbnail","6":"product_cat-kunui","7":"product_cat-ranku-prieziura","9":"first","10":"outofstock","11":"shipping-taxable","12":"purchasable","13":"product-type-simple"},"yoast_head":"<!-- This site is optimized with the Yoast SEO plugin v23.6 - https:\/\/yoast.com\/wordpress\/plugins\/seo\/ -->\n<title>Kremas rankoms &quot;\u0160velnus Edelveisas&quot; 75 ml. - TianDe Online Shop - Beauty &amp; Health<\/title>\n<meta name=\"robots\" content=\"index, follow, max-snippet:-1, max-image-preview:large, max-video-preview:-1\" \/>\n<link rel=\"canonical\" href=\"https:\/\/tiandeproducts.co.uk\/lt\/kremas-rankoms-svelnus-edelveisas-75-ml\/\" \/>\n<meta property=\"og:locale\" content=\"lt_LT\" \/>\n<meta property=\"og:type\" content=\"article\" \/>\n<meta property=\"og:title\" content=\"Kremas rankoms &quot;\u0160velnus Edelveisas&quot; 75 ml. - TianDe Online Shop - Beauty &amp; Health\" \/>\n<meta property=\"og:description\" content=\"\u00a0Earn 4 points worth \u00a30.20 when buying this product Puikus maniki\u016bras, nepriekai\u0161tinga rank\u0173 oda &#8211; tai vienas i\u0161 svarbiausi\u0173 s\u0117kmingos moters atribut\u0173. Kremas rankoms &#8222;\u0160velnus Edelveisas&#8221; &#8211; atradimas J\u016bs\u0173 sausai rank\u0173 odai, linkusiai \u0161erpetoti. Aktyvus ir prabangus ingredientas edelveisas suteikia neprilygstam\u0105 efekt\u0105! Su kiekviena diena J\u016bs\u0173 rankos taps mink\u0161tesn\u0117s ir \u0161velnesn\u0117s. Kremas apsaugo od\u0105 nuo [...]\" \/>\n<meta property=\"og:url\" content=\"https:\/\/tiandeproducts.co.uk\/lt\/kremas-rankoms-svelnus-edelveisas-75-ml\/\" \/>\n<meta property=\"og:site_name\" content=\"TianDe Online Shop - Beauty &amp; Health\" \/>\n<meta property=\"article:publisher\" content=\"https:\/\/www.facebook.com\/tiande.products.england\/\" \/>\n<meta property=\"article:modified_time\" content=\"2021-02-05T18:47:57+00:00\" \/>\n<meta property=\"og:image\" content=\"https:\/\/tiandeproducts.co.uk\/wp-content\/uploads\/40115.png\" \/>\n\t<meta property=\"og:image:width\" content=\"569\" \/>\n\t<meta property=\"og:image:height\" content=\"569\" \/>\n\t<meta property=\"og:image:type\" content=\"image\/png\" \/>\n<meta name=\"twitter:card\" content=\"summary_large_image\" \/>\n<meta name=\"twitter:label1\" content=\"Est. reading time\" \/>\n\t<meta name=\"twitter:data1\" content=\"1 minut\u0117\" \/>\n<script type=\"application\/ld+json\" class=\"yoast-schema-graph\">{\"@context\":\"https:\/\/schema.org\",\"@graph\":[{\"@type\":\"WebPage\",\"@id\":\"https:\/\/tiandeproducts.co.uk\/lt\/kremas-rankoms-svelnus-edelveisas-75-ml\/\",\"url\":\"https:\/\/tiandeproducts.co.uk\/lt\/kremas-rankoms-svelnus-edelveisas-75-ml\/\",\"name\":\"Kremas rankoms \\\"\u0160velnus Edelveisas\\\" 75 ml. - TianDe Online Shop - Beauty &amp; Health\",\"isPartOf\":{\"@id\":\"https:\/\/tiandeproducts.co.uk\/#website\"},\"primaryImageOfPage\":{\"@id\":\"https:\/\/tiandeproducts.co.uk\/lt\/kremas-rankoms-svelnus-edelveisas-75-ml\/#primaryimage\"},\"image\":{\"@id\":\"https:\/\/tiandeproducts.co.uk\/lt\/kremas-rankoms-svelnus-edelveisas-75-ml\/#primaryimage\"},\"thumbnailUrl\":\"https:\/\/tiandeproducts.co.uk\/wp-content\/uploads\/40115.png\",\"datePublished\":\"2019-07-17T19:35:47+00:00\",\"dateModified\":\"2021-02-05T18:47:57+00:00\",\"breadcrumb\":{\"@id\":\"https:\/\/tiandeproducts.co.uk\/lt\/kremas-rankoms-svelnus-edelveisas-75-ml\/#breadcrumb\"},\"inLanguage\":\"lt-LT\",\"potentialAction\":[{\"@type\":\"ReadAction\",\"target\":[\"https:\/\/tiandeproducts.co.uk\/lt\/kremas-rankoms-svelnus-edelveisas-75-ml\/\"]}]},{\"@type\":\"ImageObject\",\"inLanguage\":\"lt-LT\",\"@id\":\"https:\/\/tiandeproducts.co.uk\/lt\/kremas-rankoms-svelnus-edelveisas-75-ml\/#primaryimage\",\"url\":\"https:\/\/tiandeproducts.co.uk\/wp-content\/uploads\/40115.png\",\"contentUrl\":\"https:\/\/tiandeproducts.co.uk\/wp-content\/uploads\/40115.png\",\"width\":569,\"height\":569},{\"@type\":\"BreadcrumbList\",\"@id\":\"https:\/\/tiandeproducts.co.uk\/lt\/kremas-rankoms-svelnus-edelveisas-75-ml\/#breadcrumb\",\"itemListElement\":[{\"@type\":\"ListItem\",\"position\":1,\"name\":\"Home\",\"item\":\"https:\/\/tiandeproducts.co.uk\/lt\/\"},{\"@type\":\"ListItem\",\"position\":2,\"name\":\"Shop\",\"item\":\"https:\/\/tiandeproducts.co.uk\/lt\/shop-2\/\"},{\"@type\":\"ListItem\",\"position\":3,\"name\":\"Kremas rankoms &#8220;\u0160velnus Edelveisas&#8221; 75 ml.\"}]},{\"@type\":\"WebSite\",\"@id\":\"https:\/\/tiandeproducts.co.uk\/#website\",\"url\":\"https:\/\/tiandeproducts.co.uk\/\",\"name\":\"TianDe Online Shop - Beauty & Health\",\"description\":\"Traditional Chinese Medicine\",\"potentialAction\":[{\"@type\":\"SearchAction\",\"target\":{\"@type\":\"EntryPoint\",\"urlTemplate\":\"https:\/\/tiandeproducts.co.uk\/?s={search_term_string}\"},\"query-input\":{\"@type\":\"PropertyValueSpecification\",\"valueRequired\":true,\"valueName\":\"search_term_string\"}}],\"inLanguage\":\"lt-LT\"}]}<\/script>\n<!-- \/ Yoast SEO plugin. -->","yoast_head_json":{"title":"Kremas rankoms \"\u0160velnus Edelveisas\" 75 ml. - TianDe Online Shop - Beauty &amp; Health","robots":{"index":"index","follow":"follow","max-snippet":"max-snippet:-1","max-image-preview":"max-image-preview:large","max-video-preview":"max-video-preview:-1"},"canonical":"https:\/\/tiandeproducts.co.uk\/lt\/kremas-rankoms-svelnus-edelveisas-75-ml\/","og_locale":"lt_LT","og_type":"article","og_title":"Kremas rankoms \"\u0160velnus Edelveisas\" 75 ml. - TianDe Online Shop - Beauty &amp; Health","og_description":"\u00a0Earn 4 points worth \u00a30.20 when buying this product Puikus maniki\u016bras, nepriekai\u0161tinga rank\u0173 oda &#8211; tai vienas i\u0161 svarbiausi\u0173 s\u0117kmingos moters atribut\u0173. Kremas rankoms &#8222;\u0160velnus Edelveisas&#8221; &#8211; atradimas J\u016bs\u0173 sausai rank\u0173 odai, linkusiai \u0161erpetoti. Aktyvus ir prabangus ingredientas edelveisas suteikia neprilygstam\u0105 efekt\u0105! Su kiekviena diena J\u016bs\u0173 rankos taps mink\u0161tesn\u0117s ir \u0161velnesn\u0117s. Kremas apsaugo od\u0105 nuo [...]","og_url":"https:\/\/tiandeproducts.co.uk\/lt\/kremas-rankoms-svelnus-edelveisas-75-ml\/","og_site_name":"TianDe Online Shop - Beauty &amp; Health","article_publisher":"https:\/\/www.facebook.com\/tiande.products.england\/","article_modified_time":"2021-02-05T18:47:57+00:00","og_image":[{"width":569,"height":569,"url":"https:\/\/tiandeproducts.co.uk\/wp-content\/uploads\/40115.png","type":"image\/png"}],"twitter_card":"summary_large_image","twitter_misc":{"Est. reading time":"1 minut\u0117"},"schema":{"@context":"https:\/\/schema.org","@graph":[{"@type":"WebPage","@id":"https:\/\/tiandeproducts.co.uk\/lt\/kremas-rankoms-svelnus-edelveisas-75-ml\/","url":"https:\/\/tiandeproducts.co.uk\/lt\/kremas-rankoms-svelnus-edelveisas-75-ml\/","name":"Kremas rankoms \"\u0160velnus Edelveisas\" 75 ml. - TianDe Online Shop - Beauty &amp; Health","isPartOf":{"@id":"https:\/\/tiandeproducts.co.uk\/#website"},"primaryImageOfPage":{"@id":"https:\/\/tiandeproducts.co.uk\/lt\/kremas-rankoms-svelnus-edelveisas-75-ml\/#primaryimage"},"image":{"@id":"https:\/\/tiandeproducts.co.uk\/lt\/kremas-rankoms-svelnus-edelveisas-75-ml\/#primaryimage"},"thumbnailUrl":"https:\/\/tiandeproducts.co.uk\/wp-content\/uploads\/40115.png","datePublished":"2019-07-17T19:35:47+00:00","dateModified":"2021-02-05T18:47:57+00:00","breadcrumb":{"@id":"https:\/\/tiandeproducts.co.uk\/lt\/kremas-rankoms-svelnus-edelveisas-75-ml\/#breadcrumb"},"inLanguage":"lt-LT","potentialAction":[{"@type":"ReadAction","target":["https:\/\/tiandeproducts.co.uk\/lt\/kremas-rankoms-svelnus-edelveisas-75-ml\/"]}]},{"@type":"ImageObject","inLanguage":"lt-LT","@id":"https:\/\/tiandeproducts.co.uk\/lt\/kremas-rankoms-svelnus-edelveisas-75-ml\/#primaryimage","url":"https:\/\/tiandeproducts.co.uk\/wp-content\/uploads\/40115.png","contentUrl":"https:\/\/tiandeproducts.co.uk\/wp-content\/uploads\/40115.png","width":569,"height":569},{"@type":"BreadcrumbList","@id":"https:\/\/tiandeproducts.co.uk\/lt\/kremas-rankoms-svelnus-edelveisas-75-ml\/#breadcrumb","itemListElement":[{"@type":"ListItem","position":1,"name":"Home","item":"https:\/\/tiandeproducts.co.uk\/lt\/"},{"@type":"ListItem","position":2,"name":"Shop","item":"https:\/\/tiandeproducts.co.uk\/lt\/shop-2\/"},{"@type":"ListItem","position":3,"name":"Kremas rankoms &#8220;\u0160velnus Edelveisas&#8221; 75 ml."}]},{"@type":"WebSite","@id":"https:\/\/tiandeproducts.co.uk\/#website","url":"https:\/\/tiandeproducts.co.uk\/","name":"TianDe Online Shop - Beauty & Health","description":"Traditional Chinese Medicine","potentialAction":[{"@type":"SearchAction","target":{"@type":"EntryPoint","urlTemplate":"https:\/\/tiandeproducts.co.uk\/?s={search_term_string}"},"query-input":{"@type":"PropertyValueSpecification","valueRequired":true,"valueName":"search_term_string"}}],"inLanguage":"lt-LT"}]}},"_links":{"self":[{"href":"https:\/\/tiandeproducts.co.uk\/lt\/wp-json\/wp\/v2\/product\/3827","targetHints":{"allow":["GET"]}}],"collection":[{"href":"https:\/\/tiandeproducts.co.uk\/lt\/wp-json\/wp\/v2\/product"}],"about":[{"href":"https:\/\/tiandeproducts.co.uk\/lt\/wp-json\/wp\/v2\/types\/product"}],"replies":[{"embeddable":true,"href":"https:\/\/tiandeproducts.co.uk\/lt\/wp-json\/wp\/v2\/comments?post=3827"}],"wp:featuredmedia":[{"embeddable":true,"href":"https:\/\/tiandeproducts.co.uk\/lt\/wp-json\/wp\/v2\/media\/3247"}],"wp:attachment":[{"href":"https:\/\/tiandeproducts.co.uk\/lt\/wp-json\/wp\/v2\/media?parent=3827"}],"wp:term":[{"taxonomy":"product_cat","embeddable":true,"href":"https:\/\/tiandeproducts.co.uk\/lt\/wp-json\/wp\/v2\/product_cat?post=3827"},{"taxonomy":"product_tag","embeddable":true,"href":"https:\/\/tiandeproducts.co.uk\/lt\/wp-json\/wp\/v2\/product_tag?post=3827"}],"curies":[{"name":"wp","href":"https:\/\/api.w.org\/{rel}","templated":true}]}}