{"id":3826,"date":"2017-07-24T10:43:50","date_gmt":"2017-07-24T09:43:50","guid":{"rendered":"https:\/\/tnd.ontesting.co.uk\/balzamas-nuo-ivairiu-odos-pazeidimu-talismanas-8g\/"},"modified":"2023-02-09T09:52:38","modified_gmt":"2023-02-09T09:52:38","slug":"balzamas-nuo-ivairiu-odos-pazeidimu-talismanas-8g","status":"publish","type":"product","link":"https:\/\/tiandeproducts.co.uk\/lt\/balzamas-nuo-ivairiu-odos-pazeidimu-talismanas-8g\/","title":{"rendered":"Balzamas nuo \u012fvairi\u0173 odos pa\u017eeidim\u0173 \u201eTalismanas\u201c, 8g."},"content":{"rendered":"<p><img decoding=\"async\" style=\"max-width: 16px; margin-right: 5px;\" src=\"https:\/\/tiandeproducts.co.uk\/wp-content\/uploads\/points-green.svg\" \/>\u00a0Earn 2 points worth \u00a30.10 when buying this product<\/p>\n<p>Puiki priemon\u0117 skirta skubiai pagalbai esant patiems \u012fvairiausiems odos pa\u017eeidimams: vabzd\u017ei\u0173 \u012fkandimams, nudegimams (taip pat ir saul\u0117s), odos paraudimams ir sudirgimams, \u012fbr\u0117\u017eimams (po skutimosi) ir nubrozdinimams. Sud\u0117tyje esantis aktyvi\u0173 komponent\u0173 kompleksas greitai nuramina od\u0105, apsaugo pa\u017eeistas odos vietas, suma\u017eina nie\u017e\u0117jim\u0105 ir paraudimus, veikia antisepti\u0161kai ir antibakteri\u0161kai, efektyviai pagreitina \u017eaizd\u0173 gijimo ir odos regeneracijos procesus, gausiai maitina ir dr\u0117kina.<\/p>\n<p>Balzamas greitai \u012fsigeria palikdamas ant odos lengv\u0105 pl\u0117vel\u0119 \u2013 apsaugin\u012f barjer\u0105, kuris saugo pa\u017eeist\u0105 od\u0105 nuo bakterij\u0173, padeda j\u0105 grei\u010diau atstatyti ir neleid\u017eia susiformuoti randams. Balzamas yra bespalv\u0117s konsistensijos gelis, nepalieka p\u0117dsak\u0173 ant r\u016bb\u0173,\u00a0pakuot\u0117 yra kompakti\u0161ka, lengvai telpa rankin\u0117je, kosmetin\u0117je, vaistin\u0117l\u0117je ar automobilio d\u0117tuv\u0117je.\u00a0Sud\u0117tyje n\u0117ra kvapikli\u0173, da\u017eikli\u0173 ir paraben\u0173,\u00a0turi malon\u0173 nat\u016bral\u0173 \u017eoleli\u0173 aromat\u0105.<\/p>\n<p><strong>AUGALINI\u0172 EKSTRAKT\u0172 KOMPLEKSAS:<\/strong><\/p>\n<p><strong>Rozmarino lap\u0173 ekstraktas\u00a0<\/strong>labai vertingas antioksidantas, kuris slopina u\u017edegimus ir turi antimikrobini\u0173 savybi\u0173. Rozmarino lap\u0173 ekstraktas gerina odos kraujo apykait\u0105, tonizuoja.\u00a0Aktyviosios med\u017eiagos stabdo bakterij\u0173 dauginim\u0105si, u\u017ekerta keli\u0105 u\u017edegiminiams procesams ar nie\u017euliui atsirasti.<\/p>\n<p><strong>Alavijo ekstraktas\u00a0<\/strong>vienas i\u0161 pa\u010di\u0173 efektyviausi\u0173\u00a0nat\u016brali\u0173 odos dr\u0117kikli\u0173, puikus antiseptikas, prie\u0161u\u017edegiminis preparatas ir UV spinduli\u0173 filtras (ramina saul\u0117s sudirgint\u0105 od\u0105). Aktyviosios med\u017eiagos pasi\u017eymi antibakteriniu veikimu, skatina regeneracijos procesus, suteikia elastingumo, lygina smulkias rauk\u0161leles.<\/p>\n<p><strong>Europini\u0173 k\u0117ni\u0173 spygli\u0173 ekstraktas<\/strong>\u00a0atstato jungiam\u0105j\u012f audin\u012f, ypatingai veiksmingas esant kremzli\u0173 pa\u017eeidimams, u\u017edegiminiams procesams, stipriai pagerina kraujo ir limfos mikrocirkuliacij\u0105 s\u0105nariuose. Ekstraktas turi antiseptini\u0173, baktericidini\u0173, nuskausminam\u0173j\u0173 s\u0105vybi\u0173, efektyviai ma\u017eina pabrinkimus.<\/p>\n<p><em>NAT\u016aRALI\u0172 ALIEJ\u0172 KOMPLEKSAS:<\/em><\/p>\n<p><strong>Arbatmed\u017ei\u0173 aliejus<\/strong>\u00a0(pra\u017eangialapi\u0173 mirteni\u0173 lap\u0173 aliejus) &#8211; efektyvus mink\u0161tiklis, pasi\u017eymi prie\u0161u\u017edegimin\u0117mis, antiseptin\u0117mis, apsaugin\u0117mis savyb\u0117mis. Arbatmed\u017ei\u0173 aliejus skatina odos atsinaujinim\u0105, nesukeldamas \u0161alutinio poveikio sveikam audiniui, ypa\u010d naudingas esant infekcijoms, u\u017edegimams, grybeliniams susirgimams.<\/p>\n<p><strong>Eukalipto lap\u0173 aliejus<\/strong>\u00a0pasi\u017eymi gana stipriomis antibakterin\u0117mis, antivirusin\u0117mis ir prie\u0161u\u017edegimin\u0117mis savyb\u0117mis, stiprina imunitet\u0105, turi skausm\u0105 mal\u0161inan\u010di\u0173 savybi\u0173 esant traumoms, raumen\u0173 skausmams, reumatizmui.<\/p>\n<p><strong>Gvazdik\u0117li\u0173 pumpur\u0173 aliejus<\/strong>\u00a0pasi\u017eymi dideliu antibakteriniu ir prie\u0161virusiniu aktyvumu, gerina kraujotak\u0105, imunitet\u0105, sugr\u0105\u017eina raumenims ir s\u0105nariams lengvumo poj\u016bt\u012f. Aliejus padeda sergant artritu, reumatu, patempus rai\u0161\u010dius, esant \u012fvairiems sumu\u0161imams ar skausmams.<\/p>\n<p><strong>Eterinis m\u0117t\u0173 aliejus<\/strong>\u00a0ramina ir maloniai \u0161aldo od\u0105, nuima odos nie\u017eul\u012f, s\u0117kmingai kovoja su mikrobais.<\/p>\n<p><em>ODOS ATK\u016aRIMO KOMPLEKSAS:<\/em><\/p>\n<p><strong>Propolio (bi\u010di\u0173 pikio)\u00a0ekstraktas<\/strong>\u00a0intensyviai maitina ir regeneruoja od\u0105, padeda atkurti apsaugin\u012f odos lipidin\u012f sluoksn\u012f, gerina jos med\u017eiag\u0173 apykait\u0105, apsaugo nuo rauk\u0161li\u0173 atsiradimo. Med\u017eiaga pasi\u017eymi raminan\u010diu, sutraukian\u010diu, apsauginiu poveikiu odai.<\/p>\n<p>Bi\u010di\u0173 pikyje gausu flavanoid\u0173, organini\u0173 r\u016bg\u0161\u010di\u0173, mineralini\u0173 med\u017eiag\u0173: fosforo, cinko, nikelio, kobalto, kalcio, kalio, sieros, vario, natrio, gele\u017eies, magnio, mangano; vitamin\u0173: A, C, E, Bp B2, B6. Jame yra ir aminor\u016bg\u0161\u010di\u0173, i\u0161 kuri\u0173 svarbiausios &#8211; alaninas, histidinas, triptofanas, leucinas, lizinas, metioninas, serinas, valinas. Bi\u010di\u0173 pikyje randama ir sud\u0117ting\u0173 riebalini\u0173 r\u016bg\u0161\u010di\u0173, daug antimikrobini\u0173 ir kit\u0173 biologi\u0161kai aktyvi\u0173 med\u017eiag\u0173.<\/p>\n<p><strong>Pantenolio (provitamino B5)<\/strong>\u00a0veikliosios med\u017eiagos aktyviai dalyvauja odos l\u0105steli\u0173 atsinaujinimo procesuose, pasi\u017eymi raminan\u010diu, prie\u0161u\u017edegiminiu poveikiu, palaiko fiziologin\u012f vandens balans\u0105. Pantenolis gerina odos med\u017eiag\u0173 apykait\u0105, ma\u017eina riebal\u0173 i\u0161siskyrim\u0105 ir mal\u0161ina nie\u017eul\u012f, didina kit\u0173 med\u017eiag\u0173 veiksmingum\u0105 (b\u016bdamas sud\u0117tyje kartu su kitomis med\u017eiagomis). Tai labai svarbi med\u017eiaga, kuri naudojama tikrai kokybi\u0161koje nat\u016bralioje kosmetikoje.<\/p>\n<p><strong>Alantoinas<\/strong>\u00a0ramina sudirgusi\u0105 od\u0105, suteikia jai lygumo ir elastingumo, skatina l\u0105steli\u0173 regeneracij\u0105, turi antialergini\u0173 savybi\u0173, padeda gydyti \u017eaizdas, nudegimus ir \u012ftr\u016bkimus, mink\u0161tina.<\/p>\n","protected":false},"excerpt":{"rendered":"<p>\u00a0Earn 2 points worth \u00a30.10 when buying this product Puiki priemon\u0117 skirta skubiai pagalbai esant patiems \u012fvairiausiems odos pa\u017eeidimams: vabzd\u017ei\u0173 \u012fkandimams, nudegimams (taip pat ir saul\u0117s), odos paraudimams ir sudirgimams, \u012fbr\u0117\u017eimams (po skutimosi) ir nubrozdinimams. Sud\u0117tyje esantis aktyvi\u0173 komponent\u0173 kompleksas greitai nuramina od\u0105, apsaugo pa\u017eeistas odos vietas, suma\u017eina nie\u017e\u0117jim\u0105 ir paraudimus, veikia antisepti\u0161kai ir antibakteri\u0161kai, [&#8230;]\n","protected":false},"featured_media":18960,"comment_status":"closed","ping_status":"closed","template":"","meta":[],"product_cat":[512,497,514,522],"product_tag":[],"class_list":{"0":"post-3826","1":"product","2":"type-product","3":"status-publish","4":"has-post-thumbnail","6":"product_cat-koju-prieziura","7":"product_cat-kunui","8":"product_cat-ranku-prieziura","9":"product_cat-sveikatingumo-produktai","11":"first","12":"instock","13":"shipping-taxable","14":"purchasable","15":"product-type-simple"},"yoast_head":"<!-- This site is optimized with the Yoast SEO plugin v23.6 - https:\/\/yoast.com\/wordpress\/plugins\/seo\/ -->\n<title>Balzamas nuo \u012fvairi\u0173 odos pa\u017eeidim\u0173 \u201eTalismanas\u201c, 8g. - TianDe Online Shop - Beauty &amp; Health<\/title>\n<meta name=\"robots\" content=\"index, follow, max-snippet:-1, max-image-preview:large, max-video-preview:-1\" \/>\n<link rel=\"canonical\" href=\"https:\/\/tiandeproducts.co.uk\/lt\/balzamas-nuo-ivairiu-odos-pazeidimu-talismanas-8g\/\" \/>\n<meta property=\"og:locale\" content=\"lt_LT\" \/>\n<meta property=\"og:type\" content=\"article\" \/>\n<meta property=\"og:title\" content=\"Balzamas nuo \u012fvairi\u0173 odos pa\u017eeidim\u0173 \u201eTalismanas\u201c, 8g. - TianDe Online Shop - Beauty &amp; Health\" \/>\n<meta property=\"og:description\" content=\"\u00a0Earn 2 points worth \u00a30.10 when buying this product Puiki priemon\u0117 skirta skubiai pagalbai esant patiems \u012fvairiausiems odos pa\u017eeidimams: vabzd\u017ei\u0173 \u012fkandimams, nudegimams (taip pat ir saul\u0117s), odos paraudimams ir sudirgimams, \u012fbr\u0117\u017eimams (po skutimosi) ir nubrozdinimams. Sud\u0117tyje esantis aktyvi\u0173 komponent\u0173 kompleksas greitai nuramina od\u0105, apsaugo pa\u017eeistas odos vietas, suma\u017eina nie\u017e\u0117jim\u0105 ir paraudimus, veikia antisepti\u0161kai ir antibakteri\u0161kai, [...]\" \/>\n<meta property=\"og:url\" content=\"https:\/\/tiandeproducts.co.uk\/lt\/balzamas-nuo-ivairiu-odos-pazeidimu-talismanas-8g\/\" \/>\n<meta property=\"og:site_name\" content=\"TianDe Online Shop - Beauty &amp; Health\" \/>\n<meta property=\"article:publisher\" content=\"https:\/\/www.facebook.com\/tiande.products.england\/\" \/>\n<meta property=\"article:modified_time\" content=\"2023-02-09T09:52:38+00:00\" \/>\n<meta property=\"og:image\" content=\"https:\/\/tiandeproducts.co.uk\/wp-content\/uploads\/30138-2-E.png\" \/>\n\t<meta property=\"og:image:width\" content=\"1200\" \/>\n\t<meta property=\"og:image:height\" content=\"1200\" \/>\n\t<meta property=\"og:image:type\" content=\"image\/png\" \/>\n<meta name=\"twitter:card\" content=\"summary_large_image\" \/>\n<meta name=\"twitter:label1\" content=\"Est. reading time\" \/>\n\t<meta name=\"twitter:data1\" content=\"3 minut\u0117s\" \/>\n<script type=\"application\/ld+json\" class=\"yoast-schema-graph\">{\"@context\":\"https:\/\/schema.org\",\"@graph\":[{\"@type\":\"WebPage\",\"@id\":\"https:\/\/tiandeproducts.co.uk\/lt\/balzamas-nuo-ivairiu-odos-pazeidimu-talismanas-8g\/\",\"url\":\"https:\/\/tiandeproducts.co.uk\/lt\/balzamas-nuo-ivairiu-odos-pazeidimu-talismanas-8g\/\",\"name\":\"Balzamas nuo \u012fvairi\u0173 odos pa\u017eeidim\u0173 \u201eTalismanas\u201c, 8g. - TianDe Online Shop - Beauty &amp; Health\",\"isPartOf\":{\"@id\":\"https:\/\/tiandeproducts.co.uk\/#website\"},\"primaryImageOfPage\":{\"@id\":\"https:\/\/tiandeproducts.co.uk\/lt\/balzamas-nuo-ivairiu-odos-pazeidimu-talismanas-8g\/#primaryimage\"},\"image\":{\"@id\":\"https:\/\/tiandeproducts.co.uk\/lt\/balzamas-nuo-ivairiu-odos-pazeidimu-talismanas-8g\/#primaryimage\"},\"thumbnailUrl\":\"https:\/\/tiandeproducts.co.uk\/wp-content\/uploads\/30138-2-E.png\",\"datePublished\":\"2017-07-24T09:43:50+00:00\",\"dateModified\":\"2023-02-09T09:52:38+00:00\",\"breadcrumb\":{\"@id\":\"https:\/\/tiandeproducts.co.uk\/lt\/balzamas-nuo-ivairiu-odos-pazeidimu-talismanas-8g\/#breadcrumb\"},\"inLanguage\":\"lt-LT\",\"potentialAction\":[{\"@type\":\"ReadAction\",\"target\":[\"https:\/\/tiandeproducts.co.uk\/lt\/balzamas-nuo-ivairiu-odos-pazeidimu-talismanas-8g\/\"]}]},{\"@type\":\"ImageObject\",\"inLanguage\":\"lt-LT\",\"@id\":\"https:\/\/tiandeproducts.co.uk\/lt\/balzamas-nuo-ivairiu-odos-pazeidimu-talismanas-8g\/#primaryimage\",\"url\":\"https:\/\/tiandeproducts.co.uk\/wp-content\/uploads\/30138-2-E.png\",\"contentUrl\":\"https:\/\/tiandeproducts.co.uk\/wp-content\/uploads\/30138-2-E.png\",\"width\":1200,\"height\":1200},{\"@type\":\"BreadcrumbList\",\"@id\":\"https:\/\/tiandeproducts.co.uk\/lt\/balzamas-nuo-ivairiu-odos-pazeidimu-talismanas-8g\/#breadcrumb\",\"itemListElement\":[{\"@type\":\"ListItem\",\"position\":1,\"name\":\"Home\",\"item\":\"https:\/\/tiandeproducts.co.uk\/lt\/\"},{\"@type\":\"ListItem\",\"position\":2,\"name\":\"Shop\",\"item\":\"https:\/\/tiandeproducts.co.uk\/lt\/shop-2\/\"},{\"@type\":\"ListItem\",\"position\":3,\"name\":\"Balzamas nuo \u012fvairi\u0173 odos pa\u017eeidim\u0173 \u201eTalismanas\u201c, 8g.\"}]},{\"@type\":\"WebSite\",\"@id\":\"https:\/\/tiandeproducts.co.uk\/#website\",\"url\":\"https:\/\/tiandeproducts.co.uk\/\",\"name\":\"TianDe Online Shop - Beauty & Health\",\"description\":\"Traditional Chinese Medicine\",\"potentialAction\":[{\"@type\":\"SearchAction\",\"target\":{\"@type\":\"EntryPoint\",\"urlTemplate\":\"https:\/\/tiandeproducts.co.uk\/?s={search_term_string}\"},\"query-input\":{\"@type\":\"PropertyValueSpecification\",\"valueRequired\":true,\"valueName\":\"search_term_string\"}}],\"inLanguage\":\"lt-LT\"}]}<\/script>\n<!-- \/ Yoast SEO plugin. -->","yoast_head_json":{"title":"Balzamas nuo \u012fvairi\u0173 odos pa\u017eeidim\u0173 \u201eTalismanas\u201c, 8g. - TianDe Online Shop - Beauty &amp; Health","robots":{"index":"index","follow":"follow","max-snippet":"max-snippet:-1","max-image-preview":"max-image-preview:large","max-video-preview":"max-video-preview:-1"},"canonical":"https:\/\/tiandeproducts.co.uk\/lt\/balzamas-nuo-ivairiu-odos-pazeidimu-talismanas-8g\/","og_locale":"lt_LT","og_type":"article","og_title":"Balzamas nuo \u012fvairi\u0173 odos pa\u017eeidim\u0173 \u201eTalismanas\u201c, 8g. - TianDe Online Shop - Beauty &amp; Health","og_description":"\u00a0Earn 2 points worth \u00a30.10 when buying this product Puiki priemon\u0117 skirta skubiai pagalbai esant patiems \u012fvairiausiems odos pa\u017eeidimams: vabzd\u017ei\u0173 \u012fkandimams, nudegimams (taip pat ir saul\u0117s), odos paraudimams ir sudirgimams, \u012fbr\u0117\u017eimams (po skutimosi) ir nubrozdinimams. Sud\u0117tyje esantis aktyvi\u0173 komponent\u0173 kompleksas greitai nuramina od\u0105, apsaugo pa\u017eeistas odos vietas, suma\u017eina nie\u017e\u0117jim\u0105 ir paraudimus, veikia antisepti\u0161kai ir antibakteri\u0161kai, [...]","og_url":"https:\/\/tiandeproducts.co.uk\/lt\/balzamas-nuo-ivairiu-odos-pazeidimu-talismanas-8g\/","og_site_name":"TianDe Online Shop - Beauty &amp; Health","article_publisher":"https:\/\/www.facebook.com\/tiande.products.england\/","article_modified_time":"2023-02-09T09:52:38+00:00","og_image":[{"width":1200,"height":1200,"url":"https:\/\/tiandeproducts.co.uk\/wp-content\/uploads\/30138-2-E.png","type":"image\/png"}],"twitter_card":"summary_large_image","twitter_misc":{"Est. reading time":"3 minut\u0117s"},"schema":{"@context":"https:\/\/schema.org","@graph":[{"@type":"WebPage","@id":"https:\/\/tiandeproducts.co.uk\/lt\/balzamas-nuo-ivairiu-odos-pazeidimu-talismanas-8g\/","url":"https:\/\/tiandeproducts.co.uk\/lt\/balzamas-nuo-ivairiu-odos-pazeidimu-talismanas-8g\/","name":"Balzamas nuo \u012fvairi\u0173 odos pa\u017eeidim\u0173 \u201eTalismanas\u201c, 8g. - TianDe Online Shop - Beauty &amp; Health","isPartOf":{"@id":"https:\/\/tiandeproducts.co.uk\/#website"},"primaryImageOfPage":{"@id":"https:\/\/tiandeproducts.co.uk\/lt\/balzamas-nuo-ivairiu-odos-pazeidimu-talismanas-8g\/#primaryimage"},"image":{"@id":"https:\/\/tiandeproducts.co.uk\/lt\/balzamas-nuo-ivairiu-odos-pazeidimu-talismanas-8g\/#primaryimage"},"thumbnailUrl":"https:\/\/tiandeproducts.co.uk\/wp-content\/uploads\/30138-2-E.png","datePublished":"2017-07-24T09:43:50+00:00","dateModified":"2023-02-09T09:52:38+00:00","breadcrumb":{"@id":"https:\/\/tiandeproducts.co.uk\/lt\/balzamas-nuo-ivairiu-odos-pazeidimu-talismanas-8g\/#breadcrumb"},"inLanguage":"lt-LT","potentialAction":[{"@type":"ReadAction","target":["https:\/\/tiandeproducts.co.uk\/lt\/balzamas-nuo-ivairiu-odos-pazeidimu-talismanas-8g\/"]}]},{"@type":"ImageObject","inLanguage":"lt-LT","@id":"https:\/\/tiandeproducts.co.uk\/lt\/balzamas-nuo-ivairiu-odos-pazeidimu-talismanas-8g\/#primaryimage","url":"https:\/\/tiandeproducts.co.uk\/wp-content\/uploads\/30138-2-E.png","contentUrl":"https:\/\/tiandeproducts.co.uk\/wp-content\/uploads\/30138-2-E.png","width":1200,"height":1200},{"@type":"BreadcrumbList","@id":"https:\/\/tiandeproducts.co.uk\/lt\/balzamas-nuo-ivairiu-odos-pazeidimu-talismanas-8g\/#breadcrumb","itemListElement":[{"@type":"ListItem","position":1,"name":"Home","item":"https:\/\/tiandeproducts.co.uk\/lt\/"},{"@type":"ListItem","position":2,"name":"Shop","item":"https:\/\/tiandeproducts.co.uk\/lt\/shop-2\/"},{"@type":"ListItem","position":3,"name":"Balzamas nuo \u012fvairi\u0173 odos pa\u017eeidim\u0173 \u201eTalismanas\u201c, 8g."}]},{"@type":"WebSite","@id":"https:\/\/tiandeproducts.co.uk\/#website","url":"https:\/\/tiandeproducts.co.uk\/","name":"TianDe Online Shop - Beauty & Health","description":"Traditional Chinese Medicine","potentialAction":[{"@type":"SearchAction","target":{"@type":"EntryPoint","urlTemplate":"https:\/\/tiandeproducts.co.uk\/?s={search_term_string}"},"query-input":{"@type":"PropertyValueSpecification","valueRequired":true,"valueName":"search_term_string"}}],"inLanguage":"lt-LT"}]}},"_links":{"self":[{"href":"https:\/\/tiandeproducts.co.uk\/lt\/wp-json\/wp\/v2\/product\/3826","targetHints":{"allow":["GET"]}}],"collection":[{"href":"https:\/\/tiandeproducts.co.uk\/lt\/wp-json\/wp\/v2\/product"}],"about":[{"href":"https:\/\/tiandeproducts.co.uk\/lt\/wp-json\/wp\/v2\/types\/product"}],"replies":[{"embeddable":true,"href":"https:\/\/tiandeproducts.co.uk\/lt\/wp-json\/wp\/v2\/comments?post=3826"}],"wp:featuredmedia":[{"embeddable":true,"href":"https:\/\/tiandeproducts.co.uk\/lt\/wp-json\/wp\/v2\/media\/18960"}],"wp:attachment":[{"href":"https:\/\/tiandeproducts.co.uk\/lt\/wp-json\/wp\/v2\/media?parent=3826"}],"wp:term":[{"taxonomy":"product_cat","embeddable":true,"href":"https:\/\/tiandeproducts.co.uk\/lt\/wp-json\/wp\/v2\/product_cat?post=3826"},{"taxonomy":"product_tag","embeddable":true,"href":"https:\/\/tiandeproducts.co.uk\/lt\/wp-json\/wp\/v2\/product_tag?post=3826"}],"curies":[{"name":"wp","href":"https:\/\/api.w.org\/{rel}","templated":true}]}}