{"id":3822,"date":"2016-04-05T12:15:45","date_gmt":"2016-04-05T11:15:45","guid":{"rendered":"https:\/\/tnd.ontesting.co.uk\/maitinamasis-ir-drekinamasis-kremas-rankoms-su-aviu-pienu-80ml\/"},"modified":"2024-12-12T02:16:34","modified_gmt":"2024-12-12T02:16:34","slug":"maitinamasis-ir-drekinamasis-kremas-rankoms-su-aviu-pienu-80ml","status":"publish","type":"product","link":"https:\/\/tiandeproducts.co.uk\/lt\/maitinamasis-ir-drekinamasis-kremas-rankoms-su-aviu-pienu-80ml\/","title":{"rendered":"Maitinamasis ir dr\u0117kinamasis kremas rankoms su avi\u0173 pienu, 80ml."},"content":{"rendered":"<p>Lengvos tekst\u016bros kremas mink\u0161tina ir intensyviai dr\u0117kina net pa\u010di\u0105 sausiausi\u0105 ir jautriausi\u0105 od\u0105, saugo ir stiprina nagus, bei nag\u0173 odeles, suteikia stipr\u0173 antioksidantin\u012f poveik\u012f, pagreitina odos regeneracijos procesus. Sud\u0117tyje esan\u010dios veikliosios med\u017eiagos lygina od\u0105, suteikia \u0161velnumo poj\u016bt\u012f, rank\u0173 oda atrodo jaunesn\u0117 ir sveikesn\u0117. Galima naudoti bet kuriuo met\u0173 laiku, ta\u010diau ypa\u010d rekomenduojamas \u0161altuoju periodu. Galima naudoti kasdien.<\/p>\n<p><strong>Veikliosios med\u017eiagos:<\/strong><\/p>\n<p><strong>Pieno baltymai (proteinai)<\/strong>\u00a0&#8211; aktyvusis komponentas, kuris padidina l\u0105steli\u0173 gyvybingum\u0105, mink\u0161tina ir dr\u0117kina net pa\u010di\u0105 sausiausi\u0105 ir jautriausi\u0105 od\u0105. Aktyviosios med\u017eiagos savyje turi l\u0105steli\u0173 augimo faktori\u0173, kuris pagreitina odos regeneracij\u0105, bei ypa\u010d jaunina ir lygina od\u0105. Pieno proteinai turi baltym\u0105, stipr\u0173 antioksidant\u0105, kuris saugo nuo lipid\u0173 r\u016bg\u0161t\u0117jimo odos l\u0105stel\u0117s membranoje. Hidrolizuoti pieno proteinai veikia kaip odos imunomoduliatorius.<\/p>\n<p><strong>Alantoinas<\/strong>\u00a0ramina sudirgusi\u0105 od\u0105, suteikia jai lygumo ir elastingumo, skatina l\u0105steli\u0173 regeneracij\u0105, turi antialergini\u0173 savybi\u0173, padeda gydyti \u017eaizdas, nudegimus ir \u012ftr\u016bkimus, mink\u0161tina.<\/p>\n<p><strong>Stearino r\u016bg\u0161tis<\/strong>\u00a0atstato odos hidrolipidin\u0119 mantij\u0105, gerina odos elastingum\u0105, valo.<\/p>\n","protected":false},"excerpt":{"rendered":"<p>Lengvos tekst\u016bros kremas mink\u0161tina ir intensyviai dr\u0117kina net pa\u010di\u0105 sausiausi\u0105 ir jautriausi\u0105 od\u0105, saugo ir stiprina nagus, bei nag\u0173 odeles, suteikia stipr\u0173 antioksidantin\u012f poveik\u012f, pagreitina odos regeneracijos procesus. Sud\u0117tyje esan\u010dios veikliosios med\u017eiagos lygina od\u0105, suteikia \u0161velnumo poj\u016bt\u012f, rank\u0173 oda atrodo jaunesn\u0117 ir sveikesn\u0117. Galima naudoti bet kuriuo met\u0173 laiku, ta\u010diau ypa\u010d rekomenduojamas \u0161altuoju periodu. Galima [&#8230;]\n","protected":false},"featured_media":692,"comment_status":"closed","ping_status":"closed","template":"","meta":[],"product_cat":[497,514],"product_tag":[],"class_list":{"0":"post-3822","1":"product","2":"type-product","3":"status-publish","4":"has-post-thumbnail","6":"product_cat-kunui","7":"product_cat-ranku-prieziura","9":"first","10":"instock","11":"shipping-taxable","12":"purchasable","13":"product-type-simple"},"yoast_head":"<!-- This site is optimized with the Yoast SEO plugin v23.6 - https:\/\/yoast.com\/wordpress\/plugins\/seo\/ -->\n<title>Maitinamasis ir dr\u0117kinamasis kremas rankoms su avi\u0173 pienu, 80ml. - TianDe Online Shop - Beauty &amp; Health<\/title>\n<meta name=\"robots\" content=\"index, follow, max-snippet:-1, max-image-preview:large, max-video-preview:-1\" \/>\n<link rel=\"canonical\" href=\"https:\/\/tiandeproducts.co.uk\/lt\/maitinamasis-ir-drekinamasis-kremas-rankoms-su-aviu-pienu-80ml\/\" \/>\n<meta property=\"og:locale\" content=\"lt_LT\" \/>\n<meta property=\"og:type\" content=\"article\" \/>\n<meta property=\"og:title\" content=\"Maitinamasis ir dr\u0117kinamasis kremas rankoms su avi\u0173 pienu, 80ml. - TianDe Online Shop - Beauty &amp; Health\" \/>\n<meta property=\"og:description\" content=\"Lengvos tekst\u016bros kremas mink\u0161tina ir intensyviai dr\u0117kina net pa\u010di\u0105 sausiausi\u0105 ir jautriausi\u0105 od\u0105, saugo ir stiprina nagus, bei nag\u0173 odeles, suteikia stipr\u0173 antioksidantin\u012f poveik\u012f, pagreitina odos regeneracijos procesus. Sud\u0117tyje esan\u010dios veikliosios med\u017eiagos lygina od\u0105, suteikia \u0161velnumo poj\u016bt\u012f, rank\u0173 oda atrodo jaunesn\u0117 ir sveikesn\u0117. Galima naudoti bet kuriuo met\u0173 laiku, ta\u010diau ypa\u010d rekomenduojamas \u0161altuoju periodu. Galima [...]\" \/>\n<meta property=\"og:url\" content=\"https:\/\/tiandeproducts.co.uk\/lt\/maitinamasis-ir-drekinamasis-kremas-rankoms-su-aviu-pienu-80ml\/\" \/>\n<meta property=\"og:site_name\" content=\"TianDe Online Shop - Beauty &amp; Health\" \/>\n<meta property=\"article:publisher\" content=\"https:\/\/www.facebook.com\/tiande.products.england\/\" \/>\n<meta property=\"article:modified_time\" content=\"2024-12-12T02:16:34+00:00\" \/>\n<meta property=\"og:image\" content=\"https:\/\/tiandeproducts.co.uk\/wp-content\/uploads\/2016\/04\/40105b.jpg\" \/>\n\t<meta property=\"og:image:width\" content=\"800\" \/>\n\t<meta property=\"og:image:height\" content=\"801\" \/>\n\t<meta property=\"og:image:type\" content=\"image\/jpeg\" \/>\n<meta name=\"twitter:card\" content=\"summary_large_image\" \/>\n<meta name=\"twitter:label1\" content=\"Est. reading time\" \/>\n\t<meta name=\"twitter:data1\" content=\"1 minut\u0117\" \/>\n<script type=\"application\/ld+json\" class=\"yoast-schema-graph\">{\"@context\":\"https:\/\/schema.org\",\"@graph\":[{\"@type\":\"WebPage\",\"@id\":\"https:\/\/tiandeproducts.co.uk\/lt\/maitinamasis-ir-drekinamasis-kremas-rankoms-su-aviu-pienu-80ml\/\",\"url\":\"https:\/\/tiandeproducts.co.uk\/lt\/maitinamasis-ir-drekinamasis-kremas-rankoms-su-aviu-pienu-80ml\/\",\"name\":\"Maitinamasis ir dr\u0117kinamasis kremas rankoms su avi\u0173 pienu, 80ml. - TianDe Online Shop - Beauty &amp; Health\",\"isPartOf\":{\"@id\":\"https:\/\/tiandeproducts.co.uk\/#website\"},\"primaryImageOfPage\":{\"@id\":\"https:\/\/tiandeproducts.co.uk\/lt\/maitinamasis-ir-drekinamasis-kremas-rankoms-su-aviu-pienu-80ml\/#primaryimage\"},\"image\":{\"@id\":\"https:\/\/tiandeproducts.co.uk\/lt\/maitinamasis-ir-drekinamasis-kremas-rankoms-su-aviu-pienu-80ml\/#primaryimage\"},\"thumbnailUrl\":\"https:\/\/tiandeproducts.co.uk\/wp-content\/uploads\/2016\/04\/40105b.jpg\",\"datePublished\":\"2016-04-05T11:15:45+00:00\",\"dateModified\":\"2024-12-12T02:16:34+00:00\",\"breadcrumb\":{\"@id\":\"https:\/\/tiandeproducts.co.uk\/lt\/maitinamasis-ir-drekinamasis-kremas-rankoms-su-aviu-pienu-80ml\/#breadcrumb\"},\"inLanguage\":\"lt-LT\",\"potentialAction\":[{\"@type\":\"ReadAction\",\"target\":[\"https:\/\/tiandeproducts.co.uk\/lt\/maitinamasis-ir-drekinamasis-kremas-rankoms-su-aviu-pienu-80ml\/\"]}]},{\"@type\":\"ImageObject\",\"inLanguage\":\"lt-LT\",\"@id\":\"https:\/\/tiandeproducts.co.uk\/lt\/maitinamasis-ir-drekinamasis-kremas-rankoms-su-aviu-pienu-80ml\/#primaryimage\",\"url\":\"https:\/\/tiandeproducts.co.uk\/wp-content\/uploads\/2016\/04\/40105b.jpg\",\"contentUrl\":\"https:\/\/tiandeproducts.co.uk\/wp-content\/uploads\/2016\/04\/40105b.jpg\",\"width\":800,\"height\":801,\"caption\":\"Sheep's Milk Nourishing Moistening Hand Cream,80ml-0\"},{\"@type\":\"BreadcrumbList\",\"@id\":\"https:\/\/tiandeproducts.co.uk\/lt\/maitinamasis-ir-drekinamasis-kremas-rankoms-su-aviu-pienu-80ml\/#breadcrumb\",\"itemListElement\":[{\"@type\":\"ListItem\",\"position\":1,\"name\":\"Home\",\"item\":\"https:\/\/tiandeproducts.co.uk\/lt\/\"},{\"@type\":\"ListItem\",\"position\":2,\"name\":\"Shop\",\"item\":\"https:\/\/tiandeproducts.co.uk\/lt\/shop-2\/\"},{\"@type\":\"ListItem\",\"position\":3,\"name\":\"Maitinamasis ir dr\u0117kinamasis kremas rankoms su avi\u0173 pienu, 80ml.\"}]},{\"@type\":\"WebSite\",\"@id\":\"https:\/\/tiandeproducts.co.uk\/#website\",\"url\":\"https:\/\/tiandeproducts.co.uk\/\",\"name\":\"TianDe Online Shop - Beauty & Health\",\"description\":\"Traditional Chinese Medicine\",\"potentialAction\":[{\"@type\":\"SearchAction\",\"target\":{\"@type\":\"EntryPoint\",\"urlTemplate\":\"https:\/\/tiandeproducts.co.uk\/?s={search_term_string}\"},\"query-input\":{\"@type\":\"PropertyValueSpecification\",\"valueRequired\":true,\"valueName\":\"search_term_string\"}}],\"inLanguage\":\"lt-LT\"}]}<\/script>\n<!-- \/ Yoast SEO plugin. -->","yoast_head_json":{"title":"Maitinamasis ir dr\u0117kinamasis kremas rankoms su avi\u0173 pienu, 80ml. - TianDe Online Shop - Beauty &amp; Health","robots":{"index":"index","follow":"follow","max-snippet":"max-snippet:-1","max-image-preview":"max-image-preview:large","max-video-preview":"max-video-preview:-1"},"canonical":"https:\/\/tiandeproducts.co.uk\/lt\/maitinamasis-ir-drekinamasis-kremas-rankoms-su-aviu-pienu-80ml\/","og_locale":"lt_LT","og_type":"article","og_title":"Maitinamasis ir dr\u0117kinamasis kremas rankoms su avi\u0173 pienu, 80ml. - TianDe Online Shop - Beauty &amp; Health","og_description":"Lengvos tekst\u016bros kremas mink\u0161tina ir intensyviai dr\u0117kina net pa\u010di\u0105 sausiausi\u0105 ir jautriausi\u0105 od\u0105, saugo ir stiprina nagus, bei nag\u0173 odeles, suteikia stipr\u0173 antioksidantin\u012f poveik\u012f, pagreitina odos regeneracijos procesus. Sud\u0117tyje esan\u010dios veikliosios med\u017eiagos lygina od\u0105, suteikia \u0161velnumo poj\u016bt\u012f, rank\u0173 oda atrodo jaunesn\u0117 ir sveikesn\u0117. Galima naudoti bet kuriuo met\u0173 laiku, ta\u010diau ypa\u010d rekomenduojamas \u0161altuoju periodu. Galima [...]","og_url":"https:\/\/tiandeproducts.co.uk\/lt\/maitinamasis-ir-drekinamasis-kremas-rankoms-su-aviu-pienu-80ml\/","og_site_name":"TianDe Online Shop - Beauty &amp; Health","article_publisher":"https:\/\/www.facebook.com\/tiande.products.england\/","article_modified_time":"2024-12-12T02:16:34+00:00","og_image":[{"width":800,"height":801,"url":"https:\/\/tiandeproducts.co.uk\/wp-content\/uploads\/2016\/04\/40105b.jpg","type":"image\/jpeg"}],"twitter_card":"summary_large_image","twitter_misc":{"Est. reading time":"1 minut\u0117"},"schema":{"@context":"https:\/\/schema.org","@graph":[{"@type":"WebPage","@id":"https:\/\/tiandeproducts.co.uk\/lt\/maitinamasis-ir-drekinamasis-kremas-rankoms-su-aviu-pienu-80ml\/","url":"https:\/\/tiandeproducts.co.uk\/lt\/maitinamasis-ir-drekinamasis-kremas-rankoms-su-aviu-pienu-80ml\/","name":"Maitinamasis ir dr\u0117kinamasis kremas rankoms su avi\u0173 pienu, 80ml. - TianDe Online Shop - Beauty &amp; Health","isPartOf":{"@id":"https:\/\/tiandeproducts.co.uk\/#website"},"primaryImageOfPage":{"@id":"https:\/\/tiandeproducts.co.uk\/lt\/maitinamasis-ir-drekinamasis-kremas-rankoms-su-aviu-pienu-80ml\/#primaryimage"},"image":{"@id":"https:\/\/tiandeproducts.co.uk\/lt\/maitinamasis-ir-drekinamasis-kremas-rankoms-su-aviu-pienu-80ml\/#primaryimage"},"thumbnailUrl":"https:\/\/tiandeproducts.co.uk\/wp-content\/uploads\/2016\/04\/40105b.jpg","datePublished":"2016-04-05T11:15:45+00:00","dateModified":"2024-12-12T02:16:34+00:00","breadcrumb":{"@id":"https:\/\/tiandeproducts.co.uk\/lt\/maitinamasis-ir-drekinamasis-kremas-rankoms-su-aviu-pienu-80ml\/#breadcrumb"},"inLanguage":"lt-LT","potentialAction":[{"@type":"ReadAction","target":["https:\/\/tiandeproducts.co.uk\/lt\/maitinamasis-ir-drekinamasis-kremas-rankoms-su-aviu-pienu-80ml\/"]}]},{"@type":"ImageObject","inLanguage":"lt-LT","@id":"https:\/\/tiandeproducts.co.uk\/lt\/maitinamasis-ir-drekinamasis-kremas-rankoms-su-aviu-pienu-80ml\/#primaryimage","url":"https:\/\/tiandeproducts.co.uk\/wp-content\/uploads\/2016\/04\/40105b.jpg","contentUrl":"https:\/\/tiandeproducts.co.uk\/wp-content\/uploads\/2016\/04\/40105b.jpg","width":800,"height":801,"caption":"Sheep's Milk Nourishing Moistening Hand Cream,80ml-0"},{"@type":"BreadcrumbList","@id":"https:\/\/tiandeproducts.co.uk\/lt\/maitinamasis-ir-drekinamasis-kremas-rankoms-su-aviu-pienu-80ml\/#breadcrumb","itemListElement":[{"@type":"ListItem","position":1,"name":"Home","item":"https:\/\/tiandeproducts.co.uk\/lt\/"},{"@type":"ListItem","position":2,"name":"Shop","item":"https:\/\/tiandeproducts.co.uk\/lt\/shop-2\/"},{"@type":"ListItem","position":3,"name":"Maitinamasis ir dr\u0117kinamasis kremas rankoms su avi\u0173 pienu, 80ml."}]},{"@type":"WebSite","@id":"https:\/\/tiandeproducts.co.uk\/#website","url":"https:\/\/tiandeproducts.co.uk\/","name":"TianDe Online Shop - Beauty & Health","description":"Traditional Chinese Medicine","potentialAction":[{"@type":"SearchAction","target":{"@type":"EntryPoint","urlTemplate":"https:\/\/tiandeproducts.co.uk\/?s={search_term_string}"},"query-input":{"@type":"PropertyValueSpecification","valueRequired":true,"valueName":"search_term_string"}}],"inLanguage":"lt-LT"}]}},"_links":{"self":[{"href":"https:\/\/tiandeproducts.co.uk\/lt\/wp-json\/wp\/v2\/product\/3822","targetHints":{"allow":["GET"]}}],"collection":[{"href":"https:\/\/tiandeproducts.co.uk\/lt\/wp-json\/wp\/v2\/product"}],"about":[{"href":"https:\/\/tiandeproducts.co.uk\/lt\/wp-json\/wp\/v2\/types\/product"}],"replies":[{"embeddable":true,"href":"https:\/\/tiandeproducts.co.uk\/lt\/wp-json\/wp\/v2\/comments?post=3822"}],"wp:featuredmedia":[{"embeddable":true,"href":"https:\/\/tiandeproducts.co.uk\/lt\/wp-json\/wp\/v2\/media\/692"}],"wp:attachment":[{"href":"https:\/\/tiandeproducts.co.uk\/lt\/wp-json\/wp\/v2\/media?parent=3822"}],"wp:term":[{"taxonomy":"product_cat","embeddable":true,"href":"https:\/\/tiandeproducts.co.uk\/lt\/wp-json\/wp\/v2\/product_cat?post=3822"},{"taxonomy":"product_tag","embeddable":true,"href":"https:\/\/tiandeproducts.co.uk\/lt\/wp-json\/wp\/v2\/product_tag?post=3822"}],"curies":[{"name":"wp","href":"https:\/\/api.w.org\/{rel}","templated":true}]}}