{"id":3811,"date":"2016-04-05T12:13:53","date_gmt":"2016-04-05T11:13:53","guid":{"rendered":"https:\/\/tnd.ontesting.co.uk\/jauninamasis-kremas-rankoms-su-linczi-grybo-ekstraktu-80ml\/"},"modified":"2020-01-01T21:19:50","modified_gmt":"2020-01-01T21:19:50","slug":"jauninamasis-kremas-rankoms-su-linczi-grybo-ekstraktu-80ml","status":"publish","type":"product","link":"https:\/\/tiandeproducts.co.uk\/lt\/jauninamasis-kremas-rankoms-su-linczi-grybo-ekstraktu-80ml\/","title":{"rendered":"Jauninamasis kremas rankoms su lin\u010d\u017ei grybo ekstraktu, 80ml."},"content":{"rendered":"<p>Lengva, neriebi kremo konsistencija ypatingai gerai mink\u0161tina ir dr\u0117kina od\u0105,\u00a0akimirksniu gr\u0105\u017eina komforto jausm\u0105, apsaugo nuo negatyvaus i\u0161or\u0117s poveikio, teigiamai veikia vis\u0105\u00a0odos ir nag\u0173 b\u016bkl\u0119. Unikalusis lin\u010d\u017ei grybo ekstraktas padeda pilnai atsistatyti odai, apr\u016bpina deguonimi, sustiprina\u00a0jos imunines ir adaptogenines savybes, lygina rauk\u0161les, \u0161viesina pigmentines d\u0117mes ir neleid\u017eia joms atsirasti. Oda taps lygi, glotni, patempta, nebevargins mikro traumos bei rank\u0173 suskirdimas. Galima naudoti kasdien.<\/p>\n<p><strong>Veikliosios med\u017eiagos:<\/strong><\/p>\n<p><strong>Ganoderma (Lin\u010d\u017ei) ekstraktas<\/strong>\u00a0sustiprina apsaugines odos savybes. Lin\u010d\u017ei grybas Kinijos \u0160ventojoje augal\u0173 knygoje u\u017eima 1-aj\u0105 viet\u0105 i\u0161 365-i\u0173 augal\u0173 pavadinim\u0173 ir d\u0117l turtingos chemin\u0117s sud\u0117ties pavadintas \u201enemirtingumo grybu\u201c. Jo sud\u0117tyje yra vis\u0173 nepakei\u010diam\u0173j\u0173 aminor\u016bg\u0161\u010di\u0173, o riebaluose daugiausia polineso\u010di\u0173j\u0173 riebal\u0173 r\u016bg\u0161\u010di\u0173, kuri\u0173 \u017emogaus organizmas pats nesintetina. Grybuose yra daug vitamin\u0173 (daugiausia C ir D) bei mineral\u0173 (daugiausia kalcio, fosforo ir gele\u017eies), jis turi adaptogenini\u0173, tonizuojan\u010di\u0173 ir antioksidantini\u0173 savybi\u0173.<\/p>\n<p><strong>Hialurono r\u016bg\u0161tis<\/strong>\u00a0suteikia liftingo efekt\u0105, didina odos elastingum\u0105, stangrina. Veiklioji med\u017eiaga ant odos pavir\u0161iaus sukuria orui pralaid\u0173 apsaugin\u012f sluoksn\u012f, tai apsaugo nuo dr\u0117gm\u0117s praradimo net gilesnius sluoksnius. Ji efektyviai pagreitina audini\u0173 l\u0105steli\u0173 atsinaujinimo procesus, gerina mikrocirkuliacij\u0105, skatina nauj\u0173 odos l\u0105steli\u0173 dauginim\u0105si, apsaugo nuo i\u0161orini\u0173 pa\u017eeidim\u0173 ir infekcij\u0173, sustiprina odos apsaugin\u012f sluoksn\u012f bei odos imunines savyb\u0117s.<br \/>\n\u012edomu, kad hialurono r\u016bg\u0161ties molekul\u0117s gali pritraukti ir i\u0161laikyti net ~500 kart\u0173 u\u017e save didesn\u012f kiek\u012f vandens!<\/p>\n<p><strong>Alantoinas<\/strong>\u00a0ramina sudirgusi\u0105 od\u0105, suteikia jai lygumo ir elastingumo, skatina l\u0105steli\u0173 regeneracij\u0105, turi antialergini\u0173 savybi\u0173, padeda gydyti \u017eaizdas, nudegimus ir \u012ftr\u016bkimus, mink\u0161tina.<\/p>\n","protected":false},"excerpt":{"rendered":"<p>Lengva, neriebi kremo konsistencija ypatingai gerai mink\u0161tina ir dr\u0117kina od\u0105,\u00a0akimirksniu gr\u0105\u017eina komforto jausm\u0105, apsaugo nuo negatyvaus i\u0161or\u0117s poveikio, teigiamai veikia vis\u0105\u00a0odos ir nag\u0173 b\u016bkl\u0119. Unikalusis lin\u010d\u017ei grybo ekstraktas padeda pilnai atsistatyti odai, apr\u016bpina deguonimi, sustiprina\u00a0jos imunines ir adaptogenines savybes, lygina rauk\u0161les, \u0161viesina pigmentines d\u0117mes ir neleid\u017eia joms atsirasti. Oda taps lygi, glotni, patempta, nebevargins mikro [&#8230;]\n","protected":false},"featured_media":3813,"comment_status":"closed","ping_status":"closed","template":"","meta":[],"product_cat":[497,514],"product_tag":[],"class_list":{"0":"post-3811","1":"product","2":"type-product","3":"status-publish","4":"has-post-thumbnail","6":"product_cat-kunui","7":"product_cat-ranku-prieziura","9":"first","10":"instock","11":"shipping-taxable","12":"purchasable","13":"product-type-simple"},"yoast_head":"<!-- This site is optimized with the Yoast SEO plugin v23.6 - https:\/\/yoast.com\/wordpress\/plugins\/seo\/ -->\n<title>Jauninamasis kremas rankoms su lin\u010d\u017ei grybo ekstraktu, 80ml. - TianDe Online Shop - Beauty &amp; Health<\/title>\n<meta name=\"robots\" content=\"index, follow, max-snippet:-1, max-image-preview:large, max-video-preview:-1\" \/>\n<link rel=\"canonical\" href=\"https:\/\/tiandeproducts.co.uk\/lt\/jauninamasis-kremas-rankoms-su-linczi-grybo-ekstraktu-80ml\/\" \/>\n<meta property=\"og:locale\" content=\"lt_LT\" \/>\n<meta property=\"og:type\" content=\"article\" \/>\n<meta property=\"og:title\" content=\"Jauninamasis kremas rankoms su lin\u010d\u017ei grybo ekstraktu, 80ml. - TianDe Online Shop - Beauty &amp; Health\" \/>\n<meta property=\"og:description\" content=\"Lengva, neriebi kremo konsistencija ypatingai gerai mink\u0161tina ir dr\u0117kina od\u0105,\u00a0akimirksniu gr\u0105\u017eina komforto jausm\u0105, apsaugo nuo negatyvaus i\u0161or\u0117s poveikio, teigiamai veikia vis\u0105\u00a0odos ir nag\u0173 b\u016bkl\u0119. Unikalusis lin\u010d\u017ei grybo ekstraktas padeda pilnai atsistatyti odai, apr\u016bpina deguonimi, sustiprina\u00a0jos imunines ir adaptogenines savybes, lygina rauk\u0161les, \u0161viesina pigmentines d\u0117mes ir neleid\u017eia joms atsirasti. Oda taps lygi, glotni, patempta, nebevargins mikro [...]\" \/>\n<meta property=\"og:url\" content=\"https:\/\/tiandeproducts.co.uk\/lt\/jauninamasis-kremas-rankoms-su-linczi-grybo-ekstraktu-80ml\/\" \/>\n<meta property=\"og:site_name\" content=\"TianDe Online Shop - Beauty &amp; Health\" \/>\n<meta property=\"article:publisher\" content=\"https:\/\/www.facebook.com\/tiande.products.england\/\" \/>\n<meta property=\"article:modified_time\" content=\"2020-01-01T21:19:50+00:00\" \/>\n<meta property=\"og:image\" content=\"https:\/\/tiandeproducts.co.uk\/wp-content\/uploads\/40106.png\" \/>\n\t<meta property=\"og:image:width\" content=\"700\" \/>\n\t<meta property=\"og:image:height\" content=\"700\" \/>\n\t<meta property=\"og:image:type\" content=\"image\/png\" \/>\n<meta name=\"twitter:card\" content=\"summary_large_image\" \/>\n<meta name=\"twitter:label1\" content=\"Est. reading time\" \/>\n\t<meta name=\"twitter:data1\" content=\"1 minut\u0117\" \/>\n<script type=\"application\/ld+json\" class=\"yoast-schema-graph\">{\"@context\":\"https:\/\/schema.org\",\"@graph\":[{\"@type\":\"WebPage\",\"@id\":\"https:\/\/tiandeproducts.co.uk\/lt\/jauninamasis-kremas-rankoms-su-linczi-grybo-ekstraktu-80ml\/\",\"url\":\"https:\/\/tiandeproducts.co.uk\/lt\/jauninamasis-kremas-rankoms-su-linczi-grybo-ekstraktu-80ml\/\",\"name\":\"Jauninamasis kremas rankoms su lin\u010d\u017ei grybo ekstraktu, 80ml. - TianDe Online Shop - Beauty &amp; Health\",\"isPartOf\":{\"@id\":\"https:\/\/tiandeproducts.co.uk\/#website\"},\"primaryImageOfPage\":{\"@id\":\"https:\/\/tiandeproducts.co.uk\/lt\/jauninamasis-kremas-rankoms-su-linczi-grybo-ekstraktu-80ml\/#primaryimage\"},\"image\":{\"@id\":\"https:\/\/tiandeproducts.co.uk\/lt\/jauninamasis-kremas-rankoms-su-linczi-grybo-ekstraktu-80ml\/#primaryimage\"},\"thumbnailUrl\":\"https:\/\/tiandeproducts.co.uk\/wp-content\/uploads\/40106.png\",\"datePublished\":\"2016-04-05T11:13:53+00:00\",\"dateModified\":\"2020-01-01T21:19:50+00:00\",\"breadcrumb\":{\"@id\":\"https:\/\/tiandeproducts.co.uk\/lt\/jauninamasis-kremas-rankoms-su-linczi-grybo-ekstraktu-80ml\/#breadcrumb\"},\"inLanguage\":\"lt-LT\",\"potentialAction\":[{\"@type\":\"ReadAction\",\"target\":[\"https:\/\/tiandeproducts.co.uk\/lt\/jauninamasis-kremas-rankoms-su-linczi-grybo-ekstraktu-80ml\/\"]}]},{\"@type\":\"ImageObject\",\"inLanguage\":\"lt-LT\",\"@id\":\"https:\/\/tiandeproducts.co.uk\/lt\/jauninamasis-kremas-rankoms-su-linczi-grybo-ekstraktu-80ml\/#primaryimage\",\"url\":\"https:\/\/tiandeproducts.co.uk\/wp-content\/uploads\/40106.png\",\"contentUrl\":\"https:\/\/tiandeproducts.co.uk\/wp-content\/uploads\/40106.png\",\"width\":700,\"height\":700},{\"@type\":\"BreadcrumbList\",\"@id\":\"https:\/\/tiandeproducts.co.uk\/lt\/jauninamasis-kremas-rankoms-su-linczi-grybo-ekstraktu-80ml\/#breadcrumb\",\"itemListElement\":[{\"@type\":\"ListItem\",\"position\":1,\"name\":\"Home\",\"item\":\"https:\/\/tiandeproducts.co.uk\/lt\/\"},{\"@type\":\"ListItem\",\"position\":2,\"name\":\"Shop\",\"item\":\"https:\/\/tiandeproducts.co.uk\/lt\/shop-2\/\"},{\"@type\":\"ListItem\",\"position\":3,\"name\":\"Jauninamasis kremas rankoms su lin\u010d\u017ei grybo ekstraktu, 80ml.\"}]},{\"@type\":\"WebSite\",\"@id\":\"https:\/\/tiandeproducts.co.uk\/#website\",\"url\":\"https:\/\/tiandeproducts.co.uk\/\",\"name\":\"TianDe Online Shop - Beauty & Health\",\"description\":\"Traditional Chinese Medicine\",\"potentialAction\":[{\"@type\":\"SearchAction\",\"target\":{\"@type\":\"EntryPoint\",\"urlTemplate\":\"https:\/\/tiandeproducts.co.uk\/?s={search_term_string}\"},\"query-input\":{\"@type\":\"PropertyValueSpecification\",\"valueRequired\":true,\"valueName\":\"search_term_string\"}}],\"inLanguage\":\"lt-LT\"}]}<\/script>\n<!-- \/ Yoast SEO plugin. -->","yoast_head_json":{"title":"Jauninamasis kremas rankoms su lin\u010d\u017ei grybo ekstraktu, 80ml. - TianDe Online Shop - Beauty &amp; Health","robots":{"index":"index","follow":"follow","max-snippet":"max-snippet:-1","max-image-preview":"max-image-preview:large","max-video-preview":"max-video-preview:-1"},"canonical":"https:\/\/tiandeproducts.co.uk\/lt\/jauninamasis-kremas-rankoms-su-linczi-grybo-ekstraktu-80ml\/","og_locale":"lt_LT","og_type":"article","og_title":"Jauninamasis kremas rankoms su lin\u010d\u017ei grybo ekstraktu, 80ml. - TianDe Online Shop - Beauty &amp; Health","og_description":"Lengva, neriebi kremo konsistencija ypatingai gerai mink\u0161tina ir dr\u0117kina od\u0105,\u00a0akimirksniu gr\u0105\u017eina komforto jausm\u0105, apsaugo nuo negatyvaus i\u0161or\u0117s poveikio, teigiamai veikia vis\u0105\u00a0odos ir nag\u0173 b\u016bkl\u0119. Unikalusis lin\u010d\u017ei grybo ekstraktas padeda pilnai atsistatyti odai, apr\u016bpina deguonimi, sustiprina\u00a0jos imunines ir adaptogenines savybes, lygina rauk\u0161les, \u0161viesina pigmentines d\u0117mes ir neleid\u017eia joms atsirasti. Oda taps lygi, glotni, patempta, nebevargins mikro [...]","og_url":"https:\/\/tiandeproducts.co.uk\/lt\/jauninamasis-kremas-rankoms-su-linczi-grybo-ekstraktu-80ml\/","og_site_name":"TianDe Online Shop - Beauty &amp; Health","article_publisher":"https:\/\/www.facebook.com\/tiande.products.england\/","article_modified_time":"2020-01-01T21:19:50+00:00","og_image":[{"width":700,"height":700,"url":"https:\/\/tiandeproducts.co.uk\/wp-content\/uploads\/40106.png","type":"image\/png"}],"twitter_card":"summary_large_image","twitter_misc":{"Est. reading time":"1 minut\u0117"},"schema":{"@context":"https:\/\/schema.org","@graph":[{"@type":"WebPage","@id":"https:\/\/tiandeproducts.co.uk\/lt\/jauninamasis-kremas-rankoms-su-linczi-grybo-ekstraktu-80ml\/","url":"https:\/\/tiandeproducts.co.uk\/lt\/jauninamasis-kremas-rankoms-su-linczi-grybo-ekstraktu-80ml\/","name":"Jauninamasis kremas rankoms su lin\u010d\u017ei grybo ekstraktu, 80ml. - TianDe Online Shop - Beauty &amp; Health","isPartOf":{"@id":"https:\/\/tiandeproducts.co.uk\/#website"},"primaryImageOfPage":{"@id":"https:\/\/tiandeproducts.co.uk\/lt\/jauninamasis-kremas-rankoms-su-linczi-grybo-ekstraktu-80ml\/#primaryimage"},"image":{"@id":"https:\/\/tiandeproducts.co.uk\/lt\/jauninamasis-kremas-rankoms-su-linczi-grybo-ekstraktu-80ml\/#primaryimage"},"thumbnailUrl":"https:\/\/tiandeproducts.co.uk\/wp-content\/uploads\/40106.png","datePublished":"2016-04-05T11:13:53+00:00","dateModified":"2020-01-01T21:19:50+00:00","breadcrumb":{"@id":"https:\/\/tiandeproducts.co.uk\/lt\/jauninamasis-kremas-rankoms-su-linczi-grybo-ekstraktu-80ml\/#breadcrumb"},"inLanguage":"lt-LT","potentialAction":[{"@type":"ReadAction","target":["https:\/\/tiandeproducts.co.uk\/lt\/jauninamasis-kremas-rankoms-su-linczi-grybo-ekstraktu-80ml\/"]}]},{"@type":"ImageObject","inLanguage":"lt-LT","@id":"https:\/\/tiandeproducts.co.uk\/lt\/jauninamasis-kremas-rankoms-su-linczi-grybo-ekstraktu-80ml\/#primaryimage","url":"https:\/\/tiandeproducts.co.uk\/wp-content\/uploads\/40106.png","contentUrl":"https:\/\/tiandeproducts.co.uk\/wp-content\/uploads\/40106.png","width":700,"height":700},{"@type":"BreadcrumbList","@id":"https:\/\/tiandeproducts.co.uk\/lt\/jauninamasis-kremas-rankoms-su-linczi-grybo-ekstraktu-80ml\/#breadcrumb","itemListElement":[{"@type":"ListItem","position":1,"name":"Home","item":"https:\/\/tiandeproducts.co.uk\/lt\/"},{"@type":"ListItem","position":2,"name":"Shop","item":"https:\/\/tiandeproducts.co.uk\/lt\/shop-2\/"},{"@type":"ListItem","position":3,"name":"Jauninamasis kremas rankoms su lin\u010d\u017ei grybo ekstraktu, 80ml."}]},{"@type":"WebSite","@id":"https:\/\/tiandeproducts.co.uk\/#website","url":"https:\/\/tiandeproducts.co.uk\/","name":"TianDe Online Shop - Beauty & Health","description":"Traditional Chinese Medicine","potentialAction":[{"@type":"SearchAction","target":{"@type":"EntryPoint","urlTemplate":"https:\/\/tiandeproducts.co.uk\/?s={search_term_string}"},"query-input":{"@type":"PropertyValueSpecification","valueRequired":true,"valueName":"search_term_string"}}],"inLanguage":"lt-LT"}]}},"_links":{"self":[{"href":"https:\/\/tiandeproducts.co.uk\/lt\/wp-json\/wp\/v2\/product\/3811","targetHints":{"allow":["GET"]}}],"collection":[{"href":"https:\/\/tiandeproducts.co.uk\/lt\/wp-json\/wp\/v2\/product"}],"about":[{"href":"https:\/\/tiandeproducts.co.uk\/lt\/wp-json\/wp\/v2\/types\/product"}],"replies":[{"embeddable":true,"href":"https:\/\/tiandeproducts.co.uk\/lt\/wp-json\/wp\/v2\/comments?post=3811"}],"wp:featuredmedia":[{"embeddable":true,"href":"https:\/\/tiandeproducts.co.uk\/lt\/wp-json\/wp\/v2\/media\/3813"}],"wp:attachment":[{"href":"https:\/\/tiandeproducts.co.uk\/lt\/wp-json\/wp\/v2\/media?parent=3811"}],"wp:term":[{"taxonomy":"product_cat","embeddable":true,"href":"https:\/\/tiandeproducts.co.uk\/lt\/wp-json\/wp\/v2\/product_cat?post=3811"},{"taxonomy":"product_tag","embeddable":true,"href":"https:\/\/tiandeproducts.co.uk\/lt\/wp-json\/wp\/v2\/product_tag?post=3811"}],"curies":[{"name":"wp","href":"https:\/\/api.w.org\/{rel}","templated":true}]}}